{"id":9198,"date":"2025-08-26T11:48:35","date_gmt":"2025-08-26T11:48:35","guid":{"rendered":"https:\/\/ryinz.cz\/velkoobchod\/?post_type=product&#038;p=9198"},"modified":"2026-01-18T20:18:13","modified_gmt":"2026-01-18T20:18:13","slug":"ryinz-gants-moto-hiver-chauffants-avec-ecran-tactile-ipora-km076-isolation-pour-la-vente-au-detail-en-gros","status":"publish","type":"product","link":"https:\/\/ryinz.cz\/velkoobchod\/fr\/product\/ryinz-heated-winter-motorcycle-gloves-with-touchscreen-fingertip-ipora-km076-insulation-for-retail-wholesale\/","title":{"rendered":"RYINZ Gants d'hiver chauffants pour motos avec \u00e9cran tactile au bout des doigts, isolation iPora + KM076 pour le commerce de d\u00e9tail et de gros"},"content":{"rendered":"<p data-start=\"856\" data-end=\"979\"><strong data-start=\"856\" data-end=\"979\">RYINZ Gants d'hiver chauffants pour motos - Chaleur et protection de haute technologie pour les d\u00e9taillants, les distributeurs et les pilotes par temps froid<\/strong><\/p>\n<p data-start=\"981\" data-end=\"1296\">Pour les coureurs qui affrontent les conditions les plus froides, le <strong data-start=\"1030\" data-end=\"1060\">Gants d'hiver chauffants RYINZ<\/strong> offrent une technologie avanc\u00e9e et une qualit\u00e9 de fabrication robuste. Id\u00e9al pour la distribution en gros et les ventes B2C, ce mod\u00e8le de gant allie une isolation moderne, une protection contre les intemp\u00e9ries et une fonctionnalit\u00e9 num\u00e9rique dans une solution d'\u00e9quitation \u00e9l\u00e9gante et fiable.<\/p>\n<p data-start=\"1298\" data-end=\"1495\">Que vous fournissiez des d\u00e9taillants de v\u00eatements de moto, des \u00e9quipes de livraison de v\u00e9los \u00e9lectriques ou des entreprises de tourisme d'aventure, ce produit offre un maximum de chaleur et de fonctionnalit\u00e9 sans compromettre le style ou la s\u00e9curit\u00e9.<\/p>\n<hr data-start=\"1497\" data-end=\"1500\" \/>\n<p data-start=\"1502\" data-end=\"1833\"><strong data-start=\"1502\" data-end=\"1549\">Contr\u00f4le thermique - Syst\u00e8me de chauffage int\u00e9gr\u00e9<\/strong><br data-start=\"1549\" data-end=\"1552\" \/>Ces gants sont \u00e9quip\u00e9s d'un <strong data-start=\"1585\" data-end=\"1612\">syst\u00e8me de chauffage int\u00e9gr\u00e9<\/strong>, Le syst\u00e8me de chauffage des doigts et de la paume est con\u00e7u pour maintenir la chaleur dans les climats glacials. Parfait pour les randonn\u00e9es en dessous de z\u00e9ro, les trajets hivernaux ou les excursions en montagne, le syst\u00e8me fournit une chaleur constante \u00e0 travers les doigts et la paume lorsqu'il est aliment\u00e9 par une batterie connect\u00e9e.<\/p>\n<hr data-start=\"1835\" data-end=\"1838\" \/>\n<p data-start=\"1840\" data-end=\"2182\"><strong data-start=\"1840\" data-end=\"1895\">Isolation iPora + KM076 - Couche thermique haut de gamme<\/strong><br data-start=\"1895\" data-end=\"1898\" \/>A l'int\u00e9rieur du gant se trouve une double couche d'isolation : <strong data-start=\"1953\" data-end=\"1982\">Membrane imperm\u00e9able iPora<\/strong> garde les mains au sec en emp\u00eachant l'humidit\u00e9 de p\u00e9n\u00e9trer, tandis que <strong data-start=\"2041\" data-end=\"2061\">Isolation KM076<\/strong> emprisonne la chaleur du corps pour un confort thermique durable. Cette combinaison garantit des performances \u00e9lev\u00e9es sous la pluie, dans la neige et sur le verglas.<\/p>\n<hr data-start=\"2184\" data-end=\"2187\" \/>\n<p data-start=\"2189\" data-end=\"2507\"><strong data-start=\"2189\" data-end=\"2241\">Paume synth\u00e9tique en PU avec renforcement de la paume en Serino<\/strong><br data-start=\"2241\" data-end=\"2244\" \/>La paume est construite \u00e0 partir de <strong data-start=\"2273\" data-end=\"2297\">Cuir synth\u00e9tique PU<\/strong> pour la flexibilit\u00e9 et l'adh\u00e9rence, tandis qu'un <strong data-start=\"2332\" data-end=\"2376\">Renfort de paume Serino de type football<\/strong> am\u00e9liore la r\u00e9sistance \u00e0 l'abrasion et le contr\u00f4le de l'adh\u00e9rence, ce qui rend ces gants id\u00e9aux pour une utilisation intensive de l'acc\u00e9l\u00e9rateur ou des freins dans des conditions glissantes.<\/p>\n<hr data-start=\"2509\" data-end=\"2512\" \/>\n<p data-start=\"2514\" data-end=\"2844\"><strong data-start=\"2514\" data-end=\"2565\">Poignet extensible + fermeture velcro + cordon de serrage<\/strong><br data-start=\"2565\" data-end=\"2568\" \/>La conception de la manchette \u00e9largie comprend <strong data-start=\"2602\" data-end=\"2624\">tissu extensible<\/strong>, a <strong data-start=\"2628\" data-end=\"2644\">Bande velcro<\/strong>, et <strong data-start=\"2650\" data-end=\"2672\">cordon de serrage<\/strong> pour une triple \u00e9tanch\u00e9it\u00e9. Cette conception garantit que le vent, l'eau ou la neige ne peuvent pas p\u00e9n\u00e9trer par le poignet, tout en assurant une compatibilit\u00e9 totale avec les manches des vestes de moto.<\/p>\n<hr data-start=\"2846\" data-end=\"2849\" \/>\n<p data-start=\"2851\" data-end=\"3166\"><strong data-start=\"2851\" data-end=\"2903\">Doigt d'index \u00e0 \u00e9cran tactile + panneau arri\u00e8re r\u00e9fl\u00e9chissant<\/strong><br data-start=\"2903\" data-end=\"2906\" \/>\u00c9quip\u00e9 d'un <strong data-start=\"2922\" data-end=\"2949\">bout du doigt \u00e0 capacit\u00e9 tactile<\/strong>, Gr\u00e2ce \u00e0 ce syst\u00e8me, les conducteurs peuvent utiliser leur t\u00e9l\u00e9phone, leur GPS et leur tableau de bord \u00e0 \u00e9cran tactile sans avoir \u00e0 retirer leurs gants. En outre, le <strong data-start=\"3055\" data-end=\"3089\">panneau arri\u00e8re en mat\u00e9riau r\u00e9fl\u00e9chissant<\/strong> am\u00e9liore la visibilit\u00e9 nocturne, augmentant ainsi la s\u00e9curit\u00e9 routi\u00e8re dans les environnements peu \u00e9clair\u00e9s.<\/p>\n<hr data-start=\"3168\" data-end=\"3171\" \/>\n<p data-start=\"3173\" data-end=\"3466\"><strong data-start=\"3173\" data-end=\"3217\">Protection des extr\u00e9mit\u00e9s des doigts en PU + Armure des articulations<\/strong><br data-start=\"3217\" data-end=\"3220\" \/>Pour assurer \u00e0 la fois chaleur et protection, le gant comprend <strong data-start=\"3277\" data-end=\"3317\">Renfort synth\u00e9tique en PU au bout des doigts<\/strong> et un <strong data-start=\"3324\" data-end=\"3356\">plaque d'armure flexible<\/strong>, Le syst\u00e8me d'entra\u00eenement \u00e0 la conduite est con\u00e7u pour prot\u00e9ger le cycliste contre les impacts inattendus et les articulations vuln\u00e9rables, sans sacrifier le confort.<\/p>\n<hr data-start=\"3468\" data-end=\"3471\" \/>\n<p data-start=\"3473\" data-end=\"3672\"><strong data-start=\"3473\" data-end=\"3516\">Con\u00e7u pour le succ\u00e8s du commerce de d\u00e9tail et de gros<\/strong><br data-start=\"3516\" data-end=\"3519\" \/>Disponible en plusieurs tailles et portant la marque RYINZ, ce mod\u00e8le est un ajout judicieux \u00e0 tout \u00e9quipement d'hiver. Il est particuli\u00e8rement adapt\u00e9 pour :<\/p>\n<ul data-start=\"3674\" data-end=\"3900\">\n<li data-start=\"3674\" data-end=\"3718\">\n<p data-start=\"3676\" data-end=\"3718\">D\u00e9taillants de motos et magasins de sports motoris\u00e9s<\/p>\n<\/li>\n<li data-start=\"3719\" data-end=\"3761\">\n<p data-start=\"3721\" data-end=\"3761\">Fournisseurs d'engrenages en gros dans toute l'Europe<\/p>\n<\/li>\n<li data-start=\"3762\" data-end=\"3804\">\n<p data-start=\"3764\" data-end=\"3804\">Revendeurs de produits de s\u00e9curit\u00e9 conformes aux normes CE<\/p>\n<\/li>\n<li data-start=\"3805\" data-end=\"3853\">\n<p data-start=\"3807\" data-end=\"3853\">Collections d'hiver B2B pour les v\u00eatements de moto<\/p>\n<\/li>\n<li data-start=\"3854\" data-end=\"3900\">\n<p data-start=\"3856\" data-end=\"3900\">Tour-op\u00e9rateurs pour les voyages de longue distance ou dans la neige<\/p>\n<\/li>\n<\/ul>","protected":false},"excerpt":{"rendered":"<p>Affrontez les temp\u00e9ratures glaciales avec les gants de moto chauffants RYINZ, con\u00e7us avec des paumes synth\u00e9tiques en PU, des renforts Serino, une \u00e9tanch\u00e9it\u00e9 iPora et une isolation KM076. Ces gants sont dot\u00e9s d'un syst\u00e8me de chauffage int\u00e9gr\u00e9, d'un index tactile, d'un dos en mat\u00e9riau extensible r\u00e9fl\u00e9chissant et d'une manchette Velcro s\u00e9curis\u00e9e avec r\u00e9glage par tirette. Parfait pour les cavaliers, les livreurs et les aventuriers de l'hiver, ce mod\u00e8le est un excellent choix pour les acheteurs en gros et les d\u00e9taillants d'\u00e9quipements de s\u00e9curit\u00e9 dans toute l'Europe.<\/p>","protected":false},"featured_media":9293,"comment_status":"closed","ping_status":"closed","template":"","meta":[],"product_brand":[35],"product_cat":[1111,380,122,68],"product_tag":[373,374,375,376,377,378,379,381,382,383,384,385,386,387,388],"class_list":{"0":"post-9198","1":"product","2":"type-product","3":"status-publish","4":"has-post-thumbnail","6":"product_brand-ryinz","7":"product_cat-motorbike","8":"product_cat-motorbike-gloves","9":"product_cat-motorbike-racing-gloves","10":"product_cat-ryinz","11":"product_tag-breathable-protective-gloves-for-long-rides","12":"product_tag-bright-color-gloves-for-road-safety-and-visibility","13":"product_tag-ce-certified-gloves-for-eu-motorcycle-safety","14":"product_tag-en13594-motorcycle-gloves-with-tpu-armor","15":"product_tag-eva-rubber-reinforced-tactical-gloves","16":"product_tag-goatskin-leather-motorcycle-gloves-for-retailers","17":"product_tag-high-visibility-biker-gloves-with-safety-features","18":"product_tag-motorcycle-gloves-with-foam-padded-palm","19":"product_tag-premium-riding-gloves-for-distribution","20":"product_tag-protective-riding-gloves-for-street-and-off-road","21":"product_tag-tactical-motorcycle-gloves-for-wholesale","22":"product_tag-tpu-knuckle-protected-gloves-for-motorcyclists","23":"product_tag-twill-back-biker-gloves-with-leather-palm","24":"product_tag-velcro-closure-motorcycle-gloves-for-fit","25":"product_tag-wholesale-riding-gloves-for-european-suppliers","27":"first","28":"instock","29":"taxable","30":"shipping-taxable","31":"purchasable","32":"product-type-simple"},"_links":{"self":[{"href":"https:\/\/ryinz.cz\/velkoobchod\/fr\/wp-json\/wp\/v2\/product\/9198","targetHints":{"allow":["GET"]}}],"collection":[{"href":"https:\/\/ryinz.cz\/velkoobchod\/fr\/wp-json\/wp\/v2\/product"}],"about":[{"href":"https:\/\/ryinz.cz\/velkoobchod\/fr\/wp-json\/wp\/v2\/types\/product"}],"replies":[{"embeddable":true,"href":"https:\/\/ryinz.cz\/velkoobchod\/fr\/wp-json\/wp\/v2\/comments?post=9198"}],"wp:featuredmedia":[{"embeddable":true,"href":"https:\/\/ryinz.cz\/velkoobchod\/fr\/wp-json\/wp\/v2\/media\/9293"}],"wp:attachment":[{"href":"https:\/\/ryinz.cz\/velkoobchod\/fr\/wp-json\/wp\/v2\/media?parent=9198"}],"wp:term":[{"taxonomy":"product_brand","embeddable":true,"href":"https:\/\/ryinz.cz\/velkoobchod\/fr\/wp-json\/wp\/v2\/product_brand?post=9198"},{"taxonomy":"product_cat","embeddable":true,"href":"https:\/\/ryinz.cz\/velkoobchod\/fr\/wp-json\/wp\/v2\/product_cat?post=9198"},{"taxonomy":"product_tag","embeddable":true,"href":"https:\/\/ryinz.cz\/velkoobchod\/fr\/wp-json\/wp\/v2\/product_tag?post=9198"}],"curies":[{"name":"wp","href":"https:\/\/api.w.org\/{rel}","templated":true}]}}