{"id":9197,"date":"2025-06-22T15:32:50","date_gmt":"2025-06-22T15:32:50","guid":{"rendered":"https:\/\/ryinz.cz\/velkoobchod\/?post_type=product&#038;p=9197"},"modified":"2026-01-18T20:18:12","modified_gmt":"2026-01-18T20:18:12","slug":"ryinz-wholesale-retail-black-armored-riding-gloves-with-pvc-goat-leather-protection-for-bikers-dealers","status":"publish","type":"product","link":"https:\/\/ryinz.cz\/velkoobchod\/fr\/product\/ryinz-wholesale-retail-black-armored-riding-gloves-with-pvc-goat-leather-protection-for-bikers-dealers\/","title":{"rendered":"RYINZ Grossiste et d\u00e9taillant Gants d'\u00e9quitation blind\u00e9s noirs avec protection en PVC et cuir de ch\u00e8vre pour motards et concessionnaires"},"content":{"rendered":"<p data-start=\"834\" data-end=\"946\"><strong data-start=\"834\" data-end=\"946\">RYINZ Gants de moto blind\u00e9s \u00e0 protection int\u00e9grale - Con\u00e7us pour la conduite agressive, le tourisme et la distribution B2B<\/strong><\/p>\n<p data-start=\"948\" data-end=\"1314\">Con\u00e7ue pour les pilotes qui exigent une protection, une durabilit\u00e9 et une puissance visuelle extr\u00eames, la <strong data-start=\"1029\" data-end=\"1060\">RYINZ Gants d'\u00e9quitation blind\u00e9s<\/strong> sont con\u00e7us pour fonctionner sous pression. De la ville \u00e0 la route, ces gants associent des technologies de s\u00e9curit\u00e9 avanc\u00e9es \u00e0 des mat\u00e9riaux haut de gamme, ce qui en fait un choix id\u00e9al pour les grossistes, les revendeurs et les collections d'\u00e9quipement de moto de marque priv\u00e9e.<\/p>\n<p data-start=\"1316\" data-end=\"1650\"><strong data-start=\"1316\" data-end=\"1381\">Construction robuste - m\u00e9lange de cuir et de tissu Cordura<\/strong><br data-start=\"1381\" data-end=\"1384\" \/>Ces gants sont dot\u00e9s d'une <strong data-start=\"1414\" data-end=\"1437\">Dos en tissu Cordura<\/strong>, Le cuir est fabriqu\u00e9 \u00e0 partir de fibres de verre, choisies pour leur solidit\u00e9 et leur r\u00e9sistance aux d\u00e9chirures et \u00e0 l'exposition aux intemp\u00e9ries. La partie palmaire est fabriqu\u00e9e en <strong data-start=\"1539\" data-end=\"1572\">cuir de ch\u00e8vre semi-aniline<\/strong>, La surface est souple mais r\u00e9sistante \u00e0 l'abrasion, ce qui permet d'obtenir des performances \u00e9lev\u00e9es en mati\u00e8re de contact.<\/p>\n<p data-start=\"1652\" data-end=\"1891\">La zone du pouce et de la selle est renforc\u00e9e par <strong data-start=\"1697\" data-end=\"1719\">Cuir de vachette<\/strong>, Ces mat\u00e9riaux travaillent en harmonie pour fournir un gant r\u00e9actif, ajust\u00e9 et tr\u00e8s durable. Ces mat\u00e9riaux travaillent en harmonie pour fournir un gant r\u00e9actif, bien ajust\u00e9 et tr\u00e8s durable.<\/p>\n<p data-start=\"1893\" data-end=\"2206\"><strong data-start=\"1893\" data-end=\"1949\">Protection ultime - PVC + Coquilles Harmonica Knuckle<\/strong><br data-start=\"1949\" data-end=\"1952\" \/>Le dessus du gant comprend un <strong data-start=\"1984\" data-end=\"2017\">protection des articulations en PVC caoutchout\u00e9<\/strong> con\u00e7u dans un style harmonieux pour une flexibilit\u00e9 et une couverture maximales. Cette zone \u00e0 fort impact prot\u00e8ge contre les collisions directes et l'abrasion, ce qui la rend parfaite pour les sportifs et les aventuriers.<\/p>\n<p data-start=\"2208\" data-end=\"2443\">En outre, <strong data-start=\"2221\" data-end=\"2261\">prot\u00e8ge-doigts en PVC caoutchout\u00e9<\/strong> sont int\u00e9gr\u00e9es \u00e0 chaque articulation des doigts pour am\u00e9liorer la s\u00e9curit\u00e9 tout en pr\u00e9servant la dext\u00e9rit\u00e9. Ces caract\u00e9ristiques garantissent une protection solide sous tous les angles lors de la conduite \u00e0 grande vitesse ou agressive.<\/p>\n<p data-start=\"2445\" data-end=\"2729\"><strong data-start=\"2445\" data-end=\"2498\">Confort et respirabilit\u00e9 - Int\u00e9rieur doubl\u00e9 en tricot<\/strong><br data-start=\"2498\" data-end=\"2501\" \/>A l'int\u00e9rieur, les gants sont \u00e9quip\u00e9s d'un <strong data-start=\"2538\" data-end=\"2560\">doublure en tricot doux<\/strong>, qui permet d'\u00e9vacuer l'humidit\u00e9 des mains tout en offrant une surface chaude et sans irritation. Ils conviennent donc aux randonn\u00e9es en toute saison ou aux longues heures d'utilisation.<\/p>\n<p data-start=\"2731\" data-end=\"3013\"><strong data-start=\"2731\" data-end=\"2767\">Passepoils r\u00e9fl\u00e9chissants pour une meilleure visibilit\u00e9<\/strong><br data-start=\"2767\" data-end=\"2770\" \/>Int\u00e9gr\u00e9 <strong data-start=\"2781\" data-end=\"2802\">passepoil r\u00e9fl\u00e9chissant<\/strong> sur le dos du gant am\u00e9liore la visibilit\u00e9 lors des sorties nocturnes ou par temps de brouillard. Une petite fonction de s\u00e9curit\u00e9 cruciale qui contribue \u00e0 la sensibilisation \u00e0 la route sans compromettre l'esth\u00e9tique furtive du gant.<\/p>\n<p data-start=\"3015\" data-end=\"3310\"><strong data-start=\"3015\" data-end=\"3072\">Ajustement personnalis\u00e9 - Fermeture velcro en cuir de ch\u00e8vre semi-aniline<\/strong><br data-start=\"3072\" data-end=\"3075\" \/>Le poignet r\u00e9glable est dot\u00e9 d'un <strong data-start=\"3107\" data-end=\"3149\">Cuir de ch\u00e8vre semi-aniline Bande Velcro<\/strong>, Le logo RYINZ est emboss\u00e9 pour un marquage de premier ordre. La fermeture assure un ajustement serr\u00e9 et sur mesure pour chaque taille de main et aide \u00e0 emp\u00eacher le vent et la poussi\u00e8re de p\u00e9n\u00e9trer.<\/p>\n<p data-start=\"3312\" data-end=\"3337\"><strong data-start=\"3312\" data-end=\"3335\">Applications id\u00e9ales :<\/strong><\/p>\n<ul data-start=\"3338\" data-end=\"3619\">\n<li data-start=\"3338\" data-end=\"3374\">\n<p data-start=\"3340\" data-end=\"3374\">Conducteurs de motos sportives et de motos nues<\/p>\n<\/li>\n<li data-start=\"3375\" data-end=\"3420\">\n<p data-start=\"3377\" data-end=\"3420\">Equipement pour le cyclotourisme et les longues distances<\/p>\n<\/li>\n<li data-start=\"3421\" data-end=\"3469\">\n<p data-start=\"3423\" data-end=\"3469\">Magasins de sports motoris\u00e9s et d\u00e9taillants d'\u00e9quipements de s\u00e9curit\u00e9<\/p>\n<\/li>\n<li data-start=\"3470\" data-end=\"3519\">\n<p data-start=\"3472\" data-end=\"3519\">Production OEM de v\u00eatements de marque pour motocycles<\/p>\n<\/li>\n<li data-start=\"3520\" data-end=\"3568\">\n<p data-start=\"3522\" data-end=\"3568\">Les distributeurs de l'UE recherchent des gants conformes \u00e0 la norme CE<\/p>\n<\/li>\n<li data-start=\"3569\" data-end=\"3619\">\n<p data-start=\"3571\" data-end=\"3619\">Acheteurs en gros stockant des lignes de mat\u00e9riel d'aventure<\/p>\n<\/li>\n<\/ul>\n<p data-start=\"3621\" data-end=\"3646\"><strong data-start=\"3621\" data-end=\"3644\">Faits marquants :<\/strong><\/p>\n<ul data-start=\"3647\" data-end=\"4068\">\n<li data-start=\"3647\" data-end=\"3678\">\n<p data-start=\"3649\" data-end=\"3678\">Dos en tissu Cordura durable<\/p>\n<\/li>\n<li data-start=\"3679\" data-end=\"3723\">\n<p data-start=\"3681\" data-end=\"3723\">Paume et pouce en cuir de ch\u00e8vre semi-aniline<\/p>\n<\/li>\n<li data-start=\"3724\" data-end=\"3760\">\n<p data-start=\"3726\" data-end=\"3760\">Renfort de selle en cuir de vache<\/p>\n<\/li>\n<li data-start=\"3761\" data-end=\"3802\">\n<p data-start=\"3763\" data-end=\"3802\">Protection des articulations en PVC de type Harmonica<\/p>\n<\/li>\n<li data-start=\"3803\" data-end=\"3836\">\n<p data-start=\"3805\" data-end=\"3836\">Prot\u00e8ge-doigts en PVC<\/p>\n<\/li>\n<li data-start=\"3837\" data-end=\"3881\">\n<p data-start=\"3839\" data-end=\"3881\">Doublure int\u00e9rieure en tricot pour le confort de l'humidit\u00e9<\/p>\n<\/li>\n<li data-start=\"3882\" data-end=\"3924\">\n<p data-start=\"3884\" data-end=\"3924\">Passepoil r\u00e9fl\u00e9chissant pour une meilleure visibilit\u00e9 de nuit<\/p>\n<\/li>\n<li data-start=\"3925\" data-end=\"3973\">\n<p data-start=\"3927\" data-end=\"3973\">Poignet en velcro avec logo TPR et finition en cuir<\/p>\n<\/li>\n<li data-start=\"3974\" data-end=\"4014\">\n<p data-start=\"3976\" data-end=\"4014\">Renforcement ergonomique de la paume<\/p>\n<\/li>\n<li data-start=\"4015\" data-end=\"4068\">\n<p data-start=\"4017\" data-end=\"4068\">Con\u00e7u pour la performance, la flexibilit\u00e9 et la s\u00e9curit\u00e9<\/p>\n<\/li>\n<\/ul>\n<p data-start=\"4070\" data-end=\"4309\">Ce gant m\u00e9lange <strong data-start=\"4088\" data-end=\"4107\">conception tactique<\/strong> avec <strong data-start=\"4113\" data-end=\"4141\">Caract\u00e9ristiques de s\u00e9curit\u00e9 europ\u00e9ennes<\/strong>, Les gants de motocyclisme sont des produits de qualit\u00e9 sup\u00e9rieure qui offrent une valeur exceptionnelle aux distributeurs ou aux d\u00e9taillants qui ont besoin de gants de motocyclisme fiables et polyvalents qui peuvent plaire aux professionnels comme aux pilotes d'aventure.<\/p>","protected":false},"excerpt":{"rendered":"<p data-start=\"255\" data-end=\"783\">Les gants de moto blind\u00e9s RYINZ offrent une protection robuste avec un cuir GoatSkin semi-aniline, des coques de jointures renforc\u00e9es en PVC et en caoutchouc, et une durabilit\u00e9 soutenue par du Cordura. Con\u00e7us pour les randonn\u00e9es agressives et les longues distances, ces gants sont dot\u00e9s d'une protection des doigts, de bandes r\u00e9fl\u00e9chissantes, d'une manchette en TPR et de renforts de selle ergonomiques sur la paume et le pouce. Id\u00e9al pour les d\u00e9taillants de motos, les distributeurs et les acheteurs en gros B2B qui recherchent des performances de qualit\u00e9 CE avec des mat\u00e9riaux de premi\u00e8re qualit\u00e9.<\/p>","protected":false},"featured_media":9292,"comment_status":"closed","ping_status":"closed","template":"","meta":[],"product_brand":[35],"product_cat":[1111,380,122,68],"product_tag":[373,374,375,376,377,378,379,381,382,383,384,385,386,387,388],"class_list":{"0":"post-9197","1":"product","2":"type-product","3":"status-publish","4":"has-post-thumbnail","6":"product_brand-ryinz","7":"product_cat-motorbike","8":"product_cat-motorbike-gloves","9":"product_cat-motorbike-racing-gloves","10":"product_cat-ryinz","11":"product_tag-breathable-protective-gloves-for-long-rides","12":"product_tag-bright-color-gloves-for-road-safety-and-visibility","13":"product_tag-ce-certified-gloves-for-eu-motorcycle-safety","14":"product_tag-en13594-motorcycle-gloves-with-tpu-armor","15":"product_tag-eva-rubber-reinforced-tactical-gloves","16":"product_tag-goatskin-leather-motorcycle-gloves-for-retailers","17":"product_tag-high-visibility-biker-gloves-with-safety-features","18":"product_tag-motorcycle-gloves-with-foam-padded-palm","19":"product_tag-premium-riding-gloves-for-distribution","20":"product_tag-protective-riding-gloves-for-street-and-off-road","21":"product_tag-tactical-motorcycle-gloves-for-wholesale","22":"product_tag-tpu-knuckle-protected-gloves-for-motorcyclists","23":"product_tag-twill-back-biker-gloves-with-leather-palm","24":"product_tag-velcro-closure-motorcycle-gloves-for-fit","25":"product_tag-wholesale-riding-gloves-for-european-suppliers","27":"first","28":"instock","29":"taxable","30":"shipping-taxable","31":"purchasable","32":"product-type-simple"},"_links":{"self":[{"href":"https:\/\/ryinz.cz\/velkoobchod\/fr\/wp-json\/wp\/v2\/product\/9197","targetHints":{"allow":["GET"]}}],"collection":[{"href":"https:\/\/ryinz.cz\/velkoobchod\/fr\/wp-json\/wp\/v2\/product"}],"about":[{"href":"https:\/\/ryinz.cz\/velkoobchod\/fr\/wp-json\/wp\/v2\/types\/product"}],"replies":[{"embeddable":true,"href":"https:\/\/ryinz.cz\/velkoobchod\/fr\/wp-json\/wp\/v2\/comments?post=9197"}],"wp:featuredmedia":[{"embeddable":true,"href":"https:\/\/ryinz.cz\/velkoobchod\/fr\/wp-json\/wp\/v2\/media\/9292"}],"wp:attachment":[{"href":"https:\/\/ryinz.cz\/velkoobchod\/fr\/wp-json\/wp\/v2\/media?parent=9197"}],"wp:term":[{"taxonomy":"product_brand","embeddable":true,"href":"https:\/\/ryinz.cz\/velkoobchod\/fr\/wp-json\/wp\/v2\/product_brand?post=9197"},{"taxonomy":"product_cat","embeddable":true,"href":"https:\/\/ryinz.cz\/velkoobchod\/fr\/wp-json\/wp\/v2\/product_cat?post=9197"},{"taxonomy":"product_tag","embeddable":true,"href":"https:\/\/ryinz.cz\/velkoobchod\/fr\/wp-json\/wp\/v2\/product_tag?post=9197"}],"curies":[{"name":"wp","href":"https:\/\/api.w.org\/{rel}","templated":true}]}}