{"id":9196,"date":"2025-08-26T11:48:34","date_gmt":"2025-08-26T11:48:34","guid":{"rendered":"https:\/\/ryinz.cz\/velkoobchod\/?post_type=product&#038;p=9196"},"modified":"2026-01-18T20:18:11","modified_gmt":"2026-01-18T20:18:11","slug":"ryinz-gants-de-protection-moto-noir-pour-vente-en-gros-avec-paume-rembourree-en-mousse-et-armure-en-eva-tpu","status":"publish","type":"product","link":"https:\/\/ryinz.cz\/velkoobchod\/fr\/product\/ryinz-all-black-protective-motorcycle-gloves-for-retail-wholesale-with-foam-padded-palm-and-eva-tpu-armor\/","title":{"rendered":"RYINZ Gants de protection pour motocyclistes avec paume rembourr\u00e9e en mousse et armure en EVA + TPU."},"content":{"rendered":"<p data-start=\"887\" data-end=\"1000\"><strong data-start=\"887\" data-end=\"1000\">RYINZ All-Black Motorcycle Gloves - S\u00e9curit\u00e9 et confort rationalis\u00e9s pour les d\u00e9taillants, les distributeurs et les acheteurs de l'UE<\/strong><\/p>\n<p data-start=\"1002\" data-end=\"1363\">Alliant une esth\u00e9tique \u00e9pur\u00e9e \u00e0 de solides performances en mati\u00e8re de s\u00e9curit\u00e9, le <strong data-start=\"1064\" data-end=\"1101\">RYINZ Gants de moto tout noir<\/strong> sont parfaits pour ceux qui appr\u00e9cient les \u00e9quipements \u00e0 la fois \u00e9l\u00e9gants et subtils. Con\u00e7u pour r\u00e9pondre \u00e0 la demande croissante de gants de protection minimalistes dans les circuits de vente en gros et au d\u00e9tail, ce mod\u00e8le est certifi\u00e9 CE, r\u00e9sistant aux chocs et con\u00e7u dans un souci de confort.<\/p>\n<p data-start=\"1365\" data-end=\"1532\">Que vous soyez un d\u00e9taillant s'adressant aux citadins ou un grossiste desservant des distributeurs europ\u00e9ens, ce gant offre \u00e0 la fois un attrait visuel et une fonctionnalit\u00e9 pratique.<\/p>\n<p data-start=\"1534\" data-end=\"1872\"><strong data-start=\"1534\" data-end=\"1580\">Dos en serg\u00e9 pour la flexibilit\u00e9 et la respirabilit\u00e9<\/strong><br data-start=\"1580\" data-end=\"1583\" \/>La couche ext\u00e9rieure du gant est constitu\u00e9e de <strong data-start=\"1632\" data-end=\"1654\">tissu serg\u00e9 r\u00e9sistant<\/strong>, Les gants sont fabriqu\u00e9s \u00e0 partir de fibres de verre, s\u00e9lectionn\u00e9es pour leur durabilit\u00e9, leur \u00e9lasticit\u00e9 et leur capacit\u00e9 d'a\u00e9ration sous pression. Ces gants conviennent donc aux longues randonn\u00e9es ou aux conditions m\u00e9t\u00e9orologiques variables, en particulier au printemps, \u00e0 l'automne ou pendant les journ\u00e9es plus fra\u00eeches de l'\u00e9t\u00e9.<\/p>\n<p data-start=\"1874\" data-end=\"2197\"><strong data-start=\"1874\" data-end=\"1928\">Patchs en cuir GoatSkin - Renforcement strat\u00e9gique<\/strong><br data-start=\"1928\" data-end=\"1931\" \/>Pour ajouter une r\u00e9sistance \u00e0 l'abrasion et un soutien structurel, <strong data-start=\"1982\" data-end=\"2010\">Patchs en cuir de ch\u00e8vre<\/strong> sont int\u00e9gr\u00e9s \u00e0 l'arri\u00e8re des doigts. Ces zones sont essentielles pour la protection lors des chutes et des mouvements \u00e0 forte friction, ce qui prolonge la dur\u00e9e de vie du produit et renforce la confiance du porteur.<\/p>\n<p data-start=\"2199\" data-end=\"2561\"><strong data-start=\"2199\" data-end=\"2244\">Protection des articulations en TPU + Armure en caoutchouc EVA<\/strong><br data-start=\"2244\" data-end=\"2247\" \/>Les coureurs b\u00e9n\u00e9ficieront d'une <strong data-start=\"2283\" data-end=\"2304\">Protection des articulations en TPU<\/strong>, Le syst\u00e8me d'alarme est con\u00e7u pour absorber les impacts directs sans ajouter d'encombrement. En outre, <strong data-start=\"2373\" data-end=\"2402\">Renforts en caoutchouc EVA<\/strong> \u00e0 l'arri\u00e8re des doigts et sur la manchette am\u00e9liorent l'absorption globale des chocs, ce qui rend les gants adapt\u00e9s \u00e0 une utilisation dans des environnements \u00e0 haut risque ou lors de randonn\u00e9es rapides.<\/p>\n<p data-start=\"2563\" data-end=\"2900\"><strong data-start=\"2563\" data-end=\"2608\">Paume en peau de ch\u00e8vre avec rembourrage en mousse<\/strong><br data-start=\"2608\" data-end=\"2611\" \/>La paume du gant pr\u00e9sente les caract\u00e9ristiques suivantes <strong data-start=\"2642\" data-end=\"2671\">Superpositions en cuir de ch\u00e8vre<\/strong> avec l'int\u00e9rieur <strong data-start=\"2686\" data-end=\"2702\">rembourrage en mousse<\/strong>, Ce support suppl\u00e9mentaire r\u00e9duit les vibrations et offre une prise en main s\u00fbre lors des trajets prolong\u00e9s. Que ce soit dans la circulation urbaine ou sur les autoroutes, ce soutien suppl\u00e9mentaire minimise la fatigue du conducteur et am\u00e9liore le contr\u00f4le tactile.<\/p>\n<p data-start=\"2902\" data-end=\"3199\"><strong data-start=\"2902\" data-end=\"2951\">Ajustement confortable du poignet - Syst\u00e8me de fermeture velcro<\/strong><br data-start=\"2951\" data-end=\"2954\" \/>Le <strong data-start=\"2958\" data-end=\"2998\">Bracelet Velcro en peau de ch\u00e8vre gaufr\u00e9e<\/strong> offre un ajustement s\u00fbr et r\u00e9glable qui maintient les gants en place m\u00eame lors de mouvements rapides. La couverture \u00e9tendue du poignet offre une r\u00e9sistance au vent et une protection sans interf\u00e9rer avec les manches de la veste.<\/p>\n<p data-start=\"3201\" data-end=\"3492\"><strong data-start=\"3201\" data-end=\"3246\">Un design minimal pour une fonctionnalit\u00e9 maximale<\/strong><br data-start=\"3246\" data-end=\"3249\" \/>Con\u00e7us dans un sch\u00e9ma de couleurs noir, ces gants sont parfaits pour les cyclistes qui pr\u00e9f\u00e8rent un look discret. Les gants <strong data-start=\"3364\" data-end=\"3389\">marque subtile RYINZ<\/strong> permet \u00e0 ces gants de s'adapter \u00e0 n'importe quel \u00e9quipement, qu'il s'agisse de motos sportives modernes ou de motos classiques.<\/p>\n<p data-start=\"3494\" data-end=\"3718\"><strong data-start=\"3494\" data-end=\"3516\">Variantes disponibles<\/strong><br data-start=\"3516\" data-end=\"3519\" \/>Ce mod\u00e8le est \u00e9galement disponible en <strong data-start=\"3551\" data-end=\"3574\">noir avec garniture rouge<\/strong> et <strong data-start=\"3579\" data-end=\"3605\">noir avec garniture jaune<\/strong>, Les produits de la gamme sont disponibles en plusieurs versions, ce qui permet aux acheteurs de stocker plusieurs versions ou d'offrir une plus grande vari\u00e9t\u00e9 aux clients qui recherchent des accents visuels diff\u00e9rents.<\/p>\n<p data-start=\"3720\" data-end=\"3952\"><strong data-start=\"3720\" data-end=\"3768\">Certifi\u00e9 CE - Approuv\u00e9 EN420 &amp; EN13594:2015<\/strong><br data-start=\"3768\" data-end=\"3771\" \/>Conformes aux normes de s\u00e9curit\u00e9 europ\u00e9ennes, ces gants sont <strong data-start=\"3830\" data-end=\"3875\">Certifi\u00e9 CE selon EN420 et EN13594:2015<\/strong>, Les v\u00e9hicules de l'Union europ\u00e9enne sont homologu\u00e9s par la Commission europ\u00e9enne, ce qui garantit qu'ils sont l\u00e9galement autoris\u00e9s \u00e0 \u00eatre utilis\u00e9s sur les motocycles dans l'ensemble de l'Union europ\u00e9enne.<\/p>\n<p data-start=\"3954\" data-end=\"3976\"><strong data-start=\"3954\" data-end=\"3974\">Convient le mieux \u00e0 :<\/strong><\/p>\n<ul data-start=\"3977\" data-end=\"4266\">\n<li data-start=\"3977\" data-end=\"4013\">\n<p data-start=\"3979\" data-end=\"4013\">Les navetteurs urbains et les cyclistes quotidiens<\/p>\n<\/li>\n<li data-start=\"4014\" data-end=\"4062\">\n<p data-start=\"4016\" data-end=\"4062\">Magasins de vente au d\u00e9tail proposant du mat\u00e9riel de cyclisme minimaliste<\/p>\n<\/li>\n<li data-start=\"4063\" data-end=\"4118\">\n<p data-start=\"4065\" data-end=\"4118\">Marques de motos proposant des accessoires certifi\u00e9s CE<\/p>\n<\/li>\n<li data-start=\"4119\" data-end=\"4157\">\n<p data-start=\"4121\" data-end=\"4157\">Collections de v\u00eatements de printemps et d'automne<\/p>\n<\/li>\n<li data-start=\"4158\" data-end=\"4234\">\n<p data-start=\"4160\" data-end=\"4234\">Distributeurs et grossistes \u00e0 la recherche de gants de protection universels<\/p>\n<\/li>\n<li data-start=\"4235\" data-end=\"4266\">\n<p data-start=\"4237\" data-end=\"4266\">Projets OEM ou de co-branding<\/p>\n<\/li>\n<\/ul>\n<p data-start=\"4268\" data-end=\"4303\"><strong data-start=\"4268\" data-end=\"4301\">Les caract\u00e9ristiques du produit en un coup d'\u0153il :<\/strong><\/p>\n<ul data-start=\"4304\" data-end=\"4677\">\n<li data-start=\"4304\" data-end=\"4333\">\n<p data-start=\"4306\" data-end=\"4333\">Dos en tissu serg\u00e9 durable<\/p>\n<\/li>\n<li data-start=\"4334\" data-end=\"4376\">\n<p data-start=\"4336\" data-end=\"4376\">Renforts de doigts en cuir GoatSkin<\/p>\n<\/li>\n<li data-start=\"4377\" data-end=\"4423\">\n<p data-start=\"4379\" data-end=\"4423\">Armure en caoutchouc EVA sur les doigts et le poignet<\/p>\n<\/li>\n<li data-start=\"4424\" data-end=\"4456\">\n<p data-start=\"4426\" data-end=\"4456\">Coque de protection des articulations en TPU<\/p>\n<\/li>\n<li data-start=\"4457\" data-end=\"4494\">\n<p data-start=\"4459\" data-end=\"4494\">Paume en cuir GoatSkin rembourr\u00e9e de mousse<\/p>\n<\/li>\n<li data-start=\"4495\" data-end=\"4528\">\n<p data-start=\"4497\" data-end=\"4528\">Courroie de poignet ajustable en velcro<\/p>\n<\/li>\n<li data-start=\"4529\" data-end=\"4576\">\n<p data-start=\"4531\" data-end=\"4576\">Design subtil enti\u00e8rement noir avec marquage l\u00e9ger<\/p>\n<\/li>\n<li data-start=\"4577\" data-end=\"4635\">\n<p data-start=\"4579\" data-end=\"4635\">Variantes de couleur disponibles en option (garniture rouge ou jaune)<\/p>\n<\/li>\n<li data-start=\"4636\" data-end=\"4677\">\n<p data-start=\"4638\" data-end=\"4677\">EN420 &amp; EN13594:2015 Certification CE<\/p>\n<\/li>\n<\/ul>\n<p data-start=\"4679\" data-end=\"4910\">Le <strong data-start=\"4683\" data-end=\"4720\">RYINZ Gants de moto tout noir<\/strong> sont un choix polyvalent et \u00e9l\u00e9gant pour ceux qui veulent un \u00e9quipement de protection sans tape-\u00e0-l'\u0153il. Un mod\u00e8le indispensable pour les magasins qui cherchent \u00e0 attirer les cavaliers modernes et les acheteurs en gros en Europe et au-del\u00e0.<\/p>","protected":false},"excerpt":{"rendered":"<p>Les gants de moto noirs de RYINZ sont un \u00e9l\u00e9ment polyvalent essentiel pour les pilotes et les \u00e9quipementiers \u00e0 la recherche d'une solution \u00e9l\u00e9gante, protectrice et certifi\u00e9e CE. Con\u00e7us avec un dos en tissu serg\u00e9 et un renfort en cuir GoatSkin, ces gants sont dot\u00e9s d'une armure en caoutchouc EVA et en TPU au niveau des articulations, d'une paume rembourr\u00e9e pour un confort sur longue distance et d'une fermeture velcro au poignet pour un ajustement sur mesure. Id\u00e9al pour les acheteurs en gros et au d\u00e9tail qui recherchent des \u00e9quipements de s\u00e9curit\u00e9 au design minimaliste. Certifi\u00e9 EN420 et EN13594:2015 pour une utilisation dans l'UE.<\/p>","protected":false},"featured_media":9291,"comment_status":"closed","ping_status":"closed","template":"","meta":[],"product_brand":[35],"product_cat":[1111,380,122,68],"product_tag":[373,374,375,376,377,378,379,381,382,383,384,385,386,387,388],"class_list":{"0":"post-9196","1":"product","2":"type-product","3":"status-publish","4":"has-post-thumbnail","6":"product_brand-ryinz","7":"product_cat-motorbike","8":"product_cat-motorbike-gloves","9":"product_cat-motorbike-racing-gloves","10":"product_cat-ryinz","11":"product_tag-breathable-protective-gloves-for-long-rides","12":"product_tag-bright-color-gloves-for-road-safety-and-visibility","13":"product_tag-ce-certified-gloves-for-eu-motorcycle-safety","14":"product_tag-en13594-motorcycle-gloves-with-tpu-armor","15":"product_tag-eva-rubber-reinforced-tactical-gloves","16":"product_tag-goatskin-leather-motorcycle-gloves-for-retailers","17":"product_tag-high-visibility-biker-gloves-with-safety-features","18":"product_tag-motorcycle-gloves-with-foam-padded-palm","19":"product_tag-premium-riding-gloves-for-distribution","20":"product_tag-protective-riding-gloves-for-street-and-off-road","21":"product_tag-tactical-motorcycle-gloves-for-wholesale","22":"product_tag-tpu-knuckle-protected-gloves-for-motorcyclists","23":"product_tag-twill-back-biker-gloves-with-leather-palm","24":"product_tag-velcro-closure-motorcycle-gloves-for-fit","25":"product_tag-wholesale-riding-gloves-for-european-suppliers","27":"first","28":"instock","29":"taxable","30":"shipping-taxable","31":"purchasable","32":"product-type-simple"},"_links":{"self":[{"href":"https:\/\/ryinz.cz\/velkoobchod\/fr\/wp-json\/wp\/v2\/product\/9196","targetHints":{"allow":["GET"]}}],"collection":[{"href":"https:\/\/ryinz.cz\/velkoobchod\/fr\/wp-json\/wp\/v2\/product"}],"about":[{"href":"https:\/\/ryinz.cz\/velkoobchod\/fr\/wp-json\/wp\/v2\/types\/product"}],"replies":[{"embeddable":true,"href":"https:\/\/ryinz.cz\/velkoobchod\/fr\/wp-json\/wp\/v2\/comments?post=9196"}],"wp:featuredmedia":[{"embeddable":true,"href":"https:\/\/ryinz.cz\/velkoobchod\/fr\/wp-json\/wp\/v2\/media\/9291"}],"wp:attachment":[{"href":"https:\/\/ryinz.cz\/velkoobchod\/fr\/wp-json\/wp\/v2\/media?parent=9196"}],"wp:term":[{"taxonomy":"product_brand","embeddable":true,"href":"https:\/\/ryinz.cz\/velkoobchod\/fr\/wp-json\/wp\/v2\/product_brand?post=9196"},{"taxonomy":"product_cat","embeddable":true,"href":"https:\/\/ryinz.cz\/velkoobchod\/fr\/wp-json\/wp\/v2\/product_cat?post=9196"},{"taxonomy":"product_tag","embeddable":true,"href":"https:\/\/ryinz.cz\/velkoobchod\/fr\/wp-json\/wp\/v2\/product_tag?post=9196"}],"curies":[{"name":"wp","href":"https:\/\/api.w.org\/{rel}","templated":true}]}}