{"id":9186,"date":"2025-06-22T15:32:02","date_gmt":"2025-06-22T15:32:02","guid":{"rendered":"https:\/\/ryinz.cz\/velkoobchod\/?post_type=product&#038;p=9186"},"modified":"2026-01-18T20:18:10","modified_gmt":"2026-01-18T20:18:10","slug":"ryinz-winter-motorcycle-gloves-for-retail-wholesale-with-knuckle-armor-and-full-gauntlet-coverage","status":"publish","type":"product","link":"https:\/\/ryinz.cz\/velkoobchod\/fr\/product\/ryinz-waterproof-winter-motorcycle-gloves-for-retail-wholesale-with-knuckle-armor-and-full-gauntlet-coverage\/","title":{"rendered":"RYINZ Gants d'hiver imperm\u00e9ables pour motocyclistes avec protection des articulations et couverture compl\u00e8te des gantelets."},"content":{"rendered":"<p data-start=\"903\" data-end=\"1026\"><strong data-start=\"903\" data-end=\"1026\">RYINZ Gants d'hiver imperm\u00e9ables pour motos - Gants isol\u00e9s pour d\u00e9taillants, distributeurs et cyclotouristes<\/strong><\/p>\n<p data-start=\"1028\" data-end=\"1408\">Par temps froid, les cyclistes ont besoin d'un \u00e9quipement qui ne fait aucun compromis sur la chaleur, l'adh\u00e9rence ou la protection. Les <strong data-start=\"1129\" data-end=\"1174\">RYINZ Gants d'hiver imperm\u00e9ables pour motos<\/strong> sont con\u00e7us sp\u00e9cifiquement pour r\u00e9pondre \u00e0 ces besoins. Ces gants sont un \u00e9l\u00e9ment essentiel de toute gamme de v\u00eatements de moto pour les ventes de la saison hivernale, que vous fournissiez des d\u00e9taillants, des distributeurs ou que vous proposiez des v\u00eatements de moto sous marque de distributeur.<\/p>\n<p data-start=\"1410\" data-end=\"1830\"><strong data-start=\"1410\" data-end=\"1462\">Con\u00e7u pour les conditions m\u00e9t\u00e9orologiques extr\u00eames - Mat\u00e9riaux toutes saisons<\/strong><br data-start=\"1462\" data-end=\"1465\" \/>Fabriqu\u00e9 \u00e0 partir de <strong data-start=\"1479\" data-end=\"1516\">textile durable r\u00e9sistant aux intemp\u00e9ries<\/strong>, Ces gants sont con\u00e7us pour bloquer le vent et repousser l'eau pendant les randonn\u00e9es humides et enneig\u00e9es. Les gants <strong data-start=\"1615\" data-end=\"1638\">manchettes \u00e0 gantelet int\u00e9gral<\/strong> offrent une couverture compl\u00e8te au-del\u00e0 du poignet, cr\u00e9ant un joint qui emp\u00eache l'air froid et l'humidit\u00e9 de p\u00e9n\u00e9trer - ce qui en fait un excellent choix pour les randonn\u00e9es hivernales et les d\u00e9placements sur de longues distances.<\/p>\n<p data-start=\"1832\" data-end=\"2196\"><strong data-start=\"1832\" data-end=\"1886\">Paume renforc\u00e9e avec contr\u00f4le de la pr\u00e9hension et rembourrage en mousse<\/strong><br data-start=\"1886\" data-end=\"1889\" \/>La paume du gant est compos\u00e9e d'une combinaison de <strong data-start=\"1934\" data-end=\"1987\">Cuir de ch\u00e8vre et renforts de pr\u00e9hension textur\u00e9s<\/strong>, Le rembourrage en mousse sur les zones d'impact adoucit les vibrations et r\u00e9duit les tensions. Le rembourrage en mousse des zones d'impact att\u00e9nue les vibrations et r\u00e9duit les tensions, ce qui est id\u00e9al pour les cyclistes qui affrontent des terrains accident\u00e9s ou qui passent des heures sur la route.<\/p>\n<p data-start=\"2198\" data-end=\"2520\"><strong data-start=\"2198\" data-end=\"2238\">Armure des jointures en TPU pour une s\u00e9curit\u00e9 maximale<\/strong><br data-start=\"2238\" data-end=\"2241\" \/>Dans les zones \u00e0 fort impact, les gants sont \u00e9quip\u00e9s de <strong data-start=\"2292\" data-end=\"2318\">Protections des articulations en TPU<\/strong>, Les gants sont dot\u00e9s d'une coque en cuir et en textile qui offre une protection structurelle contre les collisions et les d\u00e9bris. Les contours lisses permettent une flexion naturelle de la main, ce qui rend les gants \u00e0 la fois s\u00fbrs et flexibles.<\/p>\n<p data-start=\"2522\" data-end=\"2889\"><strong data-start=\"2522\" data-end=\"2571\">Ajustement - Double syst\u00e8me de protection du poignet<\/strong><br data-start=\"2571\" data-end=\"2574\" \/>Con\u00e7us pour le confort et la personnalisation, ces gants sont dot\u00e9s d'un <strong data-start=\"2639\" data-end=\"2661\">Bracelet en velcro<\/strong> pour un ajustement interne serr\u00e9, ainsi qu'une <strong data-start=\"2701\" data-end=\"2742\">Fermeture de la manchette par un cordon \u00e9lastique ext\u00e9rieur<\/strong> pour renforcer la protection contre le vent froid ou les infiltrations d'eau. Ce syst\u00e8me de fermeture \u00e0 double couche est id\u00e9al pour les cyclistes qui portent des vestes lourdes ou des manches superpos\u00e9es.<\/p>\n<p data-start=\"2891\" data-end=\"3183\"><strong data-start=\"2891\" data-end=\"2929\">Confort et contr\u00f4le de l'humidit\u00e9 tout au long de la journ\u00e9e<\/strong><br data-start=\"2929\" data-end=\"2932\" \/>Doubl\u00e9 de <strong data-start=\"2943\" data-end=\"2966\">tissu thermique doux<\/strong>, Ces gants offrent une excellente isolation sans cr\u00e9er d'accumulation de sueur. La mati\u00e8re respirante maintient la chaleur tout en permettant \u00e0 l'humidit\u00e9 interne de s'\u00e9chapper, ce qui permet de garder les mains s\u00e8ches et confortables pendant les longs trajets.<\/p>\n<p data-start=\"3185\" data-end=\"3411\"><strong data-start=\"3185\" data-end=\"3213\">Passepoil r\u00e9fl\u00e9chissant Hi-Vis<\/strong><br data-start=\"3213\" data-end=\"3216\" \/>Subtil mais fonctionnel, le syst\u00e8me int\u00e9gr\u00e9 <strong data-start=\"3254\" data-end=\"3275\">passepoil r\u00e9fl\u00e9chissant<\/strong> \u00e0 l'arri\u00e8re am\u00e9liore la visibilit\u00e9 pendant les trajets nocturnes ou dans le brouillard, am\u00e9liorant ainsi la s\u00e9curit\u00e9 sans compromettre le design \u00e9l\u00e9gant et enti\u00e8rement noir.<\/p>\n<p data-start=\"3413\" data-end=\"3435\"><strong data-start=\"3413\" data-end=\"3433\">Cas d'utilisation id\u00e9aux :<\/strong><\/p>\n<ul data-start=\"3436\" data-end=\"3663\">\n<li data-start=\"3436\" data-end=\"3470\">\n<p data-start=\"3438\" data-end=\"3470\">L'\u00e9quitation en hiver et par temps froid<\/p>\n<\/li>\n<li data-start=\"3471\" data-end=\"3509\">\n<p data-start=\"3473\" data-end=\"3509\">Motocyclisme d'aventure et tourisme<\/p>\n<\/li>\n<li data-start=\"3510\" data-end=\"3537\">\n<p data-start=\"3512\" data-end=\"3537\">Trajets domicile-travail de longue dur\u00e9e<\/p>\n<\/li>\n<li data-start=\"3538\" data-end=\"3570\">\n<p data-start=\"3540\" data-end=\"3570\">Des livreurs professionnels<\/p>\n<\/li>\n<li data-start=\"3571\" data-end=\"3609\">\n<p data-start=\"3573\" data-end=\"3609\">D\u00e9taillants europ\u00e9ens de mat\u00e9riel de motocyclisme<\/p>\n<\/li>\n<li data-start=\"3610\" data-end=\"3663\">\n<p data-start=\"3612\" data-end=\"3663\">Programmes de gants d'hiver en gros et sous marque de distributeur<\/p>\n<\/li>\n<\/ul>\n<p data-start=\"3665\" data-end=\"3691\"><strong data-start=\"3665\" data-end=\"3689\">Caract\u00e9ristiques suppl\u00e9mentaires :<\/strong><\/p>\n<ul data-start=\"3692\" data-end=\"4147\">\n<li data-start=\"3692\" data-end=\"3745\">\n<p data-start=\"3694\" data-end=\"3745\">Conception \u00e0 gantelet int\u00e9gral avec protection \u00e9tendue contre les intemp\u00e9ries<\/p>\n<\/li>\n<li data-start=\"3746\" data-end=\"3785\">\n<p data-start=\"3748\" data-end=\"3785\">Construction ext\u00e9rieure imperm\u00e9able<\/p>\n<\/li>\n<li data-start=\"3786\" data-end=\"3818\">\n<p data-start=\"3788\" data-end=\"3818\">Coquille protectrice en TPU<\/p>\n<\/li>\n<li data-start=\"3819\" data-end=\"3873\">\n<p data-start=\"3821\" data-end=\"3873\">Paume avec cuir GoatSkin et zones de pr\u00e9hension textur\u00e9es<\/p>\n<\/li>\n<li data-start=\"3874\" data-end=\"3906\">\n<p data-start=\"3876\" data-end=\"3906\">Doublure isolante respirante<\/p>\n<\/li>\n<li data-start=\"3907\" data-end=\"3953\">\n<p data-start=\"3909\" data-end=\"3953\">Syst\u00e8me de fermeture par bande velcro et cordon de serrage<\/p>\n<\/li>\n<li data-start=\"3954\" data-end=\"4001\">\n<p data-start=\"3956\" data-end=\"4001\">Accents r\u00e9fl\u00e9chissants pour une meilleure visibilit\u00e9 en cas de faible luminosit\u00e9<\/p>\n<\/li>\n<li data-start=\"4002\" data-end=\"4051\">\n<p data-start=\"4004\" data-end=\"4051\">Coutures renforc\u00e9es pour une durabilit\u00e9 \u00e0 long terme<\/p>\n<\/li>\n<li data-start=\"4052\" data-end=\"4100\">\n<p data-start=\"4054\" data-end=\"4100\">Disponible en diff\u00e9rentes tailles pour hommes et femmes<\/p>\n<\/li>\n<li data-start=\"4101\" data-end=\"4147\">\n<p data-start=\"4103\" data-end=\"4147\">Conforme aux normes CE et con\u00e7u pour les march\u00e9s europ\u00e9ens<\/p>\n<\/li>\n<\/ul>\n<p data-start=\"4149\" data-end=\"4375\">Que vous rouliez sous la pluie, la neige ou le vent glacial, la <strong data-start=\"4209\" data-end=\"4254\">RYINZ Gants d'hiver imperm\u00e9ables pour motos<\/strong> offrent une isolation, une s\u00e9curit\u00e9 et un style robuste in\u00e9gal\u00e9s - ce qui en fait un produit indispensable pour votre prochain inventaire saisonnier.<\/p>","protected":false},"excerpt":{"rendered":"<p data-start=\"258\" data-end=\"852\">Restez prot\u00e9g\u00e9 et au chaud dans des conditions de conduite extr\u00eames avec les gants de moto d'hiver imperm\u00e9ables de RYINZ. Con\u00e7us pour la performance et le confort, ces gants \u00e0 manchettes compl\u00e8tes sont dot\u00e9s d'un mat\u00e9riau ext\u00e9rieur r\u00e9sistant aux intemp\u00e9ries, d'une protection des articulations en TPU, d'un rembourrage de la paume renforc\u00e9 par de la mousse et d'un poignet r\u00e9glable ainsi que de fermetures \u00e0 cordon pour un ajustement s\u00fbr et coupe-vent. Id\u00e9aux pour les cyclistes hivernaux, les navetteurs au long cours et les magasins de mat\u00e9riel de tourisme d'aventure, ces gants offrent une isolation, une adh\u00e9rence et une s\u00e9curit\u00e9 maximales. Ils conviennent parfaitement \u00e0 la fois \u00e0 la vente en gros et \u00e0 la vente au d\u00e9tail dans toute l'Europe.<\/p>","protected":false},"featured_media":9290,"comment_status":"closed","ping_status":"closed","template":"","meta":[],"product_brand":[35],"product_cat":[1111,380,122,68],"product_tag":[373,374,375,376,377,378,379,381,382,383,384,385,386,387,388],"class_list":{"0":"post-9186","1":"product","2":"type-product","3":"status-publish","4":"has-post-thumbnail","6":"product_brand-ryinz","7":"product_cat-motorbike","8":"product_cat-motorbike-gloves","9":"product_cat-motorbike-racing-gloves","10":"product_cat-ryinz","11":"product_tag-breathable-protective-gloves-for-long-rides","12":"product_tag-bright-color-gloves-for-road-safety-and-visibility","13":"product_tag-ce-certified-gloves-for-eu-motorcycle-safety","14":"product_tag-en13594-motorcycle-gloves-with-tpu-armor","15":"product_tag-eva-rubber-reinforced-tactical-gloves","16":"product_tag-goatskin-leather-motorcycle-gloves-for-retailers","17":"product_tag-high-visibility-biker-gloves-with-safety-features","18":"product_tag-motorcycle-gloves-with-foam-padded-palm","19":"product_tag-premium-riding-gloves-for-distribution","20":"product_tag-protective-riding-gloves-for-street-and-off-road","21":"product_tag-tactical-motorcycle-gloves-for-wholesale","22":"product_tag-tpu-knuckle-protected-gloves-for-motorcyclists","23":"product_tag-twill-back-biker-gloves-with-leather-palm","24":"product_tag-velcro-closure-motorcycle-gloves-for-fit","25":"product_tag-wholesale-riding-gloves-for-european-suppliers","27":"first","28":"instock","29":"taxable","30":"shipping-taxable","31":"purchasable","32":"product-type-simple"},"_links":{"self":[{"href":"https:\/\/ryinz.cz\/velkoobchod\/fr\/wp-json\/wp\/v2\/product\/9186","targetHints":{"allow":["GET"]}}],"collection":[{"href":"https:\/\/ryinz.cz\/velkoobchod\/fr\/wp-json\/wp\/v2\/product"}],"about":[{"href":"https:\/\/ryinz.cz\/velkoobchod\/fr\/wp-json\/wp\/v2\/types\/product"}],"replies":[{"embeddable":true,"href":"https:\/\/ryinz.cz\/velkoobchod\/fr\/wp-json\/wp\/v2\/comments?post=9186"}],"wp:featuredmedia":[{"embeddable":true,"href":"https:\/\/ryinz.cz\/velkoobchod\/fr\/wp-json\/wp\/v2\/media\/9290"}],"wp:attachment":[{"href":"https:\/\/ryinz.cz\/velkoobchod\/fr\/wp-json\/wp\/v2\/media?parent=9186"}],"wp:term":[{"taxonomy":"product_brand","embeddable":true,"href":"https:\/\/ryinz.cz\/velkoobchod\/fr\/wp-json\/wp\/v2\/product_brand?post=9186"},{"taxonomy":"product_cat","embeddable":true,"href":"https:\/\/ryinz.cz\/velkoobchod\/fr\/wp-json\/wp\/v2\/product_cat?post=9186"},{"taxonomy":"product_tag","embeddable":true,"href":"https:\/\/ryinz.cz\/velkoobchod\/fr\/wp-json\/wp\/v2\/product_tag?post=9186"}],"curies":[{"name":"wp","href":"https:\/\/api.w.org\/{rel}","templated":true}]}}