{"id":9184,"date":"2025-06-22T15:32:00","date_gmt":"2025-06-22T15:32:00","guid":{"rendered":"https:\/\/ryinz.cz\/velkoobchod\/?post_type=product&#038;p=9184"},"modified":"2026-01-18T20:18:07","modified_gmt":"2026-01-18T20:18:07","slug":"ryinz-grossiste-detaillant-gants-de-moto-en-cuir-blanc-avec-protection-des-articulations-en-tpu-et-protection-des-poignets-en-eva","status":"publish","type":"product","link":"https:\/\/ryinz.cz\/velkoobchod\/fr\/product\/ryinz-wholesale-retail-white-leather-motorcycle-gloves-with-tpu-knuckle-armor-and-eva-cuff-protection\/","title":{"rendered":"RYINZ Grossiste &amp; D\u00e9taillant Gants de moto en cuir blanc avec protection des articulations en TPU et manchette en EVA"},"content":{"rendered":"<p data-start=\"962\" data-end=\"1067\"><strong data-start=\"962\" data-end=\"1067\">RYINZ Gants de motocycliste en cuir de ch\u00e8vre blanc - \u00c9quipement de haute s\u00e9curit\u00e9 pour B2B, d\u00e9taillants et motocyclistes s\u00e9rieux<\/strong><\/p>\n<p data-start=\"1069\" data-end=\"1372\">Le <strong data-start=\"1073\" data-end=\"1114\">RYINZ Gants de moto en cuir blanc<\/strong> sont con\u00e7us pour ceux qui exigent non seulement une protection, mais aussi une pr\u00e9sence. Avec des d\u00e9tails blancs frappants, des mat\u00e9riaux haut de gamme et des caract\u00e9ristiques de s\u00e9curit\u00e9 robustes, ces gants sont id\u00e9aux pour les magasins de d\u00e9tail, les revendeurs de mat\u00e9riel et les distributeurs en gros dans toute l'Europe et au-del\u00e0.<\/p>\n<p data-start=\"1374\" data-end=\"1578\">Ces gants sont sp\u00e9cialement con\u00e7us pour r\u00e9pondre aux deux exigences suivantes <strong data-start=\"1433\" data-end=\"1475\">attrait visuel et protection certifi\u00e9e<\/strong>, Ils sont donc parfaits pour les coureurs professionnels, les cyclistes de longue distance et les navetteurs urbains \u00e9l\u00e9gants.<\/p>\n<p data-start=\"1580\" data-end=\"1998\"><strong data-start=\"1580\" data-end=\"1653\">Construction audacieuse - Design blanc, noir et rouge avec serg\u00e9 et peau de ch\u00e8vre<\/strong><br data-start=\"1653\" data-end=\"1656\" \/>Le dos des gants est orn\u00e9 d'un <strong data-start=\"1690\" data-end=\"1712\">coque en tissu serg\u00e9<\/strong> qui assure une coupe l\u00e9g\u00e8re et respirante, renforc\u00e9e par un syst\u00e8me d'\u00e9tanch\u00e9it\u00e9 \u00e0 l'eau. <strong data-start=\"1771\" data-end=\"1799\">Patchs en cuir de ch\u00e8vre<\/strong> pour la r\u00e9sistance \u00e0 l'abrasion et la flexibilit\u00e9. La base blanche est rehauss\u00e9e de panneaux noirs et d'une bande rouge, pour un look moderne inspir\u00e9 du sport automobile qui s\u00e9duit les motards \u00e0 la pointe de la mode.<\/p>\n<p data-start=\"2000\" data-end=\"2306\"><strong data-start=\"2000\" data-end=\"2035\">Protection avanc\u00e9e des articulations en TPU<\/strong><br data-start=\"2035\" data-end=\"2038\" \/>Pour la r\u00e9sistance aux chocs, les gants sont \u00e9quip\u00e9s d'un syst\u00e8me de protection robuste. <strong data-start=\"2097\" data-end=\"2123\">Protections des articulations en TPU<\/strong> sous la coque en cuir. Ces protections r\u00e9duisent les risques de blessures en cas de collision ou d'impact soudain, tandis que leur courbure ergonomique leur permet de se d\u00e9placer naturellement avec la main.<\/p>\n<p data-start=\"2308\" data-end=\"2611\"><strong data-start=\"2308\" data-end=\"2352\">Protections en caoutchouc EVA pour les doigts et les poignets<\/strong><br data-start=\"2352\" data-end=\"2355\" \/>Pour am\u00e9liorer encore la s\u00e9curit\u00e9, <strong data-start=\"2382\" data-end=\"2411\">Renforts en caoutchouc EVA<\/strong> sont ajout\u00e9s \u00e0 l'arri\u00e8re des doigts et au niveau des poignets. Ces zones sont critiques en cas d'accident, et l'EVA fournit une couche de protection l\u00e9g\u00e8re mais tr\u00e8s efficace qui absorbe et disperse les chocs.<\/p>\n<p data-start=\"2613\" data-end=\"2981\"><strong data-start=\"2613\" data-end=\"2657\">Paume en peau de ch\u00e8vre avec renforts rembourr\u00e9s<\/strong><br data-start=\"2657\" data-end=\"2660\" \/>La section palmier pr\u00e9sente les caract\u00e9ristiques suivantes <strong data-start=\"2686\" data-end=\"2714\">Cuir de ch\u00e8vre de premi\u00e8re qualit\u00e9<\/strong> pour une adh\u00e9rence et une r\u00e9sistance \u00e0 l'usure maximales. Int\u00e9rieur, <strong data-start=\"2769\" data-end=\"2785\">rembourrage en mousse<\/strong> est strat\u00e9giquement plac\u00e9 dans les zones de haute pression pour am\u00e9liorer le contr\u00f4le du guidon et r\u00e9duire les vibrations. Ce rembourrage suppl\u00e9mentaire am\u00e9liore le confort et l'endurance, en particulier pendant les longs trajets ou les sorties en tout-terrain.<\/p>\n<p data-start=\"2983\" data-end=\"3241\"><strong data-start=\"2983\" data-end=\"3025\">Coupe ajust\u00e9e - Fermeture velcro gaufr\u00e9e<\/strong><br data-start=\"3025\" data-end=\"3028\" \/>Ces gants sont dot\u00e9s d'un <strong data-start=\"3054\" data-end=\"3087\">sangle de poignet r\u00e9glable en velcro<\/strong> qui offre un ajustement personnalis\u00e9 \u00e0 chaque cycliste. Il permet d'emp\u00eacher la poussi\u00e8re, le vent et l'eau de p\u00e9n\u00e9trer dans les gants, tout en garantissant leur s\u00e9curit\u00e9, m\u00eame \u00e0 grande vitesse.<\/p>\n<p data-start=\"3243\" data-end=\"3516\"><strong data-start=\"3243\" data-end=\"3300\">Certifi\u00e9 pour un usage professionnel - EN420 &amp; EN13594:2015<\/strong><br data-start=\"3300\" data-end=\"3303\" \/>Ces gants sont <strong data-start=\"3320\" data-end=\"3336\">Certifi\u00e9 CE<\/strong> et rencontrer <strong data-start=\"3346\" data-end=\"3372\">EN420 et EN13594:2015<\/strong> ce qui les rend adapt\u00e9s aux motocyclistes professionnels, aux forces de l'ordre et aux conducteurs de loisir en Europe et sur d'autres march\u00e9s r\u00e9glement\u00e9s.<\/p>\n<p data-start=\"3518\" data-end=\"3812\"><strong data-start=\"3518\" data-end=\"3554\">Plusieurs options de couleurs disponibles<\/strong><br data-start=\"3554\" data-end=\"3557\" \/>Outre le coloris blanc\/rouge\/noir, ces gants sont \u00e9galement disponibles en <strong data-start=\"3633\" data-end=\"3664\">variantes compl\u00e8tes noir et feu<\/strong>, Ils conviennent donc \u00e0 un plus grand nombre de clients. Id\u00e9al pour les acheteurs B2B qui souhaitent offrir \u00e0 leurs clients une vari\u00e9t\u00e9 \u00e0 la fois dans le design et la fonction.<\/p>\n<p data-start=\"3814\" data-end=\"3851\"><strong data-start=\"3814\" data-end=\"3849\">Applications et acheteurs cibles :<\/strong><\/p>\n<ul data-start=\"3852\" data-end=\"4071\">\n<li data-start=\"3852\" data-end=\"3877\">\n<p data-start=\"3854\" data-end=\"3877\">Magasins d'\u00e9quipement pour motocycles<\/p>\n<\/li>\n<li data-start=\"3878\" data-end=\"3914\">\n<p data-start=\"3880\" data-end=\"3914\">D\u00e9taillants d'\u00e9quipements de sports motoris\u00e9s<\/p>\n<\/li>\n<li data-start=\"3915\" data-end=\"3955\">\n<p data-start=\"3917\" data-end=\"3955\">Collections de motards tactiques et urbains<\/p>\n<\/li>\n<li data-start=\"3956\" data-end=\"3999\">\n<p data-start=\"3958\" data-end=\"3999\">Marques de motos de tourisme et d'aventure<\/p>\n<\/li>\n<li data-start=\"4000\" data-end=\"4034\">\n<p data-start=\"4002\" data-end=\"4034\">Revendeurs de produits certifi\u00e9s CE<\/p>\n<\/li>\n<li data-start=\"4035\" data-end=\"4071\">\n<p data-start=\"4037\" data-end=\"4071\">Lignes d'engrenages sous marque de distributeur et OEM<\/p>\n<\/li>\n<\/ul>\n<p data-start=\"4073\" data-end=\"4108\"><strong data-start=\"4073\" data-end=\"4106\">Les caract\u00e9ristiques du produit en un coup d'\u0153il :<\/strong><\/p>\n<ul data-start=\"4109\" data-end=\"4565\">\n<li data-start=\"4109\" data-end=\"4138\">\n<p data-start=\"4111\" data-end=\"4138\">Dos en tissu serg\u00e9 durable<\/p>\n<\/li>\n<li data-start=\"4139\" data-end=\"4200\">\n<p data-start=\"4141\" data-end=\"4200\">Ext\u00e9rieur \u00e9l\u00e9gant blanc\/rouge\/noir avec protection GoatSkin<\/p>\n<\/li>\n<li data-start=\"4201\" data-end=\"4255\">\n<p data-start=\"4203\" data-end=\"4255\">Protection int\u00e9gr\u00e9e des articulations en TPU pour une protection contre les chocs<\/p>\n<\/li>\n<li data-start=\"4256\" data-end=\"4307\">\n<p data-start=\"4258\" data-end=\"4307\">Protection en caoutchouc EVA sur les doigts et les poignets<\/p>\n<\/li>\n<li data-start=\"4308\" data-end=\"4365\">\n<p data-start=\"4310\" data-end=\"4365\">Paume renforc\u00e9e en cuir GoatSkin avec rembourrage en mousse<\/p>\n<\/li>\n<li data-start=\"4366\" data-end=\"4418\">\n<p data-start=\"4368\" data-end=\"4418\">Poignet r\u00e9glable par velcro pour un ajustement sur mesure<\/p>\n<\/li>\n<li data-start=\"4419\" data-end=\"4454\">\n<p data-start=\"4421\" data-end=\"4454\">Finition \u00e9l\u00e9gante en cuir gaufr\u00e9<\/p>\n<\/li>\n<li data-start=\"4455\" data-end=\"4514\">\n<p data-start=\"4457\" data-end=\"4514\">Certifi\u00e9 selon les normes de s\u00e9curit\u00e9 EN420 et EN13594:2015<\/p>\n<\/li>\n<li data-start=\"4515\" data-end=\"4565\">\n<p data-start=\"4517\" data-end=\"4565\">Convient au commerce de gros europ\u00e9en et au commerce de d\u00e9tail B2C<\/p>\n<\/li>\n<\/ul>\n<p data-start=\"4567\" data-end=\"4875\">Avec la <strong data-start=\"4576\" data-end=\"4617\">RYINZ Gants de moto en cuir blanc<\/strong>, Avec le gant de s\u00e9curit\u00e9, vous n'offrez pas seulement la s\u00e9curit\u00e9, mais vous faites aussi une d\u00e9claration visuelle audacieuse. Que vous construisiez votre gamme de gants en tant que grossiste ou que vous \u00e9largissiez votre offre au d\u00e9tail avec des produits certifi\u00e9s, ce mod\u00e8le offre un potentiel de rendement \u00e9lev\u00e9 et une qualit\u00e9 ind\u00e9niable.<\/p>","protected":false},"excerpt":{"rendered":"<p>Am\u00e9liorez votre \u00e9quipement de moto avec les gants d'\u00e9quitation en cuir blanc de RYINZ - con\u00e7us pour la performance, la protection et les normes du march\u00e9 europ\u00e9en. Ces gants pr\u00e9sentent un dos en serg\u00e9 audacieux avec des d\u00e9tails blancs et rouges \u00e9l\u00e9gants, associ\u00e9s \u00e0 une construction en cuir GoatSkin durable pour une r\u00e9silience in\u00e9gal\u00e9e. Avec une protection int\u00e9gr\u00e9e des articulations en TPU, des protections en caoutchouc EVA sur les doigts et les poignets, et des paumes en cuir rembourr\u00e9es renforc\u00e9es, ces gants sont certifi\u00e9s CE pour la s\u00e9curit\u00e9 et pr\u00eats pour la distribution en gros ou au d\u00e9tail. Id\u00e9al pour les conducteurs urbains, les passionn\u00e9s de tourisme et les motocyclistes professionnels qui recherchent \u00e0 la fois la s\u00e9curit\u00e9 et un design remarquable.<\/p>","protected":false},"featured_media":9288,"comment_status":"closed","ping_status":"closed","template":"","meta":[],"product_brand":[35],"product_cat":[1111,380,122,68],"product_tag":[373,374,375,376,377,378,379,381,382,383,384,385,386,387,388],"class_list":{"0":"post-9184","1":"product","2":"type-product","3":"status-publish","4":"has-post-thumbnail","6":"product_brand-ryinz","7":"product_cat-motorbike","8":"product_cat-motorbike-gloves","9":"product_cat-motorbike-racing-gloves","10":"product_cat-ryinz","11":"product_tag-breathable-protective-gloves-for-long-rides","12":"product_tag-bright-color-gloves-for-road-safety-and-visibility","13":"product_tag-ce-certified-gloves-for-eu-motorcycle-safety","14":"product_tag-en13594-motorcycle-gloves-with-tpu-armor","15":"product_tag-eva-rubber-reinforced-tactical-gloves","16":"product_tag-goatskin-leather-motorcycle-gloves-for-retailers","17":"product_tag-high-visibility-biker-gloves-with-safety-features","18":"product_tag-motorcycle-gloves-with-foam-padded-palm","19":"product_tag-premium-riding-gloves-for-distribution","20":"product_tag-protective-riding-gloves-for-street-and-off-road","21":"product_tag-tactical-motorcycle-gloves-for-wholesale","22":"product_tag-tpu-knuckle-protected-gloves-for-motorcyclists","23":"product_tag-twill-back-biker-gloves-with-leather-palm","24":"product_tag-velcro-closure-motorcycle-gloves-for-fit","25":"product_tag-wholesale-riding-gloves-for-european-suppliers","27":"first","28":"instock","29":"taxable","30":"shipping-taxable","31":"purchasable","32":"product-type-simple"},"_links":{"self":[{"href":"https:\/\/ryinz.cz\/velkoobchod\/fr\/wp-json\/wp\/v2\/product\/9184","targetHints":{"allow":["GET"]}}],"collection":[{"href":"https:\/\/ryinz.cz\/velkoobchod\/fr\/wp-json\/wp\/v2\/product"}],"about":[{"href":"https:\/\/ryinz.cz\/velkoobchod\/fr\/wp-json\/wp\/v2\/types\/product"}],"replies":[{"embeddable":true,"href":"https:\/\/ryinz.cz\/velkoobchod\/fr\/wp-json\/wp\/v2\/comments?post=9184"}],"wp:featuredmedia":[{"embeddable":true,"href":"https:\/\/ryinz.cz\/velkoobchod\/fr\/wp-json\/wp\/v2\/media\/9288"}],"wp:attachment":[{"href":"https:\/\/ryinz.cz\/velkoobchod\/fr\/wp-json\/wp\/v2\/media?parent=9184"}],"wp:term":[{"taxonomy":"product_brand","embeddable":true,"href":"https:\/\/ryinz.cz\/velkoobchod\/fr\/wp-json\/wp\/v2\/product_brand?post=9184"},{"taxonomy":"product_cat","embeddable":true,"href":"https:\/\/ryinz.cz\/velkoobchod\/fr\/wp-json\/wp\/v2\/product_cat?post=9184"},{"taxonomy":"product_tag","embeddable":true,"href":"https:\/\/ryinz.cz\/velkoobchod\/fr\/wp-json\/wp\/v2\/product_tag?post=9184"}],"curies":[{"name":"wp","href":"https:\/\/api.w.org\/{rel}","templated":true}]}}