{"id":9183,"date":"2025-08-26T11:48:34","date_gmt":"2025-08-26T11:48:34","guid":{"rendered":"https:\/\/ryinz.cz\/velkoobchod\/?post_type=product&#038;p=9183"},"modified":"2026-01-18T20:18:06","modified_gmt":"2026-01-18T20:18:06","slug":"ryinz-grossiste-detaillant-gants-de-moto-en-cuir-marron-avec-jointure-en-tpu-et-rembourrage-de-protection-en-eva","status":"publish","type":"product","link":"https:\/\/ryinz.cz\/velkoobchod\/fr\/product\/ryinz-wholesale-retail-brown-leather-motorcycle-gloves-with-tpu-knuckle-and-eva-protective-padding\/","title":{"rendered":"RYINZ Grossiste et d\u00e9taillant Gants de moto en cuir marron avec jointure en TPU et rembourrage de protection en EVA"},"content":{"rendered":"<p data-start=\"967\" data-end=\"1089\"><strong data-start=\"967\" data-end=\"1089\">RYINZ Brown GoatSkin Motorcycle Gloves - Pour les distributeurs, les d\u00e9taillants et les pilotes professionnels qui appr\u00e9cient le style et la s\u00e9curit\u00e9<\/strong><\/p>\n<p data-start=\"1091\" data-end=\"1486\">Le <strong data-start=\"1095\" data-end=\"1136\">RYINZ Gants de moto en cuir marron<\/strong> ne sont pas de simples gants - ils sont une d\u00e9claration de classe, de protection et de savoir-faire durable. Con\u00e7u pour les grossistes et les d\u00e9taillants ciblant les motards \u00e9l\u00e9gants, ce mod\u00e8le associe une esth\u00e9tique haut de gamme \u00e0 une protection et un confort de premier ordre. Si vous recherchez des gants de moto qui allient un design raffin\u00e9 et une ing\u00e9nierie robuste, ce mod\u00e8le est votre r\u00e9ponse.<\/p>\n<p data-start=\"1488\" data-end=\"1902\"><strong data-start=\"1488\" data-end=\"1544\">Fusion de mat\u00e9riaux raffin\u00e9s - serg\u00e9 et cuir de ch\u00e8vre<\/strong><br data-start=\"1544\" data-end=\"1547\" \/>L'ext\u00e9rieur du gant est construit sur un <strong data-start=\"1582\" data-end=\"1603\">base en tissu serg\u00e9<\/strong>, choisi pour sa durabilit\u00e9 et sa flexibilit\u00e9, tandis que les panneaux de protection sont fabriqu\u00e9s \u00e0 partir d'acier inoxydable. <strong data-start=\"1693\" data-end=\"1724\">Cuir de ch\u00e8vre de haute qualit\u00e9<\/strong>. L'\u00e9l\u00e9gante finition marron se d\u00e9marque des gants noirs habituels, ce qui en fait la solution id\u00e9ale pour les marques ou les magasins ciblant les motards soucieux de la mode ou les communaut\u00e9s de motards au style r\u00e9tro.<\/p>\n<p data-start=\"1904\" data-end=\"2240\"><strong data-start=\"1904\" data-end=\"1960\">Protection des articulations en TPU pour une protection fiable contre les chocs<\/strong><br data-start=\"1960\" data-end=\"1963\" \/>La s\u00e9curit\u00e9 est primordiale dans les gants de moto, et RYINZ int\u00e8gre les \u00e9l\u00e9ments suivants <strong data-start=\"2026\" data-end=\"2052\">Protections des articulations en TPU<\/strong> qui absorbent et dispersent les forces d'impact lors des collisions ou des arr\u00eats soudains. La coque de la jointure est con\u00e7ue de mani\u00e8re ergonomique pour le confort, offrant une d\u00e9fense sup\u00e9rieure sans compromettre les mouvements.<\/p>\n<p data-start=\"2242\" data-end=\"2559\"><strong data-start=\"2242\" data-end=\"2288\">Renforcement en caoutchouc EVA - Doigts et poignets<\/strong><br data-start=\"2288\" data-end=\"2291\" \/>Plac\u00e9 strat\u00e9giquement <strong data-start=\"2312\" data-end=\"2338\">Protections en caoutchouc EVA<\/strong> sur le dos des doigts et les zones des poignets offrent une absorption des chocs et une protection l\u00e0 o\u00f9 c'est le plus n\u00e9cessaire. Ces sections permettent d'\u00e9viter les blessures aux zones les plus vuln\u00e9rables lors d'accidents de conduite ou d'exposition \u00e0 des terrains difficiles.<\/p>\n<p data-start=\"2561\" data-end=\"2996\"><strong data-start=\"2561\" data-end=\"2622\">Prise en main et confort accrus - Paume en peau de ch\u00e8vre avec rembourrage en mousse<\/strong><br data-start=\"2622\" data-end=\"2625\" \/>Le <strong data-start=\"2629\" data-end=\"2673\">la zone de la paume est enti\u00e8rement en cuir de ch\u00e8vre<\/strong>, La mati\u00e8re premi\u00e8re utilis\u00e9e est l'aluminium, choisi pour sa combinaison de douceur et de r\u00e9sistance \u00e0 l'abrasion. Renforc\u00e9 par <strong data-start=\"2755\" data-end=\"2771\">rembourrage en mousse<\/strong>, Les renforts sont positionn\u00e9s de mani\u00e8re \u00e0 soutenir les points de contact soumis \u00e0 de fortes contraintes, ce qui permet de garder le contr\u00f4le m\u00eame dans des conditions humides et difficiles. Les renforts sont positionn\u00e9s de mani\u00e8re \u00e0 soutenir les points de contact les plus sollicit\u00e9s, ce qui permet de garder le contr\u00f4le m\u00eame dans des conditions humides ou difficiles.<\/p>\n<p data-start=\"2998\" data-end=\"3298\"><strong data-start=\"2998\" data-end=\"3035\">Ajustement s\u00fbr - Fermeture du poignet par Velcro<\/strong><br data-start=\"3035\" data-end=\"3038\" \/>\u00c9quip\u00e9 d'un syst\u00e8me de r\u00e9glage <strong data-start=\"3066\" data-end=\"3082\">Bande velcro<\/strong>, Le syst\u00e8me de fermeture permet de bloquer le vent et la poussi\u00e8re tout en offrant une exp\u00e9rience d'enfilage et de retrait rapide. Le syst\u00e8me de fermeture permet de bloquer le vent et la poussi\u00e8re tout en offrant une exp\u00e9rience d'enfilage et de retrait rapide - id\u00e9al pour les cyclistes qui ont besoin de praticit\u00e9 sans sacrifier le style.<\/p>\n<p data-start=\"3300\" data-end=\"3637\"><strong data-start=\"3300\" data-end=\"3350\">Protection certifi\u00e9e - Con\u00e7ue pour le march\u00e9 de l'UE<\/strong><br data-start=\"3350\" data-end=\"3353\" \/>Tous les gants RYINZ, y compris ce mod\u00e8le marron, sont test\u00e9s dans les conditions suivantes <strong data-start=\"3416\" data-end=\"3452\">Normes EN420 et EN13594:2015<\/strong>, ce qui les rend conformes aux r\u00e9glementations CE. Cette certification garantit \u00e0 vos acheteurs et \u00e0 vos clients des performances de protection et un confort \u00e9prouv\u00e9s, soutenus par des normes de s\u00e9curit\u00e9 internationales.<\/p>\n<p data-start=\"3639\" data-end=\"3661\"><strong data-start=\"3639\" data-end=\"3659\">Cas d'utilisation id\u00e9aux :<\/strong><\/p>\n<ul data-start=\"3662\" data-end=\"3906\">\n<li data-start=\"3662\" data-end=\"3703\">\n<p data-start=\"3664\" data-end=\"3703\">Conduite quotidienne en milieu urbain<\/p>\n<\/li>\n<li data-start=\"3704\" data-end=\"3753\">\n<p data-start=\"3706\" data-end=\"3753\">Passionn\u00e9s de caf\u00e9 racer et de motos anciennes<\/p>\n<\/li>\n<li data-start=\"3754\" data-end=\"3790\">\n<p data-start=\"3756\" data-end=\"3790\">Touring et aventures sur route ouverte<\/p>\n<\/li>\n<li data-start=\"3791\" data-end=\"3853\">\n<p data-start=\"3793\" data-end=\"3853\">Les d\u00e9taillants de mat\u00e9riel recherchent des produits \u00e9l\u00e9gants et protecteurs<\/p>\n<\/li>\n<li data-start=\"3854\" data-end=\"3906\">\n<p data-start=\"3856\" data-end=\"3906\">Projets OEM\/ODM \u00e0 la recherche de gants en cuir haut de gamme<\/p>\n<\/li>\n<\/ul>\n<p data-start=\"3908\" data-end=\"4225\"><strong data-start=\"3908\" data-end=\"3951\">Possibilit\u00e9s de personnalisation et de vente en gros<\/strong><br data-start=\"3951\" data-end=\"3954\" \/>En tant que marque adapt\u00e9e au B2B, <strong data-start=\"3979\" data-end=\"4007\">RYINZ propose des options OEM<\/strong>, Le gant est disponible en plusieurs versions, avec des emplacements de marque, un emballage personnalis\u00e9 et des prix de volume pour les clients en gros. Ce mod\u00e8le de gant est particuli\u00e8rement populaire parmi les boutiques de mat\u00e9riel de moto, les marques de style de vie et les distributeurs haut de gamme dans toute l'Europe.<\/p>\n<p data-start=\"4227\" data-end=\"4251\"><strong data-start=\"4227\" data-end=\"4249\">Points forts de la conception :<\/strong><\/p>\n<ul data-start=\"4252\" data-end=\"4705\">\n<li data-start=\"4252\" data-end=\"4301\">\n<p data-start=\"4254\" data-end=\"4301\">\u00c9l\u00e9gante palette de couleurs bicolores marron et noir<\/p>\n<\/li>\n<li data-start=\"4302\" data-end=\"4354\">\n<p data-start=\"4304\" data-end=\"4354\">Patchs en cuir de ch\u00e8vre de haute qualit\u00e9 sur les doigts<\/p>\n<\/li>\n<li data-start=\"4355\" data-end=\"4419\">\n<p data-start=\"4357\" data-end=\"4419\">Dos en tissu serg\u00e9 solide pour la flexibilit\u00e9 et la respirabilit\u00e9<\/p>\n<\/li>\n<li data-start=\"4420\" data-end=\"4478\">\n<p data-start=\"4422\" data-end=\"4478\">Coque de protection des articulations en TPU avec une finition mate subtile<\/p>\n<\/li>\n<li data-start=\"4479\" data-end=\"4528\">\n<p data-start=\"4481\" data-end=\"4528\">Renforts EVA sur les doigts et les poignets<\/p>\n<\/li>\n<li data-start=\"4529\" data-end=\"4579\">\n<p data-start=\"4531\" data-end=\"4579\">Paume rembourr\u00e9e en peau de ch\u00e8vre avec coutures renforc\u00e9es<\/p>\n<\/li>\n<li data-start=\"4580\" data-end=\"4625\">\n<p data-start=\"4582\" data-end=\"4625\">Fermeture velcro au poignet pour un ajustement personnalis\u00e9<\/p>\n<\/li>\n<li data-start=\"4626\" data-end=\"4669\">\n<p data-start=\"4628\" data-end=\"4669\">L\u00e9ger, respirant et pr\u00eat pour la route<\/p>\n<\/li>\n<li data-start=\"4670\" data-end=\"4705\">\n<p data-start=\"4672\" data-end=\"4705\">Test\u00e9 CE : EN420 &amp; EN13594:2015<\/p>\n<\/li>\n<\/ul>\n<p data-start=\"4707\" data-end=\"5027\">En choisissant le <strong data-start=\"4723\" data-end=\"4753\">RYINZ Gants en cuir marron<\/strong>, Avec ce gant, vous investissez dans un produit qui a l'air luxueux et qui fonctionne comme une b\u00eate sur la route. Que vous soyez un grossiste stockant votre catalogue saisonnier ou un d\u00e9taillant fournissant du mat\u00e9riel de moto haut de gamme, ce gant offre une qualit\u00e9 sup\u00e9rieure que vos clients remarqueront instantan\u00e9ment.<\/p>","protected":false},"excerpt":{"rendered":"<p>D\u00e9couvrez un m\u00e9lange de style, de durabilit\u00e9 et de protection avec les gants de moto marron de RYINZ - id\u00e9al pour les grossistes, les d\u00e9taillants et les revendeurs de mat\u00e9riel de moto. Ces gants pr\u00e9sentent un dos en serg\u00e9 \u00e9l\u00e9gant associ\u00e9 \u00e0 une construction en cuir GoatSkin riche, offrant \u00e0 la fois \u00e9l\u00e9gance et fonctionnalit\u00e9 robuste. \u00c9quip\u00e9s de prot\u00e8ge-joints en TPU, d'une protection en caoutchouc EVA sur les doigts et les poignets, et de paumes en cuir renforc\u00e9es de mousse, ces gants r\u00e9pondent aux normes de s\u00e9curit\u00e9 europ\u00e9ennes (EN420 &amp; EN13594:2015) tout en offrant un confort tout au long de la journ\u00e9e et une bonne prise en main. Un choix parfait pour rouler avec style tout en restant prot\u00e9g\u00e9, d\u00e9sormais disponible pour les ventes B2B et au d\u00e9tail.<\/p>","protected":false},"featured_media":9287,"comment_status":"closed","ping_status":"closed","template":"","meta":[],"product_brand":[35],"product_cat":[1111,380,122,68],"product_tag":[373,374,375,376,377,378,379,381,382,383,384,385,386,387,388],"class_list":{"0":"post-9183","1":"product","2":"type-product","3":"status-publish","4":"has-post-thumbnail","6":"product_brand-ryinz","7":"product_cat-motorbike","8":"product_cat-motorbike-gloves","9":"product_cat-motorbike-racing-gloves","10":"product_cat-ryinz","11":"product_tag-breathable-protective-gloves-for-long-rides","12":"product_tag-bright-color-gloves-for-road-safety-and-visibility","13":"product_tag-ce-certified-gloves-for-eu-motorcycle-safety","14":"product_tag-en13594-motorcycle-gloves-with-tpu-armor","15":"product_tag-eva-rubber-reinforced-tactical-gloves","16":"product_tag-goatskin-leather-motorcycle-gloves-for-retailers","17":"product_tag-high-visibility-biker-gloves-with-safety-features","18":"product_tag-motorcycle-gloves-with-foam-padded-palm","19":"product_tag-premium-riding-gloves-for-distribution","20":"product_tag-protective-riding-gloves-for-street-and-off-road","21":"product_tag-tactical-motorcycle-gloves-for-wholesale","22":"product_tag-tpu-knuckle-protected-gloves-for-motorcyclists","23":"product_tag-twill-back-biker-gloves-with-leather-palm","24":"product_tag-velcro-closure-motorcycle-gloves-for-fit","25":"product_tag-wholesale-riding-gloves-for-european-suppliers","27":"first","28":"instock","29":"taxable","30":"shipping-taxable","31":"purchasable","32":"product-type-simple"},"_links":{"self":[{"href":"https:\/\/ryinz.cz\/velkoobchod\/fr\/wp-json\/wp\/v2\/product\/9183","targetHints":{"allow":["GET"]}}],"collection":[{"href":"https:\/\/ryinz.cz\/velkoobchod\/fr\/wp-json\/wp\/v2\/product"}],"about":[{"href":"https:\/\/ryinz.cz\/velkoobchod\/fr\/wp-json\/wp\/v2\/types\/product"}],"replies":[{"embeddable":true,"href":"https:\/\/ryinz.cz\/velkoobchod\/fr\/wp-json\/wp\/v2\/comments?post=9183"}],"wp:featuredmedia":[{"embeddable":true,"href":"https:\/\/ryinz.cz\/velkoobchod\/fr\/wp-json\/wp\/v2\/media\/9287"}],"wp:attachment":[{"href":"https:\/\/ryinz.cz\/velkoobchod\/fr\/wp-json\/wp\/v2\/media?parent=9183"}],"wp:term":[{"taxonomy":"product_brand","embeddable":true,"href":"https:\/\/ryinz.cz\/velkoobchod\/fr\/wp-json\/wp\/v2\/product_brand?post=9183"},{"taxonomy":"product_cat","embeddable":true,"href":"https:\/\/ryinz.cz\/velkoobchod\/fr\/wp-json\/wp\/v2\/product_cat?post=9183"},{"taxonomy":"product_tag","embeddable":true,"href":"https:\/\/ryinz.cz\/velkoobchod\/fr\/wp-json\/wp\/v2\/product_tag?post=9183"}],"curies":[{"name":"wp","href":"https:\/\/api.w.org\/{rel}","templated":true}]}}