{"id":9182,"date":"2025-06-22T15:31:57","date_gmt":"2025-06-22T15:31:57","guid":{"rendered":"https:\/\/ryinz.cz\/velkoobchod\/?post_type=product&#038;p=9182"},"modified":"2026-01-18T20:18:05","modified_gmt":"2026-01-18T20:18:05","slug":"ryinz-wholesale-retail-goatskin-tactical-motorcycle-gloves-with-tpu-knuckle-eva-safety-protection","status":"publish","type":"product","link":"https:\/\/ryinz.cz\/velkoobchod\/fr\/product\/ryinz-wholesale-retail-goatskin-tactical-motorcycle-gloves-with-tpu-knuckle-eva-safety-protection\/","title":{"rendered":"RYINZ Grossiste &amp; D\u00e9taillant Gants Tactiques Moto en Peau de Ch\u00e8vre avec Protection de S\u00e9curit\u00e9 TPU et EVA"},"content":{"rendered":"<p data-start=\"1061\" data-end=\"1170\"><strong data-start=\"1061\" data-end=\"1170\">RYINZ GoatSkin Tactical Motorcycle Gloves for Wholesale &amp; Retail Buyers - Con\u00e7us pour la s\u00e9curit\u00e9 et la vitesse<\/strong><\/p>\n<p data-start=\"1172\" data-end=\"1619\">Lorsqu'il s'agit de gants de moto de qualit\u00e9 professionnelle, <strong data-start=\"1227\" data-end=\"1236\">RYINZ<\/strong> est un nom synonyme de s\u00e9curit\u00e9, de savoir-faire et de performance. Ces gants tactiques haut de gamme sont con\u00e7us pour les grossistes, les d\u00e9taillants et les marques \u00e0 la recherche d'\u00e9quipements de protection tr\u00e8s demand\u00e9s qui associent des mat\u00e9riaux innovants \u00e0 des fonctions de protection de classe mondiale. Con\u00e7us pour r\u00e9sister aux conditions routi\u00e8res et m\u00e9t\u00e9orologiques les plus difficiles, ces gants offrent \u00e0 vos clients l'avantage dont ils ont besoin sur la route.<\/p>\n<p data-start=\"1621\" data-end=\"2002\"><strong data-start=\"1621\" data-end=\"1689\">Construit pour l'endurance - dos en serg\u00e9 et protection en cuir de ch\u00e8vre<\/strong><br data-start=\"1689\" data-end=\"1692\" \/>Ces gants sont dot\u00e9s d'un <strong data-start=\"1726\" data-end=\"1749\">dos en tissu serg\u00e9<\/strong> qui est suffisamment souple pour supporter les mouvements fluides de la main tout en restant r\u00e9sistant aux d\u00e9chirures et \u00e0 une utilisation prolong\u00e9e. Strat\u00e9gique <strong data-start=\"1872\" data-end=\"1900\">Patchs en cuir de ch\u00e8vre<\/strong> sont ajout\u00e9s \u00e0 l'arri\u00e8re des doigts pour une meilleure d\u00e9fense contre les abrasions et l'exposition.<\/p>\n<p data-start=\"2004\" data-end=\"2455\"><strong data-start=\"2004\" data-end=\"2053\">Protection avanc\u00e9e contre les chocs pour les conducteurs s\u00e9rieux<\/strong><br data-start=\"2053\" data-end=\"2056\" \/>Les cavaliers exigent de plus en plus des gants qui offrent une protection de haut niveau sans compromettre la flexibilit\u00e9. Ces gants r\u00e9pondent \u00e0 cette demande gr\u00e2ce \u00e0 <strong data-start=\"2201\" data-end=\"2227\">Protections des articulations en TPU<\/strong>, qui offrent une protection fiable contre les chocs en cas de chute. Entre-temps, <strong data-start=\"2305\" data-end=\"2329\">Blindage en caoutchouc EVA<\/strong> est int\u00e9gr\u00e9 aux doigts et aux poignets, prot\u00e9geant les zones d\u00e9licates et absorbant les chocs en cas d'accident ou de mouvements brusques.<\/p>\n<p data-start=\"2457\" data-end=\"2896\"><strong data-start=\"2457\" data-end=\"2524\">Paume \u00e0 forte adh\u00e9rence avec peau de ch\u00e8vre renforc\u00e9e et rembourrage en mousse<\/strong><br data-start=\"2524\" data-end=\"2527\" \/>La paume est l'un des points de contact les plus importants pour les pilotes, et RYINZ s'assure qu'elle b\u00e9n\u00e9ficie d'un traitement de premier ordre. La paume <strong data-start=\"2646\" data-end=\"2671\">Paume en cuir de ch\u00e8vre<\/strong> est int\u00e9gr\u00e9 avec des <strong data-start=\"2700\" data-end=\"2716\">rembourrage en mousse<\/strong> pour r\u00e9duire la pression et am\u00e9liorer la prise en main du guidon. Que vos clients fassent du v\u00e9lo en ville ou du v\u00e9lo tout-terrain, cette conception ergonomique leur permet de mieux se tenir et de mieux contr\u00f4ler leurs mains.<\/p>\n<p data-start=\"2898\" data-end=\"3265\"><strong data-start=\"2898\" data-end=\"2946\">Confort et ajustement - Fermetures Velcro ajustables<\/strong><br data-start=\"2946\" data-end=\"2949\" \/>Les gants comprennent un <strong data-start=\"2970\" data-end=\"2999\">sangle de poignet s\u00e9curis\u00e9e en velcro<\/strong> ce qui permet de les serrer ou de les desserrer facilement en cours de route. La fermeture au poignet permet non seulement de s'assurer que les gants sont bien ajust\u00e9s, mais aussi d'emp\u00eacher le vent, la salet\u00e9 et l'humidit\u00e9 de p\u00e9n\u00e9trer dans les gants. Ces caract\u00e9ristiques de conception les rendent parfaits pour les longues randonn\u00e9es, le v\u00e9lo de montagne et l'utilisation professionnelle dans la rue.<\/p>\n<p data-start=\"3267\" data-end=\"3592\"><strong data-start=\"3267\" data-end=\"3311\">Haute visibilit\u00e9 pour une meilleure s\u00e9curit\u00e9 routi\u00e8re<\/strong><br data-start=\"3311\" data-end=\"3314\" \/>En plus de la protection et de l'adh\u00e9rence, ces gants sont disponibles dans les versions suivantes <strong data-start=\"3371\" data-end=\"3408\">options de couleurs jaune n\u00e9on et rouge<\/strong> qui am\u00e9liorent consid\u00e9rablement la visibilit\u00e9 du conducteur. Particuli\u00e8rement utiles pour les promenades nocturnes ou par mauvais temps, les accents de couleur rendent les cyclistes plus visibles pour les autres automobilistes, am\u00e9liorant ainsi la s\u00e9curit\u00e9 routi\u00e8re.<\/p>\n<p data-start=\"3594\" data-end=\"3947\"><strong data-start=\"3594\" data-end=\"3639\">Parfait pour les acheteurs B2B et les d\u00e9taillants d'\u00e9quipement<\/strong><br data-start=\"3639\" data-end=\"3642\" \/>Si vous \u00eates un distributeur, un fournisseur d'\u00e9quipement ou un magasin de d\u00e9tail cherchant \u00e0 stocker des gants de moto de premi\u00e8re qualit\u00e9, RYINZ fournit une assurance qualit\u00e9, des options d'emballage \u00e9l\u00e9gantes et un excellent support pour vos besoins de vente en gros. Ces gants sont certifi\u00e9s CE et respectent les normes europ\u00e9ennes - un must pour votre stock.<\/p>\n<p data-start=\"3949\" data-end=\"4242\"><strong data-start=\"3949\" data-end=\"3995\">Test\u00e9 et approuv\u00e9 - EN420 &amp; EN13594:2015<\/strong><br data-start=\"3995\" data-end=\"3998\" \/>Ces gants sont certifi\u00e9s <strong data-start=\"4031\" data-end=\"4057\">EN420 et EN13594:2015<\/strong>, Cela signifie qu'ils ont pass\u00e9 des tests rigoureux en mati\u00e8re de s\u00e9curit\u00e9, de performance et de confort. Ils peuvent donc \u00eatre utilis\u00e9s dans tous les pays de l'UE et sont reconnus par les cavaliers amateurs et professionnels.<\/p>\n<p data-start=\"4244\" data-end=\"4519\"><strong data-start=\"4244\" data-end=\"4298\">Variantes de couleurs et options de marquage personnalis\u00e9es disponibles<\/strong><br data-start=\"4298\" data-end=\"4301\" \/>Disponible en <strong data-start=\"4314\" data-end=\"4349\">Jaune n\u00e9on\/noir et rouge\/noir<\/strong>, RYINZ offre une grande flexibilit\u00e9 en mati\u00e8re de style et peut, sur demande, travailler avec des logos et des \u00e9tiquettes personnalis\u00e9s. Les projets de marques priv\u00e9es peuvent b\u00e9n\u00e9ficier d'une aide \u00e0 la personnalisation et \u00e0 l'\u00e9tablissement de quotas.<\/p>\n<p data-start=\"4521\" data-end=\"4548\"><strong data-start=\"4521\" data-end=\"4546\">R\u00e9sum\u00e9 des principales caract\u00e9ristiques :<\/strong><\/p>\n<ul data-start=\"4549\" data-end=\"4990\">\n<li data-start=\"4549\" data-end=\"4586\">\n<p data-start=\"4551\" data-end=\"4586\">Construction en tissu serg\u00e9 durable<\/p>\n<\/li>\n<li data-start=\"4587\" data-end=\"4643\">\n<p data-start=\"4589\" data-end=\"4643\">Protection des articulations en TPU pour une absorption extr\u00eame des chocs<\/p>\n<\/li>\n<li data-start=\"4644\" data-end=\"4694\">\n<p data-start=\"4646\" data-end=\"4694\">Renforts en caoutchouc EVA sur les doigts et les poignets<\/p>\n<\/li>\n<li data-start=\"4695\" data-end=\"4746\">\n<p data-start=\"4697\" data-end=\"4746\">Paume et doigts en cuir de ch\u00e8vre de premi\u00e8re qualit\u00e9<\/p>\n<\/li>\n<li data-start=\"4747\" data-end=\"4810\">\n<p data-start=\"4749\" data-end=\"4810\">Rembourrage interne en mousse pour une meilleure adh\u00e9rence et une r\u00e9duction des chocs<\/p>\n<\/li>\n<li data-start=\"4811\" data-end=\"4845\">\n<p data-start=\"4813\" data-end=\"4845\">Sangles de poignet r\u00e9glables en velcro<\/p>\n<\/li>\n<li data-start=\"4846\" data-end=\"4893\">\n<p data-start=\"4848\" data-end=\"4893\">Couleurs de s\u00e9curit\u00e9 n\u00e9on pour une meilleure visibilit\u00e9<\/p>\n<\/li>\n<li data-start=\"4894\" data-end=\"4947\">\n<p data-start=\"4896\" data-end=\"4947\">Disponible pour les grossistes, les d\u00e9taillants et les projets OEM<\/p>\n<\/li>\n<li data-start=\"4948\" data-end=\"4990\">\n<p data-start=\"4950\" data-end=\"4990\">Certifi\u00e9 selon les normes EN420 et EN13594:2015<\/p>\n<\/li>\n<\/ul>\n<p data-start=\"4992\" data-end=\"5227\">Qu'il s'agisse d'approvisionner un magasin d'\u00e9quipement pour motards, d'importer pour la distribution ou de cr\u00e9er une gamme de produits sous marque de distributeur, l'\u00e9quipe d'experts de la Commission europ\u00e9enne est l\u00e0 pour vous aider. <strong data-start=\"5123\" data-end=\"5159\">Gants tactiques de moto RYINZ<\/strong> offrent la fonctionnalit\u00e9 et la protection auxquelles vos clients font confiance.<\/p>","protected":false},"excerpt":{"rendered":"<p>D\u00e9couvrez une protection et un confort in\u00e9gal\u00e9s avec les gants de moto tactiques RYINZ - le m\u00e9lange parfait de durabilit\u00e9, de contr\u00f4le et de design pour les pilotes professionnels et les d\u00e9taillants d'\u00e9quipement de moto. Fabriqu\u00e9s en tissu serg\u00e9 et renforc\u00e9s par du cuir GoatSkin de premi\u00e8re qualit\u00e9, ces gants sont dot\u00e9s d'une protection TPU pour les articulations, d'une protection en caoutchouc EVA sur les doigts et les poignets, et d'une paume rembourr\u00e9e en mousse pour une meilleure r\u00e9sistance aux chocs. Qu'ils soient destin\u00e9s \u00e0 la vente au d\u00e9tail ou \u00e0 la vente en gros B2B, ces gants sont con\u00e7us pour offrir des performances \u00e9lev\u00e9es et une valeur durable. Certifi\u00e9s EN420 et EN13594:2015, ils sont propos\u00e9s dans des couleurs de s\u00e9curit\u00e9 \u00e9clatantes pour accro\u00eetre la visibilit\u00e9 et la confiance du motard sur la route.<\/p>","protected":false},"featured_media":9286,"comment_status":"closed","ping_status":"closed","template":"","meta":[],"product_brand":[35],"product_cat":[1111,380,122,68],"product_tag":[373,374,375,376,377,378,379,381,382,383,384,385,386,387,388],"class_list":{"0":"post-9182","1":"product","2":"type-product","3":"status-publish","4":"has-post-thumbnail","6":"product_brand-ryinz","7":"product_cat-motorbike","8":"product_cat-motorbike-gloves","9":"product_cat-motorbike-racing-gloves","10":"product_cat-ryinz","11":"product_tag-breathable-protective-gloves-for-long-rides","12":"product_tag-bright-color-gloves-for-road-safety-and-visibility","13":"product_tag-ce-certified-gloves-for-eu-motorcycle-safety","14":"product_tag-en13594-motorcycle-gloves-with-tpu-armor","15":"product_tag-eva-rubber-reinforced-tactical-gloves","16":"product_tag-goatskin-leather-motorcycle-gloves-for-retailers","17":"product_tag-high-visibility-biker-gloves-with-safety-features","18":"product_tag-motorcycle-gloves-with-foam-padded-palm","19":"product_tag-premium-riding-gloves-for-distribution","20":"product_tag-protective-riding-gloves-for-street-and-off-road","21":"product_tag-tactical-motorcycle-gloves-for-wholesale","22":"product_tag-tpu-knuckle-protected-gloves-for-motorcyclists","23":"product_tag-twill-back-biker-gloves-with-leather-palm","24":"product_tag-velcro-closure-motorcycle-gloves-for-fit","25":"product_tag-wholesale-riding-gloves-for-european-suppliers","27":"first","28":"instock","29":"taxable","30":"shipping-taxable","31":"purchasable","32":"product-type-simple"},"_links":{"self":[{"href":"https:\/\/ryinz.cz\/velkoobchod\/fr\/wp-json\/wp\/v2\/product\/9182","targetHints":{"allow":["GET"]}}],"collection":[{"href":"https:\/\/ryinz.cz\/velkoobchod\/fr\/wp-json\/wp\/v2\/product"}],"about":[{"href":"https:\/\/ryinz.cz\/velkoobchod\/fr\/wp-json\/wp\/v2\/types\/product"}],"replies":[{"embeddable":true,"href":"https:\/\/ryinz.cz\/velkoobchod\/fr\/wp-json\/wp\/v2\/comments?post=9182"}],"wp:featuredmedia":[{"embeddable":true,"href":"https:\/\/ryinz.cz\/velkoobchod\/fr\/wp-json\/wp\/v2\/media\/9286"}],"wp:attachment":[{"href":"https:\/\/ryinz.cz\/velkoobchod\/fr\/wp-json\/wp\/v2\/media?parent=9182"}],"wp:term":[{"taxonomy":"product_brand","embeddable":true,"href":"https:\/\/ryinz.cz\/velkoobchod\/fr\/wp-json\/wp\/v2\/product_brand?post=9182"},{"taxonomy":"product_cat","embeddable":true,"href":"https:\/\/ryinz.cz\/velkoobchod\/fr\/wp-json\/wp\/v2\/product_cat?post=9182"},{"taxonomy":"product_tag","embeddable":true,"href":"https:\/\/ryinz.cz\/velkoobchod\/fr\/wp-json\/wp\/v2\/product_tag?post=9182"}],"curies":[{"name":"wp","href":"https:\/\/api.w.org\/{rel}","templated":true}]}}