{"id":9181,"date":"2025-06-22T15:31:56","date_gmt":"2025-06-22T15:31:56","guid":{"rendered":"https:\/\/ryinz.cz\/velkoobchod\/?post_type=product&#038;p=9181"},"modified":"2026-01-18T20:18:04","modified_gmt":"2026-01-18T20:18:04","slug":"ryinz-premium-goatskin-leather-motorcycle-gloves-with-tpu-knuckle-eva-cuff-protection-model-mbwg-9999-0118","status":"publish","type":"product","link":"https:\/\/ryinz.cz\/velkoobchod\/fr\/product\/ryinz-premium-goatskin-leather-motorcycle-gloves-with-tpu-knuckle-eva-cuff-protection-model-mbwg-9999-0118\/","title":{"rendered":"RYINZ Gants de moto en cuir de ch\u00e8vre de premi\u00e8re qualit\u00e9 avec protection des articulations en TPU et de la manchette en EVA - Mod\u00e8le MBWG 9999-0118"},"content":{"rendered":"<p data-start=\"1186\" data-end=\"1265\">RYINZ MBWG 9999-0118 - Gants de protection avanc\u00e9e pour motocyclistes s\u00e9rieux<\/p>\n<p data-start=\"1267\" data-end=\"1622\">Pour les passionn\u00e9s de moto et les professionnels qui refusent de faire des compromis sur la s\u00e9curit\u00e9 ou le confort, la <strong data-start=\"1363\" data-end=\"1387\">RYINZ MBWG 9999-0118<\/strong> sont les compagnons de route par excellence. Ces gants sont con\u00e7us avec un \u00e9quilibre judicieux entre des caract\u00e9ristiques de protection modernes et un savoir-faire de premier ordre, ce qui les rend id\u00e9aux pour le v\u00e9lo \u00e0 grande vitesse, le motocross, le cyclotourisme et la conduite urbaine.<\/p>\n<p data-start=\"1624\" data-end=\"2017\"><strong data-start=\"1624\" data-end=\"1669\">Des mat\u00e9riaux de qualit\u00e9 sup\u00e9rieure pour une durabilit\u00e9 maximale<\/strong><br data-start=\"1669\" data-end=\"1672\" \/>La base du MBWG 9999-0118 est son dos en tissu serg\u00e9 - un tissu solide et flexible qui permet une facilit\u00e9 de mouvement sans sacrifier la solidit\u00e9. Renforc\u00e9 par <strong data-start=\"1842\" data-end=\"1878\">patchs en cuir de ch\u00e8vre de premi\u00e8re qualit\u00e9<\/strong> sur le dos des doigts, ces gants sont con\u00e7us pour r\u00e9sister aux abrasions et \u00e0 l'usure r\u00e9guli\u00e8re, tout en offrant une exp\u00e9rience tactile sup\u00e9rieure.<\/p>\n<p data-start=\"2019\" data-end=\"2406\"><strong data-start=\"2019\" data-end=\"2065\">Protection TPU et EVA l\u00e0 o\u00f9 c'est le plus important<\/strong><br data-start=\"2065\" data-end=\"2068\" \/>Pour minimiser les blessures en cas d'impact, les gants sont \u00e9quip\u00e9s de <strong data-start=\"2129\" data-end=\"2155\">Protections des articulations en TPU<\/strong> - une coque thermoplastique l\u00e9g\u00e8re mais tr\u00e8s r\u00e9sistante qui disperse la force. <strong data-start=\"2233\" data-end=\"2258\">Protection en caoutchouc EVA<\/strong> est incorpor\u00e9 \u00e0 la fois sur l'arri\u00e8re des doigts et sur la manchette, offrant une couverture critique pour les zones d\u00e9licates susceptibles d'\u00eatre endommag\u00e9es lors de chutes ou d'arr\u00eats soudains.<\/p>\n<p data-start=\"2408\" data-end=\"2812\"><strong data-start=\"2408\" data-end=\"2449\">Renforts de paume pour une bonne prise en main<\/strong><br data-start=\"2449\" data-end=\"2452\" \/>La zone des palmiers pr\u00e9sente les caract\u00e9ristiques suivantes <strong data-start=\"2475\" data-end=\"2495\">Cuir de ch\u00e8vre<\/strong> am\u00e9lior\u00e9e avec <strong data-start=\"2510\" data-end=\"2545\">Renforts en cuir GoatSkin<\/strong> et interne <strong data-start=\"2559\" data-end=\"2575\">rembourrage en mousse<\/strong>. Cette combinaison offre aux cyclistes une excellente adh\u00e9rence et une r\u00e9sistance accrue aux chocs, particuli\u00e8rement utile lors des longues randonn\u00e9es ou en tout-terrain. La texture gaufr\u00e9e am\u00e9liore le contr\u00f4le de l'adh\u00e9rence et r\u00e9duit la fatigue tout en maintenant la respirabilit\u00e9.<\/p>\n<p data-start=\"2814\" data-end=\"3068\"><strong data-start=\"2814\" data-end=\"2850\">Ajustement fiable gr\u00e2ce \u00e0 la fermeture velcro<\/strong><br data-start=\"2850\" data-end=\"2853\" \/>R\u00e9glable <strong data-start=\"2864\" data-end=\"2881\">Sangles en velcro<\/strong> au poignet permettent d'obtenir un ajustement personnalis\u00e9. Cette fermeture s\u00e9curis\u00e9e garantit que les gants restent en place pendant les activit\u00e9s intenses, \u00e9liminant les distractions et am\u00e9liorant la confiance du cavalier.<\/p>\n<p data-start=\"3070\" data-end=\"3387\"><strong data-start=\"3070\" data-end=\"3101\">Design \u00e9l\u00e9gant et fonctionnel<\/strong><br data-start=\"3101\" data-end=\"3104\" \/>Ces gants sont non seulement fonctionnels, mais aussi visuellement remarquables. Propos\u00e9s en <strong data-start=\"3175\" data-end=\"3217\">variantes en noir, blanc, rouge et bleu<\/strong>, Ils s'harmonisent avec les diff\u00e9rentes tenues d'\u00e9quitation et ajoutent une touche de style personnel. Le cuir de ch\u00e8vre gaufr\u00e9 et les prot\u00e8ge-joints \u00e9l\u00e9gants permettent \u00e0 ces gants de se d\u00e9marquer.<\/p>\n<p data-start=\"3389\" data-end=\"3734\"><strong data-start=\"3389\" data-end=\"3436\">Test\u00e9 et certifi\u00e9 pour les normes europ\u00e9ennes<\/strong><br data-start=\"3436\" data-end=\"3439\" \/>Les gants MBWG 9999-0118 sont test\u00e9s et certifi\u00e9s selon les normes suivantes <strong data-start=\"3503\" data-end=\"3512\">EN420<\/strong> et <strong data-start=\"3517\" data-end=\"3534\">EN 13594:2015<\/strong>, Ils sont conformes aux normes de s\u00e9curit\u00e9 europ\u00e9ennes relatives aux \u00e9quipements de protection individuelle (EPI). Cette certification garantit qu'ils sont adapt\u00e9s \u00e0 un usage routier et qu'ils offrent la protection n\u00e9cessaire en cas d'accident.<\/p>\n<p data-start=\"3736\" data-end=\"3761\"><strong data-start=\"3736\" data-end=\"3759\">Applications id\u00e9ales :<\/strong><\/p>\n<ul data-start=\"3762\" data-end=\"3927\">\n<li data-start=\"3762\" data-end=\"3790\">\n<p data-start=\"3764\" data-end=\"3790\">Conduite d'un motocycle dans la rue<\/p>\n<\/li>\n<li data-start=\"3791\" data-end=\"3814\">\n<p data-start=\"3793\" data-end=\"3814\">Courses professionnelles<\/p>\n<\/li>\n<li data-start=\"3815\" data-end=\"3849\">\n<p data-start=\"3817\" data-end=\"3849\">Cyclisme de tourisme et de longue distance<\/p>\n<\/li>\n<li data-start=\"3850\" data-end=\"3885\">\n<p data-start=\"3852\" data-end=\"3885\">Aventures en motocross et hors route<\/p>\n<\/li>\n<li data-start=\"3886\" data-end=\"3927\">\n<p data-start=\"3888\" data-end=\"3927\">V\u00e9lo d'hiver (avec des gants en sous-couche)<\/p>\n<\/li>\n<\/ul>\n<p data-start=\"3929\" data-end=\"3954\"><strong data-start=\"3929\" data-end=\"3952\">Points forts du produit :<\/strong><\/p>\n<ul data-start=\"3955\" data-end=\"4379\">\n<li data-start=\"3955\" data-end=\"3991\">\n<p data-start=\"3957\" data-end=\"3991\">Construction du dos en tissu serg\u00e9<\/p>\n<\/li>\n<li data-start=\"3992\" data-end=\"4039\">\n<p data-start=\"3994\" data-end=\"4039\">Patches en cuir de ch\u00e8vre de premi\u00e8re qualit\u00e9 sur les doigts<\/p>\n<\/li>\n<li data-start=\"4040\" data-end=\"4088\">\n<p data-start=\"4042\" data-end=\"4088\">Protection des articulations en TPU pour l'absorption des chocs<\/p>\n<\/li>\n<li data-start=\"4089\" data-end=\"4138\">\n<p data-start=\"4091\" data-end=\"4138\">Renforts en caoutchouc EVA sur les doigts et la manchette<\/p>\n<\/li>\n<li data-start=\"4139\" data-end=\"4188\">\n<p data-start=\"4141\" data-end=\"4188\">Paume rembourr\u00e9e en mousse avec renforts en peau de ch\u00e8vre<\/p>\n<\/li>\n<li data-start=\"4189\" data-end=\"4236\">\n<p data-start=\"4191\" data-end=\"4236\">Cuir de ch\u00e8vre gaufr\u00e9 pour des d\u00e9tails \u00e9l\u00e9gants<\/p>\n<\/li>\n<li data-start=\"4237\" data-end=\"4285\">\n<p data-start=\"4239\" data-end=\"4285\">Fermeture Velcro s\u00e9curis\u00e9e pour un ajustement personnalis\u00e9<\/p>\n<\/li>\n<li data-start=\"4286\" data-end=\"4331\">\n<p data-start=\"4288\" data-end=\"4331\">Disponible en quatre variantes de couleurs \u00e9clatantes<\/p>\n<\/li>\n<li data-start=\"4332\" data-end=\"4379\">\n<p data-start=\"4334\" data-end=\"4379\">Certifi\u00e9 conforme aux normes EN420 et EN13594:2015<\/p>\n<\/li>\n<\/ul>\n<p data-start=\"4381\" data-end=\"4605\">Que vous naviguiez dans la circulation urbaine ou que vous vous lanciez dans un voyage \u00e0 travers le pays, la <strong data-start=\"4465\" data-end=\"4489\">RYINZ MBWG 9999-0118<\/strong> offrent une protection exceptionnelle, un confort sup\u00e9rieur et un style qui fait tourner les t\u00eates - tout ce dont un motard s\u00e9rieux a besoin.<\/p>","protected":false},"excerpt":{"rendered":"<p>Voici les gants de moto haute performance RYINZ MBWG 9999-0118, con\u00e7us pour les motards qui exigent une protection, un confort et un style sup\u00e9rieurs. Ces gants sont dot\u00e9s d'un dos en tissu serg\u00e9 robuste am\u00e9lior\u00e9 par des patchs en cuir de ch\u00e8vre, des protections en caoutchouc EVA et une armure de jointure TPU pour prot\u00e9ger vos mains dans les conditions les plus extr\u00eames. La manchette comprend une protection suppl\u00e9mentaire en caoutchouc EVA pour la stabilit\u00e9 du poignet, tandis que la paume est renforc\u00e9e par du cuir de ch\u00e8vre et un rembourrage en mousse strat\u00e9gique pour un confort et une absorption des chocs tout au long de la journ\u00e9e. La fermeture velcro assure un ajustement s\u00fbr, tandis que le cuir de ch\u00e8vre gaufr\u00e9 ajoute une touche de sophistication. Certifi\u00e9s EN420 et EN 13594:2015, ces gants sont disponibles en plusieurs coloris pour s'harmoniser avec votre \u00e9quipement. Ils sont parfaits pour les professionnels, les cyclistes au long cours et les citadins \u00e0 la recherche d'une qualit\u00e9 durable.<\/p>","protected":false},"featured_media":9285,"comment_status":"closed","ping_status":"closed","template":"","meta":[],"product_brand":[35],"product_cat":[68],"product_tag":[353,354,355,356,357,358,359,360,361,362,363,364,365,366,367,368,369,370,371,372],"class_list":{"0":"post-9181","1":"product","2":"type-product","3":"status-publish","4":"has-post-thumbnail","6":"product_brand-ryinz","7":"product_cat-ryinz","8":"product_tag-b2b-leather-racing-gloves-eu","9":"product_tag-breathable-biker-gloves-custom","10":"product_tag-chrom-vi-free-gloves-for-sale","11":"product_tag-custom-logo-biker-gloves-eu","12":"product_tag-custom-motorcycle-gloves-ryinz","13":"product_tag-eu-style-racing-gloves-design","14":"product_tag-gel-padded-motorbike-gloves","15":"product_tag-goat-leather-racing-gloves-eu","16":"product_tag-high-grip-motorcycle-gloves-eu","17":"product_tag-hook-loop-secure-wrist-gloves","18":"product_tag-motorbike-gloves-premium-leather","19":"product_tag-premium-goat-leather-gloves-ryinz","20":"product_tag-racing-gloves-with-gel-closure","21":"product_tag-reinforced-finger-gloves-ryinz","22":"product_tag-rubber-knuckle-gloves-ryinz","23":"product_tag-ryinz-blue-white-racing-gloves","24":"product_tag-synthetic-patch-biker-gloves","25":"product_tag-tpu-knuckle-biker-gloves-bulk","26":"product_tag-track-ready-motorbike-gloves-eu","27":"product_tag-wrist-strap-leather-bike-gloves","29":"first","30":"instock","31":"taxable","32":"shipping-taxable","33":"purchasable","34":"product-type-simple"},"_links":{"self":[{"href":"https:\/\/ryinz.cz\/velkoobchod\/fr\/wp-json\/wp\/v2\/product\/9181","targetHints":{"allow":["GET"]}}],"collection":[{"href":"https:\/\/ryinz.cz\/velkoobchod\/fr\/wp-json\/wp\/v2\/product"}],"about":[{"href":"https:\/\/ryinz.cz\/velkoobchod\/fr\/wp-json\/wp\/v2\/types\/product"}],"replies":[{"embeddable":true,"href":"https:\/\/ryinz.cz\/velkoobchod\/fr\/wp-json\/wp\/v2\/comments?post=9181"}],"wp:featuredmedia":[{"embeddable":true,"href":"https:\/\/ryinz.cz\/velkoobchod\/fr\/wp-json\/wp\/v2\/media\/9285"}],"wp:attachment":[{"href":"https:\/\/ryinz.cz\/velkoobchod\/fr\/wp-json\/wp\/v2\/media?parent=9181"}],"wp:term":[{"taxonomy":"product_brand","embeddable":true,"href":"https:\/\/ryinz.cz\/velkoobchod\/fr\/wp-json\/wp\/v2\/product_brand?post=9181"},{"taxonomy":"product_cat","embeddable":true,"href":"https:\/\/ryinz.cz\/velkoobchod\/fr\/wp-json\/wp\/v2\/product_cat?post=9181"},{"taxonomy":"product_tag","embeddable":true,"href":"https:\/\/ryinz.cz\/velkoobchod\/fr\/wp-json\/wp\/v2\/product_tag?post=9181"}],"curies":[{"name":"wp","href":"https:\/\/api.w.org\/{rel}","templated":true}]}}