{"id":9179,"date":"2025-08-26T11:48:34","date_gmt":"2025-08-26T11:48:34","guid":{"rendered":"https:\/\/ryinz.cz\/velkoobchod\/?post_type=product&#038;p=9179"},"modified":"2026-01-18T20:18:02","modified_gmt":"2026-01-18T20:18:02","slug":"gants-de-course-moto-de-premiere-qualite-pour-grossiste-detaillant-gants-de-protection-personnalisables-en-cuir-de-chevre-haute-performance","status":"publish","type":"product","link":"https:\/\/ryinz.cz\/velkoobchod\/fr\/product\/premium-motorbike-racing-gloves-for-wholesale-retail-protective-customizable-high-performance-goat-leather-gloves\/","title":{"rendered":"Gants de course moto de premi\u00e8re qualit\u00e9 pour la vente en gros et au d\u00e9tail - Gants en cuir de ch\u00e8vre protecteurs, personnalisables et de haute performance"},"content":{"rendered":"<p data-start=\"764\" data-end=\"1082\">Voici les gants de course Ryinz Premium Motorbike Racing Gloves - o\u00f9 la protection maximale rencontre le confort et la fonctionnalit\u00e9 de la course. Con\u00e7us pour les acheteurs en gros, les passionn\u00e9s de course, les unit\u00e9s de patrouille \u00e0 moto et les d\u00e9taillants de mat\u00e9riel B2B, ces gants sont fabriqu\u00e9s \u00e0 l'aide de mat\u00e9riaux de protection avanc\u00e9s et d'\u00e9l\u00e9ments de conception ergonomiques.<\/p>\n<p data-start=\"1084\" data-end=\"1410\"><strong data-start=\"1084\" data-end=\"1112\">Construction et mat\u00e9riaux<\/strong><br data-start=\"1112\" data-end=\"1115\" \/>Ces gants sont fabriqu\u00e9s en cuir de ch\u00e8vre de premi\u00e8re qualit\u00e9 (PCP) qui garantit une r\u00e9sistance exceptionnelle \u00e0 l'abrasion tout en conservant une grande souplesse. La paume est dot\u00e9e d'un rev\u00eatement en cuir renforc\u00e9 sans chrome VI et de protections en plastique suppl\u00e9mentaires pour une meilleure absorption des chocs et un meilleur contr\u00f4le de la route.<\/p>\n<p data-start=\"1412\" data-end=\"1754\">Le <strong data-start=\"1416\" data-end=\"1437\">dos du gant<\/strong> est con\u00e7u avec une protection des articulations en TPU, compl\u00e9t\u00e9e par des protections renforc\u00e9es en caoutchouc sur chaque doigt pour une durabilit\u00e9 et un blindage accrus. Chaque couture est r\u00e9alis\u00e9e avec pr\u00e9cision conform\u00e9ment \u00e0 la norme EN13594, ce qui garantit que ces gants respectent et d\u00e9passent les normes de s\u00e9curit\u00e9 et de course professionnelle en Europe et sur les march\u00e9s internationaux.<\/p>\n<p data-start=\"1756\" data-end=\"1790\"><strong data-start=\"1756\" data-end=\"1788\">Caract\u00e9ristiques ax\u00e9es sur la performance<\/strong><\/p>\n<ul data-start=\"1791\" data-end=\"2372\">\n<li data-start=\"1791\" data-end=\"1906\">\n<p data-start=\"1793\" data-end=\"1906\"><strong data-start=\"1793\" data-end=\"1814\">Armure de jointure en TPU<\/strong>: Prot\u00e8ge contre les chocs et les blessures dues au glissement lors de courses \u00e0 grande vitesse ou d'accidents.<\/p>\n<\/li>\n<li data-start=\"1907\" data-end=\"2018\">\n<p data-start=\"1909\" data-end=\"2018\"><strong data-start=\"1909\" data-end=\"1931\">Sangle velcro au poignet<\/strong>: Permet des ajustements faciles et un maintien s\u00fbr et verrouill\u00e9 quelle que soit l'intensit\u00e9 de la conduite.<\/p>\n<\/li>\n<li data-start=\"2019\" data-end=\"2119\">\n<p data-start=\"2021\" data-end=\"2119\"><strong data-start=\"2021\" data-end=\"2055\">Protection des doigts en TPU et caoutchouc<\/strong>: Prot\u00e8ge chaque articulation des doigts contre l'abrasion et l'hyperextension.<\/p>\n<\/li>\n<li data-start=\"2120\" data-end=\"2248\">\n<p data-start=\"2122\" data-end=\"2248\"><strong data-start=\"2122\" data-end=\"2168\">Marquage en relief et options de couleurs multiples<\/strong>: Aspect haut de gamme et personnalisation possible pour la promotion de la marque ou la fourniture OEM.<\/p>\n<\/li>\n<li data-start=\"2249\" data-end=\"2372\">\n<p data-start=\"2251\" data-end=\"2372\"><strong data-start=\"2251\" data-end=\"2292\">Doublure respirante et zones de ventilation<\/strong>: Les mains restent s\u00e8ches et confortables m\u00eame pendant les longues randonn\u00e9es ou les courses d'\u00e9t\u00e9.<\/p>\n<\/li>\n<\/ul>\n<p data-start=\"2374\" data-end=\"2729\"><strong data-start=\"2374\" data-end=\"2396\">S\u00e9curit\u00e9 et normes<\/strong><br data-start=\"2396\" data-end=\"2399\" \/>Construit selon la <strong data-start=\"2422\" data-end=\"2466\">Norme de s\u00e9curit\u00e9 EN13594 pour les gants de moto<\/strong>, Ce produit est id\u00e9al pour les services de police \u00e0 moto, les \u00e9quipes de course, les unit\u00e9s de patrouille et les distributeurs d'\u00e9quipements de s\u00e9curit\u00e9 en Europe, aux \u00c9tats-Unis et en Asie. La zone de la paume renforc\u00e9e et le syst\u00e8me d'armure des doigts offrent une protection \u00e9tendue pour un usage professionnel ou occasionnel.<\/p>\n<p data-start=\"2731\" data-end=\"3081\"><strong data-start=\"2731\" data-end=\"2768\">Pr\u00eat pour la vente en gros et la personnalisation<\/strong><br data-start=\"2768\" data-end=\"2771\" \/>Propos\u00e9s en rouge, vert, bleu et noir\/blanc, ces gants sont <strong data-start=\"2843\" data-end=\"2865\">enti\u00e8rement personnalisable<\/strong> avec le logo de votre marque, vos couleurs ou des caract\u00e9ristiques suppl\u00e9mentaires sur demande. Parfait pour les revendeurs, les clients grossistes B2B et les start-ups du secteur de l'\u00e9quipement qui souhaitent \u00e9tablir une ligne de produits sans faire de compromis sur la qualit\u00e9 ou la conformit\u00e9.<\/p>\n<p data-start=\"3083\" data-end=\"3098\"><strong data-start=\"3083\" data-end=\"3096\">Cas d'utilisation<\/strong><\/p>\n<ul data-start=\"3099\" data-end=\"3279\">\n<li data-start=\"3099\" data-end=\"3120\">\n<p data-start=\"3101\" data-end=\"3120\">Courses de motos<\/p>\n<\/li>\n<li data-start=\"3121\" data-end=\"3161\">\n<p data-start=\"3123\" data-end=\"3161\">Patrouille de motards de la police et de l'arm\u00e9e<\/p>\n<\/li>\n<li data-start=\"3162\" data-end=\"3183\">\n<p data-start=\"3164\" data-end=\"3183\">Magasins de mat\u00e9riel sur mesure<\/p>\n<\/li>\n<li data-start=\"3184\" data-end=\"3208\">\n<p data-start=\"3186\" data-end=\"3208\">Clubs d'\u00e9quitation de plein air<\/p>\n<\/li>\n<li data-start=\"3209\" data-end=\"3249\">\n<p data-start=\"3211\" data-end=\"3249\">\u00c9quipes de s\u00e9curit\u00e9 et d'intervention tactique<\/p>\n<\/li>\n<li data-start=\"3250\" data-end=\"3279\">\n<p data-start=\"3252\" data-end=\"3279\">Distributeurs europ\u00e9ens d'EPI<\/p>\n<\/li>\n<\/ul>\n<p data-start=\"3281\" data-end=\"3493\"><strong data-start=\"3281\" data-end=\"3300\">Emballage &amp; MOQ<\/strong><br data-start=\"3300\" data-end=\"3303\" \/>Emballage standard ou premium disponible. MOQ flexible sur demande. Les commandes OEM et de marques priv\u00e9es sont les bienvenues. Le MOQ peut rester cach\u00e9 sur les plateformes pour une plus grande visibilit\u00e9 aupr\u00e8s de tous les clients potentiels.<\/p>","protected":false},"excerpt":{"rendered":"<p data-pm-slice=\"1 1 []\">Con\u00e7us pour les pilotes s\u00e9rieux, ces gants de course de moto Ryinz combinent protection avanc\u00e9e, flexibilit\u00e9 et performance avec une exp\u00e9rience d'ajustement personnalis\u00e9. Fabriqu\u00e9s en cuir de ch\u00e8vre de haute qualit\u00e9, avec des prot\u00e8ge-joints en TPU et une fermeture velcro pour la s\u00e9curit\u00e9 du poignet, ils sont parfaits pour les courses, les trajets quotidiens ou les patrouilles. Disponibles en plusieurs couleurs, ces gants sont conformes aux normes EN13594 en mati\u00e8re de s\u00e9curit\u00e9 et de durabilit\u00e9.<\/p>","protected":false},"featured_media":9283,"comment_status":"closed","ping_status":"closed","template":"","meta":[],"product_brand":[35],"product_cat":[68],"product_tag":[353,354,355,356,357,358,359,360,361,362,363,364,365,366,367,368,369,370,371,372],"class_list":{"0":"post-9179","1":"product","2":"type-product","3":"status-publish","4":"has-post-thumbnail","6":"product_brand-ryinz","7":"product_cat-ryinz","8":"product_tag-b2b-leather-racing-gloves-eu","9":"product_tag-breathable-biker-gloves-custom","10":"product_tag-chrom-vi-free-gloves-for-sale","11":"product_tag-custom-logo-biker-gloves-eu","12":"product_tag-custom-motorcycle-gloves-ryinz","13":"product_tag-eu-style-racing-gloves-design","14":"product_tag-gel-padded-motorbike-gloves","15":"product_tag-goat-leather-racing-gloves-eu","16":"product_tag-high-grip-motorcycle-gloves-eu","17":"product_tag-hook-loop-secure-wrist-gloves","18":"product_tag-motorbike-gloves-premium-leather","19":"product_tag-premium-goat-leather-gloves-ryinz","20":"product_tag-racing-gloves-with-gel-closure","21":"product_tag-reinforced-finger-gloves-ryinz","22":"product_tag-rubber-knuckle-gloves-ryinz","23":"product_tag-ryinz-blue-white-racing-gloves","24":"product_tag-synthetic-patch-biker-gloves","25":"product_tag-tpu-knuckle-biker-gloves-bulk","26":"product_tag-track-ready-motorbike-gloves-eu","27":"product_tag-wrist-strap-leather-bike-gloves","29":"first","30":"instock","31":"taxable","32":"shipping-taxable","33":"purchasable","34":"product-type-simple"},"_links":{"self":[{"href":"https:\/\/ryinz.cz\/velkoobchod\/fr\/wp-json\/wp\/v2\/product\/9179","targetHints":{"allow":["GET"]}}],"collection":[{"href":"https:\/\/ryinz.cz\/velkoobchod\/fr\/wp-json\/wp\/v2\/product"}],"about":[{"href":"https:\/\/ryinz.cz\/velkoobchod\/fr\/wp-json\/wp\/v2\/types\/product"}],"replies":[{"embeddable":true,"href":"https:\/\/ryinz.cz\/velkoobchod\/fr\/wp-json\/wp\/v2\/comments?post=9179"}],"wp:featuredmedia":[{"embeddable":true,"href":"https:\/\/ryinz.cz\/velkoobchod\/fr\/wp-json\/wp\/v2\/media\/9283"}],"wp:attachment":[{"href":"https:\/\/ryinz.cz\/velkoobchod\/fr\/wp-json\/wp\/v2\/media?parent=9179"}],"wp:term":[{"taxonomy":"product_brand","embeddable":true,"href":"https:\/\/ryinz.cz\/velkoobchod\/fr\/wp-json\/wp\/v2\/product_brand?post=9179"},{"taxonomy":"product_cat","embeddable":true,"href":"https:\/\/ryinz.cz\/velkoobchod\/fr\/wp-json\/wp\/v2\/product_cat?post=9179"},{"taxonomy":"product_tag","embeddable":true,"href":"https:\/\/ryinz.cz\/velkoobchod\/fr\/wp-json\/wp\/v2\/product_tag?post=9179"}],"curies":[{"name":"wp","href":"https:\/\/api.w.org\/{rel}","templated":true}]}}