{"id":9170,"date":"2025-06-22T15:31:15","date_gmt":"2025-06-22T15:31:15","guid":{"rendered":"https:\/\/ryinz.cz\/velkoobchod\/?post_type=product&#038;p=9170"},"modified":"2026-01-18T20:17:56","modified_gmt":"2026-01-18T20:17:56","slug":"gants-dhiver-bruns-noirs-de-ryinz-personnalises-isoles-impermeables-en-polaire-gants-pour-temps-froid-vente-en-gros-vente-au-detail","status":"publish","type":"product","link":"https:\/\/ryinz.cz\/velkoobchod\/fr\/product\/brown-black-winter-mittens-by-ryinz-custom-insulated-waterproof-fleece-mitt-gloves-for-cold-weather-wholesale-retail\/","title":{"rendered":"Brown Black Winter Mittens by RYINZ | Custom Insulated Waterproof Fleece Mitt Gloves for Cold Weather Wholesale &amp; Retail"},"content":{"rendered":"<p data-start=\"1107\" data-end=\"1481\">Le <strong data-start=\"1111\" data-end=\"1150\">Moufles isol\u00e9es RYINZ marron-noir<\/strong> sont les gants de choix pour les clients et les acheteurs qui privil\u00e9gient la chaleur, la protection et la simplicit\u00e9 ergonomique. Con\u00e7u pour le froid extr\u00eame, ce mod\u00e8le s'appuie sur une conception traditionnelle des moufles pour une r\u00e9tention maximale de la chaleur, tout en int\u00e9grant des mat\u00e9riaux modernes et performants ainsi que des options de marquage pour la revente et l'\u00e9tiquetage priv\u00e9.<\/p>\n<p data-start=\"1483\" data-end=\"1762\">Avec moins de coutures que les gants standard et un int\u00e9rieur isol\u00e9 \u00e0 un compartiment, ces moufles offrent une r\u00e9sistance au froid imbattable. C'est pourquoi elles restent le gant de pr\u00e9dilection des motoneigistes, des \u00e9quipes d'exp\u00e9dition dans l'Arctique, des skieurs et de tous ceux qui travaillent \u00e0 l'ext\u00e9rieur dans des conditions inf\u00e9rieures \u00e0 z\u00e9ro.<\/p>\n<hr data-start=\"1764\" data-end=\"1767\" \/>\n<h4 data-start=\"1769\" data-end=\"1811\">???? <strong data-start=\"1777\" data-end=\"1811\">Structure du produit et mat\u00e9riaux :<\/strong><\/h4>\n<ul data-start=\"1812\" data-end=\"2372\">\n<li data-start=\"1812\" data-end=\"1925\">\n<p data-start=\"1814\" data-end=\"1925\"><strong data-start=\"1814\" data-end=\"1830\">Coquille ext\u00e9rieure :<\/strong> Tissu r\u00e9sistant aux intemp\u00e9ries bicolore marron-noir avec texture textile pour plus d'int\u00e9r\u00eat visuel<\/p>\n<\/li>\n<li data-start=\"1926\" data-end=\"2014\">\n<p data-start=\"1928\" data-end=\"2014\"><strong data-start=\"1928\" data-end=\"1942\">Zone de palmiers :<\/strong> Cuir synth\u00e9tique PU pour une meilleure adh\u00e9rence et une r\u00e9sistance \u00e0 l'usure renforc\u00e9e<\/p>\n<\/li>\n<li data-start=\"2015\" data-end=\"2119\">\n<p data-start=\"2017\" data-end=\"2119\"><strong data-start=\"2017\" data-end=\"2030\">Int\u00e9rieur :<\/strong> Doublure thermique en polaire, douce pour la peau et con\u00e7ue pour retenir la chaleur sans accumulation d'humidit\u00e9<\/p>\n<\/li>\n<li data-start=\"2120\" data-end=\"2218\">\n<p data-start=\"2122\" data-end=\"2218\"><strong data-start=\"2122\" data-end=\"2138\">Style de poignet :<\/strong> La zone de la bande extensible garde la chaleur \u00e0 l'int\u00e9rieur et emp\u00eache l'air froid ou la neige de p\u00e9n\u00e9trer.<\/p>\n<\/li>\n<li data-start=\"2219\" data-end=\"2300\">\n<p data-start=\"2221\" data-end=\"2300\"><strong data-start=\"2221\" data-end=\"2235\">Ajustement du pouce :<\/strong> La conception angulaire permet un mouvement ais\u00e9 de la main malgr\u00e9 la forme des moufles.<\/p>\n<\/li>\n<li data-start=\"2301\" data-end=\"2372\">\n<p data-start=\"2303\" data-end=\"2372\"><strong data-start=\"2303\" data-end=\"2316\">Couleur :<\/strong> Marron + noir + beige chaud pour un aspect naturel et terreux<\/p>\n<\/li>\n<\/ul>\n<hr data-start=\"2374\" data-end=\"2377\" \/>\n<h4 data-start=\"2379\" data-end=\"2415\">???? <strong data-start=\"2387\" data-end=\"2415\">Principaux avantages fonctionnels :<\/strong><\/h4>\n<ul data-start=\"2416\" data-end=\"2856\">\n<li data-start=\"2416\" data-end=\"2514\">\n<p data-start=\"2418\" data-end=\"2514\">\u2705 <strong data-start=\"2420\" data-end=\"2439\">R\u00e9tention de la chaleur :<\/strong> Les moufles \u00e0 compartiment unique conservent la chaleur plus longtemps que les gants \u00e0 plusieurs doigts.<\/p>\n<\/li>\n<li data-start=\"2515\" data-end=\"2615\">\n<p data-start=\"2517\" data-end=\"2615\">\u2705 <strong data-start=\"2519\" data-end=\"2542\">Fonctionnalit\u00e9 de la poign\u00e9e :<\/strong> La paume en cuir PU soutient les outils de manutention, les b\u00e2tons de ski et les poign\u00e9es de motoneige.<\/p>\n<\/li>\n<li data-start=\"2616\" data-end=\"2700\">\n<p data-start=\"2618\" data-end=\"2700\">\u2705 <strong data-start=\"2620\" data-end=\"2648\">Protection contre le vent et l'eau :<\/strong> La coque multicouche prot\u00e8ge les mains en cas de conditions m\u00e9t\u00e9orologiques extr\u00eames<\/p>\n<\/li>\n<li data-start=\"2701\" data-end=\"2775\">\n<p data-start=\"2703\" data-end=\"2775\">\u2705 <strong data-start=\"2705\" data-end=\"2720\">Ajustement sur mesure :<\/strong> La zone extensible du poignet s'adapte aux v\u00eatements d'ext\u00e9rieur ou \u00e0 la peau nue<\/p>\n<\/li>\n<li data-start=\"2776\" data-end=\"2856\">\n<p data-start=\"2778\" data-end=\"2856\">\u2705 <strong data-start=\"2780\" data-end=\"2800\">Peu d'entretien :<\/strong> Facile \u00e0 nettoyer, s\u00e8che rapidement et r\u00e9siste aux odeurs au fil du temps.<\/p>\n<\/li>\n<\/ul>\n<hr data-start=\"2858\" data-end=\"2861\" \/>\n<h4 data-start=\"2863\" data-end=\"2912\">???? <strong data-start=\"2871\" data-end=\"2912\">Capacit\u00e9s OEM\/marques blanches (RYINZ) :<\/strong><\/h4>\n<ul data-start=\"2913\" data-end=\"3291\">\n<li data-start=\"2913\" data-end=\"2989\">\n<p data-start=\"2915\" data-end=\"2989\">Options de marquage : logo en relief, patch en cuir, s\u00e9rigraphie, thermocollage<\/p>\n<\/li>\n<li data-start=\"2990\" data-end=\"3028\">\n<p data-start=\"2992\" data-end=\"3028\">Taille : Adulte unisexe - S, M, L, XL<\/p>\n<\/li>\n<li data-start=\"3029\" data-end=\"3047\">\n<p data-start=\"3031\" data-end=\"3047\">MOQ : 300 paires<\/p>\n<\/li>\n<li data-start=\"3048\" data-end=\"3128\">\n<p data-start=\"3050\" data-end=\"3128\">Couleurs personnalis\u00e9es disponibles sur demande : noir-gris, marine-beige, olive-tan<\/p>\n<\/li>\n<li data-start=\"3129\" data-end=\"3203\">\n<p data-start=\"3131\" data-end=\"3203\">Types d'emballage : emballage \u00e9cologique \u00e0 plat, sac en poly\u00e9thyl\u00e8ne \u00e0 \u00e9tiquette suspendue, emballage pr\u00eat \u00e0 \u00eatre offert.<\/p>\n<\/li>\n<li data-start=\"3204\" data-end=\"3291\">\n<p data-start=\"3206\" data-end=\"3291\">Des versions personnalis\u00e9es sont disponibles pour les stations de ski, les \u00e9coles, le personnel hivernal ou les acheteurs d'uniformes.<\/p>\n<\/li>\n<\/ul>\n<hr data-start=\"3293\" data-end=\"3296\" \/>\n<h4 data-start=\"3298\" data-end=\"3339\">???? <strong data-start=\"3306\" data-end=\"3339\">Acheteurs et march\u00e9s recommand\u00e9s :<\/strong><\/h4>\n<ul data-start=\"3340\" data-end=\"3686\">\n<li data-start=\"3340\" data-end=\"3382\">\n<p data-start=\"3342\" data-end=\"3382\">???? <strong data-start=\"3345\" data-end=\"3380\">Marques priv\u00e9es de v\u00eatements d'hiver<\/strong><\/p>\n<\/li>\n<li data-start=\"3383\" data-end=\"3422\">\n<p data-start=\"3385\" data-end=\"3422\">\u2744\ufe0f <strong data-start=\"3388\" data-end=\"3420\">Chalet de ski et magasins de location de mat\u00e9riel de ski<\/strong><\/p>\n<\/li>\n<li data-start=\"3423\" data-end=\"3462\">\n<p data-start=\"3425\" data-end=\"3462\">???? <strong data-start=\"3428\" data-end=\"3460\">Fournisseurs d'\u00e9quipements de travail en ext\u00e9rieur<\/strong><\/p>\n<\/li>\n<li data-start=\"3463\" data-end=\"3515\">\n<p data-start=\"3465\" data-end=\"3515\">????\ufe0f <strong data-start=\"3469\" data-end=\"3513\">\u00c9quipes d'exp\u00e9dition en motoneige et en montagne<\/strong><\/p>\n<\/li>\n<li data-start=\"3516\" data-end=\"3572\">\n<p data-start=\"3518\" data-end=\"3572\">???? <strong data-start=\"3521\" data-end=\"3570\">Fournisseurs de v\u00eatements de travail pour la neige et d'uniformes pour la logistique<\/strong><\/p>\n<\/li>\n<li data-start=\"3573\" data-end=\"3633\">\n<p data-start=\"3575\" data-end=\"3633\">???? <strong data-start=\"3578\" data-end=\"3631\">Les d\u00e9taillants \u00e9largissent leurs cat\u00e9gories de gants d'hiver<\/strong><\/p>\n<\/li>\n<li data-start=\"3634\" data-end=\"3686\">\n<p data-start=\"3636\" data-end=\"3686\">???? <strong data-start=\"3639\" data-end=\"3686\">Grossistes europ\u00e9ens et vitrines d'Amazon<\/strong><\/p>\n<\/li>\n<\/ul>\n<hr data-start=\"3688\" data-end=\"3691\" \/>\n<h4 data-start=\"3693\" data-end=\"3736\">???? <strong data-start=\"3701\" data-end=\"3736\">Pourquoi choisir ces moufles RYINZ ?<\/strong><\/h4>\n<p data-start=\"3737\" data-end=\"4127\">Les moufles font leur retour, en particulier sur les march\u00e9s o\u00f9 l'exposition \u00e0 l'hiver est longue et glaciale. <strong data-start=\"3835\" data-end=\"3844\">RYINZ<\/strong> a con\u00e7u ce mod\u00e8le pour qu'il refl\u00e8te \u00e0 la fois la fonction et la mode : chaud, minimaliste et facile \u00e0 int\u00e9grer dans les programmes de marques de distributeurs. Que vous fassiez des provisions pour les locations de stations ou que vous pr\u00e9pariez le lancement d'une ligne de v\u00eatements d'hiver, ces moufles r\u00e9pondront \u00e0 toutes les attentes en mati\u00e8re de chaleur, de coupe et d'attrait commercial.<\/p>\n<p data-start=\"4129\" data-end=\"4275\">Reconnu par les acheteurs du monde entier et fabriqu\u00e9 selon les tol\u00e9rances des normes europ\u00e9ennes, le <strong data-start=\"4194\" data-end=\"4223\">RYINZ Moufles marron-noires<\/strong> constituent un investissement s\u00fbr avec un fort potentiel de marge.<\/p>\n<hr data-start=\"4277\" data-end=\"4280\" \/>\n<p data-start=\"4282\" data-end=\"4367\"><strong data-start=\"4282\" data-end=\"4367\">Simple. Fonctionnel. R\u00e9sistantes au gel. Les moufles RYINZ sont la poign\u00e9e de main la plus chaleureuse de l'hiver.<\/strong><\/p>","protected":false},"excerpt":{"rendered":"<p>Restez au chaud plus longtemps avec le <strong data-start=\"453\" data-end=\"500\">RYINZ Moufles d'hiver imperm\u00e9ables marron-noir<\/strong> - Con\u00e7ues pour les climats froids, les aventures enneig\u00e9es et le travail en ext\u00e9rieur. Ces moufles sont enti\u00e8rement isol\u00e9es, coupe-vent et r\u00e9sistantes \u00e0 l'eau, avec une paume en cuir PU robuste pour une bonne adh\u00e9rence et une grande durabilit\u00e9. La conception en tissu divis\u00e9 offre un attrait visuel pour les lignes de v\u00eatements d'hiver modernes, tandis que la doublure \u00e9paisse en polaire assure un confort thermique dans les environnements glacials. Con\u00e7ues pour \u00eatre personnalis\u00e9es sous marque de distributeur et revendues en vrac, ces moufles sont id\u00e9ales pour les stations de ski, les guides de montagne, les travailleurs en ext\u00e9rieur et les d\u00e9taillants de v\u00eatements de sports d'hiver dans toute l'Europe et au-del\u00e0.<\/p>","protected":false},"featured_media":9195,"comment_status":"closed","ping_status":"closed","template":"","meta":[],"product_brand":[35],"product_cat":[57],"product_tag":[304,305,306,307,308,309,310,311,312,313,314,315,316,317,318],"class_list":{"0":"post-9170","1":"product","2":"type-product","3":"status-publish","4":"has-post-thumbnail","6":"product_brand-ryinz","8":"product_tag-brown-and-white-stitched-thermal-gloves","9":"product_tag-cold-weather-accessories-for-gifting","10":"product_tag-designer-inspired-winter-gloves-for-branding","11":"product_tag-fashion-gloves-for-urban-winter-outfits","12":"product_tag-insulated-quilt-gloves-for-winter-sports","13":"product_tag-luxury-gloves-for-fashion-retailers","14":"product_tag-oem-touchscreen-gloves-with-fleece","15":"product_tag-premium-driving-gloves-for-winter-use","16":"product_tag-quilted-winter-gloves-with-zipper","17":"product_tag-ryinz-gloves-for-private-label-winterwear","18":"product_tag-soft-lined-gloves-for-snow-and-frost","19":"product_tag-thermal-gloves-for-equestrian-apparel","20":"product_tag-touchscreen-compatible-outdoor-gloves","21":"product_tag-wholesale-fur-lined-gloves-for-boutiques","22":"product_tag-womens-touchscreen-cold-weather-gloves","24":"first","25":"instock","26":"taxable","27":"shipping-taxable","28":"purchasable","29":"product-type-simple"},"_links":{"self":[{"href":"https:\/\/ryinz.cz\/velkoobchod\/fr\/wp-json\/wp\/v2\/product\/9170","targetHints":{"allow":["GET"]}}],"collection":[{"href":"https:\/\/ryinz.cz\/velkoobchod\/fr\/wp-json\/wp\/v2\/product"}],"about":[{"href":"https:\/\/ryinz.cz\/velkoobchod\/fr\/wp-json\/wp\/v2\/types\/product"}],"replies":[{"embeddable":true,"href":"https:\/\/ryinz.cz\/velkoobchod\/fr\/wp-json\/wp\/v2\/comments?post=9170"}],"wp:featuredmedia":[{"embeddable":true,"href":"https:\/\/ryinz.cz\/velkoobchod\/fr\/wp-json\/wp\/v2\/media\/9195"}],"wp:attachment":[{"href":"https:\/\/ryinz.cz\/velkoobchod\/fr\/wp-json\/wp\/v2\/media?parent=9170"}],"wp:term":[{"taxonomy":"product_brand","embeddable":true,"href":"https:\/\/ryinz.cz\/velkoobchod\/fr\/wp-json\/wp\/v2\/product_brand?post=9170"},{"taxonomy":"product_cat","embeddable":true,"href":"https:\/\/ryinz.cz\/velkoobchod\/fr\/wp-json\/wp\/v2\/product_cat?post=9170"},{"taxonomy":"product_tag","embeddable":true,"href":"https:\/\/ryinz.cz\/velkoobchod\/fr\/wp-json\/wp\/v2\/product_tag?post=9170"}],"curies":[{"name":"wp","href":"https:\/\/api.w.org\/{rel}","templated":true}]}}