{"id":9168,"date":"2025-06-22T15:31:13","date_gmt":"2025-06-22T15:31:13","guid":{"rendered":"https:\/\/ryinz.cz\/velkoobchod\/?post_type=product&#038;p=9168"},"modified":"2026-01-18T20:17:54","modified_gmt":"2026-01-18T20:17:54","slug":"gants-dhiver-isoles-et-impermeables-de-ryinz-bleu-noir-gants-de-neige-utilitaires-avec-sangle-reglable-pour-la-vente-en-gros-personnalisee","status":"publish","type":"product","link":"https:\/\/ryinz.cz\/velkoobchod\/fr\/product\/insulated-waterproof-winter-gloves-by-ryinz-blue-black-utility-snow-gloves-with-adjustable-strap-for-custom-wholesale\/","title":{"rendered":"Gants d'hiver imperm\u00e9ables et isol\u00e9s de RYINZ | Blue-Black Utility Snow Gloves with Adjustable Strap for Custom Wholesale"},"content":{"rendered":"<p data-start=\"1093\" data-end=\"1444\">Le <strong data-start=\"1097\" data-end=\"1142\">RYINZ Gants d'hiver \u00e0 lani\u00e8res bleu-noir<\/strong> sont con\u00e7us pour offrir r\u00e9sistance et protection par temps froid dans les applications utilitaires, sportives et d\u00e9contract\u00e9es. Avec une construction rembourr\u00e9e, des coutures renforc\u00e9es et un rev\u00eatement ext\u00e9rieur imperm\u00e9able, ces gants sont un produit de choix pour les entreprises qui fournissent du mat\u00e9riel de neige, les stations de ski, les travailleurs de l'hiver ou les amateurs de plein air.<\/p>\n<p data-start=\"1446\" data-end=\"1750\">Dot\u00e9s d'une longue manchette de type gantelet et d'une sangle de serrage s\u00e9curis\u00e9e, ces gants offrent la couverture \u00e9tendue et le coupe-vent n\u00e9cessaires dans les temp\u00eates de neige, les conditions glaciales et les environnements de terrain hivernaux. Ils sont aussi adaptables qu'\u00e9l\u00e9gants. <strong data-start=\"1681\" data-end=\"1714\">marquage personnalis\u00e9, prix de gros<\/strong>, et un potentiel de revente en plusieurs saisons.<\/p>\n<hr data-start=\"1752\" data-end=\"1755\" \/>\n<h4 data-start=\"1757\" data-end=\"1804\">???? <strong data-start=\"1765\" data-end=\"1804\">Points forts de la construction et des mat\u00e9riaux :<\/strong><\/h4>\n<ul data-start=\"1805\" data-end=\"2343\">\n<li data-start=\"1805\" data-end=\"1896\">\n<p data-start=\"1807\" data-end=\"1896\"><strong data-start=\"1807\" data-end=\"1817\">Coquille :<\/strong> Coque ext\u00e9rieure r\u00e9sistante, coupe-vent et imperm\u00e9able, bicolore bleu marine et noir<\/p>\n<\/li>\n<li data-start=\"1897\" data-end=\"1996\">\n<p data-start=\"1899\" data-end=\"1996\"><strong data-start=\"1899\" data-end=\"1908\">Palme :<\/strong> Paume en cuir noir renforc\u00e9 par des fibres synth\u00e9tiques PU pour une bonne prise en main et une bonne r\u00e9sistance \u00e0 l'usure.<\/p>\n<\/li>\n<li data-start=\"1997\" data-end=\"2074\">\n<p data-start=\"1999\" data-end=\"2074\"><strong data-start=\"1999\" data-end=\"2014\">Isolation :<\/strong> Int\u00e9rieur en polaire thermique douce pour la chaleur et la respirabilit\u00e9<\/p>\n<\/li>\n<li data-start=\"2075\" data-end=\"2158\">\n<p data-start=\"2077\" data-end=\"2158\"><strong data-start=\"2077\" data-end=\"2092\">Style de manchette :<\/strong> Prot\u00e8ge-poignet noir prolong\u00e9 pour bloquer la neige et conserver la chaleur<\/p>\n<\/li>\n<li data-start=\"2159\" data-end=\"2264\">\n<p data-start=\"2161\" data-end=\"2264\"><strong data-start=\"2161\" data-end=\"2179\">Fermeture par sangle :<\/strong> La sangle de serrage r\u00e9glable au poignet assure un bon maintien et emp\u00eache l'air froid de p\u00e9n\u00e9trer.<\/p>\n<\/li>\n<li data-start=\"2265\" data-end=\"2343\">\n<p data-start=\"2267\" data-end=\"2343\"><strong data-start=\"2267\" data-end=\"2285\">Design du doigt :<\/strong> Coutures renforc\u00e9es pour une meilleure adh\u00e9rence et une plus grande souplesse en mouvement<\/p>\n<\/li>\n<\/ul>\n<hr data-start=\"2345\" data-end=\"2348\" \/>\n<h4 data-start=\"2350\" data-end=\"2383\">???? <strong data-start=\"2358\" data-end=\"2383\">Avantages en termes de performance :<\/strong><\/h4>\n<ul data-start=\"2384\" data-end=\"2831\">\n<li data-start=\"2384\" data-end=\"2469\">\n<p data-start=\"2386\" data-end=\"2469\">\u2705 <strong data-start=\"2388\" data-end=\"2411\">Protection contre les intemp\u00e9ries :<\/strong> R\u00e9siste au vent, \u00e0 la neige et \u00e0 l'eau - id\u00e9al pour les expositions de longue dur\u00e9e<\/p>\n<\/li>\n<li data-start=\"2470\" data-end=\"2556\">\n<p data-start=\"2472\" data-end=\"2556\">\u2705 <strong data-start=\"2474\" data-end=\"2490\">Doublure chaude :<\/strong> Le molleton qui retient la chaleur assure un confort tout au long de la journ\u00e9e dans les climats froids.<\/p>\n<\/li>\n<li data-start=\"2557\" data-end=\"2634\">\n<p data-start=\"2559\" data-end=\"2634\">\u2705 <strong data-start=\"2561\" data-end=\"2580\">Ajustable Ajustement :<\/strong> La sangle et l'\u00e9lastique de fermeture du poignet emp\u00eachent tout glissement.<\/p>\n<\/li>\n<li data-start=\"2635\" data-end=\"2734\">\n<p data-start=\"2637\" data-end=\"2734\">\u2705 <strong data-start=\"2639\" data-end=\"2661\">Paume de main durable :<\/strong> Conception antid\u00e9rapante adapt\u00e9e au maintien des b\u00e2tons de ski, des outils ou de l'\u00e9quipement d'hiver<\/p>\n<\/li>\n<li data-start=\"2735\" data-end=\"2831\">\n<p data-start=\"2737\" data-end=\"2831\">\u2705 <strong data-start=\"2739\" data-end=\"2763\">Unisexe Utility Look :<\/strong> Id\u00e9al pour les \u00e9quipes mixtes, les acheteurs d'uniformes ou les lignes de v\u00eatements d'hiver.<\/p>\n<\/li>\n<\/ul>\n<hr data-start=\"2833\" data-end=\"2836\" \/>\n<h4 data-start=\"2838\" data-end=\"2893\">???? <strong data-start=\"2846\" data-end=\"2893\">Marquage personnalis\u00e9 et capacit\u00e9s OEM (RYINZ) :<\/strong><\/h4>\n<ul data-start=\"2894\" data-end=\"3255\">\n<li data-start=\"2894\" data-end=\"2947\">\n<p data-start=\"2896\" data-end=\"2947\">Application du logo : s\u00e9rigraphie, broderie, \u00e9cusson<\/p>\n<\/li>\n<li data-start=\"2948\" data-end=\"3024\">\n<p data-start=\"2950\" data-end=\"3024\">Variantes de couleurs disponibles : noir\/gris, noir\/rouge, olive\/noir, noir int\u00e9gral<\/p>\n<\/li>\n<li data-start=\"3025\" data-end=\"3057\">\n<p data-start=\"3027\" data-end=\"3057\">Tailles disponibles : S, M, L, XL<\/p>\n<\/li>\n<li data-start=\"3058\" data-end=\"3109\">\n<p data-start=\"3060\" data-end=\"3109\">MOQ : 300 paires et plus pour les s\u00e9ries de marques priv\u00e9es<\/p>\n<\/li>\n<li data-start=\"3110\" data-end=\"3171\">\n<p data-start=\"3112\" data-end=\"3171\">Emballage : polybags, rouleaux \u00e9co, \u00e9tiquettes suspendues, cartons de vente au d\u00e9tail<\/p>\n<\/li>\n<li data-start=\"3172\" data-end=\"3255\">\n<p data-start=\"3174\" data-end=\"3255\">Compl\u00e9ments optionnels : embouts \u00e0 \u00e9cran tactile, bandes r\u00e9fl\u00e9chissantes, protection renforc\u00e9e des articulations.<\/p>\n<\/li>\n<\/ul>\n<hr data-start=\"3257\" data-end=\"3260\" \/>\n<h4 data-start=\"3262\" data-end=\"3302\">???? <strong data-start=\"3270\" data-end=\"3302\">Acheteurs cibles et cas d'utilisation :<\/strong><\/h4>\n<ul data-start=\"3303\" data-end=\"3636\">\n<li data-start=\"3303\" data-end=\"3351\">\n<p data-start=\"3305\" data-end=\"3351\">????\ufe0f <strong data-start=\"3309\" data-end=\"3349\">Stations de ski et fournisseurs de personnel de ski<\/strong><\/p>\n<\/li>\n<li data-start=\"3352\" data-end=\"3408\">\n<p data-start=\"3354\" data-end=\"3408\">????\ufe0f <strong data-start=\"3358\" data-end=\"3406\">Entreprises de services publics et de logistique par temps froid<\/strong><\/p>\n<\/li>\n<li data-start=\"3409\" data-end=\"3458\">\n<p data-start=\"3411\" data-end=\"3458\">???? <strong data-start=\"3414\" data-end=\"3456\">Travailleurs des secteurs du fret, de la livraison et des activit\u00e9s de plein air<\/strong><\/p>\n<\/li>\n<li data-start=\"3459\" data-end=\"3518\">\n<p data-start=\"3461\" data-end=\"3518\">???? <strong data-start=\"3464\" data-end=\"3516\">Les enseignes de la grande distribution cr\u00e9ent des collections de gants priv\u00e9s<\/strong><\/p>\n<\/li>\n<li data-start=\"3519\" data-end=\"3577\">\n<p data-start=\"3521\" data-end=\"3577\">???? <strong data-start=\"3524\" data-end=\"3575\">Grossistes fournissant du mat\u00e9riel d'hiver dans toute l'Europe<\/strong><\/p>\n<\/li>\n<li data-start=\"3578\" data-end=\"3636\">\n<p data-start=\"3580\" data-end=\"3636\">???? <strong data-start=\"3583\" data-end=\"3634\">Amazon, Shopify ou distributeurs de magasins physiques<\/strong><\/p>\n<\/li>\n<\/ul>\n<hr data-start=\"3638\" data-end=\"3641\" \/>\n<h4 data-start=\"3643\" data-end=\"3688\">???? <strong data-start=\"3651\" data-end=\"3688\">Pourquoi stocker ce mod\u00e8le de gant RYINZ ?<\/strong><\/h4>\n<p data-start=\"3689\" data-end=\"3912\">Ce mod\u00e8le RYINZ est un incontournable de la cat\u00e9gorie des v\u00eatements d'hiver : simple, robuste et hautement personnalisable. Le design \u00e9pur\u00e9 bicolore le rend facile \u00e0 vendre, tandis que les manchettes et le syst\u00e8me de sangles prolong\u00e9es augmentent ses performances en ext\u00e9rieur.<\/p>\n<p data-start=\"3914\" data-end=\"4224\">Con\u00e7ue en collaboration avec des conseillers de l'UE et fabriqu\u00e9e en vue d'une exportation modulable, la <strong data-start=\"3999\" data-end=\"4026\">Gants \u00e0 bretelles RYINZ<\/strong> sont propos\u00e9s \u00e0 un prix raisonnable pour la distribution en vrac, mais sont finis pour \u00eatre plus performants. Id\u00e9al pour les uniformes, la location de skis, l'\u00e9quipement des travailleurs ou simplement pour r\u00e9chauffer les mains par temps de neige - c'est un best-seller en devenir.<\/p>\n<hr data-start=\"4226\" data-end=\"4229\" \/>\n<p data-start=\"4231\" data-end=\"4336\"><strong data-start=\"4231\" data-end=\"4336\">Solide. Ajustable. Fiable - le gant par temps froid par excellence pour les marques qui font du volume avec style.<\/strong><\/p>","protected":false},"excerpt":{"rendered":"<p data-start=\"402\" data-end=\"1023\">Le <strong data-start=\"406\" data-end=\"452\">RYINZ Gants utilitaires imperm\u00e9ables bleu-noir<\/strong> sont con\u00e7us pour vaincre les \u00e9l\u00e9ments gr\u00e2ce \u00e0 leur fonctionnalit\u00e9, leur chaleur et leur attrait commercial. Dot\u00e9s d'une coque r\u00e9sistante, d'une doublure thermique douce et d'une sangle de poignet r\u00e9glable pour un ajustement parfait, ces gants sont id\u00e9aux pour les sports d'hiver, la construction, le personnel des stations de ski ou la protection g\u00e9n\u00e9rale contre la neige. Con\u00e7us pour les marques de distributeurs et les magasins de commerce \u00e9lectronique, ces gants allient durabilit\u00e9 et style \u00e9pur\u00e9. Les doigts renforc\u00e9s et le tissu r\u00e9sistant \u00e0 l'eau assurent confort et contr\u00f4le, tandis que la longue manchette prot\u00e8ge contre l'entr\u00e9e de la neige. Un must pour les fournisseurs de gants B2B qui cherchent \u00e0 vendre de la qualit\u00e9 \u00e0 grande \u00e9chelle.<\/p>","protected":false},"featured_media":9362,"comment_status":"closed","ping_status":"closed","template":"","meta":[],"product_brand":[35],"product_cat":[57],"product_tag":[304,305,306,307,308,309,310,311,312,313,314,315,316,317,318],"class_list":{"0":"post-9168","1":"product","2":"type-product","3":"status-publish","4":"has-post-thumbnail","6":"product_brand-ryinz","8":"product_tag-brown-and-white-stitched-thermal-gloves","9":"product_tag-cold-weather-accessories-for-gifting","10":"product_tag-designer-inspired-winter-gloves-for-branding","11":"product_tag-fashion-gloves-for-urban-winter-outfits","12":"product_tag-insulated-quilt-gloves-for-winter-sports","13":"product_tag-luxury-gloves-for-fashion-retailers","14":"product_tag-oem-touchscreen-gloves-with-fleece","15":"product_tag-premium-driving-gloves-for-winter-use","16":"product_tag-quilted-winter-gloves-with-zipper","17":"product_tag-ryinz-gloves-for-private-label-winterwear","18":"product_tag-soft-lined-gloves-for-snow-and-frost","19":"product_tag-thermal-gloves-for-equestrian-apparel","20":"product_tag-touchscreen-compatible-outdoor-gloves","21":"product_tag-wholesale-fur-lined-gloves-for-boutiques","22":"product_tag-womens-touchscreen-cold-weather-gloves","24":"first","25":"instock","26":"taxable","27":"shipping-taxable","28":"purchasable","29":"product-type-simple"},"_links":{"self":[{"href":"https:\/\/ryinz.cz\/velkoobchod\/fr\/wp-json\/wp\/v2\/product\/9168","targetHints":{"allow":["GET"]}}],"collection":[{"href":"https:\/\/ryinz.cz\/velkoobchod\/fr\/wp-json\/wp\/v2\/product"}],"about":[{"href":"https:\/\/ryinz.cz\/velkoobchod\/fr\/wp-json\/wp\/v2\/types\/product"}],"replies":[{"embeddable":true,"href":"https:\/\/ryinz.cz\/velkoobchod\/fr\/wp-json\/wp\/v2\/comments?post=9168"}],"wp:featuredmedia":[{"embeddable":true,"href":"https:\/\/ryinz.cz\/velkoobchod\/fr\/wp-json\/wp\/v2\/media\/9362"}],"wp:attachment":[{"href":"https:\/\/ryinz.cz\/velkoobchod\/fr\/wp-json\/wp\/v2\/media?parent=9168"}],"wp:term":[{"taxonomy":"product_brand","embeddable":true,"href":"https:\/\/ryinz.cz\/velkoobchod\/fr\/wp-json\/wp\/v2\/product_brand?post=9168"},{"taxonomy":"product_cat","embeddable":true,"href":"https:\/\/ryinz.cz\/velkoobchod\/fr\/wp-json\/wp\/v2\/product_cat?post=9168"},{"taxonomy":"product_tag","embeddable":true,"href":"https:\/\/ryinz.cz\/velkoobchod\/fr\/wp-json\/wp\/v2\/product_tag?post=9168"}],"curies":[{"name":"wp","href":"https:\/\/api.w.org\/{rel}","templated":true}]}}