{"id":9167,"date":"2025-06-22T15:31:13","date_gmt":"2025-06-22T15:31:13","guid":{"rendered":"https:\/\/ryinz.cz\/velkoobchod\/?post_type=product&#038;p=9167"},"modified":"2026-01-18T20:17:53","modified_gmt":"2026-01-18T20:17:53","slug":"gants-dhiver-a-manchette-longue-pour-temps-froid-par-ryinz-noir-tan-pu-grip-gloves-for-outdoor-work-snow-retail-wholesale","status":"publish","type":"product","link":"https:\/\/ryinz.cz\/velkoobchod\/fr\/product\/long-cuff-winter-gloves-for-cold-weather-by-ryinz-black-tan-pu-grip-gloves-for-outdoor-work-snow-retail-wholesale\/","title":{"rendered":"Gants d'hiver \u00e0 manchettes longues pour temps froid par RYINZ | Gants PU Grip Noir-Tan pour le travail en ext\u00e9rieur, la neige et la vente au d\u00e9tail en gros"},"content":{"rendered":"<p data-start=\"1177\" data-end=\"1554\">Le <strong data-start=\"1181\" data-end=\"1228\">RYINZ - Gants d'hiver \u00e0 longs bords, noir et beige<\/strong> sont con\u00e7us pour dominer le froid tout en offrant une polyvalence de marque pour les grossistes et les d\u00e9taillants du monde entier. Associant une qualit\u00e9 de fabrication robuste \u00e0 une esth\u00e9tique bicolore \u00e9l\u00e9gante, ce mod\u00e8le constitue une solution haut de gamme pour les entreprises ciblant le march\u00e9 de la vente au d\u00e9tail. <strong data-start=\"1480\" data-end=\"1493\">\u00e9quipement de neige<\/strong>, <strong data-start=\"1495\" data-end=\"1511\">construction<\/strong>, <strong data-start=\"1513\" data-end=\"1524\">service public<\/strong>, et <strong data-start=\"1530\" data-end=\"1544\">v\u00eatements de sport<\/strong> segments.<\/p>\n<p data-start=\"1556\" data-end=\"1858\">Ces gants s'\u00e9tendent au-del\u00e0 du poignet gr\u00e2ce \u00e0 une longue manchette de protection, ce qui les rend particuli\u00e8rement utiles dans les cas suivants <strong data-start=\"1655\" data-end=\"1668\">neige \u00e9paisse<\/strong>, <strong data-start=\"1670\" data-end=\"1693\">conditions de travail humides<\/strong>, ou <strong data-start=\"1698\" data-end=\"1725\">environnements expos\u00e9s au vent<\/strong>. Qu'il soit utilis\u00e9 par des professionnels de la montagne, des skieurs ou des personnes travaillant en ext\u00e9rieur, ce gant r\u00e9pond \u00e0 des exigences essentielles : chaleur, durabilit\u00e9 et adh\u00e9rence.<\/p>\n<hr data-start=\"1860\" data-end=\"1863\" \/>\n<h4 data-start=\"1865\" data-end=\"1902\">???? <strong data-start=\"1873\" data-end=\"1902\">Mat\u00e9riaux et construction :<\/strong><\/h4>\n<ul data-start=\"1903\" data-end=\"2523\">\n<li data-start=\"1903\" data-end=\"2012\">\n<p data-start=\"1905\" data-end=\"2012\"><strong data-start=\"1905\" data-end=\"1924\">Coquille du revers :<\/strong> Tissu ext\u00e9rieur noir, coupe-vent et imperm\u00e9able, con\u00e7u pour la neige et l'exposition aux temp\u00e9ratures n\u00e9gatives<\/p>\n<\/li>\n<li data-start=\"2013\" data-end=\"2119\">\n<p data-start=\"2015\" data-end=\"2119\"><strong data-start=\"2015\" data-end=\"2039\">Zones de la paume et de la prise en main :<\/strong> Cuir synth\u00e9tique PU de couleur beige pour une durabilit\u00e9 et une visibilit\u00e9 accrues.<\/p>\n<\/li>\n<li data-start=\"2120\" data-end=\"2223\">\n<p data-start=\"2122\" data-end=\"2223\"><strong data-start=\"2122\" data-end=\"2137\">Du bout des doigts :<\/strong> Structure incurv\u00e9e am\u00e9lior\u00e9e pour la mobilit\u00e9 des doigts, la manipulation d'outils et la dext\u00e9rit\u00e9 en g\u00e9n\u00e9ral<\/p>\n<\/li>\n<li data-start=\"2224\" data-end=\"2348\">\n<p data-start=\"2226\" data-end=\"2348\"><strong data-start=\"2226\" data-end=\"2235\">Manchette :<\/strong> La manchette prolong\u00e9e offre une protection suppl\u00e9mentaire du poignet et de la partie inf\u00e9rieure de l'avant-bras - elle peut \u00eatre enfil\u00e9e par-dessus ou par-dessous les v\u00eatements d'ext\u00e9rieur.<\/p>\n<\/li>\n<li data-start=\"2349\" data-end=\"2434\">\n<p data-start=\"2351\" data-end=\"2434\"><strong data-start=\"2351\" data-end=\"2364\">Int\u00e9rieur :<\/strong> Doublure thermique bross\u00e9e pour une chaleur durable sans fatigue des mains<\/p>\n<\/li>\n<li data-start=\"2435\" data-end=\"2523\">\n<p data-start=\"2437\" data-end=\"2523\"><strong data-start=\"2437\" data-end=\"2456\">Poignets \u00e9lastiques :<\/strong> Fermeture herm\u00e9tique pour emp\u00eacher la glace, la neige et l'humidit\u00e9 de p\u00e9n\u00e9trer pendant l'activit\u00e9.<\/p>\n<\/li>\n<\/ul>\n<hr data-start=\"2525\" data-end=\"2528\" \/>\n<h4 data-start=\"2530\" data-end=\"2563\">???? <strong data-start=\"2538\" data-end=\"2563\">Caract\u00e9ristiques de performance :<\/strong><\/h4>\n<ul data-start=\"2564\" data-end=\"2954\">\n<li data-start=\"2564\" data-end=\"2632\">\n<p data-start=\"2566\" data-end=\"2632\">\u2705 <strong data-start=\"2568\" data-end=\"2595\">Manchette longue couvrant l'ensemble du corps<\/strong> conception pour une protection maximale contre la neige<\/p>\n<\/li>\n<li data-start=\"2633\" data-end=\"2706\">\n<p data-start=\"2635\" data-end=\"2706\">\u2705 <strong data-start=\"2637\" data-end=\"2664\">Paume r\u00e9sistante \u00e0 l'abrasion<\/strong> des mat\u00e9riaux ayant une force de pr\u00e9hension industrielle<\/p>\n<\/li>\n<li data-start=\"2707\" data-end=\"2781\">\n<p data-start=\"2709\" data-end=\"2781\">\u2705 <strong data-start=\"2711\" data-end=\"2727\">Ajustement flexible<\/strong> soutient le travail en plein air ou les activit\u00e9s alpines techniques<\/p>\n<\/li>\n<li data-start=\"2782\" data-end=\"2865\">\n<p data-start=\"2784\" data-end=\"2865\">\u2705 <strong data-start=\"2786\" data-end=\"2804\">Doublure thermique<\/strong> offre une r\u00e9tention fiable de la chaleur, m\u00eame dans des conditions humides et froides<\/p>\n<\/li>\n<li data-start=\"2866\" data-end=\"2954\">\n<p data-start=\"2868\" data-end=\"2954\">\u2705 <strong data-start=\"2870\" data-end=\"2899\">Style et fonctionnalit\u00e9<\/strong> pour les applications d'uniformes et les march\u00e9s des v\u00eatements de sport<\/p>\n<\/li>\n<\/ul>\n<hr data-start=\"2956\" data-end=\"2959\" \/>\n<h4 data-start=\"2961\" data-end=\"3015\">???? <strong data-start=\"2969\" data-end=\"3015\">Options de marquage et de personnalisation par RYINZ :<\/strong><\/h4>\n<ul data-start=\"3016\" data-end=\"3368\">\n<li data-start=\"3016\" data-end=\"3071\">\n<p data-start=\"3018\" data-end=\"3071\">Ajoutez votre logo au moyen d'un patch, d'un gaufrage ou d'une impression directe<\/p>\n<\/li>\n<li data-start=\"3072\" data-end=\"3165\">\n<p data-start=\"3074\" data-end=\"3165\">Des combinaisons de couleurs personnalis\u00e9es sont disponibles pour les commandes plus importantes (noir\/olive, noir\/rouge, marine\/tan, etc.).<\/p>\n<\/li>\n<li data-start=\"3166\" data-end=\"3199\">\n<p data-start=\"3168\" data-end=\"3199\">Tailles disponibles : S, M, L, XL<\/p>\n<\/li>\n<li data-start=\"3200\" data-end=\"3219\">\n<p data-start=\"3202\" data-end=\"3219\">MOQ : 300+ paires<\/p>\n<\/li>\n<li data-start=\"3220\" data-end=\"3288\">\n<p data-start=\"3222\" data-end=\"3288\">Emballage en vrac : paires group\u00e9es, \u00e9co-emballage ou sacs emball\u00e9s \u00e0 plat.<\/p>\n<\/li>\n<li data-start=\"3289\" data-end=\"3368\">\n<p data-start=\"3291\" data-end=\"3368\">Caract\u00e9ristiques optionnelles : bouts de doigts \u00e0 \u00e9cran tactile, protection des articulations, manchette int\u00e9rieure en polaire.<\/p>\n<\/li>\n<\/ul>\n<hr data-start=\"3370\" data-end=\"3373\" \/>\n<h4 data-start=\"3375\" data-end=\"3416\">???? <strong data-start=\"3383\" data-end=\"3416\">Principaux cas d'utilisation de ce mod\u00e8le :<\/strong><\/h4>\n<ul data-start=\"3417\" data-end=\"3783\">\n<li data-start=\"3417\" data-end=\"3469\">\n<p data-start=\"3419\" data-end=\"3469\">????\ufe0f <strong data-start=\"3423\" data-end=\"3467\">Travaux ext\u00e9rieurs par temps froid<\/strong><\/p>\n<\/li>\n<li data-start=\"3470\" data-end=\"3519\">\n<p data-start=\"3472\" data-end=\"3519\">????\ufe0f <strong data-start=\"3476\" data-end=\"3517\">\u00c9quipes de secours en montagne et techniciens de terrain<\/strong><\/p>\n<\/li>\n<li data-start=\"3520\" data-end=\"3563\">\n<p data-start=\"3522\" data-end=\"3563\">???? <strong data-start=\"3525\" data-end=\"3561\">Revendeurs de gants de motoneige et de ski<\/strong><\/p>\n<\/li>\n<li data-start=\"3564\" data-end=\"3615\">\n<p data-start=\"3566\" data-end=\"3615\">???? <strong data-start=\"3569\" data-end=\"3613\">Lignes de gants utilitaires d'hiver sous marque de distributeur<\/strong><\/p>\n<\/li>\n<li data-start=\"3616\" data-end=\"3673\">\n<p data-start=\"3618\" data-end=\"3673\">???? <strong data-start=\"3621\" data-end=\"3671\">\u00c9quipes de livraison de glace, de d\u00e9neigement et d'entretien<\/strong><\/p>\n<\/li>\n<li data-start=\"3674\" data-end=\"3727\">\n<p data-start=\"3676\" data-end=\"3727\">???? <strong data-start=\"3679\" data-end=\"3725\">Exportateurs et grossistes en accessoires d'hiver<\/strong><\/p>\n<\/li>\n<li data-start=\"3728\" data-end=\"3783\">\n<p data-start=\"3730\" data-end=\"3783\">???? <strong data-start=\"3733\" data-end=\"3783\">Distributeurs de gants pour travaux lourds dans l'UE\/les \u00c9tats-Unis<\/strong><\/p>\n<\/li>\n<\/ul>\n<hr data-start=\"3785\" data-end=\"3788\" \/>\n<h4 data-start=\"3790\" data-end=\"3845\">???? <strong data-start=\"3798\" data-end=\"3845\">Pourquoi les gants \u00e0 manchettes longues RYINZ sont indispensables :<\/strong><\/h4>\n<p data-start=\"3846\" data-end=\"4163\">Avec plus de deux d\u00e9cennies d'exp\u00e9rience internationale dans la fabrication de gants, RYINZ se sp\u00e9cialise dans la conversion de performances robustes en succ\u00e8s \u00e9volutifs sous marque de distributeur. Ce mod\u00e8le - avec sa manchette allong\u00e9e, ses zones de pr\u00e9hension solides et son potentiel de marquage polyvalent - offre une UGS remarquable dans les cat\u00e9gories de la mode et de la fonctionnalit\u00e9.<\/p>\n<p data-start=\"4165\" data-end=\"4411\">Con\u00e7us pour le travail dans le monde r\u00e9el et raffin\u00e9s pour la pr\u00e9sentation dans les catalogues ou le commerce \u00e9lectronique, ces gants offrent la fiabilit\u00e9 que les acheteurs recherchent et l'attrait du design dont les vendeurs ont besoin. Que vous fournissiez des travailleurs, des cavaliers ou des guerriers de l'hiver, ces gants sont efficaces.<\/p>\n<hr data-start=\"4413\" data-end=\"4416\" \/>\n<p data-start=\"4418\" data-end=\"4522\"><strong data-start=\"4418\" data-end=\"4522\">Prot\u00e9ger le poignet. Saisissez l'instant. Vendez en toute confiance - uniquement avec les gants Cold-Pro \u00e0 manchettes longues de RYINZ.<\/strong><\/p>","protected":false},"excerpt":{"rendered":"<p>Con\u00e7u pour une performance prolong\u00e9e dans des conditions de gel, le <strong data-start=\"504\" data-end=\"537\">RYINZ Long Cuff Winter Gloves (Gants d'hiver \u00e0 longs bords)<\/strong> offrent une protection sup\u00e9rieure des mains gr\u00e2ce \u00e0 des zones de pr\u00e9hension durables en cuir PU, une coque ext\u00e9rieure r\u00e9sistante \u00e0 l'eau et un confort isolant. Le poignet \u00e0 haute couverture prot\u00e8ge contre l'entr\u00e9e de la neige et le refroidissement \u00e9olien, tandis que les sections renforc\u00e9es de la paume et du bout des doigts offrent une adh\u00e9rence et une flexibilit\u00e9 durables. Con\u00e7us pour le ski, le travail en ext\u00e9rieur, la motoneige ou les op\u00e9rations sur le terrain par temps froid, ces gants sont \u00e9galement enti\u00e8rement personnalisables pour les marques de distributeurs. Ces gants sont pr\u00eats pour l'hiver, pr\u00eats pour le march\u00e9 et con\u00e7us pour r\u00e9ussir les ventes en vrac.<\/p>","protected":false},"featured_media":9361,"comment_status":"closed","ping_status":"closed","template":"","meta":[],"product_brand":[35],"product_cat":[57],"product_tag":[304,305,306,307,308,309,310,311,312,313,314,315,316,317,318],"class_list":{"0":"post-9167","1":"product","2":"type-product","3":"status-publish","4":"has-post-thumbnail","6":"product_brand-ryinz","8":"product_tag-brown-and-white-stitched-thermal-gloves","9":"product_tag-cold-weather-accessories-for-gifting","10":"product_tag-designer-inspired-winter-gloves-for-branding","11":"product_tag-fashion-gloves-for-urban-winter-outfits","12":"product_tag-insulated-quilt-gloves-for-winter-sports","13":"product_tag-luxury-gloves-for-fashion-retailers","14":"product_tag-oem-touchscreen-gloves-with-fleece","15":"product_tag-premium-driving-gloves-for-winter-use","16":"product_tag-quilted-winter-gloves-with-zipper","17":"product_tag-ryinz-gloves-for-private-label-winterwear","18":"product_tag-soft-lined-gloves-for-snow-and-frost","19":"product_tag-thermal-gloves-for-equestrian-apparel","20":"product_tag-touchscreen-compatible-outdoor-gloves","21":"product_tag-wholesale-fur-lined-gloves-for-boutiques","22":"product_tag-womens-touchscreen-cold-weather-gloves","24":"first","25":"instock","26":"taxable","27":"shipping-taxable","28":"purchasable","29":"product-type-simple"},"_links":{"self":[{"href":"https:\/\/ryinz.cz\/velkoobchod\/fr\/wp-json\/wp\/v2\/product\/9167","targetHints":{"allow":["GET"]}}],"collection":[{"href":"https:\/\/ryinz.cz\/velkoobchod\/fr\/wp-json\/wp\/v2\/product"}],"about":[{"href":"https:\/\/ryinz.cz\/velkoobchod\/fr\/wp-json\/wp\/v2\/types\/product"}],"replies":[{"embeddable":true,"href":"https:\/\/ryinz.cz\/velkoobchod\/fr\/wp-json\/wp\/v2\/comments?post=9167"}],"wp:featuredmedia":[{"embeddable":true,"href":"https:\/\/ryinz.cz\/velkoobchod\/fr\/wp-json\/wp\/v2\/media\/9361"}],"wp:attachment":[{"href":"https:\/\/ryinz.cz\/velkoobchod\/fr\/wp-json\/wp\/v2\/media?parent=9167"}],"wp:term":[{"taxonomy":"product_brand","embeddable":true,"href":"https:\/\/ryinz.cz\/velkoobchod\/fr\/wp-json\/wp\/v2\/product_brand?post=9167"},{"taxonomy":"product_cat","embeddable":true,"href":"https:\/\/ryinz.cz\/velkoobchod\/fr\/wp-json\/wp\/v2\/product_cat?post=9167"},{"taxonomy":"product_tag","embeddable":true,"href":"https:\/\/ryinz.cz\/velkoobchod\/fr\/wp-json\/wp\/v2\/product_tag?post=9167"}],"curies":[{"name":"wp","href":"https:\/\/api.w.org\/{rel}","templated":true}]}}