{"id":9166,"date":"2025-08-26T11:48:33","date_gmt":"2025-08-26T11:48:33","guid":{"rendered":"https:\/\/ryinz.cz\/velkoobchod\/?post_type=product&#038;p=9166"},"modified":"2026-01-18T20:17:53","modified_gmt":"2026-01-18T20:17:53","slug":"gants-tactiques-personnalises-en-cuir-noir-de-ryinz-gants-de-prehension-en-pu-matelasses-pour-la-vente-au-detail-biker-securite-hivernale-vente-en-gros","status":"publish","type":"product","link":"https:\/\/ryinz.cz\/velkoobchod\/fr\/product\/custom-tactical-leather-gloves-black-by-ryinz-quilted-pu-grip-gloves-for-retail-biker-winter-security-wholesale\/","title":{"rendered":"Gants tactiques en cuir noir de RYINZ | Gants en PU matelass\u00e9s pour la vente au d\u00e9tail, les motards, l'hiver et la s\u00e9curit\u00e9 en gros"},"content":{"rendered":"<p data-start=\"1151\" data-end=\"1506\">Prenez le contr\u00f4le avec <strong data-start=\"1169\" data-end=\"1216\">RYINZ Premium Gants tactiques en cuir noir<\/strong>, Ce gant est con\u00e7u pour offrir une fonctionnalit\u00e9 moderne, des performances commerciales et une esth\u00e9tique hivernale \u00e9l\u00e9gante. Ce gant est con\u00e7u \u00e0 la fois pour la protection et le polissage - il convient donc aux lignes d'\u00e9quipement pour motards, aux collections de v\u00eatements d'ext\u00e9rieur sous marque de distributeur, aux tenues d'uniforme et aux fournisseurs d'\u00e9quipement tactique.<\/p>\n<p data-start=\"1508\" data-end=\"1798\">Con\u00e7u avec des coutures de r\u00e9sistance industrielle, une doublure int\u00e9rieure douce et une finition noire mate, ce gant est fait pour les deux types d'utilisation. <strong data-start=\"1631\" data-end=\"1678\">op\u00e9rations sur le terrain et rayons de vente au d\u00e9tail de la mode<\/strong>. RYINZ associe le style europ\u00e9en \u00e0 la durabilit\u00e9 mondiale pour s'assurer que ce mod\u00e8le r\u00e9pond aux attentes \u00e9lev\u00e9es des acheteurs B2B.<\/p>\n<hr data-start=\"1800\" data-end=\"1803\" \/>\n<h4 data-start=\"1805\" data-end=\"1850\">???? <strong data-start=\"1813\" data-end=\"1850\">Conception et sp\u00e9cifications des mat\u00e9riaux :<\/strong><\/h4>\n<ul data-start=\"1851\" data-end=\"2313\">\n<li data-start=\"1851\" data-end=\"1942\">\n<p data-start=\"1853\" data-end=\"1942\"><strong data-start=\"1853\" data-end=\"1862\">Palme :<\/strong> Cuir synth\u00e9tique int\u00e9gral avec contours de pr\u00e9cision pour un travail sensible \u00e0 la pr\u00e9hension<\/p>\n<\/li>\n<li data-start=\"1943\" data-end=\"2057\">\n<p data-start=\"1945\" data-end=\"2057\"><strong data-start=\"1945\" data-end=\"1954\">Retour :<\/strong> Zone matelass\u00e9e \u00e0 motif de diamant avec panneaux textur\u00e9s en nid d'abeille int\u00e9gr\u00e9s - \u00e9l\u00e9gante et r\u00e9sistante aux chocs<\/p>\n<\/li>\n<li data-start=\"2058\" data-end=\"2134\">\n<p data-start=\"2060\" data-end=\"2134\"><strong data-start=\"2060\" data-end=\"2072\">Les doigts :<\/strong> Coupe incurv\u00e9e pour une position ergonomique de la main et une dext\u00e9rit\u00e9 maximale<\/p>\n<\/li>\n<li data-start=\"2135\" data-end=\"2218\">\n<p data-start=\"2137\" data-end=\"2218\"><strong data-start=\"2137\" data-end=\"2146\">Manchette :<\/strong> Coupe droite avec bande extensible interne pour un ajustement rapide et un enfilage facile<\/p>\n<\/li>\n<li data-start=\"2219\" data-end=\"2313\">\n<p data-start=\"2221\" data-end=\"2313\"><strong data-start=\"2221\" data-end=\"2234\">Couleur :<\/strong> Noir uniforme dans toutes les zones pour une discr\u00e9tion tactique et un style polyvalent<\/p>\n<\/li>\n<\/ul>\n<hr data-start=\"2315\" data-end=\"2318\" \/>\n<h4 data-start=\"2320\" data-end=\"2356\">???? <strong data-start=\"2328\" data-end=\"2356\">Principaux avantages fonctionnels :<\/strong><\/h4>\n<ul data-start=\"2357\" data-end=\"2917\">\n<li data-start=\"2357\" data-end=\"2494\">\n<p data-start=\"2359\" data-end=\"2494\">\u2705 <strong data-start=\"2361\" data-end=\"2389\">Apparence professionnelle :<\/strong> Ton noir \u00e9l\u00e9gant id\u00e9al pour les forces de l'ordre, les \u00e9quipes de motards, le personnel de s\u00e9curit\u00e9 ou les v\u00eatements urbains haut de gamme.<\/p>\n<\/li>\n<li data-start=\"2495\" data-end=\"2612\">\n<p data-start=\"2497\" data-end=\"2612\">\u2705 <strong data-start=\"2499\" data-end=\"2525\">Protection renforc\u00e9e :<\/strong> Paume et jointures con\u00e7ues pour r\u00e9sister \u00e0 l'abrasion et offrir une protection tactique l\u00e9g\u00e8re.<\/p>\n<\/li>\n<li data-start=\"2613\" data-end=\"2730\">\n<p data-start=\"2615\" data-end=\"2730\">\u2705 <strong data-start=\"2617\" data-end=\"2639\">Mobilit\u00e9 flexible :<\/strong> La courbure naturelle des doigts et l'\u00e9lasticit\u00e9 de la peau permettent de bouger lors des d\u00e9placements \u00e0 cheval ou des patrouilles.<\/p>\n<\/li>\n<li data-start=\"2731\" data-end=\"2823\">\n<p data-start=\"2733\" data-end=\"2823\">\u2705 <strong data-start=\"2735\" data-end=\"2756\">Les conditions m\u00e9t\u00e9orologiques sont favorables :<\/strong> Les mat\u00e9riaux coupe-vent assurent le maintien de la chaleur dans les climats froids.<\/p>\n<\/li>\n<li data-start=\"2824\" data-end=\"2917\">\n<p data-start=\"2826\" data-end=\"2917\">\u2705 <strong data-start=\"2828\" data-end=\"2850\">Adaptation polyvalente :<\/strong> Id\u00e9al pour les applications d\u00e9contract\u00e9es, en uniforme, en ext\u00e9rieur ou m\u00e9caniques<\/p>\n<\/li>\n<\/ul>\n<hr data-start=\"2919\" data-end=\"2922\" \/>\n<h4 data-start=\"2924\" data-end=\"2972\">???? <strong data-start=\"2932\" data-end=\"2972\">Options de personnalisation et de marque blanche :<\/strong><\/h4>\n<ul data-start=\"2973\" data-end=\"3259\">\n<li data-start=\"2973\" data-end=\"3028\">\n<p data-start=\"2975\" data-end=\"3028\">Emplacement du logo : Backhand, cuff strap, or wrist zone<\/p>\n<\/li>\n<li data-start=\"3029\" data-end=\"3061\">\n<p data-start=\"3031\" data-end=\"3061\">Disponible en tailles : XS \u00e0 XL<\/p>\n<\/li>\n<li data-start=\"3062\" data-end=\"3106\">\n<p data-start=\"3064\" data-end=\"3106\">En option, des doigts adapt\u00e9s \u00e0 l'\u00e9cran tactile<\/p>\n<\/li>\n<li data-start=\"3107\" data-end=\"3186\">\n<p data-start=\"3109\" data-end=\"3186\">Types d'emballage : sachets \u00e0 fermeture \u00e9clair, \u00e9co-rouleaux, bo\u00eetes ou pochettes de vente au d\u00e9tail \u00e0 pliage plat.<\/p>\n<\/li>\n<li data-start=\"3187\" data-end=\"3259\">\n<p data-start=\"3189\" data-end=\"3259\">Prise en charge de la MOQ \u00e0 partir de 300 paires pour les entreprises en phase de d\u00e9marrage ou les lignes saisonni\u00e8res \u00e0 faible volume.<\/p>\n<\/li>\n<\/ul>\n<hr data-start=\"3261\" data-end=\"3264\" \/>\n<h4 data-start=\"3266\" data-end=\"3294\">???? <strong data-start=\"3274\" data-end=\"3294\">Recommand\u00e9 pour :<\/strong><\/h4>\n<ul data-start=\"3295\" data-end=\"3627\">\n<li data-start=\"3295\" data-end=\"3335\">\n<p data-start=\"3297\" data-end=\"3335\">???? <strong data-start=\"3300\" data-end=\"3333\">D\u00e9taillants d'accessoires pour motos<\/strong><\/p>\n<\/li>\n<li data-start=\"3336\" data-end=\"3373\">\n<p data-start=\"3338\" data-end=\"3373\">???? <strong data-start=\"3341\" data-end=\"3371\">Fournisseurs d'uniformes de s\u00e9curit\u00e9<\/strong><\/p>\n<\/li>\n<li data-start=\"3374\" data-end=\"3418\">\n<p data-start=\"3376\" data-end=\"3418\">???? <strong data-start=\"3379\" data-end=\"3416\">Marques d'\u00e9quipement tactique pour temps froid<\/strong><\/p>\n<\/li>\n<li data-start=\"3419\" data-end=\"3467\">\n<p data-start=\"3421\" data-end=\"3467\">???? <strong data-start=\"3424\" data-end=\"3465\">Fournisseurs de cadeaux d'entreprise ou de direction<\/strong><\/p>\n<\/li>\n<li data-start=\"3468\" data-end=\"3518\">\n<p data-start=\"3470\" data-end=\"3518\">????\ufe0f <strong data-start=\"3474\" data-end=\"3516\">Marques priv\u00e9es de v\u00eatements d'ext\u00e9rieur<\/strong><\/p>\n<\/li>\n<li data-start=\"3519\" data-end=\"3569\">\n<p data-start=\"3521\" data-end=\"3569\">???? <strong data-start=\"3524\" data-end=\"3567\">les vendeurs de commerce \u00e9lectronique sur Amazon, Etsy, etc.<\/strong><\/p>\n<\/li>\n<li data-start=\"3570\" data-end=\"3627\">\n<p data-start=\"3572\" data-end=\"3627\">???? <strong data-start=\"3575\" data-end=\"3627\">Kits pour le personnel charg\u00e9 du fret, de la livraison et du transport<\/strong><\/p>\n<\/li>\n<\/ul>\n<hr data-start=\"3629\" data-end=\"3632\" \/>\n<h4 data-start=\"3634\" data-end=\"3679\">???? <strong data-start=\"3642\" data-end=\"3679\">Pourquoi choisir ce mod\u00e8le de RYINZ ?<\/strong><\/h4>\n<p data-start=\"3680\" data-end=\"4069\">Ce mod\u00e8le repr\u00e9sente <strong data-start=\"3702\" data-end=\"3739\">pr\u00e9cision, polissage et protection<\/strong>. Qu'il s'agisse d'\u00e9quiper un magasin de motos, de lancer une ligne de v\u00eatements d'hiver ou d'approvisionner des uniformes tactiques, ce gant offre le meilleur de la forme et de la fonction. Avec son \u00e9l\u00e9gance noire et sa polyvalence en toute saison, il se d\u00e9marque des gants de travail ordinaires. Comme tous les produits RYINZ, il est con\u00e7u pour se vendre, s'adapter et servir.<\/p>","protected":false},"excerpt":{"rendered":"<p>Restez \u00e0 l'aise et confiant sur la neige avec <strong data-start=\"4018\" data-end=\"4057\">Gants de ski et de neige tous temps RYINZ<\/strong> - Des gants pr\u00eats pour l'hiver, con\u00e7us pour des performances s\u00e9rieuses dans des conditions extr\u00eames. Ces gants combinent une coque ext\u00e9rieure r\u00e9sistante avec une isolation thermique et une doublure confort, assurant une protection fiable contre le vent, la neige et l'humidit\u00e9. Leur manchette longue offre une couverture suppl\u00e9mentaire, tandis que la sangle ajustable et le serrage au poignet les maintiennent bien en place. La paume renforc\u00e9e am\u00e9liore l'adh\u00e9rence, tandis que les zones rembourr\u00e9es et les doigts pr\u00e9-courb\u00e9s augmentent la flexibilit\u00e9 et la protection. Id\u00e9aux pour le ski, le snowboard, la motoneige et les travaux par temps froid, ces gants sont con\u00e7us pour les hommes et les femmes qui recherchent \u00e0 la fois style et performance.<\/p>","protected":false},"featured_media":9360,"comment_status":"closed","ping_status":"closed","template":"","meta":[],"product_brand":[35],"product_cat":[57],"product_tag":[304,305,306,307,308,309,310,311,312,313,314,315,316,317,318],"class_list":{"0":"post-9166","1":"product","2":"type-product","3":"status-publish","4":"has-post-thumbnail","6":"product_brand-ryinz","8":"product_tag-brown-and-white-stitched-thermal-gloves","9":"product_tag-cold-weather-accessories-for-gifting","10":"product_tag-designer-inspired-winter-gloves-for-branding","11":"product_tag-fashion-gloves-for-urban-winter-outfits","12":"product_tag-insulated-quilt-gloves-for-winter-sports","13":"product_tag-luxury-gloves-for-fashion-retailers","14":"product_tag-oem-touchscreen-gloves-with-fleece","15":"product_tag-premium-driving-gloves-for-winter-use","16":"product_tag-quilted-winter-gloves-with-zipper","17":"product_tag-ryinz-gloves-for-private-label-winterwear","18":"product_tag-soft-lined-gloves-for-snow-and-frost","19":"product_tag-thermal-gloves-for-equestrian-apparel","20":"product_tag-touchscreen-compatible-outdoor-gloves","21":"product_tag-wholesale-fur-lined-gloves-for-boutiques","22":"product_tag-womens-touchscreen-cold-weather-gloves","24":"first","25":"instock","26":"taxable","27":"shipping-taxable","28":"purchasable","29":"product-type-simple"},"_links":{"self":[{"href":"https:\/\/ryinz.cz\/velkoobchod\/fr\/wp-json\/wp\/v2\/product\/9166","targetHints":{"allow":["GET"]}}],"collection":[{"href":"https:\/\/ryinz.cz\/velkoobchod\/fr\/wp-json\/wp\/v2\/product"}],"about":[{"href":"https:\/\/ryinz.cz\/velkoobchod\/fr\/wp-json\/wp\/v2\/types\/product"}],"replies":[{"embeddable":true,"href":"https:\/\/ryinz.cz\/velkoobchod\/fr\/wp-json\/wp\/v2\/comments?post=9166"}],"wp:featuredmedia":[{"embeddable":true,"href":"https:\/\/ryinz.cz\/velkoobchod\/fr\/wp-json\/wp\/v2\/media\/9360"}],"wp:attachment":[{"href":"https:\/\/ryinz.cz\/velkoobchod\/fr\/wp-json\/wp\/v2\/media?parent=9166"}],"wp:term":[{"taxonomy":"product_brand","embeddable":true,"href":"https:\/\/ryinz.cz\/velkoobchod\/fr\/wp-json\/wp\/v2\/product_brand?post=9166"},{"taxonomy":"product_cat","embeddable":true,"href":"https:\/\/ryinz.cz\/velkoobchod\/fr\/wp-json\/wp\/v2\/product_cat?post=9166"},{"taxonomy":"product_tag","embeddable":true,"href":"https:\/\/ryinz.cz\/velkoobchod\/fr\/wp-json\/wp\/v2\/product_tag?post=9166"}],"curies":[{"name":"wp","href":"https:\/\/api.w.org\/{rel}","templated":true}]}}