{"id":9165,"date":"2025-08-26T11:48:33","date_gmt":"2025-08-26T11:48:33","guid":{"rendered":"https:\/\/ryinz.cz\/velkoobchod\/?post_type=product&#038;p=9165"},"modified":"2026-01-18T20:17:52","modified_gmt":"2026-01-18T20:17:52","slug":"gants-de-sports-dhiver-personnalises-rouge-noir-blanc-par-ryinz-gants-en-cuir-pu-renforces-pour-ski-outdoor-retail-oem","status":"publish","type":"product","link":"https:\/\/ryinz.cz\/velkoobchod\/fr\/product\/custom-winter-sports-gloves-red-black-white-by-ryinz-pu-leather-reinforced-gloves-for-skiing-outdoor-retail-oem\/","title":{"rendered":"Gants de sports d'hiver personnalis\u00e9s rouge-noir-blanc par RYINZ | Gants renforc\u00e9s en cuir PU pour le ski, l'ext\u00e9rieur et la vente au d\u00e9tail OEM"},"content":{"rendered":"<p data-start=\"1176\" data-end=\"1592\">Entrez dans la neige avec d\u00e9termination et puissance. Les <strong data-start=\"1223\" data-end=\"1261\">Gant d'hiver RYINZ rouge-noir-blanc<\/strong> n'est pas seulement une n\u00e9cessit\u00e9 par temps froid ; c'est un produit audacieux con\u00e7u pour la performance d'\u00e9lite, l'identit\u00e9 de la marque et l'\u00e9volutivit\u00e9 de l'entreprise. Avec son design tricolore distinctif, ce gant allie l'esth\u00e9tique de la mode \u00e0 l'utilit\u00e9 tactique, ce qui le rend id\u00e9al pour les sports alpins, les v\u00eatements de travail en station ou les activit\u00e9s de plein air difficiles.<\/p>\n<p data-start=\"1594\" data-end=\"1921\">Des pistes glac\u00e9es \u00e0 la s\u00e9curit\u00e9 des sentiers de montagne, ce gant est con\u00e7u pour offrir durabilit\u00e9, chaleur et adh\u00e9rence dans des conditions extr\u00eames, tout en offrant des options de personnalisation en marque blanche ou en marque de distributeur. Soutenu par <strong data-start=\"1803\" data-end=\"1843\">Les normes de qualit\u00e9 de RYINZ align\u00e9es sur celles de l'UE<\/strong>, C'est le produit id\u00e9al pour une expansion dans le commerce de d\u00e9tail, les v\u00eatements de sport et le commerce \u00e9lectronique.<\/p>\n<hr data-start=\"1923\" data-end=\"1926\" \/>\n<h4 data-start=\"1928\" data-end=\"1971\">???? <strong data-start=\"1936\" data-end=\"1971\">Caract\u00e9ristiques de la conception et de la construction :<\/strong><\/h4>\n<ul data-start=\"1972\" data-end=\"2564\">\n<li data-start=\"1972\" data-end=\"2064\">\n<p data-start=\"1974\" data-end=\"2064\"><strong data-start=\"1974\" data-end=\"1990\">Coquille ext\u00e9rieure :<\/strong> Design \u00e0 trois panneaux \u00e0 fort contraste en <strong data-start=\"2029\" data-end=\"2036\">rouge<\/strong>, <strong data-start=\"2038\" data-end=\"2047\">blanc<\/strong>, et <strong data-start=\"2053\" data-end=\"2062\">noir<\/strong><\/p>\n<\/li>\n<li data-start=\"2065\" data-end=\"2138\">\n<p data-start=\"2067\" data-end=\"2138\"><strong data-start=\"2067\" data-end=\"2080\">Mat\u00e9riau :<\/strong> Coquille multicouche durable avec coutures r\u00e9sistantes \u00e0 l'abrasion<\/p>\n<\/li>\n<li data-start=\"2139\" data-end=\"2252\">\n<p data-start=\"2141\" data-end=\"2252\"><strong data-start=\"2141\" data-end=\"2150\">Palme :<\/strong> Paume en cuir synth\u00e9tique PU noir avec motifs de pr\u00e9hension ergonomiques pour les b\u00e2tons, les outils ou le guidon.<\/p>\n<\/li>\n<li data-start=\"2253\" data-end=\"2337\">\n<p data-start=\"2255\" data-end=\"2337\"><strong data-start=\"2255\" data-end=\"2267\">Les doigts :<\/strong> Le rev\u00eatement des doigts en nid d'abeille am\u00e9liore la flexibilit\u00e9 et la pr\u00e9cision.<\/p>\n<\/li>\n<li data-start=\"2338\" data-end=\"2460\">\n<p data-start=\"2340\" data-end=\"2460\"><strong data-start=\"2340\" data-end=\"2355\">Zone du poignet :<\/strong> Zone \u00e9lastique extensible et double \u0153illet renforc\u00e9 pour la protection du poignet et un ajustement parfait.<\/p>\n<\/li>\n<li data-start=\"2461\" data-end=\"2564\">\n<p data-start=\"2463\" data-end=\"2564\"><strong data-start=\"2463\" data-end=\"2476\">L'image de marque :<\/strong> \u201cLogo \u201dRYINZ\" plac\u00e9 en \u00e9vidence au centre, plus un subtil badge R-icon pour plus d'identit\u00e9<\/p>\n<\/li>\n<\/ul>\n<hr data-start=\"2566\" data-end=\"2569\" \/>\n<h4 data-start=\"2571\" data-end=\"2605\">???? <strong data-start=\"2579\" data-end=\"2605\">Points forts fonctionnels :<\/strong><\/h4>\n<ul data-start=\"2606\" data-end=\"3016\">\n<li data-start=\"2606\" data-end=\"2681\">\n<p data-start=\"2608\" data-end=\"2681\">\u2705 <strong data-start=\"2610\" data-end=\"2642\">Coupe-vent et r\u00e9sistant \u00e0 la neige<\/strong> tissu ext\u00e9rieur id\u00e9al pour les sports d'hiver<\/p>\n<\/li>\n<li data-start=\"2682\" data-end=\"2756\">\n<p data-start=\"2684\" data-end=\"2756\">\u2705 <strong data-start=\"2686\" data-end=\"2722\">Paume et doigts renforc\u00e9s<\/strong> am\u00e9liorent l'adh\u00e9rence et r\u00e9sistent aux d\u00e9chirures<\/p>\n<\/li>\n<li data-start=\"2757\" data-end=\"2863\">\n<p data-start=\"2759\" data-end=\"2863\">\u2705 <strong data-start=\"2761\" data-end=\"2793\">Construction flexible des doigts<\/strong> permet un mouvement complet pour le ski, le snowboard et le travail par temps froid<\/p>\n<\/li>\n<li data-start=\"2864\" data-end=\"2934\">\n<p data-start=\"2866\" data-end=\"2934\">\u2705 <strong data-start=\"2868\" data-end=\"2897\">Support \u00e9lastique pour le poignet<\/strong> enferme la chaleur et emp\u00eache la neige de p\u00e9n\u00e9trer<\/p>\n<\/li>\n<li data-start=\"2935\" data-end=\"3016\">\n<p data-start=\"2937\" data-end=\"3016\">\u2705 <strong data-start=\"2939\" data-end=\"2967\">Un design visuellement frappant<\/strong> le rend pr\u00eat pour la vente au d\u00e9tail et l'affichage en ligne<\/p>\n<\/li>\n<\/ul>\n<hr data-start=\"3018\" data-end=\"3021\" \/>\n<h4 data-start=\"3023\" data-end=\"3082\">???? <strong data-start=\"3031\" data-end=\"3082\">Options Private Label &amp; OEM (Powered by RYINZ) :<\/strong><\/h4>\n<ul data-start=\"3083\" data-end=\"3488\">\n<li data-start=\"3083\" data-end=\"3131\">\n<p data-start=\"3085\" data-end=\"3131\">Contr\u00f4le total du logo : impression, patch ou embossage<\/p>\n<\/li>\n<li data-start=\"3132\" data-end=\"3190\">\n<p data-start=\"3134\" data-end=\"3190\">Tableaux des tailles personnalis\u00e9s : UE, Royaume-Uni ou normes internationales<\/p>\n<\/li>\n<li data-start=\"3191\" data-end=\"3270\">\n<p data-start=\"3193\" data-end=\"3270\">Couleurs disponibles : rouge-noir, gris-bleu, olive-noir, personnalis\u00e9es sur demande.<\/p>\n<\/li>\n<li data-start=\"3271\" data-end=\"3343\">\n<p data-start=\"3273\" data-end=\"3343\">Modes d'emballage : rouleaux \u00e9cologiques, pochettes, sacs \u00e0 fermeture \u00e9clair ou emballage cadeau de luxe.<\/p>\n<\/li>\n<li data-start=\"3344\" data-end=\"3418\">\n<p data-start=\"3346\" data-end=\"3418\">MOQ : 300 paires seulement pour les collections d'\u00e9chantillons et les lancements de nouvelles marques.<\/p>\n<\/li>\n<li data-start=\"3419\" data-end=\"3488\">\n<p data-start=\"3421\" data-end=\"3488\">Coordination au niveau de l'UE pour des commandes rapides et une communication de qualit\u00e9<\/p>\n<\/li>\n<\/ul>\n<hr data-start=\"3490\" data-end=\"3493\" \/>\n<h4 data-start=\"3495\" data-end=\"3539\">???? <strong data-start=\"3503\" data-end=\"3539\">Meilleur pour ces acheteurs\/cas d'utilisation :<\/strong><\/h4>\n<ul data-start=\"3540\" data-end=\"3840\">\n<li data-start=\"3540\" data-end=\"3586\">\n<p data-start=\"3542\" data-end=\"3586\">????\ufe0f <strong data-start=\"3546\" data-end=\"3584\">Stations de ski et magasins de cadeaux alpins<\/strong><\/p>\n<\/li>\n<li data-start=\"3587\" data-end=\"3638\">\n<p data-start=\"3589\" data-end=\"3638\">????\ufe0f <strong data-start=\"3593\" data-end=\"3636\">Cr\u00e9ation d'entreprises de v\u00eatements de plein air sous marque de distributeur<\/strong><\/p>\n<\/li>\n<li data-start=\"3639\" data-end=\"3679\">\n<p data-start=\"3641\" data-end=\"3679\">????\ufe0f <strong data-start=\"3645\" data-end=\"3677\">Lignes de gants d'hiver pour motos<\/strong><\/p>\n<\/li>\n<li data-start=\"3680\" data-end=\"3740\">\n<p data-start=\"3682\" data-end=\"3740\">???? <strong data-start=\"3685\" data-end=\"3714\">Grossistes en sports d'hiver<\/strong> cibler les march\u00e9s de l'UE et des \u00c9tats-Unis<\/p>\n<\/li>\n<li data-start=\"3741\" data-end=\"3796\">\n<p data-start=\"3743\" data-end=\"3796\">????\ufe0f <strong data-start=\"3747\" data-end=\"3794\">Fournisseurs d'\u00e9quipements utilitaires et tactiques pour le froid<\/strong><\/p>\n<\/li>\n<li data-start=\"3797\" data-end=\"3840\">\n<p data-start=\"3799\" data-end=\"3840\">???? <strong data-start=\"3802\" data-end=\"3840\">Distributeurs B2B d'accessoires de mode<\/strong><\/p>\n<\/li>\n<\/ul>\n<hr data-start=\"3842\" data-end=\"3845\" \/>\n<h4 data-start=\"3847\" data-end=\"3887\">???? <strong data-start=\"3855\" data-end=\"3887\">Pourquoi choisir ce mod\u00e8le RYINZ ?<\/strong><\/h4>\n<p data-start=\"3888\" data-end=\"4268\">Con\u00e7u en Europe et fabriqu\u00e9 avec une pr\u00e9cision de classe mondiale, ce gant refl\u00e8te les valeurs de la soci\u00e9t\u00e9. <strong data-start=\"3972\" data-end=\"4037\">L'engagement de RYINZ en faveur de la durabilit\u00e9, de l'image de marque et de la fonction.<\/strong> Sa couleur rouge audacieuse et ses bordures noires et blanches lui permettent de se d\u00e9marquer dans les catalogues, les boutiques en ligne et dans le monde r\u00e9el. Con\u00e7u pour r\u00e9sister au gel, \u00e0 une utilisation extr\u00eame et \u00e0 l'attrait visuel, ce gant est plus qu'un simple gant - c'est un atout pour la vente.<\/p>\n<p data-start=\"4270\" data-end=\"4399\">Qu'il s'agisse d'escalader une montagne ou de faire progresser votre pipeline de vente, la <strong data-start=\"4340\" data-end=\"4378\">Gant d'hiver RYINZ rouge-noir-blanc<\/strong> est pr\u00eat \u00e0 agir.<\/p>\n<p data-start=\"4401\" data-end=\"4470\"><strong data-start=\"4401\" data-end=\"4470\">Chaleur fiable. Un look haut de gamme. Une puissance de gros - uniquement chez RYINZ.<\/strong><\/p>","protected":false},"excerpt":{"rendered":"<p>Restez \u00e0 l'aise et confiant sur la neige avec <strong data-start=\"4018\" data-end=\"4057\">Gants de ski et de neige tous temps RYINZ<\/strong> - Des gants pr\u00eats pour l'hiver, con\u00e7us pour des performances s\u00e9rieuses dans des conditions extr\u00eames. Ces gants combinent une coque ext\u00e9rieure r\u00e9sistante avec une isolation thermique et une doublure confort, assurant une protection fiable contre le vent, la neige et l'humidit\u00e9. Leur manchette longue offre une couverture suppl\u00e9mentaire, tandis que la sangle ajustable et le serrage au poignet les maintiennent bien en place. La paume renforc\u00e9e am\u00e9liore l'adh\u00e9rence, tandis que les zones rembourr\u00e9es et les doigts pr\u00e9-courb\u00e9s augmentent la flexibilit\u00e9 et la protection. Id\u00e9aux pour le ski, le snowboard, la motoneige et les travaux par temps froid, ces gants sont con\u00e7us pour les hommes et les femmes qui recherchent \u00e0 la fois style et performance.<\/p>","protected":false},"featured_media":9359,"comment_status":"closed","ping_status":"closed","template":"","meta":[],"product_brand":[35],"product_cat":[57],"product_tag":[304,305,306,307,308,309,310,311,312,313,314,315,316,317,318],"class_list":{"0":"post-9165","1":"product","2":"type-product","3":"status-publish","4":"has-post-thumbnail","6":"product_brand-ryinz","8":"product_tag-brown-and-white-stitched-thermal-gloves","9":"product_tag-cold-weather-accessories-for-gifting","10":"product_tag-designer-inspired-winter-gloves-for-branding","11":"product_tag-fashion-gloves-for-urban-winter-outfits","12":"product_tag-insulated-quilt-gloves-for-winter-sports","13":"product_tag-luxury-gloves-for-fashion-retailers","14":"product_tag-oem-touchscreen-gloves-with-fleece","15":"product_tag-premium-driving-gloves-for-winter-use","16":"product_tag-quilted-winter-gloves-with-zipper","17":"product_tag-ryinz-gloves-for-private-label-winterwear","18":"product_tag-soft-lined-gloves-for-snow-and-frost","19":"product_tag-thermal-gloves-for-equestrian-apparel","20":"product_tag-touchscreen-compatible-outdoor-gloves","21":"product_tag-wholesale-fur-lined-gloves-for-boutiques","22":"product_tag-womens-touchscreen-cold-weather-gloves","24":"first","25":"instock","26":"taxable","27":"shipping-taxable","28":"purchasable","29":"product-type-simple"},"_links":{"self":[{"href":"https:\/\/ryinz.cz\/velkoobchod\/fr\/wp-json\/wp\/v2\/product\/9165","targetHints":{"allow":["GET"]}}],"collection":[{"href":"https:\/\/ryinz.cz\/velkoobchod\/fr\/wp-json\/wp\/v2\/product"}],"about":[{"href":"https:\/\/ryinz.cz\/velkoobchod\/fr\/wp-json\/wp\/v2\/types\/product"}],"replies":[{"embeddable":true,"href":"https:\/\/ryinz.cz\/velkoobchod\/fr\/wp-json\/wp\/v2\/comments?post=9165"}],"wp:featuredmedia":[{"embeddable":true,"href":"https:\/\/ryinz.cz\/velkoobchod\/fr\/wp-json\/wp\/v2\/media\/9359"}],"wp:attachment":[{"href":"https:\/\/ryinz.cz\/velkoobchod\/fr\/wp-json\/wp\/v2\/media?parent=9165"}],"wp:term":[{"taxonomy":"product_brand","embeddable":true,"href":"https:\/\/ryinz.cz\/velkoobchod\/fr\/wp-json\/wp\/v2\/product_brand?post=9165"},{"taxonomy":"product_cat","embeddable":true,"href":"https:\/\/ryinz.cz\/velkoobchod\/fr\/wp-json\/wp\/v2\/product_cat?post=9165"},{"taxonomy":"product_tag","embeddable":true,"href":"https:\/\/ryinz.cz\/velkoobchod\/fr\/wp-json\/wp\/v2\/product_tag?post=9165"}],"curies":[{"name":"wp","href":"https:\/\/api.w.org\/{rel}","templated":true}]}}