{"id":9164,"date":"2025-06-22T15:31:10","date_gmt":"2025-06-22T15:31:10","guid":{"rendered":"https:\/\/ryinz.cz\/velkoobchod\/?post_type=product&#038;p=9164"},"modified":"2026-01-18T20:17:51","modified_gmt":"2026-01-18T20:17:51","slug":"gants-de-ski-impermeables-personnalises-pour-la-vente-en-gros-gants-de-paume-en-pu-thermique-matelasse-par-ryinz-pour-les-vetements-de-sport-dhiver","status":"publish","type":"product","link":"https:\/\/ryinz.cz\/velkoobchod\/fr\/product\/custom-waterproof-ski-gloves-for-wholesale-retail-quilted-thermal-pu-palm-gloves-by-ryinz-for-winter-sportswear\/","title":{"rendered":"Gants de ski imperm\u00e9ables personnalis\u00e9s pour la vente en gros et au d\u00e9tail | Gants matelass\u00e9s \u00e0 paume thermique en PU par RYINZ pour les v\u00eatements de sport d'hiver"},"content":{"rendered":"<h3 data-start=\"232\" data-end=\"348\"><strong data-start=\"239\" data-end=\"346\">RYINZ Gants d'hiver haute performance - Bleu et gris Gants de sport utilitaires avec protection de la paume en cuir<\/strong><\/h3>\n<p data-start=\"350\" data-end=\"805\">Con\u00e7ue pour des conditions extr\u00eames, la <strong data-start=\"384\" data-end=\"419\">Gants d'hiver RYINZ Performance<\/strong> offrent une conception durable, isol\u00e9e et dot\u00e9e d'une meilleure prise en main pour les professionnels et les aventuriers. Avec un sch\u00e9ma de couleurs tri-ton unique en <strong data-start=\"558\" data-end=\"573\">bleu arctique<\/strong>, <strong data-start=\"575\" data-end=\"592\">gris graphite<\/strong>, et <strong data-start=\"598\" data-end=\"607\">noir<\/strong>, Ces gants allient des mat\u00e9riaux de qualit\u00e9 sup\u00e9rieure \u00e0 un confort ergonomique, ce qui les rend id\u00e9aux pour les sports d'hiver en ext\u00e9rieur, les exp\u00e9ditions alpines, les op\u00e9rations tactiques et le travail \u00e0 haute mobilit\u00e9 dans des environnements glacials.<\/p>\n<p data-start=\"807\" data-end=\"1004\">Ces gants sont parfaits pour <strong data-start=\"836\" data-end=\"854\">marques de v\u00eatements de ski<\/strong>, <strong data-start=\"856\" data-end=\"882\">d\u00e9taillants de sports m\u00e9caniques<\/strong>, <strong data-start=\"884\" data-end=\"910\">fournisseurs de mat\u00e9riel de plein air<\/strong>, et <strong data-start=\"916\" data-end=\"945\">collections de marques priv\u00e9es<\/strong> qui cherchent \u00e0 combiner une grande visibilit\u00e9 avec une durabilit\u00e9 robuste.<\/p>\n<hr data-start=\"1006\" data-end=\"1009\" \/>\n<h3 data-start=\"1011\" data-end=\"1055\">???? <strong data-start=\"1018\" data-end=\"1055\">Construction du produit et mat\u00e9riaux :<\/strong><\/h3>\n<ul data-start=\"1056\" data-end=\"1718\">\n<li data-start=\"1056\" data-end=\"1139\">\n<p data-start=\"1058\" data-end=\"1139\"><strong data-start=\"1058\" data-end=\"1074\">Coquille ext\u00e9rieure :<\/strong> Textile multi-panneaux avec zones extensibles pour la flexibilit\u00e9 et l'ajustement<\/p>\n<\/li>\n<li data-start=\"1140\" data-end=\"1208\">\n<p data-start=\"1142\" data-end=\"1208\"><strong data-start=\"1142\" data-end=\"1156\">Panneau sup\u00e9rieur :<\/strong> Manchette noire matelass\u00e9e pour la protection du poignet et le style<\/p>\n<\/li>\n<li data-start=\"1209\" data-end=\"1342\">\n<p data-start=\"1211\" data-end=\"1342\"><strong data-start=\"1211\" data-end=\"1234\">Panneaux Color Block :<\/strong> Le corps gris clair et la partie inf\u00e9rieure bleu vif offrent un contraste audacieux et une grande visibilit\u00e9 dans la neige ou en cas de faible luminosit\u00e9.<\/p>\n<\/li>\n<li data-start=\"1343\" data-end=\"1493\">\n<p data-start=\"1345\" data-end=\"1493\"><strong data-start=\"1345\" data-end=\"1354\">Palme :<\/strong> Cuir synth\u00e9tique noir renforc\u00e9 avec rembourrage ergonomique - con\u00e7u pour saisir les b\u00e2tons de ski, les poign\u00e9es de moto, les outils ou le mat\u00e9riel de randonn\u00e9e.<\/p>\n<\/li>\n<li data-start=\"1494\" data-end=\"1609\">\n<p data-start=\"1496\" data-end=\"1609\"><strong data-start=\"1496\" data-end=\"1507\">Doublure :<\/strong> Int\u00e9rieur thermique con\u00e7u pour <strong data-start=\"1538\" data-end=\"1556\">r\u00e9tention de la chaleur<\/strong> et un confort de longue dur\u00e9e sans fatigue de la main<\/p>\n<\/li>\n<li data-start=\"1610\" data-end=\"1718\">\n<p data-start=\"1612\" data-end=\"1718\"><strong data-start=\"1612\" data-end=\"1627\">Zone du poignet :<\/strong> Manchette int\u00e9rieure \u00e9lastiqu\u00e9e et fermeture \u00e0 sangle r\u00e9glable pour conserver la chaleur et emp\u00eacher la neige de p\u00e9n\u00e9trer.<\/p>\n<\/li>\n<\/ul>\n<hr data-start=\"1720\" data-end=\"1723\" \/>\n<h3 data-start=\"1725\" data-end=\"1761\">???? <strong data-start=\"1732\" data-end=\"1761\">Principales caract\u00e9ristiques de performance :<\/strong><\/h3>\n<ul data-start=\"1762\" data-end=\"2344\">\n<li data-start=\"1762\" data-end=\"1911\">\n<p data-start=\"1764\" data-end=\"1911\">\u2705 <strong data-start=\"1766\" data-end=\"1796\">Fonctionnalit\u00e9 tout-terrain :<\/strong> Id\u00e9al pour une utilisation dans <strong data-start=\"1814\" data-end=\"1824\">ski<\/strong>, <strong data-start=\"1826\" data-end=\"1842\">snowboard<\/strong>, <strong data-start=\"1844\" data-end=\"1863\">v\u00e9lo de montagne<\/strong>, <strong data-start=\"1865\" data-end=\"1881\">motoneige<\/strong>, et <strong data-start=\"1887\" data-end=\"1909\">travail par temps froid<\/strong><\/p>\n<\/li>\n<li data-start=\"1912\" data-end=\"2027\">\n<p data-start=\"1914\" data-end=\"2027\">\u2705 <strong data-start=\"1916\" data-end=\"1943\">Poign\u00e9e renforc\u00e9e :<\/strong> La paume comporte des zones textur\u00e9es en cuir PU pour une adh\u00e9rence maximale et la long\u00e9vit\u00e9 du gant.<\/p>\n<\/li>\n<li data-start=\"2028\" data-end=\"2112\">\n<p data-start=\"2030\" data-end=\"2112\">\u2705 <strong data-start=\"2032\" data-end=\"2059\">Construction coupe-vent :<\/strong> Le tissu ext\u00e9rieur r\u00e9siste \u00e0 l'air froid et \u00e0 la p\u00e9n\u00e9tration de la neige.<\/p>\n<\/li>\n<li data-start=\"2113\" data-end=\"2213\">\n<p data-start=\"2115\" data-end=\"2213\">\u2705 <strong data-start=\"2117\" data-end=\"2141\">Manchette de poignet allong\u00e9e :<\/strong> La conception matelass\u00e9e emp\u00eache la perte de chaleur et ajoute un attrait visuel professionnel.<\/p>\n<\/li>\n<li data-start=\"2214\" data-end=\"2344\">\n<p data-start=\"2216\" data-end=\"2344\">\u2705 <strong data-start=\"2218\" data-end=\"2247\">Durabilit\u00e9 multicouche :<\/strong> Con\u00e7u pour durer dans des conditions difficiles - id\u00e9al pour les sports \u00e0 forte mobilit\u00e9 ou les activit\u00e9s de type militaire<\/p>\n<\/li>\n<\/ul>\n<hr data-start=\"2346\" data-end=\"2349\" \/>\n<h3 data-start=\"2351\" data-end=\"2400\">???? <strong data-start=\"2358\" data-end=\"2400\">Options de personnalisation et OEM via RYINZ :<\/strong><\/h3>\n<ul data-start=\"2401\" data-end=\"2927\">\n<li data-start=\"2401\" data-end=\"2513\">\n<p data-start=\"2403\" data-end=\"2513\">???? <strong data-start=\"2406\" data-end=\"2423\">Options de logo :<\/strong> Impression sublim\u00e9e, brod\u00e9e ou par transfert thermique sur la manchette, le patch de poignet ou la coque ext\u00e9rieure.<\/p>\n<\/li>\n<li data-start=\"2514\" data-end=\"2642\">\n<p data-start=\"2516\" data-end=\"2642\">???? <strong data-start=\"2519\" data-end=\"2543\">Personnalisation des couleurs :<\/strong> Disponible en noir\/rouge, marine\/gris, olive\/orange, ou dans des palettes de couleurs personnalis\u00e9es pour les collections de la marque.<\/p>\n<\/li>\n<li data-start=\"2643\" data-end=\"2735\">\n<p data-start=\"2645\" data-end=\"2735\">???? <strong data-start=\"2648\" data-end=\"2669\">Modes d'emballage :<\/strong> Sacs en poly\u00e9thyl\u00e8ne, bo\u00eetes-cadeaux, pochettes \u00e0 fermeture \u00e9clair, rouleaux \u00e9cologiques (avec ou sans marque)<\/p>\n<\/li>\n<li data-start=\"2736\" data-end=\"2817\">\n<p data-start=\"2738\" data-end=\"2817\">???? <strong data-start=\"2741\" data-end=\"2755\">OEM Dimensions :<\/strong> XS \u00e0 XL (adulte), tableau des tailles en option pour hommes\/femmes\/jeunes<\/p>\n<\/li>\n<li data-start=\"2818\" data-end=\"2927\">\n<p data-start=\"2820\" data-end=\"2927\">???? <strong data-start=\"2823\" data-end=\"2840\">MOQ adapt\u00e9 :<\/strong> Des petites s\u00e9ries pour les marques de boutique \u00e0 la production \u00e0 grande \u00e9chelle pour les distributeurs mondiaux<\/p>\n<\/li>\n<\/ul>\n<hr data-start=\"2929\" data-end=\"2932\" \/>\n<h3 data-start=\"2934\" data-end=\"2961\">???? <strong data-start=\"2941\" data-end=\"2961\">Convient le mieux \u00e0 :<\/strong><\/h3>\n<ul data-start=\"2962\" data-end=\"3368\">\n<li data-start=\"2962\" data-end=\"3034\">\n<p data-start=\"2964\" data-end=\"3034\">\u2744\ufe0f <strong data-start=\"2967\" data-end=\"2995\">Marques de v\u00eatements de sport d'hiver<\/strong> besoin de lignes de gants de ski ou de snowboard<\/p>\n<\/li>\n<li data-start=\"3035\" data-end=\"3101\">\n<p data-start=\"3037\" data-end=\"3101\">???? <strong data-start=\"3040\" data-end=\"3077\">D\u00e9taillants de mat\u00e9riel tactique et de plein air<\/strong> sur les march\u00e9s de l'UE ou de la r\u00e9gion MENA<\/p>\n<\/li>\n<li data-start=\"3102\" data-end=\"3157\">\n<p data-start=\"3104\" data-end=\"3157\">????\ufe0f <strong data-start=\"3108\" data-end=\"3155\">Marques de mat\u00e9riel d'alpinisme et d'exp\u00e9dition<\/strong><\/p>\n<\/li>\n<li data-start=\"3158\" data-end=\"3227\">\n<p data-start=\"3160\" data-end=\"3227\">????\ufe0f <strong data-start=\"3164\" data-end=\"3197\">Fabricants d'\u00e9quipements pour motocycles<\/strong> \u00e0 la recherche de gants pr\u00eats pour l'hiver<\/p>\n<\/li>\n<li data-start=\"3228\" data-end=\"3302\">\n<p data-start=\"3230\" data-end=\"3302\">???? <strong data-start=\"3233\" data-end=\"3274\">Programmes de marque priv\u00e9e ou de marque blanche<\/strong> besoin de gants d'hiver OEM<\/p>\n<\/li>\n<li data-start=\"3303\" data-end=\"3368\">\n<p data-start=\"3305\" data-end=\"3368\">???? <strong data-start=\"3308\" data-end=\"3368\">Promotions hivernales pour les entreprises ou paquets-cadeaux pour les stations de sports d'hiver<\/strong><\/p>\n<\/li>\n<\/ul>\n<hr data-start=\"3370\" data-end=\"3373\" \/>\n<h3 data-start=\"3375\" data-end=\"3413\">???? <strong data-start=\"3382\" data-end=\"3413\">Pourquoi les gants RYINZ se distinguent-ils :<\/strong><\/h3>\n<p data-start=\"3414\" data-end=\"3831\">Au <strong data-start=\"3417\" data-end=\"3426\">RYINZ<\/strong>, Nos gants sont le fruit d'une collaboration \u00e9troite entre des \u00e9quipes de conception europ\u00e9ennes et des fabricants sud-asiatiques exp\u00e9riment\u00e9s, ce qui vous permet de b\u00e9n\u00e9ficier d'une qualit\u00e9 sup\u00e9rieure, d'un style personnalis\u00e9 et d'un prix adapt\u00e9 au march\u00e9. Les gants <strong data-start=\"3628\" data-end=\"3672\">Gants d'hiver haute performance bleu-gris<\/strong> sont con\u00e7us pour offrir une protection thermique fiable, une force de pr\u00e9hension tactique et un aspect visuel unique, tout en offrant la possibilit\u00e9 de cr\u00e9er une marque priv\u00e9e.<\/p>\n<p data-start=\"3833\" data-end=\"4111\">Avec des ann\u00e9es d'exp\u00e9rience au service des acheteurs B2B \u00e0 travers <strong data-start=\"3884\" data-end=\"3909\">28 pays europ\u00e9ens<\/strong>, Notre syst\u00e8me de production permet \u00e0 la fois la rapidit\u00e9 et l'\u00e9chelle. Ces gants peuvent devenir l'un des articles les plus vendus de votre collection d'hiver, tactique ou de sport automobile, gr\u00e2ce \u00e0 leur construction durable et \u00e0 leur \u00e9l\u00e9gance.<\/p>\n<p data-start=\"4113\" data-end=\"4164\"><strong data-start=\"4113\" data-end=\"4164\">RYINZ. Con\u00e7u pour \u00eatre performant. Con\u00e7us pour vendre.<\/strong><\/p>","protected":false},"excerpt":{"rendered":"<p>Restez \u00e0 l'aise et confiant sur la neige avec <strong data-start=\"4018\" data-end=\"4057\">Gants de ski et de neige tous temps RYINZ<\/strong> - Des gants pr\u00eats pour l'hiver, con\u00e7us pour des performances s\u00e9rieuses dans des conditions extr\u00eames. Ces gants combinent une coque ext\u00e9rieure r\u00e9sistante avec une isolation thermique et une doublure confort, assurant une protection fiable contre le vent, la neige et l'humidit\u00e9. Leur manchette longue offre une couverture suppl\u00e9mentaire, tandis que la sangle ajustable et le serrage au poignet les maintiennent bien en place. La paume renforc\u00e9e am\u00e9liore l'adh\u00e9rence, tandis que les zones rembourr\u00e9es et les doigts pr\u00e9-courb\u00e9s augmentent la flexibilit\u00e9 et la protection. Id\u00e9aux pour le ski, le snowboard, la motoneige et les travaux par temps froid, ces gants sont con\u00e7us pour les hommes et les femmes qui recherchent \u00e0 la fois style et performance.<\/p>","protected":false},"featured_media":9353,"comment_status":"closed","ping_status":"closed","template":"","meta":[],"product_brand":[35],"product_cat":[57],"product_tag":[304,305,306,307,308,309,310,311,312,313,314,315,316,317,318],"class_list":{"0":"post-9164","1":"product","2":"type-product","3":"status-publish","4":"has-post-thumbnail","6":"product_brand-ryinz","8":"product_tag-brown-and-white-stitched-thermal-gloves","9":"product_tag-cold-weather-accessories-for-gifting","10":"product_tag-designer-inspired-winter-gloves-for-branding","11":"product_tag-fashion-gloves-for-urban-winter-outfits","12":"product_tag-insulated-quilt-gloves-for-winter-sports","13":"product_tag-luxury-gloves-for-fashion-retailers","14":"product_tag-oem-touchscreen-gloves-with-fleece","15":"product_tag-premium-driving-gloves-for-winter-use","16":"product_tag-quilted-winter-gloves-with-zipper","17":"product_tag-ryinz-gloves-for-private-label-winterwear","18":"product_tag-soft-lined-gloves-for-snow-and-frost","19":"product_tag-thermal-gloves-for-equestrian-apparel","20":"product_tag-touchscreen-compatible-outdoor-gloves","21":"product_tag-wholesale-fur-lined-gloves-for-boutiques","22":"product_tag-womens-touchscreen-cold-weather-gloves","24":"first","25":"instock","26":"taxable","27":"shipping-taxable","28":"purchasable","29":"product-type-simple"},"_links":{"self":[{"href":"https:\/\/ryinz.cz\/velkoobchod\/fr\/wp-json\/wp\/v2\/product\/9164","targetHints":{"allow":["GET"]}}],"collection":[{"href":"https:\/\/ryinz.cz\/velkoobchod\/fr\/wp-json\/wp\/v2\/product"}],"about":[{"href":"https:\/\/ryinz.cz\/velkoobchod\/fr\/wp-json\/wp\/v2\/types\/product"}],"replies":[{"embeddable":true,"href":"https:\/\/ryinz.cz\/velkoobchod\/fr\/wp-json\/wp\/v2\/comments?post=9164"}],"wp:featuredmedia":[{"embeddable":true,"href":"https:\/\/ryinz.cz\/velkoobchod\/fr\/wp-json\/wp\/v2\/media\/9353"}],"wp:attachment":[{"href":"https:\/\/ryinz.cz\/velkoobchod\/fr\/wp-json\/wp\/v2\/media?parent=9164"}],"wp:term":[{"taxonomy":"product_brand","embeddable":true,"href":"https:\/\/ryinz.cz\/velkoobchod\/fr\/wp-json\/wp\/v2\/product_brand?post=9164"},{"taxonomy":"product_cat","embeddable":true,"href":"https:\/\/ryinz.cz\/velkoobchod\/fr\/wp-json\/wp\/v2\/product_cat?post=9164"},{"taxonomy":"product_tag","embeddable":true,"href":"https:\/\/ryinz.cz\/velkoobchod\/fr\/wp-json\/wp\/v2\/product_tag?post=9164"}],"curies":[{"name":"wp","href":"https:\/\/api.w.org\/{rel}","templated":true}]}}