{"id":9163,"date":"2025-06-22T15:31:10","date_gmt":"2025-06-22T15:31:10","guid":{"rendered":"https:\/\/ryinz.cz\/velkoobchod\/?post_type=product&#038;p=9163"},"modified":"2026-01-18T20:17:50","modified_gmt":"2026-01-18T20:17:50","slug":"gants-dhiver-thermiques-matelasses-par-ryinz-elegants-gants-a-ecran-tactile-marron-blanc-premium-outdoor-fashion-handwear","status":"publish","type":"product","link":"https:\/\/ryinz.cz\/velkoobchod\/fr\/product\/quilted-thermal-winter-gloves-by-ryinz-stylish-brown-white-touchscreen-gloves-premium-outdoor-fashion-handwear\/","title":{"rendered":"Gants d'hiver thermiques matelass\u00e9s RYINZ | Gants \u00e0 \u00e9cran tactile marron et blanc | Premium Outdoor Fashion Handwear"},"content":{"rendered":"<h3 data-start=\"200\" data-end=\"284\">???? <strong data-start=\"207\" data-end=\"282\">RYINZ Gants d'hiver matelass\u00e9s - Une chaleur \u00e9l\u00e9gante pour une performance quotidienne<\/strong><\/h3>\n<p data-start=\"286\" data-end=\"763\">Pr\u00e9sentation de la <strong data-start=\"302\" data-end=\"341\">RYINZ Gants d'hiver thermiques matelass\u00e9s<\/strong>, Ces gants combinent une esth\u00e9tique haut de gamme et une pr\u00e9paration technique \u00e0 l'hiver. Ces gants allient une esth\u00e9tique haut de gamme \u00e0 une pr\u00e9paration technique pour l'hiver - parfaits pour les marques qui recherchent un attrait haut de gamme et une isolation pratique. Le motif matelass\u00e9 marron et blanc unique offre un style luxueux, tandis que la douceur int\u00e9rieure, la protection contre les intemp\u00e9ries et la mobilit\u00e9 permettent une utilisation quotidienne pendant les saisons les plus froides.<\/p>\n<p data-start=\"765\" data-end=\"1005\">Que vous soyez un d\u00e9taillant de mode hivernale, un fournisseur de mat\u00e9riel \u00e9questre ou une marque de style de vie \u00e0 la recherche d'accessoires de plein air de marque, ces gants offrent l'\u00e9quilibre id\u00e9al entre <strong data-start=\"941\" data-end=\"960\">\u00e9l\u00e9gance visuelle<\/strong>, <strong data-start=\"962\" data-end=\"972\">chaleur<\/strong>, et <strong data-start=\"978\" data-end=\"1004\">pratique de la vente en gros<\/strong>.<\/p>\n<hr data-start=\"1007\" data-end=\"1010\" \/>\n<h3 data-start=\"1012\" data-end=\"1067\">???? <strong data-start=\"1019\" data-end=\"1065\">Un design haut de gamme pour les personnes soucieuses de leur style<\/strong><\/h3>\n<ul data-start=\"1068\" data-end=\"1676\">\n<li data-start=\"1068\" data-end=\"1194\">\n<p data-start=\"1070\" data-end=\"1194\">Coloris moderne bicolore en <strong data-start=\"1098\" data-end=\"1134\">brun chocolat et blanc arctique<\/strong>, La couleur de la robe, parfaite pour \u00eatre coordonn\u00e9e avec des manteaux d'hiver ou des v\u00eatements d\u00e9contract\u00e9s.<\/p>\n<\/li>\n<li data-start=\"1195\" data-end=\"1318\">\n<p data-start=\"1197\" data-end=\"1318\"><strong data-start=\"1197\" data-end=\"1226\">Piq\u00fbre en losange<\/strong> sur la couche ext\u00e9rieure, ce qui lui conf\u00e8re un aspect design que l'on retrouve souvent dans les collections de v\u00eatements haut de gamme.<\/p>\n<\/li>\n<li data-start=\"1319\" data-end=\"1439\">\n<p data-start=\"1321\" data-end=\"1439\">Contraste \u00e9lev\u00e9 <strong data-start=\"1335\" data-end=\"1358\">Marquage du logo RYINZ<\/strong> am\u00e9liore la visibilit\u00e9 et la reconnaissance du haut de gamme pour les acheteurs de marques priv\u00e9es ou de d\u00e9tail<\/p>\n<\/li>\n<li data-start=\"1440\" data-end=\"1554\">\n<p data-start=\"1442\" data-end=\"1554\"><strong data-start=\"1442\" data-end=\"1465\">Fermeture \u00e0 glissi\u00e8re sur le c\u00f4t\u00e9<\/strong> assure une mise en place facile et une bonne tenue du poignet pour \u00e9viter que la neige et l'air froid ne se glissent \u00e0 l'int\u00e9rieur<\/p>\n<\/li>\n<li data-start=\"1555\" data-end=\"1676\">\n<p data-start=\"1557\" data-end=\"1676\">Silhouette \u00e9troite et flatteuse con\u00e7ue pour les hommes et les femmes, disponible en plusieurs tailles pour les march\u00e9s internationaux.<\/p>\n<\/li>\n<\/ul>\n<hr data-start=\"1678\" data-end=\"1681\" \/>\n<h3 data-start=\"1683\" data-end=\"1736\">???? <strong data-start=\"1690\" data-end=\"1734\">Caract\u00e9ristiques fonctionnelles pour une utilisation par temps froid<\/strong><\/h3>\n<ul data-start=\"1737\" data-end=\"2331\">\n<li data-start=\"1737\" data-end=\"1836\">\n<p data-start=\"1739\" data-end=\"1836\"><strong data-start=\"1739\" data-end=\"1762\">Doublure int\u00e9rieure en polaire<\/strong> offre une protection thermique dans des conditions inf\u00e9rieures \u00e0 z\u00e9ro sans encombrement excessif<\/p>\n<\/li>\n<li data-start=\"1837\" data-end=\"1978\">\n<p data-start=\"1839\" data-end=\"1978\"><strong data-start=\"1839\" data-end=\"1876\">Des doigts compatibles avec l'\u00e9cran tactile<\/strong> (index et pouce) permettent aux utilisateurs de r\u00e9pondre aux appels, de naviguer dans les applications ou de r\u00e9gler le GPS sans enlever les gants.<\/p>\n<\/li>\n<li data-start=\"1979\" data-end=\"2117\">\n<p data-start=\"1981\" data-end=\"2117\"><strong data-start=\"1981\" data-end=\"2006\">Construction flexible<\/strong> pour un mouvement naturel des doigts - id\u00e9al pour la conduite, la marche, les courses, les trajets quotidiens ou m\u00eame les travaux \u00e9questres l\u00e9gers<\/p>\n<\/li>\n<li data-start=\"2118\" data-end=\"2215\">\n<p data-start=\"2120\" data-end=\"2215\">Le tissu ext\u00e9rieur r\u00e9sistant au vent et les zones matelass\u00e9es constituent une barri\u00e8re contre les rafales de froid et le gel.<\/p>\n<\/li>\n<li data-start=\"2216\" data-end=\"2331\">\n<p data-start=\"2218\" data-end=\"2331\">Convient aux deux <strong data-start=\"2236\" data-end=\"2263\">activit\u00e9s urbaines d'hiver<\/strong> et l'utilisation en ext\u00e9rieur \u00e0 la campagne - des rues de Paris aux pistes nordiques<\/p>\n<\/li>\n<\/ul>\n<hr data-start=\"2333\" data-end=\"2336\" \/>\n<h3 data-start=\"2338\" data-end=\"2393\">???? <strong data-start=\"2345\" data-end=\"2391\">Marquage personnalis\u00e9 et capacit\u00e9 d'\u00e9tiquetage priv\u00e9<\/strong><\/h3>\n<ul data-start=\"2394\" data-end=\"2861\">\n<li data-start=\"2394\" data-end=\"2515\">\n<p data-start=\"2396\" data-end=\"2515\">Disponible pour <strong data-start=\"2410\" data-end=\"2435\">OEM et marque de distributeur<\/strong> commandes avec des palettes de couleurs personnalis\u00e9es (marine, gris, noir, camel, olive, bordeaux)<\/p>\n<\/li>\n<li data-start=\"2516\" data-end=\"2617\">\n<p data-start=\"2518\" data-end=\"2617\">Les options de logo comprennent l'impression par sublimation, la broderie ou l'\u00e9cusson (sur le poignet, le doigt ou la zone du revers).<\/p>\n<\/li>\n<li data-start=\"2618\" data-end=\"2693\">\n<p data-start=\"2620\" data-end=\"2693\">Tableaux des tailles personnalis\u00e9s bas\u00e9s sur les dimensions des mains de l'UE, du Royaume-Uni ou du Moyen-Orient<\/p>\n<\/li>\n<li data-start=\"2694\" data-end=\"2792\">\n<p data-start=\"2696\" data-end=\"2792\">Emballages de vente au d\u00e9tail disponibles : pochettes \u00e0 fermeture \u00e9clair, bo\u00eetes kraft, rouleaux d'emballage \u00e9cologiques et paquets-cadeaux pour les f\u00eates.<\/p>\n<\/li>\n<li data-start=\"2793\" data-end=\"2861\">\n<p data-start=\"2795\" data-end=\"2861\">MOQ adapt\u00e9 - de l'\u00e9chantillonnage \u00e0 faible volume \u00e0 la production \u00e0 grande \u00e9chelle<\/p>\n<\/li>\n<\/ul>\n<hr data-start=\"2863\" data-end=\"2866\" \/>\n<h3 data-start=\"2868\" data-end=\"2919\">???? <strong data-start=\"2875\" data-end=\"2917\">Parfait pour les acheteurs B2B sur tous les march\u00e9s :<\/strong><\/h3>\n<ul data-start=\"2920\" data-end=\"3409\">\n<li data-start=\"2920\" data-end=\"3003\">\n<p data-start=\"2922\" data-end=\"3003\"><strong data-start=\"2922\" data-end=\"2943\">Boutiques de mode<\/strong> \u00e0 la recherche d'accessoires d'hiver \u00e9l\u00e9gants et luxueux<\/p>\n<\/li>\n<li data-start=\"3004\" data-end=\"3072\">\n<p data-start=\"3006\" data-end=\"3072\"><strong data-start=\"3006\" data-end=\"3027\">Marques \u00e9questres<\/strong> besoin de gants d'\u00e9quitation \u00e9l\u00e9gants pour temps froid<\/p>\n<\/li>\n<li data-start=\"3073\" data-end=\"3155\">\n<p data-start=\"3075\" data-end=\"3155\"><strong data-start=\"3075\" data-end=\"3101\">Stations de ski et stations alpines<\/strong> \u00e0 la recherche de gants compatibles avec les \u00e9crans tactiles et pr\u00eats pour la vente au d\u00e9tail<\/p>\n<\/li>\n<li data-start=\"3156\" data-end=\"3247\">\n<p data-start=\"3158\" data-end=\"3247\"><strong data-start=\"3158\" data-end=\"3194\">Distributeurs de produits promotionnels<\/strong> \u00e0 la recherche de cadeaux d'hiver \u00e9l\u00e9gants et non sexistes<\/p>\n<\/li>\n<li data-start=\"3248\" data-end=\"3344\">\n<p data-start=\"3250\" data-end=\"3344\"><strong data-start=\"3250\" data-end=\"3277\">Magasins de mode de vie en ligne<\/strong> et les dropshippers qui ont besoin d'articles saisonniers pr\u00eats \u00e0 l'emploi et \u00e0 forte marge.<\/p>\n<\/li>\n<li data-start=\"3345\" data-end=\"3409\">\n<p data-start=\"3347\" data-end=\"3409\"><strong data-start=\"3347\" data-end=\"3377\">Programmes de dons d'entreprise<\/strong> ou des cadeaux VIP pour les \u00e9v\u00e9nements d'hiver<\/p>\n<\/li>\n<\/ul>\n<hr data-start=\"3411\" data-end=\"3414\" \/>\n<h3 data-start=\"3416\" data-end=\"3460\">???? <strong data-start=\"3423\" data-end=\"3458\">Pourquoi choisir les gants d'hiver RYINZ ?<\/strong><\/h3>\n<p data-start=\"3461\" data-end=\"3825\">La fabrication est bas\u00e9e en Asie et l'assistance \u00e0 la client\u00e8le en R\u00e9publique tch\u00e8que, <strong data-start=\"3542\" data-end=\"3551\">RYINZ<\/strong> garantit une production de gants de haute qualit\u00e9, un traitement efficace des commandes de l'UE et un service \u00e0 la client\u00e8le adapt\u00e9 \u00e0 la marque. Nos gants sont con\u00e7us \u00e0 la fois pour <strong data-start=\"3688\" data-end=\"3709\">forme et fonction<\/strong> en associant des finitions \u00e9l\u00e9gantes \u00e0 une chaleur pratique, et des mod\u00e8les pr\u00eats \u00e0 la vente \u00e0 un potentiel de personnalisation.<\/p>\n<p data-start=\"3827\" data-end=\"4026\"><strong data-start=\"3827\" data-end=\"3876\">De la premi\u00e8re vague de froid \u00e0 la derni\u00e8re chute de neige<\/strong>, le <strong data-start=\"3882\" data-end=\"3906\">RYINZ Gants matelass\u00e9s<\/strong> sont votre meilleur choix pour un produit B2B qui r\u00e9pond aux attentes de la mode, garde les mains au chaud et soutient la croissance de l'entreprise.<\/p>","protected":false},"excerpt":{"rendered":"<p>Restez \u00e0 l'aise et confiant sur la neige avec <strong data-start=\"4018\" data-end=\"4057\">Gants de ski et de neige tous temps RYINZ<\/strong> - Des gants pr\u00eats pour l'hiver, con\u00e7us pour des performances s\u00e9rieuses dans des conditions extr\u00eames. Ces gants combinent une coque ext\u00e9rieure r\u00e9sistante avec une isolation thermique et une doublure confort, assurant une protection fiable contre le vent, la neige et l'humidit\u00e9. Leur manchette longue offre une couverture suppl\u00e9mentaire, tandis que la sangle ajustable et le serrage au poignet les maintiennent bien en place. La paume renforc\u00e9e am\u00e9liore l'adh\u00e9rence, tandis que les zones rembourr\u00e9es et les doigts pr\u00e9-courb\u00e9s augmentent la flexibilit\u00e9 et la protection. Id\u00e9aux pour le ski, le snowboard, la motoneige et les travaux par temps froid, ces gants sont con\u00e7us pour les hommes et les femmes qui recherchent \u00e0 la fois style et performance.<\/p>","protected":false},"featured_media":9358,"comment_status":"closed","ping_status":"closed","template":"","meta":[],"product_brand":[35],"product_cat":[57],"product_tag":[304,305,306,307,308,309,310,311,312,313,314,315,316,317,318],"class_list":{"0":"post-9163","1":"product","2":"type-product","3":"status-publish","4":"has-post-thumbnail","6":"product_brand-ryinz","8":"product_tag-brown-and-white-stitched-thermal-gloves","9":"product_tag-cold-weather-accessories-for-gifting","10":"product_tag-designer-inspired-winter-gloves-for-branding","11":"product_tag-fashion-gloves-for-urban-winter-outfits","12":"product_tag-insulated-quilt-gloves-for-winter-sports","13":"product_tag-luxury-gloves-for-fashion-retailers","14":"product_tag-oem-touchscreen-gloves-with-fleece","15":"product_tag-premium-driving-gloves-for-winter-use","16":"product_tag-quilted-winter-gloves-with-zipper","17":"product_tag-ryinz-gloves-for-private-label-winterwear","18":"product_tag-soft-lined-gloves-for-snow-and-frost","19":"product_tag-thermal-gloves-for-equestrian-apparel","20":"product_tag-touchscreen-compatible-outdoor-gloves","21":"product_tag-wholesale-fur-lined-gloves-for-boutiques","22":"product_tag-womens-touchscreen-cold-weather-gloves","24":"first","25":"instock","26":"taxable","27":"shipping-taxable","28":"purchasable","29":"product-type-simple"},"_links":{"self":[{"href":"https:\/\/ryinz.cz\/velkoobchod\/fr\/wp-json\/wp\/v2\/product\/9163","targetHints":{"allow":["GET"]}}],"collection":[{"href":"https:\/\/ryinz.cz\/velkoobchod\/fr\/wp-json\/wp\/v2\/product"}],"about":[{"href":"https:\/\/ryinz.cz\/velkoobchod\/fr\/wp-json\/wp\/v2\/types\/product"}],"replies":[{"embeddable":true,"href":"https:\/\/ryinz.cz\/velkoobchod\/fr\/wp-json\/wp\/v2\/comments?post=9163"}],"wp:featuredmedia":[{"embeddable":true,"href":"https:\/\/ryinz.cz\/velkoobchod\/fr\/wp-json\/wp\/v2\/media\/9358"}],"wp:attachment":[{"href":"https:\/\/ryinz.cz\/velkoobchod\/fr\/wp-json\/wp\/v2\/media?parent=9163"}],"wp:term":[{"taxonomy":"product_brand","embeddable":true,"href":"https:\/\/ryinz.cz\/velkoobchod\/fr\/wp-json\/wp\/v2\/product_brand?post=9163"},{"taxonomy":"product_cat","embeddable":true,"href":"https:\/\/ryinz.cz\/velkoobchod\/fr\/wp-json\/wp\/v2\/product_cat?post=9163"},{"taxonomy":"product_tag","embeddable":true,"href":"https:\/\/ryinz.cz\/velkoobchod\/fr\/wp-json\/wp\/v2\/product_tag?post=9163"}],"curies":[{"name":"wp","href":"https:\/\/api.w.org\/{rel}","templated":true}]}}