{"id":9068,"date":"2025-06-22T15:27:35","date_gmt":"2025-06-22T15:27:35","guid":{"rendered":"https:\/\/ryinz.cz\/velkoobchod\/?post_type=product&#038;p=9068"},"modified":"2026-01-18T20:17:33","modified_gmt":"2026-01-18T20:17:33","slug":"ensemble-varsity-noir-et-jaune-pour-homme-veste-de-baseball-et-jogger-ensemble-athletique-streetwear-par-ryinz-copy","status":"publish","type":"product","link":"https:\/\/ryinz.cz\/velkoobchod\/fr\/product\/mens-varsity-style-black-and-yellow-tracksuit-casual-baseball-jacket-and-jogger-set-stylish-athletic-streetwear-by-ryinz-copy\/","title":{"rendered":"Tracksuit noir et jaune pour hommes - Ensemble veste de baseball et jogging d\u00e9contract\u00e9 - v\u00eatements de ville athl\u00e9tiques \u00e9l\u00e9gants par RYINZ (Copie)"},"content":{"rendered":"<p data-start=\"1309\" data-end=\"1647\"><span class=\"_fadeIn_m1hgl_8\">Le <\/span><span class=\"_fadeIn_m1hgl_8\">RYINZ <\/span><span class=\"_fadeIn_m1hgl_8\">Prime <\/span><span class=\"_fadeIn_m1hgl_8\">Varsity <\/span><span class=\"_fadeIn_m1hgl_8\">Surv\u00eatement <\/span><span class=\"_fadeIn_m1hgl_8\">Ensemble (<\/span><span class=\"_fadeIn_m1hgl_8\">Rouge &amp; <\/span><span class=\"_fadeIn_m1hgl_8\">Marine) <\/span><span class=\"_fadeIn_m1hgl_8\">est <\/span><span class=\"_fadeIn_m1hgl_8\">con\u00e7u <\/span><span class=\"_fadeIn_m1hgl_8\">pour <\/span><span class=\"_fadeIn_m1hgl_8\">moderne <\/span><span class=\"_fadeIn_m1hgl_8\">hommes <\/span><span class=\"_fadeIn_m1hgl_8\">et <\/span><span class=\"_fadeIn_m1hgl_8\">la jeunesse <\/span><span class=\"_fadeIn_m1hgl_8\">qui <\/span><span class=\"_fadeIn_m1hgl_8\">rechercher <\/span><span class=\"_fadeIn_m1hgl_8\">les <\/span><span class=\"_fadeIn_m1hgl_8\">parfait <\/span><span class=\"_fadeIn_m1hgl_8\">m\u00e9lange <\/span><span class=\"_fadeIn_m1hgl_8\">de <\/span><span class=\"_fadeIn_m1hgl_8\">r\u00e9tro <\/span><span class=\"_fadeIn_m1hgl_8\">l'inspiration <\/span><span class=\"_fadeIn_m1hgl_8\">et <\/span><span class=\"_fadeIn_m1hgl_8\">contemporain <\/span><span class=\"_fadeIn_m1hgl_8\">fonctionnalit\u00e9. <\/span><span class=\"_fadeIn_m1hgl_8\">Si <\/span><span class=\"_fadeIn_m1hgl_8\">pour <\/span><span class=\"_fadeIn_m1hgl_8\">commerce de gros <\/span><span class=\"_fadeIn_m1hgl_8\">distribution, <\/span><span class=\"_fadeIn_m1hgl_8\">commerce de d\u00e9tail <\/span><span class=\"_fadeIn_m1hgl_8\">\u00e9tag\u00e8res, <\/span><span class=\"_fadeIn_m1hgl_8\">ou <\/span><span class=\"_fadeIn_m1hgl_8\">priv\u00e9 <\/span><span class=\"_fadeIn_m1hgl_8\">\u00e9tiquette <\/span><span class=\"_fadeIn_m1hgl_8\">de l'image de marque, <\/span><span class=\"_fadeIn_m1hgl_8\">cette <\/span><span class=\"_fadeIn_m1hgl_8\">surv\u00eatement <\/span><span class=\"_fadeIn_m1hgl_8\">stands <\/span><span class=\"_fadeIn_m1hgl_8\">sortir <\/span><span class=\"_fadeIn_m1hgl_8\">comme <\/span><span class=\"_fadeIn_m1hgl_8\">a <\/span><span class=\"_fadeIn_m1hgl_8\">navire amiral <\/span><span class=\"_fadeIn_m1hgl_8\">v\u00eatement <\/span><span class=\"_fadeIn_m1hgl_8\">en <\/span><span class=\"_fadeIn_m1hgl_8\">streetwear <\/span><span class=\"_fadeIn_m1hgl_8\">et <\/span><span class=\"_fadeIn_m1hgl_8\">v\u00eatements de sport <\/span><span class=\"_fadeIn_m1hgl_8\">collections.<\/span><\/p>\n<p data-start=\"1649\" data-end=\"1669\"><strong data-start=\"1649\" data-end=\"1669\"><span class=\"_fadeIn_m1hgl_8\">Veste <\/span><span class=\"_fadeIn_m1hgl_8\">Caract\u00e9ristiques :<\/span><\/strong><\/p>\n<ul data-start=\"1670\" data-end=\"2233\">\n<li data-start=\"1670\" data-end=\"1791\">\n<p data-start=\"1672\" data-end=\"1791\"><span class=\"_fadeIn_m1hgl_8\">Artisanat <\/span><span class=\"_fadeIn_m1hgl_8\">en <\/span><span class=\"_fadeIn_m1hgl_8\">a <\/span><span class=\"_fadeIn_m1hgl_8\">haut<\/span><span class=\"_fadeIn_m1hgl_8\">densit\u00e9 <\/span><span class=\"_fadeIn_m1hgl_8\">coton\/<\/span><span class=\"_fadeIn_m1hgl_8\">polyester <\/span><span class=\"_fadeIn_m1hgl_8\">m\u00e9lange <\/span><span class=\"_fadeIn_m1hgl_8\">que <\/span><span class=\"_fadeIn_m1hgl_8\">r\u00e9siste <\/span><span class=\"_fadeIn_m1hgl_8\">d\u00e9coloration <\/span><span class=\"_fadeIn_m1hgl_8\">et <\/span><span class=\"_fadeIn_m1hgl_8\">maintient <\/span><span class=\"_fadeIn_m1hgl_8\">son <\/span><span class=\"_fadeIn_m1hgl_8\">structure <\/span><span class=\"_fadeIn_m1hgl_8\">apr\u00e8s <\/span><span class=\"_fadeIn_m1hgl_8\">r\u00e9p\u00e9t\u00e9es <\/span><span class=\"_fadeIn_m1hgl_8\">se lave.<\/span><\/p>\n<\/li>\n<li data-start=\"1792\" data-end=\"1935\">\n<p data-start=\"1794\" data-end=\"1935\"><span class=\"_fadeIn_m1hgl_8\">Le <\/span><span class=\"_fadeIn_m1hgl_8\">universitaire <\/span><span class=\"_fadeIn_m1hgl_8\">veste <\/span><span class=\"_fadeIn_m1hgl_8\">conception <\/span><span class=\"_fadeIn_m1hgl_8\">comprend <\/span><span class=\"_fadeIn_m1hgl_8\">contraste <\/span><span class=\"_fadeIn_m1hgl_8\">raglan <\/span><span class=\"_fadeIn_m1hgl_8\">manches <\/span><span class=\"_fadeIn_m1hgl_8\">en <\/span><span class=\"_fadeIn_m1hgl_8\">marine <\/span><span class=\"_fadeIn_m1hgl_8\">avec <\/span><span class=\"_fadeIn_m1hgl_8\">nervur\u00e9 <\/span><span class=\"_fadeIn_m1hgl_8\">manchettes, <\/span><span class=\"_fadeIn_m1hgl_8\">ray\u00e9 <\/span><span class=\"_fadeIn_m1hgl_8\">collier, <\/span><span class=\"_fadeIn_m1hgl_8\">et <\/span><span class=\"_fadeIn_m1hgl_8\">ceinture <\/span><span class=\"_fadeIn_m1hgl_8\">en <\/span><span class=\"_fadeIn_m1hgl_8\">correspondance <\/span><span class=\"_fadeIn_m1hgl_8\">marine <\/span><span class=\"_fadeIn_m1hgl_8\">et <\/span><span class=\"_fadeIn_m1hgl_8\">rouge.<\/span><\/p>\n<\/li>\n<li data-start=\"1936\" data-end=\"2044\">\n<p data-start=\"1938\" data-end=\"2044\"><span class=\"_fadeIn_m1hgl_8\">Snap <\/span><span class=\"_fadeIn_m1hgl_8\">bouton <\/span><span class=\"_fadeIn_m1hgl_8\">fermeture <\/span><span class=\"_fadeIn_m1hgl_8\">assure <\/span><span class=\"_fadeIn_m1hgl_8\">faciliter <\/span><span class=\"_fadeIn_m1hgl_8\">de <\/span><span class=\"_fadeIn_m1hgl_8\">utiliser <\/span><span class=\"_fadeIn_m1hgl_8\">et <\/span><span class=\"_fadeIn_m1hgl_8\">la durabilit\u00e9, <\/span><span class=\"_fadeIn_m1hgl_8\">id\u00e9al <\/span><span class=\"_fadeIn_m1hgl_8\">pour <\/span><span class=\"_fadeIn_m1hgl_8\">\u00e0 la fois <\/span><span class=\"_fadeIn_m1hgl_8\">sports <\/span><span class=\"_fadeIn_m1hgl_8\">\u00e9quipes <\/span><span class=\"_fadeIn_m1hgl_8\">et <\/span><span class=\"_fadeIn_m1hgl_8\">mode de vie <\/span><span class=\"_fadeIn_m1hgl_8\">mode.<\/span><\/p>\n<\/li>\n<li data-start=\"2045\" data-end=\"2158\">\n<p data-start=\"2047\" data-end=\"2158\"><span class=\"_fadeIn_m1hgl_8\">RYINZ <\/span><span class=\"_fadeIn_m1hgl_8\">marquage au fer rouge <\/span><span class=\"_fadeIn_m1hgl_8\">ou <\/span><span class=\"_fadeIn_m1hgl_8\">priv\u00e9 <\/span><span class=\"_fadeIn_m1hgl_8\">\u00e9tiquette <\/span><span class=\"_fadeIn_m1hgl_8\">options <\/span><span class=\"_fadeIn_m1hgl_8\">disponible <\/span><span class=\"_fadeIn_m1hgl_8\">sur <\/span><span class=\"_fadeIn_m1hgl_8\">les <\/span><span class=\"_fadeIn_m1hgl_8\">poitrine <\/span><span class=\"_fadeIn_m1hgl_8\">et <\/span><span class=\"_fadeIn_m1hgl_8\">retour <\/span><span class=\"_fadeIn_m1hgl_8\">panneau, <\/span><span class=\"_fadeIn_m1hgl_8\">avec <\/span><span class=\"_fadeIn_m1hgl_8\">complet <\/span><span class=\"_fadeIn_m1hgl_8\">personnalisation <\/span><span class=\"_fadeIn_m1hgl_8\">le soutien.<\/span><\/p>\n<\/li>\n<li data-start=\"2159\" data-end=\"2233\">\n<p data-start=\"2161\" data-end=\"2233\"><span class=\"_fadeIn_m1hgl_8\">Int\u00e9rieur <\/span><span class=\"_fadeIn_m1hgl_8\">doux <\/span><span class=\"_fadeIn_m1hgl_8\">doublure <\/span><span class=\"_fadeIn_m1hgl_8\">assure <\/span><span class=\"_fadeIn_m1hgl_8\">chaleur <\/span><span class=\"_fadeIn_m1hgl_8\">sans <\/span><span class=\"_fadeIn_m1hgl_8\">en vrac, <\/span><span class=\"_fadeIn_m1hgl_8\">adapt\u00e9 <\/span><span class=\"_fadeIn_m1hgl_8\">pour <\/span><span class=\"_fadeIn_m1hgl_8\">tous <\/span><span class=\"_fadeIn_m1hgl_8\">saisons.<\/span><\/p>\n<\/li>\n<\/ul>\n<p data-start=\"2235\" data-end=\"2254\"><strong data-start=\"2235\" data-end=\"2254\"><span class=\"_fadeIn_m1hgl_8\">Pantalon <\/span><span class=\"_fadeIn_m1hgl_8\">Caract\u00e9ristiques :<\/span><\/strong><\/p>\n<ul data-start=\"2255\" data-end=\"2595\">\n<li data-start=\"2255\" data-end=\"2390\">\n<p data-start=\"2257\" data-end=\"2390\"><span class=\"_fadeIn_m1hgl_8\">Marine <\/span><span class=\"_fadeIn_m1hgl_8\">jogger-<\/span><span class=\"_fadeIn_m1hgl_8\">style <\/span><span class=\"_fadeIn_m1hgl_8\">bas <\/span><span class=\"_fadeIn_m1hgl_8\">fait <\/span><span class=\"_fadeIn_m1hgl_8\">de <\/span><span class=\"_fadeIn_m1hgl_8\">a <\/span><span class=\"_fadeIn_m1hgl_8\">confortable <\/span><span class=\"_fadeIn_m1hgl_8\">\u00e9tirement-<\/span><span class=\"_fadeIn_m1hgl_8\">tricot <\/span><span class=\"_fadeIn_m1hgl_8\">tissu <\/span><span class=\"_fadeIn_m1hgl_8\">que <\/span><span class=\"_fadeIn_m1hgl_8\">offres <\/span><span class=\"_fadeIn_m1hgl_8\">flexibilit\u00e9 <\/span><span class=\"_fadeIn_m1hgl_8\">pour <\/span><span class=\"_fadeIn_m1hgl_8\">actif <\/span><span class=\"_fadeIn_m1hgl_8\">mouvement <\/span><span class=\"_fadeIn_m1hgl_8\">ou <\/span><span class=\"_fadeIn_m1hgl_8\">d\u00e9contract\u00e9 <\/span><span class=\"_fadeIn_m1hgl_8\">se pr\u00e9lasser.<\/span><\/p>\n<\/li>\n<li data-start=\"2391\" data-end=\"2484\">\n<p data-start=\"2393\" data-end=\"2484\"><span class=\"_fadeIn_m1hgl_8\">R\u00e9glable <\/span><span class=\"_fadeIn_m1hgl_8\">cordon de serrage <\/span><span class=\"_fadeIn_m1hgl_8\">ceinture <\/span><span class=\"_fadeIn_m1hgl_8\">et <\/span><span class=\"_fadeIn_m1hgl_8\">\u00e9lastique <\/span><span class=\"_fadeIn_m1hgl_8\">manchettes <\/span><span class=\"_fadeIn_m1hgl_8\">fournir <\/span><span class=\"_fadeIn_m1hgl_8\">sur mesure <\/span><span class=\"_fadeIn_m1hgl_8\">s'adapter <\/span><span class=\"_fadeIn_m1hgl_8\">pour <\/span><span class=\"_fadeIn_m1hgl_8\">tous <\/span><span class=\"_fadeIn_m1hgl_8\">corps <\/span><span class=\"_fadeIn_m1hgl_8\">type.<\/span><\/p>\n<\/li>\n<li data-start=\"2485\" data-end=\"2595\">\n<p data-start=\"2487\" data-end=\"2595\"><span class=\"_fadeIn_m1hgl_8\">Minimaliste <\/span><span class=\"_fadeIn_m1hgl_8\">contraste <\/span><span class=\"_fadeIn_m1hgl_8\">garniture <\/span><span class=\"_fadeIn_m1hgl_8\">et <\/span><span class=\"_fadeIn_m1hgl_8\">brod\u00e9 <\/span><span class=\"_fadeIn_m1hgl_8\">R <\/span><span class=\"_fadeIn_m1hgl_8\">logo <\/span><span class=\"_fadeIn_m1hgl_8\">ajouter <\/span><span class=\"_fadeIn_m1hgl_8\">style <\/span><span class=\"_fadeIn_m1hgl_8\">sans <\/span><span class=\"_fadeIn_m1hgl_8\">\u00e9crasante <\/span><span class=\"_fadeIn_m1hgl_8\">les <\/span><span class=\"_fadeIn_m1hgl_8\">simplicit\u00e9 <\/span><span class=\"_fadeIn_m1hgl_8\">de <\/span><span class=\"_fadeIn_m1hgl_8\">les <\/span><span class=\"_fadeIn_m1hgl_8\">la conception.<\/span><\/p>\n<\/li>\n<\/ul>\n<p data-start=\"2597\" data-end=\"2977\"><strong data-start=\"2597\" data-end=\"2626\"><span class=\"_fadeIn_m1hgl_8\">Sur mesure <\/span><span class=\"_fadeIn_m1hgl_8\">Commerce de gros <\/span><span class=\"_fadeIn_m1hgl_8\">Options :<\/span><\/strong><\/p>\n<p><span class=\"_fadeIn_m1hgl_8\">RYINZ <\/span><span class=\"_fadeIn_m1hgl_8\">offres <\/span><span class=\"_fadeIn_m1hgl_8\">sur mesure <\/span><span class=\"_fadeIn_m1hgl_8\">solutions <\/span><span class=\"_fadeIn_m1hgl_8\">pour <\/span><span class=\"_fadeIn_m1hgl_8\">votre <\/span><span class=\"_fadeIn_m1hgl_8\">entreprise - <\/span><span class=\"_fadeIn_m1hgl_8\">cette <\/span><span class=\"_fadeIn_m1hgl_8\">surv\u00eatement <\/span><span class=\"_fadeIn_m1hgl_8\">peut <\/span><span class=\"_fadeIn_m1hgl_8\">\u00eatre <\/span><span class=\"_fadeIn_m1hgl_8\">produit <\/span><span class=\"_fadeIn_m1hgl_8\">avec <\/span><span class=\"_fadeIn_m1hgl_8\">votre <\/span><span class=\"_fadeIn_m1hgl_8\">propre <\/span><span class=\"_fadeIn_m1hgl_8\">couleurs, <\/span><span class=\"_fadeIn_m1hgl_8\">\u00e9quipe <\/span><span class=\"_fadeIn_m1hgl_8\">logos, <\/span><span class=\"_fadeIn_m1hgl_8\">dimensionnement <\/span><span class=\"_fadeIn_m1hgl_8\">guides, <\/span><span class=\"_fadeIn_m1hgl_8\">et <\/span><span class=\"_fadeIn_m1hgl_8\">emballage <\/span><span class=\"_fadeIn_m1hgl_8\">pr\u00e9f\u00e9rences. <\/span><span class=\"_fadeIn_m1hgl_8\">Faible <\/span><span class=\"_fadeIn_m1hgl_8\">minimum <\/span><span class=\"_fadeIn_m1hgl_8\">commande <\/span><span class=\"_fadeIn_m1hgl_8\">(<\/span><span class=\"_fadeIn_m1hgl_8\">MOQs) <\/span><span class=\"_fadeIn_m1hgl_8\">et <\/span><span class=\"_fadeIn_m1hgl_8\">express <\/span><span class=\"_fadeIn_m1hgl_8\">mondial <\/span><span class=\"_fadeIn_m1hgl_8\">exp\u00e9dition <\/span><span class=\"_fadeIn_m1hgl_8\">garantir <\/span><span class=\"_fadeIn_m1hgl_8\">a <\/span><span class=\"_fadeIn_m1hgl_8\">rapide <\/span><span class=\"_fadeIn_m1hgl_8\">le retournement de situation. <\/span><span class=\"_fadeIn_m1hgl_8\">Notre <\/span><span class=\"_fadeIn_m1hgl_8\">production <\/span><span class=\"_fadeIn_m1hgl_8\">est <\/span><span class=\"_fadeIn_m1hgl_8\">soutenu <\/span><span class=\"_fadeIn_m1hgl_8\">par <\/span><span class=\"_fadeIn_m1hgl_8\">ISO-<\/span><span class=\"_fadeIn_m1hgl_8\">certifi\u00e9 <\/span><span class=\"_fadeIn_m1hgl_8\">processus, <\/span><span class=\"_fadeIn_m1hgl_8\">exp\u00e9riment\u00e9 <\/span><span class=\"_fadeIn_m1hgl_8\">les tailleurs, <\/span><span class=\"_fadeIn_m1hgl_8\">et <\/span><span class=\"_fadeIn_m1hgl_8\">stricte <\/span><span class=\"_fadeIn_m1hgl_8\">qualit\u00e9 <\/span><span class=\"_fadeIn_m1hgl_8\">contr\u00f4le.<\/span><\/p>\n<p data-start=\"2979\" data-end=\"2993\"><strong data-start=\"2979\" data-end=\"2993\"><span class=\"_fadeIn_m1hgl_8\">Id\u00e9al <\/span><span class=\"_fadeIn_m1hgl_8\">Pour :<\/span><\/strong><\/p>\n<ul data-start=\"2994\" data-end=\"3158\">\n<li data-start=\"2994\" data-end=\"3034\">\n<p data-start=\"2996\" data-end=\"3034\"><span class=\"_fadeIn_m1hgl_8\">Universit\u00e9 <\/span><span class=\"_fadeIn_m1hgl_8\">\u00e9quipes, <\/span><span class=\"_fadeIn_m1hgl_8\">clubs, <\/span><span class=\"_fadeIn_m1hgl_8\">et <\/span><span class=\"_fadeIn_m1hgl_8\">acad\u00e9mies<\/span><\/p>\n<\/li>\n<li data-start=\"3035\" data-end=\"3070\">\n<p data-start=\"3037\" data-end=\"3070\"><span class=\"_fadeIn_m1hgl_8\">Priv\u00e9-<\/span><span class=\"_fadeIn_m1hgl_8\">\u00e9tiquette <\/span><span class=\"_fadeIn_m1hgl_8\">la mode <\/span><span class=\"_fadeIn_m1hgl_8\">collections<\/span><\/p>\n<\/li>\n<li data-start=\"3071\" data-end=\"3096\">\n<p data-start=\"3073\" data-end=\"3096\"><span class=\"_fadeIn_m1hgl_8\">Urbain <\/span><span class=\"_fadeIn_m1hgl_8\">streetwear <\/span><span class=\"_fadeIn_m1hgl_8\">magasins<\/span><\/p>\n<\/li>\n<li data-start=\"3097\" data-end=\"3124\">\n<p data-start=\"3099\" data-end=\"3124\"><span class=\"_fadeIn_m1hgl_8\">Fitness <\/span><span class=\"_fadeIn_m1hgl_8\">v\u00eatements <\/span><span class=\"_fadeIn_m1hgl_8\">d\u00e9taillants<\/span><\/p>\n<\/li>\n<li data-start=\"3125\" data-end=\"3158\">\n<p data-start=\"3127\" data-end=\"3158\"><span class=\"_fadeIn_m1hgl_8\">\u00c9v\u00e9nement <\/span><span class=\"_fadeIn_m1hgl_8\">cadeaux <\/span><span class=\"_fadeIn_m1hgl_8\">et <\/span><span class=\"_fadeIn_m1hgl_8\">marchandise<\/span><\/p>\n<\/li>\n<\/ul>\n<p data-start=\"3160\" data-end=\"3425\"><strong data-start=\"3160\" data-end=\"3195\"><span class=\"_fadeIn_m1hgl_8\">Durabilit\u00e9 &amp; <\/span><span class=\"_fadeIn_m1hgl_8\">Artisanat :<\/span><\/strong><\/p>\n<p><span class=\"_fadeIn_m1hgl_8\">Tous <\/span><span class=\"_fadeIn_m1hgl_8\">RYINZ <\/span><span class=\"_fadeIn_m1hgl_8\">v\u00eatements <\/span><span class=\"_fadeIn_m1hgl_8\">sont <\/span><span class=\"_fadeIn_m1hgl_8\">fabriqu\u00e9 <\/span><span class=\"_fadeIn_m1hgl_8\">sous <\/span><span class=\"_fadeIn_m1hgl_8\">\u00e9thique <\/span><span class=\"_fadeIn_m1hgl_8\">travail <\/span><span class=\"_fadeIn_m1hgl_8\">politiques <\/span><span class=\"_fadeIn_m1hgl_8\">et <\/span><span class=\"_fadeIn_m1hgl_8\">l'environnement <\/span><span class=\"_fadeIn_m1hgl_8\">amicale <\/span><span class=\"_fadeIn_m1hgl_8\">normes. <\/span><span class=\"_fadeIn_m1hgl_8\">Notre <\/span><span class=\"_fadeIn_m1hgl_8\">dessins et mod\u00e8les <\/span><span class=\"_fadeIn_m1hgl_8\">objectif <\/span><span class=\"_fadeIn_m1hgl_8\">\u00e0 <\/span><span class=\"_fadeIn_m1hgl_8\">\u00e9quilibre <\/span><span class=\"_fadeIn_m1hgl_8\">performance, <\/span><span class=\"_fadeIn_m1hgl_8\">confort, <\/span><span class=\"_fadeIn_m1hgl_8\">et <\/span><span class=\"_fadeIn_m1hgl_8\">intemporel <\/span><span class=\"_fadeIn_m1hgl_8\">style <\/span><span class=\"_fadeIn_m1hgl_8\">alors que <\/span><span class=\"_fadeIn_m1hgl_8\">soutenant <\/span><span class=\"_fadeIn_m1hgl_8\">partenaire <\/span><span class=\"_fadeIn_m1hgl_8\">marques <\/span><span class=\"_fadeIn_m1hgl_8\">avec <\/span><span class=\"_fadeIn_m1hgl_8\">coh\u00e9rent <\/span><span class=\"_fadeIn_m1hgl_8\">qualit\u00e9.<\/span><\/p>\n<p data-start=\"3427\" data-end=\"3557\"><span class=\"_fadeIn_m1hgl_8\">\u00c9tape <\/span><span class=\"_fadeIn_m1hgl_8\">monter <\/span><span class=\"_fadeIn_m1hgl_8\">votre <\/span><span class=\"_fadeIn_m1hgl_8\">produit <\/span><span class=\"_fadeIn_m1hgl_8\">offre <\/span><span class=\"_fadeIn_m1hgl_8\">avec <\/span><span class=\"_fadeIn_m1hgl_8\">cette <\/span><span class=\"_fadeIn_m1hgl_8\">best-sellers <\/span><span class=\"_fadeIn_m1hgl_8\">surv\u00eatement <\/span><span class=\"_fadeIn_m1hgl_8\">style <\/span><span class=\"_fadeIn_m1hgl_8\">c'est <\/span><span class=\"_fadeIn_m1hgl_8\">devenir <\/span><span class=\"_fadeIn_m1hgl_8\">a <\/span><span class=\"_fadeIn_m1hgl_8\">agrafe <\/span><span class=\"_fadeIn_m1hgl_8\">\u00e0 travers <\/span><span class=\"_fadeIn_m1hgl_8\">la mode <\/span><span class=\"_fadeIn_m1hgl_8\">et <\/span><span class=\"_fadeIn_m1hgl_8\">performance <\/span><span class=\"_fadeIn_m1hgl_8\">march\u00e9s.<\/span><\/p>","protected":false},"excerpt":{"rendered":"<p data-start=\"305\" data-end=\"740\"><span class=\"_fadeIn_m1hgl_8\">\u00c9tape <\/span><span class=\"_fadeIn_m1hgl_8\">en <\/span><span class=\"_fadeIn_m1hgl_8\">intemporel <\/span><span class=\"_fadeIn_m1hgl_8\">style <\/span><span class=\"_fadeIn_m1hgl_8\">et <\/span><span class=\"_fadeIn_m1hgl_8\">performance <\/span><span class=\"_fadeIn_m1hgl_8\">avec <\/span><span class=\"_fadeIn_m1hgl_8\">les <\/span><span class=\"_fadeIn_m1hgl_8\">RYINZ <\/span><span class=\"_fadeIn_m1hgl_8\">Prime <\/span><span class=\"_fadeIn_m1hgl_8\">Varsity <\/span><span class=\"_fadeIn_m1hgl_8\">Surv\u00eatement <\/span><span class=\"_fadeIn_m1hgl_8\">Set (jeu de mots) <\/span><span class=\"_fadeIn_m1hgl_8\">en <\/span><span class=\"_fadeIn_m1hgl_8\">audacieux <\/span><span class=\"_fadeIn_m1hgl_8\">rouge <\/span><span class=\"_fadeIn_m1hgl_8\">et <\/span><span class=\"_fadeIn_m1hgl_8\">marine. <\/span><span class=\"_fadeIn_m1hgl_8\">Con\u00e7u <\/span><span class=\"_fadeIn_m1hgl_8\">pour <\/span><span class=\"_fadeIn_m1hgl_8\">\u00e0 la fois <\/span><span class=\"_fadeIn_m1hgl_8\">le confort <\/span><span class=\"_fadeIn_m1hgl_8\">et <\/span><span class=\"_fadeIn_m1hgl_8\">d\u00e9claration-<\/span><span class=\"_fadeIn_m1hgl_8\">r\u00e9alisation <\/span><span class=\"_fadeIn_m1hgl_8\">mode, <\/span><span class=\"_fadeIn_m1hgl_8\">cette <\/span><span class=\"_fadeIn_m1hgl_8\">deux-<\/span><span class=\"_fadeIn_m1hgl_8\">pi\u00e8ce <\/span><span class=\"_fadeIn_m1hgl_8\">fixer <\/span><span class=\"_fadeIn_m1hgl_8\">combine <\/span><span class=\"_fadeIn_m1hgl_8\">a <\/span><span class=\"_fadeIn_m1hgl_8\">classique <\/span><span class=\"_fadeIn_m1hgl_8\">lettre-<\/span><span class=\"_fadeIn_m1hgl_8\">style <\/span><span class=\"_fadeIn_m1hgl_8\">veste <\/span><span class=\"_fadeIn_m1hgl_8\">avec <\/span><span class=\"_fadeIn_m1hgl_8\">moderne <\/span><span class=\"_fadeIn_m1hgl_8\">conique <\/span><span class=\"_fadeIn_m1hgl_8\">joggeur <\/span><span class=\"_fadeIn_m1hgl_8\">des pantalons. <\/span><span class=\"_fadeIn_m1hgl_8\">Artisanat <\/span><span class=\"_fadeIn_m1hgl_8\">avec <\/span><span class=\"_fadeIn_m1hgl_8\">haut<\/span><span class=\"_fadeIn_m1hgl_8\">qualit\u00e9 <\/span><span class=\"_fadeIn_m1hgl_8\">respirant <\/span><span class=\"_fadeIn_m1hgl_8\">coton-<\/span><span class=\"_fadeIn_m1hgl_8\">polyester <\/span><span class=\"_fadeIn_m1hgl_8\">m\u00e9lange, <\/span><span class=\"_fadeIn_m1hgl_8\">il <\/span><span class=\"_fadeIn_m1hgl_8\">offres <\/span><span class=\"_fadeIn_m1hgl_8\">exceptionnel <\/span><span class=\"_fadeIn_m1hgl_8\">la durabilit\u00e9, <\/span><span class=\"_fadeIn_m1hgl_8\">la douceur, <\/span><span class=\"_fadeIn_m1hgl_8\">et <\/span><span class=\"_fadeIn_m1hgl_8\">a <\/span><span class=\"_fadeIn_m1hgl_8\">parfait <\/span><span class=\"_fadeIn_m1hgl_8\">s'adapter <\/span><span class=\"_fadeIn_m1hgl_8\">pour <\/span><span class=\"_fadeIn_m1hgl_8\">quotidien <\/span><span class=\"_fadeIn_m1hgl_8\">l'usure, <\/span><span class=\"_fadeIn_m1hgl_8\">athl\u00e9tique <\/span><span class=\"_fadeIn_m1hgl_8\">formation, <\/span><span class=\"_fadeIn_m1hgl_8\">ou <\/span><span class=\"_fadeIn_m1hgl_8\">marquage au fer rouge <\/span><span class=\"_fadeIn_m1hgl_8\">besoins.<\/span><\/p>\n<p data-start=\"742\" data-end=\"1073\"><span class=\"_fadeIn_m1hgl_8\">Le <\/span><span class=\"_fadeIn_m1hgl_8\">nervur\u00e9 <\/span><span class=\"_fadeIn_m1hgl_8\">manchettes <\/span><span class=\"_fadeIn_m1hgl_8\">et <\/span><span class=\"_fadeIn_m1hgl_8\">ceinture <\/span><span class=\"_fadeIn_m1hgl_8\">livrer <\/span><span class=\"_fadeIn_m1hgl_8\">a <\/span><span class=\"_fadeIn_m1hgl_8\">serr\u00e9 <\/span><span class=\"_fadeIn_m1hgl_8\">s'adapter, <\/span><span class=\"_fadeIn_m1hgl_8\">alors que <\/span><span class=\"_fadeIn_m1hgl_8\">contraste <\/span><span class=\"_fadeIn_m1hgl_8\">manches <\/span><span class=\"_fadeIn_m1hgl_8\">et <\/span><span class=\"_fadeIn_m1hgl_8\">rayures <\/span><span class=\"_fadeIn_m1hgl_8\">\u00e9lever <\/span><span class=\"_fadeIn_m1hgl_8\">votre <\/span><span class=\"_fadeIn_m1hgl_8\">athl\u00e9tique <\/span><span class=\"_fadeIn_m1hgl_8\">regarder. <\/span><span class=\"_fadeIn_m1hgl_8\">Si <\/span><span class=\"_fadeIn_m1hgl_8\">vous \u00eates <\/span><span class=\"_fadeIn_m1hgl_8\">repr\u00e9sentant <\/span><span class=\"_fadeIn_m1hgl_8\">a <\/span><span class=\"_fadeIn_m1hgl_8\">l'\u00e9quipe, <\/span><span class=\"_fadeIn_m1hgl_8\">lancement <\/span><span class=\"_fadeIn_m1hgl_8\">a <\/span><span class=\"_fadeIn_m1hgl_8\">la marque, <\/span><span class=\"_fadeIn_m1hgl_8\">ou <\/span><span class=\"_fadeIn_m1hgl_8\">stockage <\/span><span class=\"_fadeIn_m1hgl_8\">a <\/span><span class=\"_fadeIn_m1hgl_8\">la mode <\/span><span class=\"_fadeIn_m1hgl_8\">magasin, <\/span><span class=\"_fadeIn_m1hgl_8\">cette <\/span><span class=\"_fadeIn_m1hgl_8\">surv\u00eatement <\/span><span class=\"_fadeIn_m1hgl_8\">ajoute <\/span><span class=\"_fadeIn_m1hgl_8\">polyvalence <\/span><span class=\"_fadeIn_m1hgl_8\">et <\/span><span class=\"_fadeIn_m1hgl_8\">a <\/span><span class=\"_fadeIn_m1hgl_8\">prime <\/span><span class=\"_fadeIn_m1hgl_8\">sentir <\/span><span class=\"_fadeIn_m1hgl_8\">\u00e0 <\/span><span class=\"_fadeIn_m1hgl_8\">votre <\/span><span class=\"_fadeIn_m1hgl_8\">de la gamme. <\/span><span class=\"_fadeIn_m1hgl_8\">Enti\u00e8rement <\/span><span class=\"_fadeIn_m1hgl_8\">personnalisable <\/span><span class=\"_fadeIn_m1hgl_8\">pour <\/span><span class=\"_fadeIn_m1hgl_8\">logos, <\/span><span class=\"_fadeIn_m1hgl_8\">\u00e9quipe <\/span><span class=\"_fadeIn_m1hgl_8\">noms, <\/span><span class=\"_fadeIn_m1hgl_8\">ou <\/span><span class=\"_fadeIn_m1hgl_8\">saisonnier <\/span><span class=\"_fadeIn_m1hgl_8\">collections.<\/span><\/p>\n<p data-start=\"1075\" data-end=\"1253\"><span class=\"_fadeIn_m1hgl_8\">Parfait <\/span><span class=\"_fadeIn_m1hgl_8\">pour <\/span><span class=\"_fadeIn_m1hgl_8\">sports <\/span><span class=\"_fadeIn_m1hgl_8\">clubs, <\/span><span class=\"_fadeIn_m1hgl_8\">urbain <\/span><span class=\"_fadeIn_m1hgl_8\">porter <\/span><span class=\"_fadeIn_m1hgl_8\">magasins, <\/span><span class=\"_fadeIn_m1hgl_8\">d\u00e9but-<\/span><span class=\"_fadeIn_m1hgl_8\">ups, <\/span><span class=\"_fadeIn_m1hgl_8\">et <\/span><span class=\"_fadeIn_m1hgl_8\">mode-<\/span><span class=\"_fadeIn_m1hgl_8\">avant <\/span><span class=\"_fadeIn_m1hgl_8\">les grossistes. <\/span><span class=\"_fadeIn_m1hgl_8\">Commande <\/span><span class=\"_fadeIn_m1hgl_8\">avec <\/span><span class=\"_fadeIn_m1hgl_8\">confiance - <\/span><span class=\"_fadeIn_m1hgl_8\">disponible <\/span><span class=\"_fadeIn_m1hgl_8\">en <\/span><span class=\"_fadeIn_m1hgl_8\">petit <\/span><span class=\"_fadeIn_m1hgl_8\">\u00e0 <\/span><span class=\"_fadeIn_m1hgl_8\">en vrac <\/span><span class=\"_fadeIn_m1hgl_8\">quantit\u00e9s <\/span><span class=\"_fadeIn_m1hgl_8\">avec <\/span><span class=\"_fadeIn_m1hgl_8\">priv\u00e9 <\/span><span class=\"_fadeIn_m1hgl_8\">\u00e9tiquette <\/span><span class=\"_fadeIn_m1hgl_8\">le soutien.<\/span><\/p>","protected":false},"featured_media":9351,"comment_status":"closed","ping_status":"closed","template":"","meta":[],"product_brand":[35],"product_cat":[68,69],"product_tag":[],"class_list":{"0":"post-9068","1":"product","2":"type-product","3":"status-publish","4":"has-post-thumbnail","6":"product_brand-ryinz","7":"product_cat-ryinz","8":"product_cat-tracksuits","10":"first","11":"instock","12":"taxable","13":"shipping-taxable","14":"purchasable","15":"product-type-simple"},"_links":{"self":[{"href":"https:\/\/ryinz.cz\/velkoobchod\/fr\/wp-json\/wp\/v2\/product\/9068","targetHints":{"allow":["GET"]}}],"collection":[{"href":"https:\/\/ryinz.cz\/velkoobchod\/fr\/wp-json\/wp\/v2\/product"}],"about":[{"href":"https:\/\/ryinz.cz\/velkoobchod\/fr\/wp-json\/wp\/v2\/types\/product"}],"replies":[{"embeddable":true,"href":"https:\/\/ryinz.cz\/velkoobchod\/fr\/wp-json\/wp\/v2\/comments?post=9068"}],"wp:featuredmedia":[{"embeddable":true,"href":"https:\/\/ryinz.cz\/velkoobchod\/fr\/wp-json\/wp\/v2\/media\/9351"}],"wp:attachment":[{"href":"https:\/\/ryinz.cz\/velkoobchod\/fr\/wp-json\/wp\/v2\/media?parent=9068"}],"wp:term":[{"taxonomy":"product_brand","embeddable":true,"href":"https:\/\/ryinz.cz\/velkoobchod\/fr\/wp-json\/wp\/v2\/product_brand?post=9068"},{"taxonomy":"product_cat","embeddable":true,"href":"https:\/\/ryinz.cz\/velkoobchod\/fr\/wp-json\/wp\/v2\/product_cat?post=9068"},{"taxonomy":"product_tag","embeddable":true,"href":"https:\/\/ryinz.cz\/velkoobchod\/fr\/wp-json\/wp\/v2\/product_tag?post=9068"}],"curies":[{"name":"wp","href":"https:\/\/api.w.org\/{rel}","templated":true}]}}