{"id":9066,"date":"2025-06-22T15:27:35","date_gmt":"2025-06-22T15:27:35","guid":{"rendered":"https:\/\/ryinz.cz\/velkoobchod\/?post_type=product&#038;p=9066"},"modified":"2026-01-18T20:17:32","modified_gmt":"2026-01-18T20:17:32","slug":"ryinz-premium-leather-ski-mittens-waterproof-windproof-thermal-insulated-winter-gloves-for-skiing-snowboarding","status":"publish","type":"product","link":"https:\/\/ryinz.cz\/velkoobchod\/fr\/product\/ryinz-premium-leather-ski-mittens-waterproof-windproof-thermal-insulated-winter-gloves-for-skiing-snowboarding\/","title":{"rendered":"RYINZ Premium Leather Ski Mittens - Gants d'hiver imperm\u00e9ables, coupe-vent et isol\u00e9s thermiquement pour le ski et le snowboard"},"content":{"rendered":"<p class=\"\" data-start=\"307\" data-end=\"711\">Quand le froid extr\u00eame rencontre l'aventure sauvage, le <strong data-start=\"353\" data-end=\"399\">RYINZ MSG-0065 Moufles de ski en cuir de premi\u00e8re qualit\u00e9<\/strong> sont le choix ultime en termes de performance, de durabilit\u00e9 et de chaleur. Con\u00e7ues sp\u00e9cifiquement pour les conditions hivernales difficiles, ces moufles offrent une r\u00e9tention sup\u00e9rieure de la chaleur, une protection exceptionnelle contre le vent et la neige, et une esth\u00e9tique intemporelle qui s\u00e9duit les athl\u00e8tes de haut niveau, les guides alpins et les amoureux de la neige.<\/p>\n<p class=\"\" data-start=\"713\" data-end=\"1069\">Fabriqu\u00e9 avec <strong data-start=\"726\" data-end=\"756\">cuir pleine fleur de premi\u00e8re qualit\u00e9<\/strong>, La coque ext\u00e9rieure du MSG-0065 offre une r\u00e9sistance naturelle \u00e0 l'eau, une usure durable et une protection \u00e9lev\u00e9e contre l'abrasion. Ce cuir souple \u00e9pouse la forme de la main pour une excellente flexibilit\u00e9 sans sacrifier l'isolation ou la r\u00e9sistance. Chaque point est con\u00e7u avec pr\u00e9cision pour les activit\u00e9s en haute altitude et en hiver.<\/p>\n<p class=\"\" data-start=\"1071\" data-end=\"1420\">\u00c0 l'int\u00e9rieur, le gant est dot\u00e9 d'un <strong data-start=\"1100\" data-end=\"1129\">syst\u00e8me thermique \u00e0 double couche<\/strong> combinant <strong data-start=\"1140\" data-end=\"1170\">Isolation 3M\u2122 Thinsulate\u2122<\/strong> et un <strong data-start=\"1177\" data-end=\"1204\">Doublure en micropolaire<\/strong> qui emprisonne la chaleur corporelle tout en permettant \u00e0 la sueur de s'\u00e9vaporer. Il en r\u00e9sulte des mains s\u00e8ches et douillettes par temps de gel, ce qui rend ces moufles id\u00e9ales pour une utilisation prolong\u00e9e en snowboard, ski, motoneige et alpinisme.<\/p>\n<p class=\"\" data-start=\"1422\" data-end=\"1780\">Le classique <strong data-start=\"1434\" data-end=\"1449\">mitt design<\/strong> r\u00e9duit la surface expos\u00e9e et maintient les doigts ensemble, am\u00e9liorant ainsi la chaleur globale. A <strong data-start=\"1536\" data-end=\"1562\">panneau de pouce renforc\u00e9<\/strong> permet une meilleure adh\u00e9rence et un meilleur contr\u00f4le des b\u00e2tons de ski, du guidon et d'autres \u00e9quipements. Les <strong data-start=\"1644\" data-end=\"1672\">poche zipp\u00e9e int\u00e9gr\u00e9e<\/strong> est une fonction pratique qui permet de ranger des chauffe-mains, des laissez-passer RFID ou de petits objets essentiels sans compromettre la tenue du v\u00eatement.<\/p>\n<p class=\"\" data-start=\"1782\" data-end=\"2065\">Le <strong data-start=\"1786\" data-end=\"1812\">poignet \u00e9lastiqu\u00e9<\/strong> et <strong data-start=\"1817\" data-end=\"1842\">manchette en cuir allong\u00e9e<\/strong> assurent une bonne \u00e9tanch\u00e9it\u00e9 \u00e0 la neige sous ou par-dessus la manche de votre veste, tandis qu'un <strong data-start=\"1913\" data-end=\"1938\">patte velcro ajustable<\/strong> au niveau de la manchette permet de personnaliser l'\u00e9tanch\u00e9it\u00e9. L'ensemble des <strong data-start=\"1996\" data-end=\"2021\">laisse de poignet amovible<\/strong> \u00e9vite la perte de gants sur les pistes ou les remont\u00e9es m\u00e9caniques.<\/p>\n<p class=\"\" data-start=\"2067\" data-end=\"2337\">Ces gants conviennent aux skieurs professionnels, aux travailleurs en ext\u00e9rieur et aux voyageurs qui se rendent dans les r\u00e9gions enneig\u00e9es de haute altitude. Le design minimaliste en cuir naturel, avec la marque RYINZ, s\u00e9duit les clients \u00e0 la recherche de fonctionnalit\u00e9 et d'\u00e9l\u00e9gance discr\u00e8te.<\/p>\n<p class=\"\" data-start=\"2339\" data-end=\"2532\">Durable, respirant, coupe-vent et \u00e9l\u00e9gant - le <strong data-start=\"2389\" data-end=\"2427\">RYINZ MSG-0065 Moufles de ski en cuir<\/strong> sont un incontournable de l'hiver pour les acheteurs et les revendeurs d'\u00e9lite en Europe, en Am\u00e9rique du Nord et ailleurs.<\/p>\n<hr class=\"\" data-start=\"2534\" data-end=\"2537\" \/>\n<h3 class=\"\" data-start=\"2539\" data-end=\"2566\"><strong data-start=\"2543\" data-end=\"2566\">Points forts du produit :<\/strong><\/h3>\n<ul data-start=\"2568\" data-end=\"3222\">\n<li class=\"\" data-start=\"2568\" data-end=\"2659\">\n<p class=\"\" data-start=\"2570\" data-end=\"2659\">Coque en cuir de vachette pleine fleur de premi\u00e8re qualit\u00e9 pour une durabilit\u00e9 sup\u00e9rieure et une r\u00e9sistance aux intemp\u00e9ries<\/p>\n<\/li>\n<li class=\"\" data-start=\"2660\" data-end=\"2731\">\n<p class=\"\" data-start=\"2662\" data-end=\"2731\">Double isolation thermique : 3M\u2122 Thinsulate\u2122 + doublure polaire respirante.<\/p>\n<\/li>\n<li class=\"\" data-start=\"2732\" data-end=\"2789\">\n<p class=\"\" data-start=\"2734\" data-end=\"2789\">La conception de la moufle maintient les doigts ensemble pour une chaleur maximale<\/p>\n<\/li>\n<li class=\"\" data-start=\"2790\" data-end=\"2842\">\n<p class=\"\" data-start=\"2792\" data-end=\"2842\">Poche zipp\u00e9e int\u00e9gr\u00e9e pour les laissez-passer ou les chauffe-mains<\/p>\n<\/li>\n<li class=\"\" data-start=\"2843\" data-end=\"2907\">\n<p class=\"\" data-start=\"2845\" data-end=\"2907\">Finition coupe-vent et imperm\u00e9able pour une protection en montagne<\/p>\n<\/li>\n<li class=\"\" data-start=\"2908\" data-end=\"2974\">\n<p class=\"\" data-start=\"2910\" data-end=\"2974\">Longue manchette en cuir avec bande Velcro r\u00e9glable pour un ajustement parfait<\/p>\n<\/li>\n<li class=\"\" data-start=\"2975\" data-end=\"3030\">\n<p class=\"\" data-start=\"2977\" data-end=\"3030\">Zone du pouce renforc\u00e9e pour une meilleure prise en main et une plus grande durabilit\u00e9<\/p>\n<\/li>\n<li class=\"\" data-start=\"3031\" data-end=\"3077\">\n<p class=\"\" data-start=\"3033\" data-end=\"3077\">Laisse de poignet incluse pour \u00e9viter de perdre les gants<\/p>\n<\/li>\n<li class=\"\" data-start=\"3078\" data-end=\"3159\">\n<p class=\"\" data-start=\"3080\" data-end=\"3159\">Id\u00e9al pour le ski, le snowboard, l'escalade sur glace, le trekking alpin ou les voyages dans la neige.<\/p>\n<\/li>\n<li class=\"\" data-start=\"3160\" data-end=\"3222\">\n<p class=\"\" data-start=\"3162\" data-end=\"3222\">Disponible en couleur tan naturel avec des accents de marquage noirs<\/p>\n<\/li>\n<\/ul>\n<hr class=\"\" data-start=\"3224\" data-end=\"3227\" \/>\n<h3 class=\"\" data-start=\"3229\" data-end=\"3250\"><strong data-start=\"3233\" data-end=\"3250\">Applications :<\/strong><\/h3>\n<ul data-start=\"3252\" data-end=\"3561\">\n<li class=\"\" data-start=\"3252\" data-end=\"3286\">\n<p class=\"\" data-start=\"3254\" data-end=\"3286\">Ski alpin et snowboard<\/p>\n<\/li>\n<li class=\"\" data-start=\"3287\" data-end=\"3330\">\n<p class=\"\" data-start=\"3289\" data-end=\"3330\">Entra\u00eenement et comp\u00e9titions de sports d'hiver<\/p>\n<\/li>\n<li class=\"\" data-start=\"3331\" data-end=\"3376\">\n<p class=\"\" data-start=\"3333\" data-end=\"3376\">Conduite de motoneiges et de VTT en terrain froid<\/p>\n<\/li>\n<li class=\"\" data-start=\"3377\" data-end=\"3418\">\n<p class=\"\" data-start=\"3379\" data-end=\"3418\">Randonn\u00e9e en haute altitude et escalade sur glace<\/p>\n<\/li>\n<li class=\"\" data-start=\"3419\" data-end=\"3450\">\n<p class=\"\" data-start=\"3421\" data-end=\"3450\">\u00c9quipes de sauvetage et patrouilles de ski<\/p>\n<\/li>\n<li class=\"\" data-start=\"3451\" data-end=\"3492\">\n<p class=\"\" data-start=\"3453\" data-end=\"3492\">Trajets domicile-travail en hiver ou travail en entrep\u00f4t frigorifique<\/p>\n<\/li>\n<li class=\"\" data-start=\"3493\" data-end=\"3525\">\n<p class=\"\" data-start=\"3495\" data-end=\"3525\">Voyages et exp\u00e9ditions dans l'Arctique<\/p>\n<\/li>\n<li class=\"\" data-start=\"3526\" data-end=\"3561\">\n<p class=\"\" data-start=\"3528\" data-end=\"3561\">V\u00eatements d'hiver pour la vente au d\u00e9tail et la promotion<\/p>\n<\/li>\n<\/ul>\n<hr class=\"\" data-start=\"3563\" data-end=\"3566\" \/>\n<h3 class=\"\" data-start=\"3568\" data-end=\"3591\"><strong data-start=\"3572\" data-end=\"3591\">Sp\u00e9cifications :<\/strong><\/h3>\n<ul data-start=\"3593\" data-end=\"4048\">\n<li class=\"\" data-start=\"3593\" data-end=\"3612\">\n<p class=\"\" data-start=\"3595\" data-end=\"3612\">Mod\u00e8le : MSG-0065<\/p>\n<\/li>\n<li class=\"\" data-start=\"3613\" data-end=\"3693\">\n<p class=\"\" data-start=\"3615\" data-end=\"3693\">Mat\u00e9riaux : Cuir de vachette v\u00e9ritable pleine fleur, 3M\u2122 Thinsulate\u2122, int\u00e9rieur polaire.<\/p>\n<\/li>\n<li class=\"\" data-start=\"3694\" data-end=\"3721\">\n<p class=\"\" data-start=\"3696\" data-end=\"3721\">Tailles : S, M, L, XL, XXL<\/p>\n<\/li>\n<li class=\"\" data-start=\"3722\" data-end=\"3778\">\n<p class=\"\" data-start=\"3724\" data-end=\"3778\">Fermeture : Patte velcro avec dragonne et poignet \u00e9lastique<\/p>\n<\/li>\n<li class=\"\" data-start=\"3779\" data-end=\"3833\">\n<p class=\"\" data-start=\"3781\" data-end=\"3833\">Couleurs : Cuir de couleur tan (personnalisable pour les commandes en gros)<\/p>\n<\/li>\n<li class=\"\" data-start=\"3834\" data-end=\"3891\">\n<p class=\"\" data-start=\"3836\" data-end=\"3891\">Marque : RYINZ (options de marque priv\u00e9e OEM disponibles)<\/p>\n<\/li>\n<li class=\"\" data-start=\"3892\" data-end=\"3944\">\n<p class=\"\" data-start=\"3894\" data-end=\"3944\">Commande minimale : 300 paires (options OEM disponibles)<\/p>\n<\/li>\n<li class=\"\" data-start=\"3945\" data-end=\"4003\">\n<p class=\"\" data-start=\"3947\" data-end=\"4003\">Emballage : Polybag individuel ou bo\u00eete de vente au d\u00e9tail personnalis\u00e9e<\/p>\n<\/li>\n<li class=\"\" data-start=\"4004\" data-end=\"4048\">\n<p class=\"\" data-start=\"4006\" data-end=\"4048\">Certifications : CE EN388, EN511 en option<\/p>\n<\/li>\n<\/ul>","protected":false},"excerpt":{"rendered":"<p>Affrontez la neige comme un professionnel avec le <strong data-start=\"4143\" data-end=\"4181\">RYINZ MSG-0065 Moufles de ski en cuir<\/strong>, Ces moufles sont con\u00e7ues pour ceux qui ne veulent pas faire de compromis entre les performances robustes et le style raffin\u00e9. Ces moufles sont dot\u00e9es d'une coque en cuir pleine fleur durable et d'une isolation thermique int\u00e9gr\u00e9e pour relever les d\u00e9fis les plus difficiles par temps froid. La conception des moufles am\u00e9liore la chaleur en gardant les doigts ensemble, tandis que la poche arri\u00e8re zipp\u00e9e ajoute de la fonctionnalit\u00e9. Avec une doublure int\u00e9rieure douce, des performances imperm\u00e9ables et une manchette allong\u00e9e pour emp\u00eacher la neige de p\u00e9n\u00e9trer, ces gants sont parfaits pour les skieurs, les snowboarders et les motoneigistes. Que vous braviez les Alpes ou que vous approvisionniez votre magasin d'hiver, ces moufles offrent confort, r\u00e9sistance et mode montagnarde classique, le tout sous la marque de confiance Ryinz.<\/p>","protected":false},"featured_media":8949,"comment_status":"closed","ping_status":"closed","template":"","meta":[],"product_brand":[35],"product_cat":[57],"product_tag":[297,298,299,300,301],"class_list":{"0":"post-9066","1":"product","2":"type-product","3":"status-publish","4":"has-post-thumbnail","6":"product_brand-ryinz","7":"product_cat-ski-snowboarding-gloves","8":"product_tag-cold-weather-mittens","9":"product_tag-cowhide-snow-gloves","10":"product_tag-customizable-ski-mittens","11":"product_tag-insulated-mittens","12":"product_tag-ski-mittens","14":"first","15":"instock","16":"taxable","17":"shipping-taxable","18":"purchasable","19":"product-type-simple"},"_links":{"self":[{"href":"https:\/\/ryinz.cz\/velkoobchod\/fr\/wp-json\/wp\/v2\/product\/9066","targetHints":{"allow":["GET"]}}],"collection":[{"href":"https:\/\/ryinz.cz\/velkoobchod\/fr\/wp-json\/wp\/v2\/product"}],"about":[{"href":"https:\/\/ryinz.cz\/velkoobchod\/fr\/wp-json\/wp\/v2\/types\/product"}],"replies":[{"embeddable":true,"href":"https:\/\/ryinz.cz\/velkoobchod\/fr\/wp-json\/wp\/v2\/comments?post=9066"}],"wp:featuredmedia":[{"embeddable":true,"href":"https:\/\/ryinz.cz\/velkoobchod\/fr\/wp-json\/wp\/v2\/media\/8949"}],"wp:attachment":[{"href":"https:\/\/ryinz.cz\/velkoobchod\/fr\/wp-json\/wp\/v2\/media?parent=9066"}],"wp:term":[{"taxonomy":"product_brand","embeddable":true,"href":"https:\/\/ryinz.cz\/velkoobchod\/fr\/wp-json\/wp\/v2\/product_brand?post=9066"},{"taxonomy":"product_cat","embeddable":true,"href":"https:\/\/ryinz.cz\/velkoobchod\/fr\/wp-json\/wp\/v2\/product_cat?post=9066"},{"taxonomy":"product_tag","embeddable":true,"href":"https:\/\/ryinz.cz\/velkoobchod\/fr\/wp-json\/wp\/v2\/product_tag?post=9066"}],"curies":[{"name":"wp","href":"https:\/\/api.w.org\/{rel}","templated":true}]}}