{"id":9050,"date":"2025-06-22T15:27:03","date_gmt":"2025-06-22T15:27:03","guid":{"rendered":"https:\/\/ryinz.cz\/velkoobchod\/?post_type=product&#038;p=9050"},"modified":"2026-01-18T20:17:29","modified_gmt":"2026-01-18T20:17:29","slug":"sac-a-dos-camouflage-bleu-sac-de-sport-et-de-plein-air-ryinz-eu-design-fabricant-et-fournisseur-de-label-prive","status":"publish","type":"product","link":"https:\/\/ryinz.cz\/velkoobchod\/fr\/product\/blue-camouflage-backpack-wholesale-sport-and-outdoor-bag-ryinz-eu-design-manufacturer-and-private-label-supplier\/","title":{"rendered":"Bleu Camouflage Sac \u00e0 dos Wholesale | Sac de sport et d'ext\u00e9rieur | Ryinz EU Design | Fabricant et Fournisseur de Marques de Distributeurs"},"content":{"rendered":"<div class=\"flex-shrink-0 flex flex-col relative items-end\">\n<div class=\"pt-0\">\n<div class=\"gizmo-bot-avatar flex h-8 w-8 items-center justify-center overflow-hidden rounded-full\">\n<div class=\"relative p-1 rounded-sm flex items-center justify-center bg-token-main-surface-primary text-token-text-primary h-8 w-8\">\n<p>Bleu Camouflage Sac \u00e0 dos Wholesale | Sac de sport et d'ext\u00e9rieur | Ryinz EU Design | Fabricant et Fournisseur de Marques de Distributeurs<\/p>\n<p>Chez Ryinz, nous facilitons l'expansion de votre marque, la croissance de vos ventes et l'impression de vos clients.<\/p>\n<p>Nous sommes le moteur invisible du commerce international, mettant en relation des fabricants de premier plan avec des marques et des acheteurs \u00e0 fort potentiel \u00e0 travers l'Europe, les \u00c9tats-Unis et l'Asie.<\/p>\n<p>Notre mission est claire : nous ouvrons des portes pour que vous puissiez conclure des ventes.<\/p>\n<p>Le sac \u00e0 dos Ryinz Blue Camouflage Sport Backpack est con\u00e7u pour les marques de v\u00eatements de sport modernes, les entreprises de mat\u00e9riel de voyage, les amateurs d'activit\u00e9s de plein air et les marques \u00e0 la pointe de la mode qui recherchent des sacs audacieux, fiables et l\u00e9gers avec une esth\u00e9tique europ\u00e9enne.<\/p>\n<p>Points forts du produit :<\/p>\n<p>\u2705 Nom du produit : Sac \u00e0 dos de sport Ryinz Blue Camo<\/p>\n<p>\u2705 Mat\u00e9riau : Polyester de premi\u00e8re qualit\u00e9 r\u00e9sistant \u00e0 l'eau<\/p>\n<p>Couleur : bleu clair et camouflage gris (couleurs et motifs de camouflage personnalis\u00e9s disponibles)<\/p>\n<p>Options de logo : Vierge, broderie personnalis\u00e9e, impression par transfert thermique, \u00e9cussons<\/p>\n<p>\u2705 Compartiments :<\/p>\n<p>- Grand compartiment de rangement principal<\/p>\n<p>- Poches lat\u00e9rales pour les bouteilles, le mat\u00e9riel et les accessoires<\/p>\n<p>- Poches internes pour l'organisation<\/p>\n<p>\u2705 Taille :<\/p>\n<p>Hauteur : 50 cm<\/p>\n<p>Largeur : 32 cm<\/p>\n<p>Profondeur : 18 cm<\/p>\n<p>Capacit\u00e9 : Environ 30-32 litres<\/p>\n<p>\u2705 Fit : L\u00e9ger, durable, flexible<\/p>\n<p>Utilisation : Sports, Gym, Voyage, Aventures en plein air, Portage quotidien<\/p>\n<p>\u2705 MOQ : de faibles minima sont disponibles pour les projets de vente en gros et les projets de marques priv\u00e9es personnalis\u00e9es.<\/p>\n<p>Description d\u00e9taill\u00e9e :<\/p>\n<p>Entrez dans l'avenir du style outdoor avec le sac \u00e0 dos Ryinz Blue Camouflage Sport Backpack, une fusion parfaite de fonctionnalit\u00e9 et de design audacieux.<\/p>\n<p>Ce sac \u00e0 dos pr\u00e9sente un motif camouflage g\u00e9om\u00e9trique bleu clair et gris dynamique - \u00e9l\u00e9gant, moderne et pr\u00eat \u00e0 l'action. Fabriqu\u00e9 en polyester haute densit\u00e9 r\u00e9sistant \u00e0 l'eau, il est con\u00e7u pour r\u00e9sister \u00e0 toutes les situations, des d\u00e9placements urbains aux rudes aventures en plein air.<\/p>\n<p>Un grand compartiment principal offre beaucoup d'espace pour l'\u00e9quipement de sport, les articles de voyage, les livres ou les v\u00eatements de sport. Deux poches lat\u00e9rales facilitent l'acc\u00e8s aux bouteilles d'eau ou aux petites affaires, tandis que des poches d'organisation internes permettent de ranger vos objets de valeur en toute s\u00e9curit\u00e9.<\/p>\n<p>Sa conception \u00e9l\u00e9gante et l\u00e9g\u00e8re en fait un excellent sac \u00e0 dos de tous les jours pour les professionnels, les voyageurs et les athl\u00e8tes. Gr\u00e2ce aux options de marquage personnalis\u00e9es, vous pouvez le transformer en un sac de marque priv\u00e9e exclusif ou en un cadeau promotionnel.<\/p>\n<p>Caract\u00e9ristiques principales pour les acheteurs en gros et les acheteurs B2B :<\/p>\n<p>? ??? Con\u00e7u en Europe : Des designs frais, audacieux et modernes adapt\u00e9s aux go\u00fbts europ\u00e9ens et mondiaux en mati\u00e8re de mode.<\/p>\n<p>? ??? Prix direct fabricant : Des prix de gros abordables sans sacrifier la qualit\u00e9 ou le style.<\/p>\n<p>? ??? Pr\u00eat \u00e0 recevoir un logo personnalis\u00e9 : Cr\u00e9ez votre propre version de marque avec des broderies, des impressions ou des patchs.<\/p>\n<p>? ??? Parfait pour de multiples march\u00e9s : D\u00e9taillants d'articles de sport, magasins de plein air, fournisseurs de mat\u00e9riel de voyage, organisateurs d'\u00e9v\u00e9nements d'entreprise, salles de sport, vendeurs en ligne.<\/p>\n<p>? ??? Production et livraison rapides : Au service de l'Europe, des \u00c9tats-Unis et de l'Asie gr\u00e2ce \u00e0 un soutien logistique efficace.<\/p>\n<p>? ??? Construit pour durer : r\u00e9sistant \u00e0 l'eau et aux d\u00e9chirures, con\u00e7u pour une utilisation active dans le monde r\u00e9el.<\/p>\n<p>Id\u00e9es d'application :<\/p>\n<p>- D\u00e9taillants d'articles de sport et de gymnastique<\/p>\n<p>- Agences de promotion pour l'image de marque<\/p>\n<p>- Magasins de plein air et d'aventure<\/p>\n<p>- Magasins de mode et de mat\u00e9riel de voyage en ligne<\/p>\n<p>- Entreprises de voyage et de tourisme<\/p>\n<p>- Cadeaux pour les \u00e9v\u00e9nements et les campagnes<\/p>\n<p>- Projets personnalis\u00e9s de lancement de marque<\/p>\n<p>Taille et ajustement parfaits D\u00e9tails :<\/p>\n<p>Taille Hauteur (cm) Largeur (cm) Profondeur (cm) Capacit\u00e9 (litres)<\/p>\n<p>Taille unique 50 32 18 30-32 Litres<\/p>\n<p>(Convient au transport d'ordinateurs portables de 15,6\u2033, d'accessoires de voyage, de tenues de sport, d'\u00e9quipements sportifs, etc.)<\/p>\n<p>Pourquoi choisir Ryinz ?<\/p>\n<p>? ??? Ryinz permet aux marques et aux distributeurs de b\u00e9n\u00e9ficier de conceptions pr\u00eates \u00e0 la vente, de prix directs et d'options de marquage personnalis\u00e9es.<\/p>\n<p>? ??? Nous offrons des solutions compl\u00e8tes de marques priv\u00e9es - des ajustements de design aux placements de logos, \u00e0 l'emballage et \u00e0 l'exp\u00e9dition - pour vous aider \u00e0 lancer ou \u00e0 d\u00e9velopper votre marque de mani\u00e8re transparente.<\/p>\n<p>Des sacs de sport aux sacs \u00e0 dos de voyage en passant par les porte-\u00e9quipements sportifs, Ryinz est votre partenaire de confiance pour des produits de haute qualit\u00e9, \u00e0 des prix comp\u00e9titifs et au design soign\u00e9.<\/p>\n<p>Contactez Ryinz pour des opportunit\u00e9s de vente en gros et de marques priv\u00e9es<\/p>\n<p>Pr\u00eat \u00e0 d\u00e9velopper votre gamme de produits avec des sacs \u00e0 dos haut de gamme et \u00e9l\u00e9gants ?<\/p>\n<p>? ??? Site web : www.ryinz.com<\/p>\n<p>? ??? Courriel : lavie@ryinz.cz<\/p>\n<p>? ??? Phone\/WhatsApp : +420 604 413 141<\/p>\n<p>Ryinz - Faire progresser votre marque \u00e0 chaque \u00e9tape.<\/p>\n<\/div>\n<\/div>\n<\/div>\n<\/div>","protected":false},"excerpt":{"rendered":"<div class=\"flex-shrink-0 flex flex-col relative items-end\">\n<div class=\"pt-0\">\n<div class=\"gizmo-bot-avatar flex h-8 w-8 items-center justify-center overflow-hidden rounded-full\">\n<div class=\"relative p-1 rounded-sm flex items-center justify-center bg-token-main-surface-primary text-token-text-primary h-8 w-8\">\n<p>Caract\u00e9ristiques principales pour les acheteurs en gros et les acheteurs B2B :<\/p>\n<p>? ??? Con\u00e7u en Europe : Des designs frais, audacieux et modernes adapt\u00e9s aux go\u00fbts europ\u00e9ens et mondiaux en mati\u00e8re de mode.<\/p>\n<p>? ??? Prix direct fabricant : Des prix de gros abordables sans sacrifier la qualit\u00e9 ou le style.<\/p>\n<p>? ??? Pr\u00eat \u00e0 recevoir un logo personnalis\u00e9 : Cr\u00e9ez votre propre version de marque avec des broderies, des impressions ou des patchs.<\/p>\n<p>? ??? Parfait pour de multiples march\u00e9s : D\u00e9taillants d'articles de sport, magasins de plein air, fournisseurs de mat\u00e9riel de voyage, organisateurs d'\u00e9v\u00e9nements d'entreprise, salles de sport, vendeurs en ligne.<\/p>\n<p>? ??? Production et livraison rapides : Au service de l'Europe, des \u00c9tats-Unis et de l'Asie gr\u00e2ce \u00e0 un soutien logistique efficace.<\/p>\n<p>? ??? Construit pour durer : r\u00e9sistant \u00e0 l'eau et aux d\u00e9chirures, con\u00e7u pour une utilisation active dans le monde r\u00e9el.<\/p>\n<\/div>\n<\/div>\n<\/div>\n<\/div>","protected":false},"featured_media":9135,"comment_status":"closed","ping_status":"closed","template":"","meta":[],"product_brand":[35],"product_cat":[233],"product_tag":[242,244,235,236,251,272,273,241,274],"class_list":{"0":"post-9050","1":"product","2":"type-product","3":"status-publish","4":"has-post-thumbnail","6":"product_brand-ryinz","7":"product_cat-bags","8":"product_tag-adventure-backpack","9":"product_tag-camouflage-backpack","10":"product_tag-custom-logo-backpack","11":"product_tag-durable-backpack","12":"product_tag-gillani-backpack","13":"product_tag-hiking-gear","14":"product_tag-outdoor-bag","15":"product_tag-travel-backpack","16":"product_tag-water-resistant-bag","18":"first","19":"instock","20":"taxable","21":"shipping-taxable","22":"purchasable","23":"product-type-simple"},"_links":{"self":[{"href":"https:\/\/ryinz.cz\/velkoobchod\/fr\/wp-json\/wp\/v2\/product\/9050","targetHints":{"allow":["GET"]}}],"collection":[{"href":"https:\/\/ryinz.cz\/velkoobchod\/fr\/wp-json\/wp\/v2\/product"}],"about":[{"href":"https:\/\/ryinz.cz\/velkoobchod\/fr\/wp-json\/wp\/v2\/types\/product"}],"replies":[{"embeddable":true,"href":"https:\/\/ryinz.cz\/velkoobchod\/fr\/wp-json\/wp\/v2\/comments?post=9050"}],"wp:featuredmedia":[{"embeddable":true,"href":"https:\/\/ryinz.cz\/velkoobchod\/fr\/wp-json\/wp\/v2\/media\/9135"}],"wp:attachment":[{"href":"https:\/\/ryinz.cz\/velkoobchod\/fr\/wp-json\/wp\/v2\/media?parent=9050"}],"wp:term":[{"taxonomy":"product_brand","embeddable":true,"href":"https:\/\/ryinz.cz\/velkoobchod\/fr\/wp-json\/wp\/v2\/product_brand?post=9050"},{"taxonomy":"product_cat","embeddable":true,"href":"https:\/\/ryinz.cz\/velkoobchod\/fr\/wp-json\/wp\/v2\/product_cat?post=9050"},{"taxonomy":"product_tag","embeddable":true,"href":"https:\/\/ryinz.cz\/velkoobchod\/fr\/wp-json\/wp\/v2\/product_tag?post=9050"}],"curies":[{"name":"wp","href":"https:\/\/api.w.org\/{rel}","templated":true}]}}