{"id":9037,"date":"2025-06-22T15:26:33","date_gmt":"2025-06-22T15:26:33","guid":{"rendered":"https:\/\/ryinz.cz\/velkoobchod\/?post_type=product&#038;p=9037"},"modified":"2026-01-18T20:17:27","modified_gmt":"2026-01-18T20:17:27","slug":"sac-a-dos-tactique-outdoor-ryinz-sac-a-dos-camouflage-logo-personnalise-fabricant-eu-design","status":"publish","type":"product","link":"https:\/\/ryinz.cz\/velkoobchod\/fr\/product\/outdoor-tactical-backpack-wholesale-ryinz-camouflage-backpack-custom-logo-manufacturer-eu-design\/","title":{"rendered":"Sac \u00e0 dos tactique d'ext\u00e9rieur en gros | Ryinz Camouflage Backpack | Logo personnalis\u00e9, Fabricant, EU Design"},"content":{"rendered":"<div class=\"flex-shrink-0 flex flex-col relative items-end\">\n<div class=\"pt-0\">\n<div class=\"gizmo-bot-avatar flex h-8 w-8 items-center justify-center overflow-hidden rounded-full\">\n<div class=\"relative p-1 rounded-sm flex items-center justify-center bg-token-main-surface-primary text-token-text-primary h-8 w-8\">\n<p>Sac \u00e0 dos tactique d'ext\u00e9rieur en gros | Ryinz Camouflage Backpack | Logo personnalis\u00e9, Fabricant, EU Design<\/p>\n<p>Chez Ryinz, nous sommes sp\u00e9cialis\u00e9s dans la mise en relation de fabricants, de marques et d'acheteurs \u00e0 fort potentiel en Europe, aux \u00c9tats-Unis et en Asie.<\/p>\n<p>Nous sommes le moteur invisible du commerce international - nous ouvrons des portes pour que vous puissiez conclure des ventes avec des produits de haute qualit\u00e9 et des cha\u00eenes d'approvisionnement fiables.<\/p>\n<p>Ce sac \u00e0 dos Ryinz Camouflage Outdoor Backpack combine une durabilit\u00e9 robuste, des motifs camouflage \u00e9l\u00e9gants et une fonctionnalit\u00e9 intelligente - ce qui le rend parfait pour les aventures en plein air, la mode de style militaire, le mat\u00e9riel de voyage et les marchandises promotionnelles.<\/p>\n<p>Points forts du produit :<\/p>\n<p>\u2705 Nom du produit : Sac \u00e0 dos tactique camouflage Ryinz<\/p>\n<p>\u2705 Mati\u00e8re : Polyester haute densit\u00e9 r\u00e9sistant \u00e0 l'eau<\/p>\n<p>\u2705 Couleur : Camo noir et marron (couleurs\/motifs personnalis\u00e9s disponibles)<\/p>\n<p>Options de logo : vierge, broderie personnalis\u00e9e, s\u00e9rigraphie, \u00e9cussons<\/p>\n<p>\u2705 Compartiments :<\/p>\n<p>- Grand compartiment de rangement principal<\/p>\n<p>- Poche verticale zipp\u00e9e sur le devant<\/p>\n<p>- Poche \u00e0 rabat sur le dessus pour l'essentiel<\/p>\n<p>- Deux sangles lat\u00e9rales pour le transport de mat\u00e9riel<\/p>\n<p>\u2705 Taille :<\/p>\n<p>Hauteur : 55 cm<\/p>\n<p>Largeur : 35 cm<\/p>\n<p>Profondeur : 20 cm<\/p>\n<p>Capacit\u00e9 : Environ 35-40 litres<\/p>\n<p>Ajustement : sangles r\u00e9sistantes, l\u00e9g\u00e8res et respirantes<\/p>\n<p>Utilisation : randonn\u00e9e, militaire, activit\u00e9s de plein air, voyage, \u00e9quipement de travail<\/p>\n<p>\u2705 MOQ : minima flexibles et bas pour les commandes en gros et les commandes personnalis\u00e9es<\/p>\n<p>Description d\u00e9taill\u00e9e :<\/p>\n<p>Le sac \u00e0 dos tactique camouflage Ryinz est con\u00e7u pour les explorateurs, les travailleurs et les d\u00e9taillants \u00e0 la pointe de la mode qui exigent \u00e0 la fois fonctionnalit\u00e9 et style.<\/p>\n<p>Fabriqu\u00e9 en polyester haute densit\u00e9 r\u00e9sistant \u00e0 l'eau, ce sac \u00e0 dos r\u00e9siste aux conditions ext\u00e9rieures difficiles - pluie, poussi\u00e8re et terrain accident\u00e9.<\/p>\n<p>La conception intelligente \u00e0 plusieurs compartiments assure un rangement maximal et une organisation facile pour tous les \u00e9l\u00e9ments essentiels, y compris les ordinateurs portables, l'\u00e9quipement tactique, les accessoires de voyage, l'\u00e9quipement de sport et les outils de travail.<\/p>\n<p>Des bretelles rembourr\u00e9es r\u00e9glables, une poign\u00e9e renforc\u00e9e et des fermetures \u00e0 glissi\u00e8re durables am\u00e9liorent le confort et la fiabilit\u00e9 de l'utilisateur pour les randonn\u00e9es d'une journ\u00e9e, les escapades d'un week-end, les missions tactiques ou les trajets quotidiens.<\/p>\n<p>Avec son design camouflage noir-brun, le sac \u00e0 dos Ryinz est id\u00e9al pour les march\u00e9s tactiques et lifestyle, offrant un look avant-gardiste aux marques \u00e0 la pointe de la mode.<\/p>\n<p>Gr\u00e2ce aux services de personnalisation des logos, vous pouvez personnaliser ce sac \u00e0 dos pour qu'il corresponde \u00e0 l'identit\u00e9 de votre marque - par le biais de broderies, d'\u00e9cussons ou de couleurs personnalis\u00e9es.<\/p>\n<p>Caract\u00e9ristiques principales pour les acheteurs en gros et les acheteurs de marques priv\u00e9es :<\/p>\n<p>? ??? Design tactique inspir\u00e9 de l'UE : Un style robuste pour l'ext\u00e9rieur avec une coupe et une esth\u00e9tique europ\u00e9ennes.<\/p>\n<p>? ??? Prix direct du fabricant : Les meilleurs prix de gros sans sacrifier la qualit\u00e9.<\/p>\n<p>? ??? Marquage personnalis\u00e9 possible : Id\u00e9al pour les marques de distributeurs, les cadeaux promotionnels ou les marques de magasins.<\/p>\n<p>? ??? Con\u00e7u pour tous les march\u00e9s : Mode, sports de plein air, \u00e9quipement tactique, mat\u00e9riel de voyage, tourisme d'aventure, \u00e9v\u00e9nements et promotions.<\/p>\n<p>? ??? Livraison rapide dans le monde entier : Exp\u00e9dition rationalis\u00e9e \u00e0 travers l'Europe, les \u00c9tats-Unis et l'Asie.<\/p>\n<p>? ??? Durable pour l'ext\u00e9rieur et l'usage quotidien : Construction durable con\u00e7ue pour un usage intensif.<\/p>\n<p>Id\u00e9es d'application :<\/p>\n<p>- Magasins d'approvisionnement tactique<\/p>\n<p>- D\u00e9taillants d'articles de plein air et de randonn\u00e9e<\/p>\n<p>- Marques de commerce \u00e9lectronique (Amazon, eBay, Shopify)<\/p>\n<p>- Entreprises de tourisme d'aventure<\/p>\n<p>- Agences de promotion pour les cadeaux d'entreprise<\/p>\n<p>- V\u00eatements de sport d'ext\u00e9rieur et marques de mode<\/p>\n<p>- Lancement de marques priv\u00e9es pour les lignes de voyage et d'ext\u00e9rieur<\/p>\n<p>Taille et ajustement parfaits D\u00e9tails :<\/p>\n<p>Taille Hauteur (cm) Largeur (cm) Profondeur (cm) Capacit\u00e9 (litres)<\/p>\n<p>Taille unique 55 35 20 35-40 Litres<\/p>\n<p>(Suffisamment spacieux pour accueillir un ordinateur portable de 17\u2033, un sac d'hydratation, du mat\u00e9riel pour le week-end ou des accessoires tactiques).<\/p>\n<p>&nbsp;<\/p>\n<p>Pourquoi choisir Ryinz ?<\/p>\n<p>? ??? Ryinz met en relation les principaux fabricants avec les d\u00e9taillants, les marques et les distributeurs en Europe, aux \u00c9tats-Unis et en Asie.<\/p>\n<p>? ??? Nous offrons des conceptions europ\u00e9ennes de premier plan, des prix directs d'usine, des services de personnalisation et une logistique fiable - pour que votre entreprise se d\u00e9veloppe rapidement et professionnellement.<\/p>\n<p>Des magasins d'\u00e9quipement tactique aux entreprises de tourisme d'aventure en passant par les d\u00e9taillants de mode, nos sacs \u00e0 dos Ryinz sont reconnus dans tous les secteurs pour leur qualit\u00e9, leur style et leur durabilit\u00e9.<\/p>\n<p>Nous ouvrons des portes pour que vous puissiez conclure des ventes.<\/p>\n<p>Contacter Ryinz pour les commandes en gros et les projets personnalis\u00e9s<\/p>\n<p>\u00cates-vous pr\u00eat \u00e0 renforcer votre gamme de produits avec des sacs \u00e0 dos robustes et \u00e9l\u00e9gants qui se vendent d'eux-m\u00eames ?<\/p>\n<p>? ??? Site web : www.ryinz.com<\/p>\n<p>? ??? Courriel : lavie@ryinz.cz<\/p>\n<p>? ??? Phone\/WhatsApp : +420 604 413 141<\/p>\n<p>Ryinz - Votre partenaire d'approvisionnement global pour l'excellence tactique.<\/p>\n<\/div>\n<\/div>\n<\/div>\n<\/div>","protected":false},"excerpt":{"rendered":"<div class=\"flex-shrink-0 flex flex-col relative items-end\">\n<div class=\"pt-0\">\n<div class=\"gizmo-bot-avatar flex h-8 w-8 items-center justify-center overflow-hidden rounded-full\">\n<div class=\"relative p-1 rounded-sm flex items-center justify-center bg-token-main-surface-primary text-token-text-primary h-8 w-8\">\n<p>Caract\u00e9ristiques principales pour les acheteurs en gros et les acheteurs de marques priv\u00e9es :<\/p>\n<p>? ??? Design tactique inspir\u00e9 de l'UE : Un style robuste pour l'ext\u00e9rieur avec une coupe et une esth\u00e9tique europ\u00e9ennes.<\/p>\n<p>? ??? Prix direct du fabricant : Les meilleurs prix de gros sans sacrifier la qualit\u00e9.<\/p>\n<p>? ??? Marquage personnalis\u00e9 possible : Id\u00e9al pour les marques de distributeurs, les cadeaux promotionnels ou les marques de magasins.<\/p>\n<p>? ??? Con\u00e7u pour tous les march\u00e9s : Mode, sports de plein air, \u00e9quipement tactique, mat\u00e9riel de voyage, tourisme d'aventure, \u00e9v\u00e9nements et promotions.<\/p>\n<p>? ??? Livraison rapide dans le monde entier : Exp\u00e9dition rationalis\u00e9e \u00e0 travers l'Europe, les \u00c9tats-Unis et l'Asie.<\/p>\n<p>? ??? Durable pour l'ext\u00e9rieur et l'usage quotidien : Construction durable con\u00e7ue pour un usage intensif.<\/p>\n<\/div>\n<\/div>\n<\/div>\n<\/div>","protected":false},"featured_media":9118,"comment_status":"closed","ping_status":"closed","template":"","meta":[],"product_brand":[35],"product_cat":[233],"product_tag":[242,243,244,235,236,245,246,247,248],"class_list":{"0":"post-9037","1":"product","2":"type-product","3":"status-publish","4":"has-post-thumbnail","6":"product_brand-ryinz","7":"product_cat-bags","8":"product_tag-adventure-backpack","9":"product_tag-cadura-fabric","10":"product_tag-camouflage-backpack","11":"product_tag-custom-logo-backpack","12":"product_tag-durable-backpack","13":"product_tag-military-style-backpack","14":"product_tag-outdoor-backpack","15":"product_tag-travel-bag","16":"product_tag-urban-camo-bag","18":"first","19":"instock","20":"taxable","21":"shipping-taxable","22":"purchasable","23":"product-type-simple"},"_links":{"self":[{"href":"https:\/\/ryinz.cz\/velkoobchod\/fr\/wp-json\/wp\/v2\/product\/9037","targetHints":{"allow":["GET"]}}],"collection":[{"href":"https:\/\/ryinz.cz\/velkoobchod\/fr\/wp-json\/wp\/v2\/product"}],"about":[{"href":"https:\/\/ryinz.cz\/velkoobchod\/fr\/wp-json\/wp\/v2\/types\/product"}],"replies":[{"embeddable":true,"href":"https:\/\/ryinz.cz\/velkoobchod\/fr\/wp-json\/wp\/v2\/comments?post=9037"}],"wp:featuredmedia":[{"embeddable":true,"href":"https:\/\/ryinz.cz\/velkoobchod\/fr\/wp-json\/wp\/v2\/media\/9118"}],"wp:attachment":[{"href":"https:\/\/ryinz.cz\/velkoobchod\/fr\/wp-json\/wp\/v2\/media?parent=9037"}],"wp:term":[{"taxonomy":"product_brand","embeddable":true,"href":"https:\/\/ryinz.cz\/velkoobchod\/fr\/wp-json\/wp\/v2\/product_brand?post=9037"},{"taxonomy":"product_cat","embeddable":true,"href":"https:\/\/ryinz.cz\/velkoobchod\/fr\/wp-json\/wp\/v2\/product_cat?post=9037"},{"taxonomy":"product_tag","embeddable":true,"href":"https:\/\/ryinz.cz\/velkoobchod\/fr\/wp-json\/wp\/v2\/product_tag?post=9037"}],"curies":[{"name":"wp","href":"https:\/\/api.w.org\/{rel}","templated":true}]}}