{"id":9036,"date":"2025-06-22T15:26:33","date_gmt":"2025-06-22T15:26:33","guid":{"rendered":"https:\/\/ryinz.cz\/velkoobchod\/?post_type=product&#038;p=9036"},"modified":"2026-01-18T20:17:26","modified_gmt":"2026-01-18T20:17:26","slug":"sac-a-dos-haut-de-gamme-en-gros-sacs-avec-logo-personnalise-ryinz-eu-design-fabricant-vente-au-detail-fournisseur-en-gros","status":"publish","type":"product","link":"https:\/\/ryinz.cz\/velkoobchod\/fr\/product\/premium-backpack-wholesale-custom-logo-bags-ryinz-eu-design-manufacturer-retail-bulk-supplier\/","title":{"rendered":"Premium Backpack Wholesale | Custom Logo Bags | Ryinz EU Design | Fabricant, D\u00e9taillant, Fournisseur en gros"},"content":{"rendered":"<div class=\"flex-shrink-0 flex flex-col relative items-end\">\n<div class=\"pt-0\">\n<div class=\"gizmo-bot-avatar flex h-8 w-8 items-center justify-center overflow-hidden rounded-full\">\n<div class=\"relative p-1 rounded-sm flex items-center justify-center bg-token-main-surface-primary text-token-text-primary h-8 w-8\">\n<p><strong>Premium Backpack Wholesale | Custom Logo Bags | Ryinz EU Design | Fabricant, D\u00e9taillant, Fournisseur en gros<\/strong><\/p>\n<p><strong>Chez Ryinz, nous mettons en relation des fabricants, des marques et des acheteurs \u00e0 fort potentiel \u00e0 travers l'Europe, les \u00c9tats-Unis et l'Asie, jouant ainsi le r\u00f4le de moteur invisible du commerce international. Notre mission est simple : nous ouvrons des portes pour que vous puissiez conclure des ventes.<\/strong><\/p>\n<p><strong>Ce sac \u00e0 dos Ryinz Premium est une vitrine de notre engagement en faveur d'une qualit\u00e9 de conception europ\u00e9enne, de prix de gros abordables et d'options de marquage de logos personnalis\u00e9s. C'est un choix parfait pour les entreprises, les d\u00e9taillants, les distributeurs, les acheteurs d'entreprise, les \u00e9coles et les planificateurs de campagnes promotionnelles.<\/strong><\/p>\n<p><strong>Points forts du produit :<\/strong><\/p>\n<p><strong>\u2705 Nom du produit : Sac \u00e0 dos multifonctionnel Ryinz Premium<\/strong><\/p>\n<p><strong>\u2705 Mat\u00e9riau : Tissu polyester de haute qualit\u00e9 r\u00e9sistant \u00e0 l'eau<\/strong><\/p>\n<p><strong>Couleur : bleu marine avec accents blancs et rouges (personnalisable)<\/strong><\/p>\n<p><strong>Options de logo : Vierge ou personnalis\u00e9 (broderie, s\u00e9rigraphie, patchs)<\/strong><\/p>\n<p><strong>\u2705 Compartiments :<\/strong><\/p>\n<p><strong>- Compartiment principal spacieux<\/strong><\/p>\n<p><strong>- Poche verticale zipp\u00e9e sur le devant<\/strong><\/p>\n<p><strong>- Deux poches lat\u00e9rales pour les bouteilles d'eau et les accessoires<\/strong><\/p>\n<p><strong>- Plusieurs poches d'organisation int\u00e9rieures<\/strong><\/p>\n<p><strong>\u2705 Taille :<\/strong><\/p>\n<p><strong>Hauteur : 48 cm<\/strong><\/p>\n<p><strong>Largeur : 33 cm<\/strong><\/p>\n<p><strong>Profondeur : 18 cm<\/strong><\/p>\n<p><strong>Capacit\u00e9 : Environ 28-30 litres<\/strong><\/p>\n<p><strong>\u2705 Ajustement : Ergonomique, l\u00e9ger, durable<\/strong><\/p>\n<p><strong>Utilisation : affaires, \u00e9cole, ext\u00e9rieur, voyage, travail, cadeaux promotionnels<\/strong><\/p>\n<p><strong>\u2705 MOQ : Faibles minima pour les commandes en gros<\/strong><\/p>\n<p><strong>Description d\u00e9taill\u00e9e :<\/strong><\/p>\n<p><strong>Am\u00e9liorez votre collection avec le sac \u00e0 dos multifonctionnel Ryinz Premium - un m\u00e9lange de durabilit\u00e9, de style et de fonctionnalit\u00e9 con\u00e7u pour les besoins modernes. Parfait pour les \u00e9quipes d'entreprise, les groupes scolaires, les d\u00e9taillants et les cadeaux promotionnels, ce sac est synonyme de professionnalisme et de praticit\u00e9 \u00e0 tous les niveaux.<\/strong><\/p>\n<p><strong>Fabriqu\u00e9 en polyester hydrofuge de haute qualit\u00e9, ce sac \u00e0 dos garantit une performance durable dans toutes les conditions m\u00e9t\u00e9orologiques. Le compartiment principal spacieux peut facilement accueillir un ordinateur portable, des livres, des documents ou du mat\u00e9riel de sport. De multiples poches d'organisation permettent de ranger les objets essentiels et de les rendre accessibles. Les bretelles rembourr\u00e9es et la poign\u00e9e renforc\u00e9e garantissent un maximum de confort et de r\u00e9sistance pendant les longs voyages ou les d\u00e9placements quotidiens.<\/strong><\/p>\n<p><strong>Avec son design saisissant d'inspiration europ\u00e9enne, ce sac \u00e0 dos fait tourner les t\u00eates - \u00e9l\u00e9gant, moderne et parfait pour la personnalisation. La marque RYINZ peut \u00eatre remplac\u00e9e par votre logo, ce qui permet aux marques de briller avec des marchandises ou des uniformes personnalis\u00e9s.<\/strong><\/p>\n<p><strong>Que vous ayez besoin de sacs \u00e0 dos pour la vente en gros, la fabrication de marques priv\u00e9es ou les cadeaux d'entreprise, Ryinz rend l'approvisionnement mondial simple, professionnel et fiable.<\/strong><\/p>\n<p><strong>Caract\u00e9ristiques principales pour les acheteurs en gros et les d\u00e9taillants :<\/strong><\/p>\n<p><strong>? ??? Con\u00e7u en Europe : Un design moderne et minimaliste align\u00e9 sur les go\u00fbts et les tendances europ\u00e9ens.<\/strong><\/p>\n<p><strong>? ??? Fabricant direct de produits en gros : Des prix comp\u00e9titifs sans compromis sur la qualit\u00e9.<\/strong><\/p>\n<p><strong>? ??? Private Label Ready : Nous sommes sp\u00e9cialis\u00e9s dans l'impression de logos personnalis\u00e9s, la broderie et les services d'emballage.<\/strong><\/p>\n<p><strong>? ??? Parfait pour les commandes en masse : Id\u00e9al pour les d\u00e9taillants, les \u00e9coles, les entreprises, les universit\u00e9s, les agences de voyage et les programmes de cadeaux promotionnels.<\/strong><\/p>\n<p><strong>? ??? Options B2B flexibles : Choisissez des emballages en vrac, des versions marqu\u00e9es ou cr\u00e9ez des lignes de sacs enti\u00e8rement personnalis\u00e9es avec votre marque.<\/strong><\/p>\n<p><strong>? ??? Des d\u00e9lais d'ex\u00e9cution rapides : Nous proposons des processus de production et d'exp\u00e9dition rationalis\u00e9s vers l'Europe, les \u00c9tats-Unis et l'Asie.<\/strong><\/p>\n<p><strong>? ??? Engagement en mati\u00e8re de d\u00e9veloppement durable : Des options de mat\u00e9riaux respectueux de l'environnement sont disponibles pour les commandes priv\u00e9es.<\/strong><\/p>\n<p><strong>Id\u00e9es d'application :<\/strong><\/p>\n<p><strong>- Magasins de d\u00e9tail (v\u00eatements de sport, \u00e9quipement de voyage, mode d\u00e9contract\u00e9e)<\/strong><\/p>\n<p><strong>- Agences de cadeaux promotionnels<\/strong><\/p>\n<p><strong>- Programmes de sacs \u00e0 dos pour les \u00e9coles et les coll\u00e8ges<\/strong><\/p>\n<p><strong>- Cadeaux d'entreprise et articles de marque<\/strong><\/p>\n<p><strong>- Distributeurs d'\u00e9quipements de voyage et de plein air<\/strong><\/p>\n<p><strong>- Vendeurs de commerce \u00e9lectronique en ligne (Amazon, eBay, Shopify, etc.)<\/strong><\/p>\n<p><strong>- Des startups lancent leurs propres marques de sacs<\/strong><\/p>\n<p><strong>Taille et ajustement parfaits D\u00e9tails :<\/strong><\/p>\n<p><strong>Taille Hauteur (cm) Largeur (cm) Profondeur (cm) Capacit\u00e9 (litres)<\/strong><\/p>\n<p><strong>Taille unique 48 33 18 28-30 Litres<\/strong><\/p>\n<p><strong>(Le design permet d'accueillir confortablement des ordinateurs portables de 15,6 pouces, des documents A4, des bouteilles d'eau, des gadgets technologiques et des accessoires de tous les jours).<\/strong><\/p>\n<p><strong>Nous pouvons adapter la taille en fonction de la demande du march\u00e9 - contactez-nous pour des options sur mesure !<\/strong><\/p>\n<p><strong>Pourquoi choisir Ryinz ?<\/strong><\/p>\n<p><strong>? ??? Ryinz est votre partenaire europ\u00e9en fiable en mati\u00e8re d'approvisionnement, offrant des solutions de vente en gros, de vente au d\u00e9tail et de fabrication adapt\u00e9es \u00e0 votre march\u00e9.<\/strong><\/p>\n<p><strong>? ??? Nous travaillons avec des usines de confiance, ce qui garantit que chaque produit Ryinz r\u00e9pond aux normes de qualit\u00e9 europ\u00e9ennes \u00e9lev\u00e9es.<\/strong><\/p>\n<p><strong>? ??? Nous aidons les marques \u00e0 se lancer plus rapidement, \u00e0 proposer les derni\u00e8res cr\u00e9ations et \u00e0 maximiser leurs marges b\u00e9n\u00e9ficiaires gr\u00e2ce \u00e0 des produits de qualit\u00e9 sup\u00e9rieure mais abordables.<\/strong><\/p>\n<p><strong>Nous agissons comme le moteur invisible de votre succ\u00e8s, en veillant \u00e0 ce que vous disposiez des produits, de la marque et de la cha\u00eene d'approvisionnement appropri\u00e9s pour d\u00e9velopper votre activit\u00e9 en Europe, aux \u00c9tats-Unis et en Asie.<\/strong><\/p>\n<p><strong>Contacter Ryinz pour la vente en gros et le marquage personnalis\u00e9<\/strong><\/p>\n<p><strong>Si vous \u00eates pr\u00eat \u00e0 d\u00e9velopper votre entreprise avec des sacs \u00e0 dos de haute qualit\u00e9 et un service imbattable, contactez Ryinz d\u00e8s aujourd'hui :<\/strong><\/p>\n<p><strong>? ??? Site web : www.ryinz.com<\/strong><\/p>\n<p><strong>? ??? Courriel : lavie@ryinz.cz<\/strong><\/p>\n<p><strong>? ??? Phone\/WhatsApp : +420 604 413 141<\/strong><\/p>\n<p><strong>Ryinz - Renforcer le commerce mondial, un sac \u00e0 dos \u00e0 la fois.<\/strong><\/p>\n<\/div>\n<\/div>\n<\/div>\n<\/div>","protected":false},"excerpt":{"rendered":"<div class=\"flex-shrink-0 flex flex-col relative items-end\">\n<div class=\"pt-0\">\n<div class=\"gizmo-bot-avatar flex h-8 w-8 items-center justify-center overflow-hidden rounded-full\">\n<div class=\"relative p-1 rounded-sm flex items-center justify-center bg-token-main-surface-primary text-token-text-primary h-8 w-8\">\n<p>Caract\u00e9ristiques principales pour les acheteurs en gros et les d\u00e9taillants :<\/p>\n<p>? ??? Con\u00e7u en Europe : Un design moderne et minimaliste align\u00e9 sur les go\u00fbts et les tendances europ\u00e9ens.<\/p>\n<p>? ??? Fabricant direct de produits en gros : Des prix comp\u00e9titifs sans compromis sur la qualit\u00e9.<\/p>\n<p>? ??? Private Label Ready : Nous sommes sp\u00e9cialis\u00e9s dans l'impression de logos personnalis\u00e9s, la broderie et les services d'emballage.<\/p>\n<p>? ??? Parfait pour les commandes en masse : Id\u00e9al pour les d\u00e9taillants, les \u00e9coles, les entreprises, les universit\u00e9s, les agences de voyage et les programmes de cadeaux promotionnels.<\/p>\n<p>? ??? Options B2B flexibles : Choisissez des emballages en vrac, des versions marqu\u00e9es ou cr\u00e9ez des lignes de sacs enti\u00e8rement personnalis\u00e9es avec votre marque.<\/p>\n<p>? ??? Des d\u00e9lais d'ex\u00e9cution rapides : Nous proposons des processus de production et d'exp\u00e9dition rationalis\u00e9s vers l'Europe, les \u00c9tats-Unis et l'Asie.<\/p>\n<p>? ??? Engagement en mati\u00e8re de d\u00e9veloppement durable : Des options de mat\u00e9riaux respectueux de l'environnement sont disponibles pour les commandes priv\u00e9es.<\/p>\n<p>Id\u00e9es d'application :<\/p>\n<p>- Magasins de d\u00e9tail (v\u00eatements de sport, \u00e9quipement de voyage, mode d\u00e9contract\u00e9e)<\/p>\n<p>- Agences de cadeaux promotionnels<\/p>\n<p>- Programmes de sacs \u00e0 dos pour les \u00e9coles et les coll\u00e8ges<\/p>\n<p>- Cadeaux d'entreprise et articles de marque<\/p>\n<p>- Distributeurs d'\u00e9quipements de voyage et de plein air<\/p>\n<p>- Vendeurs de commerce \u00e9lectronique en ligne (Amazon, eBay, Shopify, etc.)<\/p>\n<p>- Des startups lancent leurs propres marques de sacs<\/p>\n<\/div>\n<\/div>\n<\/div>\n<\/div>","protected":false},"featured_media":9104,"comment_status":"closed","ping_status":"closed","template":"","meta":[],"product_brand":[35],"product_cat":[233],"product_tag":[232,234,235,236,237,238,239,240,241],"class_list":{"0":"post-9036","1":"product","2":"type-product","3":"status-publish","4":"has-post-thumbnail","6":"product_brand-ryinz","7":"product_cat-bags","8":"product_tag-backpack","9":"product_tag-cadura-backpack","10":"product_tag-custom-logo-backpack","11":"product_tag-durable-backpack","12":"product_tag-ergonomic-backpack","13":"product_tag-laptop-backpack","14":"product_tag-multi-compartment-bag","15":"product_tag-school-bag","16":"product_tag-travel-backpack","18":"first","19":"instock","20":"taxable","21":"shipping-taxable","22":"purchasable","23":"product-type-simple"},"_links":{"self":[{"href":"https:\/\/ryinz.cz\/velkoobchod\/fr\/wp-json\/wp\/v2\/product\/9036","targetHints":{"allow":["GET"]}}],"collection":[{"href":"https:\/\/ryinz.cz\/velkoobchod\/fr\/wp-json\/wp\/v2\/product"}],"about":[{"href":"https:\/\/ryinz.cz\/velkoobchod\/fr\/wp-json\/wp\/v2\/types\/product"}],"replies":[{"embeddable":true,"href":"https:\/\/ryinz.cz\/velkoobchod\/fr\/wp-json\/wp\/v2\/comments?post=9036"}],"wp:featuredmedia":[{"embeddable":true,"href":"https:\/\/ryinz.cz\/velkoobchod\/fr\/wp-json\/wp\/v2\/media\/9104"}],"wp:attachment":[{"href":"https:\/\/ryinz.cz\/velkoobchod\/fr\/wp-json\/wp\/v2\/media?parent=9036"}],"wp:term":[{"taxonomy":"product_brand","embeddable":true,"href":"https:\/\/ryinz.cz\/velkoobchod\/fr\/wp-json\/wp\/v2\/product_brand?post=9036"},{"taxonomy":"product_cat","embeddable":true,"href":"https:\/\/ryinz.cz\/velkoobchod\/fr\/wp-json\/wp\/v2\/product_cat?post=9036"},{"taxonomy":"product_tag","embeddable":true,"href":"https:\/\/ryinz.cz\/velkoobchod\/fr\/wp-json\/wp\/v2\/product_tag?post=9036"}],"curies":[{"name":"wp","href":"https:\/\/api.w.org\/{rel}","templated":true}]}}