{"id":9032,"date":"2025-06-22T15:26:32","date_gmt":"2025-06-22T15:26:32","guid":{"rendered":"https:\/\/ryinz.cz\/velkoobchod\/?post_type=product&#038;p=9032"},"modified":"2026-01-18T20:17:24","modified_gmt":"2026-01-18T20:17:24","slug":"ryinz-high-visibility-work-jacket-reflective-safety-outerwear-with-zip-pockets-for-construction-industrial-use","status":"publish","type":"product","link":"https:\/\/ryinz.cz\/velkoobchod\/fr\/product\/ryinz-high-visibility-work-jacket-reflective-safety-outerwear-with-zip-pockets-for-construction-industrial-use\/","title":{"rendered":"RYINZ High-Visibility Work Jacket - V\u00eatements d'ext\u00e9rieur de s\u00e9curit\u00e9 r\u00e9fl\u00e9chissants avec poches zipp\u00e9es pour la construction et l'industrie"},"content":{"rendered":"<div class=\"flex-shrink-0 flex flex-col relative items-end\">\n<div class=\"pt-0\">\n<div class=\"gizmo-bot-avatar flex h-8 w-8 items-center justify-center overflow-hidden rounded-full\">\n<div class=\"relative p-1 rounded-sm flex items-center justify-center bg-token-main-surface-primary text-token-text-primary h-8 w-8\">\n<p class=\"\" data-start=\"1890\" data-end=\"2322\"><strong data-start=\"1890\" data-end=\"1954\">Pr\u00e9sentation de la veste de travail r\u00e9fl\u00e9chissante \u00e0 haute visibilit\u00e9 RYINZ<\/strong>-Une affirmation forte dans les v\u00eatements de travail de protection con\u00e7us pour garantir que votre s\u00e9curit\u00e9 ne passe jamais inaper\u00e7ue. Dans le monde des professions dangereuses et \u00e0 haut risque, \u00eatre visible n'est pas une option, c'est une exigence. RYINZ r\u00e9pond \u00e0 cette exigence avec un design de pointe qui allie s\u00e9curit\u00e9, confort et fiabilit\u00e9 dans une veste fonctionnelle con\u00e7ue pour les environnements de travail exigeants.<\/p>\n<p class=\"\" data-start=\"2324\" data-end=\"2837\"><strong data-start=\"2324\" data-end=\"2372\">Visibilit\u00e9 maximale - Une s\u00e9curit\u00e9 qui parle fort<\/strong><br data-start=\"2372\" data-end=\"2375\" \/>La caract\u00e9ristique principale de cette veste est son <strong data-start=\"2418\" data-end=\"2465\">bande jaune fluorescente \u00e0 haute visibilit\u00e9<\/strong>, Le tissu softshell noir est compl\u00e9t\u00e9 par une doublure en cuir, strat\u00e9giquement plac\u00e9e sur le corps et les bras pour cr\u00e9er un contraste maximal avec le tissu softshell noir. Compl\u00e9t\u00e9 par <strong data-start=\"2592\" data-end=\"2622\">bandes larges r\u00e9fl\u00e9chissantes<\/strong> Cette veste vous permet d'\u00eatre bien vu par vos coll\u00e8gues, les pi\u00e9tons et les automobilistes de toutes les directions, ce qui est essentiel pour les \u00e9quipes de nuit, les conditions de faible luminosit\u00e9 ou le mauvais temps.<\/p>\n<p class=\"\" data-start=\"2839\" data-end=\"3178\">Que vous travailliez sous des phares, des feux de chantier ou un \u00e9clairage urbain ambiant, les accents r\u00e9fl\u00e9chissants intensifient la visibilit\u00e9 pour une meilleure prise de conscience et une r\u00e9duction des accidents. Cette conception ax\u00e9e sur la s\u00e9curit\u00e9 est conforme aux normes g\u00e9n\u00e9rales de visibilit\u00e9 utilis\u00e9es dans les secteurs de la construction, de la logistique, de la maintenance industrielle et des interventions d'urgence.<\/p>\n<p class=\"\" data-start=\"3180\" data-end=\"3603\"><strong data-start=\"3180\" data-end=\"3233\">Construction Softshell durable - Con\u00e7ue pour \u00eatre performante<\/strong><br data-start=\"3233\" data-end=\"3236\" \/>Fabriqu\u00e9 \u00e0 partir de mat\u00e9riaux r\u00e9sistants \u00e0 l'abrasion <strong data-start=\"3268\" data-end=\"3288\">tissu softshell<\/strong>, La veste de s\u00e9curit\u00e9 RYINZ est id\u00e9ale pour les t\u00e2ches physiques. Elle r\u00e9siste \u00e0 la poussi\u00e8re, \u00e0 la graisse, \u00e0 la pluie l\u00e9g\u00e8re et \u00e0 l'usure quotidienne, tout en restant suffisamment respirante pour les postes int\u00e9rieurs\/ext\u00e9rieurs. La veste est coup\u00e9e pour s'adapter au corps sans restreindre les mouvements, ce qui en fait le compagnon id\u00e9al pour se pencher, soulever des charges ou manipuler des \u00e9quipements.<\/p>\n<ul data-start=\"3605\" data-end=\"4004\">\n<li class=\"\" data-start=\"3605\" data-end=\"3697\">\n<p class=\"\" data-start=\"3607\" data-end=\"3697\"><strong data-start=\"3607\" data-end=\"3623\">Col haut :<\/strong> Offre une protection contre le vent et ajoute \u00e0 l'aspect professionnel de l'utilitaire.<\/p>\n<\/li>\n<li class=\"\" data-start=\"3698\" data-end=\"3780\">\n<p class=\"\" data-start=\"3700\" data-end=\"3780\"><strong data-start=\"3700\" data-end=\"3723\">Fermeture \u00e9clair sur toute la longueur :<\/strong> Facile \u00e0 ouvrir et \u00e0 fermer avec des gants ; maintient la chaleur.<\/p>\n<\/li>\n<li class=\"\" data-start=\"3781\" data-end=\"3847\">\n<p class=\"\" data-start=\"3783\" data-end=\"3847\"><strong data-start=\"3783\" data-end=\"3801\">Poignets \u00e9lastiques :<\/strong> Les manches restent en place et ne s'accrochent pas.<\/p>\n<\/li>\n<li class=\"\" data-start=\"3848\" data-end=\"3933\">\n<p class=\"\" data-start=\"3850\" data-end=\"3933\"><strong data-start=\"3850\" data-end=\"3871\">Sensation de l\u00e9g\u00e8ret\u00e9 :<\/strong> Equilibre parfait entre isolation et circulation de l'air pour une utilisation tout au long de la journ\u00e9e.<\/p>\n<\/li>\n<li class=\"\" data-start=\"3934\" data-end=\"4004\">\n<p class=\"\" data-start=\"3936\" data-end=\"4004\"><strong data-start=\"3936\" data-end=\"3958\">Coutures durables :<\/strong> Les coutures renforc\u00e9es r\u00e9sistent aux conditions difficiles.<\/p>\n<\/li>\n<\/ul>\n<p class=\"\" data-start=\"4006\" data-end=\"4122\"><strong data-start=\"4006\" data-end=\"4050\">Rangement intelligent - Chaque chose \u00e0 sa place<\/strong><br data-start=\"4050\" data-end=\"4053\" \/>Cette veste est plus que r\u00e9fl\u00e9chissante, elle est pratique. Caract\u00e9ristiques :<\/p>\n<ul data-start=\"4123\" data-end=\"4445\">\n<li class=\"\" data-start=\"4123\" data-end=\"4194\">\n<p class=\"\" data-start=\"4125\" data-end=\"4194\"><strong data-start=\"4125\" data-end=\"4147\">1 poche poitrine zipp\u00e9e<\/strong> - Id\u00e9al pour les outils, les stylos, les cartes d'identit\u00e9 ou les radios<\/p>\n<\/li>\n<li class=\"\" data-start=\"4195\" data-end=\"4264\">\n<p class=\"\" data-start=\"4197\" data-end=\"4264\"><strong data-start=\"4197\" data-end=\"4221\">2 grandes poches lat\u00e9rales<\/strong> - Ranger les gants, les cahiers ou les outils \u00e0 main<\/p>\n<\/li>\n<li class=\"\" data-start=\"4265\" data-end=\"4445\">\n<p class=\"\" data-start=\"4267\" data-end=\"4445\"><strong data-start=\"4267\" data-end=\"4286\">Fermetures \u00e0 glissi\u00e8re s\u00e9curis\u00e9es :<\/strong> Mettez vos objets sous cl\u00e9 pendant les p\u00e9riodes d'activit\u00e9<br data-start=\"4326\" data-end=\"4329\" \/>Toutes les poches sont plac\u00e9es de mani\u00e8re \u00e0 faciliter l'acc\u00e8s sur les chantiers \u00e0 forte fr\u00e9quentation, m\u00eame avec des harnais ou des ceintures de s\u00e9curit\u00e9.<\/p>\n<\/li>\n<\/ul>\n<p class=\"\" data-start=\"4447\" data-end=\"4787\"><strong data-start=\"4447\" data-end=\"4475\">Le confort au service de la protection<\/strong><br data-start=\"4475\" data-end=\"4478\" \/>RYINZ comprend que les longues heures pass\u00e9es sur le terrain n\u00e9cessitent des v\u00eatements qui travaillent avec vous, et non contre vous. La doublure int\u00e9rieure respirante emp\u00eache la surchauffe, tandis que la coque ext\u00e9rieure coupe-vent prot\u00e8ge des courants d'air froids. Suffisamment souple pour pouvoir soulever des charges ou s'accroupir, cette veste vous soutient dans toutes vos t\u00e2ches.<\/p>\n<p class=\"\" data-start=\"4789\" data-end=\"4814\"><strong data-start=\"4789\" data-end=\"4812\">Applications id\u00e9ales :<\/strong><\/p>\n<ul data-start=\"4815\" data-end=\"5018\">\n<li class=\"\" data-start=\"4815\" data-end=\"4843\">\n<p class=\"\" data-start=\"4817\" data-end=\"4843\">Construction et travaux routiers<\/p>\n<\/li>\n<li class=\"\" data-start=\"4844\" data-end=\"4884\">\n<p class=\"\" data-start=\"4846\" data-end=\"4884\">Service sur le terrain pour l'\u00e9lectricit\u00e9 et les services publics<\/p>\n<\/li>\n<li class=\"\" data-start=\"4885\" data-end=\"4921\">\n<p class=\"\" data-start=\"4887\" data-end=\"4921\">Op\u00e9rateurs d'entrep\u00f4ts et de chariots \u00e9l\u00e9vateurs<\/p>\n<\/li>\n<li class=\"\" data-start=\"4922\" data-end=\"4953\">\n<p class=\"\" data-start=\"4924\" data-end=\"4953\">G\u00e9om\u00e8tres et chefs de chantier<\/p>\n<\/li>\n<li class=\"\" data-start=\"4954\" data-end=\"4981\">\n<p class=\"\" data-start=\"4956\" data-end=\"4981\">Personnel charg\u00e9 du stationnement et de la circulation<\/p>\n<\/li>\n<li class=\"\" data-start=\"4982\" data-end=\"5018\">\n<p class=\"\" data-start=\"4984\" data-end=\"5018\">\u00c9quipes d'intervention en cas d'urgence ou d'\u00e9v\u00e9nement<\/p>\n<\/li>\n<\/ul>\n<p class=\"\" data-start=\"5020\" data-end=\"5378\"><strong data-start=\"5020\" data-end=\"5058\">Un look professionnel, con\u00e7u pour les \u00e9quipes<\/strong><br data-start=\"5058\" data-end=\"5061\" \/>La base noire \u00e9l\u00e9gante contrast\u00e9e par des d\u00e9tails fluorescents et r\u00e9fl\u00e9chissants conf\u00e8re \u00e0 cette veste une allure de star. <strong data-start=\"5153\" data-end=\"5186\">apparence de qualit\u00e9 professionnelle<\/strong> qui correspond \u00e0 l'image de marque de l'entreprise, \u00e0 l'identification de l'\u00e9quipe et aux normes d'uniformes. C'est une excellente option pour les v\u00eatements d'\u00e9quipe sur les chantiers, en particulier lorsqu'il est associ\u00e9 \u00e0 un pantalon haute visibilit\u00e9 ou \u00e0 un gilet de s\u00e9curit\u00e9 assorti.<\/p>\n<p class=\"\" data-start=\"5380\" data-end=\"5414\"><strong data-start=\"5380\" data-end=\"5412\">Instructions de lavage et d'entretien :<\/strong><\/p>\n<ul data-start=\"5415\" data-end=\"5584\">\n<li class=\"\" data-start=\"5415\" data-end=\"5450\">\n<p class=\"\" data-start=\"5417\" data-end=\"5450\">Lavage en machine \u00e0 froid, cycle d\u00e9licat<\/p>\n<\/li>\n<li class=\"\" data-start=\"5451\" data-end=\"5482\">\n<p class=\"\" data-start=\"5453\" data-end=\"5482\">S\u00e9cher \u00e0 l'air libre pour une utilisation prolong\u00e9e<\/p>\n<\/li>\n<li class=\"\" data-start=\"5483\" data-end=\"5500\">\n<p class=\"\" data-start=\"5485\" data-end=\"5500\">Ne pas blanchir<\/p>\n<\/li>\n<li class=\"\" data-start=\"5501\" data-end=\"5558\">\n<p class=\"\" data-start=\"5503\" data-end=\"5558\">\u00c9viter le s\u00e9chage \u00e0 haute temp\u00e9rature pour prot\u00e9ger le mat\u00e9riau r\u00e9fl\u00e9chissant<\/p>\n<\/li>\n<li class=\"\" data-start=\"5559\" data-end=\"5584\">\n<p class=\"\" data-start=\"5561\" data-end=\"5584\">Repassage d\u00e9conseill\u00e9<\/p>\n<\/li>\n<\/ul>\n<\/div>\n<\/div>\n<\/div>\n<\/div>","protected":false},"excerpt":{"rendered":"<div class=\"flex-shrink-0 flex flex-col relative items-end\">\n<div class=\"pt-0\">\n<div class=\"gizmo-bot-avatar flex h-8 w-8 items-center justify-center overflow-hidden rounded-full\">\n<div class=\"relative p-1 rounded-sm flex items-center justify-center bg-token-main-surface-primary text-token-text-primary h-8 w-8\">\n<p class=\"\" data-start=\"384\" data-end=\"772\">Restez en s\u00e9curit\u00e9, visible et enti\u00e8rement \u00e9quip\u00e9 dans les environnements de travail dangereux avec le <strong data-start=\"460\" data-end=\"497\">Veste de travail haute visibilit\u00e9 RYINZ<\/strong>, Cette veste de s\u00e9curit\u00e9 est sp\u00e9cialement con\u00e7ue pour les professionnels qui exigent \u00e0 la fois visibilit\u00e9 et performance. Con\u00e7ue pour les ouvriers du b\u00e2timent, les \u00e9quipes des services publics, les \u00e9quipes de voirie, les manutentionnaires et le personnel industriel, cette veste de s\u00e9curit\u00e9 allie protection, praticit\u00e9 et confort en une seule pi\u00e8ce remarquable.<\/p>\n<p class=\"\" data-start=\"774\" data-end=\"1188\">Les rayures jaunes fluorescentes vibrantes sur une base noire profonde, combin\u00e9es \u00e0 de larges bandes de couleur jaune fluorescente, permettent d'obtenir des images de qualit\u00e9 et d'une grande nettet\u00e9. <strong data-start=\"865\" data-end=\"890\">Bandes r\u00e9fl\u00e9chissantes \u00e0 360<\/strong> sur la poitrine, le dos et les bras, cette veste vous permet d'\u00eatre clairement visible sous tous les angles, que ce soit dans des entrep\u00f4ts peu \u00e9clair\u00e9s, sur des routes brumeuses ou sur des chantiers nocturnes. La conception \u00e0 fort contraste maximise le rebond de la lumi\u00e8re des phares et des projecteurs, ce qui r\u00e9duit consid\u00e9rablement le risque d'accidents sur le site.<\/p>\n<p class=\"\" data-start=\"1190\" data-end=\"1550\">La fermeture \u00e0 glissi\u00e8re int\u00e9grale sur le devant facilite l'acc\u00e8s, tandis que le col montant prot\u00e8ge votre cou du vent et de la poussi\u00e8re. Une poche zipp\u00e9e sur la poitrine et deux poches lat\u00e9rales permettent de ranger en toute s\u00e9curit\u00e9 les objets essentiels tels que stylos, blocs-notes, cartes d'identit\u00e9, gants ou appareils mobiles. Les poignets \u00e9lastiques et la coupe ajust\u00e9e \u00e9vitent l'encombrement tout en garantissant une libert\u00e9 de mouvement sur le lieu de travail.<\/p>\n<p class=\"\" data-start=\"1552\" data-end=\"1833\">Fabriqu\u00e9e avec un tissu softshell durable et respirant, cette veste vous garde au chaud sans vous faire surchauffer pendant le travail actif. Que vous g\u00e9riez le contr\u00f4le de la circulation, souleviez des mat\u00e9riaux ou inspectiez des infrastructures, RYINZ offre une visibilit\u00e9 exceptionnelle sans compromettre l'utilit\u00e9 ou le confort.<\/p>\n<\/div>\n<\/div>\n<\/div>\n<\/div>","protected":false},"featured_media":9088,"comment_status":"closed","ping_status":"closed","template":"","meta":[],"product_brand":[35],"product_cat":[202],"product_tag":[215,216],"class_list":{"0":"post-9032","1":"product","2":"type-product","3":"status-publish","4":"has-post-thumbnail","6":"product_brand-ryinz","7":"product_cat-apparels","8":"product_tag-hi-visibility-jacket","9":"product_tag-reflective-jacket","11":"first","12":"instock","13":"taxable","14":"shipping-taxable","15":"purchasable","16":"product-type-simple"},"_links":{"self":[{"href":"https:\/\/ryinz.cz\/velkoobchod\/fr\/wp-json\/wp\/v2\/product\/9032","targetHints":{"allow":["GET"]}}],"collection":[{"href":"https:\/\/ryinz.cz\/velkoobchod\/fr\/wp-json\/wp\/v2\/product"}],"about":[{"href":"https:\/\/ryinz.cz\/velkoobchod\/fr\/wp-json\/wp\/v2\/types\/product"}],"replies":[{"embeddable":true,"href":"https:\/\/ryinz.cz\/velkoobchod\/fr\/wp-json\/wp\/v2\/comments?post=9032"}],"wp:featuredmedia":[{"embeddable":true,"href":"https:\/\/ryinz.cz\/velkoobchod\/fr\/wp-json\/wp\/v2\/media\/9088"}],"wp:attachment":[{"href":"https:\/\/ryinz.cz\/velkoobchod\/fr\/wp-json\/wp\/v2\/media?parent=9032"}],"wp:term":[{"taxonomy":"product_brand","embeddable":true,"href":"https:\/\/ryinz.cz\/velkoobchod\/fr\/wp-json\/wp\/v2\/product_brand?post=9032"},{"taxonomy":"product_cat","embeddable":true,"href":"https:\/\/ryinz.cz\/velkoobchod\/fr\/wp-json\/wp\/v2\/product_cat?post=9032"},{"taxonomy":"product_tag","embeddable":true,"href":"https:\/\/ryinz.cz\/velkoobchod\/fr\/wp-json\/wp\/v2\/product_tag?post=9032"}],"curies":[{"name":"wp","href":"https:\/\/api.w.org\/{rel}","templated":true}]}}