{"id":9031,"date":"2025-06-22T15:26:32","date_gmt":"2025-06-22T15:26:32","guid":{"rendered":"https:\/\/ryinz.cz\/velkoobchod\/?post_type=product&#038;p=9031"},"modified":"2026-01-18T20:17:23","modified_gmt":"2026-01-18T20:17:23","slug":"veste-polaire-sherpa-premium-pour-homme-avec-fermeture-eclair-complete-et-poche-poitrine","status":"publish","type":"product","link":"https:\/\/ryinz.cz\/velkoobchod\/fr\/product\/mens-premium-sherpa-fleece-jacket-full-zip-with-chest-pocket\/","title":{"rendered":"Veste polaire Sherpa de qualit\u00e9 sup\u00e9rieure pour hommes - Fermeture \u00e0 glissi\u00e8re int\u00e9grale avec poche de poitrine"},"content":{"rendered":"<div class=\"flex-shrink-0 flex flex-col relative items-end\">\n<div class=\"pt-0\">\n<div class=\"gizmo-bot-avatar flex h-8 w-8 items-center justify-center overflow-hidden rounded-full\">\n<div class=\"relative p-1 rounded-sm flex items-center justify-center bg-token-main-surface-primary text-token-text-primary h-8 w-8\">\n<p class=\"\" data-start=\"1696\" data-end=\"2155\">Le <strong data-start=\"1700\" data-end=\"1730\">RYINZ Sherpa Fleece Jacket<\/strong> red\u00e9finit le confort, la chaleur et la durabilit\u00e9 des v\u00eatements d'ext\u00e9rieur. Con\u00e7ue avec une attention m\u00e9ticuleuse aux d\u00e9tails, cette veste associe un style polaire classique \u00e0 une utilit\u00e9 moderne, ce qui en fait un choix fiable pour une utilisation tout au long de la journ\u00e9e par temps froid. Fabriqu\u00e9e en polaire Sherpa ultra-douce, \u00e9paisse et \u00e0 haute densit\u00e9, elle offre une superbe isolation qui emprisonne la chaleur corporelle tout en restant respirante, assurant un \u00e9quilibre parfait entre chaleur et ventilation.<\/p>\n<p class=\"\" data-start=\"2157\" data-end=\"2679\">Id\u00e9al pour l'automne, l'hiver et le d\u00e9but du printemps, ce v\u00eatement d'ext\u00e9rieur polyvalent pr\u00e9sente une silhouette structur\u00e9e mais confortable. Il est dot\u00e9 d'une fermeture \u00e0 glissi\u00e8re sur toute la longueur du v\u00eatement, d'un col montant qui prot\u00e8ge le cou du froid et de trois poches zipp\u00e9es fonctionnelles - deux poches lat\u00e9rales pour les mains et une poche sur la poitrine - pour ranger en toute s\u00e9curit\u00e9 les objets essentiels tels que les cl\u00e9s, le t\u00e9l\u00e9phone ou le porte-monnaie. Les fermetures \u00e0 glissi\u00e8re sont con\u00e7ues avec du mat\u00e9riel m\u00e9tallique de haute qualit\u00e9 et sont dot\u00e9es d'\u00e9l\u00e9gantes tirettes en similicuir pour une meilleure prise en main et plus de style.<\/p>\n<p class=\"\" data-start=\"2681\" data-end=\"3170\">A l'int\u00e9rieur, les coutures sont renforc\u00e9es et doubl\u00e9es pour une plus grande durabilit\u00e9 et une r\u00e9duction des frottements. La polaire est doublement cousue aux points de tension pour garantir des performances durables dans les environnements urbains et accident\u00e9s. Les poignets et l'ourlet sont con\u00e7us pour conserver la chaleur tout en permettant la flexibilit\u00e9, et la coupe l\u00e9g\u00e8rement fusel\u00e9e assure un ajustement flatteur pour les hommes et les femmes. Sa teinte grise neutre offre un attrait intemporel et permet de l'associer facilement \u00e0 des jeans, des v\u00eatements de travail, des pantalons cargo ou des couches de base thermiques.<\/p>\n<p class=\"\" data-start=\"3172\" data-end=\"3573\">RYINZ a cr\u00e9\u00e9 cette veste non seulement pour un confort d\u00e9contract\u00e9, mais aussi pour un usage fonctionnel. Que vous fassiez de la randonn\u00e9e sur des sentiers forestiers, que vous pelletiez de la neige, que vous fassiez la navette par temps froid ou que vous vous d\u00e9tendiez simplement \u00e0 l'ext\u00e9rieur avec des amis, cette veste est l\u00e0 pour vous aider. C'est \u00e9galement une excellente couche ext\u00e9rieure pour le camping et les voyages gr\u00e2ce \u00e0 sa conception compressible. Elle est suffisamment l\u00e9g\u00e8re pour \u00eatre emport\u00e9e sans perdre son gonflant ou ses performances.<\/p>\n<p class=\"\" data-start=\"3575\" data-end=\"4026\">Cette veste en polaire Sherpa est lavable en machine et conserve sa forme apr\u00e8s le lavage, tout en gardant sa texture pelucheuse et ses propri\u00e9t\u00e9s isolantes au fil du temps. Gr\u00e2ce \u00e0 un approvisionnement \u00e9thique, \u00e0 l'attention port\u00e9e \u00e0 la durabilit\u00e9 des mat\u00e9riaux et \u00e0 l'attention port\u00e9e \u00e0 la satisfaction des utilisateurs, RYINZ continue \u00e0 se d\u00e9marquer en tant que nom de confiance dans la production de gants et de v\u00eatements d'ext\u00e9rieur. Nous sommes fiers de fournir des produits de qualit\u00e9 professionnelle pour l'usage personnel, les rayons des d\u00e9taillants et les partenariats avec des marques priv\u00e9es.<\/p>\n<p class=\"\" data-start=\"4028\" data-end=\"4313\">Pour les entreprises, cette veste est disponible en gros et en marquage personnalis\u00e9. Que vous souhaitiez cr\u00e9er votre propre ligne de v\u00eatements d'ext\u00e9rieur, \u00e9quiper vos employ\u00e9s pour les t\u00e2ches hivernales ou vous procurer des vestes polaires pour la vente au d\u00e9tail, RYINZ vous propose des solutions sur mesure avec des quantit\u00e9s minimales et une capacit\u00e9 de production modulable.<\/p>\n<\/div>\n<\/div>\n<\/div>\n<\/div>","protected":false},"excerpt":{"rendered":"<div class=\"flex-shrink-0 flex flex-col relative items-end\">\n<div class=\"pt-0\">\n<div class=\"gizmo-bot-avatar flex h-8 w-8 items-center justify-center overflow-hidden rounded-full\">\n<div class=\"relative p-1 rounded-sm flex items-center justify-center bg-token-main-surface-primary text-token-text-primary h-8 w-8\">\n<p>Faites l'exp\u00e9rience d'une chaleur et d'un style durables avec cette veste polaire Sherpa de premi\u00e8re qualit\u00e9, con\u00e7ue pour les climats froids et les modes de vie actifs. Con\u00e7ue en polaire thermique douce au toucher, elle est dot\u00e9e d'une fermeture \u00e0 glissi\u00e8re sur tout le devant, de poches lat\u00e9rales et de poitrine zipp\u00e9es et de coutures renforc\u00e9es pour une meilleure durabilit\u00e9. Id\u00e9ale pour le travail en ext\u00e9rieur, la randonn\u00e9e ou les activit\u00e9s hivernales quotidiennes. Cette veste offre une excellente isolation tout en restant respirante et l\u00e9g\u00e8re. Disponible pour le marquage personnalis\u00e9 et les commandes en gros.<\/p>\n<\/div>\n<\/div>\n<\/div>\n<\/div>","protected":false},"featured_media":9089,"comment_status":"closed","ping_status":"closed","template":"","meta":[],"product_brand":[35],"product_cat":[202],"product_tag":[213,214],"class_list":{"0":"post-9031","1":"product","2":"type-product","3":"status-publish","4":"has-post-thumbnail","6":"product_brand-ryinz","7":"product_cat-apparels","8":"product_tag-casual-jacket","9":"product_tag-mens-fleece-jacket","11":"first","12":"instock","13":"taxable","14":"shipping-taxable","15":"purchasable","16":"product-type-simple"},"_links":{"self":[{"href":"https:\/\/ryinz.cz\/velkoobchod\/fr\/wp-json\/wp\/v2\/product\/9031","targetHints":{"allow":["GET"]}}],"collection":[{"href":"https:\/\/ryinz.cz\/velkoobchod\/fr\/wp-json\/wp\/v2\/product"}],"about":[{"href":"https:\/\/ryinz.cz\/velkoobchod\/fr\/wp-json\/wp\/v2\/types\/product"}],"replies":[{"embeddable":true,"href":"https:\/\/ryinz.cz\/velkoobchod\/fr\/wp-json\/wp\/v2\/comments?post=9031"}],"wp:featuredmedia":[{"embeddable":true,"href":"https:\/\/ryinz.cz\/velkoobchod\/fr\/wp-json\/wp\/v2\/media\/9089"}],"wp:attachment":[{"href":"https:\/\/ryinz.cz\/velkoobchod\/fr\/wp-json\/wp\/v2\/media?parent=9031"}],"wp:term":[{"taxonomy":"product_brand","embeddable":true,"href":"https:\/\/ryinz.cz\/velkoobchod\/fr\/wp-json\/wp\/v2\/product_brand?post=9031"},{"taxonomy":"product_cat","embeddable":true,"href":"https:\/\/ryinz.cz\/velkoobchod\/fr\/wp-json\/wp\/v2\/product_cat?post=9031"},{"taxonomy":"product_tag","embeddable":true,"href":"https:\/\/ryinz.cz\/velkoobchod\/fr\/wp-json\/wp\/v2\/product_tag?post=9031"}],"curies":[{"name":"wp","href":"https:\/\/api.w.org\/{rel}","templated":true}]}}