{"id":9029,"date":"2025-06-22T15:26:32","date_gmt":"2025-06-22T15:26:32","guid":{"rendered":"https:\/\/ryinz.cz\/velkoobchod\/?post_type=product&#038;p=9029"},"modified":"2026-01-18T20:17:22","modified_gmt":"2026-01-18T20:17:22","slug":"ryinz-varsity-style-streetwear-hoodie-jacket-classic-bomber-look-with-faux-leather-sleeves-hood-for-men","status":"publish","type":"product","link":"https:\/\/ryinz.cz\/velkoobchod\/fr\/product\/ryinz-varsity-style-streetwear-hoodie-jacket-classic-bomber-look-with-faux-leather-sleeves-hood-for-men\/","title":{"rendered":"RYINZ Varsity-Style Streetwear Hoodie Jacket - Look bombardier classique avec manches et capuche en similicuir pour hommes"},"content":{"rendered":"<p class=\"\" data-start=\"355\" data-end=\"715\">Entrez dans un style intemporel avec le <strong data-start=\"389\" data-end=\"437\">RYINZ Varsity-Style Streetwear Hoodie Jacket<\/strong>, La veste Varsity est une fusion parfaite entre la mode athl\u00e9tique et le confort urbain. Inspir\u00e9e de la veste varsity am\u00e9ricaine classique, cette pi\u00e8ce est dot\u00e9e de mat\u00e9riaux modernes et de caract\u00e9ristiques streetwear pratiques, ce qui en fait un article remarquable pour les tenues d\u00e9contract\u00e9es, les uniformes de travail, les marques personnalis\u00e9es ou les tenues d'\u00e9quipe.<\/p>\n<p class=\"\" data-start=\"717\" data-end=\"1178\">Cette veste est d\u00e9finie par son <strong data-start=\"747\" data-end=\"798\">manches et capuche en faux cuir noir contrast\u00e9<\/strong>, Il est dot\u00e9 d'un corps en tissu sarcelle audacieux, ce qui le rend \u00e0 la fois \u00e0 la mode et polyvalent. Les <strong data-start=\"883\" data-end=\"904\">Bouton pression sur le devant<\/strong>, Les poignets et l'ourlet c\u00f4tel\u00e9s, ainsi que les poches lat\u00e9rales jumel\u00e9es maintiennent la silhouette traditionnelle de l'\u00e9quipe universitaire tout en am\u00e9liorant la chaleur et le confort. La capuche attenante avec cordons de serrage offre une protection suppl\u00e9mentaire contre le vent et la pluie fine, ce qui en fait un v\u00eatement id\u00e9al pour les journ\u00e9es fra\u00eeches et les temps de transition.<\/p>\n<p class=\"\" data-start=\"1180\" data-end=\"1499\">Le <strong data-start=\"1184\" data-end=\"1244\">La partie principale est fabriqu\u00e9e en polaire polyester-blend durable<\/strong>, Les manches imitent l'esth\u00e9tique audacieuse du cuir, mais sont fabriqu\u00e9es en mat\u00e9riaux synth\u00e9tiques pour un ajustement flexible et sans cruaut\u00e9. Les manches imitent l'esth\u00e9tique audacieuse du cuir, mais sont fabriqu\u00e9es en mat\u00e9riaux synth\u00e9tiques pour un ajustement souple et sans cruaut\u00e9. L'int\u00e9rieur est doux et respirant, ce qui permet de le porter toute la journ\u00e9e, que vous soyez en ville ou actif.<\/p>\n<p class=\"\" data-start=\"1501\" data-end=\"1808\">Le sweat \u00e0 capuche RYINZ n'est pas seulement pour le spectacle, il est aussi pour le plaisir. <strong data-start=\"1552\" data-end=\"1623\">enti\u00e8rement fonctionnel pour les clubs, les \u00e9coles, les entreprises et le style personnel<\/strong>. Gr\u00e2ce \u00e0 son espace de personnalisation g\u00e9n\u00e9reux, vous pouvez facilement ajouter le nom, le logo ou les \u00e9cussons de votre marque sur le devant, dans le dos ou sur les manches. C'est le choix id\u00e9al pour les commandes en gros, les produits d\u00e9riv\u00e9s ou les uniformes.<\/p>\n<p class=\"\" data-start=\"1810\" data-end=\"1998\">Que vous marchiez dans la rue, alliez \u00e0 l'universit\u00e9, travailliez \u00e0 l'ext\u00e9rieur ou repr\u00e9sentiez votre marque, cette veste \u00e0 capuche offre une ambiance fra\u00eeche et sportive tout en vous gardant au chaud et en confiance.<\/p>\n<hr class=\"\" data-start=\"2000\" data-end=\"2003\" \/>\n<h3 class=\"\" data-start=\"2005\" data-end=\"2032\"><strong data-start=\"2009\" data-end=\"2032\">Points forts du produit :<\/strong><\/h3>\n<ul data-start=\"2034\" data-end=\"2497\">\n<li class=\"\" data-start=\"2034\" data-end=\"2095\">\n<p class=\"\" data-start=\"2036\" data-end=\"2095\">Veste \u00e9l\u00e9gante d'inspiration varsitaire avec un design moderne \u00e0 capuche<\/p>\n<\/li>\n<li class=\"\" data-start=\"2096\" data-end=\"2140\">\n<p class=\"\" data-start=\"2098\" data-end=\"2140\">Manches en faux cuir et capuche \u00e0 cordon de serrage<\/p>\n<\/li>\n<li class=\"\" data-start=\"2141\" data-end=\"2198\">\n<p class=\"\" data-start=\"2143\" data-end=\"2198\">Poignets et ourlets c\u00f4tel\u00e9s \u00e9pais avec bandes contrastantes audacieuses<\/p>\n<\/li>\n<li class=\"\" data-start=\"2199\" data-end=\"2243\">\n<p class=\"\" data-start=\"2201\" data-end=\"2243\">Fermeture \u00e0 bouton-pression durable sur le devant<\/p>\n<\/li>\n<li class=\"\" data-start=\"2244\" data-end=\"2297\">\n<p class=\"\" data-start=\"2246\" data-end=\"2297\">Int\u00e9rieur doubl\u00e9 en polaire pour plus de chaleur et de confort<\/p>\n<\/li>\n<li class=\"\" data-start=\"2298\" data-end=\"2346\">\n<p class=\"\" data-start=\"2300\" data-end=\"2346\">Deux poches pour les mains pour plus de commodit\u00e9 et de chaleur<\/p>\n<\/li>\n<li class=\"\" data-start=\"2347\" data-end=\"2387\">\n<p class=\"\" data-start=\"2349\" data-end=\"2387\">Marquage personnalis\u00e9 et pr\u00eat \u00e0 \u00eatre brod\u00e9<\/p>\n<\/li>\n<li class=\"\" data-start=\"2388\" data-end=\"2436\">\n<p class=\"\" data-start=\"2390\" data-end=\"2436\">Coupe unisexe, convient aux hommes et aux jeunes plus \u00e2g\u00e9s<\/p>\n<\/li>\n<li class=\"\" data-start=\"2437\" data-end=\"2497\">\n<p class=\"\" data-start=\"2439\" data-end=\"2497\">Parfait pour les \u00e9coles, les \u00e9quipes sportives, les startups, les lignes de produits d\u00e9riv\u00e9s.<\/p>\n<\/li>\n<\/ul>\n<hr class=\"\" data-start=\"2499\" data-end=\"2502\" \/>\n<h3 class=\"\" data-start=\"2504\" data-end=\"2525\"><strong data-start=\"2508\" data-end=\"2525\">Applications :<\/strong><\/h3>\n<ul data-start=\"2527\" data-end=\"2797\">\n<li class=\"\" data-start=\"2527\" data-end=\"2548\">\n<p class=\"\" data-start=\"2529\" data-end=\"2548\">Tenue d\u00e9contract\u00e9e quotidienne<\/p>\n<\/li>\n<li class=\"\" data-start=\"2549\" data-end=\"2580\">\n<p class=\"\" data-start=\"2551\" data-end=\"2580\">Veste d'\u00e9quipe ou de club<\/p>\n<\/li>\n<li class=\"\" data-start=\"2581\" data-end=\"2613\">\n<p class=\"\" data-start=\"2583\" data-end=\"2613\">V\u00eatements promotionnels ou de merchandising<\/p>\n<\/li>\n<li class=\"\" data-start=\"2614\" data-end=\"2651\">\n<p class=\"\" data-start=\"2616\" data-end=\"2651\">La mode sur les campus et les tenues scolaires<\/p>\n<\/li>\n<li class=\"\" data-start=\"2652\" data-end=\"2692\">\n<p class=\"\" data-start=\"2654\" data-end=\"2692\">V\u00eatements de travail l\u00e9gers pour l'automne et le printemps<\/p>\n<\/li>\n<li class=\"\" data-start=\"2693\" data-end=\"2723\">\n<p class=\"\" data-start=\"2695\" data-end=\"2723\">Projets de personnalisation B2B<\/p>\n<\/li>\n<li class=\"\" data-start=\"2724\" data-end=\"2769\">\n<p class=\"\" data-start=\"2726\" data-end=\"2769\">Cadeaux d'entreprise ou campagnes d'image de marque<\/p>\n<\/li>\n<li class=\"\" data-start=\"2770\" data-end=\"2797\">\n<p class=\"\" data-start=\"2772\" data-end=\"2797\">D\u00e9taillants de mode urbaine<\/p>\n<\/li>\n<\/ul>\n<hr class=\"\" data-start=\"2799\" data-end=\"2802\" \/>\n<h3 class=\"\" data-start=\"2804\" data-end=\"2827\"><strong data-start=\"2808\" data-end=\"2827\">Sp\u00e9cifications :<\/strong><\/h3>\n<ul data-start=\"2829\" data-end=\"3246\">\n<li class=\"\" data-start=\"2829\" data-end=\"2897\">\n<p class=\"\" data-start=\"2831\" data-end=\"2897\">Mati\u00e8re ext\u00e9rieure : Polaire polyester (corps) + faux cuir (manches)<\/p>\n<\/li>\n<li class=\"\" data-start=\"2898\" data-end=\"2929\">\n<p class=\"\" data-start=\"2900\" data-end=\"2929\">Doublure : Tissu doux et bross\u00e9<\/p>\n<\/li>\n<li class=\"\" data-start=\"2930\" data-end=\"2955\">\n<p class=\"\" data-start=\"2932\" data-end=\"2955\">Fermeture : boutons-pression<\/p>\n<\/li>\n<li class=\"\" data-start=\"2956\" data-end=\"2999\">\n<p class=\"\" data-start=\"2958\" data-end=\"2999\">Couleur : corps sarcelle \/ manches et capuche noires<\/p>\n<\/li>\n<li class=\"\" data-start=\"3000\" data-end=\"3053\">\n<p class=\"\" data-start=\"3002\" data-end=\"3053\">Tailles : S, M, L, XL, XXL (taille personnalis\u00e9e disponible)<\/p>\n<\/li>\n<li class=\"\" data-start=\"3054\" data-end=\"3125\">\n<p class=\"\" data-start=\"3056\" data-end=\"3125\">Caract\u00e9ristiques : Capuche avec cordon de serrage, poignets \u00e9lastiques ray\u00e9s, 2 poches lat\u00e9rales<\/p>\n<\/li>\n<li class=\"\" data-start=\"3126\" data-end=\"3188\">\n<p class=\"\" data-start=\"3128\" data-end=\"3188\">Personnalisation : Impression de logos, broderie, \u00e9tiquetage priv\u00e9<\/p>\n<\/li>\n<li class=\"\" data-start=\"3189\" data-end=\"3205\">\n<p class=\"\" data-start=\"3191\" data-end=\"3205\">MOQ : 100 pi\u00e8ces<\/p>\n<\/li>\n<li class=\"\" data-start=\"3206\" data-end=\"3246\">\n<p class=\"\" data-start=\"3208\" data-end=\"3246\">Genre : Unisexe (cible principale : hommes)<\/p>\n<\/li>\n<\/ul>","protected":false},"excerpt":{"rendered":"<div class=\"flex-shrink-0 flex flex-col relative items-end\">\n<div class=\"pt-0\">\n<div class=\"gizmo-bot-avatar flex h-8 w-8 items-center justify-center overflow-hidden rounded-full\">\n<div class=\"relative p-1 rounded-sm flex items-center justify-center bg-token-main-surface-primary text-token-text-primary h-8 w-8\">\n<p class=\"\" data-start=\"3305\" data-end=\"3924\">La veste \u00e0 capuche Varsity de RYINZ allie la mode universitaire intemporelle \u00e0 la praticit\u00e9 moderne. Con\u00e7ue avec un bouton pression sur le devant, des poignets c\u00f4tel\u00e9s ray\u00e9s et des manches en similicuir noir, elle offre une esth\u00e9tique sportive et audacieuse. Une capuche \u00e0 cordon de serrage et un int\u00e9rieur en polaire ajoutent confort et chaleur, ce qui la rend parfaite pour le streetwear, les projets d'image de marque ou les tenues d'\u00e9quipe. Cette veste est enti\u00e8rement personnalisable gr\u00e2ce \u00e0 l'espace pr\u00e9vu pour les logos et les broderies, ce qui la rend id\u00e9ale pour les clubs, les \u00e9quipes de travail, les promotions et les d\u00e9taillants de mode. \u00c9l\u00e9gante, confortable et tr\u00e8s adaptable, c'est une veste mi-lourde essentielle qui allie sans effort mode et fonction.<\/p>\n<\/div>\n<\/div>\n<\/div>\n<\/div>","protected":false},"featured_media":9081,"comment_status":"closed","ping_status":"closed","template":"","meta":[],"product_brand":[35],"product_cat":[202],"product_tag":[209,210,211],"class_list":{"0":"post-9029","1":"product","2":"type-product","3":"status-publish","4":"has-post-thumbnail","6":"product_brand-ryinz","7":"product_cat-apparels","8":"product_tag-mens-hoodie-jacket","9":"product_tag-sportswear","10":"product_tag-varsity-jacket","12":"first","13":"instock","14":"taxable","15":"shipping-taxable","16":"purchasable","17":"product-type-simple"},"_links":{"self":[{"href":"https:\/\/ryinz.cz\/velkoobchod\/fr\/wp-json\/wp\/v2\/product\/9029","targetHints":{"allow":["GET"]}}],"collection":[{"href":"https:\/\/ryinz.cz\/velkoobchod\/fr\/wp-json\/wp\/v2\/product"}],"about":[{"href":"https:\/\/ryinz.cz\/velkoobchod\/fr\/wp-json\/wp\/v2\/types\/product"}],"replies":[{"embeddable":true,"href":"https:\/\/ryinz.cz\/velkoobchod\/fr\/wp-json\/wp\/v2\/comments?post=9029"}],"wp:featuredmedia":[{"embeddable":true,"href":"https:\/\/ryinz.cz\/velkoobchod\/fr\/wp-json\/wp\/v2\/media\/9081"}],"wp:attachment":[{"href":"https:\/\/ryinz.cz\/velkoobchod\/fr\/wp-json\/wp\/v2\/media?parent=9029"}],"wp:term":[{"taxonomy":"product_brand","embeddable":true,"href":"https:\/\/ryinz.cz\/velkoobchod\/fr\/wp-json\/wp\/v2\/product_brand?post=9029"},{"taxonomy":"product_cat","embeddable":true,"href":"https:\/\/ryinz.cz\/velkoobchod\/fr\/wp-json\/wp\/v2\/product_cat?post=9029"},{"taxonomy":"product_tag","embeddable":true,"href":"https:\/\/ryinz.cz\/velkoobchod\/fr\/wp-json\/wp\/v2\/product_tag?post=9029"}],"curies":[{"name":"wp","href":"https:\/\/api.w.org\/{rel}","templated":true}]}}