{"id":9028,"date":"2025-06-22T15:26:32","date_gmt":"2025-06-22T15:26:32","guid":{"rendered":"https:\/\/ryinz.cz\/velkoobchod\/?post_type=product&#038;p=9028"},"modified":"2026-01-18T20:17:22","modified_gmt":"2026-01-18T20:17:22","slug":"ryinz-mens-all-black-tactical-field-jacket-multi-pocket-windbreaker-with-hood-for-outdoor-work-streetwear","status":"publish","type":"product","link":"https:\/\/ryinz.cz\/velkoobchod\/fr\/product\/ryinz-mens-all-black-tactical-field-jacket-multi-pocket-windbreaker-with-hood-for-outdoor-work-streetwear\/","title":{"rendered":"RYINZ Hommes Veste de terrain tactique enti\u00e8rement noire - Coupe-vent multi-poches avec capuche pour l'ext\u00e9rieur, le travail et les v\u00eatements de ville"},"content":{"rendered":"<div class=\"flex-shrink-0 flex flex-col relative items-end\">\n<div class=\"pt-0\">\n<div class=\"gizmo-bot-avatar flex h-8 w-8 items-center justify-center overflow-hidden rounded-full\">\n<div class=\"relative p-1 rounded-sm flex items-center justify-center bg-token-main-surface-primary text-token-text-primary h-8 w-8\">\n<p class=\"\" data-start=\"1647\" data-end=\"2003\"><strong data-start=\"1647\" data-end=\"1694\">RYINZ Hommes Veste de terrain tactique enti\u00e8rement noire<\/strong> est con\u00e7ue pour les personnes qui exigent davantage de leurs v\u00eatements d'ext\u00e9rieur : plus de poches, plus de protection et plus de pr\u00e9sence. Con\u00e7ue pour une polyvalence en toute saison et des performances tactiques, cette veste r\u00e9unit les meilleurs \u00e9l\u00e9ments d'un manteau de style militaire, d'un coupe-vent et d'une veste de travail d'hiver en un seul mod\u00e8le pr\u00eat pour la ville.<\/p>\n<p class=\"\" data-start=\"2005\" data-end=\"2420\"><strong data-start=\"2005\" data-end=\"2040\">L'avant-garde urbaine rencontre l'utilit\u00e9 robuste<\/strong><br data-start=\"2040\" data-end=\"2043\" \/>Cette veste de terrain fait une impression imm\u00e9diate gr\u00e2ce \u00e0 son esth\u00e9tique enti\u00e8rement noire. Contrairement aux v\u00eatements d'ext\u00e9rieur typiques qui privil\u00e9gient les tons n\u00e9on ou terreux, cette pi\u00e8ce opte pour le noir. <strong data-start=\"2201\" data-end=\"2222\">minimalisme moderne<\/strong>-\u00c9l\u00e9gant, audacieux et sophistiqu\u00e9. Le coloris noir profond s'associe facilement \u00e0 tous vos looks quotidiens, qu'il s'agisse de faire des courses, de partir en voyage ou de se pr\u00e9senter sur un chantier.<\/p>\n<p class=\"\" data-start=\"2422\" data-end=\"2529\"><strong data-start=\"2422\" data-end=\"2466\">Fonctionnalit\u00e9 int\u00e9gr\u00e9e, pochette par pochette<\/strong><br data-start=\"2466\" data-end=\"2469\" \/>Gardez les mains libres et soyez pr\u00eat \u00e0 tout. La veste comprend :<\/p>\n<ul data-start=\"2531\" data-end=\"2949\">\n<li class=\"\" data-start=\"2531\" data-end=\"2625\">\n<p class=\"\" data-start=\"2533\" data-end=\"2625\"><strong data-start=\"2533\" data-end=\"2563\">2 grandes poches poitrine \u00e0 rabat<\/strong> avec fermetures \u00e0 boutons - id\u00e9al pour les cartes d'identit\u00e9, les blocs-notes ou les petits outils<\/p>\n<\/li>\n<li class=\"\" data-start=\"2626\" data-end=\"2707\">\n<p class=\"\" data-start=\"2628\" data-end=\"2707\"><strong data-start=\"2628\" data-end=\"2659\">2 poches verticales zipp\u00e9es<\/strong> pour un acc\u00e8s s\u00e9curis\u00e9 \u00e0 l'argent, au t\u00e9l\u00e9phone ou aux chargeurs<\/p>\n<\/li>\n<li class=\"\" data-start=\"2708\" data-end=\"2771\">\n<p class=\"\" data-start=\"2710\" data-end=\"2771\"><strong data-start=\"2710\" data-end=\"2738\">2 poches spacieuses \u00e0 la taille<\/strong> pour les gants, les cartes ou les carnets<\/p>\n<\/li>\n<li class=\"\" data-start=\"2772\" data-end=\"2949\">\n<p class=\"\" data-start=\"2774\" data-end=\"2949\"><strong data-start=\"2774\" data-end=\"2793\">Poche int\u00e9rieure<\/strong> pour les objets de valeur ou le portefeuille<br data-start=\"2817\" data-end=\"2820\" \/>Avec six compartiments ext\u00e9rieurs et un compartiment int\u00e9rieur cach\u00e9, cette veste peut servir de syst\u00e8me de transport pour les professionnels ou les explorateurs de tous les jours.<\/p>\n<\/li>\n<\/ul>\n<p class=\"\" data-start=\"2951\" data-end=\"2985\"><strong data-start=\"2951\" data-end=\"2983\">Adaptable \u00e0 chaque mission<\/strong><\/p>\n<ul data-start=\"2986\" data-end=\"3375\">\n<li class=\"\" data-start=\"2986\" data-end=\"3093\">\n<p class=\"\" data-start=\"2988\" data-end=\"3093\"><strong data-start=\"2988\" data-end=\"3008\">Capuche \u00e0 cordon de serrage :<\/strong> Prot\u00e9gez votre t\u00eate des averses soudaines ou retirez-la compl\u00e8tement pour un profil plus net.<\/p>\n<\/li>\n<li class=\"\" data-start=\"3094\" data-end=\"3178\">\n<p class=\"\" data-start=\"3096\" data-end=\"3178\"><strong data-start=\"3096\" data-end=\"3134\">Poignets r\u00e9glables avec pattes de boutonnage :<\/strong> Sceller la chaleur ou la rel\u00e2cher en cas de superposition<\/p>\n<\/li>\n<li class=\"\" data-start=\"3179\" data-end=\"3279\">\n<p class=\"\" data-start=\"3181\" data-end=\"3279\"><strong data-start=\"3181\" data-end=\"3212\">Cordon de taille (cach\u00e9 \u00e0 l'int\u00e9rieur) :<\/strong> Personnalisez votre coupe : resserrez-la pour le vent ou d\u00e9tendez-vous pour une tenue plus d\u00e9contract\u00e9e.<\/p>\n<\/li>\n<li class=\"\" data-start=\"3280\" data-end=\"3375\">\n<p class=\"\" data-start=\"3282\" data-end=\"3375\"><strong data-start=\"3282\" data-end=\"3318\">Fermeture \u00e0 glissi\u00e8re sur le devant avec rabat \u00e0 bouton-pression :<\/strong> S\u00e9curise fermement contre les vents froids tout en ajoutant des d\u00e9tails robustes<\/p>\n<\/li>\n<\/ul>\n<p class=\"\" data-start=\"3377\" data-end=\"3799\"><strong data-start=\"3377\" data-end=\"3426\">Isolation confortable et r\u00e9sistance aux intemp\u00e9ries<\/strong><br data-start=\"3426\" data-end=\"3429\" \/>A l'int\u00e9rieur de la veste, un <strong data-start=\"3450\" data-end=\"3472\">Doublure en polaire douce<\/strong> emprisonne efficacement la chaleur sans ajouter de poids excessif. Elle est id\u00e9ale pour les matin\u00e9es fra\u00eeches, les soir\u00e9es d'automne ou les p\u00e9riodes hivernales transitoires. A l'ext\u00e9rieur, le mat\u00e9riau de la coquille est <strong data-start=\"3646\" data-end=\"3690\">r\u00e9sistant aux pluies l\u00e9g\u00e8res et aux vents violents<\/strong>, Il s'agit donc d'un choix solide pour les navetteurs, les voyageurs ou les personnes qui travaillent \u00e0 l'ext\u00e9rieur dans des conditions impr\u00e9visibles.<\/p>\n<p class=\"\" data-start=\"3801\" data-end=\"3839\"><strong data-start=\"3801\" data-end=\"3837\">Appel test\u00e9 sur le terrain - Id\u00e9al pour :<\/strong><\/p>\n<ul data-start=\"3840\" data-end=\"4018\">\n<li class=\"\" data-start=\"3840\" data-end=\"3868\">\n<p class=\"\" data-start=\"3842\" data-end=\"3868\">Mode urbaine et tactique<\/p>\n<\/li>\n<li class=\"\" data-start=\"3869\" data-end=\"3901\">\n<p class=\"\" data-start=\"3871\" data-end=\"3901\">Construction et entrep\u00f4ts<\/p>\n<\/li>\n<li class=\"\" data-start=\"3902\" data-end=\"3932\">\n<p class=\"\" data-start=\"3904\" data-end=\"3932\">Travail de s\u00e9curit\u00e9 et de livraison<\/p>\n<\/li>\n<li class=\"\" data-start=\"3933\" data-end=\"3970\">\n<p class=\"\" data-start=\"3935\" data-end=\"3970\">Photographie en ext\u00e9rieur ou travail sur le terrain<\/p>\n<\/li>\n<li class=\"\" data-start=\"3971\" data-end=\"3993\">\n<p class=\"\" data-start=\"3973\" data-end=\"3993\">Voyages et d\u00e9placements domicile-travail<\/p>\n<\/li>\n<li class=\"\" data-start=\"3994\" data-end=\"4018\">\n<p class=\"\" data-start=\"3996\" data-end=\"4018\">L'hiver au quotidien<\/p>\n<\/li>\n<\/ul>\n<p class=\"\" data-start=\"4020\" data-end=\"4141\">Que vous montiez sur un \u00e9chafaudage ou que vous vous promeniez dans les rues de la ville, cette veste vous permet de tout affronter tout en gardant une allure \u00e9l\u00e9gante.<\/p>\n<p class=\"\" data-start=\"4143\" data-end=\"4364\"><strong data-start=\"4143\" data-end=\"4161\">Coupe et superposition<\/strong><br data-start=\"4161\" data-end=\"4164\" \/>La coupe ajust\u00e9e et structur\u00e9e offre suffisamment d'espace pour porter un pull ou un sweat \u00e0 capuche en dessous sans para\u00eetre encombrant. Les coutures renforc\u00e9es et les fermetures \u00e9clair durables garantissent une utilisation durable, m\u00eame dans des conditions difficiles.<\/p>\n<p class=\"\" data-start=\"4366\" data-end=\"4582\"><strong data-start=\"4366\" data-end=\"4380\">Conseils de style<\/strong><br data-start=\"4380\" data-end=\"4383\" \/>Associez-le \u00e0 des bottes tactiques pour un look d'inspiration militaire ou portez-le sur un jean slim et des baskets pour une allure street-smart. Il se porte aussi bien avec un pantalon cargo, un jogging ou un pantalon chino -YINZ s'adapte \u00e0 votre style.<\/p>\n<p class=\"\" data-start=\"4584\" data-end=\"4608\"><strong data-start=\"4584\" data-end=\"4606\">Instructions d'entretien :<\/strong><\/p>\n<ul data-start=\"4609\" data-end=\"4755\">\n<li class=\"\" data-start=\"4609\" data-end=\"4630\">\n<p class=\"\" data-start=\"4611\" data-end=\"4630\">Lavage en machine \u00e0 froid<\/p>\n<\/li>\n<li class=\"\" data-start=\"4631\" data-end=\"4679\">\n<p class=\"\" data-start=\"4633\" data-end=\"4679\">S\u00e9cher dans un s\u00e8che-linge pour pr\u00e9server la forme et la doublure en polaire<\/p>\n<\/li>\n<li class=\"\" data-start=\"4680\" data-end=\"4710\">\n<p class=\"\" data-start=\"4682\" data-end=\"4710\">\u00c9viter l'eau de Javel et les s\u00e9choirs chauds<\/p>\n<\/li>\n<li class=\"\" data-start=\"4711\" data-end=\"4755\">\n<p class=\"\" data-start=\"4713\" data-end=\"4755\">Nettoyer les fermetures \u00e0 glissi\u00e8re et les boutons au besoin<\/p>\n<\/li>\n<\/ul>\n<p class=\"\" data-start=\"4757\" data-end=\"4842\">Cette veste est <strong data-start=\"4772\" data-end=\"4799\">plus que des v\u00eatements<\/strong>-Il s'agit d'une bo\u00eete \u00e0 outils, d'un bouclier et d'une d\u00e9claration.<\/p>\n<\/div>\n<\/div>\n<\/div>\n<\/div>","protected":false},"excerpt":{"rendered":"<div class=\"flex-shrink-0 flex flex-col relative items-end\">\n<div class=\"pt-0\">\n<div class=\"gizmo-bot-avatar flex h-8 w-8 items-center justify-center overflow-hidden rounded-full\">\n<div class=\"relative p-1 rounded-sm flex items-center justify-center bg-token-main-surface-primary text-token-text-primary h-8 w-8\">\n<p class=\"\" data-start=\"386\" data-end=\"739\">Le style et l'utilit\u00e9 de l'ensemble sont assur\u00e9s gr\u00e2ce \u00e0 la <strong data-start=\"433\" data-end=\"474\">RYINZ All-Black Tactical Field Jacket (veste de campagne tactique enti\u00e8rement noire)<\/strong>, Cette veste est une fusion audacieuse de streetwear robuste, de durabilit\u00e9 ext\u00e9rieure et de v\u00eatements de travail fonctionnels. Con\u00e7ue pour les hommes qui appr\u00e9cient \u00e0 la fois la mode et la fonctionnalit\u00e9, cette veste est votre compagnon de tous les jours pour les climats changeants, l'exploration urbaine, les op\u00e9rations sur le terrain et les trajets en hiver.<\/p>\n<p class=\"\" data-start=\"741\" data-end=\"1132\">D'un noir \u00e9clatant, cette veste pr\u00e9sente une silhouette structur\u00e9e avec un m\u00e9lange de poches \u00e0 rabat boutonn\u00e9es s\u00e9curis\u00e9es et de compartiments verticaux zipp\u00e9s, ce qui vous permet de transporter facilement vos outils, gadgets, cartes ou autres objets essentiels. Dot\u00e9e d'une capuche amovible, de cordons de serrage r\u00e9glables et de coutures durables, la veste de terrain RYINZ s'adapte \u00e0 vos besoins dans les environnements impr\u00e9visibles.<\/p>\n<p class=\"\" data-start=\"1134\" data-end=\"1398\">Sa doublure int\u00e9rieure en polaire garantit la chaleur pendant les journ\u00e9es froides, tandis que le tissu ext\u00e9rieur r\u00e9sistant au vent vous prot\u00e8ge des rafales violentes et de la pluie fine. Qu'elle soit superpos\u00e9e \u00e0 un sweat \u00e0 capuche ou port\u00e9e seule, cette veste offre une allure \u00e9l\u00e9gante sans compromettre le confort ou la libert\u00e9 de mouvement.<\/p>\n<p class=\"\" data-start=\"1400\" data-end=\"1590\">Avec ses lignes \u00e9pur\u00e9es, sa coupe d'inspiration militaire et sa finition moderne noir sur noir, cette pi\u00e8ce s'int\u00e8gre parfaitement \u00e0 toute garde-robe, des collections streetwear aux tenues de plein air et aux uniformes d\u00e9contract\u00e9s.<\/p>\n<\/div>\n<\/div>\n<\/div>\n<\/div>","protected":false},"featured_media":9076,"comment_status":"closed","ping_status":"closed","template":"","meta":[],"product_brand":[35],"product_cat":[202],"product_tag":[207,208],"class_list":{"0":"post-9028","1":"product","2":"type-product","3":"status-publish","4":"has-post-thumbnail","6":"product_brand-ryinz","7":"product_cat-apparels","8":"product_tag-casual-black-jacket","9":"product_tag-custom-logo-jacket","11":"first","12":"instock","13":"taxable","14":"shipping-taxable","15":"purchasable","16":"product-type-simple"},"_links":{"self":[{"href":"https:\/\/ryinz.cz\/velkoobchod\/fr\/wp-json\/wp\/v2\/product\/9028","targetHints":{"allow":["GET"]}}],"collection":[{"href":"https:\/\/ryinz.cz\/velkoobchod\/fr\/wp-json\/wp\/v2\/product"}],"about":[{"href":"https:\/\/ryinz.cz\/velkoobchod\/fr\/wp-json\/wp\/v2\/types\/product"}],"replies":[{"embeddable":true,"href":"https:\/\/ryinz.cz\/velkoobchod\/fr\/wp-json\/wp\/v2\/comments?post=9028"}],"wp:featuredmedia":[{"embeddable":true,"href":"https:\/\/ryinz.cz\/velkoobchod\/fr\/wp-json\/wp\/v2\/media\/9076"}],"wp:attachment":[{"href":"https:\/\/ryinz.cz\/velkoobchod\/fr\/wp-json\/wp\/v2\/media?parent=9028"}],"wp:term":[{"taxonomy":"product_brand","embeddable":true,"href":"https:\/\/ryinz.cz\/velkoobchod\/fr\/wp-json\/wp\/v2\/product_brand?post=9028"},{"taxonomy":"product_cat","embeddable":true,"href":"https:\/\/ryinz.cz\/velkoobchod\/fr\/wp-json\/wp\/v2\/product_cat?post=9028"},{"taxonomy":"product_tag","embeddable":true,"href":"https:\/\/ryinz.cz\/velkoobchod\/fr\/wp-json\/wp\/v2\/product_tag?post=9028"}],"curies":[{"name":"wp","href":"https:\/\/api.w.org\/{rel}","templated":true}]}}