{"id":9027,"date":"2025-06-22T15:26:31","date_gmt":"2025-06-22T15:26:31","guid":{"rendered":"https:\/\/ryinz.cz\/velkoobchod\/?post_type=product&#038;p=9027"},"modified":"2026-01-18T20:17:21","modified_gmt":"2026-01-18T20:17:21","slug":"ryinz-multi-pocket-military-style-jacket-for-men-heavy-duty-outdoor-outerwear-with-removable-inner-layer","status":"publish","type":"product","link":"https:\/\/ryinz.cz\/velkoobchod\/fr\/product\/ryinz-multi-pocket-military-style-jacket-for-men-heavy-duty-outdoor-outerwear-with-removable-inner-layer\/","title":{"rendered":"RYINZ Multi-Pocket Military-Style Jacket for Men - Heavy-Duty Outdoor Outerwear with Removable Inner Layer (v\u00eatement d'ext\u00e9rieur robuste avec couche int\u00e9rieure amovible)"},"content":{"rendered":"<div class=\"flex-shrink-0 flex flex-col relative items-end\">\n<div class=\"pt-0\">\n<div class=\"gizmo-bot-avatar flex h-8 w-8 items-center justify-center overflow-hidden rounded-full\">\n<div class=\"relative p-1 rounded-sm flex items-center justify-center bg-token-main-surface-primary text-token-text-primary h-8 w-8\">\n<p class=\"\" data-start=\"1650\" data-end=\"2041\">Rencontrez les <strong data-start=\"1659\" data-end=\"1714\">RYINZ Veste militaire multi-poches pour hommes<\/strong>-Un v\u00eatement d'ext\u00e9rieur de premier plan, essentiel, con\u00e7u pour l'action, l'aventure et la domination au quotidien. S'inspirant du style des surplus militaires, cette veste se situe \u00e0 l'intersection de l'utilit\u00e9 tactique et de la mode contemporaine. Ce n'est pas seulement un v\u00eatement d'ext\u00e9rieur ; c'est un outil de r\u00e9silience, une d\u00e9claration de mode et un bouclier contre les \u00e9l\u00e9ments.<\/p>\n<p class=\"\" data-start=\"2043\" data-end=\"2133\"><strong data-start=\"2043\" data-end=\"2076\">Syst\u00e8me de couches 2 en 1 polyvalent<\/strong><br data-start=\"2076\" data-end=\"2079\" \/>Cette veste est dot\u00e9e d'une structure 2 en 1 unique :<\/p>\n<ul data-start=\"2134\" data-end=\"2246\">\n<li class=\"\" data-start=\"2134\" data-end=\"2174\">\n<p class=\"\" data-start=\"2136\" data-end=\"2174\">Un rev\u00eatement ext\u00e9rieur robuste et r\u00e9sistant \u00e0 l'eau<\/p>\n<\/li>\n<li class=\"\" data-start=\"2175\" data-end=\"2246\">\n<p class=\"\" data-start=\"2177\" data-end=\"2246\">Doublure int\u00e9rieure matelass\u00e9e enti\u00e8rement amovible d'un orange br\u00fbl\u00e9 accrocheur<\/p>\n<\/li>\n<\/ul>\n<p class=\"\" data-start=\"2248\" data-end=\"2490\">Portez la veste compl\u00e8te pour plus de chaleur au c\u0153ur de l'hiver ou d\u00e9tachez la couche int\u00e9rieure pour les temps de transition. Cette approche intelligente de la superposition des couches vous offre une grande libert\u00e9 au fil des saisons - parfaite pour les voyages, les randonn\u00e9es, les trajets urbains ou les tenues d\u00e9contract\u00e9es quotidiennes.<\/p>\n<p class=\"\" data-start=\"2492\" data-end=\"2880\"><strong data-start=\"2492\" data-end=\"2520\">Mat\u00e9riaux et ex\u00e9cution<\/strong><br data-start=\"2520\" data-end=\"2523\" \/>Fabriqu\u00e9e en toile de coton de qualit\u00e9 sup\u00e9rieure et en polyester renforc\u00e9, cette veste r\u00e9siste \u00e0 l'usure, aux d\u00e9chirures et aux intemp\u00e9ries. La fermeture \u00e0 glissi\u00e8re avant robuste est associ\u00e9e \u00e0 un rabat-temp\u00eate boutonn\u00e9 pour prot\u00e9ger votre c\u0153ur des vents violents. Le col est dot\u00e9 d'une fermeture \u00e0 boutons que vous pouvez attacher pour r\u00e9chauffer le cou ou laisser ouvert pour un look plus d\u00e9contract\u00e9.<\/p>\n<p class=\"\" data-start=\"2882\" data-end=\"3060\">Chaque couture, poche et pi\u00e8ce rapport\u00e9e est renforc\u00e9e par des coutures durables. Les manches sont articul\u00e9es pour am\u00e9liorer la mobilit\u00e9 des bras. \u00c0 l'int\u00e9rieur, la doublure rembourr\u00e9e amovible ajoute du confort sans encombrement.<\/p>\n<p class=\"\" data-start=\"3062\" data-end=\"3107\"><strong data-start=\"3062\" data-end=\"3105\">Conception fonctionnelle avec capacit\u00e9 de stockage<\/strong><\/p>\n<ul data-start=\"3108\" data-end=\"3321\">\n<li class=\"\" data-start=\"3108\" data-end=\"3152\">\n<p class=\"\" data-start=\"3110\" data-end=\"3152\">2 poches poitrine \u00e0 rabat avec fermeture \u00e0 bouton<\/p>\n<\/li>\n<li class=\"\" data-start=\"3153\" data-end=\"3197\">\n<p class=\"\" data-start=\"3155\" data-end=\"3197\">2 grandes poches inf\u00e9rieures avec rabat + bouton<\/p>\n<\/li>\n<li class=\"\" data-start=\"3198\" data-end=\"3230\">\n<p class=\"\" data-start=\"3200\" data-end=\"3230\">Poche verticale zipp\u00e9e sur la poitrine<\/p>\n<\/li>\n<li class=\"\" data-start=\"3231\" data-end=\"3281\">\n<p class=\"\" data-start=\"3233\" data-end=\"3281\">Plusieurs compartiments int\u00e9rieurs pour un rangement s\u00e9curis\u00e9<\/p>\n<\/li>\n<li class=\"\" data-start=\"3282\" data-end=\"3321\">\n<p class=\"\" data-start=\"3284\" data-end=\"3321\">Poche plaqu\u00e9e sur le bras pour une touche de robustesse<\/p>\n<\/li>\n<\/ul>\n<p class=\"\" data-start=\"3323\" data-end=\"3518\">Cette veste n'est pas seulement con\u00e7ue pour vous tenir chaud, elle est aussi faite pour vous permettre de rester organis\u00e9. Que vous transportiez votre passeport, vos outils, vos gadgets ou vos gants, la veste RYINZ les garde \u00e0 port\u00e9e de main et en s\u00e9curit\u00e9.<\/p>\n<p class=\"\" data-start=\"3520\" data-end=\"3835\"><strong data-start=\"3520\" data-end=\"3542\">R\u00e9sistance aux intemp\u00e9ries<\/strong><br data-start=\"3542\" data-end=\"3545\" \/>L'enveloppe ext\u00e9rieure est trait\u00e9e pour r\u00e9sister \u00e0 l'eau, aux taches et au vent, ce qui la rend id\u00e9ale pour les conditions m\u00e9t\u00e9orologiques impr\u00e9visibles. La pluie roule sur la surface tandis que la doublure int\u00e9rieure emprisonne la chaleur pour une isolation maximale. Les cordons \u00e9lastiques \u00e0 l'ourlet et les poignets r\u00e9glables permettent d'ajuster la coupe et d'\u00e9viter les courants d'air froid.<\/p>\n<p class=\"\" data-start=\"3837\" data-end=\"4148\"><strong data-start=\"3837\" data-end=\"3854\">Style et couleur<\/strong><br data-start=\"3854\" data-end=\"3857\" \/>Le ton terreux profond, m\u00e9lange de noir et de marron militaire, est accentu\u00e9 par des boutons en laiton vintage, des d\u00e9tails bruns robustes et un int\u00e9rieur orange caract\u00e9ristique. Il s'accorde parfaitement avec un jean, un pantalon cargo ou un pantalon tactique. L'audacieux logo int\u00e9rieur RYINZ ajoute du caract\u00e8re sans dominer le look.<\/p>\n<p class=\"\" data-start=\"4150\" data-end=\"4166\"><strong data-start=\"4150\" data-end=\"4164\">Id\u00e9al pour :<\/strong><\/p>\n<ul data-start=\"4167\" data-end=\"4342\">\n<li class=\"\" data-start=\"4167\" data-end=\"4194\">\n<p class=\"\" data-start=\"4169\" data-end=\"4194\">Protection contre le froid<\/p>\n<\/li>\n<li class=\"\" data-start=\"4195\" data-end=\"4225\">\n<p class=\"\" data-start=\"4197\" data-end=\"4225\">Randonn\u00e9e et camping en plein air<\/p>\n<\/li>\n<li class=\"\" data-start=\"4226\" data-end=\"4253\">\n<p class=\"\" data-start=\"4228\" data-end=\"4253\">Port en ville et d\u00e9placements domicile-travail<\/p>\n<\/li>\n<li class=\"\" data-start=\"4254\" data-end=\"4273\">\n<p class=\"\" data-start=\"4256\" data-end=\"4273\">Couchettes de voyage<\/p>\n<\/li>\n<li class=\"\" data-start=\"4274\" data-end=\"4303\">\n<p class=\"\" data-start=\"4276\" data-end=\"4303\">Moto et voyages en voiture<\/p>\n<\/li>\n<li class=\"\" data-start=\"4304\" data-end=\"4342\">\n<p class=\"\" data-start=\"4306\" data-end=\"4342\">Utilisation tactique et v\u00eatements de travail robustes<\/p>\n<\/li>\n<\/ul>\n<p class=\"\" data-start=\"4344\" data-end=\"4547\"><strong data-start=\"4344\" data-end=\"4360\">Taille et ajustement<\/strong><br data-start=\"4360\" data-end=\"4363\" \/>Taille r\u00e9elle pour un look ajust\u00e9. Pour une coupe plus ample ou pour superposer des pulls volumineux, pensez \u00e0 prendre une taille sup\u00e9rieure. Con\u00e7u avec suffisamment d'espace au niveau des \u00e9paules et de la poitrine pour permettre des mouvements souples.<\/p>\n<p class=\"\" data-start=\"4549\" data-end=\"4702\"><strong data-start=\"4549\" data-end=\"4571\">Instructions d'entretien :<\/strong><br data-start=\"4571\" data-end=\"4574\" \/>Laver \u00e0 froid en machine (retirer d'abord la doublure int\u00e9rieure). S\u00e9cher dans un s\u00e8che-linge. Ne pas javelliser. Utiliser un d\u00e9tergent doux. Pour la couche int\u00e9rieure, laver s\u00e9par\u00e9ment.<\/p>\n<\/div>\n<\/div>\n<\/div>\n<\/div>","protected":false},"excerpt":{"rendered":"<div class=\"flex-shrink-0 flex flex-col relative items-end\">\n<div class=\"pt-0\">\n<div class=\"gizmo-bot-avatar flex h-8 w-8 items-center justify-center overflow-hidden rounded-full\">\n<div class=\"relative p-1 rounded-sm flex items-center justify-center bg-token-main-surface-primary text-token-text-primary h-8 w-8\">\n<p class=\"\" data-start=\"368\" data-end=\"787\">\u00c9levez votre garde-robe pour les temps froids avec le mod\u00e8le robuste et raffin\u00e9 de la collection de v\u00eatements de sport. <strong data-start=\"431\" data-end=\"475\">RYINZ - Veste militaire multi-poches<\/strong> pour hommes. Con\u00e7ue pour offrir un maximum d'utilit\u00e9 avec une touche de mode audacieuse, cette veste allie fonctionnalit\u00e9 tactique et confort haut de gamme. Con\u00e7ue pour toutes les saisons et tous les terrains, elle est dot\u00e9e d'une couche int\u00e9rieure amovible avec une doublure orange contrast\u00e9e, ce qui vous permet de vous adapter facilement aux conditions m\u00e9t\u00e9orologiques changeantes.<\/p>\n<p class=\"\" data-start=\"789\" data-end=\"1251\">Avec quatre poches ext\u00e9rieures spacieuses et plusieurs compartiments int\u00e9rieurs, cette veste offre la solution de rangement id\u00e9ale pour tout, du t\u00e9l\u00e9phone au portefeuille en passant par les outils et les accessoires de voyage. La fermeture frontale \u00e0 boutons et glissi\u00e8re vous prot\u00e8ge du vent et du froid, tandis que les poignets r\u00e9glables et le col montant maintiennent la chaleur sans compromettre la mobilit\u00e9. Les coutures renforc\u00e9es sur les zones de pression garantissent une durabilit\u00e9 \u00e0 long terme, m\u00eame dans des conditions ext\u00e9rieures difficiles.<\/p>\n<p class=\"\" data-start=\"1253\" data-end=\"1593\">Que vous vous rendiez en ville ou que vous fassiez une randonn\u00e9e hors r\u00e9seau, cette veste vous permet d'\u00eatre pr\u00eat et \u00e9l\u00e9gant. Superposez-la \u00e0 un sweat \u00e0 capuche pour plus de chaleur ou portez-la seule pour un look audacieux d'inspiration militaire qui ne manquera jamais d'impressionner. L'ext\u00e9rieur robuste noir-marron est compl\u00e9t\u00e9 par des ferrures en cuivre bruni et des fermetures \u00e9clair contrast\u00e9es pour une touche sophistiqu\u00e9e.<\/p>\n<\/div>\n<\/div>\n<\/div>\n<\/div>","protected":false},"featured_media":9075,"comment_status":"closed","ping_status":"closed","template":"","meta":[],"product_brand":[35],"product_cat":[202],"product_tag":[205,206],"class_list":{"0":"post-9027","1":"product","2":"type-product","3":"status-publish","4":"has-post-thumbnail","6":"product_brand-ryinz","7":"product_cat-apparels","8":"product_tag-custom-mens-jacket","9":"product_tag-durable-fabric-jacket","11":"first","12":"instock","13":"taxable","14":"shipping-taxable","15":"purchasable","16":"product-type-simple"},"_links":{"self":[{"href":"https:\/\/ryinz.cz\/velkoobchod\/fr\/wp-json\/wp\/v2\/product\/9027","targetHints":{"allow":["GET"]}}],"collection":[{"href":"https:\/\/ryinz.cz\/velkoobchod\/fr\/wp-json\/wp\/v2\/product"}],"about":[{"href":"https:\/\/ryinz.cz\/velkoobchod\/fr\/wp-json\/wp\/v2\/types\/product"}],"replies":[{"embeddable":true,"href":"https:\/\/ryinz.cz\/velkoobchod\/fr\/wp-json\/wp\/v2\/comments?post=9027"}],"wp:featuredmedia":[{"embeddable":true,"href":"https:\/\/ryinz.cz\/velkoobchod\/fr\/wp-json\/wp\/v2\/media\/9075"}],"wp:attachment":[{"href":"https:\/\/ryinz.cz\/velkoobchod\/fr\/wp-json\/wp\/v2\/media?parent=9027"}],"wp:term":[{"taxonomy":"product_brand","embeddable":true,"href":"https:\/\/ryinz.cz\/velkoobchod\/fr\/wp-json\/wp\/v2\/product_brand?post=9027"},{"taxonomy":"product_cat","embeddable":true,"href":"https:\/\/ryinz.cz\/velkoobchod\/fr\/wp-json\/wp\/v2\/product_cat?post=9027"},{"taxonomy":"product_tag","embeddable":true,"href":"https:\/\/ryinz.cz\/velkoobchod\/fr\/wp-json\/wp\/v2\/product_tag?post=9027"}],"curies":[{"name":"wp","href":"https:\/\/api.w.org\/{rel}","templated":true}]}}