{"id":9017,"date":"2025-06-22T15:25:50","date_gmt":"2025-06-22T15:25:50","guid":{"rendered":"https:\/\/ryinz.cz\/velkoobchod\/?post_type=product&#038;p=9017"},"modified":"2026-01-18T20:17:21","modified_gmt":"2026-01-18T20:17:21","slug":"ryinz-mens-faux-leather-bomber-jacket-with-hoodie-streetwear-moto-style-with-zipper-snap-pockets","status":"publish","type":"product","link":"https:\/\/ryinz.cz\/velkoobchod\/fr\/product\/ryinz-mens-brown-faux-leather-bomber-jacket-with-hoodie-streetwear-moto-style-with-zipper-snap-pockets\/","title":{"rendered":"RYINZ Blouson bombardier \u00e0 capuche en simili-cuir marron pour homme - Style Streetwear Moto avec fermeture \u00e9clair et poches \u00e0 boutons-pression"},"content":{"rendered":"<div class=\"flex-shrink-0 flex flex-col relative items-end\">\n<div class=\"pt-0\">\n<div class=\"gizmo-bot-avatar flex h-8 w-8 items-center justify-center overflow-hidden rounded-full\">\n<p class=\"\" data-start=\"1250\" data-end=\"1547\">Le <strong data-start=\"1254\" data-end=\"1303\">RYINZ Brown Faux Leather Bomber Hoodie Jacket<\/strong> est l'endroit o\u00f9 la mode motarde intemporelle rencontre la fonctionnalit\u00e9 urbaine et confortable. Con\u00e7u pour les hommes modernes qui recherchent l'attrait d'une veste en cuir sans l'encombrement ni les produits d'origine animale, ce v\u00eatement est enti\u00e8rement synth\u00e9tique, mais il est d'une \u00e9l\u00e9gance et d'une conviction impressionnantes.<\/p>\n<p class=\"\" data-start=\"1549\" data-end=\"1847\"><strong data-start=\"1549\" data-end=\"1579\">Un look brun riche et vintage<\/strong><br data-start=\"1579\" data-end=\"1582\" \/>Le faux cuir, trait\u00e9 avec soin, a un ton brun us\u00e9 qui s'am\u00e9liore avec l'usure. Il refl\u00e8te le charme classique des vestes de moto, tout en \u00e9tant respectueux de l'environnement et plus facile \u00e0 nettoyer. La surface est hydrofuge et con\u00e7ue pour conserver sa forme pendant des ann\u00e9es.<\/p>\n<p class=\"\" data-start=\"1849\" data-end=\"2220\"><strong data-start=\"1849\" data-end=\"1897\">La chaleur au service de la superposition - avec un sweat \u00e0 capuche int\u00e9gr\u00e9<\/strong><br data-start=\"1897\" data-end=\"1900\" \/>Pas besoin de superposer des couches suppl\u00e9mentaires : la capuche en polaire int\u00e9gr\u00e9e apporte de la chaleur et un contraste sportif avec le cuir. Doubl\u00e9 d'un tissu doux au toucher, le sweat \u00e0 capuche cr\u00e9e une barri\u00e8re isolante contre le vent froid, parfaite pour l'automne et l'hiver. Portez-le avec la capuche relev\u00e9e pour un style urbain ou d\u00e9zipp\u00e9 pour un look plus l\u00e9ger et plus \u00e9l\u00e9gant.<\/p>\n<p class=\"\" data-start=\"2222\" data-end=\"2276\"><strong data-start=\"2222\" data-end=\"2274\">Tous les bons d\u00e9tails pour une fonctionnalit\u00e9 quotidienne<\/strong><\/p>\n<ul data-start=\"2277\" data-end=\"2584\">\n<li class=\"\" data-start=\"2277\" data-end=\"2310\">\n<p class=\"\" data-start=\"2279\" data-end=\"2310\"><strong data-start=\"2279\" data-end=\"2308\">Fermeture \u00e0 glissi\u00e8re sur tout le devant<\/strong><\/p>\n<\/li>\n<li class=\"\" data-start=\"2311\" data-end=\"2366\">\n<p class=\"\" data-start=\"2313\" data-end=\"2366\"><strong data-start=\"2313\" data-end=\"2339\">Poches de poitrine zipp\u00e9es<\/strong> (inclin\u00e9 pour faciliter l'acc\u00e8s)<\/p>\n<\/li>\n<li class=\"\" data-start=\"2367\" data-end=\"2423\">\n<p class=\"\" data-start=\"2369\" data-end=\"2423\"><strong data-start=\"2369\" data-end=\"2395\">Poche poitrine \u00e0 bouton-pression<\/strong> - s\u00e9curis\u00e9 pour les cartes ou les pi\u00e8ces d'identit\u00e9<\/p>\n<\/li>\n<li class=\"\" data-start=\"2424\" data-end=\"2468\">\n<p class=\"\" data-start=\"2426\" data-end=\"2468\"><strong data-start=\"2426\" data-end=\"2449\">Poches chauffe-mains<\/strong> avec doublure souple<\/p>\n<\/li>\n<li class=\"\" data-start=\"2469\" data-end=\"2513\">\n<p class=\"\" data-start=\"2471\" data-end=\"2513\"><strong data-start=\"2471\" data-end=\"2511\">\u00c9paulettes avec boucle<\/strong><\/p>\n<\/li>\n<li class=\"\" data-start=\"2514\" data-end=\"2584\">\n<p class=\"\" data-start=\"2516\" data-end=\"2584\"><strong data-start=\"2516\" data-end=\"2552\">Poignets et ceinture \u00e9lastiques c\u00f4tel\u00e9s<\/strong> - emp\u00eache le vent d'entrer et la forme de p\u00e9n\u00e9trer<\/p>\n<\/li>\n<\/ul>\n<p class=\"\" data-start=\"2586\" data-end=\"2881\"><strong data-start=\"2586\" data-end=\"2607\">Polyvalence quotidienne<\/strong><br data-start=\"2607\" data-end=\"2610\" \/>Qu'elle soit associ\u00e9e \u00e0 un jean et \u00e0 des baskets pour une tenue urbaine ou qu'elle soit port\u00e9e sur des v\u00eatements de travail pendant les trajets quotidiens, cette veste s'adapte \u00e0 de nombreux contextes, des sorties nocturnes aux vendredis d\u00e9contract\u00e9s. Elle est suffisamment r\u00e9sistante pour les sorties du week-end et suffisamment \u00e9l\u00e9gante pour les r\u00e9unions d'affaires d\u00e9contract\u00e9es.<\/p>\n<p class=\"\" data-start=\"2883\" data-end=\"2904\"><strong data-start=\"2883\" data-end=\"2902\">Mat\u00e9riau et entretien<\/strong><\/p>\n<ul data-start=\"2905\" data-end=\"3065\">\n<li class=\"\" data-start=\"2905\" data-end=\"2931\">\n<p class=\"\" data-start=\"2907\" data-end=\"2931\">Ext\u00e9rieur : PU Faux cuir<\/p>\n<\/li>\n<li class=\"\" data-start=\"2932\" data-end=\"2961\">\n<p class=\"\" data-start=\"2934\" data-end=\"2961\">Doublure : Int\u00e9rieur en polaire douce<\/p>\n<\/li>\n<li class=\"\" data-start=\"2962\" data-end=\"2994\">\n<p class=\"\" data-start=\"2964\" data-end=\"2994\">Capuche : m\u00e9lange polyester\/coton<\/p>\n<\/li>\n<li class=\"\" data-start=\"2995\" data-end=\"3027\">\n<p class=\"\" data-start=\"2997\" data-end=\"3027\">Nettoyer avec un chiffon humide<\/p>\n<\/li>\n<li class=\"\" data-start=\"3028\" data-end=\"3065\">\n<p class=\"\" data-start=\"3030\" data-end=\"3065\">Ne pas laver en machine ni s\u00e9cher au s\u00e8che-linge<\/p>\n<\/li>\n<\/ul>\n<p class=\"\" data-start=\"3067\" data-end=\"3341\"><strong data-start=\"3067\" data-end=\"3088\">Conseils de taille et d'ajustement<\/strong><br data-start=\"3088\" data-end=\"3091\" \/>La veste a une coupe ajust\u00e9e qui permet d'y glisser une chemise ou un sweat-shirt l\u00e9ger. Choisissez votre taille normale pour une coupe moto ajust\u00e9e ou une taille au-dessus pour une sensation plus d\u00e9contract\u00e9e. Les poignets et la taille c\u00f4tel\u00e9s permettent de modeler le torse sans entraver les mouvements.<\/p>\n<p class=\"\" data-start=\"3343\" data-end=\"3361\"><strong data-start=\"3343\" data-end=\"3359\">Parfait pour :<\/strong><\/p>\n<ul data-start=\"3362\" data-end=\"3496\">\n<li class=\"\" data-start=\"3362\" data-end=\"3390\">\n<p class=\"\" data-start=\"3364\" data-end=\"3390\">Port quotidien automne\/hiver<\/p>\n<\/li>\n<li class=\"\" data-start=\"3391\" data-end=\"3420\">\n<p class=\"\" data-start=\"3393\" data-end=\"3420\">Cyclistes occasionnels et navetteurs<\/p>\n<\/li>\n<li class=\"\" data-start=\"3421\" data-end=\"3446\">\n<p class=\"\" data-start=\"3423\" data-end=\"3446\">Hommes soucieux de la mode<\/p>\n<\/li>\n<li class=\"\" data-start=\"3447\" data-end=\"3472\">\n<p class=\"\" data-start=\"3449\" data-end=\"3472\">Cadeaux de No\u00ebl pour les hommes<\/p>\n<\/li>\n<li class=\"\" data-start=\"3473\" data-end=\"3496\">\n<p class=\"\" data-start=\"3475\" data-end=\"3496\">Superposition de v\u00eatements de ville<\/p>\n<\/li>\n<\/ul>\n<p class=\"\" data-start=\"3498\" data-end=\"3611\">Le pr\u00e9sent <strong data-start=\"3503\" data-end=\"3519\">Veste RYINZ<\/strong> n'est pas qu'un simple v\u00eatement d'ext\u00e9rieur, c'est une <strong data-start=\"3548\" data-end=\"3575\">d\u00e9claration de confiance<\/strong>. Durable, dynamique et distinctif.<\/p>\n<\/div>\n<\/div>\n<\/div>","protected":false},"excerpt":{"rendered":"<p class=\"\" data-start=\"332\" data-end=\"653\">Le <strong data-start=\"336\" data-end=\"396\">RYINZ Hommes Veste bombardier en faux cuir marron avec capuche<\/strong> allie un style urbain robuste \u00e0 un confort quotidien. Con\u00e7ue pour les personnalit\u00e9s audacieuses qui se d\u00e9placent entre les sc\u00e8nes urbaines, les soir\u00e9es d\u00e9contract\u00e9es et les trajets quotidiens par temps froid, cette veste offre une silhouette masculine avec sa coupe bombardier, son ourlet c\u00f4tel\u00e9 et ses lignes de couture nettes.<\/p>\n<p class=\"\" data-start=\"655\" data-end=\"933\">Fabriqu\u00e9 en similicuir de haute qualit\u00e9, il vous donne l'aspect haut de gamme du cuir v\u00e9ritable sans le poids ni l'entretien. La capuche int\u00e9rieure en polaire marron riche ajoute de la chaleur, une superposition et une ambiance de rue - parfait pour les temps impr\u00e9visibles ou simplement pour amplifier votre style.<\/p>\n<p class=\"\" data-start=\"935\" data-end=\"1193\">Le mod\u00e8le comprend plusieurs poches s\u00e9curis\u00e9es : deux poches de poitrine zipp\u00e9es, deux poches pour les mains et une poche de poitrine \u00e0 rabat avec bouton-pression. Des fermetures \u00e0 glissi\u00e8re en m\u00e9tal, des sangles \u00e0 boucle sur les \u00e9paules et des poignets c\u00f4tel\u00e9s solides compl\u00e8tent les caract\u00e9ristiques durables et \u00e9l\u00e9gantes.<\/p>","protected":false},"featured_media":9074,"comment_status":"closed","ping_status":"closed","template":"","meta":[],"product_brand":[35],"product_cat":[202],"product_tag":[203,204],"class_list":{"0":"post-9017","1":"product","2":"type-product","3":"status-publish","4":"has-post-thumbnail","6":"product_brand-ryinz","7":"product_cat-apparels","8":"product_tag-branded-leather-jacket","9":"product_tag-casual-fashion-jacket","11":"first","12":"instock","13":"taxable","14":"shipping-taxable","15":"purchasable","16":"product-type-simple"},"_links":{"self":[{"href":"https:\/\/ryinz.cz\/velkoobchod\/fr\/wp-json\/wp\/v2\/product\/9017","targetHints":{"allow":["GET"]}}],"collection":[{"href":"https:\/\/ryinz.cz\/velkoobchod\/fr\/wp-json\/wp\/v2\/product"}],"about":[{"href":"https:\/\/ryinz.cz\/velkoobchod\/fr\/wp-json\/wp\/v2\/types\/product"}],"replies":[{"embeddable":true,"href":"https:\/\/ryinz.cz\/velkoobchod\/fr\/wp-json\/wp\/v2\/comments?post=9017"}],"wp:featuredmedia":[{"embeddable":true,"href":"https:\/\/ryinz.cz\/velkoobchod\/fr\/wp-json\/wp\/v2\/media\/9074"}],"wp:attachment":[{"href":"https:\/\/ryinz.cz\/velkoobchod\/fr\/wp-json\/wp\/v2\/media?parent=9017"}],"wp:term":[{"taxonomy":"product_brand","embeddable":true,"href":"https:\/\/ryinz.cz\/velkoobchod\/fr\/wp-json\/wp\/v2\/product_brand?post=9017"},{"taxonomy":"product_cat","embeddable":true,"href":"https:\/\/ryinz.cz\/velkoobchod\/fr\/wp-json\/wp\/v2\/product_cat?post=9017"},{"taxonomy":"product_tag","embeddable":true,"href":"https:\/\/ryinz.cz\/velkoobchod\/fr\/wp-json\/wp\/v2\/product_tag?post=9017"}],"curies":[{"name":"wp","href":"https:\/\/api.w.org\/{rel}","templated":true}]}}