{"id":9016,"date":"2025-06-22T15:25:49","date_gmt":"2025-06-22T15:25:49","guid":{"rendered":"https:\/\/ryinz.cz\/velkoobchod\/?post_type=product&#038;p=9016"},"modified":"2026-01-18T20:17:20","modified_gmt":"2026-01-18T20:17:20","slug":"ryinz-premium-leather-driving-gloves-for-men-classic-soft-touch-breathable-elegant-grip-gloves-for-all-season-driving","status":"publish","type":"product","link":"https:\/\/ryinz.cz\/velkoobchod\/fr\/product\/ryinz-premium-leather-driving-gloves-for-men-classic-soft-touch-breathable-elegant-grip-gloves-for-all-season-driving\/","title":{"rendered":"RYINZ Premium Leather Driving Gloves for Men - Classic Soft Touch, Breathable, Elegant Grip Gloves for All-Season Driving"},"content":{"rendered":"<p class=\"\" data-start=\"297\" data-end=\"571\">Faites l'exp\u00e9rience de la sophistication et de la fonctionnalit\u00e9 avec le <strong data-start=\"350\" data-end=\"398\">RYINZ Gants de conduite en cuir de premi\u00e8re qualit\u00e9 pour hommes<\/strong>. Con\u00e7us pour les conducteurs qui appr\u00e9cient la pr\u00e9cision, le confort et le style intemporel, ces gants allient une esth\u00e9tique luxueuse \u00e0 des performances modernes, faisant de chaque conduite un plaisir.<\/p>\n<p class=\"\" data-start=\"573\" data-end=\"1048\">Fabriqu\u00e9s en cuir v\u00e9ritable de haute qualit\u00e9, ces gants offrent une texture ultra lisse et un toucher riche incomparable qui rehaussent instantan\u00e9ment votre exp\u00e9rience de conduite. La respirabilit\u00e9 naturelle du cuir fin garantit que vos mains restent confortables et s\u00e8ches, que vous rouliez dans la chaleur de l'\u00e9t\u00e9 ou que vous naviguiez dans les brises de l'hiver. Contrairement aux alternatives synth\u00e9tiques, le cuir v\u00e9ritable s'adapte \u00e0 la forme de votre main au fil du temps, offrant un ajustement personnalis\u00e9 et une sensation de seconde peau.<\/p>\n<p class=\"\" data-start=\"1050\" data-end=\"1433\">La mati\u00e8re souple est m\u00e9ticuleusement cousue \u00e0 la main pour cr\u00e9er une structure impeccable, \u00e0 la fois durable et \u00e9l\u00e9gante. De subtils d\u00e9tails artisanaux le long des coutures et des poignets rehaussent l'aspect classique tout en renfor\u00e7ant les principaux points de tension pour une plus grande long\u00e9vit\u00e9. RYINZ veille \u00e0 ce que chaque paire soit polie \u00e0 la perfection pour conserver un \u00e9clat durable qui devient encore plus attrayant avec l'\u00e2ge.<\/p>\n<p class=\"\" data-start=\"1435\" data-end=\"1821\">La fonctionnalit\u00e9 est au c\u0153ur de cette conception. Les gants offrent une prise antid\u00e9rapante et am\u00e9lior\u00e9e, id\u00e9ale pour la manipulation du volant, le passage des vitesses et m\u00eame les commandes des \u00e9crans tactiles modernes. L'int\u00e9rieur, soigneusement con\u00e7u, n'est pas inconfortable, ce qui permet un retour tactile complet et un contr\u00f4le pr\u00e9cis - une caract\u00e9ristique essentielle pour les passionn\u00e9s de conduite et les chauffeurs professionnels.<\/p>\n<p class=\"\" data-start=\"1823\" data-end=\"2170\">La ventilation est subtilement incorpor\u00e9e dans le design sans compromettre l'apparence \u00e9l\u00e9gante. De discr\u00e8tes micro-perforations plac\u00e9es sur les doigts favorisent la circulation de l'air, r\u00e9duisant ainsi l'accumulation de sueur pendant les longs trajets. La fermeture du poignet, \u00e0 la fois confortable et ajust\u00e9e, conf\u00e8re une silhouette \u00e9l\u00e9gante tout en emp\u00eachant les courants d'air de p\u00e9n\u00e9trer dans les gants.<\/p>\n<p class=\"\" data-start=\"2172\" data-end=\"2494\">Au-del\u00e0 de leurs capacit\u00e9s de conduite, ces gants se portent facilement au quotidien pendant les mois les plus frais, offrant \u00e0 la fois style et chaleur. Leur design minimaliste s'associe sans effort aux tenues d'affaires formelles, aux tenues d\u00e9contract\u00e9es du week-end ou aux v\u00eatements d'ext\u00e9rieur de luxe, ce qui en fait un accessoire polyvalent pour la garde-robe de tout gentleman.<\/p>\n<p class=\"\" data-start=\"2496\" data-end=\"2720\">Les gants RYINZ sont disponibles en plusieurs tailles pour garantir un ajustement parfait \u00e0 toutes les formes de mains. Propos\u00e9s dans une riche teinte brune, ils offrent une couleur raffin\u00e9e et neutre qui s'harmonise avec l'int\u00e9rieur d'un v\u00e9hicule ou la couleur d'une tenue.<\/p>\n<p class=\"\" data-start=\"2722\" data-end=\"3036\">L'entretien est simple : nettoyez-les avec un chiffon doux et humide et conservez-les \u00e0 l'abri de la lumi\u00e8re directe du soleil pour pr\u00e9server leur superbe finition pendant des ann\u00e9es. Les gants sont livr\u00e9s dans un emballage \u00e9l\u00e9gant et respectueux de l'environnement, ce qui en fait un cadeau judicieux pour les amateurs de voitures, les professionnels et tous ceux qui appr\u00e9cient le travail bien fait.<\/p>\n<p class=\"\" data-start=\"3038\" data-end=\"3168\">En choisissant RYINZ, vous optez pour la performance, le confort et le prestige. Conduisez non seulement avec confiance, mais aussi avec un style distingu\u00e9.<\/p>","protected":false},"excerpt":{"rendered":"<p>Am\u00e9liorez votre exp\u00e9rience de conduite avec les gants de conduite en cuir de qualit\u00e9 sup\u00e9rieure pour hommes de RYINZ. Fabriqu\u00e9s en cuir v\u00e9ritable ultra-lisse, ces gants offrent une sensation de luxe et une prise en main pr\u00e9cise du volant. Respirants et parfaitement ajust\u00e9s, ils am\u00e9liorent le contr\u00f4le du volant tout en offrant un confort supr\u00eame en toute saison. Cousus \u00e0 la main dans les moindres d\u00e9tails, ces gants sont d'une \u00e9l\u00e9gance, d'une durabilit\u00e9 et d'une praticit\u00e9 intemporelles. Con\u00e7us pour les conduites fougueuses ou les trajets \u00e9l\u00e9gants, ils s'harmonisent parfaitement avec les looks professionnels et d\u00e9contract\u00e9s. Que vous naviguiez sur des routes sinueuses ou que vous assistiez \u00e0 des \u00e9v\u00e9nements formels, les gants RYINZ offrent un raffinement et des performances in\u00e9gal\u00e9s.<\/p>","protected":false},"featured_media":9073,"comment_status":"closed","ping_status":"closed","template":"","meta":[],"product_brand":[35],"product_cat":[193,99],"product_tag":[192,197,194,198,199,200,201],"class_list":{"0":"post-9016","1":"product","2":"type-product","3":"status-publish","4":"has-post-thumbnail","6":"product_brand-ryinz","7":"product_cat-driving-gloves","8":"product_cat-gloves","9":"product_tag-classic-car-gloves","10":"product_tag-custom-logo-gloves","11":"product_tag-driving-gloves","12":"product_tag-leather-driving-gloves","13":"product_tag-luxury-driving-gloves","14":"product_tag-personalized-driving-gloves","15":"product_tag-professional-driving-gloves","17":"first","18":"instock","19":"taxable","20":"shipping-taxable","21":"purchasable","22":"product-type-simple"},"_links":{"self":[{"href":"https:\/\/ryinz.cz\/velkoobchod\/fr\/wp-json\/wp\/v2\/product\/9016","targetHints":{"allow":["GET"]}}],"collection":[{"href":"https:\/\/ryinz.cz\/velkoobchod\/fr\/wp-json\/wp\/v2\/product"}],"about":[{"href":"https:\/\/ryinz.cz\/velkoobchod\/fr\/wp-json\/wp\/v2\/types\/product"}],"replies":[{"embeddable":true,"href":"https:\/\/ryinz.cz\/velkoobchod\/fr\/wp-json\/wp\/v2\/comments?post=9016"}],"wp:featuredmedia":[{"embeddable":true,"href":"https:\/\/ryinz.cz\/velkoobchod\/fr\/wp-json\/wp\/v2\/media\/9073"}],"wp:attachment":[{"href":"https:\/\/ryinz.cz\/velkoobchod\/fr\/wp-json\/wp\/v2\/media?parent=9016"}],"wp:term":[{"taxonomy":"product_brand","embeddable":true,"href":"https:\/\/ryinz.cz\/velkoobchod\/fr\/wp-json\/wp\/v2\/product_brand?post=9016"},{"taxonomy":"product_cat","embeddable":true,"href":"https:\/\/ryinz.cz\/velkoobchod\/fr\/wp-json\/wp\/v2\/product_cat?post=9016"},{"taxonomy":"product_tag","embeddable":true,"href":"https:\/\/ryinz.cz\/velkoobchod\/fr\/wp-json\/wp\/v2\/product_tag?post=9016"}],"curies":[{"name":"wp","href":"https:\/\/api.w.org\/{rel}","templated":true}]}}