{"id":8995,"date":"2025-06-22T15:24:51","date_gmt":"2025-06-22T15:24:51","guid":{"rendered":"https:\/\/ryinz.cz\/velkoobchod\/?post_type=product&#038;p=8995"},"modified":"2026-01-18T20:17:19","modified_gmt":"2026-01-18T20:17:19","slug":"gants-de-velo-de-route-grossiste-ryinz-pro-cycling-gym-gloves-eu-design-manufacturer-and-private-label-supplier","status":"publish","type":"product","link":"https:\/\/ryinz.cz\/velkoobchod\/fr\/product\/street-bike-gloves-wholesale-ryinz-pro-cycling-gym-gloves-eu-design-manufacturer-and-private-label-supplier\/","title":{"rendered":"Gants Street Bike Wholesale | Ryinz | Gants Pro Cycling &amp; Gym Gloves | EU Design | Fabricant et Fournisseur de Marques Priv\u00e9es"},"content":{"rendered":"<p class=\"\" data-start=\"216\" data-end=\"337\"><strong data-start=\"216\" data-end=\"337\">Gants Street Bike Wholesale | Ryinz | Gants Pro Cycling &amp; Gym Gloves | EU Design | Fabricant et Fournisseur de Marques Priv\u00e9es<\/strong><\/p>\n<p class=\"\" data-start=\"339\" data-end=\"585\">Au <strong data-start=\"342\" data-end=\"351\">Ryinz<\/strong>, nous connectons <strong data-start=\"364\" data-end=\"401\">marques, fabricants et acheteurs<\/strong> dans le monde entier - la <strong data-start=\"418\" data-end=\"465\">moteur invisible du commerce international<\/strong>, et ouvre de nouvelles perspectives commerciales en Europe, aux \u00c9tats-Unis et en Asie.<br data-start=\"531\" data-end=\"534\" \/>Notre objectif : <strong data-start=\"544\" data-end=\"585\">Nous ouvrons des portes pour que vous puissiez conclure des ventes.<\/strong><\/p>\n<p class=\"\" data-start=\"587\" data-end=\"768\">Pr\u00e9sentation de la <strong data-start=\"603\" data-end=\"645\">Gants Ryinz Black &amp; Brown Street Bike<\/strong> - Con\u00e7ue pour les cyclistes, les athl\u00e8tes et les aventuriers urbains qui exigent un confort optimal, une adh\u00e9rence imbattable et un minimalisme stylis\u00e9.<\/p>\n<hr class=\"\" data-start=\"770\" data-end=\"773\" \/>\n<h3 class=\"\" data-start=\"775\" data-end=\"802\"><strong data-start=\"779\" data-end=\"801\">Points forts du produit<\/strong>:<\/h3>\n<p class=\"\" data-start=\"804\" data-end=\"1269\">\u2705 <strong data-start=\"806\" data-end=\"822\">Nom du produit<\/strong>: Ryinz Pro Street Bike Gants demi-doigts<br data-start=\"864\" data-end=\"867\" \/>\u2705 <strong data-start=\"869\" data-end=\"881\">Mat\u00e9riau<\/strong>: Cuir microfibre + panneaux de ventilation en maille<br data-start=\"927\" data-end=\"930\" \/>\u2705 <strong data-start=\"932\" data-end=\"941\">Couleur<\/strong>: Base noire avec accents de doigts bruns<br data-start=\"979\" data-end=\"982\" \/>\u2705 <strong data-start=\"984\" data-end=\"1000\">Options du logo<\/strong>: Vierge, brod\u00e9, s\u00e9rigraphi\u00e9, logo en silicone<br data-start=\"1049\" data-end=\"1052\" \/>\u2705 <strong data-start=\"1054\" data-end=\"1073\">Caract\u00e9ristiques de la conception<\/strong>:<br data-start=\"1074\" data-end=\"1077\" \/>- Perforations d'a\u00e9ration respirantes<br data-start=\"1114\" data-end=\"1117\" \/>- Zones de paume rembourr\u00e9es absorbant les chocs<br data-start=\"1152\" data-end=\"1155\" \/>- Coupe \u00e0 mi-doigt pour un contr\u00f4le maximal du guidon<br data-start=\"1202\" data-end=\"1205\" \/>- Surface antid\u00e9rapante<br data-start=\"1229\" data-end=\"1232\" \/>- Fermeture du poignet par velcro \u00e0 r\u00e9glage rapide<\/p>\n<p class=\"\" data-start=\"1271\" data-end=\"1335\">\u2705 <strong data-start=\"1273\" data-end=\"1292\">Tailles disponibles<\/strong>: S, M, L, XL (taille personnalis\u00e9e disponible)<\/p>\n<p class=\"\" data-start=\"1337\" data-end=\"1545\">\u2705 <strong data-start=\"1339\" data-end=\"1346\">En forme<\/strong>: Ergonomique, haute performance, confort extensible<br data-start=\"1392\" data-end=\"1395\" \/>\u2705 <strong data-start=\"1397\" data-end=\"1404\">Utilisation<\/strong>: V\u00e9lo de route, entra\u00eenement sportif, cyclisme sur route, sports de plein air, v\u00e9lo \u00e9lectrique<br data-start=\"1473\" data-end=\"1476\" \/>\u2705 <strong data-start=\"1478\" data-end=\"1485\">MOQ<\/strong>: Faibles minima pour la vente en gros, les marques priv\u00e9es et les marques personnalis\u00e9es<\/p>\n<hr class=\"\" data-start=\"1547\" data-end=\"1550\" \/>\n<h3 class=\"\" data-start=\"1552\" data-end=\"1581\"><strong data-start=\"1556\" data-end=\"1580\">Description d\u00e9taill\u00e9e<\/strong>:<\/h3>\n<p class=\"\" data-start=\"1583\" data-end=\"1730\">Con\u00e7ue pour la force et la vitesse, la <strong data-start=\"1635\" data-end=\"1677\">Gants Ryinz Black &amp; Brown Street Bike<\/strong> sont con\u00e7ues pour r\u00e9sister aux randonn\u00e9es et aux entra\u00eenements les plus difficiles.<\/p>\n<p class=\"\" data-start=\"1732\" data-end=\"2035\">Ces gants pr\u00e9sentent les caract\u00e9ristiques suivantes <strong data-start=\"1753\" data-end=\"1783\">cuir microfibre de premi\u00e8re qualit\u00e9<\/strong> pour la durabilit\u00e9 et la souplesse, combin\u00e9 avec <strong data-start=\"1835\" data-end=\"1863\">perforations d'a\u00e9ration<\/strong> pour une meilleure circulation de l'air.<br data-start=\"1885\" data-end=\"1888\" \/>Le <strong data-start=\"1892\" data-end=\"1929\">rembourrage de la paume strat\u00e9giquement plac\u00e9<\/strong> absorbe les chocs et prot\u00e8ge contre l'abrasion, assurant une prise en main sup\u00e9rieure et un confort de la main pendant de longues sessions.<\/p>\n<p class=\"\" data-start=\"2037\" data-end=\"2229\">Le <strong data-start=\"2041\" data-end=\"2063\">demi-doigts<\/strong> permet un contr\u00f4le maximal du guidon, des vitesses et des \u00e9crans tactiles, ce qui rend ces gants parfaits pour le cyclisme de rue, les s\u00e9ances d'entra\u00eenement en salle de sport, les balades en scooter \u00e9lectrique et l'entra\u00eenement en plein air.<\/p>\n<p class=\"\" data-start=\"2231\" data-end=\"2421\">Id\u00e9al pour <strong data-start=\"2241\" data-end=\"2272\">marques de sport sous label priv\u00e9<\/strong>, <strong data-start=\"2274\" data-end=\"2295\">entreprises de fitness<\/strong>, <strong data-start=\"2297\" data-end=\"2314\">magasins de cyclisme<\/strong>, <strong data-start=\"2316\" data-end=\"2344\">lignes de mode streetwear<\/strong>, et <strong data-start=\"2350\" data-end=\"2370\">d\u00e9taillants en ligne<\/strong> qui veulent un gant moderne et tr\u00e8s commercialisable.<\/p>\n<hr class=\"\" data-start=\"2423\" data-end=\"2426\" \/>\n<h3 class=\"\" data-start=\"2428\" data-end=\"2481\"><strong data-start=\"2432\" data-end=\"2480\">Caract\u00e9ristiques principales pour les acheteurs en gros et au d\u00e9tail<\/strong>:<\/h3>\n<p class=\"\" data-start=\"2483\" data-end=\"3001\">???? <strong data-start=\"2486\" data-end=\"2523\">Design moderne europ\u00e9en minimaliste<\/strong>: \u00c9l\u00e9gant, audacieux et ax\u00e9 sur la performance.<br data-start=\"2562\" data-end=\"2565\" \/>???? <strong data-start=\"2568\" data-end=\"2602\">Avantage tarifaire pour les fabricants<\/strong>: Augmenter les marges b\u00e9n\u00e9ficiaires gr\u00e2ce \u00e0 l'approvisionnement direct de l'usine.<br data-start=\"2652\" data-end=\"2655\" \/>???? <strong data-start=\"2658\" data-end=\"2693\">Options de marquage compl\u00e8tes disponibles<\/strong>: S\u00e9rigraphie, broderie, patchs en caoutchouc, logos en silicone.<br data-start=\"2752\" data-end=\"2755\" \/>???? <strong data-start=\"2758\" data-end=\"2780\">Large demande du march\u00e9<\/strong>: Marques de v\u00e9lo, fitness, gym, streetwear, activewear.<br data-start=\"2834\" data-end=\"2837\" \/>???? <strong data-start=\"2840\" data-end=\"2881\">Production rapide et exp\u00e9dition fiable<\/strong>: Livraison mondiale en Europe, aux \u00c9tats-Unis et en Asie.<br data-start=\"2924\" data-end=\"2927\" \/>???? <strong data-start=\"2930\" data-end=\"2952\">Con\u00e7u pour une utilisation intensive<\/strong>: Durabilit\u00e9, respirabilit\u00e9, protection combin\u00e9es.<\/p>\n<hr class=\"\" data-start=\"3003\" data-end=\"3006\" \/>\n<h3 class=\"\" data-start=\"3008\" data-end=\"3034\"><strong data-start=\"3012\" data-end=\"3033\">Id\u00e9es d'application<\/strong>:<\/h3>\n<p class=\"\" data-start=\"3036\" data-end=\"3289\">- Magasins de mat\u00e9riel de cyclisme<br data-start=\"3055\" data-end=\"3058\" \/>- D\u00e9taillants d'\u00e9quipements de gymnastique et de fitness<br data-start=\"3093\" data-end=\"3096\" \/>- Marques priv\u00e9es de cyclisme et de fitness<br data-start=\"3138\" data-end=\"3141\" \/>- Magasins de sports et d'aventures en plein air<br data-start=\"3178\" data-end=\"3181\" \/>- Vendeurs d'accessoires pour scooters et v\u00e9los \u00e9lectriques<br data-start=\"3219\" data-end=\"3222\" \/>- Agences de produits promotionnels<br data-start=\"3253\" data-end=\"3256\" \/>- Startups de la mode et du streetwear<\/p>\n<hr class=\"\" data-start=\"3291\" data-end=\"3294\" \/>\n<h3 class=\"\" data-start=\"3296\" data-end=\"3333\"><strong data-start=\"3300\" data-end=\"3332\">D\u00e9tails de la taille et de l'ajustement parfaits<\/strong>:<\/h3>\n<div class=\"group pointer-events-none relative flex justify-center *:pointer-events-auto\">\n<p>&nbsp;<\/p>\n<div class=\"tableContainer horzScrollShadows relative\">\n<table class=\"min-w-full\" data-start=\"3335\" data-end=\"3526\">\n<thead data-start=\"3335\" data-end=\"3387\">\n<tr data-start=\"3335\" data-end=\"3387\">\n<th data-start=\"3335\" data-end=\"3342\">Taille<\/th>\n<th data-start=\"3342\" data-end=\"3360\">Largeur de la paume (cm)<\/th>\n<th data-start=\"3360\" data-end=\"3387\">Circonf\u00e9rence de la paume (cm)<\/th>\n<\/tr>\n<\/thead>\n<tbody data-start=\"3441\" data-end=\"3526\">\n<tr data-start=\"3441\" data-end=\"3460\">\n<td class=\"max-w-[calc(var(--thread-content-max-width)*2\/3)]\" data-start=\"3441\" data-end=\"3445\">S<\/td>\n<td class=\"max-w-[calc(var(--thread-content-max-width)*2\/3)]\" data-start=\"3445\" data-end=\"3451\">7.5<\/td>\n<td class=\"max-w-[calc(var(--thread-content-max-width)*2\/3)]\" data-start=\"3451\" data-end=\"3460\">17-18<\/td>\n<\/tr>\n<tr data-start=\"3461\" data-end=\"3482\">\n<td class=\"max-w-[calc(var(--thread-content-max-width)*2\/3)]\" data-start=\"3461\" data-end=\"3465\">M<\/td>\n<td class=\"max-w-[calc(var(--thread-content-max-width)*2\/3)]\" data-start=\"3465\" data-end=\"3471\">8.5<\/td>\n<td class=\"max-w-[calc(var(--thread-content-max-width)*2\/3)]\" data-start=\"3471\" data-end=\"3482\">18-19.5<\/td>\n<\/tr>\n<tr data-start=\"3483\" data-end=\"3504\">\n<td class=\"max-w-[calc(var(--thread-content-max-width)*2\/3)]\" data-start=\"3483\" data-end=\"3487\">L<\/td>\n<td class=\"max-w-[calc(var(--thread-content-max-width)*2\/3)]\" data-start=\"3487\" data-end=\"3493\">9.5<\/td>\n<td class=\"max-w-[calc(var(--thread-content-max-width)*2\/3)]\" data-start=\"3493\" data-end=\"3504\">19.5-21<\/td>\n<\/tr>\n<tr data-start=\"3505\" data-end=\"3526\">\n<td class=\"max-w-[calc(var(--thread-content-max-width)*2\/3)]\" data-start=\"3505\" data-end=\"3510\">XL<\/td>\n<td class=\"max-w-[calc(var(--thread-content-max-width)*2\/3)]\" data-start=\"3510\" data-end=\"3517\">10.5<\/td>\n<td class=\"max-w-[calc(var(--thread-content-max-width)*2\/3)]\" data-start=\"3517\" data-end=\"3526\">21-23<\/td>\n<\/tr>\n<\/tbody>\n<\/table>\n<\/div>\n<\/div>\n<p class=\"\" data-start=\"3528\" data-end=\"3575\">(Con\u00e7ue pour un ajustement s\u00fbr et adapt\u00e9 aux mouvements).<\/p>","protected":false},"excerpt":{"rendered":"<h3 class=\"\" data-start=\"2428\" data-end=\"2481\"><strong data-start=\"2432\" data-end=\"2480\">Caract\u00e9ristiques principales pour les acheteurs en gros et au d\u00e9tail<\/strong>:<\/h3>\n<p class=\"\" data-start=\"2483\" data-end=\"3001\">???? <strong data-start=\"2486\" data-end=\"2523\">Design moderne europ\u00e9en minimaliste<\/strong>: \u00c9l\u00e9gant, audacieux et ax\u00e9 sur la performance.<br data-start=\"2562\" data-end=\"2565\" \/>???? <strong data-start=\"2568\" data-end=\"2602\">Avantage tarifaire pour les fabricants<\/strong>: Augmenter les marges b\u00e9n\u00e9ficiaires gr\u00e2ce \u00e0 l'approvisionnement direct de l'usine.<br data-start=\"2652\" data-end=\"2655\" \/>???? <strong data-start=\"2658\" data-end=\"2693\">Options de marquage compl\u00e8tes disponibles<\/strong>: S\u00e9rigraphie, broderie, patchs en caoutchouc, logos en silicone.<br data-start=\"2752\" data-end=\"2755\" \/>???? <strong data-start=\"2758\" data-end=\"2780\">Large demande du march\u00e9<\/strong>: Marques de v\u00e9lo, fitness, gym, streetwear, activewear.<br data-start=\"2834\" data-end=\"2837\" \/>???? <strong data-start=\"2840\" data-end=\"2881\">Production rapide et exp\u00e9dition fiable<\/strong>: Livraison mondiale en Europe, aux \u00c9tats-Unis et en Asie.<br data-start=\"2924\" data-end=\"2927\" \/>???? <strong data-start=\"2930\" data-end=\"2952\">Con\u00e7u pour une utilisation intensive<\/strong>: Durabilit\u00e9, respirabilit\u00e9, protection combin\u00e9es.<\/p>","protected":false},"featured_media":9043,"comment_status":"closed","ping_status":"closed","template":"","meta":[],"product_brand":[35],"product_cat":[152],"product_tag":[185,46,186,180,187,188,189,153,190,191],"class_list":{"0":"post-8995","1":"product","2":"type-product","3":"status-publish","4":"has-post-thumbnail","6":"product_brand-ryinz","7":"product_cat-street-bike-gloves","8":"product_tag-biking-gloves-for-street-riders","9":"product_tag-breathable-mesh-gloves","10":"product_tag-customizable-bike-gloves","11":"product_tag-ergonomic-street-bike-gloves","12":"product_tag-fingerless-street-bike-gloves","13":"product_tag-lycra-fourchettes-gloves","14":"product_tag-serino-palm-bike-gloves","15":"product_tag-street-bike-gloves","16":"product_tag-towel-thumb-bike-gloves","17":"product_tag-urban-biking-gloves","19":"first","20":"instock","21":"taxable","22":"shipping-taxable","23":"purchasable","24":"product-type-simple"},"_links":{"self":[{"href":"https:\/\/ryinz.cz\/velkoobchod\/fr\/wp-json\/wp\/v2\/product\/8995","targetHints":{"allow":["GET"]}}],"collection":[{"href":"https:\/\/ryinz.cz\/velkoobchod\/fr\/wp-json\/wp\/v2\/product"}],"about":[{"href":"https:\/\/ryinz.cz\/velkoobchod\/fr\/wp-json\/wp\/v2\/types\/product"}],"replies":[{"embeddable":true,"href":"https:\/\/ryinz.cz\/velkoobchod\/fr\/wp-json\/wp\/v2\/comments?post=8995"}],"wp:featuredmedia":[{"embeddable":true,"href":"https:\/\/ryinz.cz\/velkoobchod\/fr\/wp-json\/wp\/v2\/media\/9043"}],"wp:attachment":[{"href":"https:\/\/ryinz.cz\/velkoobchod\/fr\/wp-json\/wp\/v2\/media?parent=8995"}],"wp:term":[{"taxonomy":"product_brand","embeddable":true,"href":"https:\/\/ryinz.cz\/velkoobchod\/fr\/wp-json\/wp\/v2\/product_brand?post=8995"},{"taxonomy":"product_cat","embeddable":true,"href":"https:\/\/ryinz.cz\/velkoobchod\/fr\/wp-json\/wp\/v2\/product_cat?post=8995"},{"taxonomy":"product_tag","embeddable":true,"href":"https:\/\/ryinz.cz\/velkoobchod\/fr\/wp-json\/wp\/v2\/product_tag?post=8995"}],"curies":[{"name":"wp","href":"https:\/\/api.w.org\/{rel}","templated":true}]}}