{"id":8994,"date":"2025-06-22T15:24:50","date_gmt":"2025-06-22T15:24:50","guid":{"rendered":"https:\/\/ryinz.cz\/velkoobchod\/?post_type=product&#038;p=8994"},"modified":"2026-01-18T20:17:19","modified_gmt":"2026-01-18T20:17:19","slug":"ryinz-half-finger-urban-performance-gloves-premium-comfort-for-street-biking-gym-fitness-training-wholesale-and-private-label","status":"publish","type":"product","link":"https:\/\/ryinz.cz\/velkoobchod\/fr\/product\/ryinz-half-finger-urban-performance-gloves-premium-comfort-for-street-biking-gym-fitness-training-wholesale-and-private-label\/","title":{"rendered":"Ryinz Half-Finger Urban Performance Gloves | Premium Comfort for Street Biking, Gym, Fitness Training - Wholesale and Private Label"},"content":{"rendered":"<p class=\"\" data-start=\"480\" data-end=\"727\">Au <strong data-start=\"483\" data-end=\"492\">Ryinz<\/strong>, Nous sommes fiers de fournir des produits de qualit\u00e9 sup\u00e9rieure qui renforcent les marques, \u00e9l\u00e8vent les d\u00e9taillants et ravissent les utilisateurs finaux \u00e0 travers l'Europe, les \u00c9tats-Unis et l'Asie.<br data-start=\"630\" data-end=\"633\" \/>Nous sommes le moteur invisible du commerce international - nous ouvrons des portes pour que vous puissiez conclure des ventes.<\/p>\n<p class=\"\" data-start=\"729\" data-end=\"1045\">Pr\u00e9sentation de la derni\u00e8re <strong data-start=\"752\" data-end=\"798\">Gants de performance urbaine \u00e0 demi-doigts Ryinz<\/strong> - une fusion parfaite de la fonction, du confort et du design contemporain. Ces gants sont con\u00e7us pour les cyclistes, les athl\u00e8tes, les navetteurs et les amateurs de sport qui ont besoin d'une dext\u00e9rit\u00e9, d'une adh\u00e9rence et d'une respirabilit\u00e9 maximales lors d'activit\u00e9s de haute performance.<\/p>\n<p class=\"\" data-start=\"1047\" data-end=\"1482\">Fabriqu\u00e9s \u00e0 partir d'un m\u00e9lange sup\u00e9rieur de tissus flexibles et durables, ces gants offrent une coupe ergonomique parfaite qui bouge naturellement avec vos mains. La conception assure une ventilation compl\u00e8te du revers de la main tout en offrant une paume textur\u00e9e en daim tr\u00e8s durable pour une prise en main s\u00fbre dans toutes les conditions. Qu'il s'agisse de saisir un guidon, de soulever des poids ou de manipuler un \u00e9quipement tactique, ces gants offrent un contr\u00f4le pr\u00e9cis et un confort tout au long de la journ\u00e9e.<\/p>\n<p class=\"\" data-start=\"1484\" data-end=\"1796\">Leur style minimaliste et \u00e9l\u00e9gant les rend id\u00e9aux non seulement pour les performances, mais aussi pour les amateurs de mode urbaine \u00e0 la recherche d'une touche sportive. Leur construction l\u00e9g\u00e8re et respirante en fait les gants id\u00e9aux pour les activit\u00e9s par temps chaud, les entra\u00eenements de fitness, les trajets en ville ou les aventures d\u00e9contract\u00e9es en plein air.<\/p>\n<p class=\"\" data-start=\"1798\" data-end=\"2163\">Ryinz propose des services de marque priv\u00e9e, de marquage de logo personnalis\u00e9, de fabrication OEM et de distribution en gros, afin de vous aider \u00e0 d\u00e9velopper votre marque en toute simplicit\u00e9 sur les march\u00e9s europ\u00e9ens et am\u00e9ricains.<br data-start=\"1980\" data-end=\"1983\" \/>Des petites entreprises aux grands distributeurs, Ryinz s'engage \u00e0 fournir des solutions \u00e9volutives et de haute qualit\u00e9, avec des quantit\u00e9s minimales de commande flexibles et des d\u00e9lais de production rapides.<\/p>\n<p class=\"\" data-start=\"2165\" data-end=\"2303\">Choisissez les gants de performance urbaine \u00e0 demi-doigts Ryinz pour offrir \u00e0 vos clients une qualit\u00e9 sup\u00e9rieure, un design moderne et des performances ultimes.<\/p>\n<hr class=\"\" data-start=\"2305\" data-end=\"2308\" \/>\n<h1 class=\"\" data-start=\"2310\" data-end=\"2344\">???? <strong data-start=\"2315\" data-end=\"2344\">Principales caract\u00e9ristiques et avantages<\/strong><\/h1>\n<p class=\"\" data-start=\"2346\" data-end=\"2513\">???? <strong data-start=\"2349\" data-end=\"2380\">Construction en tissu de premi\u00e8re qualit\u00e9<\/strong><br data-start=\"2380\" data-end=\"2383\" \/>Fabriqu\u00e9 \u00e0 partir de mat\u00e9riaux l\u00e9gers et tr\u00e8s extensibles, il assure une coupe \u00e9troite et naturelle qui permet une mobilit\u00e9 totale de la main sans restriction.<\/p>\n<p class=\"\" data-start=\"2515\" data-end=\"2679\">???? <strong data-start=\"2518\" data-end=\"2552\">Paume renforc\u00e9e en su\u00e9dine<\/strong><br data-start=\"2552\" data-end=\"2555\" \/>Offre une adh\u00e9rence exceptionnelle et une protection contre les abrasions, ce qui permet aux cyclistes, aux athl\u00e8tes et aux navetteurs d'avoir un meilleur contr\u00f4le et une plus grande s\u00e9curit\u00e9.<\/p>\n<p class=\"\" data-start=\"2681\" data-end=\"2828\">???? <strong data-start=\"2684\" data-end=\"2714\">Panneaux dorsaux respirants<\/strong><br data-start=\"2714\" data-end=\"2717\" \/>Maximise la circulation de l'air, r\u00e9duit l'accumulation de sueur et garde les mains plus fra\u00eeches pendant les s\u00e9ances d'entra\u00eenement, les randonn\u00e9es ou les activit\u00e9s de plein air.<\/p>\n<p class=\"\" data-start=\"2830\" data-end=\"3011\">???? <strong data-start=\"2833\" data-end=\"2877\">Demi-doigts pour un maximum de dext\u00e9rit\u00e9<\/strong><br data-start=\"2877\" data-end=\"2880\" \/>Les utilisateurs b\u00e9n\u00e9ficient d'une plus grande libert\u00e9 et d'un retour d'information tactile, id\u00e9al pour un contr\u00f4le pr\u00e9cis du guidon, l'utilisation d'un smartphone ou le maniement d'un \u00e9quipement de gymnastique.<\/p>\n<p class=\"\" data-start=\"3013\" data-end=\"3193\">???? <strong data-start=\"3016\" data-end=\"3046\">Style urbain minimaliste<\/strong><br data-start=\"3046\" data-end=\"3049\" \/>L'esth\u00e9tique moderne et \u00e9pur\u00e9e garantit que ces gants sont non seulement fonctionnels, mais aussi suffisamment \u00e9l\u00e9gants pour \u00eatre port\u00e9s de mani\u00e8re d\u00e9contract\u00e9e, pour les v\u00eatements de sport et pour la mode urbaine de tous les jours.<\/p>\n<p class=\"\" data-start=\"3195\" data-end=\"3321\">???? <strong data-start=\"3198\" data-end=\"3239\">Doublure \u00e0 s\u00e9chage rapide et \u00e9vacuation de l'humidit\u00e9<\/strong><br data-start=\"3239\" data-end=\"3242\" \/>Garantit que les mains restent s\u00e8ches et confortables, m\u00eame lors d'activit\u00e9s physiques intenses.<\/p>\n<p class=\"\" data-start=\"3323\" data-end=\"3471\">???? <strong data-start=\"3326\" data-end=\"3357\">Fermeture s\u00e9curis\u00e9e du poignet par velcro<\/strong><br data-start=\"3357\" data-end=\"3360\" \/>La sangle de poignet r\u00e9glable offre un ajustement personnalis\u00e9 et s\u00fbr, garantissant que les gants restent en place lors d'une utilisation rigoureuse.<\/p>\n<p class=\"\" data-start=\"3473\" data-end=\"3626\">???? <strong data-start=\"3476\" data-end=\"3508\">Parfait pour une utilisation par temps chaud<\/strong><br data-start=\"3508\" data-end=\"3511\" \/>Gr\u00e2ce \u00e0 leur l\u00e9g\u00e8ret\u00e9, ces gants sont id\u00e9aux pour l'\u00e9quitation au printemps et en \u00e9t\u00e9, les s\u00e9ances d'entra\u00eenement en salle de sport et le fitness.<\/p>\n<p class=\"\" data-start=\"3628\" data-end=\"3824\">???? <strong data-start=\"3631\" data-end=\"3683\">Services de logos personnalis\u00e9s et de marques priv\u00e9es disponibles<\/strong><br data-start=\"3683\" data-end=\"3686\" \/>Ryinz propose des solutions de marquage sur mesure pour vous aider \u00e0 promouvoir votre identit\u00e9, en offrant des logos personnalis\u00e9s, des emballages et la personnalisation des produits.<\/p>\n<p class=\"\" data-start=\"3826\" data-end=\"3990\">???? <strong data-start=\"3829\" data-end=\"3870\">Des solutions flexibles pour les commandes en gros et les quantit\u00e9s minimales<\/strong><br data-start=\"3870\" data-end=\"3873\" \/>Commencez petit ou augmentez rapidement gr\u00e2ce \u00e0 nos exigences flexibles en mati\u00e8re de minimum de commande et \u00e0 nos services efficaces d'exp\u00e9dition internationale.<\/p>\n<hr class=\"\" data-start=\"3992\" data-end=\"3995\" \/>\n<h1 class=\"\" data-start=\"3997\" data-end=\"4028\">???? <strong data-start=\"4002\" data-end=\"4028\">Sp\u00e9cifications des produits<\/strong><\/h1>\n<p class=\"\" data-start=\"4030\" data-end=\"4513\">- <strong data-start=\"4032\" data-end=\"4044\">Mat\u00e9riau<\/strong>: Tissu haute performance extensible + paume renforc\u00e9e par un rev\u00eatement en daim<br data-start=\"4107\" data-end=\"4110\" \/>- <strong data-start=\"4112\" data-end=\"4121\">Couleur<\/strong>: Gris urbain et noir (couleurs personnalis\u00e9es disponibles)<br data-start=\"4169\" data-end=\"4172\" \/>- <strong data-start=\"4174\" data-end=\"4183\">Tailles<\/strong>: S, M, L, XL, XXL<br data-start=\"4201\" data-end=\"4204\" \/>- <strong data-start=\"4206\" data-end=\"4221\">Saisonnalit\u00e9<\/strong>: Id\u00e9al pour le printemps, l'\u00e9t\u00e9 et le temps doux<br data-start=\"4265\" data-end=\"4268\" \/>- <strong data-start=\"4270\" data-end=\"4280\">Conception<\/strong>: Adaptation ergonomique \u00e0 mi-doigt<br data-start=\"4307\" data-end=\"4310\" \/>- <strong data-start=\"4312\" data-end=\"4323\">Fermeture<\/strong>: Courroie de poignet ajustable en velcro<br data-start=\"4354\" data-end=\"4357\" \/>- <strong data-start=\"4359\" data-end=\"4376\">Personnalisation<\/strong>: Impression de logos, label priv\u00e9, production OEM disponible<br data-start=\"4432\" data-end=\"4435\" \/>- <strong data-start=\"4437\" data-end=\"4444\">MOQ<\/strong>: A partir de faibles minima - id\u00e9al pour les petites marques et les acheteurs en gros<\/p>\n<hr class=\"\" data-start=\"4515\" data-end=\"4518\" \/>\n<h1 class=\"\" data-start=\"4520\" data-end=\"4558\">???? <strong data-start=\"4525\" data-end=\"4558\">Applications et acheteurs id\u00e9aux<\/strong><\/h1>\n<p class=\"\" data-start=\"4560\" data-end=\"4873\">- Cyclistes de rue<br data-start=\"4580\" data-end=\"4583\" \/>- Les navetteurs \u00e0 moto et \u00e0 scooter<br data-start=\"4617\" data-end=\"4620\" \/>- Les passionn\u00e9s de fitness et de gymnastique<br data-start=\"4649\" data-end=\"4652\" \/>- Les amateurs de sports d'aventure et de plein air<br data-start=\"4687\" data-end=\"4690\" \/>- Athl\u00e8tes de CrossFit et d'halt\u00e9rophilie<br data-start=\"4727\" data-end=\"4730\" \/>- Marques de mode urbaine<br data-start=\"4752\" data-end=\"4755\" \/>- Fournisseurs d'\u00e9quipements tactiques<br data-start=\"4780\" data-end=\"4783\" \/>- Vendeurs d'e-commerce et dropshippers<br data-start=\"4820\" data-end=\"4823\" \/>- Magasins d'\u00e9quipement pour motocycles<br data-start=\"4846\" data-end=\"4849\" \/>- Startups de marques priv\u00e9es<\/p>\n<hr class=\"\" data-start=\"4875\" data-end=\"4878\" \/>\n<h1 class=\"\" data-start=\"4880\" data-end=\"4946\">???? <strong data-start=\"4885\" data-end=\"4946\">Pourquoi choisir Ryinz pour la fabrication et la fourniture de gants ?<\/strong><\/h1>\n<p class=\"\" data-start=\"4948\" data-end=\"5245\">- Fournisseur OEM\/ODM de confiance pour l'UE et les \u00c9tats-Unis<br data-start=\"4989\" data-end=\"4992\" \/>- Des designs modernes qui correspondent aux tendances europ\u00e9ennes<br data-start=\"5035\" data-end=\"5038\" \/>- Remises en gros et faibles QMV<br data-start=\"5076\" data-end=\"5079\" \/>- Support complet pour les marques priv\u00e9es et les marques d\u00e9pos\u00e9es<br data-start=\"5120\" data-end=\"5123\" \/>- \u00c9quipe d'assistance d\u00e9di\u00e9e aux acheteurs<br data-start=\"5153\" data-end=\"5156\" \/>- Production rapide et exp\u00e9dition internationale<br data-start=\"5200\" data-end=\"5203\" \/>- Contr\u00f4le de la qualit\u00e9 et normes coh\u00e9rentes<\/p>","protected":false},"excerpt":{"rendered":"<p class=\"\" data-start=\"2346\" data-end=\"2513\">???? <strong data-start=\"2349\" data-end=\"2380\">Construction en tissu de premi\u00e8re qualit\u00e9<\/strong><br data-start=\"2380\" data-end=\"2383\" \/>Fabriqu\u00e9 \u00e0 partir de mat\u00e9riaux l\u00e9gers et tr\u00e8s extensibles, il assure une coupe \u00e9troite et naturelle qui permet une mobilit\u00e9 totale de la main sans restriction.<\/p>\n<p class=\"\" data-start=\"2515\" data-end=\"2679\">???? <strong data-start=\"2518\" data-end=\"2552\">Paume renforc\u00e9e en su\u00e9dine<\/strong><br data-start=\"2552\" data-end=\"2555\" \/>Offre une adh\u00e9rence exceptionnelle et une protection contre les abrasions, ce qui permet aux cyclistes, aux athl\u00e8tes et aux navetteurs d'avoir un meilleur contr\u00f4le et une plus grande s\u00e9curit\u00e9.<\/p>\n<p class=\"\" data-start=\"2681\" data-end=\"2828\">???? <strong data-start=\"2684\" data-end=\"2714\">Panneaux dorsaux respirants<\/strong><\/p>","protected":false},"featured_media":9056,"comment_status":"closed","ping_status":"closed","template":"","meta":[],"product_brand":[35],"product_cat":[152],"product_tag":[185,46,186,180,187,188,189,153,190,191],"class_list":{"0":"post-8994","1":"product","2":"type-product","3":"status-publish","4":"has-post-thumbnail","6":"product_brand-ryinz","7":"product_cat-street-bike-gloves","8":"product_tag-biking-gloves-for-street-riders","9":"product_tag-breathable-mesh-gloves","10":"product_tag-customizable-bike-gloves","11":"product_tag-ergonomic-street-bike-gloves","12":"product_tag-fingerless-street-bike-gloves","13":"product_tag-lycra-fourchettes-gloves","14":"product_tag-serino-palm-bike-gloves","15":"product_tag-street-bike-gloves","16":"product_tag-towel-thumb-bike-gloves","17":"product_tag-urban-biking-gloves","19":"first","20":"instock","21":"taxable","22":"shipping-taxable","23":"purchasable","24":"product-type-simple"},"_links":{"self":[{"href":"https:\/\/ryinz.cz\/velkoobchod\/fr\/wp-json\/wp\/v2\/product\/8994","targetHints":{"allow":["GET"]}}],"collection":[{"href":"https:\/\/ryinz.cz\/velkoobchod\/fr\/wp-json\/wp\/v2\/product"}],"about":[{"href":"https:\/\/ryinz.cz\/velkoobchod\/fr\/wp-json\/wp\/v2\/types\/product"}],"replies":[{"embeddable":true,"href":"https:\/\/ryinz.cz\/velkoobchod\/fr\/wp-json\/wp\/v2\/comments?post=8994"}],"wp:featuredmedia":[{"embeddable":true,"href":"https:\/\/ryinz.cz\/velkoobchod\/fr\/wp-json\/wp\/v2\/media\/9056"}],"wp:attachment":[{"href":"https:\/\/ryinz.cz\/velkoobchod\/fr\/wp-json\/wp\/v2\/media?parent=8994"}],"wp:term":[{"taxonomy":"product_brand","embeddable":true,"href":"https:\/\/ryinz.cz\/velkoobchod\/fr\/wp-json\/wp\/v2\/product_brand?post=8994"},{"taxonomy":"product_cat","embeddable":true,"href":"https:\/\/ryinz.cz\/velkoobchod\/fr\/wp-json\/wp\/v2\/product_cat?post=8994"},{"taxonomy":"product_tag","embeddable":true,"href":"https:\/\/ryinz.cz\/velkoobchod\/fr\/wp-json\/wp\/v2\/product_tag?post=8994"}],"curies":[{"name":"wp","href":"https:\/\/api.w.org\/{rel}","templated":true}]}}