{"id":8993,"date":"2025-06-22T15:24:50","date_gmt":"2025-06-22T15:24:50","guid":{"rendered":"https:\/\/ryinz.cz\/velkoobchod\/?post_type=product&#038;p=8993"},"modified":"2026-01-18T20:17:18","modified_gmt":"2026-01-18T20:17:18","slug":"gants-de-velo-de-rue-ryinz-protection-legere-eu-designs-fabricant-et-fournisseur-de-logo-personnalise","status":"publish","type":"product","link":"https:\/\/ryinz.cz\/velkoobchod\/fr\/product\/street-bike-gloves-wholesale-ryinz-lightweight-protection-eu-designs-manufacturer-and-custom-logo-supplier\/","title":{"rendered":"Gants Street Bike Wholesale | Ryinz | Protection l\u00e9g\u00e8re | EU Designs | Fabricant et fournisseur de logos personnalis\u00e9s"},"content":{"rendered":"<p class=\"\" data-start=\"267\" data-end=\"385\"><strong data-start=\"267\" data-end=\"385\">Gants Street Bike Wholesale | Ryinz | Protection l\u00e9g\u00e8re | EU Designs | Fabricant et fournisseur de logos personnalis\u00e9s<\/strong><\/p>\n<p class=\"\" data-start=\"387\" data-end=\"737\">Au <strong data-start=\"390\" data-end=\"399\">Ryinz<\/strong>, En tant qu'entreprise de services, nous soutenons les marques et les entreprises dans le monde entier en offrant des produits de haute performance con\u00e7us selon les normes de qualit\u00e9 europ\u00e9ennes.<br data-start=\"521\" data-end=\"524\" \/>Nous sommes le <strong data-start=\"535\" data-end=\"582\">moteur invisible du commerce international<\/strong>, qui met en relation des fabricants, des marques et des acheteurs de premier ordre dans toute l'Europe, aux \u00c9tats-Unis et en Asie.<br data-start=\"670\" data-end=\"673\" \/>Notre mission est simple : <strong data-start=\"696\" data-end=\"737\">Nous ouvrons des portes pour que vous puissiez conclure des ventes.<\/strong><\/p>\n<p class=\"\" data-start=\"739\" data-end=\"919\">Pr\u00e9sentation de la <strong data-start=\"755\" data-end=\"783\">Gants Ryinz Street Bike<\/strong> - la fusion ultime du confort, de la protection, du style et de la performance. Parfait pour les cyclistes qui exigent un \u00e9quipement qui travaille aussi dur qu'eux.<\/p>\n<hr class=\"\" data-start=\"921\" data-end=\"924\" \/>\n<h3 class=\"\" data-start=\"926\" data-end=\"953\"><strong data-start=\"930\" data-end=\"952\">Points forts du produit<\/strong>:<\/h3>\n<p class=\"\" data-start=\"955\" data-end=\"1402\">\u2705 <strong data-start=\"957\" data-end=\"973\">Nom du produit<\/strong>: Ryinz Street Bike Riding Gloves<br data-start=\"1006\" data-end=\"1009\" \/>\u2705 <strong data-start=\"1011\" data-end=\"1023\">Mat\u00e9riau<\/strong>: Tissu mesh respirant + paume renforc\u00e9e en PU<br data-start=\"1068\" data-end=\"1071\" \/>\u2705 <strong data-start=\"1073\" data-end=\"1082\">Couleur<\/strong>: Bleu ciel\/noir (couleurs personnalis\u00e9es disponibles)<br data-start=\"1124\" data-end=\"1127\" \/>\u2705 <strong data-start=\"1129\" data-end=\"1145\">Options du logo<\/strong>: Vierge, s\u00e9rigraphie personnalis\u00e9e, \u00e9cusson en caoutchouc, broderie<br data-start=\"1202\" data-end=\"1205\" \/>\u2705 <strong data-start=\"1207\" data-end=\"1217\">Conception<\/strong>:<br data-start=\"1218\" data-end=\"1221\" \/>- Demi-doigts pour un contr\u00f4le maximal<br data-start=\"1261\" data-end=\"1264\" \/>- Paume rembourr\u00e9e pour l'absorption des chocs<br data-start=\"1298\" data-end=\"1301\" \/>- Courroie de poignet r\u00e9glable pour une bonne tenue<br data-start=\"1340\" data-end=\"1343\" \/>- Am\u00e9lioration de la prise antid\u00e9rapante<br data-start=\"1372\" data-end=\"1375\" \/>- Maille respirante<\/p>\n<p class=\"\" data-start=\"1404\" data-end=\"1464\">\u2705 <strong data-start=\"1406\" data-end=\"1425\">Tailles disponibles<\/strong>: S, M, L, XL (taille personnalis\u00e9e disponible)<\/p>\n<p class=\"\" data-start=\"1466\" data-end=\"1681\">\u2705 <strong data-start=\"1468\" data-end=\"1475\">En forme<\/strong>: L\u00e9ger, ergonomique et performant<br data-start=\"1521\" data-end=\"1524\" \/>\u2705 <strong data-start=\"1526\" data-end=\"1533\">Utilisation<\/strong>: V\u00e9lo de rue, v\u00e9lo de route, fitness, activit\u00e9s de plein air, scooter \u00e9lectrique<br data-start=\"1609\" data-end=\"1612\" \/>\u2705 <strong data-start=\"1614\" data-end=\"1621\">MOQ<\/strong>: Faibles minima pour la personnalisation de la vente en gros et de la marque priv\u00e9e<\/p>\n<hr class=\"\" data-start=\"1683\" data-end=\"1686\" \/>\n<h3 class=\"\" data-start=\"1688\" data-end=\"1717\"><strong data-start=\"1692\" data-end=\"1716\">Description d\u00e9taill\u00e9e<\/strong>:<\/h3>\n<p class=\"\" data-start=\"1719\" data-end=\"1872\">Roulez plus fort, plus longtemps et plus intelligemment avec la <strong data-start=\"1761\" data-end=\"1789\">Gants Ryinz Street Bike<\/strong> - con\u00e7u pour les guerriers urbains, les adeptes du fitness et les cyclistes ax\u00e9s sur la performance.<\/p>\n<p class=\"\" data-start=\"1874\" data-end=\"2175\">Ces gants combinent <strong data-start=\"1895\" data-end=\"1926\">maille l\u00e9g\u00e8re et respirante<\/strong> avec <strong data-start=\"1932\" data-end=\"1962\">paumes renforc\u00e9es en PU<\/strong>, Les chaussures de sport de la s\u00e9rie \" B \" offrent un m\u00e9lange puissant de confort, d'a\u00e9ration et d'adh\u00e9rence.<br data-start=\"2024\" data-end=\"2027\" \/>La conception en demi-doigts offre <strong data-start=\"2057\" data-end=\"2081\">contr\u00f4le tactile complet<\/strong>, Le syst\u00e8me d'entra\u00eenement \u00e0 la conduite permet aux pilotes de saisir le guidon, les freins et l'acc\u00e9l\u00e9rateur en toute confiance et avec pr\u00e9cision.<\/p>\n<p class=\"\" data-start=\"2177\" data-end=\"2472\">Un <strong data-start=\"2180\" data-end=\"2206\">sangle de poignet r\u00e9glable<\/strong> assure un ajustement personnalis\u00e9 et verrouill\u00e9, tandis que les am\u00e9liorations de la paume antid\u00e9rapante assurent la stabilit\u00e9 dans des conditions humides ou s\u00e8ches.<br data-start=\"2323\" data-end=\"2326\" \/>Parfait pour <strong data-start=\"2338\" data-end=\"2355\">cyclistes de rue<\/strong>, <strong data-start=\"2357\" data-end=\"2374\">cyclistes sur route<\/strong>, <strong data-start=\"2376\" data-end=\"2393\">Les cyclistes \u00e9lectriques<\/strong>, et m\u00eame <strong data-start=\"2404\" data-end=\"2417\">les adeptes de la gymnastique<\/strong> \u00e0 la recherche d'une adh\u00e9rence suppl\u00e9mentaire lors d'entra\u00eenements de haute intensit\u00e9.<\/p>\n<p class=\"\" data-start=\"2474\" data-end=\"2647\">Disponible avec <strong data-start=\"2489\" data-end=\"2516\">options de marquage personnalis\u00e9es<\/strong>, Les gants Ryinz sont des produits promotionnels fantastiques, des compl\u00e9ments \u00e0 la ligne de vente au d\u00e9tail ou des marchandises de marque pour les \u00e9v\u00e9nements, les \u00e9quipes et les entreprises.<\/p>\n<hr class=\"\" data-start=\"2649\" data-end=\"2652\" \/>\n<h3 class=\"\" data-start=\"2654\" data-end=\"2707\"><strong data-start=\"2658\" data-end=\"2706\">Caract\u00e9ristiques principales pour les acheteurs en gros et au d\u00e9tail<\/strong>:<\/h3>\n<p><strong data-start=\"2712\" data-end=\"2736\">Conception de l'ing\u00e9nierie de l'UE<\/strong>: Combine la fonction, la coupe et un style frais, con\u00e7u pour les march\u00e9s europ\u00e9ens et mondiaux.<br data-start=\"2816\" data-end=\"2819\" \/><strong data-start=\"2822\" data-end=\"2853\">Prix direct du fabricant<\/strong>: Le meilleur rapport qualit\u00e9-prix sans interm\u00e9diaire.<br data-start=\"2884\" data-end=\"2887\" \/><strong data-start=\"2890\" data-end=\"2911\">Logo personnalis\u00e9 pr\u00eat \u00e0 l'emploi<\/strong>: Ajoutez votre marque par s\u00e9rigraphie, broderie ou logo en caoutchouc.<br data-start=\"2981\" data-end=\"2984\" \/><strong data-start=\"2987\" data-end=\"3010\">Un large \u00e9ventail de march\u00e9s<\/strong>: Parfait pour les cyclistes urbains, les magasins de cyclisme, les marques de sport, les salles de sport et les d\u00e9taillants en ligne.<br data-start=\"3095\" data-end=\"3098\" \/><strong data-start=\"3101\" data-end=\"3133\">Production et livraison rapides<\/strong>: Support complet pour les acheteurs B2B du monde entier.<strong data-start=\"3179\" data-end=\"3207\">La durabilit\u00e9 au service du confort<\/strong>: Coutures renforc\u00e9es, zones de pr\u00e9hension s\u00fbres, mat\u00e9riaux respirants de premi\u00e8re qualit\u00e9.<\/p>\n<hr class=\"\" data-start=\"3281\" data-end=\"3284\" \/>\n<h3 class=\"\" data-start=\"3286\" data-end=\"3312\"><strong data-start=\"3290\" data-end=\"3311\">Id\u00e9es d'application<\/strong>:<\/h3>\n<p class=\"\" data-start=\"3314\" data-end=\"3555\">- D\u00e9taillants de motos et d'\u00e9quipements pour motocyclettes<br data-start=\"3357\" data-end=\"3360\" \/>- Magasins de v\u00e9los et de scooters \u00e9lectriques<br data-start=\"3389\" data-end=\"3392\" \/>- Marques de fitness et de gymnastique<br data-start=\"3416\" data-end=\"3419\" \/>- D\u00e9taillants de produits d'aventure en plein air<br data-start=\"3448\" data-end=\"3451\" \/>- Startups de v\u00eatements de sport urbains<br data-start=\"3478\" data-end=\"3481\" \/>- Marques priv\u00e9es de v\u00eatements de ville<br data-start=\"3514\" data-end=\"3517\" \/>- Cadeaux pour les \u00e9v\u00e9nements et promotions de la marque<\/p>\n<hr class=\"\" data-start=\"3557\" data-end=\"3560\" \/>\n<h3 class=\"\" data-start=\"3562\" data-end=\"3599\"><strong data-start=\"3566\" data-end=\"3598\">D\u00e9tails de la taille et de l'ajustement parfaits<\/strong>:<\/h3>\n<div class=\"group pointer-events-none relative flex justify-center *:pointer-events-auto\">\n<p>&nbsp;<\/p>\n<div class=\"tableContainer horzScrollShadows relative\">\n<table class=\"min-w-full\" data-start=\"3601\" data-end=\"3792\">\n<thead data-start=\"3601\" data-end=\"3653\">\n<tr data-start=\"3601\" data-end=\"3653\">\n<th data-start=\"3601\" data-end=\"3608\">Taille<\/th>\n<th data-start=\"3608\" data-end=\"3626\">Largeur de la paume (cm)<\/th>\n<th data-start=\"3626\" data-end=\"3653\">Circonf\u00e9rence de la paume (cm)<\/th>\n<\/tr>\n<\/thead>\n<tbody data-start=\"3707\" data-end=\"3792\">\n<tr data-start=\"3707\" data-end=\"3726\">\n<td class=\"max-w-[calc(var(--thread-content-max-width)*2\/3)]\" data-start=\"3707\" data-end=\"3711\">S<\/td>\n<td class=\"max-w-[calc(var(--thread-content-max-width)*2\/3)]\" data-start=\"3711\" data-end=\"3717\">7.5<\/td>\n<td class=\"max-w-[calc(var(--thread-content-max-width)*2\/3)]\" data-start=\"3717\" data-end=\"3726\">17-18<\/td>\n<\/tr>\n<tr data-start=\"3727\" data-end=\"3748\">\n<td class=\"max-w-[calc(var(--thread-content-max-width)*2\/3)]\" data-start=\"3727\" data-end=\"3731\">M<\/td>\n<td class=\"max-w-[calc(var(--thread-content-max-width)*2\/3)]\" data-start=\"3731\" data-end=\"3737\">8.5<\/td>\n<td class=\"max-w-[calc(var(--thread-content-max-width)*2\/3)]\" data-start=\"3737\" data-end=\"3748\">18-19.5<\/td>\n<\/tr>\n<tr data-start=\"3749\" data-end=\"3770\">\n<td class=\"max-w-[calc(var(--thread-content-max-width)*2\/3)]\" data-start=\"3749\" data-end=\"3753\">L<\/td>\n<td class=\"max-w-[calc(var(--thread-content-max-width)*2\/3)]\" data-start=\"3753\" data-end=\"3759\">9.5<\/td>\n<td class=\"max-w-[calc(var(--thread-content-max-width)*2\/3)]\" data-start=\"3759\" data-end=\"3770\">19.5-21<\/td>\n<\/tr>\n<tr data-start=\"3771\" data-end=\"3792\">\n<td class=\"max-w-[calc(var(--thread-content-max-width)*2\/3)]\" data-start=\"3771\" data-end=\"3776\">XL<\/td>\n<td class=\"max-w-[calc(var(--thread-content-max-width)*2\/3)]\" data-start=\"3776\" data-end=\"3783\">10.5<\/td>\n<td class=\"max-w-[calc(var(--thread-content-max-width)*2\/3)]\" data-start=\"3783\" data-end=\"3792\">21-23<\/td>\n<\/tr>\n<\/tbody>\n<\/table>\n<\/div>\n<\/div>\n<p class=\"\" data-start=\"3794\" data-end=\"3868\">(Dimensionn\u00e9 pour un ajustement s\u00fbr et performant pour diff\u00e9rentes tailles de mains).<\/p>\n<hr class=\"\" data-start=\"3870\" data-end=\"3873\" \/>\n<h3 class=\"\" data-start=\"3875\" data-end=\"3919\"><strong data-start=\"3879\" data-end=\"3918\">Mots-cl\u00e9s riches en SEO (s\u00e9par\u00e9s par des virgules)<\/strong>:<\/h3>\n<p class=\"\" data-start=\"3921\" data-end=\"4558\">Gants de v\u00e9lo de rue en gros, Ryinz biking gloves supplier, half-finger bike gloves manufacturer, custom logo cycling gloves, lightweight motorcycle gloves wholesale, EU design bike gloves supplier, breathable street riding gloves, reinforced palm gloves wholesale, anti-slip cycling gloves supplier, private label bike gloves Europe, fitness gloves for urban riding, e-bike gloves wholesale supplier, custom branding gloves for sports brands, motorcycle gear gloves wholesale, outdoor sports gloves Europe, durable riding gloves for retail, road cycling gloves bulk, street sports gloves manufacturer, urban biking gloves for e-commerce<\/p>\n<hr class=\"\" data-start=\"4560\" data-end=\"4563\" \/>\n<h3 class=\"\" data-start=\"4565\" data-end=\"4590\"><strong data-start=\"4569\" data-end=\"4590\">Pourquoi choisir Ryinz ?<\/strong><\/h3>\n<p class=\"\" data-start=\"4592\" data-end=\"4898\"><strong data-start=\"4595\" data-end=\"4604\">Ryinz<\/strong> permet aux d\u00e9taillants, aux marques et aux entreprises d'avoir un acc\u00e8s direct \u00e0 des produits de qualit\u00e9 et tr\u00e8s demand\u00e9s.<br data-start=\"4708\" data-end=\"4711\" \/>\u00a0Avec Ryinz, vous b\u00e9n\u00e9ficiez d'une personnalisation rapide, d'une production de qualit\u00e9 et de solutions de marque intelligentes qui vous aident \u00e0 vous d\u00e9marquer et \u00e0 vous d\u00e9velopper rapidement, que vous vendiez en ligne, dans des magasins ou lors d'\u00e9v\u00e9nements.<\/p>\n<p class=\"\" data-start=\"4900\" data-end=\"5006\">Choisir Ryinz, c'est choisir l'innovation, le partenariat et une approche commerciale tourn\u00e9e vers l'avenir.<\/p>\n<hr class=\"\" data-start=\"5008\" data-end=\"5011\" \/>\n<h3 class=\"\" data-start=\"5013\" data-end=\"5073\"><strong data-start=\"5017\" data-end=\"5073\">Contacter Ryinz pour les commandes en gros et les marques priv\u00e9es<\/strong><\/h3>\n<p class=\"\" data-start=\"5075\" data-end=\"5152\">\u00cates-vous pr\u00eat \u00e0 proposer des gants de v\u00e9lo haute performance que vos clients vont adorer ?<\/p>\n<p class=\"\" data-start=\"5154\" data-end=\"5282\"><strong data-start=\"5157\" data-end=\"5168\">Site web<\/strong>: <a class=\"\" href=\"https:\/\/ryinz.cz\/velkoobchod\/fr\/\" target=\"_new\" rel=\"noopener\" data-start=\"5170\" data-end=\"5208\">www.ryinz.com<\/a><br data-start=\"5208\" data-end=\"5211\" \/><strong data-start=\"5214\" data-end=\"5223\">Courriel<\/strong>: <a class=\"cursor-pointer\" rel=\"noopener\" data-start=\"5225\" data-end=\"5240\">lavie@ryinz.cz<\/a><br data-start=\"5240\" data-end=\"5243\" \/><strong data-start=\"5246\" data-end=\"5264\">T\u00e9l\u00e9phone\/WhatsApp<\/strong>: +420 604 413 141<\/p>\n<p class=\"\" data-start=\"5284\" data-end=\"5329\"><strong data-start=\"5284\" data-end=\"5329\">Ryinz - Grip Your Ride, Power Your Brand.<\/strong><\/p>","protected":false},"excerpt":{"rendered":"<p class=\"\" data-start=\"955\" data-end=\"1402\">\u2705 <strong data-start=\"957\" data-end=\"973\">Nom du produit<\/strong>: Ryinz Street Bike Riding Gloves<br data-start=\"1006\" data-end=\"1009\" \/>\u2705 <strong data-start=\"1011\" data-end=\"1023\">Mat\u00e9riau<\/strong>: Tissu mesh respirant + paume renforc\u00e9e en PU<br data-start=\"1068\" data-end=\"1071\" \/>\u2705 <strong data-start=\"1073\" data-end=\"1082\">Couleur<\/strong>: Bleu ciel\/noir (couleurs personnalis\u00e9es disponibles)<br data-start=\"1124\" data-end=\"1127\" \/>\u2705 <strong data-start=\"1129\" data-end=\"1145\">Options du logo<\/strong>: Vierge, s\u00e9rigraphie personnalis\u00e9e, \u00e9cusson en caoutchouc, broderie<br data-start=\"1202\" data-end=\"1205\" \/>\u2705 <strong data-start=\"1207\" data-end=\"1217\">Conception<\/strong>:<br data-start=\"1218\" data-end=\"1221\" \/>- Demi-doigts pour un contr\u00f4le maximal<br data-start=\"1261\" data-end=\"1264\" \/>- Paume rembourr\u00e9e pour l'absorption des chocs<br data-start=\"1298\" data-end=\"1301\" \/>- Courroie de poignet r\u00e9glable pour une bonne tenue<br data-start=\"1340\" data-end=\"1343\" \/>- Am\u00e9lioration de la prise antid\u00e9rapante<br data-start=\"1372\" data-end=\"1375\" \/>- Maille respirante<\/p>\n<p class=\"\" data-start=\"1404\" data-end=\"1464\">\u2705 <strong data-start=\"1406\" data-end=\"1425\">Tailles disponibles<\/strong>: S, M, L, XL (taille personnalis\u00e9e disponible)<\/p>\n<p class=\"\" data-start=\"1466\" data-end=\"1681\">\u2705 <strong data-start=\"1468\" data-end=\"1475\">En forme<\/strong>: L\u00e9ger, ergonomique et performant<br data-start=\"1521\" data-end=\"1524\" \/>\u2705 <strong data-start=\"1526\" data-end=\"1533\">Utilisation<\/strong>: V\u00e9lo de rue, v\u00e9lo de route, fitness, activit\u00e9s de plein air, scooter \u00e9lectrique<br data-start=\"1609\" data-end=\"1612\" \/>\u2705 <strong data-start=\"1614\" data-end=\"1621\">MOQ<\/strong>: Faibles minima pour la personnalisation de la vente en gros et de la marque priv\u00e9e<\/p>","protected":false},"featured_media":9061,"comment_status":"closed","ping_status":"closed","template":"","meta":[],"product_brand":[35],"product_cat":[68,152],"product_tag":[185,46,186,180,187,188,189,153,190,191],"class_list":{"0":"post-8993","1":"product","2":"type-product","3":"status-publish","4":"has-post-thumbnail","6":"product_brand-ryinz","7":"product_cat-ryinz","8":"product_cat-street-bike-gloves","9":"product_tag-biking-gloves-for-street-riders","10":"product_tag-breathable-mesh-gloves","11":"product_tag-customizable-bike-gloves","12":"product_tag-ergonomic-street-bike-gloves","13":"product_tag-fingerless-street-bike-gloves","14":"product_tag-lycra-fourchettes-gloves","15":"product_tag-serino-palm-bike-gloves","16":"product_tag-street-bike-gloves","17":"product_tag-towel-thumb-bike-gloves","18":"product_tag-urban-biking-gloves","20":"first","21":"instock","22":"taxable","23":"shipping-taxable","24":"purchasable","25":"product-type-simple"},"_links":{"self":[{"href":"https:\/\/ryinz.cz\/velkoobchod\/fr\/wp-json\/wp\/v2\/product\/8993","targetHints":{"allow":["GET"]}}],"collection":[{"href":"https:\/\/ryinz.cz\/velkoobchod\/fr\/wp-json\/wp\/v2\/product"}],"about":[{"href":"https:\/\/ryinz.cz\/velkoobchod\/fr\/wp-json\/wp\/v2\/types\/product"}],"replies":[{"embeddable":true,"href":"https:\/\/ryinz.cz\/velkoobchod\/fr\/wp-json\/wp\/v2\/comments?post=8993"}],"wp:featuredmedia":[{"embeddable":true,"href":"https:\/\/ryinz.cz\/velkoobchod\/fr\/wp-json\/wp\/v2\/media\/9061"}],"wp:attachment":[{"href":"https:\/\/ryinz.cz\/velkoobchod\/fr\/wp-json\/wp\/v2\/media?parent=8993"}],"wp:term":[{"taxonomy":"product_brand","embeddable":true,"href":"https:\/\/ryinz.cz\/velkoobchod\/fr\/wp-json\/wp\/v2\/product_brand?post=8993"},{"taxonomy":"product_cat","embeddable":true,"href":"https:\/\/ryinz.cz\/velkoobchod\/fr\/wp-json\/wp\/v2\/product_cat?post=8993"},{"taxonomy":"product_tag","embeddable":true,"href":"https:\/\/ryinz.cz\/velkoobchod\/fr\/wp-json\/wp\/v2\/product_tag?post=8993"}],"curies":[{"name":"wp","href":"https:\/\/api.w.org\/{rel}","templated":true}]}}