{"id":8990,"date":"2025-08-26T11:48:33","date_gmt":"2025-08-26T11:48:33","guid":{"rendered":"https:\/\/ryinz.cz\/velkoobchod\/?post_type=product&#038;p=8990"},"modified":"2026-01-18T20:17:14","modified_gmt":"2026-01-18T20:17:14","slug":"ryinz-premium-leather-half-finger-driving-gloves-classic-cutout-design-for-men-biker-driving-and-casual-wear","status":"publish","type":"product","link":"https:\/\/ryinz.cz\/velkoobchod\/fr\/product\/ryinz-premium-leather-half-finger-driving-gloves-classic-cutout-design-for-men-biker-driving-and-casual-wear\/","title":{"rendered":"Ryinz Premium Leather Half-Finger Driving Gloves | Classic Cutout Design for Men - Biker, Driving, and Casual Wear"},"content":{"rendered":"<p class=\"\" data-start=\"431\" data-end=\"682\">Au <strong data-start=\"434\" data-end=\"443\">Ryinz<\/strong>, Nous sommes convaincus que le style, le confort et la fonctionnalit\u00e9 peuvent coexister harmonieusement. Nous cr\u00e9ons des produits de haute qualit\u00e9, \u00e0 la pointe de la mode et con\u00e7us pour \u00eatre performants. Nous mettons en relation les fabricants, les d\u00e9taillants et les clients de mani\u00e8re transparente \u00e0 travers l'Europe, les \u00c9tats-Unis et l'Asie.<\/p>\n<p class=\"\" data-start=\"684\" data-end=\"1053\">Pr\u00e9sentation du style intemporel <strong data-start=\"718\" data-end=\"770\">Ryinz Premium Leather Half-Finger Driving Gloves (Gants de conduite en cuir \u00e0 demi-doigts)<\/strong>, Ces gants sont con\u00e7us pour les clients exigeants qui recherchent \u00e0 la fois l'\u00e9l\u00e9gance et la performance. Ces gants allient une esth\u00e9tique classique \u00e0 un savoir-faire moderne, avec un cuir v\u00e9ritable de premi\u00e8re qualit\u00e9, des perforations de pr\u00e9cision pour une meilleure respirabilit\u00e9 et des d\u00e9coupes traditionnelles au niveau des articulations pour plus de souplesse et d'\u00e9l\u00e9gance.<\/p>\n<p class=\"\" data-start=\"1055\" data-end=\"1389\">Id\u00e9aux pour les automobilistes, les motards, les amateurs de mode et les collectionneurs d'accessoires de luxe, ces gants sont suffisamment polyvalents pour \u00eatre port\u00e9s aussi bien au volant qu'en ville au quotidien. Le cuir souple assure un confort sup\u00e9rieur, un toucher doux et une durabilit\u00e9 \u00e0 long terme, ce qui en fait une pi\u00e8ce essentielle pour tous ceux qui appr\u00e9cient la qualit\u00e9 de l'artisanat.<\/p>\n<p class=\"\" data-start=\"1391\" data-end=\"1680\">Chaque gant est m\u00e9ticuleusement fabriqu\u00e9 avec un bouton pression traditionnel fini \u00e0 la main au niveau du poignet, offrant une coupe ajust\u00e9e.<br data-start=\"1525\" data-end=\"1528\" \/>Les perforations sur les doigts et le dos assurent une excellente circulation de l'air, ce qui permet \u00e0 vos mains de rester au frais pendant les longs trajets en voiture, les trajets quotidiens ou les promenades en moto.<\/p>\n<p class=\"\" data-start=\"1682\" data-end=\"1965\">Parfait pour les opportunit\u00e9s de marques priv\u00e9es, la distribution en gros ou les revendeurs au d\u00e9tail cherchant \u00e0 \u00e9largir leur collection d'accessoires haut de gamme, Ryinz propose un marquage personnalis\u00e9, un embossage de logo, une production OEM et des options de commande en vrac flexibles pour vous aider \u00e0 d\u00e9velopper votre activit\u00e9 \u00e0 l'\u00e9chelle internationale.<\/p>\n<p class=\"\" data-start=\"1967\" data-end=\"2143\">Lorsque vous vous associez \u00e0 Ryinz, vous ne vous contentez pas d'acheter des produits, vous d\u00e9bloquez des march\u00e9s.<br data-start=\"2048\" data-end=\"2051\" \/>Nous sommes votre partenaire invisible dans l'\u00e9tablissement de connexions mondiales qui vous aident \u00e0 conclure des ventes r\u00e9elles.<\/p>\n<hr class=\"\" data-start=\"2145\" data-end=\"2148\" \/>\n<h1 class=\"\" data-start=\"2150\" data-end=\"2184\">???? <strong data-start=\"2155\" data-end=\"2184\">Principales caract\u00e9ristiques et avantages<\/strong><\/h1>\n<p class=\"\" data-start=\"2186\" data-end=\"2364\">???? <strong data-start=\"2189\" data-end=\"2229\">Construction en cuir v\u00e9ritable de premi\u00e8re qualit\u00e9<\/strong><br data-start=\"2229\" data-end=\"2232\" \/>Tann\u00e9 et fini par des experts pour un toucher doux et souple qui se moule naturellement \u00e0 la forme de la main avec l'usure, offrant un confort luxueux.<\/p>\n<p class=\"\" data-start=\"2366\" data-end=\"2515\">???? <strong data-start=\"2369\" data-end=\"2402\">D\u00e9coupage classique du poing am\u00e9ricain<\/strong><br data-start=\"2402\" data-end=\"2405\" \/>Les d\u00e9coupes intemporelles d'inspiration vintage am\u00e9liorent la ventilation tout en offrant une flexibilit\u00e9 in\u00e9gal\u00e9e et un style embl\u00e9matique.<\/p>\n<p class=\"\" data-start=\"2517\" data-end=\"2680\">???? <strong data-start=\"2520\" data-end=\"2552\">Syst\u00e8me de perforation de pr\u00e9cision<\/strong><br data-start=\"2552\" data-end=\"2555\" \/>Les perforations strat\u00e9giquement plac\u00e9es permettent une respirabilit\u00e9 optimale, \u00e9vitant l'accumulation de sueur pendant les longs trajets en voiture ou \u00e0 v\u00e9lo.<\/p>\n<p class=\"\" data-start=\"2682\" data-end=\"2896\">???? <strong data-start=\"2685\" data-end=\"2730\">Libert\u00e9 des demi-doigts pour une dext\u00e9rit\u00e9 maximale<\/strong><br data-start=\"2730\" data-end=\"2733\" \/>Parfait pour ceux qui ont besoin d'une prise ferme sur le volant, les poign\u00e9es de moto ou lors d'activit\u00e9s de plein air, tout en conservant une sensation tactile totale.<\/p>\n<p class=\"\" data-start=\"2898\" data-end=\"3056\">???? <strong data-start=\"2901\" data-end=\"2936\">Fermeture de poignet ajustable et s\u00e9curis\u00e9e<\/strong><br data-start=\"2936\" data-end=\"2939\" \/>La conception traditionnelle du bouton-pression offre une finition classique tout en vous permettant d'ajuster la coupe confortablement et en toute s\u00e9curit\u00e9.<\/p>\n<p class=\"\" data-start=\"3058\" data-end=\"3210\">???? <strong data-start=\"3061\" data-end=\"3091\">L\u00e9ger et respirant<\/strong><br data-start=\"3091\" data-end=\"3094\" \/>Con\u00e7ue pour la conduite par temps chaud, elle offre un syst\u00e8me de refroidissement naturel sans compromettre la protection.<\/p>\n<p class=\"\" data-start=\"3212\" data-end=\"3371\">???? <strong data-start=\"3215\" data-end=\"3235\">Utilisation polyvalente<\/strong><br data-start=\"3235\" data-end=\"3238\" \/>Id\u00e9al pour la conduite, la moto, les balades en voiture classique, les d\u00e9placements urbains, le cyclisme, ou m\u00eame comme accessoire de mode \u00e9l\u00e9gant pour un usage quotidien.<\/p>\n<p class=\"\" data-start=\"3373\" data-end=\"3552\">???? <strong data-start=\"3376\" data-end=\"3410\">Apparence \u00e9l\u00e9gante et raffin\u00e9e<\/strong><br data-start=\"3410\" data-end=\"3413\" \/>Une fabrication de haute qualit\u00e9 associ\u00e9e \u00e0 des finitions minimalistes cr\u00e9e un gant qui rehausse n'importe quelle garde-robe, qu'elle soit d\u00e9contract\u00e9e ou habill\u00e9e.<\/p>\n<p class=\"\" data-start=\"3554\" data-end=\"3763\">???? <strong data-start=\"3557\" data-end=\"3602\">Marques priv\u00e9es et marques personnalis\u00e9es disponibles<\/strong><br data-start=\"3602\" data-end=\"3605\" \/>Ryinz propose des services de personnalisation complets, notamment l'embossage de logos, la personnalisation des couleurs, l'emballage de marque, et bien d'autres choses encore, pour vous aider \u00e0 \u00e9tablir la pr\u00e9sence de votre propre marque.<\/p>\n<p class=\"\" data-start=\"3765\" data-end=\"3918\">???? <strong data-start=\"3768\" data-end=\"3789\">Un cadeau parfait<\/strong><br data-start=\"3789\" data-end=\"3792\" \/>Un cadeau luxueux et pratique pour les amateurs de voitures, les motards et tous ceux qui appr\u00e9cient la fusion de la fonctionnalit\u00e9 et de la mode.<\/p>\n<hr class=\"\" data-start=\"3920\" data-end=\"3923\" \/>\n<h1 class=\"\" data-start=\"3925\" data-end=\"3956\">???? <strong data-start=\"3930\" data-end=\"3956\">Sp\u00e9cifications des produits<\/strong><\/h1>\n<p class=\"\" data-start=\"3958\" data-end=\"4421\">- <strong data-start=\"3960\" data-end=\"3972\">Mat\u00e9riau<\/strong>: 100% Cuir v\u00e9ritable de premi\u00e8re qualit\u00e9<br data-start=\"4002\" data-end=\"4005\" \/>- <strong data-start=\"4007\" data-end=\"4016\">Couleur<\/strong>: Noir avec garniture contrast\u00e9e (couleurs personnalis\u00e9es disponibles)<br data-start=\"4068\" data-end=\"4071\" \/>- <strong data-start=\"4073\" data-end=\"4082\">Tailles<\/strong>: S, M, L, XL, XXL (classement des tailles UE et US)<br data-start=\"4123\" data-end=\"4126\" \/>- <strong data-start=\"4128\" data-end=\"4143\">Saisonnalit\u00e9<\/strong>: Id\u00e9al pour le printemps, l'\u00e9t\u00e9 et l'automne<br data-start=\"4174\" data-end=\"4177\" \/>- <strong data-start=\"4179\" data-end=\"4189\">Conception<\/strong>: D\u00e9coupage vintage d'un demi-doigt<br data-start=\"4224\" data-end=\"4227\" \/>- <strong data-start=\"4229\" data-end=\"4240\">Fermeture<\/strong>: Fermeture du poignet par bouton-pression<br data-start=\"4267\" data-end=\"4270\" \/>- <strong data-start=\"4272\" data-end=\"4289\">Personnalisation<\/strong>: Label priv\u00e9, gaufrage de logo, commandes de couleurs sp\u00e9ciales<br data-start=\"4342\" data-end=\"4345\" \/>- <strong data-start=\"4347\" data-end=\"4354\">MOQ<\/strong>: Quantit\u00e9s minimales de commande disponibles pour les start-ups et les boutiques<\/p>\n<hr class=\"\" data-start=\"4423\" data-end=\"4426\" \/>\n<h1 class=\"\" data-start=\"4428\" data-end=\"4466\">???? <strong data-start=\"4433\" data-end=\"4466\">Applications et acheteurs id\u00e9aux<\/strong><\/h1>\n<p class=\"\" data-start=\"4468\" data-end=\"4779\">- Passionn\u00e9s de voitures classiques<br data-start=\"4493\" data-end=\"4496\" \/>- Motocyclistes<br data-start=\"4515\" data-end=\"4518\" \/>- D\u00e9taillants et boutiques de mode<br data-start=\"4551\" data-end=\"4554\" \/>- Distributeurs d'engins d'entra\u00eenement<br data-start=\"4581\" data-end=\"4584\" \/>- Marques d'accessoires en cuir<br data-start=\"4612\" data-end=\"4615\" \/>- Vendeurs de commerce \u00e9lectronique en ligne<br data-start=\"4642\" data-end=\"4645\" \/>- Boutiques Motorsport Lifestyle<br data-start=\"4673\" data-end=\"4676\" \/>- Propri\u00e9taires de marques priv\u00e9es<br data-start=\"4704\" data-end=\"4707\" \/>- Fournisseurs de cadeaux d'entreprise de luxe<br data-start=\"4743\" data-end=\"4746\" \/>- March\u00e9s europ\u00e9ens, am\u00e9ricains et asiatiques<\/p>\n<hr class=\"\" data-start=\"4781\" data-end=\"4784\" \/>\n<h1 class=\"\" data-start=\"4786\" data-end=\"4849\">???? <strong data-start=\"4791\" data-end=\"4849\">Pourquoi choisir Ryinz pour la fabrication de vos gants en cuir ?<\/strong><\/h1>\n<p class=\"\" data-start=\"4851\" data-end=\"5154\">- Des d\u00e9cennies d'expertise dans l'approvisionnement de l'Europe et des \u00c9tats-Unis<br data-start=\"4898\" data-end=\"4901\" \/>- Conception et normes de production conformes aux normes de l'UE<br data-start=\"4948\" data-end=\"4951\" \/>- Des services flexibles de marque priv\u00e9e et d'OEM<br data-start=\"4992\" data-end=\"4995\" \/>- Personnalisation compl\u00e8te et options de quantit\u00e9 modulable<br data-start=\"5040\" data-end=\"5043\" \/>- L'accent est mis sur la qualit\u00e9, le style et le respect des d\u00e9lais de livraison.<br data-start=\"5099\" data-end=\"5102\" \/>- Soutien et conseils sp\u00e9cialis\u00e9s en mati\u00e8re de commerce international<\/p>","protected":false},"excerpt":{"rendered":"<p class=\"\" data-start=\"2186\" data-end=\"2364\">???? <strong data-start=\"2189\" data-end=\"2229\">Construction en cuir v\u00e9ritable de premi\u00e8re qualit\u00e9<\/strong><br data-start=\"2229\" data-end=\"2232\" \/>Tann\u00e9 et fini par des experts pour un toucher doux et souple qui se moule naturellement \u00e0 la forme de la main avec l'usure, offrant un confort luxueux.<\/p>\n<p class=\"\" data-start=\"2366\" data-end=\"2515\">???? <strong data-start=\"2369\" data-end=\"2402\">D\u00e9coupage classique du poing am\u00e9ricain<\/strong><br data-start=\"2402\" data-end=\"2405\" \/>Les d\u00e9coupes intemporelles d'inspiration vintage am\u00e9liorent la ventilation tout en offrant une flexibilit\u00e9 in\u00e9gal\u00e9e et un style embl\u00e9matique.<\/p>\n<p class=\"\" data-start=\"2517\" data-end=\"2680\">???? <strong data-start=\"2520\" data-end=\"2552\">Syst\u00e8me de perforation de pr\u00e9cision<\/strong><br data-start=\"2552\" data-end=\"2555\" \/>Les perforations strat\u00e9giquement plac\u00e9es permettent une respirabilit\u00e9 optimale, \u00e9vitant l'accumulation de sueur pendant les longs trajets en voiture ou \u00e0 v\u00e9lo.<\/p>\n<p class=\"\" data-start=\"2682\" data-end=\"2896\">???? <strong data-start=\"2685\" data-end=\"2730\">Libert\u00e9 des demi-doigts pour une dext\u00e9rit\u00e9 maximale<\/strong><br data-start=\"2730\" data-end=\"2733\" \/>Parfait pour ceux qui ont besoin d'une prise ferme sur le volant, les poign\u00e9es de moto ou lors d'activit\u00e9s de plein air, tout en conservant une sensation tactile totale.<\/p>\n<p class=\"\" data-start=\"2898\" data-end=\"3056\">???? <strong data-start=\"2901\" data-end=\"2936\">Fermeture de poignet ajustable et s\u00e9curis\u00e9e<\/strong><br data-start=\"2936\" data-end=\"2939\" \/>La conception traditionnelle du bouton-pression offre une finition classique tout en vous permettant d'ajuster la coupe confortablement et en toute s\u00e9curit\u00e9.<\/p>\n<p class=\"\" data-start=\"3058\" data-end=\"3210\">???? <strong data-start=\"3061\" data-end=\"3091\">L\u00e9ger et respirant<\/strong><br data-start=\"3091\" data-end=\"3094\" \/>Con\u00e7ue pour la conduite par temps chaud, elle offre un syst\u00e8me de refroidissement naturel sans compromettre la protection.<\/p>\n<p class=\"\" data-start=\"3212\" data-end=\"3371\">???? <strong data-start=\"3215\" data-end=\"3235\">Utilisation polyvalente<\/strong><br data-start=\"3235\" data-end=\"3238\" \/>Id\u00e9al pour la conduite, la moto, les balades en voiture classique, les d\u00e9placements urbains, le cyclisme, ou m\u00eame comme accessoire de mode \u00e9l\u00e9gant pour un usage quotidien.<\/p>","protected":false},"featured_media":9055,"comment_status":"closed","ping_status":"closed","template":"","meta":[],"product_brand":[35],"product_cat":[152],"product_tag":[167,168,169,170,171],"class_list":{"0":"post-8990","1":"product","2":"type-product","3":"status-publish","4":"has-post-thumbnail","6":"product_brand-ryinz","7":"product_cat-street-bike-gloves","8":"product_tag-breathable-street-bike-gloves","9":"product_tag-customizable-biker-gloves","10":"product_tag-half-finger-bike-gloves","11":"product_tag-leather-bike-gloves","12":"product_tag-secure-fit-street-gloves","14":"first","15":"instock","16":"taxable","17":"shipping-taxable","18":"purchasable","19":"product-type-simple"},"_links":{"self":[{"href":"https:\/\/ryinz.cz\/velkoobchod\/fr\/wp-json\/wp\/v2\/product\/8990","targetHints":{"allow":["GET"]}}],"collection":[{"href":"https:\/\/ryinz.cz\/velkoobchod\/fr\/wp-json\/wp\/v2\/product"}],"about":[{"href":"https:\/\/ryinz.cz\/velkoobchod\/fr\/wp-json\/wp\/v2\/types\/product"}],"replies":[{"embeddable":true,"href":"https:\/\/ryinz.cz\/velkoobchod\/fr\/wp-json\/wp\/v2\/comments?post=8990"}],"wp:featuredmedia":[{"embeddable":true,"href":"https:\/\/ryinz.cz\/velkoobchod\/fr\/wp-json\/wp\/v2\/media\/9055"}],"wp:attachment":[{"href":"https:\/\/ryinz.cz\/velkoobchod\/fr\/wp-json\/wp\/v2\/media?parent=8990"}],"wp:term":[{"taxonomy":"product_brand","embeddable":true,"href":"https:\/\/ryinz.cz\/velkoobchod\/fr\/wp-json\/wp\/v2\/product_brand?post=8990"},{"taxonomy":"product_cat","embeddable":true,"href":"https:\/\/ryinz.cz\/velkoobchod\/fr\/wp-json\/wp\/v2\/product_cat?post=8990"},{"taxonomy":"product_tag","embeddable":true,"href":"https:\/\/ryinz.cz\/velkoobchod\/fr\/wp-json\/wp\/v2\/product_tag?post=8990"}],"curies":[{"name":"wp","href":"https:\/\/api.w.org\/{rel}","templated":true}]}}