{"id":8988,"date":"2025-06-22T15:24:49","date_gmt":"2025-06-22T15:24:49","guid":{"rendered":"https:\/\/ryinz.cz\/velkoobchod\/?post_type=product&#038;p=8988"},"modified":"2026-01-18T20:17:13","modified_gmt":"2026-01-18T20:17:13","slug":"ryinz-wholesale-premium-motorcycle-leather-gloves-street-bike-adventure-touring-tactical-riding-oem-private-label-manufacturer-europe","status":"publish","type":"product","link":"https:\/\/ryinz.cz\/velkoobchod\/fr\/product\/ryinz-wholesale-premium-motorcycle-leather-gloves-street-bike-adventure-touring-tactical-riding-oem-private-label-manufacturer-europe\/","title":{"rendered":"Ryinz Wholesale Premium Motorcycle Leather Gloves - Street Bike, Adventure Touring, Tactical Riding - OEM\/Private Label Manufacturer Europe"},"content":{"rendered":"<h1 class=\"\" data-start=\"266\" data-end=\"341\"><strong data-start=\"271\" data-end=\"341\">Gants de moto Ryinz Premium en cuir noir<\/strong><\/h1>\n<p class=\"\" data-start=\"343\" data-end=\"829\">Au <strong data-start=\"346\" data-end=\"355\">Ryinz<\/strong>, Nous sommes convaincus que le bon \u00e9quipement transforme l'exp\u00e9rience de la conduite. Notre mission est simple mais puissante : <strong data-start=\"453\" data-end=\"493\">Nous ouvrons des portes pour que vous puissiez conclure des ventes<\/strong>. En tant que lien de confiance entre <strong data-start=\"521\" data-end=\"587\">marques, acheteurs et fabricants en Europe, aux \u00c9tats-Unis et en Asie<\/strong>, Nous sommes fiers de vous pr\u00e9senter le <strong data-start=\"614\" data-end=\"663\">Gants de moto Ryinz Premium en cuir noir<\/strong> - un m\u00e9lange parfait de <strong data-start=\"685\" data-end=\"724\">luxe, protection et performance<\/strong> Con\u00e7u pour les motards s\u00e9rieux, les cyclistes de rue, les aventuriers tactiques et tous ceux qui accordent de l'importance \u00e0 la qualit\u00e9 sup\u00e9rieure.<\/p>\n<p class=\"\" data-start=\"831\" data-end=\"1163\">Fabriqu\u00e9 avec les meilleurs <strong data-start=\"852\" data-end=\"880\">cuir noir pleine fleur<\/strong>, Ces gants offrent une r\u00e9sistance, une flexibilit\u00e9 et un style in\u00e9gal\u00e9s. Leur design intemporel, leur paume renforc\u00e9e, leur forme ergonomique et leur finition r\u00e9sistante aux intemp\u00e9ries en font le choix id\u00e9al pour <strong data-start=\"1069\" data-end=\"1162\">les motards, les adeptes du tourisme \u00e0 moto, les unit\u00e9s tactiques et les explorateurs de plein air<\/strong>.<\/p>\n<p class=\"\" data-start=\"1165\" data-end=\"1371\">Parfait pour les deux <strong data-start=\"1182\" data-end=\"1199\">marque priv\u00e9e<\/strong> marques et <strong data-start=\"1211\" data-end=\"1231\">acheteurs en gros<\/strong>, Ces gants sont disponibles avec <strong data-start=\"1265\" data-end=\"1307\">logos personnalis\u00e9s, options de marquage priv\u00e9<\/strong>, et <strong data-start=\"1313\" data-end=\"1332\">production rapide<\/strong> dans toute l'Europe et au-del\u00e0.<\/p>\n<hr class=\"\" data-start=\"1373\" data-end=\"1376\" \/>\n<h1 class=\"\" data-start=\"1378\" data-end=\"1412\">???? <strong data-start=\"1383\" data-end=\"1412\">Principales caract\u00e9ristiques et avantages<\/strong><\/h1>\n<p class=\"\" data-start=\"1414\" data-end=\"1667\">???? <strong data-start=\"1417\" data-end=\"1460\">Construction en cuir pleine fleur de premi\u00e8re qualit\u00e9<\/strong>:<br data-start=\"1461\" data-end=\"1464\" \/>Fabriqu\u00e9 en cuir de qualit\u00e9 sup\u00e9rieure ultra-durable, il offre une r\u00e9sistance naturelle \u00e0 l'abrasion tout en restant souple et flexible pour un usage quotidien. Il offre une long\u00e9vit\u00e9, des performances robustes et une protection sup\u00e9rieure.<\/p>\n<p class=\"\" data-start=\"1669\" data-end=\"1907\">???? <strong data-start=\"1672\" data-end=\"1705\">Protection contre les intemp\u00e9ries<\/strong>:<br data-start=\"1706\" data-end=\"1709\" \/>Con\u00e7us pour r\u00e9sister \u00e0 la pluie, au froid et au vent, ces gants conviennent \u00e0 toutes les saisons. Qu'il s'agisse de matin\u00e9es fra\u00eeches ou de randonn\u00e9es pluvieuses, vos mains restent confortables, chaudes et prot\u00e9g\u00e9es des \u00e9l\u00e9ments.<\/p>\n<p class=\"\" data-start=\"1909\" data-end=\"2110\">???? <strong data-start=\"1912\" data-end=\"1941\">Ajustement ergonomique sur l'ensemble des doigts<\/strong>:<br data-start=\"1942\" data-end=\"1945\" \/>Les doigts de forme anatomique assurent une dext\u00e9rit\u00e9 et un contr\u00f4le maximums, permettant une prise s\u00fbre du guidon, des embrayages et des leviers de frein. Temps d'adaptation minimal.<\/p>\n<p class=\"\" data-start=\"2112\" data-end=\"2312\">???? <strong data-start=\"2115\" data-end=\"2145\">Zones de pr\u00e9hension de la paume renforc\u00e9es<\/strong>:<br data-start=\"2146\" data-end=\"2149\" \/>Des couches de cuir suppl\u00e9mentaires aux points de pression critiques augmentent la force de pr\u00e9hension, r\u00e9duisent la fatigue des mains lors des longues randonn\u00e9es et am\u00e9liorent la durabilit\u00e9 lors d'une utilisation \u00e0 fort impact.<\/p>\n<p class=\"\" data-start=\"2314\" data-end=\"2502\">???? <strong data-start=\"2317\" data-end=\"2369\">Poignet \u00e9lastique + sangle de fermeture r\u00e9glable<\/strong>:<br data-start=\"2370\" data-end=\"2373\" \/>Offre un ajustement s\u00fbr et serr\u00e9 qui \u00e9vite de glisser ou de se tordre pendant la conduite. Acc\u00e8s facile sans enlever l'autre gant.<\/p>\n<p class=\"\" data-start=\"2504\" data-end=\"2669\">???? <strong data-start=\"2507\" data-end=\"2531\">Doublure int\u00e9rieure souple<\/strong>:<br data-start=\"2532\" data-end=\"2535\" \/>Un l\u00e9ger rembourrage \u00e0 l'int\u00e9rieur am\u00e9liore le confort pour un port prolong\u00e9 sans compromettre la sensibilit\u00e9 du contr\u00f4le. Absorbe l'humidit\u00e9, gardant les mains s\u00e8ches.<\/p>\n<p class=\"\" data-start=\"2671\" data-end=\"2856\">???? <strong data-start=\"2674\" data-end=\"2701\">Respirant et flexible<\/strong>:<br data-start=\"2702\" data-end=\"2705\" \/>La conception intelligente de la ventilation permet aux gants de respirer, \u00e9vitant ainsi la surchauffe lors des randonn\u00e9es plus chaudes sans sacrifier la protection contre le vent pendant les mois plus froids.<\/p>\n<p class=\"\" data-start=\"2858\" data-end=\"3053\">???? <strong data-start=\"2861\" data-end=\"2894\">Esth\u00e9tique tactique Streetwear<\/strong>:<br data-start=\"2895\" data-end=\"2898\" \/>La finition noire mate et la marque Ryinz dor\u00e9e garantissent que ces gants s'accordent avec les v\u00eatements de ville, les \u00e9quipements tactiques et les tenues de motard haut de gamme. \u00c9l\u00e9gant mais agressif.<\/p>\n<p class=\"\" data-start=\"3055\" data-end=\"3246\">???? <strong data-start=\"3058\" data-end=\"3101\">Pr\u00eat pour le marquage personnalis\u00e9 et l'\u00e9tiquetage priv\u00e9<\/strong>:<br data-start=\"3102\" data-end=\"3105\" \/>Offrez votre propre logo ou identit\u00e9 de marque avec des options telles que la s\u00e9rigraphie, les patchs en caoutchouc ou le gaufrage. Parfait pour les marques, les clubs et les \u00e9v\u00e9nements.<\/p>\n<p class=\"\" data-start=\"3248\" data-end=\"3429\">???? <strong data-start=\"3251\" data-end=\"3297\">Commandes minimales r\u00e9duites + prix des remises en vrac<\/strong>:<br data-start=\"3298\" data-end=\"3301\" \/>Disponible pour la distribution en gros et le stockage au d\u00e9tail. Nous exp\u00e9dions rapidement les commandes en gros en Europe, aux \u00c9tats-Unis, au Moyen-Orient et en Asie.<\/p>\n<hr class=\"\" data-start=\"3431\" data-end=\"3434\" \/>\n<h1 class=\"\" data-start=\"3436\" data-end=\"3474\">???? <strong data-start=\"3441\" data-end=\"3474\">Applications et acheteurs id\u00e9aux<\/strong><\/h1>\n<p class=\"\" data-start=\"3476\" data-end=\"4044\">\u2705 <strong data-start=\"3478\" data-end=\"3495\">Motards de rue<\/strong> - Les navetteurs urbains et les cyclistes urbains<br data-start=\"3529\" data-end=\"3532\" \/>\u2705 <strong data-start=\"3534\" data-end=\"3554\">Les cavaliers de l'aventure<\/strong> - Cyclotourisme longue distance<br data-start=\"3589\" data-end=\"3592\" \/>\u2705 <strong data-start=\"3594\" data-end=\"3612\">Unit\u00e9s tactiques<\/strong> - Militaire, s\u00e9curit\u00e9 et application de la loi<br data-start=\"3650\" data-end=\"3653\" \/>\u2705 <strong data-start=\"3655\" data-end=\"3675\">Scooters \u00e9lectriques<\/strong> - Utilisateurs quotidiens des transports urbains<br data-start=\"3709\" data-end=\"3712\" \/>\u2705 <strong data-start=\"3714\" data-end=\"3743\">Marques de mode streetwear<\/strong> - Ajouter des gants aux collections<br data-start=\"3774\" data-end=\"3777\" \/>\u2705 <strong data-start=\"3779\" data-end=\"3811\">Marques priv\u00e9es et marques OEM<\/strong> - Lancer ou \u00e9largir la gamme de produits<br data-start=\"3844\" data-end=\"3847\" \/>\u2705 <strong data-start=\"3849\" data-end=\"3874\">Magasins d'\u00e9quipement pour motocycles<\/strong> - \u00c9largir l'offre de mat\u00e9riel haut de gamme<br data-start=\"3905\" data-end=\"3908\" \/>\u2705 <strong data-start=\"3910\" data-end=\"3932\">Vendeurs de commerce \u00e9lectronique<\/strong> - Ajouter des gants de luxe aux boutiques en ligne<br data-start=\"3969\" data-end=\"3972\" \/>\u2705 <strong data-start=\"3974\" data-end=\"4002\">Magasins d'aventure en plein air<\/strong> - Vendre aux amateurs d'aventure et aux voyageurs<\/p>\n<hr class=\"\" data-start=\"4046\" data-end=\"4049\" \/>\n<h1 class=\"\" data-start=\"4051\" data-end=\"4082\">???? <strong data-start=\"4056\" data-end=\"4082\">Sp\u00e9cifications des produits<\/strong><\/h1>\n<p class=\"\" data-start=\"4084\" data-end=\"4588\">- <strong data-start=\"4086\" data-end=\"4098\">Mat\u00e9riau<\/strong>: 100% Cuir noir pleine fleur<br data-start=\"4129\" data-end=\"4132\" \/>- <strong data-start=\"4134\" data-end=\"4150\">Doublure int\u00e9rieure<\/strong>: Maille douce et confortable + l\u00e9ger rembourrage<br data-start=\"4185\" data-end=\"4188\" \/>- <strong data-start=\"4190\" data-end=\"4199\">Couleur<\/strong>: Cuir noir avec logo Ryinz dor\u00e9<br data-start=\"4237\" data-end=\"4240\" \/>- <strong data-start=\"4242\" data-end=\"4251\">Tailles<\/strong>: S, M, L, XL, XXL (taille personnalis\u00e9e disponible)<br data-start=\"4295\" data-end=\"4298\" \/>- <strong data-start=\"4300\" data-end=\"4322\">R\u00e9sistance aux intemp\u00e9ries<\/strong>: Coupe-vent, r\u00e9sistance \u00e0 la pluie, protection contre le froid<br data-start=\"4366\" data-end=\"4369\" \/>- <strong data-start=\"4371\" data-end=\"4393\">Renforcement de la prise<\/strong>: Paume de main rembourr\u00e9e pour un contr\u00f4le antid\u00e9rapant<br data-start=\"4437\" data-end=\"4440\" \/>- <strong data-start=\"4442\" data-end=\"4460\">Syst\u00e8me de fermeture<\/strong>: Bande \u00e9lastique pour le poignet + bande Velcro ajustable<br data-start=\"4506\" data-end=\"4509\" \/>- <strong data-start=\"4511\" data-end=\"4531\">Options de marque<\/strong>: Label priv\u00e9, impression de logo personnalis\u00e9, service OEM disponible<\/p>\n<hr class=\"\" data-start=\"4590\" data-end=\"4593\" \/>\n<h1 class=\"\" data-start=\"4595\" data-end=\"4649\">???? <strong data-start=\"4600\" data-end=\"4649\">Services de vente en gros et de marques priv\u00e9es de Ryinz<\/strong><\/h1>\n<p class=\"\" data-start=\"4651\" data-end=\"4967\">En tant que centrale d'approvisionnement internationale, Ryinz facilite la t\u00e2che des entreprises en leur permettant de <strong data-start=\"4731\" data-end=\"4799\">s'approvisionner en gants de premi\u00e8re qualit\u00e9 directement aupr\u00e8s de fabricants experts<\/strong> tout en \u00e9conomisant du temps et de l'argent.<br data-start=\"4828\" data-end=\"4831\" \/>Nous fournissons des services complets <strong data-start=\"4851\" data-end=\"4858\">OEM<\/strong>, <strong data-start=\"4860\" data-end=\"4877\">marque priv\u00e9e<\/strong>, <strong data-start=\"4879\" data-end=\"4901\">fabrication en vrac<\/strong>, et <strong data-start=\"4907\" data-end=\"4933\">services de personnalisation<\/strong> \u00e0 travers <strong data-start=\"4941\" data-end=\"4966\">Europe, \u00c9tats-Unis et Asie<\/strong>.<\/p>\n<p class=\"\" data-start=\"4969\" data-end=\"5144\">De la conception \u00e0 la fabrication et \u00e0 la livraison, Ryinz garantit des d\u00e9lais d'ex\u00e9cution rapides, un contr\u00f4le de qualit\u00e9 strict et un soutien puissant \u00e0 la strat\u00e9gie de marque pour les petites entreprises comme pour les grandes marques.<\/p>\n<p class=\"\" data-start=\"5146\" data-end=\"5285\">Qu'il s'agisse d'une jeune entreprise de mode, d'une marque de moto haut de gamme ou d'une soci\u00e9t\u00e9 d'\u00e9quipement tactique, <strong data-start=\"5247\" data-end=\"5285\">Ryinz est votre partenaire pour le succ\u00e8s.<\/strong><\/p>\n<hr class=\"\" data-start=\"5287\" data-end=\"5290\" \/>\n<h1 class=\"\" data-start=\"5292\" data-end=\"5318\">???? <strong data-start=\"5297\" data-end=\"5318\">Pourquoi choisir Ryinz ?<\/strong><\/h1>\n<p class=\"\" data-start=\"5320\" data-end=\"5736\">- Prix direct du fabricant - Meilleures marges<br data-start=\"5366\" data-end=\"5369\" \/>- Options de logo personnalis\u00e9 - Construisez votre identit\u00e9 de marque<br data-start=\"5418\" data-end=\"5421\" \/>- Dessins et mod\u00e8les conformes aux normes de l'UE - Attirer les acheteurs europ\u00e9ens<br data-start=\"5471\" data-end=\"5474\" \/>- Faible MOQ - Parfait pour les startups et les marques en croissance<br data-start=\"5525\" data-end=\"5528\" \/>- Exp\u00e9dition mondiale rapide - Livraison de porte \u00e0 porte<br data-start=\"5574\" data-end=\"5577\" \/>- Gestionnaires de comptes d\u00e9di\u00e9s - Service personnalis\u00e9<br data-start=\"5628\" data-end=\"5631\" \/>- Remises en gros disponibles - Augmentez vos ventes facilement<br data-start=\"5683\" data-end=\"5686\" \/>- Plus de 100 marques en Europe et en Am\u00e9rique lui font confiance<\/p>","protected":false},"excerpt":{"rendered":"<p class=\"\" data-start=\"2477\" data-end=\"2668\">???? <strong data-start=\"2480\" data-end=\"2518\">Construction en cuir noir de premi\u00e8re qualit\u00e9<\/strong>: Fabriqu\u00e9 en cuir v\u00e9ritable pour une durabilit\u00e9, une flexibilit\u00e9 et un style in\u00e9gal\u00e9s. Parfaites pour toutes les conditions m\u00e9t\u00e9orologiques, y compris les randonn\u00e9es dans le froid et les jours de pluie.<\/p>\n<p class=\"\" data-start=\"2670\" data-end=\"2835\">???? <strong data-start=\"2673\" data-end=\"2701\">Int\u00e9rieur confort tout au long de la journ\u00e9e<\/strong>: La doublure int\u00e9rieure douce offre chaleur et confort sans sacrifier la dext\u00e9rit\u00e9. Les mains restent d\u00e9tendues et ne se fatiguent pas pendant les longues randonn\u00e9es.<\/p>\n<p class=\"\" data-start=\"2837\" data-end=\"3000\">???? <strong data-start=\"2840\" data-end=\"2875\">Protection contre les intemp\u00e9ries et l'abrasion<\/strong>: R\u00e9sistant au vent, au froid et aux d\u00e9bris de la route. Assure une protection fiable des mains contre l'usure quotidienne et les accidents inattendus.<\/p>\n<p class=\"\" data-start=\"3002\" data-end=\"3153\">???? <strong data-start=\"3005\" data-end=\"3037\">Design ergonomique pour tous les doigts<\/strong>: Les courbes des doigts soigneusement con\u00e7ues offrent un contr\u00f4le sup\u00e9rieur sur le guidon, les freins et les embrayages sans rigidit\u00e9.<\/p>\n<p class=\"\" data-start=\"3155\" data-end=\"3312\">???? <strong data-start=\"3158\" data-end=\"3182\">Zone palmaire renforc\u00e9e<\/strong>: Les zones de protection ajout\u00e9es am\u00e9liorent l'adh\u00e9rence et prot\u00e8gent les paumes en cas de chute ou d'arr\u00eat soudain. Maintient une friction sup\u00e9rieure pour un contr\u00f4le s\u00fbr.<\/p>\n<p class=\"\" data-start=\"3314\" data-end=\"3478\">???? <strong data-start=\"3317\" data-end=\"3357\">Manchette \u00e9lastique avec fermeture r\u00e9glable<\/strong>: Ajustement personnalis\u00e9 du poignet pour \u00e9viter de glisser et bloquer l'entr\u00e9e de l'air froid. Facile \u00e0 mettre et \u00e0 enlever, m\u00eame d'une seule main.<\/p>\n<p class=\"\" data-start=\"3480\" data-end=\"3634\">???? <strong data-start=\"3483\" data-end=\"3524\">Options de marque priv\u00e9e et de logo personnalis\u00e9<\/strong>: Disponible pour la s\u00e9rigraphie, le gaufrage, les badges en caoutchouc et la broderie - parfait pour cr\u00e9er votre propre marque.<\/p>\n<p class=\"\" data-start=\"3636\" data-end=\"3799\">???? <strong data-start=\"3639\" data-end=\"3673\">Le style europ\u00e9en inspir\u00e9 par la rue<\/strong>: Un look minimaliste et \u00e9l\u00e9gant avec une fonctionnalit\u00e9 tactique - s'adapte \u00e0 tous les types de v\u00eatements de cavaliers, des vestes en cuir aux tenues urbaines d\u00e9contract\u00e9es.<\/p>\n<p class=\"\" data-start=\"3801\" data-end=\"3935\">???? <strong data-start=\"3804\" data-end=\"3828\">Adaptation \u00e0 une large gamme d'applications<\/strong>: Id\u00e9al pour le v\u00e9lo de ville, les randonn\u00e9es hivernales, les d\u00e9placements urbains, l'aventure, le tourisme et l'entra\u00eenement tactique.<\/p>\n<p class=\"\" data-start=\"3937\" data-end=\"4133\">???? <strong data-start=\"3940\" data-end=\"3973\">Commerce de gros et de d\u00e9tail<\/strong>: Faible MOQ, production rapide et exp\u00e9dition fiable \u00e0 travers l'UE, les \u00c9tats-Unis et les march\u00e9s asiatiques. Excellent pour les boutiques de commerce \u00e9lectronique, les magasins de mat\u00e9riel de moto et les marques priv\u00e9es.<\/p>","protected":false},"featured_media":9040,"comment_status":"closed","ping_status":"closed","template":"","meta":[],"product_brand":[35],"product_cat":[152],"product_tag":[139,159,160,161,162],"class_list":{"0":"post-8988","1":"product","2":"type-product","3":"status-publish","4":"has-post-thumbnail","6":"product_brand-ryinz","7":"product_cat-street-bike-gloves","8":"product_tag-all-weather-motorcycle-gloves","9":"product_tag-customizable-street-bike-gloves","10":"product_tag-fleece-lined-bike-gloves","11":"product_tag-leather-gloves-for-bikers","12":"product_tag-waterproof-street-bike-gloves","14":"first","15":"instock","16":"taxable","17":"shipping-taxable","18":"purchasable","19":"product-type-simple"},"_links":{"self":[{"href":"https:\/\/ryinz.cz\/velkoobchod\/fr\/wp-json\/wp\/v2\/product\/8988","targetHints":{"allow":["GET"]}}],"collection":[{"href":"https:\/\/ryinz.cz\/velkoobchod\/fr\/wp-json\/wp\/v2\/product"}],"about":[{"href":"https:\/\/ryinz.cz\/velkoobchod\/fr\/wp-json\/wp\/v2\/types\/product"}],"replies":[{"embeddable":true,"href":"https:\/\/ryinz.cz\/velkoobchod\/fr\/wp-json\/wp\/v2\/comments?post=8988"}],"wp:featuredmedia":[{"embeddable":true,"href":"https:\/\/ryinz.cz\/velkoobchod\/fr\/wp-json\/wp\/v2\/media\/9040"}],"wp:attachment":[{"href":"https:\/\/ryinz.cz\/velkoobchod\/fr\/wp-json\/wp\/v2\/media?parent=8988"}],"wp:term":[{"taxonomy":"product_brand","embeddable":true,"href":"https:\/\/ryinz.cz\/velkoobchod\/fr\/wp-json\/wp\/v2\/product_brand?post=8988"},{"taxonomy":"product_cat","embeddable":true,"href":"https:\/\/ryinz.cz\/velkoobchod\/fr\/wp-json\/wp\/v2\/product_cat?post=8988"},{"taxonomy":"product_tag","embeddable":true,"href":"https:\/\/ryinz.cz\/velkoobchod\/fr\/wp-json\/wp\/v2\/product_tag?post=8988"}],"curies":[{"name":"wp","href":"https:\/\/api.w.org\/{rel}","templated":true}]}}