{"id":8979,"date":"2025-06-22T15:24:11","date_gmt":"2025-06-22T15:24:11","guid":{"rendered":"https:\/\/ryinz.cz\/velkoobchod\/?post_type=product&#038;p=8979"},"modified":"2026-01-18T20:17:13","modified_gmt":"2026-01-18T20:17:13","slug":"ryinz-premium-black-leather-motorcycle-gloves-ribbed-flex-design-biker-street-and-adventure-riding-gloves-wholesale-custom-branding-available","status":"publish","type":"product","link":"https:\/\/ryinz.cz\/velkoobchod\/fr\/product\/ryinz-premium-black-leather-motorcycle-gloves-ribbed-flex-design-biker-street-and-adventure-riding-gloves-wholesale-custom-branding-available\/","title":{"rendered":"Ryinz Premium Black Motorcycle Gloves | Ribbed Flex Design | Biker, Street, and Adventure Riding Gloves - Wholesale &amp; Custom Branding Available"},"content":{"rendered":"<p class=\"\" data-start=\"424\" data-end=\"625\">Au <strong data-start=\"427\" data-end=\"436\">Ryinz<\/strong>, Nous mettons en relation des acheteurs internationaux, des marques \u00e0 fort potentiel et des fabricants de premier plan en Europe, aux \u00c9tats-Unis et en Asie.<br data-start=\"545\" data-end=\"548\" \/>Notre mission est simple mais puissante : <strong data-start=\"584\" data-end=\"625\">Nous ouvrons des portes pour que vous puissiez conclure des ventes.<\/strong><\/p>\n<p class=\"\" data-start=\"627\" data-end=\"971\">Pr\u00e9sentation de la <strong data-start=\"643\" data-end=\"692\">Gants de moto Ryinz Premium en cuir noir<\/strong> - une combinaison audacieuse de <strong data-start=\"717\" data-end=\"793\">Esth\u00e9tique luxueuse, flexibilit\u00e9 tactique et performances \u00e9questres sup\u00e9rieures<\/strong>. Con\u00e7us pour les motards modernes, les aventuriers urbains, les escouades tactiques et les motards soucieux de leur style, ces gants offrent une protection optimale. <strong data-start=\"907\" data-end=\"970\">protection totale, confort sup\u00e9rieur et durabilit\u00e9 imbattable<\/strong>.<\/p>\n<p class=\"\" data-start=\"973\" data-end=\"1346\">Construit avec des mat\u00e9riaux de haute qualit\u00e9 <strong data-start=\"997\" data-end=\"1022\">cuir noir v\u00e9ritable<\/strong>, Ces gants sont dot\u00e9s d'une <strong data-start=\"1054\" data-end=\"1076\">conception flexible nervur\u00e9e<\/strong> sur les articulations pour une plus grande libert\u00e9 de mouvement, une excellente absorption des chocs et un style biker futuriste.<br data-start=\"1188\" data-end=\"1191\" \/>Que vous rouliez dans les rues de la ville, sur les autoroutes ou que vous vous lanciez dans de longues randonn\u00e9es \u00e0 moto, les gants Ryinz vous permettent de garder vos mains en s\u00e9curit\u00e9 et avec style.<\/p>\n<p class=\"\" data-start=\"1348\" data-end=\"1566\">Id\u00e9al pour <strong data-start=\"1358\" data-end=\"1375\">marque priv\u00e9e<\/strong>, <strong data-start=\"1377\" data-end=\"1395\">Production OEM<\/strong>, et <strong data-start=\"1401\" data-end=\"1427\">distribution en gros<\/strong> en Europe, aux \u00c9tats-Unis, au Moyen-Orient et en Asie, Ryinz propose <strong data-start=\"1484\" data-end=\"1508\">impression de logos personnalis\u00e9s<\/strong>, <strong data-start=\"1510\" data-end=\"1532\">fabrication rapide<\/strong>, et <strong data-start=\"1538\" data-end=\"1565\">des services adapt\u00e9s \u00e0 la marque<\/strong>.<\/p>\n<hr class=\"\" data-start=\"1568\" data-end=\"1571\" \/>\n<h1 class=\"\" data-start=\"1573\" data-end=\"1607\">???? <strong data-start=\"1578\" data-end=\"1607\">Principales caract\u00e9ristiques et avantages<\/strong><\/h1>\n<p class=\"\" data-start=\"1609\" data-end=\"1766\">???? <strong data-start=\"1612\" data-end=\"1652\">Construction en cuir v\u00e9ritable de premi\u00e8re qualit\u00e9<\/strong>:<br data-start=\"1653\" data-end=\"1656\" \/>Le cuir pleine fleur de premi\u00e8re qualit\u00e9 offre une durabilit\u00e9 naturelle, une r\u00e9sistance \u00e0 l'abrasion et un aspect \u00e9l\u00e9gant et professionnel.<\/p>\n<p class=\"\" data-start=\"1768\" data-end=\"1965\">???? <strong data-start=\"1771\" data-end=\"1811\">Conception des articulations flexibles nervur\u00e9es<\/strong>:<br data-start=\"1812\" data-end=\"1815\" \/>Les nervures horizontales sp\u00e9cialement con\u00e7ues \u00e0 travers les articulations permettent un mouvement naturel de la main, une flexibilit\u00e9 sup\u00e9rieure et un confort maximal pendant les longues randonn\u00e9es.<\/p>\n<p class=\"\" data-start=\"1967\" data-end=\"2105\">???? <strong data-start=\"1970\" data-end=\"1996\">Protection compl\u00e8te des doigts<\/strong>:<br data-start=\"1997\" data-end=\"2000\" \/>Une couverture compl\u00e8te prot\u00e8ge les doigts et les articulations du vent, des d\u00e9bris, des abrasions et des impacts inattendus.<\/p>\n<p class=\"\" data-start=\"2107\" data-end=\"2263\">???? <strong data-start=\"2110\" data-end=\"2136\">Zones d'absorption des chocs<\/strong>:<br data-start=\"2137\" data-end=\"2140\" \/>Le rembourrage int\u00e9gr\u00e9 dans les sections nervur\u00e9es prot\u00e8ge les mains contre les vibrations et les chocs de la route, pour des sorties plus longues et plus douces.<\/p>\n<p class=\"\" data-start=\"2265\" data-end=\"2444\">???? <strong data-start=\"2268\" data-end=\"2298\">Am\u00e9lioration de la prise en main ergonomique<\/strong>:<br data-start=\"2299\" data-end=\"2302\" \/>La pr\u00e9cision de l'ajustement am\u00e9liore le contr\u00f4le de la prise du guidon, assurant un freinage s\u00fbr, la gestion de l'acc\u00e9l\u00e9rateur et l'utilisation de l'embrayage, m\u00eame pendant les trajets prolong\u00e9s.<\/p>\n<p class=\"\" data-start=\"2446\" data-end=\"2581\">???? <strong data-start=\"2449\" data-end=\"2478\">Doublure int\u00e9rieure douce et confortable<\/strong>:<br data-start=\"2479\" data-end=\"2482\" \/>La doublure respirante garde les mains s\u00e8ches, sans transpiration et confortables, quelle que soit l'intensit\u00e9 de la course.<\/p>\n<p class=\"\" data-start=\"2583\" data-end=\"2737\">???? <strong data-start=\"2586\" data-end=\"2611\">Ext\u00e9rieur r\u00e9sistant aux intemp\u00e9ries<\/strong>:<br data-start=\"2612\" data-end=\"2615\" \/>La finition en cuir hydrofuge permet de r\u00e9sister \u00e0 la pluie fine et de bloquer le vent froid, ce qui rend ces gants id\u00e9aux pour une utilisation en toute saison.<\/p>\n<p class=\"\" data-start=\"2739\" data-end=\"2904\">???? <strong data-start=\"2742\" data-end=\"2789\">Poignet \u00e9lastique s\u00e9curis\u00e9 avec fermeture dissimul\u00e9e<\/strong>:<br data-start=\"2790\" data-end=\"2793\" \/>Il offre un look \u00e9pur\u00e9 et minimaliste tout en garantissant que les gants restent fermement en place, m\u00eame lors d'une conduite \u00e0 grande vitesse.<\/p>\n<p class=\"\" data-start=\"2906\" data-end=\"3137\">???? <strong data-start=\"2909\" data-end=\"2950\">Options de logo personnalis\u00e9 et de label priv\u00e9<\/strong>:<br data-start=\"2951\" data-end=\"2954\" \/>Personnalisez les gants avec le logo de votre marque en utilisant les techniques de broderie, de gaufrage ou de badge en caoutchouc. Id\u00e9al pour les marques de mat\u00e9riel de moto, les vendeurs en ligne et les entreprises d'\u00e9quipement tactique.<\/p>\n<p class=\"\" data-start=\"3139\" data-end=\"3282\">???? <strong data-start=\"3142\" data-end=\"3180\">Faibles quantit\u00e9s minimales de commande (MOQ)<\/strong>:<br data-start=\"3181\" data-end=\"3184\" \/>Commencez petit et \u00e9voluez rapidement. Parfait pour les marques de boutiques, les nouvelles entreprises ou les lignes de produits en expansion.<\/p>\n<p class=\"\" data-start=\"3284\" data-end=\"3432\">???? <strong data-start=\"3287\" data-end=\"3330\">Livraison rapide en Europe et en Am\u00e9rique<\/strong>:<br data-start=\"3331\" data-end=\"3334\" \/>Des entrep\u00f4ts et un soutien logistique sont disponibles pour des d\u00e9lais d'ex\u00e9cution rapides et des exp\u00e9ditions directes de porte \u00e0 porte.<\/p>\n<hr class=\"\" data-start=\"3434\" data-end=\"3437\" \/>\n<h1 class=\"\" data-start=\"3439\" data-end=\"3477\">???? <strong data-start=\"3444\" data-end=\"3477\">Applications et acheteurs id\u00e9aux<\/strong><\/h1>\n<p class=\"\" data-start=\"3479\" data-end=\"4009\">\u2705 <strong data-start=\"3481\" data-end=\"3502\">Motocyclistes<\/strong> - Motards de rue, cyclotouristes, coureurs de caf\u00e9s<br data-start=\"3547\" data-end=\"3550\" \/>\u2705 <strong data-start=\"3552\" data-end=\"3572\">Les cavaliers de l'aventure<\/strong> - Explorateurs de longue distance, overlanders<br data-start=\"3611\" data-end=\"3614\" \/>\u2705 <strong data-start=\"3616\" data-end=\"3646\">Les utilisateurs de scooters et de v\u00e9los \u00e9lectriques<\/strong> - Transports urbains et usagers quotidiens<br data-start=\"3680\" data-end=\"3683\" \/>\u2705 <strong data-start=\"3685\" data-end=\"3707\">Magasins d'articles de plein air<\/strong> - Magasins de sports d'aventure et tactiques<br data-start=\"3746\" data-end=\"3749\" \/>\u2705 <strong data-start=\"3751\" data-end=\"3772\">Marques de v\u00eatements de ville<\/strong> - Marques de mode urbaine n\u00e9cessitant des accessoires<br data-start=\"3815\" data-end=\"3818\" \/>\u2705 <strong data-start=\"3820\" data-end=\"3846\">Startups de marques priv\u00e9es<\/strong> - Lancer sa propre ligne de gants<br data-start=\"3875\" data-end=\"3878\" \/>\u2705 <strong data-start=\"3880\" data-end=\"3909\">D\u00e9taillants et grossistes<\/strong> - \u00c9largir rapidement le catalogue de produits<br data-start=\"3942\" data-end=\"3945\" \/>\u2705 <strong data-start=\"3947\" data-end=\"3979\">Salons de l'automobile et \u00e9v\u00e9nements pour motards<\/strong> - Marchandises et cadeaux<\/p>\n<hr class=\"\" data-start=\"4011\" data-end=\"4014\" \/>\n<h1 class=\"\" data-start=\"4016\" data-end=\"4047\">???? <strong data-start=\"4021\" data-end=\"4047\">Sp\u00e9cifications des produits<\/strong><\/h1>\n<p class=\"\" data-start=\"4049\" data-end=\"4479\">- <strong data-start=\"4051\" data-end=\"4063\">Mat\u00e9riau<\/strong>: Cuir noir pleine fleur de premi\u00e8re qualit\u00e9<br data-start=\"4097\" data-end=\"4100\" \/>- <strong data-start=\"4102\" data-end=\"4112\">Conception<\/strong>: Panneaux flexibles nervur\u00e9s au niveau des articulations + corps minimaliste<br data-start=\"4158\" data-end=\"4161\" \/>- <strong data-start=\"4163\" data-end=\"4172\">Couleur<\/strong>: Noir (couleurs personnalis\u00e9es disponibles en vrac)<br data-start=\"4214\" data-end=\"4217\" \/>- <strong data-start=\"4219\" data-end=\"4228\">Tailles<\/strong>: S, M, L, XL, XXL<br data-start=\"4246\" data-end=\"4249\" \/>- <strong data-start=\"4251\" data-end=\"4273\">R\u00e9sistance aux intemp\u00e9ries<\/strong>: Cuir r\u00e9sistant au vent et \u00e0 l'eau<br data-start=\"4310\" data-end=\"4313\" \/>- <strong data-start=\"4315\" data-end=\"4331\">Doublure int\u00e9rieure<\/strong>: Maille douce et respirante<br data-start=\"4361\" data-end=\"4364\" \/>- <strong data-start=\"4366\" data-end=\"4382\">Syst\u00e8me de poignet<\/strong>: Ajustement \u00e9lastique + fermeture dissimul\u00e9e<br data-start=\"4415\" data-end=\"4418\" \/>- <strong data-start=\"4420\" data-end=\"4432\">L'image de marque<\/strong>: Personnalisable avec des logos, des patchs, des embossages<\/p>\n<hr class=\"\" data-start=\"4481\" data-end=\"4484\" \/>\n<h1 class=\"\" data-start=\"4486\" data-end=\"4536\">???? <strong data-start=\"4491\" data-end=\"4536\">Pourquoi choisir Ryinz pour vos gants en cuir ?<\/strong><\/h1>\n<p class=\"\" data-start=\"4538\" data-end=\"4854\">- Prix directs d'usine - De meilleures marges pour vous<br data-start=\"4587\" data-end=\"4590\" \/>- Expertise du march\u00e9 europ\u00e9en - Des dessins et mod\u00e8les qui se vendent<br data-start=\"4637\" data-end=\"4640\" \/>- Services OEM, ODM et label priv\u00e9<br data-start=\"4678\" data-end=\"4681\" \/>- Faible MOQ - Entr\u00e9e facile pour les nouvelles entreprises<br data-start=\"4722\" data-end=\"4725\" \/>- Exp\u00e9dition mondiale - Europe, \u00c9tats-Unis, Asie<br data-start=\"4762\" data-end=\"4765\" \/>- Personnalisation compl\u00e8te - couleurs, logos, \u00e9tiquettes<br data-start=\"4817\" data-end=\"4820\" \/>- Plus de 100 marques dans le monde entier lui font confiance<\/p>","protected":false},"excerpt":{"rendered":"<h1 class=\"\" data-start=\"4486\" data-end=\"4536\"><strong data-start=\"4491\" data-end=\"4536\">Pourquoi choisir Ryinz pour vos gants en cuir ?<\/strong><\/h1>\n<p class=\"\" data-start=\"4538\" data-end=\"4854\">- Prix directs d'usine - De meilleures marges pour vous<br data-start=\"4587\" data-end=\"4590\" \/>- Expertise du march\u00e9 europ\u00e9en - Des dessins et mod\u00e8les qui se vendent<br data-start=\"4637\" data-end=\"4640\" \/>- Services OEM, ODM et label priv\u00e9<br data-start=\"4678\" data-end=\"4681\" \/>- Faible MOQ - Entr\u00e9e facile pour les nouvelles entreprises<br data-start=\"4722\" data-end=\"4725\" \/>- Exp\u00e9dition mondiale - Europe, \u00c9tats-Unis, Asie<br data-start=\"4762\" data-end=\"4765\" \/>- Personnalisation compl\u00e8te - couleurs, logos, \u00e9tiquettes<br data-start=\"4817\" data-end=\"4820\" \/>- Plus de 100 marques dans le monde entier lui font confiance<\/p>","protected":false},"featured_media":9039,"comment_status":"closed","ping_status":"closed","template":"","meta":[],"product_brand":[35],"product_cat":[152],"product_tag":[138,139,140,141,142,143,144,145,146,147,148,149,150,151,153,154,155,156,157,158],"class_list":{"0":"post-8979","1":"product","2":"type-product","3":"status-publish","4":"has-post-thumbnail","6":"product_brand-ryinz","7":"product_cat-street-bike-gloves","8":"product_tag-adventure-rider-gloves","9":"product_tag-all-weather-motorcycle-gloves","10":"product_tag-black-motorcycle-gloves","11":"product_tag-city-rider-motorcycle-gloves","12":"product_tag-customizable-street-riding-gloves","13":"product_tag-durable-motorcycle-gloves","14":"product_tag-full-finger-motorbike-gloves","15":"product_tag-genuine-leather-biker-gloves","16":"product_tag-motorbike-touring-gloves","17":"product_tag-premium-street-riding-gloves","18":"product_tag-protective-riding-gloves","19":"product_tag-real-leather-gloves","20":"product_tag-ribbed-leather-biker-gloves","21":"product_tag-ryinz-biker-gloves","22":"product_tag-street-bike-gloves","23":"product_tag-stylish-leather-gloves-europe","24":"product_tag-tactical-leather-gloves","25":"product_tag-waterproof-biker-gloves-wholesale","26":"product_tag-winter-riding-gloves-europe","27":"product_tag-ykk-zipper-gloves","29":"first","30":"instock","31":"taxable","32":"shipping-taxable","33":"purchasable","34":"product-type-simple"},"_links":{"self":[{"href":"https:\/\/ryinz.cz\/velkoobchod\/fr\/wp-json\/wp\/v2\/product\/8979","targetHints":{"allow":["GET"]}}],"collection":[{"href":"https:\/\/ryinz.cz\/velkoobchod\/fr\/wp-json\/wp\/v2\/product"}],"about":[{"href":"https:\/\/ryinz.cz\/velkoobchod\/fr\/wp-json\/wp\/v2\/types\/product"}],"replies":[{"embeddable":true,"href":"https:\/\/ryinz.cz\/velkoobchod\/fr\/wp-json\/wp\/v2\/comments?post=8979"}],"wp:featuredmedia":[{"embeddable":true,"href":"https:\/\/ryinz.cz\/velkoobchod\/fr\/wp-json\/wp\/v2\/media\/9039"}],"wp:attachment":[{"href":"https:\/\/ryinz.cz\/velkoobchod\/fr\/wp-json\/wp\/v2\/media?parent=8979"}],"wp:term":[{"taxonomy":"product_brand","embeddable":true,"href":"https:\/\/ryinz.cz\/velkoobchod\/fr\/wp-json\/wp\/v2\/product_brand?post=8979"},{"taxonomy":"product_cat","embeddable":true,"href":"https:\/\/ryinz.cz\/velkoobchod\/fr\/wp-json\/wp\/v2\/product_cat?post=8979"},{"taxonomy":"product_tag","embeddable":true,"href":"https:\/\/ryinz.cz\/velkoobchod\/fr\/wp-json\/wp\/v2\/product_tag?post=8979"}],"curies":[{"name":"wp","href":"https:\/\/api.w.org\/{rel}","templated":true}]}}