{"id":8978,"date":"2025-08-26T11:48:33","date_gmt":"2025-08-26T11:48:33","guid":{"rendered":"https:\/\/ryinz.cz\/velkoobchod\/?post_type=product&#038;p=8978"},"modified":"2026-01-18T20:17:12","modified_gmt":"2026-01-18T20:17:12","slug":"ryinz-full-grain-leather-motorbike-racing-gloves-ultimate-protection-meets-precision-engineering","status":"publish","type":"product","link":"https:\/\/ryinz.cz\/velkoobchod\/fr\/product\/ryinz-full-grain-leather-motorbike-racing-gloves-ultimate-protection-meets-precision-engineering\/","title":{"rendered":"Gants de course moto en cuir pleine fleur Ryinz - La protection ultime rencontre l'ing\u00e9nierie de pr\u00e9cision"},"content":{"rendered":"<p class=\"\" data-start=\"153\" data-end=\"375\"><strong data-start=\"153\" data-end=\"373\">Ryinz Professional Full-Grain Leather Motorcycle Racing Gloves for Men and Women - Premium Motorbike Riding Gloves with Hard Knuckle Protection, Wrist Support, and Multiple Color Options - Red, Green, Blue, and Black<\/strong><\/p>\n<p class=\"\" data-start=\"377\" data-end=\"954\">D\u00e9couvrez le nec plus ultra en mati\u00e8re de protection, de style et de performance avec le <strong data-start=\"448\" data-end=\"514\">Ryinz Professional Gants de course moto en cuir pleine fleur<\/strong>. Con\u00e7us sp\u00e9cialement pour les passionn\u00e9s et les coureurs professionnels, ces gants allient durabilit\u00e9, confort et protection de pointe. Fabriqu\u00e9s en cuir pleine fleur de haute qualit\u00e9, ils offrent une r\u00e9sistance sup\u00e9rieure \u00e0 l'abrasion tout en conservant une coupe souple et confortable. Que vous rouliez sur l'autoroute, que vous participiez \u00e0 une course ou que vous exploriez des terrains accident\u00e9s, ces gants offrent l'\u00e9quilibre parfait entre la s\u00e9curit\u00e9 et le style.<\/p>\n<p class=\"\" data-start=\"956\" data-end=\"1361\">Les gants de moto Ryinz pr\u00e9sentent les caract\u00e9ristiques suivantes <strong data-start=\"991\" data-end=\"1025\">armure de jointure r\u00e9sistante aux chocs<\/strong> pour une protection maximale en cas de collision ou d'accident. Chaque gant est soigneusement renforc\u00e9 par un protecteur moul\u00e9 haute densit\u00e9 sur les articulations et les doigts pour prot\u00e9ger vos mains contre les impacts, les d\u00e9bris de la route et les abrasions. La conception comprend \u00e9galement un rembourrage suppl\u00e9mentaire sur la paume et les doigts pour absorber les chocs et minimiser les blessures.<\/p>\n<p class=\"\" data-start=\"1363\" data-end=\"1812\">Ces gants ont \u00e9t\u00e9 con\u00e7us pour les coureurs professionnels. Ils sont dot\u00e9s d'une manchette allong\u00e9e pour la protection du poignet et d'une fermeture \u00e0 sangle r\u00e9glable, garantissant un ajustement s\u00fbr et personnalis\u00e9. La longue manchette couvre parfaitement la manche de votre veste, emp\u00eachant le vent ou les d\u00e9bris de p\u00e9n\u00e9trer, ce qui est essentiel pour la conduite \u00e0 grande vitesse. Les bandes Velcro r\u00e9glables assurent un ajustement serr\u00e9 et personnalis\u00e9 qui maintient les gants fermement en place, m\u00eame lors des sorties les plus intenses.<\/p>\n<p class=\"\" data-start=\"1814\" data-end=\"2197\">Pour des performances accrues, les gants de moto Ryinz offrent une excellente ventilation. Les perforations strat\u00e9giques du cuir permettent \u00e0 l'air de circuler facilement, gardant vos mains au frais et sans transpiration, m\u00eame lors des journ\u00e9es les plus chaudes. La construction respirante assure une gestion optimale de l'humidit\u00e9, ce qui rend ces gants id\u00e9aux pour les randonn\u00e9es longue distance, les courses d'\u00e9t\u00e9 ou les aventures \u00e0 moto tout au long de l'ann\u00e9e.<\/p>\n<p class=\"\" data-start=\"2199\" data-end=\"2522\">Disponible en quatre couleurs \u00e9clatantes - <strong data-start=\"2242\" data-end=\"2304\">noir classique, rouge audacieux, vert \u00e9nergique et bleu vibrant<\/strong> - les gants Ryinz vous permettent d'assortir votre \u00e9quipement \u00e0 votre style de moto. Les options de couleur pr\u00e9sentent des accents \u00e9l\u00e9gants sans compromettre la robustesse et le design robuste, ce qui vous donne le look agressif que tous les motocyclistes aiment.<\/p>\n<p class=\"\" data-start=\"2524\" data-end=\"2915\">Con\u00e7us pour tous les passionn\u00e9s de moto, des navetteurs quotidiens aux pilotes de course, les gants Ryinz sont tr\u00e8s polyvalents. Ils sont parfaits pour une utilisation en <strong data-start=\"2666\" data-end=\"2766\">la course de motos, le motocross, la moto tout-terrain, le tourisme, l'aventure et les balades urbaines d\u00e9contract\u00e9es<\/strong>. Que vous conduisiez une moto sportive, un cruiser, une moto de tourisme ou une moto d'aventure, ces gants offrent une protection, un confort et une adh\u00e9rence exceptionnels.<\/p>\n<p class=\"\" data-start=\"2917\" data-end=\"3339\">Parmi les autres caract\u00e9ristiques, citons <strong data-start=\"2947\" data-end=\"2981\">construction des doigts pr\u00e9-courb\u00e9s<\/strong> qui r\u00e9duit la fatigue du pilote et assure un meilleur contr\u00f4le du guidon et des leviers. La conception ergonomique am\u00e9liore la dext\u00e9rit\u00e9, offrant un ajustement et un mouvement naturels pour aider \u00e0 maintenir un contr\u00f4le optimal pendant les trajets \u00e0 grande vitesse et les trajets techniques. Les coutures renforc\u00e9es ajoutent \u00e0 la durabilit\u00e9, faisant de ces gants un investissement durable pour les pilotes s\u00e9rieux.<\/p>\n<p class=\"\" data-start=\"3341\" data-end=\"3648\">La s\u00e9curit\u00e9 est au c\u0153ur de la marque Ryinz. Chaque gant est rigoureusement test\u00e9 dans des conditions r\u00e9elles pour s'assurer qu'il respecte et d\u00e9passe les normes de qualit\u00e9 et de s\u00e9curit\u00e9 les plus strictes. Que vous rouliez pour le plaisir, que vous fassiez des trajets quotidiens ou que vous participiez \u00e0 des comp\u00e9titions professionnelles, faites confiance \u00e0 Ryinz pour prot\u00e9ger vos outils les plus importants : vos mains.<\/p>\n<p class=\"\" data-start=\"3650\" data-end=\"4031\">Con\u00e7us pour les motards passionn\u00e9s, ces gants offrent un \u00e9quilibre id\u00e9al entre forme et fonction. Glissez vos mains dans une paire de gants de moto Ryinz et sentez la diff\u00e9rence que font les mat\u00e9riaux de qualit\u00e9 sup\u00e9rieure, la fabrication experte et le design ax\u00e9 sur le pilote. Roulez en toute confiance en sachant que vous \u00eates \u00e9quip\u00e9 des meilleurs gants de moto con\u00e7us pour la route, la piste et au-del\u00e0.<\/p>\n<p class=\"\" data-start=\"4033\" data-end=\"4052\"><strong data-start=\"4033\" data-end=\"4050\">Caract\u00e9ristiques principales :<\/strong><\/p>\n<ul data-start=\"4053\" data-end=\"4690\">\n<li class=\"\" data-start=\"4053\" data-end=\"4119\">\n<p class=\"\" data-start=\"4055\" data-end=\"4119\">Construction en cuir pleine fleur de premi\u00e8re qualit\u00e9 pour une durabilit\u00e9 maximale<\/p>\n<\/li>\n<li class=\"\" data-start=\"4120\" data-end=\"4185\">\n<p class=\"\" data-start=\"4122\" data-end=\"4185\">Protections des articulations moul\u00e9es pour une meilleure r\u00e9sistance aux chocs<\/p>\n<\/li>\n<li class=\"\" data-start=\"4186\" data-end=\"4245\">\n<p class=\"\" data-start=\"4188\" data-end=\"4245\">Paume renforc\u00e9e pour une meilleure absorption des chocs<\/p>\n<\/li>\n<li class=\"\" data-start=\"4246\" data-end=\"4308\">\n<p class=\"\" data-start=\"4248\" data-end=\"4308\">Manchette allong\u00e9e avec fermeture velcro pour un maintien s\u00fbr du poignet<\/p>\n<\/li>\n<li class=\"\" data-start=\"4309\" data-end=\"4364\">\n<p class=\"\" data-start=\"4311\" data-end=\"4364\">Plusieurs options de couleurs : Noir, rouge, vert et bleu<\/p>\n<\/li>\n<li class=\"\" data-start=\"4365\" data-end=\"4429\">\n<p class=\"\" data-start=\"4367\" data-end=\"4429\">Perforations respirantes pour l'a\u00e9ration et la gestion de la transpiration<\/p>\n<\/li>\n<li class=\"\" data-start=\"4430\" data-end=\"4496\">\n<p class=\"\" data-start=\"4432\" data-end=\"4496\">Les doigts sont pr\u00e9-courb\u00e9s pour r\u00e9duire la fatigue et am\u00e9liorer le contr\u00f4le.<\/p>\n<\/li>\n<li class=\"\" data-start=\"4497\" data-end=\"4554\">\n<p class=\"\" data-start=\"4499\" data-end=\"4554\">Coutures r\u00e9sistantes pour une dur\u00e9e de vie prolong\u00e9e et une utilisation robuste<\/p>\n<\/li>\n<li class=\"\" data-start=\"4555\" data-end=\"4620\">\n<p class=\"\" data-start=\"4557\" data-end=\"4620\">Design \u00e9l\u00e9gant et agressif convenant \u00e0 tous les types de v\u00e9los<\/p>\n<\/li>\n<li class=\"\" data-start=\"4621\" data-end=\"4690\">\n<p class=\"\" data-start=\"4623\" data-end=\"4690\">Parfait pour la course, le tourisme, les d\u00e9placements en ville et l'aventure.<\/p>\n<\/li>\n<\/ul>\n<p class=\"\" data-start=\"4692\" data-end=\"4723\"><strong data-start=\"4692\" data-end=\"4721\">Sp\u00e9cifications techniques :<\/strong><\/p>\n<ul data-start=\"4724\" data-end=\"5061\">\n<li class=\"\" data-start=\"4724\" data-end=\"4769\">\n<p class=\"\" data-start=\"4726\" data-end=\"4769\">Mati\u00e8re : Cuir pleine fleur de premi\u00e8re qualit\u00e9 100%<\/p>\n<\/li>\n<li class=\"\" data-start=\"4770\" data-end=\"4842\">\n<p class=\"\" data-start=\"4772\" data-end=\"4842\">Protection : Protection des articulations, paumes rembourr\u00e9es, doigts renforc\u00e9s<\/p>\n<\/li>\n<li class=\"\" data-start=\"4843\" data-end=\"4900\">\n<p class=\"\" data-start=\"4845\" data-end=\"4900\">Ventilation : Perforations strat\u00e9giques pour une meilleure respirabilit\u00e9<\/p>\n<\/li>\n<li class=\"\" data-start=\"4901\" data-end=\"4946\">\n<p class=\"\" data-start=\"4903\" data-end=\"4946\">Couleurs disponibles : Noir, rouge, vert, bleu<\/p>\n<\/li>\n<li class=\"\" data-start=\"4947\" data-end=\"4984\">\n<p class=\"\" data-start=\"4949\" data-end=\"4984\">Tailles disponibles : S, M, L, XL, XXL<\/p>\n<\/li>\n<li class=\"\" data-start=\"4985\" data-end=\"5026\">\n<p class=\"\" data-start=\"4987\" data-end=\"5026\">Type de fermeture : Sangle velcro ajustable<\/p>\n<\/li>\n<li class=\"\" data-start=\"5027\" data-end=\"5061\">\n<p class=\"\" data-start=\"5029\" data-end=\"5061\">Genre : Unisexe (hommes et femmes)<\/p>\n<\/li>\n<\/ul>\n<p class=\"\" data-start=\"5063\" data-end=\"5311\">Choisir <strong data-start=\"5070\" data-end=\"5104\">Gants de moto Ryinz<\/strong> pour am\u00e9liorer votre exp\u00e9rience de conduite avec une s\u00e9curit\u00e9 maximale, un confort sup\u00e9rieur et un style in\u00e9gal\u00e9. Parfait pour les motards passionn\u00e9s qui exigent plus de leur \u00e9quipement. Ryinz - o\u00f9 la performance rencontre la protection.<\/p>","protected":false},"excerpt":{"rendered":"<h4><strong>Con\u00e7u pour la performance et le confort<\/strong><\/h4>\n<ul>\n<li>\n<p class=\"ds-markdown-paragraph\"><strong>Doigts pr\u00e9-courb\u00e9s :<\/strong>\u00a0La forme anatomique r\u00e9duit la fatigue de la main, ce qui permet d'obtenir une meilleure visibilit\u00e9 de la part de l'utilisateur.\u00a0<strong>prise naturelle du guidon<\/strong>\u00a0sans contrainte.<\/p>\n<\/li>\n<li>\n<p class=\"ds-markdown-paragraph\"><strong>Zones de flexibilit\u00e9 perfor\u00e9es :<\/strong>\u00a0Les panneaux de ventilation d\u00e9coup\u00e9s au laser sur les doigts et le revers am\u00e9liorent la circulation de l'air, \u00e9vitant l'accumulation de sueur lors des sorties intenses.<\/p>\n<\/li>\n<li>\n<p class=\"ds-markdown-paragraph\"><strong>Poign\u00e9e antid\u00e9rapante :<\/strong>\u00a0<strong>Micro-impression en silicone ou patchs en daim de premi\u00e8re qualit\u00e9<\/strong>\u00a0am\u00e9liorent la friction pour un contr\u00f4le pr\u00e9cis de l'acc\u00e9l\u00e9rateur et du frein, m\u00eame sur sol mouill\u00e9.<\/p>\n<\/li>\n<li>\n<p class=\"ds-markdown-paragraph\"><strong>Index et pouce compatibles avec les \u00e9crans tactiles :<\/strong>\u00a0Restez connect\u00e9 sans enlever vos gants - id\u00e9al pour la navigation GPS ou l'utilisation rapide d'un t\u00e9l\u00e9phone.<\/p>\n<\/li>\n<li>\n<p class=\"ds-markdown-paragraph\"><strong>Fermeture r\u00e9glable :<\/strong>\u00a0A\u00a0<strong>sangle de poignet large et s\u00fbre<\/strong>\u00a0avec coutures renforc\u00e9es emp\u00eache le glissement tout en permettant un acc\u00e8s facile \u00e0 l'int\u00e9rieur et \u00e0 l'ext\u00e9rieur.<\/p>\n<\/li>\n<\/ul>","protected":false},"featured_media":9023,"comment_status":"closed","ping_status":"closed","template":"","meta":[],"product_brand":[35],"product_cat":[1111,122],"product_tag":[133],"class_list":{"0":"post-8978","1":"product","2":"type-product","3":"status-publish","4":"has-post-thumbnail","6":"product_brand-ryinz","7":"product_cat-motorbike","8":"product_cat-motorbike-racing-gloves","9":"product_tag-tpu-knuckle-protection","11":"first","12":"instock","13":"taxable","14":"shipping-taxable","15":"purchasable","16":"product-type-simple"},"_links":{"self":[{"href":"https:\/\/ryinz.cz\/velkoobchod\/fr\/wp-json\/wp\/v2\/product\/8978","targetHints":{"allow":["GET"]}}],"collection":[{"href":"https:\/\/ryinz.cz\/velkoobchod\/fr\/wp-json\/wp\/v2\/product"}],"about":[{"href":"https:\/\/ryinz.cz\/velkoobchod\/fr\/wp-json\/wp\/v2\/types\/product"}],"replies":[{"embeddable":true,"href":"https:\/\/ryinz.cz\/velkoobchod\/fr\/wp-json\/wp\/v2\/comments?post=8978"}],"wp:featuredmedia":[{"embeddable":true,"href":"https:\/\/ryinz.cz\/velkoobchod\/fr\/wp-json\/wp\/v2\/media\/9023"}],"wp:attachment":[{"href":"https:\/\/ryinz.cz\/velkoobchod\/fr\/wp-json\/wp\/v2\/media?parent=8978"}],"wp:term":[{"taxonomy":"product_brand","embeddable":true,"href":"https:\/\/ryinz.cz\/velkoobchod\/fr\/wp-json\/wp\/v2\/product_brand?post=8978"},{"taxonomy":"product_cat","embeddable":true,"href":"https:\/\/ryinz.cz\/velkoobchod\/fr\/wp-json\/wp\/v2\/product_cat?post=8978"},{"taxonomy":"product_tag","embeddable":true,"href":"https:\/\/ryinz.cz\/velkoobchod\/fr\/wp-json\/wp\/v2\/product_tag?post=8978"}],"curies":[{"name":"wp","href":"https:\/\/api.w.org\/{rel}","templated":true}]}}