{"id":8977,"date":"2025-08-26T11:48:33","date_gmt":"2025-08-26T11:48:33","guid":{"rendered":"https:\/\/ryinz.cz\/velkoobchod\/?post_type=product&#038;p=8977"},"modified":"2026-01-18T20:17:11","modified_gmt":"2026-01-18T20:17:11","slug":"ryinz-full-protection-carbon-fiber-motorcycle-racing-gloves-premium-manufacturer-and-wholesale-supplier","status":"publish","type":"product","link":"https:\/\/ryinz.cz\/velkoobchod\/fr\/product\/ryinz-full-protection-carbon-fiber-motorcycle-racing-gloves-premium-manufacturer-and-wholesale-supplier\/","title":{"rendered":"RYINZ Full Protection Carbon Fiber Motorcycle Racing Gloves - Premium Manufacturer and Wholesale Supplier"},"content":{"rendered":"<p class=\"\" data-start=\"720\" data-end=\"1070\">Pr\u00e9sentation de la <strong data-start=\"736\" data-end=\"799\">RYINZ Gants de course moto en fibre de carbone \u00e0 protection int\u00e9grale<\/strong>, Ces gants sont le choix ultime pour les passionn\u00e9s de moto qui exigent les plus hauts niveaux de performance, de confort et de s\u00e9curit\u00e9. Con\u00e7us avec une technologie de pointe et des mat\u00e9riaux de premi\u00e8re qualit\u00e9, ces gants sont adapt\u00e9s \u00e0 la course, \u00e0 la conduite sportive, au tourisme et \u00e0 la conduite agressive sur route.<\/p>\n<p class=\"\" data-start=\"1072\" data-end=\"1443\">Fabriqu\u00e9s \u00e0 partir d'un m\u00e9lange de cuir v\u00e9ritable de premi\u00e8re qualit\u00e9 et de tissu en maille durable, ces gants de moto offrent un \u00e9quilibre parfait entre protection et respirabilit\u00e9. Les protections des articulations en fibre de carbone sont con\u00e7ues pour prot\u00e9ger vos mains contre les chocs et les abrasions pendant les trajets \u00e0 grande vitesse, tandis que les zones de la paume renforc\u00e9es offrent une adh\u00e9rence et un contr\u00f4le exceptionnels, m\u00eame dans des conditions humides.<\/p>\n<p class=\"\" data-start=\"1445\" data-end=\"1846\">Les gants sont con\u00e7us avec une structure pr\u00e9-courb\u00e9e des doigts, assurant une position de conduite naturelle et sans fatigue. Avec une flexibilit\u00e9 accrue au niveau des articulations et une coupe sur mesure, les gants de course RYINZ Full Protection Gloves permettent un mouvement libre des mains pour un maniement optimal du v\u00e9lo. Chaque gant est dot\u00e9 de panneaux de ventilation strat\u00e9giquement plac\u00e9s qui garantissent que vos mains restent fra\u00eeches et s\u00e8ches tout au long de votre parcours.<\/p>\n<p class=\"\" data-start=\"1848\" data-end=\"2215\">L'armure des articulations et les protections des doigts en fibre de carbone prot\u00e8gent les zones critiques sans compromettre la flexibilit\u00e9. Les rembourrages renforc\u00e9s dans la paume et le long des zones d'usure offrent une absorption suppl\u00e9mentaire des chocs, r\u00e9duisant ainsi la fatigue due aux vibrations lors des longues randonn\u00e9es. Les coutures doubles am\u00e9liorent la durabilit\u00e9, faisant de ces gants un investissement qui durera saison apr\u00e8s saison.<\/p>\n<p class=\"\" data-start=\"2217\" data-end=\"2500\">Une bande Velcro r\u00e9glable au poignet assure un bon maintien, emp\u00eachant les gants de glisser ou de se desserrer lors de man\u0153uvres agressives. Ces gants sont \u00e9galement compatibles avec les \u00e9crans tactiles, ce qui vous permet d'utiliser des smartphones, des GPS et des appareils num\u00e9riques sans retirer vos gants.<\/p>\n<p class=\"\" data-start=\"2502\" data-end=\"2778\">Au <strong data-start=\"2505\" data-end=\"2514\">RYINZ<\/strong>, Nous nous engageons \u00e0 fournir une qualit\u00e9 et des performances exceptionnelles. Nos gants sont con\u00e7us par des experts et fabriqu\u00e9s selon des normes de contr\u00f4le de qualit\u00e9 strictes afin de r\u00e9pondre aux exigences des cyclistes professionnels, des passionn\u00e9s de course, des navetteurs et des amateurs d'aventure.<\/p>\n<p class=\"\" data-start=\"2780\" data-end=\"3112\">Que vous rouliez dans les rues de la ville, sur les autoroutes, sur les pistes en terre battue ou sur les circuits de course professionnels, la <strong data-start=\"2879\" data-end=\"2942\">RYINZ Gants de course moto en fibre de carbone \u00e0 protection int\u00e9grale<\/strong> sont con\u00e7ues pour prot\u00e9ger, performer et impressionner. Dominez votre conduite gr\u00e2ce \u00e0 une protection sup\u00e9rieure, un confort ergonomique et un look de course \u00e9l\u00e9gant qui vous d\u00e9marque de la foule.<\/p>\n<p class=\"\" data-start=\"3114\" data-end=\"3440\">Cette paire de gants de moto est id\u00e9ale pour les pilotes de superbike, les coureurs de motocross, les aventuriers tout-terrain, les motards de tourisme et les cascadeurs. Ils sont parfaits pour les balades estivales, les trajets doux en hiver et les courses de comp\u00e9tition. Chaque couture, chaque mat\u00e9riau et chaque \u00e9l\u00e9ment de conception sont con\u00e7us en pensant \u00e0 l'exp\u00e9rience et \u00e0 la s\u00e9curit\u00e9 du pilote.<\/p>\n<p class=\"\" data-start=\"3442\" data-end=\"3580\">Faites confiance \u00e0 RYINZ - le choix pr\u00e9f\u00e9r\u00e9 des motards du monde entier - pour vous fournir des gants qui sont aussi forts que votre passion pour la route.<\/p>\n<hr class=\"\" data-start=\"3582\" data-end=\"3585\" \/>\n<h3 class=\"\" data-start=\"3587\" data-end=\"3610\"><strong data-start=\"3591\" data-end=\"3608\">Caract\u00e9ristiques principales :<\/strong><\/h3>\n<ul data-start=\"3611\" data-end=\"4457\">\n<li class=\"\" data-start=\"3611\" data-end=\"3668\">\n<p class=\"\" data-start=\"3613\" data-end=\"3668\">Cuir v\u00e9ritable de premi\u00e8re qualit\u00e9 combin\u00e9 \u00e0 une maille respirante<\/p>\n<\/li>\n<li class=\"\" data-start=\"3669\" data-end=\"3734\">\n<p class=\"\" data-start=\"3671\" data-end=\"3734\">Protections des articulations en fibre de carbone pour une r\u00e9sistance maximale aux chocs<\/p>\n<\/li>\n<li class=\"\" data-start=\"3735\" data-end=\"3795\">\n<p class=\"\" data-start=\"3737\" data-end=\"3795\">Paume en cuir renforc\u00e9 pour une meilleure adh\u00e9rence et une plus grande durabilit\u00e9<\/p>\n<\/li>\n<li class=\"\" data-start=\"3796\" data-end=\"3844\">\n<p class=\"\" data-start=\"3798\" data-end=\"3844\">Doigts pr\u00e9-courb\u00e9s pour r\u00e9duire la fatigue<\/p>\n<\/li>\n<li class=\"\" data-start=\"3845\" data-end=\"3892\">\n<p class=\"\" data-start=\"3847\" data-end=\"3892\">Panneaux en maille a\u00e9r\u00e9e pour une meilleure circulation de l'air<\/p>\n<\/li>\n<li class=\"\" data-start=\"3893\" data-end=\"3947\">\n<p class=\"\" data-start=\"3895\" data-end=\"3947\">Rembourrage de la paume absorbant les chocs pour minimiser les vibrations<\/p>\n<\/li>\n<li class=\"\" data-start=\"3948\" data-end=\"4006\">\n<p class=\"\" data-start=\"3950\" data-end=\"4006\">Coutures doublement cousues pour plus de solidit\u00e9 et de long\u00e9vit\u00e9<\/p>\n<\/li>\n<li class=\"\" data-start=\"4007\" data-end=\"4071\">\n<p class=\"\" data-start=\"4009\" data-end=\"4071\">Poignet r\u00e9glable par velcro pour un ajustement s\u00fbr et personnalis\u00e9<\/p>\n<\/li>\n<li class=\"\" data-start=\"4072\" data-end=\"4125\">\n<p class=\"\" data-start=\"4074\" data-end=\"4125\">Des doigts compatibles avec l'\u00e9cran tactile pour plus de commodit\u00e9<\/p>\n<\/li>\n<li class=\"\" data-start=\"4126\" data-end=\"4169\">\n<p class=\"\" data-start=\"4128\" data-end=\"4169\">Construction l\u00e9g\u00e8re mais robuste<\/p>\n<\/li>\n<li class=\"\" data-start=\"4170\" data-end=\"4224\">\n<p class=\"\" data-start=\"4172\" data-end=\"4224\">Con\u00e7u pour les coureurs professionnels et les pilotes de rue<\/p>\n<\/li>\n<li class=\"\" data-start=\"4225\" data-end=\"4289\">\n<p class=\"\" data-start=\"4227\" data-end=\"4289\">Convient pour le motocross, la moto, le tourisme et la cascade.<\/p>\n<\/li>\n<li class=\"\" data-start=\"4290\" data-end=\"4338\">\n<p class=\"\" data-start=\"4292\" data-end=\"4338\">R\u00e9sistance \u00e9lev\u00e9e \u00e0 l'abrasion et protection contre les d\u00e9chirures<\/p>\n<\/li>\n<li class=\"\" data-start=\"4339\" data-end=\"4392\">\n<p class=\"\" data-start=\"4341\" data-end=\"4392\">Design agressif et \u00e9l\u00e9gant pour un look de course haut de gamme<\/p>\n<\/li>\n<li class=\"\" data-start=\"4393\" data-end=\"4457\">\n<p class=\"\" data-start=\"4395\" data-end=\"4457\">Fabriqu\u00e9 avec des contr\u00f4les de qualit\u00e9 stricts pour garantir l'excellence<\/p>\n<\/li>\n<\/ul>","protected":false},"excerpt":{"rendered":"<h3 class=\"\" data-start=\"3587\" data-end=\"3610\"><strong data-start=\"3591\" data-end=\"3608\">Caract\u00e9ristiques principales :<\/strong><\/h3>\n<ul data-start=\"3611\" data-end=\"4457\">\n<li class=\"\" data-start=\"3611\" data-end=\"3668\">\n<p class=\"\" data-start=\"3613\" data-end=\"3668\">Cuir v\u00e9ritable de premi\u00e8re qualit\u00e9 combin\u00e9 \u00e0 une maille respirante<\/p>\n<\/li>\n<li class=\"\" data-start=\"3669\" data-end=\"3734\">\n<p class=\"\" data-start=\"3671\" data-end=\"3734\">Protections des articulations en fibre de carbone pour une r\u00e9sistance maximale aux chocs<\/p>\n<\/li>\n<li class=\"\" data-start=\"3735\" data-end=\"3795\">\n<p class=\"\" data-start=\"3737\" data-end=\"3795\">Paume en cuir renforc\u00e9 pour une meilleure adh\u00e9rence et une plus grande durabilit\u00e9<\/p>\n<\/li>\n<li class=\"\" data-start=\"3796\" data-end=\"3844\">\n<p class=\"\" data-start=\"3798\" data-end=\"3844\">Doigts pr\u00e9-courb\u00e9s pour r\u00e9duire la fatigue<\/p>\n<\/li>\n<li class=\"\" data-start=\"3845\" data-end=\"3892\">\n<p class=\"\" data-start=\"3847\" data-end=\"3892\">Panneaux en maille a\u00e9r\u00e9e pour une meilleure circulation de l'air<\/p>\n<\/li>\n<li class=\"\" data-start=\"3893\" data-end=\"3947\">\n<p class=\"\" data-start=\"3895\" data-end=\"3947\">Rembourrage de la paume absorbant les chocs pour minimiser les vibrations<\/p>\n<\/li>\n<\/ul>","protected":false},"featured_media":9026,"comment_status":"closed","ping_status":"closed","template":"","meta":[],"product_brand":[35],"product_cat":[1111,122],"product_tag":[137,136,124],"class_list":{"0":"post-8977","1":"product","2":"type-product","3":"status-publish","4":"has-post-thumbnail","6":"product_brand-ryinz","7":"product_cat-motorbike","8":"product_cat-motorbike-racing-gloves","9":"product_tag-impact-resistant-gloves","10":"product_tag-leather-gloves","11":"product_tag-motorbike-racing-gloves","13":"first","14":"instock","15":"taxable","16":"shipping-taxable","17":"purchasable","18":"product-type-simple"},"_links":{"self":[{"href":"https:\/\/ryinz.cz\/velkoobchod\/fr\/wp-json\/wp\/v2\/product\/8977","targetHints":{"allow":["GET"]}}],"collection":[{"href":"https:\/\/ryinz.cz\/velkoobchod\/fr\/wp-json\/wp\/v2\/product"}],"about":[{"href":"https:\/\/ryinz.cz\/velkoobchod\/fr\/wp-json\/wp\/v2\/types\/product"}],"replies":[{"embeddable":true,"href":"https:\/\/ryinz.cz\/velkoobchod\/fr\/wp-json\/wp\/v2\/comments?post=8977"}],"wp:featuredmedia":[{"embeddable":true,"href":"https:\/\/ryinz.cz\/velkoobchod\/fr\/wp-json\/wp\/v2\/media\/9026"}],"wp:attachment":[{"href":"https:\/\/ryinz.cz\/velkoobchod\/fr\/wp-json\/wp\/v2\/media?parent=8977"}],"wp:term":[{"taxonomy":"product_brand","embeddable":true,"href":"https:\/\/ryinz.cz\/velkoobchod\/fr\/wp-json\/wp\/v2\/product_brand?post=8977"},{"taxonomy":"product_cat","embeddable":true,"href":"https:\/\/ryinz.cz\/velkoobchod\/fr\/wp-json\/wp\/v2\/product_cat?post=8977"},{"taxonomy":"product_tag","embeddable":true,"href":"https:\/\/ryinz.cz\/velkoobchod\/fr\/wp-json\/wp\/v2\/product_tag?post=8977"}],"curies":[{"name":"wp","href":"https:\/\/api.w.org\/{rel}","templated":true}]}}