{"id":8966,"date":"2025-08-26T11:48:33","date_gmt":"2025-08-26T11:48:33","guid":{"rendered":"https:\/\/ryinz.cz\/velkoobchod\/?post_type=product&#038;p=8966"},"modified":"2026-01-18T20:17:09","modified_gmt":"2026-01-18T20:17:09","slug":"ryinz-full-leather-motorcycle-racing-gloves-premium-motorbike-gloves-for-men-and-women-hard-knuckle-protection-racing-performance-available-in-red-black-white-and-blue","status":"publish","type":"product","link":"https:\/\/ryinz.cz\/velkoobchod\/fr\/product\/ryinz-full-leather-motorcycle-racing-gloves-premium-motorbike-gloves-for-men-and-women-hard-knuckle-protection-racing-performance-available-in-red-black-white-and-blue\/","title":{"rendered":"Ryinz Gants de course moto en cuir - Gants de moto de premi\u00e8re qualit\u00e9 pour hommes et femmes - Protection des articulations, performance de course, disponible en rouge, noir, blanc et bleu"},"content":{"rendered":"<p class=\"\" data-start=\"336\" data-end=\"738\">Pr\u00e9parez-vous \u00e0 b\u00e9n\u00e9ficier d'une protection ultime et d'un style imbattable avec le <strong data-start=\"400\" data-end=\"447\">Gants de course moto Ryinz en cuir int\u00e9gral<\/strong>. Con\u00e7us pour les pilotes s\u00e9rieux et les coureurs professionnels, ces gants offrent des performances haut de gamme, une protection maximale et un confort sup\u00e9rieur. Que vous fassiez des courses sur piste, que vous rouliez sur l'autoroute ou que vous fassiez du tout-terrain, les gants de moto Ryinz vous permettront de garder vos mains en s\u00e9curit\u00e9, agiles et \u00e9l\u00e9gantes.<\/p>\n<p class=\"\" data-start=\"740\" data-end=\"1219\">Fabriqu\u00e9 \u00e0 partir de <strong data-start=\"758\" data-end=\"801\">100% cuir de vachette pleine fleur de premi\u00e8re qualit\u00e9<\/strong>, Gr\u00e2ce \u00e0 l'utilisation du cuir, ces gants offrent une r\u00e9sistance \u00e0 l'abrasion et une durabilit\u00e9 exceptionnelles. La construction en cuir garantit non seulement une longue dur\u00e9e de vie, mais elle se moule aussi naturellement \u00e0 la forme de votre main pour un ajustement personnalis\u00e9 au fil du temps. Les gants sont m\u00e9ticuleusement cousus avec des fils r\u00e9sistants, ce qui les rend parfaits pour les conditions de conduite les plus difficiles. Chaque centim\u00e8tre du gant est con\u00e7u pour r\u00e9sister aux environnements extr\u00eames et vous prot\u00e9ger en cas d'accident.<\/p>\n<p class=\"\" data-start=\"1221\" data-end=\"1602\">Pour la protection, ces gants de course Ryinz sont dot\u00e9s des caract\u00e9ristiques suivantes <strong data-start=\"1271\" data-end=\"1315\">armure de pointe en fibre de carbone pour les articulations dures<\/strong>. Les articulations en carbone prot\u00e8gent vos mains contre les impacts et les collisions, tandis que les prot\u00e8ge-doigts renforc\u00e9s offrent une d\u00e9fense suppl\u00e9mentaire contre les dangers de la route. Les gants sont \u00e9galement dot\u00e9s d'une protection rembourr\u00e9e sur les paumes, ce qui minimise les vibrations du guidon et absorbe les chocs en cas de chute.<\/p>\n<p class=\"\" data-start=\"1604\" data-end=\"1954\">La course automobile exige pr\u00e9cision et contr\u00f4le. C'est pourquoi les gants Ryinz offrent <strong data-start=\"1673\" data-end=\"1718\">doigts pr\u00e9-courb\u00e9s et panneaux ergonomiques<\/strong>. La structure pr\u00e9-courb\u00e9e r\u00e9duit la fatigue et permet un mouvement naturel des doigts pour une prise optimale de l'acc\u00e9l\u00e9rateur, du frein et de l'embrayage. La zone de la paume comporte des renforts en silicone suppl\u00e9mentaires, garantissant une adh\u00e9rence sup\u00e9rieure m\u00eame dans des conditions humides.<\/p>\n<p class=\"\" data-start=\"1956\" data-end=\"2332\">Pour le confort du pilote, les gants de moto Ryinz comprennent <strong data-start=\"2007\" data-end=\"2039\">panneaux de ventilation strat\u00e9giques<\/strong> sur les doigts et les poignets, permettant la circulation de l'air sans compromettre la s\u00e9curit\u00e9. Ces conceptions respirantes permettent de garder les mains au frais et au sec, m\u00eame pendant les courses d'\u00e9t\u00e9 ou les longues randonn\u00e9es. La doublure int\u00e9rieure qui \u00e9vacue la transpiration ajoute une couche suppl\u00e9mentaire de confort, en \u00e9vitant que les paumes transpirantes ne glissent.<\/p>\n<p class=\"\" data-start=\"2334\" data-end=\"2654\">Les gants sont dot\u00e9s d'une <strong data-start=\"2353\" data-end=\"2376\">manchette longue et allong\u00e9e<\/strong> Ces gants sont dot\u00e9s d'une double fermeture velcro pour une protection maximale du poignet et un ajustement s\u00fbr. La fermeture r\u00e9glable garantit que les gants restent fermement en place, m\u00eame lors de man\u0153uvres de course extr\u00eames. Ce soutien suppl\u00e9mentaire du poignet est essentiel pour \u00e9viter les blessures lors d'accidents \u00e0 grande vitesse.<\/p>\n<p class=\"\" data-start=\"2656\" data-end=\"3002\">Le style est tout aussi important que la performance, et les gants de course Ryinz ne d\u00e9\u00e7oivent pas. Disponibles en <strong data-start=\"2755\" data-end=\"2809\">quatre couleurs \u00e9clatantes - noir, blanc, rouge et bleu<\/strong> - ces gants permettent aux pilotes d'assortir leur \u00e9quipement ou les couleurs de leur v\u00e9lo. Les designs audacieux, combin\u00e9s \u00e0 des lignes \u00e9pur\u00e9es et \u00e0 des d\u00e9tails agressifs, font de ces gants un v\u00e9ritable accroche-regard sur et en dehors de la piste.<\/p>\n<p class=\"\" data-start=\"3004\" data-end=\"3020\"><strong data-start=\"3004\" data-end=\"3018\">Id\u00e9al pour :<\/strong><\/p>\n<ul data-start=\"3021\" data-end=\"3186\">\n<li class=\"\" data-start=\"3021\" data-end=\"3042\">\n<p class=\"\" data-start=\"3023\" data-end=\"3042\">Courses de motos<\/p>\n<\/li>\n<li class=\"\" data-start=\"3043\" data-end=\"3063\">\n<p class=\"\" data-start=\"3045\" data-end=\"3063\">Moto sportive<\/p>\n<\/li>\n<li class=\"\" data-start=\"3064\" data-end=\"3084\">\n<p class=\"\" data-start=\"3066\" data-end=\"3084\">Croisi\u00e8re sur route<\/p>\n<\/li>\n<li class=\"\" data-start=\"3085\" data-end=\"3106\">\n<p class=\"\" data-start=\"3087\" data-end=\"3106\">Tourisme d'aventure<\/p>\n<\/li>\n<li class=\"\" data-start=\"3107\" data-end=\"3141\">\n<p class=\"\" data-start=\"3109\" data-end=\"3141\">Motocross et moto tout-terrain<\/p>\n<\/li>\n<li class=\"\" data-start=\"3142\" data-end=\"3186\">\n<p class=\"\" data-start=\"3144\" data-end=\"3186\">Journ\u00e9es de piste et comp\u00e9titions professionnelles<\/p>\n<\/li>\n<\/ul>\n<p class=\"\" data-start=\"3188\" data-end=\"3426\">Chaque gant Ryinz est soumis \u00e0 un contr\u00f4le de qualit\u00e9 strict et \u00e0 des tests sur le terrain afin de garantir qu'il r\u00e9pond aux normes de s\u00e9curit\u00e9 les plus strictes. Les pilotes du monde entier font confiance \u00e0 Ryinz pour prot\u00e9ger leurs mains tout en offrant un style, un confort et une durabilit\u00e9 in\u00e9gal\u00e9s.<\/p>\n<p class=\"\" data-start=\"3428\" data-end=\"3592\">Quand on est passionn\u00e9 de moto, on ne fait pas de compromis. Choisir <strong data-start=\"3500\" data-end=\"3547\">Gants de course moto Ryinz en cuir int\u00e9gral<\/strong> - con\u00e7u pour les gagnants, construit pour les champions.<\/p>\n<hr class=\"\" data-start=\"3594\" data-end=\"3597\" \/>\n<p class=\"\" data-start=\"3599\" data-end=\"3618\"><strong data-start=\"3599\" data-end=\"3616\">Caract\u00e9ristiques principales :<\/strong><\/p>\n<ul data-start=\"3619\" data-end=\"4039\">\n<li class=\"\" data-start=\"3619\" data-end=\"3667\">\n<p class=\"\" data-start=\"3621\" data-end=\"3667\">100% Construction en cuir premium pleine fleur<\/p>\n<\/li>\n<li class=\"\" data-start=\"3668\" data-end=\"3703\">\n<p class=\"\" data-start=\"3670\" data-end=\"3703\">Protection des articulations en fibre de carbone<\/p>\n<\/li>\n<li class=\"\" data-start=\"3704\" data-end=\"3748\">\n<p class=\"\" data-start=\"3706\" data-end=\"3748\">Glissi\u00e8res de paume renforc\u00e9es pour plus de s\u00e9curit\u00e9<\/p>\n<\/li>\n<li class=\"\" data-start=\"3749\" data-end=\"3787\">\n<p class=\"\" data-start=\"3751\" data-end=\"3787\">Doigts ergonomiques pr\u00e9-courb\u00e9s<\/p>\n<\/li>\n<li class=\"\" data-start=\"3788\" data-end=\"3833\">\n<p class=\"\" data-start=\"3790\" data-end=\"3833\">Panneaux d'a\u00e9ration respirants pour le refroidissement<\/p>\n<\/li>\n<li class=\"\" data-start=\"3834\" data-end=\"3877\">\n<p class=\"\" data-start=\"3836\" data-end=\"3877\">Manchette longue pour une protection compl\u00e8te du poignet<\/p>\n<\/li>\n<li class=\"\" data-start=\"3878\" data-end=\"3924\">\n<p class=\"\" data-start=\"3880\" data-end=\"3924\">Deux fermetures Velcro pour un ajustement parfait<\/p>\n<\/li>\n<li class=\"\" data-start=\"3925\" data-end=\"3964\">\n<p class=\"\" data-start=\"3927\" data-end=\"3964\">Coutures r\u00e9sistantes pour une utilisation robuste<\/p>\n<\/li>\n<li class=\"\" data-start=\"3965\" data-end=\"3998\">\n<p class=\"\" data-start=\"3967\" data-end=\"3998\">Doublure int\u00e9rieure absorbant l'humidit\u00e9<\/p>\n<\/li>\n<li class=\"\" data-start=\"3999\" data-end=\"4039\">\n<p class=\"\" data-start=\"4001\" data-end=\"4039\">Disponible en noir, blanc, rouge, bleu<\/p>\n<\/li>\n<\/ul>\n<p class=\"\" data-start=\"4041\" data-end=\"4065\"><strong data-start=\"4041\" data-end=\"4063\">D\u00e9tails techniques :<\/strong><\/p>\n<ul data-start=\"4066\" data-end=\"4310\">\n<li class=\"\" data-start=\"4066\" data-end=\"4111\">\n<p class=\"\" data-start=\"4068\" data-end=\"4111\">Mati\u00e8re : 100% Cuir de vachette pleine fleur<\/p>\n<\/li>\n<li class=\"\" data-start=\"4112\" data-end=\"4175\">\n<p class=\"\" data-start=\"4114\" data-end=\"4175\">Protection : Poignets en carbone, paumes renforc\u00e9es, protection des doigts<\/p>\n<\/li>\n<li class=\"\" data-start=\"4176\" data-end=\"4203\">\n<p class=\"\" data-start=\"4178\" data-end=\"4203\">Tailles : S, M, L, XL, XXL<\/p>\n<\/li>\n<li class=\"\" data-start=\"4204\" data-end=\"4238\">\n<p class=\"\" data-start=\"4206\" data-end=\"4238\">Genre : Unisexe (hommes et femmes)<\/p>\n<\/li>\n<li class=\"\" data-start=\"4239\" data-end=\"4274\">\n<p class=\"\" data-start=\"4241\" data-end=\"4274\">Fermeture : Double velcro r\u00e9glable<\/p>\n<\/li>\n<li class=\"\" data-start=\"4275\" data-end=\"4310\">\n<p class=\"\" data-start=\"4277\" data-end=\"4310\">Couleurs : Noir, rouge, blanc, bleu<\/p>\n<\/li>\n<\/ul>","protected":false},"excerpt":{"rendered":"<p>Faites passer votre exp\u00e9rience de la course au niveau sup\u00e9rieur avec les gants de moto en cuir Ryinz. Con\u00e7us pour les pilotes s\u00e9rieux, ces gants offrent une protection en carbone, une construction enti\u00e8rement en cuir, un ajustement parfait et des performances pr\u00eates pour la course.<\/p>\n<p class=\"\" data-start=\"3599\" data-end=\"3618\"><strong data-start=\"3599\" data-end=\"3616\">Caract\u00e9ristiques principales :<\/strong><\/p>\n<ul data-start=\"3619\" data-end=\"4039\">\n<li class=\"\" data-start=\"3619\" data-end=\"3667\">\n<p class=\"\" data-start=\"3621\" data-end=\"3667\">100% Construction en cuir premium pleine fleur<\/p>\n<\/li>\n<li class=\"\" data-start=\"3668\" data-end=\"3703\">\n<p class=\"\" data-start=\"3670\" data-end=\"3703\">Protection des articulations en fibre de carbone<\/p>\n<\/li>\n<li class=\"\" data-start=\"3704\" data-end=\"3748\">\n<p class=\"\" data-start=\"3706\" data-end=\"3748\">Glissi\u00e8res de paume renforc\u00e9es pour plus de s\u00e9curit\u00e9<\/p>\n<\/li>\n<li class=\"\" data-start=\"3749\" data-end=\"3787\">\n<p class=\"\" data-start=\"3751\" data-end=\"3787\">Doigts ergonomiques pr\u00e9-courb\u00e9s<\/p>\n<\/li>\n<li class=\"\" data-start=\"3788\" data-end=\"3833\">\n<p class=\"\" data-start=\"3790\" data-end=\"3833\">Panneaux d'a\u00e9ration respirants pour le refroidissement<\/p>\n<\/li>\n<li class=\"\" data-start=\"3834\" data-end=\"3877\">\n<p class=\"\" data-start=\"3836\" data-end=\"3877\">Manchette longue pour une protection compl\u00e8te du poignet<\/p>\n<\/li>\n<\/ul>","protected":false},"featured_media":9021,"comment_status":"closed","ping_status":"closed","template":"","meta":[],"product_brand":[35],"product_cat":[1111,122],"product_tag":[125,126,127,123],"class_list":{"0":"post-8966","1":"product","2":"type-product","3":"status-publish","4":"has-post-thumbnail","6":"product_brand-ryinz","7":"product_cat-motorbike","8":"product_cat-motorbike-racing-gloves","9":"product_tag-environmentally-friendly-motorbike-gloves","10":"product_tag-gillani-gloves","11":"product_tag-knuckle-protection-gloves","12":"product_tag-racing-gloves","14":"first","15":"instock","16":"taxable","17":"shipping-taxable","18":"purchasable","19":"product-type-simple"},"_links":{"self":[{"href":"https:\/\/ryinz.cz\/velkoobchod\/fr\/wp-json\/wp\/v2\/product\/8966","targetHints":{"allow":["GET"]}}],"collection":[{"href":"https:\/\/ryinz.cz\/velkoobchod\/fr\/wp-json\/wp\/v2\/product"}],"about":[{"href":"https:\/\/ryinz.cz\/velkoobchod\/fr\/wp-json\/wp\/v2\/types\/product"}],"replies":[{"embeddable":true,"href":"https:\/\/ryinz.cz\/velkoobchod\/fr\/wp-json\/wp\/v2\/comments?post=8966"}],"wp:featuredmedia":[{"embeddable":true,"href":"https:\/\/ryinz.cz\/velkoobchod\/fr\/wp-json\/wp\/v2\/media\/9021"}],"wp:attachment":[{"href":"https:\/\/ryinz.cz\/velkoobchod\/fr\/wp-json\/wp\/v2\/media?parent=8966"}],"wp:term":[{"taxonomy":"product_brand","embeddable":true,"href":"https:\/\/ryinz.cz\/velkoobchod\/fr\/wp-json\/wp\/v2\/product_brand?post=8966"},{"taxonomy":"product_cat","embeddable":true,"href":"https:\/\/ryinz.cz\/velkoobchod\/fr\/wp-json\/wp\/v2\/product_cat?post=8966"},{"taxonomy":"product_tag","embeddable":true,"href":"https:\/\/ryinz.cz\/velkoobchod\/fr\/wp-json\/wp\/v2\/product_tag?post=8966"}],"curies":[{"name":"wp","href":"https:\/\/api.w.org\/{rel}","templated":true}]}}