{"id":8965,"date":"2025-08-26T11:48:32","date_gmt":"2025-08-26T11:48:32","guid":{"rendered":"https:\/\/ryinz.cz\/velkoobchod\/?post_type=product&#038;p=8965"},"modified":"2026-01-18T20:17:08","modified_gmt":"2026-01-18T20:17:08","slug":"ryinz-premium-motorbike-racing-gloves-with-carbon-fiber-protection","status":"publish","type":"product","link":"https:\/\/ryinz.cz\/velkoobchod\/fr\/product\/ryinz-premium-motorbike-racing-gloves-with-carbon-fiber-protection\/","title":{"rendered":"RYINZ Premium Motorbike Racing Gloves with Carbon Fiber Protection (Gants de course pour moto avec protection en fibre de carbone)"},"content":{"rendered":"<p class=\"\" data-start=\"592\" data-end=\"961\">Pr\u00e9sentation de la <strong data-start=\"608\" data-end=\"678\">RYINZ Premium Motorbike Racing Gloves with Carbon Fiber Protection (Gants de course pour moto avec protection en fibre de carbone)<\/strong>, Ces gants sont con\u00e7us avec pr\u00e9cision pour un contr\u00f4le maximal, une adh\u00e9rence ultime et une protection in\u00e9gal\u00e9e, ce qui en fait le compagnon id\u00e9al pour les courses, les randonn\u00e9es et les d\u00e9placements quotidiens. Ces gants sont con\u00e7us avec pr\u00e9cision pour un contr\u00f4le maximal, une adh\u00e9rence ultime et une protection in\u00e9gal\u00e9e, ce qui en fait le compagnon id\u00e9al pour la course, le tourisme et les d\u00e9placements quotidiens.<\/p>\n<p class=\"\" data-start=\"963\" data-end=\"1413\">Fabriqu\u00e9s en cuir v\u00e9ritable de haute qualit\u00e9, les gants RYINZ Motorbike Racing Gloves offrent une durabilit\u00e9 sup\u00e9rieure et un toucher luxueux. L'incorporation d'une protection des articulations en fibre de carbone garantit que vos mains sont prot\u00e9g\u00e9es contre les impacts, les abrasions et les blessures, offrant ainsi les normes de s\u00e9curit\u00e9 les plus \u00e9lev\u00e9es sur la piste ou sur la route. Le design innovant comporte des perforations respirantes pour maintenir la circulation de l'air, gardant vos mains au frais et au sec m\u00eame pendant les sorties intenses.<\/p>\n<p class=\"\" data-start=\"1415\" data-end=\"1836\">Ces gants sont dot\u00e9s d'une construction ergonomique \u00e0 doigts pr\u00e9-courb\u00e9s qui r\u00e9duit la fatigue et am\u00e9liore le confort pendant les longues randonn\u00e9es. Le rembourrage renforc\u00e9 de la paume am\u00e9liore l'absorption des chocs et offre un excellent contr\u00f4le de l'adh\u00e9rence, garantissant une bonne prise en main du guidon, quelles que soient les conditions. La conception flexible permet un mouvement complet des doigts sans restriction, ce qui am\u00e9liore votre agilit\u00e9 et votre temps de r\u00e9action sur le v\u00e9lo.<\/p>\n<p class=\"\" data-start=\"1838\" data-end=\"2172\">Con\u00e7us pour les cyclistes modernes, les gants RYINZ sont \u00e9quip\u00e9s de bouts de doigts compatibles avec les \u00e9crans tactiles, ce qui vous permet d'utiliser votre smartphone, votre GPS ou d'autres appareils sans enlever vos gants. La fermeture velcro r\u00e9glable au poignet garantit un ajustement s\u00fbr et personnalis\u00e9, offrant un soutien suppl\u00e9mentaire au poignet et emp\u00eachant le glissement pendant les randonn\u00e9es.<\/p>\n<p class=\"\" data-start=\"2174\" data-end=\"2435\">Que vous soyez sur le circuit, sur l'autoroute ou dans les rues de la ville, ces gants offrent des performances de premier ordre tout en mettant l'accent sur la s\u00e9curit\u00e9 et le confort. Avec un design \u00e9l\u00e9gant et agressif, ils ne se contentent pas de prot\u00e9ger mais rehaussent \u00e9galement votre look de pilote.<\/p>\n<p class=\"\" data-start=\"2437\" data-end=\"2821\">Au <strong data-start=\"2440\" data-end=\"2449\">RYINZ<\/strong>, Nous comprenons que les pilotes s\u00e9rieux ont besoin d'un \u00e9quipement s\u00e9rieux. Nos gants de moto de course sont m\u00e9ticuleusement con\u00e7us pour offrir la durabilit\u00e9, la flexibilit\u00e9 et la fiabilit\u00e9 dont vous avez besoin pour chaque aventure. Chaque paire est fabriqu\u00e9e selon des normes rigoureuses en utilisant les meilleurs mat\u00e9riaux et des techniques de pointe, ce qui garantit des performances durables, m\u00eame dans les environnements les plus difficiles.<\/p>\n<p class=\"\" data-start=\"2823\" data-end=\"3140\">Ces gants sont id\u00e9aux pour les courses de moto, les courses de rue, le motocross, le supermotard, l'aventure, la moto sportive, le cruiser, les cascades et les courses professionnelles. Con\u00e7us pour r\u00e9sister aux conditions les plus difficiles, ils offrent une r\u00e9sistance \u00e0 l'usure, aux d\u00e9bris de la route, \u00e0 l'impact du vent et aux chutes accidentelles.<\/p>\n<p class=\"\" data-start=\"3142\" data-end=\"3445\">Gr\u00e2ce \u00e0 leur attrait universel, les gants de course de moto RYINZ sont appr\u00e9ci\u00e9s par les coureurs, les amateurs, les motards professionnels, les navetteurs et les aventuriers de la moto dans le monde entier. Choisissez RYINZ pour une exp\u00e9rience de conduite qui promet l'excellence, la pr\u00e9cision et la protection - parce que vos mains ne m\u00e9ritent rien d'autre que le meilleur.<\/p>\n<hr class=\"\" data-start=\"3447\" data-end=\"3450\" \/>\n<h3 class=\"\" data-start=\"3452\" data-end=\"3475\"><strong data-start=\"3456\" data-end=\"3473\">Caract\u00e9ristiques principales :<\/strong><\/h3>\n<ul data-start=\"3476\" data-end=\"4342\">\n<li class=\"\" data-start=\"3476\" data-end=\"3526\">\n<p class=\"\" data-start=\"3478\" data-end=\"3526\">Cuir v\u00e9ritable de premi\u00e8re qualit\u00e9 pour une durabilit\u00e9 maximale<\/p>\n<\/li>\n<li class=\"\" data-start=\"3527\" data-end=\"3589\">\n<p class=\"\" data-start=\"3529\" data-end=\"3589\">Protection des articulations en fibre de carbone pour une meilleure protection contre les chocs<\/p>\n<\/li>\n<li class=\"\" data-start=\"3590\" data-end=\"3646\">\n<p class=\"\" data-start=\"3592\" data-end=\"3646\">Conception perfor\u00e9e respirante pour une ventilation optimale<\/p>\n<\/li>\n<li class=\"\" data-start=\"3647\" data-end=\"3697\">\n<p class=\"\" data-start=\"3649\" data-end=\"3697\">Doigts ergonomiques pr\u00e9-courb\u00e9s pour r\u00e9duire la fatigue<\/p>\n<\/li>\n<li class=\"\" data-start=\"3698\" data-end=\"3760\">\n<p class=\"\" data-start=\"3700\" data-end=\"3760\">Rembourrage de la paume absorbant les chocs pour une meilleure prise en main et un plus grand confort.<\/p>\n<\/li>\n<li class=\"\" data-start=\"3761\" data-end=\"3821\">\n<p class=\"\" data-start=\"3763\" data-end=\"3821\">Poignet r\u00e9glable par velcro pour un ajustement s\u00fbr et personnalis\u00e9<\/p>\n<\/li>\n<li class=\"\" data-start=\"3822\" data-end=\"3875\">\n<p class=\"\" data-start=\"3824\" data-end=\"3875\">Des doigts compatibles avec l'\u00e9cran tactile pour plus de commodit\u00e9<\/p>\n<\/li>\n<li class=\"\" data-start=\"3876\" data-end=\"3935\">\n<p class=\"\" data-start=\"3878\" data-end=\"3935\">Un design \u00e9l\u00e9gant et agressif adapt\u00e9 aux coureurs professionnels<\/p>\n<\/li>\n<li class=\"\" data-start=\"3936\" data-end=\"3995\">\n<p class=\"\" data-start=\"3938\" data-end=\"3995\">Coutures renforc\u00e9es pour plus de solidit\u00e9 et de fiabilit\u00e9<\/p>\n<\/li>\n<li class=\"\" data-start=\"3996\" data-end=\"4060\">\n<p class=\"\" data-start=\"3998\" data-end=\"4060\">Convient pour les courses, le tourisme, les trajets quotidiens et les randonn\u00e9es d'aventure.<\/p>\n<\/li>\n<li class=\"\" data-start=\"4061\" data-end=\"4116\">\n<p class=\"\" data-start=\"4063\" data-end=\"4116\">R\u00e9sistant aux abrasions, aux d\u00e9bris de la route et au refroidissement \u00e9olien<\/p>\n<\/li>\n<li class=\"\" data-start=\"4117\" data-end=\"4168\">\n<p class=\"\" data-start=\"4119\" data-end=\"4168\">Construction l\u00e9g\u00e8re mais tr\u00e8s protectrice<\/p>\n<\/li>\n<li class=\"\" data-start=\"4169\" data-end=\"4230\">\n<p class=\"\" data-start=\"4171\" data-end=\"4230\">Fabriqu\u00e9 avec pr\u00e9cision pour les cyclistes professionnels et occasionnels<\/p>\n<\/li>\n<li class=\"\" data-start=\"4231\" data-end=\"4289\">\n<p class=\"\" data-start=\"4233\" data-end=\"4289\">Flexible et tr\u00e8s r\u00e9actif pour un meilleur contr\u00f4le du v\u00e9lo<\/p>\n<\/li>\n<li class=\"\" data-start=\"4290\" data-end=\"4342\">\n<p class=\"\" data-start=\"4292\" data-end=\"4342\">Id\u00e9al pour toutes les saisons, y compris les hivers doux<\/p>\n<\/li>\n<\/ul>","protected":false},"excerpt":{"rendered":"<p>Faites l'exp\u00e9rience d'une protection et d'un confort imbattables avec les gants de course de moto RYINZ Premium. Con\u00e7us avec des protections de jointures en fibre de carbone, une construction en cuir de premi\u00e8re qualit\u00e9 et une coupe ergonomique, ces gants sont faits pour les motards qui exigent performance, s\u00e9curit\u00e9 et style. Ils sont parfaits pour la course, la moto de rue, le tourisme et les trajets quotidiens.<\/p>\n<h3 class=\"\" data-start=\"3452\" data-end=\"3475\"><strong data-start=\"3456\" data-end=\"3473\">Caract\u00e9ristiques principales :<\/strong><\/h3>\n<ul data-start=\"3476\" data-end=\"4342\">\n<li class=\"\" data-start=\"3476\" data-end=\"3526\">\n<p class=\"\" data-start=\"3478\" data-end=\"3526\">Cuir v\u00e9ritable de premi\u00e8re qualit\u00e9 pour une durabilit\u00e9 maximale<\/p>\n<\/li>\n<li class=\"\" data-start=\"3476\" data-end=\"3526\">\n<p class=\"\" data-start=\"3478\" data-end=\"3526\">Protection des articulations en fibre de carbone pour une meilleure protection contre les chocs<\/p>\n<\/li>\n<li class=\"\" data-start=\"3590\" data-end=\"3646\">\n<p class=\"\" data-start=\"3592\" data-end=\"3646\">Conception perfor\u00e9e respirante pour une ventilation optimale<\/p>\n<\/li>\n<li class=\"\" data-start=\"3647\" data-end=\"3697\">\n<p class=\"\" data-start=\"3649\" data-end=\"3697\">Doigts ergonomiques pr\u00e9-courb\u00e9s pour r\u00e9duire la fatigue<\/p>\n<\/li>\n<li class=\"\" data-start=\"3698\" data-end=\"3760\">\n<p class=\"\" data-start=\"3700\" data-end=\"3760\">Rembourrage de la paume absorbant les chocs pour une meilleure prise en main et un plus grand confort.<\/p>\n<\/li>\n<li class=\"\" data-start=\"3761\" data-end=\"3821\">\n<p class=\"\" data-start=\"3763\" data-end=\"3821\">Poignet r\u00e9glable par velcro pour un ajustement s\u00fbr et personnalis\u00e9<\/p>\n<\/li>\n<\/ul>","protected":false},"featured_media":9026,"comment_status":"closed","ping_status":"closed","template":"","meta":[],"product_brand":[35],"product_cat":[1111,122],"product_tag":[124,123],"class_list":{"0":"post-8965","1":"product","2":"type-product","3":"status-publish","4":"has-post-thumbnail","6":"product_brand-ryinz","7":"product_cat-motorbike","8":"product_cat-motorbike-racing-gloves","9":"product_tag-motorbike-racing-gloves","10":"product_tag-racing-gloves","12":"first","13":"instock","14":"taxable","15":"shipping-taxable","16":"purchasable","17":"product-type-simple"},"_links":{"self":[{"href":"https:\/\/ryinz.cz\/velkoobchod\/fr\/wp-json\/wp\/v2\/product\/8965","targetHints":{"allow":["GET"]}}],"collection":[{"href":"https:\/\/ryinz.cz\/velkoobchod\/fr\/wp-json\/wp\/v2\/product"}],"about":[{"href":"https:\/\/ryinz.cz\/velkoobchod\/fr\/wp-json\/wp\/v2\/types\/product"}],"replies":[{"embeddable":true,"href":"https:\/\/ryinz.cz\/velkoobchod\/fr\/wp-json\/wp\/v2\/comments?post=8965"}],"wp:featuredmedia":[{"embeddable":true,"href":"https:\/\/ryinz.cz\/velkoobchod\/fr\/wp-json\/wp\/v2\/media\/9026"}],"wp:attachment":[{"href":"https:\/\/ryinz.cz\/velkoobchod\/fr\/wp-json\/wp\/v2\/media?parent=8965"}],"wp:term":[{"taxonomy":"product_brand","embeddable":true,"href":"https:\/\/ryinz.cz\/velkoobchod\/fr\/wp-json\/wp\/v2\/product_brand?post=8965"},{"taxonomy":"product_cat","embeddable":true,"href":"https:\/\/ryinz.cz\/velkoobchod\/fr\/wp-json\/wp\/v2\/product_cat?post=8965"},{"taxonomy":"product_tag","embeddable":true,"href":"https:\/\/ryinz.cz\/velkoobchod\/fr\/wp-json\/wp\/v2\/product_tag?post=8965"}],"curies":[{"name":"wp","href":"https:\/\/api.w.org\/{rel}","templated":true}]}}