{"id":8964,"date":"2025-08-26T11:48:32","date_gmt":"2025-08-26T11:48:32","guid":{"rendered":"https:\/\/ryinz.cz\/velkoobchod\/?post_type=product&#038;p=8964"},"modified":"2026-01-18T20:17:06","modified_gmt":"2026-01-18T20:17:06","slug":"ryinz-premium-leather-motorcycle-racing-gloves-full-hand-protection-with-carbon-armor-motorbike-gloves-for-racing-cruising-and-adventure-riding-available-in-red-black","status":"publish","type":"product","link":"https:\/\/ryinz.cz\/velkoobchod\/fr\/product\/ryinz-premium-leather-motorcycle-racing-gloves-full-hand-protection-with-carbon-armor-motorbike-gloves-for-racing-cruising-and-adventure-riding-available-in-red-black\/","title":{"rendered":"Ryinz Premium Leather Motorcycle Racing Gloves - Protection compl\u00e8te des mains avec armure en carbone - Gants de moto pour la course, la croisi\u00e8re et l'aventure - Disponibles en rouge, noir, blanc et bleu"},"content":{"rendered":"<p class=\"\" data-start=\"338\" data-end=\"723\">Les gants de course Ryinz Premium Leather Motorcycle Racing Gloves offrent une exp\u00e9rience de conduite ultime, o\u00f9 la protection et la performance se rejoignent. Con\u00e7us pour les pilotes s\u00e9rieux qui exigent durabilit\u00e9, style et protection in\u00e9gal\u00e9e des mains, ces gants sont con\u00e7us pour \u00eatre plus performants dans toutes les conditions, que vous fassiez de la course, rouliez sur les autoroutes ou exploriez des terrains accident\u00e9s.<\/p>\n<p class=\"\" data-start=\"725\" data-end=\"1102\">Fabriqu\u00e9s \u00e0 partir d'un cuir de premi\u00e8re qualit\u00e9, ces gants offrent un m\u00e9lange exceptionnel de flexibilit\u00e9 et de r\u00e9sistance, vous procurant un confort sup\u00e9rieur sans sacrifier la protection. Les gants sont renforc\u00e9s sur toute la main et combinent les derni\u00e8res technologies en mati\u00e8re d'absorption des chocs et de r\u00e9sistance \u00e0 l'abrasion pour prot\u00e9ger vos mains contre les chutes, les collisions et les dangers de la route.<\/p>\n<p class=\"\" data-start=\"1104\" data-end=\"1579\">Les articulations et les protections des doigts en carbone arm\u00e9 strat\u00e9giquement positionn\u00e9es offrent une d\u00e9fense maximale contre les impacts soudains, tandis que la conception ergonomique intelligente assure une courbe naturelle de la main, \u00e9vitant la fatigue de la main sur les longues randonn\u00e9es. Les panneaux de ventilation sont int\u00e9gr\u00e9s de mani\u00e8re experte pour maintenir le flux d'air, gardant vos mains fra\u00eeches et s\u00e8ches m\u00eame pendant les randonn\u00e9es estivales intenses. Les gants sont dot\u00e9s d'un syst\u00e8me de fermeture r\u00e9glable au niveau du poignet, pour un ajustement parfait et s\u00fbr qui emp\u00eache la poussi\u00e8re, les d\u00e9bris et l'eau de pluie de p\u00e9n\u00e9trer dans les mains.<\/p>\n<p class=\"\" data-start=\"1581\" data-end=\"1945\">Les zones de la paume sont renforc\u00e9es par des renforts rembourr\u00e9s antid\u00e9rapants pour garantir une excellente adh\u00e9rence au guidon, am\u00e9liorant votre contr\u00f4le \u00e0 grande vitesse ou sur des terrains accident\u00e9s. Que vous soyez un coureur professionnel, un aventurier du week-end ou un navetteur quotidien, les gants Ryinz Motorcycle Racing Gloves promettent la combinaison ultime de s\u00e9curit\u00e9, de fonctionnalit\u00e9 et de confort pour le pilote.<\/p>\n<p class=\"\" data-start=\"1947\" data-end=\"2222\">Avec plusieurs options de couleurs - rouge, noir, blanc et bleu - ces gants sont con\u00e7us pour s'adapter \u00e0 votre v\u00e9lo, \u00e0 votre \u00e9quipement et \u00e0 votre style personnel. Un subtil marquage Ryinz fait de ces gants un symbole de qualit\u00e9 et de confiance, vous permettant de vous d\u00e9marquer avec \u00e9l\u00e9gance et autorit\u00e9.<\/p>\n<p class=\"\" data-start=\"2224\" data-end=\"2455\">Test\u00e9s pour leur fiabilit\u00e9 et approuv\u00e9s par les motards du monde entier, ces gants sont indispensables \u00e0 toute personne soucieuse de sa s\u00e9curit\u00e9 et de son confort. D\u00e9couvrez le m\u00e9lange parfait de forme, de fonction et de protection f\u00e9roce - uniquement avec Ryinz.<\/p>\n<hr class=\"\" data-start=\"2457\" data-end=\"2460\" \/>\n<p class=\"\" data-start=\"2462\" data-end=\"2481\"><strong data-start=\"2462\" data-end=\"2479\">Caract\u00e9ristiques principales :<\/strong><\/p>\n<ul data-start=\"2482\" data-end=\"3500\">\n<li class=\"\" data-start=\"2482\" data-end=\"2587\">\n<p class=\"\" data-start=\"2484\" data-end=\"2587\"><strong data-start=\"2484\" data-end=\"2515\">Cuir pleine fleur de premi\u00e8re qualit\u00e9 :<\/strong> Construction souple mais durable pour une protection et une flexibilit\u00e9 maximales.<\/p>\n<\/li>\n<li class=\"\" data-start=\"2588\" data-end=\"2685\">\n<p class=\"\" data-start=\"2590\" data-end=\"2685\"><strong data-start=\"2590\" data-end=\"2613\">Armure en fibre de carbone :<\/strong> Les articulations et les prot\u00e8ge-doigts sont renforc\u00e9s pour une meilleure r\u00e9sistance aux chocs.<\/p>\n<\/li>\n<li class=\"\" data-start=\"2686\" data-end=\"2795\">\n<p class=\"\" data-start=\"2688\" data-end=\"2795\"><strong data-start=\"2688\" data-end=\"2722\">Technologie avanc\u00e9e de prise en main de la paume :<\/strong> Paume antid\u00e9rapante et rembourr\u00e9e pour un meilleur contr\u00f4le et une r\u00e9duction des vibrations.<\/p>\n<\/li>\n<li class=\"\" data-start=\"2796\" data-end=\"2895\">\n<p class=\"\" data-start=\"2798\" data-end=\"2895\"><strong data-start=\"2798\" data-end=\"2832\">Panneaux de ventilation respirants :<\/strong> Les mains restent s\u00e8ches et confortables pendant l'\u00e9t\u00e9 et les longues randonn\u00e9es.<\/p>\n<\/li>\n<li class=\"\" data-start=\"2896\" data-end=\"2997\">\n<p class=\"\" data-start=\"2898\" data-end=\"2997\"><strong data-start=\"2898\" data-end=\"2916\">Ajustement ergonomique :<\/strong> La forme naturelle des courbes r\u00e9duit la fatigue de la main et permet une meilleure maniabilit\u00e9.<\/p>\n<\/li>\n<li class=\"\" data-start=\"2998\" data-end=\"3093\">\n<p class=\"\" data-start=\"3000\" data-end=\"3093\"><strong data-start=\"3000\" data-end=\"3029\">Fermeture r\u00e9glable au poignet :<\/strong> Garantit un ajustement s\u00fbr et personnalis\u00e9 pour diff\u00e9rentes tailles de poignet.<\/p>\n<\/li>\n<li class=\"\" data-start=\"3094\" data-end=\"3188\">\n<p class=\"\" data-start=\"3096\" data-end=\"3188\"><strong data-start=\"3096\" data-end=\"3122\">Mousse d'absorption des chocs :<\/strong> Coussinets ajout\u00e9s dans les zones d'impact cl\u00e9s pour une protection suppl\u00e9mentaire de la main.<\/p>\n<\/li>\n<li class=\"\" data-start=\"3189\" data-end=\"3292\">\n<p class=\"\" data-start=\"3191\" data-end=\"3292\"><strong data-start=\"3191\" data-end=\"3220\">Multi-couleurs Disponibilit\u00e9 :<\/strong> Propos\u00e9 en rouge, noir, blanc et bleu pour s'harmoniser avec votre \u00e9quipement de moto.<\/p>\n<\/li>\n<li class=\"\" data-start=\"3293\" data-end=\"3404\">\n<p class=\"\" data-start=\"3295\" data-end=\"3404\"><strong data-start=\"3295\" data-end=\"3325\">Compatibilit\u00e9 avec les \u00e9crans tactiles :<\/strong> Con\u00e7u pour faciliter l'utilisation de l'appareil sans enlever les gants (version optionnelle).<\/p>\n<\/li>\n<li class=\"\" data-start=\"3405\" data-end=\"3500\">\n<p class=\"\" data-start=\"3407\" data-end=\"3500\"><strong data-start=\"3407\" data-end=\"3439\">Qualit\u00e9 professionnelle de course :<\/strong> Les coureurs, les cruisers et les aventuriers du monde entier lui font confiance.<\/p>\n<\/li>\n<\/ul>","protected":false},"excerpt":{"rendered":"<p class=\"\" data-start=\"2462\" data-end=\"2481\"><strong data-start=\"2462\" data-end=\"2479\">Caract\u00e9ristiques principales :<\/strong><\/p>\n<ul data-start=\"2482\" data-end=\"3500\">\n<li class=\"\" data-start=\"2482\" data-end=\"2587\">\n<p class=\"\" data-start=\"2484\" data-end=\"2587\"><strong data-start=\"2484\" data-end=\"2515\">Cuir pleine fleur de premi\u00e8re qualit\u00e9 :<\/strong> Construction souple mais durable pour une protection et une flexibilit\u00e9 maximales.<\/p>\n<\/li>\n<li class=\"\" data-start=\"2588\" data-end=\"2685\">\n<p class=\"\" data-start=\"2590\" data-end=\"2685\"><strong data-start=\"2590\" data-end=\"2613\">Armure en fibre de carbone :<\/strong> Les articulations et les prot\u00e8ge-doigts sont renforc\u00e9s pour une meilleure r\u00e9sistance aux chocs.<\/p>\n<\/li>\n<li class=\"\" data-start=\"2686\" data-end=\"2795\">\n<p class=\"\" data-start=\"2688\" data-end=\"2795\"><strong data-start=\"2688\" data-end=\"2722\">Technologie avanc\u00e9e de prise en main de la paume :<\/strong> Paume antid\u00e9rapante et rembourr\u00e9e pour un meilleur contr\u00f4le et une r\u00e9duction des vibrations.<\/p>\n<\/li>\n<li class=\"\" data-start=\"2796\" data-end=\"2895\">\n<p class=\"\" data-start=\"2798\" data-end=\"2895\"><strong data-start=\"2798\" data-end=\"2832\">Panneaux de ventilation respirants :<\/strong> Les mains restent s\u00e8ches et confortables pendant l'\u00e9t\u00e9 et les longues randonn\u00e9es.<\/p>\n<\/li>\n<li class=\"\" data-start=\"2896\" data-end=\"2997\">\n<p class=\"\" data-start=\"2898\" data-end=\"2997\"><strong data-start=\"2898\" data-end=\"2916\">Ajustement ergonomique :<\/strong> La forme naturelle des courbes r\u00e9duit la fatigue de la main et permet une meilleure maniabilit\u00e9.<\/p>\n<\/li>\n<li class=\"\" data-start=\"2998\" data-end=\"3093\">\n<p class=\"\" data-start=\"3000\" data-end=\"3093\"><strong data-start=\"3000\" data-end=\"3029\">Fermeture r\u00e9glable au poignet :<\/strong> Garantit un ajustement s\u00fbr et personnalis\u00e9 pour diff\u00e9rentes tailles de poignet.<\/p>\n<\/li>\n<\/ul>","protected":false},"featured_media":9020,"comment_status":"closed","ping_status":"closed","template":"","meta":[],"product_brand":[35],"product_cat":[1111,122],"product_tag":[124,123],"class_list":{"0":"post-8964","1":"product","2":"type-product","3":"status-publish","4":"has-post-thumbnail","6":"product_brand-ryinz","7":"product_cat-motorbike","8":"product_cat-motorbike-racing-gloves","9":"product_tag-motorbike-racing-gloves","10":"product_tag-racing-gloves","12":"first","13":"instock","14":"taxable","15":"shipping-taxable","16":"purchasable","17":"product-type-simple"},"_links":{"self":[{"href":"https:\/\/ryinz.cz\/velkoobchod\/fr\/wp-json\/wp\/v2\/product\/8964","targetHints":{"allow":["GET"]}}],"collection":[{"href":"https:\/\/ryinz.cz\/velkoobchod\/fr\/wp-json\/wp\/v2\/product"}],"about":[{"href":"https:\/\/ryinz.cz\/velkoobchod\/fr\/wp-json\/wp\/v2\/types\/product"}],"replies":[{"embeddable":true,"href":"https:\/\/ryinz.cz\/velkoobchod\/fr\/wp-json\/wp\/v2\/comments?post=8964"}],"wp:featuredmedia":[{"embeddable":true,"href":"https:\/\/ryinz.cz\/velkoobchod\/fr\/wp-json\/wp\/v2\/media\/9020"}],"wp:attachment":[{"href":"https:\/\/ryinz.cz\/velkoobchod\/fr\/wp-json\/wp\/v2\/media?parent=8964"}],"wp:term":[{"taxonomy":"product_brand","embeddable":true,"href":"https:\/\/ryinz.cz\/velkoobchod\/fr\/wp-json\/wp\/v2\/product_brand?post=8964"},{"taxonomy":"product_cat","embeddable":true,"href":"https:\/\/ryinz.cz\/velkoobchod\/fr\/wp-json\/wp\/v2\/product_cat?post=8964"},{"taxonomy":"product_tag","embeddable":true,"href":"https:\/\/ryinz.cz\/velkoobchod\/fr\/wp-json\/wp\/v2\/product_tag?post=8964"}],"curies":[{"name":"wp","href":"https:\/\/api.w.org\/{rel}","templated":true}]}}