{"id":8963,"date":"2025-08-26T11:48:32","date_gmt":"2025-08-26T11:48:32","guid":{"rendered":"https:\/\/ryinz.cz\/velkoobchod\/?post_type=product&#038;p=8963"},"modified":"2026-01-18T20:17:06","modified_gmt":"2026-01-18T20:17:06","slug":"ryinz-motorcycle-racing-gloves-motorbike-protective-gear-manufacturer-wholesale","status":"publish","type":"product","link":"https:\/\/ryinz.cz\/velkoobchod\/fr\/product\/ryinz-motorcycle-racing-gloves-motorbike-protective-gear-manufacturer-wholesale\/","title":{"rendered":"RYINZ Motorcycle Racing Gloves | Motorbike Protective Gear | Fabricant et grossiste"},"content":{"rendered":"<p class=\"\" data-start=\"274\" data-end=\"737\">B\u00e9n\u00e9ficiez d'une protection et d'une performance ultimes avec le <strong data-start=\"330\" data-end=\"364\">Gants de course moto RYINZ<\/strong>, Ces gants ont \u00e9t\u00e9 m\u00e9ticuleusement con\u00e7us pour les pilotes professionnels, les coureurs de rue et les motocyclistes d'aventure. Con\u00e7us pour la conduite \u00e0 grande vitesse et les conditions de course intenses, ces gants offrent une durabilit\u00e9, une protection, un confort et un style in\u00e9gal\u00e9s. Que vous soyez un motocycliste de tous les jours ou un passionn\u00e9 des circuits, les gants de la s\u00e9rie <strong data-start=\"671\" data-end=\"694\">Gants de course RYINZ<\/strong> sont le partenaire id\u00e9al pour votre voyage.<\/p>\n<p class=\"\" data-start=\"739\" data-end=\"1178\">Ces gants sont fabriqu\u00e9s \u00e0 partir de cuir synth\u00e9tique de premi\u00e8re qualit\u00e9 et de mat\u00e9riaux r\u00e9sistants \u00e0 l'abrasion pour supporter les impacts, les d\u00e9rapages et les glissades. L'armure dure des articulations, le rembourrage renforc\u00e9 de la paume et la protection souple des doigts assurent une s\u00e9curit\u00e9 totale sans compromettre la flexibilit\u00e9. Les protections en fibre de carbone strat\u00e9giquement plac\u00e9es renforcent la r\u00e9sistance aux points critiques, offrant \u00e0 vos mains une protection avanc\u00e9e contre les collisions et les impacts \u00e0 grande vitesse.<\/p>\n<p class=\"\" data-start=\"1180\" data-end=\"1567\">Les doigts ergonomiques pr\u00e9-courb\u00e9s assurent une prise naturelle sur le guidon, favorisant un meilleur contr\u00f4le et r\u00e9duisant la fatigue pendant les longues randonn\u00e9es. Les panneaux en mesh respirant sont intelligemment plac\u00e9s pour am\u00e9liorer la circulation de l'air, ce qui permet de garder les mains au frais et de ne pas transpirer, m\u00eame pendant les chaudes randonn\u00e9es d'\u00e9t\u00e9. La fermeture r\u00e9glable au poignet assure un ajustement parfait et permet de porter et d'enlever les gants sans effort.<\/p>\n<p class=\"\" data-start=\"1569\" data-end=\"1908\">Con\u00e7u pour r\u00e9pondre aux besoins des conducteurs les plus exigeants, <strong data-start=\"1626\" data-end=\"1652\">Gants de moto RYINZ<\/strong> sont test\u00e9s pour les environnements de course, offrant des performances optimales pour la conduite agressive, les trajets en ville, le tourisme et les aventures tout-terrain. De la conduite d\u00e9contract\u00e9e \u00e0 la comp\u00e9tition, ces gants am\u00e9liorent votre exp\u00e9rience de la conduite gr\u00e2ce \u00e0 une qualit\u00e9 de niveau professionnel.<\/p>\n<p class=\"\" data-start=\"1910\" data-end=\"2219\">Le <strong data-start=\"1914\" data-end=\"1957\">design \u00e9l\u00e9gant bicolore noir et marron<\/strong> fait de ces gants non seulement un \u00e9quipement de protection, mais aussi un \u00e9l\u00e9ment de mode pour les motards qui refusent de faire des compromis en mati\u00e8re d'esth\u00e9tique. Les coutures renforc\u00e9es garantissent que chaque paire peut supporter des ann\u00e9es d'utilisation robuste, des trajets quotidiens aux terrains accident\u00e9s et aux circuits difficiles.<\/p>\n<p class=\"\" data-start=\"2221\" data-end=\"2499\"><strong data-start=\"2221\" data-end=\"2248\">Gants de moto RYINZ<\/strong> Les lunettes RYINZ sont reconnues par les pilotes de moto, les propri\u00e9taires de superbike, les cyclotouristes, les motards tout-terrain et les cascadeurs professionnels du monde entier. Que vous conduisiez un cruiser, une moto de sport ou une moto d'aventure, RYINZ garantit un confort, une tenue, une adh\u00e9rence et une s\u00e9curit\u00e9 sup\u00e9rieurs.<\/p>\n<p class=\"\" data-start=\"2501\" data-end=\"2518\"><strong data-start=\"2501\" data-end=\"2518\">Caract\u00e9ristiques principales :<\/strong><\/p>\n<ul data-start=\"2519\" data-end=\"4057\">\n<li class=\"\" data-start=\"2519\" data-end=\"2632\">\n<p class=\"\" data-start=\"2521\" data-end=\"2632\"><strong data-start=\"2521\" data-end=\"2544\">Protection Premium :<\/strong> Blindage des articulations et protection renforc\u00e9e des doigts contre les chocs et l'abrasion.<\/p>\n<\/li>\n<li class=\"\" data-start=\"2633\" data-end=\"2743\">\n<p class=\"\" data-start=\"2635\" data-end=\"2743\"><strong data-start=\"2635\" data-end=\"2653\">Prise en main avanc\u00e9e :<\/strong> Paume antid\u00e9rapante et doigts ergonomiques pour un contr\u00f4le optimal sur le guidon.<\/p>\n<\/li>\n<li class=\"\" data-start=\"2744\" data-end=\"2860\">\n<p class=\"\" data-start=\"2746\" data-end=\"2860\"><strong data-start=\"2746\" data-end=\"2769\">Mat\u00e9riaux de qualit\u00e9 sup\u00e9rieure :<\/strong> Fabriqu\u00e9 en cuir synth\u00e9tique de haute qualit\u00e9 r\u00e9sistant \u00e0 l'abrasion et en tissu mesh respirant.<\/p>\n<\/li>\n<li class=\"\" data-start=\"2861\" data-end=\"2958\">\n<p class=\"\" data-start=\"2863\" data-end=\"2958\"><strong data-start=\"2863\" data-end=\"2881\">Confort du cavalier :<\/strong> La conception pr\u00e9-courb\u00e9e r\u00e9duit la fatigue de la main et assure une position de conduite naturelle.<\/p>\n<\/li>\n<li class=\"\" data-start=\"2959\" data-end=\"3057\">\n<p class=\"\" data-start=\"2961\" data-end=\"3057\"><strong data-start=\"2961\" data-end=\"2977\">Un ajustement parfait :<\/strong> Les sangles de poignet r\u00e9glables avec fermeture velcro offrent un ajustement s\u00fbr et personnalisable.<\/p>\n<\/li>\n<li class=\"\" data-start=\"3058\" data-end=\"3163\">\n<p class=\"\" data-start=\"3060\" data-end=\"3163\"><strong data-start=\"3060\" data-end=\"3087\">Respirant Ventilation :<\/strong> Les panneaux en mesh strat\u00e9giquement plac\u00e9s am\u00e9liorent la circulation de l'air, ce qui est parfait pour les randonn\u00e9es estivales.<\/p>\n<\/li>\n<li class=\"\" data-start=\"3164\" data-end=\"3249\">\n<p class=\"\" data-start=\"3166\" data-end=\"3249\"><strong data-start=\"3166\" data-end=\"3183\">Look \u00e9l\u00e9gant :<\/strong> Combinaison unique de noir et de marron avec une esth\u00e9tique de course moderne.<\/p>\n<\/li>\n<li class=\"\" data-start=\"3250\" data-end=\"3355\">\n<p class=\"\" data-start=\"3252\" data-end=\"3355\"><strong data-start=\"3252\" data-end=\"3272\">Utilisation polyvalente :<\/strong> Id\u00e9al pour les d\u00e9placements en ville, sur autoroute, pour les courses professionnelles et pour le cyclisme tout-terrain.<\/p>\n<\/li>\n<li class=\"\" data-start=\"3356\" data-end=\"3451\">\n<p class=\"\" data-start=\"3358\" data-end=\"3451\"><strong data-start=\"3358\" data-end=\"3373\">Durabilit\u00e9 :<\/strong> Coutures et zones d'impact renforc\u00e9es pour une dur\u00e9e de vie prolong\u00e9e, m\u00eame en cas d'utilisation intensive.<\/p>\n<\/li>\n<li class=\"\" data-start=\"3452\" data-end=\"3574\">\n<p class=\"\" data-start=\"3454\" data-end=\"3574\"><strong data-start=\"3454\" data-end=\"3477\">R\u00e9sistance aux intemp\u00e9ries :<\/strong> Con\u00e7us pour fonctionner dans des conditions m\u00e9t\u00e9orologiques vari\u00e9es, ils gardent les mains prot\u00e9g\u00e9es et confortables.<\/p>\n<\/li>\n<li class=\"\" data-start=\"3575\" data-end=\"3694\">\n<p class=\"\" data-start=\"3577\" data-end=\"3694\"><strong data-start=\"3577\" data-end=\"3608\">Compatibilit\u00e9 avec les \u00e9crans tactiles :<\/strong> Des bouts de doigts sp\u00e9ciaux permettent d'utiliser des smartphones et des GPS sans enlever les gants.<\/p>\n<\/li>\n<li class=\"\" data-start=\"3695\" data-end=\"3806\">\n<p class=\"\" data-start=\"3697\" data-end=\"3806\"><strong data-start=\"3697\" data-end=\"3728\">Fabricant et grossiste :<\/strong> Approvisionnement en vrac disponible pour les revendeurs, les \u00e9quipes de course et les magasins d'\u00e9quipement de moto.<\/p>\n<\/li>\n<li class=\"\" data-start=\"3807\" data-end=\"3893\">\n<p class=\"\" data-start=\"3809\" data-end=\"3893\"><strong data-start=\"3809\" data-end=\"3829\">Tailles disponibles :<\/strong> Plusieurs tailles possibles (S, M, L, XL, XXL) pour s'adapter \u00e0 tous les types de mains.<\/p>\n<\/li>\n<li class=\"\" data-start=\"3894\" data-end=\"3974\">\n<p class=\"\" data-start=\"3896\" data-end=\"3974\"><strong data-start=\"3896\" data-end=\"3913\">Test\u00e9 par le cavalier :<\/strong> Les coureurs professionnels et amateurs du monde entier lui font confiance.<\/p>\n<\/li>\n<li class=\"\" data-start=\"3975\" data-end=\"4057\">\n<p class=\"\" data-start=\"3977\" data-end=\"4057\"><strong data-start=\"3977\" data-end=\"3999\">Marque officielle :<\/strong> Le logo officiel de RYINZ garantit l'originalit\u00e9 et l'authenticit\u00e9.<\/p>\n<\/li>\n<\/ul>\n<p class=\"\" data-start=\"4059\" data-end=\"4227\"><strong data-start=\"4059\" data-end=\"4073\">Cas d'utilisation :<\/strong><br data-start=\"4073\" data-end=\"4076\" \/>Courses de motos, cyclotourisme, motocross, v\u00e9lo d'aventure, rallyes tout-terrain, d\u00e9placements en ville \u00e0 moto, scooters et sports extr\u00eames.<\/p>\n<p class=\"\" data-start=\"4229\" data-end=\"4386\"><strong data-start=\"4229\" data-end=\"4251\">Instructions d'entretien :<\/strong><br data-start=\"4251\" data-end=\"4254\" \/>Laver \u00e0 la main uniquement avec un savon doux. S\u00e9cher naturellement. \u00c9viter l'exposition directe \u00e0 la lumi\u00e8re du soleil pendant de longues p\u00e9riodes afin de pr\u00e9server l'int\u00e9grit\u00e9 du mat\u00e9riau.<\/p>\n<p class=\"\" data-start=\"4388\" data-end=\"4656\"><strong data-start=\"4388\" data-end=\"4404\">\u00c0 propos de RYINZ :<\/strong><br data-start=\"4404\" data-end=\"4407\" \/>RYINZ est un nom de confiance dans la fabrication et la fourniture en gros de gants de moto et d'\u00e9quipements de s\u00e9curit\u00e9 pour motocyclistes de premi\u00e8re qualit\u00e9. Notre passion pour la performance, la protection et l'innovation nous pousse \u00e0 fournir des produits de classe mondiale aux motocyclistes du monde entier.<\/p>","protected":false},"excerpt":{"rendered":"<p class=\"\" data-start=\"2501\" data-end=\"2518\"><strong data-start=\"2501\" data-end=\"2518\">Caract\u00e9ristiques principales :<\/strong><\/p>\n<ul data-start=\"2519\" data-end=\"4057\">\n<li class=\"\" data-start=\"2519\" data-end=\"2632\">\n<p class=\"\" data-start=\"2521\" data-end=\"2632\"><strong data-start=\"2521\" data-end=\"2544\">Protection Premium :<\/strong> Blindage des articulations et protection renforc\u00e9e des doigts contre les chocs et l'abrasion.<\/p>\n<\/li>\n<li class=\"\" data-start=\"2633\" data-end=\"2743\">\n<p class=\"\" data-start=\"2635\" data-end=\"2743\"><strong data-start=\"2635\" data-end=\"2653\">Prise en main avanc\u00e9e :<\/strong> Paume antid\u00e9rapante et doigts ergonomiques pour un contr\u00f4le optimal sur le guidon.<\/p>\n<\/li>\n<li class=\"\" data-start=\"2744\" data-end=\"2860\">\n<p class=\"\" data-start=\"2746\" data-end=\"2860\"><strong data-start=\"2746\" data-end=\"2769\">Mat\u00e9riaux de qualit\u00e9 sup\u00e9rieure :<\/strong> Fabriqu\u00e9 en cuir synth\u00e9tique de haute qualit\u00e9 r\u00e9sistant \u00e0 l'abrasion et en tissu mesh respirant.<\/p>\n<\/li>\n<li class=\"\" data-start=\"2861\" data-end=\"2958\">\n<p class=\"\" data-start=\"2863\" data-end=\"2958\"><strong data-start=\"2863\" data-end=\"2881\">Confort du cavalier :<\/strong> La conception pr\u00e9-courb\u00e9e r\u00e9duit la fatigue de la main et assure une position de conduite naturelle.<\/p>\n<\/li>\n<li class=\"\" data-start=\"2959\" data-end=\"3057\">\n<p class=\"\" data-start=\"2961\" data-end=\"3057\"><strong data-start=\"2961\" data-end=\"2977\">Un ajustement parfait :<\/strong> Les sangles de poignet r\u00e9glables avec fermeture velcro offrent un ajustement s\u00fbr et personnalisable.<\/p>\n<\/li>\n<\/ul>","protected":false},"featured_media":9019,"comment_status":"closed","ping_status":"closed","template":"","meta":[],"product_brand":[35],"product_cat":[1111,122],"product_tag":[121,123],"class_list":{"0":"post-8963","1":"product","2":"type-product","3":"status-publish","4":"has-post-thumbnail","6":"product_brand-ryinz","7":"product_cat-motorbike","8":"product_cat-motorbike-racing-gloves","9":"product_tag-motorbike-gloves","10":"product_tag-racing-gloves","12":"first","13":"instock","14":"taxable","15":"shipping-taxable","16":"purchasable","17":"product-type-simple"},"_links":{"self":[{"href":"https:\/\/ryinz.cz\/velkoobchod\/fr\/wp-json\/wp\/v2\/product\/8963","targetHints":{"allow":["GET"]}}],"collection":[{"href":"https:\/\/ryinz.cz\/velkoobchod\/fr\/wp-json\/wp\/v2\/product"}],"about":[{"href":"https:\/\/ryinz.cz\/velkoobchod\/fr\/wp-json\/wp\/v2\/types\/product"}],"replies":[{"embeddable":true,"href":"https:\/\/ryinz.cz\/velkoobchod\/fr\/wp-json\/wp\/v2\/comments?post=8963"}],"wp:featuredmedia":[{"embeddable":true,"href":"https:\/\/ryinz.cz\/velkoobchod\/fr\/wp-json\/wp\/v2\/media\/9019"}],"wp:attachment":[{"href":"https:\/\/ryinz.cz\/velkoobchod\/fr\/wp-json\/wp\/v2\/media?parent=8963"}],"wp:term":[{"taxonomy":"product_brand","embeddable":true,"href":"https:\/\/ryinz.cz\/velkoobchod\/fr\/wp-json\/wp\/v2\/product_brand?post=8963"},{"taxonomy":"product_cat","embeddable":true,"href":"https:\/\/ryinz.cz\/velkoobchod\/fr\/wp-json\/wp\/v2\/product_cat?post=8963"},{"taxonomy":"product_tag","embeddable":true,"href":"https:\/\/ryinz.cz\/velkoobchod\/fr\/wp-json\/wp\/v2\/product_tag?post=8963"}],"curies":[{"name":"wp","href":"https:\/\/api.w.org\/{rel}","templated":true}]}}