{"id":8962,"date":"2025-06-22T15:23:29","date_gmt":"2025-06-22T15:23:29","guid":{"rendered":"https:\/\/ryinz.cz\/velkoobchod\/?post_type=product&#038;p=8962"},"modified":"2026-01-18T20:17:05","modified_gmt":"2026-01-18T20:17:05","slug":"ryinz-military-tactical-half-finger-gloves-army-combat-police-shooting-gear-professional-manufacturer-wholesale-supplier","status":"publish","type":"product","link":"https:\/\/ryinz.cz\/velkoobchod\/fr\/product\/ryinz-military-tactical-half-finger-gloves-army-combat-police-shooting-gear-professional-manufacturer-wholesale-supplier\/","title":{"rendered":"Ryinz Military Tactical Half Finger Gloves - Army Combat, Police, Shooting Gear | Professional Manufacturer &amp; Wholesale Supplier"},"content":{"rendered":"<p class=\"\" data-start=\"438\" data-end=\"847\">Am\u00e9liorez vos performances tactiques avec le <strong data-start=\"481\" data-end=\"527\">Gants tactiques \u00e0 demi-doigts Ryinz Military<\/strong>, Ces gants sont con\u00e7us pour offrir un maximum de contr\u00f4le, de durabilit\u00e9 et de confort dans les environnements les plus exigeants. Ces gants de combat vert arm\u00e9e sont con\u00e7us pour le personnel militaire, les officiers de police, les \u00e9quipes de maintien de l'ordre, les amateurs de tir, les chasseurs, les survivalistes et les aventuriers de plein air qui exigent une protection et une pr\u00e9cision de qualit\u00e9 professionnelle.<\/p>\n<p class=\"\" data-start=\"849\" data-end=\"1048\">En tant que <strong data-start=\"854\" data-end=\"901\">fabricant et fournisseur en gros de premier plan<\/strong> de gants tactiques en Europe et dans le monde, <strong data-start=\"952\" data-end=\"961\">Ryinz<\/strong> se concentre sur l'\u00e9laboration de produits qui r\u00e9pondent aux besoins r\u00e9els des professionnels de la tactique.<\/p>\n<p class=\"\" data-start=\"1050\" data-end=\"1392\">Construit avec <strong data-start=\"1067\" data-end=\"1100\">protection renforc\u00e9e des articulations<\/strong> et des tissus synth\u00e9tiques haute performance, ces gants offrent une d\u00e9fense ultime contre les impacts tout en conservant une flexibilit\u00e9 sup\u00e9rieure. Les gants <strong data-start=\"1236\" data-end=\"1258\">demi-doigts<\/strong> offre une meilleure dext\u00e9rit\u00e9, permettant un meilleur contr\u00f4le de la g\u00e2chette, un meilleur maniement de l'arme et une meilleure utilisation de l'\u00e9quipement sans sacrifier la protection.<\/p>\n<p class=\"\" data-start=\"1394\" data-end=\"1705\">Le <strong data-start=\"1398\" data-end=\"1420\">poign\u00e9e antid\u00e9rapante<\/strong> Ces gants sont donc indispensables pour les combats rapproch\u00e9s (CQB), le tir tactique, les op\u00e9rations urbaines et l'entra\u00eenement \u00e0 la survie en ext\u00e9rieur. Les mat\u00e9riaux respirants permettent \u00e0 l'air de circuler, gardant vos mains au frais et au sec m\u00eame par des temp\u00e9ratures extr\u00eames.<\/p>\n<p class=\"\" data-start=\"1707\" data-end=\"1973\">Con\u00e7us pour les missions difficiles, les gants tactiques militaires Ryinz sont dot\u00e9s des caract\u00e9ristiques suivantes <strong data-start=\"1783\" data-end=\"1819\">fermetures de poignet r\u00e9glables en velcro<\/strong> La construction robuste garantit que ces gants r\u00e9sistent \u00e0 l'abrasion, aux coupures et \u00e0 l'usure quotidienne lors de sc\u00e9narios tactiques intenses.<\/p>\n<p class=\"\" data-start=\"1975\" data-end=\"2388\">Que vous soyez impliqu\u00e9 dans <strong data-start=\"2003\" data-end=\"2111\">exercices militaires, op\u00e9rations de police sur le terrain, entra\u00eenement tactique, aventures en plein air ou missions de survie<\/strong>, Les gants Ryinz sont votre ultime partenaire de d\u00e9fense. Notre expertise en <strong data-start=\"2178\" data-end=\"2199\">Fabrication OEM<\/strong> permet \u00e9galement <strong data-start=\"2216\" data-end=\"2242\">marque priv\u00e9e<\/strong>, L'entreprise offre des services d'assistance technique, des conceptions personnalis\u00e9es et des solutions de commande en gros pour les distributeurs d'\u00e9quipement tactique, les organismes d'application de la loi, les fournisseurs de l'arm\u00e9e et les d\u00e9taillants de sports de plein air.<\/p>\n<p class=\"\" data-start=\"2390\" data-end=\"2411\">Parfaitement adapt\u00e9 pour :<\/p>\n<ul data-start=\"2412\" data-end=\"2765\">\n<li class=\"\" data-start=\"2412\" data-end=\"2456\">\n<p class=\"\" data-start=\"2414\" data-end=\"2456\">\u00c9quipes tactiques militaires et missions sur le terrain<\/p>\n<\/li>\n<li class=\"\" data-start=\"2457\" data-end=\"2485\">\n<p class=\"\" data-start=\"2459\" data-end=\"2485\">Op\u00e9rations de maintien de l'ordre<\/p>\n<\/li>\n<li class=\"\" data-start=\"2486\" data-end=\"2505\">\n<p class=\"\" data-start=\"2488\" data-end=\"2505\">Unit\u00e9s SWAT de la police<\/p>\n<\/li>\n<li class=\"\" data-start=\"2506\" data-end=\"2546\">\n<p class=\"\" data-start=\"2508\" data-end=\"2546\">Forces sp\u00e9ciales et entreprises de d\u00e9fense<\/p>\n<\/li>\n<li class=\"\" data-start=\"2547\" data-end=\"2585\">\n<p class=\"\" data-start=\"2549\" data-end=\"2585\">Entra\u00eenement et formation au stand de tir<\/p>\n<\/li>\n<li class=\"\" data-start=\"2586\" data-end=\"2619\">\n<p class=\"\" data-start=\"2588\" data-end=\"2619\">Exp\u00e9ditions de chasse et de p\u00eache<\/p>\n<\/li>\n<li class=\"\" data-start=\"2620\" data-end=\"2647\">\n<p class=\"\" data-start=\"2622\" data-end=\"2647\">Conducteurs de motos et de VTT<\/p>\n<\/li>\n<li class=\"\" data-start=\"2648\" data-end=\"2683\">\n<p class=\"\" data-start=\"2650\" data-end=\"2683\">Professionnels de la s\u00e9curit\u00e9 et gardiens<\/p>\n<\/li>\n<li class=\"\" data-start=\"2684\" data-end=\"2719\">\n<p class=\"\" data-start=\"2686\" data-end=\"2719\">Passionn\u00e9s d'airsoft et de paintball<\/p>\n<\/li>\n<li class=\"\" data-start=\"2720\" data-end=\"2765\">\n<p class=\"\" data-start=\"2722\" data-end=\"2765\">Vendeurs de mat\u00e9riel de survie et d'aventure<\/p>\n<\/li>\n<\/ul>\n<p class=\"\" data-start=\"2767\" data-end=\"2786\">\u2705 <strong data-start=\"2769\" data-end=\"2786\">Caract\u00e9ristiques principales :<\/strong><\/p>\n<ul data-start=\"2787\" data-end=\"3611\">\n<li class=\"\" data-start=\"2787\" data-end=\"2843\">\n<p class=\"\" data-start=\"2789\" data-end=\"2843\">Gants tactiques de qualit\u00e9 militaire avec demi-doigts<\/p>\n<\/li>\n<li class=\"\" data-start=\"2844\" data-end=\"2890\">\n<p class=\"\" data-start=\"2846\" data-end=\"2890\">Protection robuste des articulations pour une s\u00e9curit\u00e9 maximale<\/p>\n<\/li>\n<li class=\"\" data-start=\"2891\" data-end=\"2935\">\n<p class=\"\" data-start=\"2893\" data-end=\"2935\">Tissu synth\u00e9tique renforc\u00e9 pour une meilleure durabilit\u00e9<\/p>\n<\/li>\n<li class=\"\" data-start=\"2936\" data-end=\"2994\">\n<p class=\"\" data-start=\"2938\" data-end=\"2994\">Poign\u00e9es antid\u00e9rapantes pour un meilleur contr\u00f4le de l'arme et de l'outil<\/p>\n<\/li>\n<li class=\"\" data-start=\"2995\" data-end=\"3047\">\n<p class=\"\" data-start=\"2997\" data-end=\"3047\">Mat\u00e9riaux respirants et \u00e9vacuant la transpiration pour plus de confort<\/p>\n<\/li>\n<li class=\"\" data-start=\"3048\" data-end=\"3104\">\n<p class=\"\" data-start=\"3050\" data-end=\"3104\">Sangles de poignet r\u00e9glables en velcro pour un ajustement s\u00fbr et personnalis\u00e9<\/p>\n<\/li>\n<li class=\"\" data-start=\"3105\" data-end=\"3160\">\n<p class=\"\" data-start=\"3107\" data-end=\"3160\">Grande dext\u00e9rit\u00e9 pour le maniement des armes et de l'\u00e9quipement tactique<\/p>\n<\/li>\n<li class=\"\" data-start=\"3161\" data-end=\"3208\">\n<p class=\"\" data-start=\"3163\" data-end=\"3208\">Construction r\u00e9sistante \u00e0 l'abrasion et aux chocs<\/p>\n<\/li>\n<li class=\"\" data-start=\"3209\" data-end=\"3275\">\n<p class=\"\" data-start=\"3211\" data-end=\"3275\">Con\u00e7u pour la police, l'arm\u00e9e, les forces tactiques et les guerriers en plein air<\/p>\n<\/li>\n<li class=\"\" data-start=\"3276\" data-end=\"3319\">\n<p class=\"\" data-start=\"3278\" data-end=\"3319\">L\u00e9ger et flexible pour une utilisation prolong\u00e9e<\/p>\n<\/li>\n<li class=\"\" data-start=\"3320\" data-end=\"3360\">\n<p class=\"\" data-start=\"3322\" data-end=\"3360\">Disponible pour les commandes OEM et en gros<\/p>\n<\/li>\n<li class=\"\" data-start=\"3361\" data-end=\"3400\">\n<p class=\"\" data-start=\"3363\" data-end=\"3400\">Options de logo personnalis\u00e9 et de marque priv\u00e9e<\/p>\n<\/li>\n<li class=\"\" data-start=\"3401\" data-end=\"3464\">\n<p class=\"\" data-start=\"3403\" data-end=\"3464\">Fabriqu\u00e9 conform\u00e9ment aux normes de l'UE pour faciliter l'importation et l'exportation<\/p>\n<\/li>\n<li class=\"\" data-start=\"3465\" data-end=\"3540\">\n<p class=\"\" data-start=\"3467\" data-end=\"3540\">Id\u00e9al pour le tir sportif, la moto, la chasse et l'entra\u00eenement sur le terrain.<\/p>\n<\/li>\n<li class=\"\" data-start=\"3541\" data-end=\"3611\">\n<p class=\"\" data-start=\"3543\" data-end=\"3611\">Con\u00e7u par Ryinz - fournisseur de confiance d'\u00e9quipement tactique professionnel<\/p>\n<\/li>\n<\/ul>\n<p class=\"\" data-start=\"3613\" data-end=\"3981\">Au <strong data-start=\"3616\" data-end=\"3625\">Ryinz<\/strong>, Nous comprenons les exigences critiques des environnements tactiques. C'est pourquoi nous fabriquons des gants qui combinent robustesse, agilit\u00e9 et protection dans un ensemble puissant. Que vous vous pr\u00e9pariez pour votre prochaine mission, pour une comp\u00e9tition de tir ou simplement pour profiter de l'ext\u00e9rieur, les gants Ryinz vous offrent la fiabilit\u00e9 et la performance auxquelles vous pouvez faire confiance.<\/p>\n<p class=\"\" data-start=\"3983\" data-end=\"4070\">Choisir <strong data-start=\"3990\" data-end=\"4036\">Gants tactiques \u00e0 demi-doigts Ryinz Military<\/strong> - o\u00f9 la force rencontre la pr\u00e9cision.<\/p>","protected":false},"excerpt":{"rendered":"<p class=\"\" data-start=\"2390\" data-end=\"2411\">Parfaitement adapt\u00e9 pour :<\/p>\n<ul data-start=\"2412\" data-end=\"2765\">\n<li class=\"\" data-start=\"2412\" data-end=\"2456\">\n<p class=\"\" data-start=\"2414\" data-end=\"2456\">\u00c9quipes tactiques militaires et missions sur le terrain<\/p>\n<\/li>\n<li class=\"\" data-start=\"2457\" data-end=\"2485\">\n<p class=\"\" data-start=\"2459\" data-end=\"2485\">Op\u00e9rations de maintien de l'ordre<\/p>\n<\/li>\n<li class=\"\" data-start=\"2486\" data-end=\"2505\">\n<p class=\"\" data-start=\"2488\" data-end=\"2505\">Unit\u00e9s SWAT de la police<\/p>\n<\/li>\n<li class=\"\" data-start=\"2506\" data-end=\"2546\">\n<p class=\"\" data-start=\"2508\" data-end=\"2546\">Forces sp\u00e9ciales et entreprises de d\u00e9fense<\/p>\n<\/li>\n<li class=\"\" data-start=\"2547\" data-end=\"2585\">\n<p class=\"\" data-start=\"2549\" data-end=\"2585\">Entra\u00eenement et formation au stand de tir<\/p>\n<\/li>\n<li class=\"\" data-start=\"2586\" data-end=\"2619\">\n<p class=\"\" data-start=\"2588\" data-end=\"2619\">Exp\u00e9ditions de chasse et de p\u00eache<\/p>\n<\/li>\n<li class=\"\" data-start=\"2620\" data-end=\"2647\">\n<p class=\"\" data-start=\"2622\" data-end=\"2647\">Conducteurs de motos et de VTT<\/p>\n<\/li>\n<li class=\"\" data-start=\"2648\" data-end=\"2683\">\n<p class=\"\" data-start=\"2650\" data-end=\"2683\">Professionnels de la s\u00e9curit\u00e9 et gardiens<\/p>\n<\/li>\n<li class=\"\" data-start=\"2684\" data-end=\"2719\">\n<p class=\"\" data-start=\"2686\" data-end=\"2719\">Passionn\u00e9s d'airsoft et de paintball<\/p>\n<\/li>\n<li class=\"\" data-start=\"2720\" data-end=\"2765\">\n<p class=\"\" data-start=\"2722\" data-end=\"2765\">Vendeurs de mat\u00e9riel de survie et d'aventure<\/p>\n<\/li>\n<\/ul>","protected":false},"featured_media":8999,"comment_status":"closed","ping_status":"closed","template":"","meta":[],"product_brand":[35],"product_cat":[99,100],"product_tag":[119,120,113],"class_list":{"0":"post-8962","1":"product","2":"type-product","3":"status-publish","4":"has-post-thumbnail","6":"product_brand-ryinz","7":"product_cat-gloves","8":"product_cat-police-gloves","9":"product_tag-military-gloves","10":"product_tag-shooting-gloves","11":"product_tag-tactical-gloves","13":"first","14":"instock","15":"taxable","16":"shipping-taxable","17":"purchasable","18":"product-type-simple"},"_links":{"self":[{"href":"https:\/\/ryinz.cz\/velkoobchod\/fr\/wp-json\/wp\/v2\/product\/8962","targetHints":{"allow":["GET"]}}],"collection":[{"href":"https:\/\/ryinz.cz\/velkoobchod\/fr\/wp-json\/wp\/v2\/product"}],"about":[{"href":"https:\/\/ryinz.cz\/velkoobchod\/fr\/wp-json\/wp\/v2\/types\/product"}],"replies":[{"embeddable":true,"href":"https:\/\/ryinz.cz\/velkoobchod\/fr\/wp-json\/wp\/v2\/comments?post=8962"}],"wp:featuredmedia":[{"embeddable":true,"href":"https:\/\/ryinz.cz\/velkoobchod\/fr\/wp-json\/wp\/v2\/media\/8999"}],"wp:attachment":[{"href":"https:\/\/ryinz.cz\/velkoobchod\/fr\/wp-json\/wp\/v2\/media?parent=8962"}],"wp:term":[{"taxonomy":"product_brand","embeddable":true,"href":"https:\/\/ryinz.cz\/velkoobchod\/fr\/wp-json\/wp\/v2\/product_brand?post=8962"},{"taxonomy":"product_cat","embeddable":true,"href":"https:\/\/ryinz.cz\/velkoobchod\/fr\/wp-json\/wp\/v2\/product_cat?post=8962"},{"taxonomy":"product_tag","embeddable":true,"href":"https:\/\/ryinz.cz\/velkoobchod\/fr\/wp-json\/wp\/v2\/product_tag?post=8962"}],"curies":[{"name":"wp","href":"https:\/\/api.w.org\/{rel}","templated":true}]}}