{"id":8961,"date":"2025-06-22T15:23:28","date_gmt":"2025-06-22T15:23:28","guid":{"rendered":"https:\/\/ryinz.cz\/velkoobchod\/?post_type=product&#038;p=8961"},"modified":"2026-01-18T20:17:04","modified_gmt":"2026-01-18T20:17:04","slug":"ryinz-tactical-combat-shooting-gloves-for-military-police-law-enforcement-professional-manufacturer-wholesale-supplier","status":"publish","type":"product","link":"https:\/\/ryinz.cz\/velkoobchod\/fr\/product\/ryinz-tactical-combat-shooting-gloves-for-military-police-law-enforcement-professional-manufacturer-wholesale-supplier\/","title":{"rendered":"Ryinz Tactical Combat Shooting Gloves for Military, Police, Law Enforcement | Professional Manufacturer &amp; Wholesale Supplier"},"content":{"rendered":"<p class=\"\" data-start=\"419\" data-end=\"848\">D\u00e9couvrez le m\u00e9lange ultime de protection, de pr\u00e9cision et de durabilit\u00e9 avec le <strong data-start=\"497\" data-end=\"538\">Gants de tir de combat tactique Ryinz<\/strong>, Les gants tactiques sont sp\u00e9cialement con\u00e7us pour les forces militaires, les officiers de police, les unit\u00e9s de maintien de l'ordre, les professionnels de la s\u00e9curit\u00e9 et les amateurs de tir sportif. En tant que fabricant professionnel et fournisseur en gros de gants tactiques en Europe, aux \u00c9tats-Unis et en Asie, <strong data-start=\"782\" data-end=\"791\">Ryinz<\/strong> garantit que chaque paire r\u00e9pond aux normes industrielles les plus strictes.<\/p>\n<p class=\"\" data-start=\"850\" data-end=\"1187\">Fabriqu\u00e9 \u00e0 partir de <strong data-start=\"860\" data-end=\"920\">cuir synth\u00e9tique de premi\u00e8re qualit\u00e9 et mat\u00e9riaux extensibles flexibles<\/strong>, Ces gants tactiques offrent un confort imbattable sans sacrifier la protection. Con\u00e7us pour \u00eatre performants dans des environnements extr\u00eames, les gants de combat tactique Ryinz sont parfaits pour l'entra\u00eenement militaire, les op\u00e9rations de police, le maniement des armes \u00e0 feu et les s\u00e9ances de tir au stand de tir.<\/p>\n<p class=\"\" data-start=\"1189\" data-end=\"1446\">Le <strong data-start=\"1193\" data-end=\"1231\">conception ergonomique des doigts pr\u00e9-courb\u00e9s<\/strong> assure un positionnement naturel de la main pour r\u00e9duire la fatigue lors d'une utilisation prolong\u00e9e. Les poign\u00e9es de paume renforc\u00e9es am\u00e9liorent le contr\u00f4le de l'arme, minimisent le glissement et absorbent les chocs, ce qui est essentiel pour les missions tactiques \u00e0 haut niveau de stress.<\/p>\n<p class=\"\" data-start=\"1448\" data-end=\"1831\">Con\u00e7us pour supporter des op\u00e9rations difficiles, ces gants pr\u00e9sentent les caract\u00e9ristiques suivantes <strong data-start=\"1504\" data-end=\"1533\">panneaux r\u00e9sistants \u00e0 l'abrasion<\/strong>, de couture renforc\u00e9es, et d'un <strong data-start=\"1563\" data-end=\"1612\">pouce et index compatibles avec les \u00e9crans tactiles<\/strong>, permettant aux utilisateurs d'utiliser des appareils intelligents sans enlever leurs gants. Qu'il s'agisse de raids \u00e0 haut risque, d'exercices tactiques ou de patrouilles quotidiennes, les gants Ryinz offrent la r\u00e9sistance et la polyvalence n\u00e9cessaires aux performances dans le monde r\u00e9el.<\/p>\n<p class=\"\" data-start=\"1833\" data-end=\"2087\">La fermeture velcro r\u00e9glable au poignet garantit un ajustement parfait, emp\u00eachant les d\u00e9bris et l'humidit\u00e9 de p\u00e9n\u00e9trer, tout en permettant un enfilage et un retrait rapides. Les inserts en mesh respirant maintiennent la circulation de l'air pour garder les mains au sec et \u00e0 l'aise, m\u00eame pendant les activit\u00e9s de haute intensit\u00e9.<\/p>\n<p class=\"\" data-start=\"2089\" data-end=\"2465\"><strong data-start=\"2089\" data-end=\"2098\">Ryinz<\/strong> offre une personnalisation compl\u00e8te pour les commandes OEM, y compris des services de marque priv\u00e9e, la broderie de logos personnalis\u00e9s et des mod\u00e8les exclusifs con\u00e7us pour les services de police, les unit\u00e9s de l'arm\u00e9e, les clubs de tir et les soci\u00e9t\u00e9s de s\u00e9curit\u00e9. Gr\u00e2ce \u00e0 son engagement en faveur de la qualit\u00e9 et de l'innovation, Ryinz est le partenaire de confiance des acheteurs, des distributeurs et des d\u00e9taillants d'\u00e9quipements tactiques dans toute l'Europe et aux \u00c9tats-Unis.<\/p>\n<p class=\"\" data-start=\"2467\" data-end=\"2479\">Parfait pour :<\/p>\n<ul data-start=\"2480\" data-end=\"2822\">\n<li class=\"\" data-start=\"2480\" data-end=\"2503\">\n<p class=\"\" data-start=\"2482\" data-end=\"2503\">\u00c9quipes tactiques de police<\/p>\n<\/li>\n<li class=\"\" data-start=\"2504\" data-end=\"2526\">\n<p class=\"\" data-start=\"2506\" data-end=\"2526\">Unit\u00e9s militaires de campagne<\/p>\n<\/li>\n<li class=\"\" data-start=\"2527\" data-end=\"2554\">\n<p class=\"\" data-start=\"2529\" data-end=\"2554\">Forces d'op\u00e9rations sp\u00e9ciales<\/p>\n<\/li>\n<li class=\"\" data-start=\"2555\" data-end=\"2588\">\n<p class=\"\" data-start=\"2557\" data-end=\"2588\">Tireurs tactiques et sportifs<\/p>\n<\/li>\n<li class=\"\" data-start=\"2589\" data-end=\"2632\">\n<p class=\"\" data-start=\"2591\" data-end=\"2632\">Les amateurs de chasse et d'aventures en plein air<\/p>\n<\/li>\n<li class=\"\" data-start=\"2633\" data-end=\"2684\">\n<p class=\"\" data-start=\"2635\" data-end=\"2684\">Joueurs d'airsoft, de paintball et de simulation de combat<\/p>\n<\/li>\n<li class=\"\" data-start=\"2685\" data-end=\"2713\">\n<p class=\"\" data-start=\"2687\" data-end=\"2713\">Entreprises de s\u00e9curit\u00e9 priv\u00e9e<\/p>\n<\/li>\n<li class=\"\" data-start=\"2714\" data-end=\"2748\">\n<p class=\"\" data-start=\"2716\" data-end=\"2748\">Stagiaires de l'acad\u00e9mie des forces de l'ordre<\/p>\n<\/li>\n<li class=\"\" data-start=\"2749\" data-end=\"2784\">\n<p class=\"\" data-start=\"2751\" data-end=\"2784\">Entrepreneurs et fournisseurs du secteur de la d\u00e9fense<\/p>\n<\/li>\n<li class=\"\" data-start=\"2785\" data-end=\"2822\">\n<p class=\"\" data-start=\"2787\" data-end=\"2822\">D\u00e9taillants d'articles de plein air et de survie<\/p>\n<\/li>\n<\/ul>\n<p class=\"\" data-start=\"2824\" data-end=\"2843\">\u2705 <strong data-start=\"2826\" data-end=\"2843\">Caract\u00e9ristiques principales :<\/strong><\/p>\n<ul data-start=\"2844\" data-end=\"3597\">\n<li class=\"\" data-start=\"2844\" data-end=\"2889\">\n<p class=\"\" data-start=\"2846\" data-end=\"2889\">Gants de tir tactique de qualit\u00e9 professionnelle<\/p>\n<\/li>\n<li class=\"\" data-start=\"2890\" data-end=\"2953\">\n<p class=\"\" data-start=\"2892\" data-end=\"2953\">Fabriqu\u00e9 en cuir synth\u00e9tique de premi\u00e8re qualit\u00e9 et en tissu extensible<\/p>\n<\/li>\n<li class=\"\" data-start=\"2954\" data-end=\"3010\">\n<p class=\"\" data-start=\"2956\" data-end=\"3010\">Paume renforc\u00e9e avec une adh\u00e9rence sup\u00e9rieure pour le maniement des armes<\/p>\n<\/li>\n<li class=\"\" data-start=\"3011\" data-end=\"3068\">\n<p class=\"\" data-start=\"3013\" data-end=\"3068\">Doigts compatibles avec l'\u00e9cran tactile pour l'utilisation d'un appareil mobile<\/p>\n<\/li>\n<li class=\"\" data-start=\"3069\" data-end=\"3114\">\n<p class=\"\" data-start=\"3071\" data-end=\"3114\">Panneaux en maille respirante pour contr\u00f4ler l'humidit\u00e9<\/p>\n<\/li>\n<li class=\"\" data-start=\"3115\" data-end=\"3157\">\n<p class=\"\" data-start=\"3117\" data-end=\"3157\">Construction ergonomique des doigts pr\u00e9-courb\u00e9s<\/p>\n<\/li>\n<li class=\"\" data-start=\"3158\" data-end=\"3205\">\n<p class=\"\" data-start=\"3160\" data-end=\"3205\">Poignet en velcro pour un ajustement s\u00fbr et r\u00e9glable<\/p>\n<\/li>\n<li class=\"\" data-start=\"3206\" data-end=\"3250\">\n<p class=\"\" data-start=\"3208\" data-end=\"3250\">L\u00e9ger mais durable pour une utilisation prolong\u00e9e<\/p>\n<\/li>\n<li class=\"\" data-start=\"3251\" data-end=\"3289\">\n<p class=\"\" data-start=\"3253\" data-end=\"3289\">Conception r\u00e9sistante \u00e0 l'abrasion et aux chocs<\/p>\n<\/li>\n<li class=\"\" data-start=\"3290\" data-end=\"3325\">\n<p class=\"\" data-start=\"3292\" data-end=\"3325\">Entretien facile et s\u00e9chage rapide<\/p>\n<\/li>\n<li class=\"\" data-start=\"3326\" data-end=\"3369\">\n<p class=\"\" data-start=\"3328\" data-end=\"3369\">Fabrication conforme aux normes de l'UE pour faciliter l'importation<\/p>\n<\/li>\n<li class=\"\" data-start=\"3370\" data-end=\"3435\">\n<p class=\"\" data-start=\"3372\" data-end=\"3435\">Id\u00e9al pour le tir sportif, l'entra\u00eenement de la police et les op\u00e9rations tactiques<\/p>\n<\/li>\n<li class=\"\" data-start=\"3436\" data-end=\"3485\">\n<p class=\"\" data-start=\"3438\" data-end=\"3485\">Fabrication OEM et marquage personnalis\u00e9 disponibles<\/p>\n<\/li>\n<li class=\"\" data-start=\"3486\" data-end=\"3535\">\n<p class=\"\" data-start=\"3488\" data-end=\"3535\">Fournisseur fiable de gants tactiques en gros<\/p>\n<\/li>\n<li class=\"\" data-start=\"3536\" data-end=\"3597\">\n<p class=\"\" data-start=\"3538\" data-end=\"3597\">\u00c9quilibre parfait entre flexibilit\u00e9, r\u00e9sistance et respirabilit\u00e9<\/p>\n<\/li>\n<\/ul>\n<p class=\"\" data-start=\"3599\" data-end=\"3854\">Choisir <strong data-start=\"3606\" data-end=\"3647\">Gants de tir de combat tactique Ryinz<\/strong> et \u00e9quipez-vous de mat\u00e9riel auquel les professionnels font confiance sur le terrain. Notre attachement \u00e0 la fabrication de pr\u00e9cision, \u00e0 la satisfaction des clients et aux mat\u00e9riaux de qualit\u00e9 sup\u00e9rieure garantit que chaque mission commence en toute confiance.<\/p>\n<p class=\"\" data-start=\"3856\" data-end=\"4036\">Chez Ryinz, nous ouvrons les portes de votre entreprise en proposant des gants tactiques de haute qualit\u00e9, pr\u00eats \u00e0 l'emploi, qui r\u00e9pondent aux besoins r\u00e9els des militaires et des forces de l'ordre du monde entier.<\/p>","protected":false},"excerpt":{"rendered":"<p class=\"\" data-start=\"2824\" data-end=\"2843\">\u2705 <strong data-start=\"2826\" data-end=\"2843\">Caract\u00e9ristiques principales :<\/strong><\/p>\n<ul data-start=\"2844\" data-end=\"3597\">\n<li class=\"\" data-start=\"2844\" data-end=\"2889\">\n<p class=\"\" data-start=\"2846\" data-end=\"2889\">Gants de tir tactique de qualit\u00e9 professionnelle<\/p>\n<\/li>\n<li class=\"\" data-start=\"2890\" data-end=\"2953\">\n<p class=\"\" data-start=\"2892\" data-end=\"2953\">Fabriqu\u00e9 en cuir synth\u00e9tique de premi\u00e8re qualit\u00e9 et en tissu extensible<\/p>\n<\/li>\n<li class=\"\" data-start=\"2954\" data-end=\"3010\">\n<p class=\"\" data-start=\"2956\" data-end=\"3010\">Paume renforc\u00e9e avec une adh\u00e9rence sup\u00e9rieure pour le maniement des armes<\/p>\n<\/li>\n<li class=\"\" data-start=\"3011\" data-end=\"3068\">\n<p class=\"\" data-start=\"3013\" data-end=\"3068\">Doigts compatibles avec l'\u00e9cran tactile pour l'utilisation d'un appareil mobile<\/p>\n<\/li>\n<li class=\"\" data-start=\"3069\" data-end=\"3114\">\n<p class=\"\" data-start=\"3071\" data-end=\"3114\">Panneaux en maille respirante pour contr\u00f4ler l'humidit\u00e9<\/p>\n<\/li>\n<li class=\"\" data-start=\"3115\" data-end=\"3157\">\n<p class=\"\" data-start=\"3117\" data-end=\"3157\">Construction ergonomique des doigts pr\u00e9-courb\u00e9s<\/p>\n<\/li>\n<li class=\"\" data-start=\"3158\" data-end=\"3205\">\n<p class=\"\" data-start=\"3160\" data-end=\"3205\">Poignet en velcro pour un ajustement s\u00fbr et r\u00e9glable<\/p>\n<\/li>\n<li class=\"\" data-start=\"3206\" data-end=\"3250\">Fabrication conforme aux normes de l'UE pour faciliter l'importation<\/li>\n<\/ul>","protected":false},"featured_media":8984,"comment_status":"closed","ping_status":"closed","template":"","meta":[],"product_brand":[35],"product_cat":[99,100],"product_tag":[118,104],"class_list":{"0":"post-8961","1":"product","2":"type-product","3":"status-publish","4":"has-post-thumbnail","6":"product_brand-ryinz","7":"product_cat-gloves","8":"product_cat-police-gloves","9":"product_tag-police-gear","10":"product_tag-tactical-police-gloves","12":"first","13":"instock","14":"taxable","15":"shipping-taxable","16":"purchasable","17":"product-type-simple"},"_links":{"self":[{"href":"https:\/\/ryinz.cz\/velkoobchod\/fr\/wp-json\/wp\/v2\/product\/8961","targetHints":{"allow":["GET"]}}],"collection":[{"href":"https:\/\/ryinz.cz\/velkoobchod\/fr\/wp-json\/wp\/v2\/product"}],"about":[{"href":"https:\/\/ryinz.cz\/velkoobchod\/fr\/wp-json\/wp\/v2\/types\/product"}],"replies":[{"embeddable":true,"href":"https:\/\/ryinz.cz\/velkoobchod\/fr\/wp-json\/wp\/v2\/comments?post=8961"}],"wp:featuredmedia":[{"embeddable":true,"href":"https:\/\/ryinz.cz\/velkoobchod\/fr\/wp-json\/wp\/v2\/media\/8984"}],"wp:attachment":[{"href":"https:\/\/ryinz.cz\/velkoobchod\/fr\/wp-json\/wp\/v2\/media?parent=8961"}],"wp:term":[{"taxonomy":"product_brand","embeddable":true,"href":"https:\/\/ryinz.cz\/velkoobchod\/fr\/wp-json\/wp\/v2\/product_brand?post=8961"},{"taxonomy":"product_cat","embeddable":true,"href":"https:\/\/ryinz.cz\/velkoobchod\/fr\/wp-json\/wp\/v2\/product_cat?post=8961"},{"taxonomy":"product_tag","embeddable":true,"href":"https:\/\/ryinz.cz\/velkoobchod\/fr\/wp-json\/wp\/v2\/product_tag?post=8961"}],"curies":[{"name":"wp","href":"https:\/\/api.w.org\/{rel}","templated":true}]}}