{"id":8959,"date":"2025-06-22T15:23:05","date_gmt":"2025-06-22T15:23:05","guid":{"rendered":"https:\/\/ryinz.cz\/velkoobchod\/?post_type=product&#038;p=8959"},"modified":"2026-01-18T20:17:03","modified_gmt":"2026-01-18T20:17:03","slug":"ryinz-professional-tactical-law-enforcement-gloves-for-police-security-military-and-shooting-high-dexterity-duty-gloves-manufacturer-wholesale-supplier","status":"publish","type":"product","link":"https:\/\/ryinz.cz\/velkoobchod\/fr\/product\/ryinz-professional-tactical-law-enforcement-gloves-for-police-security-military-and-shooting-high-dexterity-duty-gloves-manufacturer-wholesale-supplier\/","title":{"rendered":"Ryinz Professional Tactical Law Enforcement Gloves for Police, Security, Military and Shooting - High Dexterity Duty Gloves Manufacturer &amp; Wholesale Supplier"},"content":{"rendered":"<p class=\"\" data-start=\"404\" data-end=\"825\">Lorsque le devoir vous appelle, faites confiance aux performances sup\u00e9rieures de <strong data-start=\"455\" data-end=\"509\">Gants tactiques professionnels Ryinz pour les forces de l'ordre<\/strong>, Les armes \u00e0 feu sont con\u00e7ues pour les op\u00e9rations de haute intensit\u00e9 men\u00e9es par les policiers, le personnel de s\u00e9curit\u00e9, les soldats de l'arm\u00e9e, les op\u00e9rateurs tactiques et les tireurs professionnels. En tant que <strong data-start=\"667\" data-end=\"706\">fabricant et fournisseur en gros<\/strong>, Ryinz propose des gants tactiques de qualit\u00e9 exceptionnelle, con\u00e7us pour offrir une dext\u00e9rit\u00e9, une protection et une durabilit\u00e9 maximales.<\/p>\n<p class=\"\" data-start=\"827\" data-end=\"1164\">Ces <strong data-start=\"833\" data-end=\"859\">gants de maintien de l'ordre<\/strong> sont dot\u00e9s d'un m\u00e9lange judicieux de mat\u00e9riaux de premi\u00e8re qualit\u00e9 - des paumes en cuir v\u00e9ritable pour une adh\u00e9rence exceptionnelle, des tissus synth\u00e9tiques respirants pour un mouvement souple et des panneaux renforc\u00e9s pour la protection contre les chocs - ce qui les rend parfaits pour les missions tactiques, les patrouilles, les arrestations, les activit\u00e9s de d\u00e9fense et les op\u00e9rations de tir.<\/p>\n<p class=\"\" data-start=\"1166\" data-end=\"1475\">Le <strong data-start=\"1170\" data-end=\"1201\">coupe ergonomique et profil\u00e9e<\/strong> Les gants tactiques Ryinz permettent une dext\u00e9rit\u00e9 in\u00e9gal\u00e9e, garantissant une r\u00e9action rapide \u00e0 la g\u00e2chette, la manipulation de l'\u00e9quipement et le contr\u00f4le de l'arme. Qu'il s'agisse de g\u00e9rer le contr\u00f4le des foules, l'entra\u00eenement tactique, les missions d'infiltration ou la d\u00e9fense personnelle, les gants tactiques Ryinz offrent une sensation de seconde peau tout en garantissant un avantage tactique.<\/p>\n<p class=\"\" data-start=\"1477\" data-end=\"1854\">Les rembourrages strat\u00e9giquement plac\u00e9s sur les paumes et les jointures offrent une protection contre les chocs et l'abrasion sans compromettre la sensibilit\u00e9 des doigts. Les coutures avanc\u00e9es garantissent une durabilit\u00e9 \u00e0 long terme, m\u00eame dans des conditions d'utilisation difficiles. La sangle de poignet r\u00e9glable avec fermeture velcro assure un ajustement personnalis\u00e9 et s\u00fbr, ce qui permet de s'\u00e9quiper ou d'enlever les gants rapidement sous la pression.<\/p>\n<p class=\"\" data-start=\"1856\" data-end=\"2076\">La doublure \u00e9vacuant l'humidit\u00e9 garde vos mains s\u00e8ches et confortables pendant les longues missions, tandis que la construction l\u00e9g\u00e8re et respirante emp\u00eache la surchauffe - ce qui est essentiel pour maintenir des performances optimales dans toutes les conditions m\u00e9t\u00e9orologiques.<\/p>\n<p class=\"\" data-start=\"2078\" data-end=\"2341\">Que vous ayez besoin de gants tactiques fiables pour votre service de police, votre agence de s\u00e9curit\u00e9 priv\u00e9e, votre unit\u00e9 militaire ou votre magasin de sports de tir, Ryinz propose des services de fabrication sous marque de distributeur, des services OEM et des options de vente en gros adapt\u00e9s \u00e0 votre marque et \u00e0 vos besoins.<\/p>\n<p class=\"\" data-start=\"2343\" data-end=\"2362\">\u2705 <strong data-start=\"2345\" data-end=\"2362\">Caract\u00e9ristiques principales :<\/strong><\/p>\n<ul data-start=\"2363\" data-end=\"3292\">\n<li class=\"\" data-start=\"2363\" data-end=\"2448\">\n<p class=\"\" data-start=\"2365\" data-end=\"2448\">Gants tactiques con\u00e7us sp\u00e9cialement pour la police, l'arm\u00e9e et les op\u00e9rations de s\u00e9curit\u00e9<\/p>\n<\/li>\n<li class=\"\" data-start=\"2449\" data-end=\"2505\">\n<p class=\"\" data-start=\"2451\" data-end=\"2505\">Paume en cuir v\u00e9ritable pour une meilleure adh\u00e9rence et une plus grande durabilit\u00e9<\/p>\n<\/li>\n<li class=\"\" data-start=\"2506\" data-end=\"2560\">\n<p class=\"\" data-start=\"2508\" data-end=\"2560\">Manchette synth\u00e9tique extensible pour une grande souplesse de mouvement<\/p>\n<\/li>\n<li class=\"\" data-start=\"2561\" data-end=\"2608\">\n<p class=\"\" data-start=\"2563\" data-end=\"2608\">L\u00e9ger et respirant pour une utilisation tout au long de l'ann\u00e9e<\/p>\n<\/li>\n<li class=\"\" data-start=\"2609\" data-end=\"2645\">\n<p class=\"\" data-start=\"2611\" data-end=\"2645\">Zones de protection renforc\u00e9es contre les chocs<\/p>\n<\/li>\n<li class=\"\" data-start=\"2646\" data-end=\"2703\">\n<p class=\"\" data-start=\"2648\" data-end=\"2703\">Design ergonomique des doigts pr\u00e9-courb\u00e9s pour un mouvement naturel<\/p>\n<\/li>\n<li class=\"\" data-start=\"2704\" data-end=\"2750\">\n<p class=\"\" data-start=\"2706\" data-end=\"2750\">Poignet r\u00e9glable par velcro pour un maintien s\u00fbr<\/p>\n<\/li>\n<li class=\"\" data-start=\"2751\" data-end=\"2805\">\n<p class=\"\" data-start=\"2753\" data-end=\"2805\">Doublure int\u00e9rieure absorbant l'humidit\u00e9 pour un confort tout au long de la journ\u00e9e<\/p>\n<\/li>\n<li class=\"\" data-start=\"2806\" data-end=\"2857\">\n<p class=\"\" data-start=\"2808\" data-end=\"2857\">Coutures robustes pour une meilleure r\u00e9sistance \u00e0 la d\u00e9chirure<\/p>\n<\/li>\n<li class=\"\" data-start=\"2858\" data-end=\"2944\">\n<p class=\"\" data-start=\"2860\" data-end=\"2944\">Optimal pour le maniement des armes \u00e0 feu, l'utilisation d'\u00e9quipements tactiques et la d\u00e9fense au corps \u00e0 corps<\/p>\n<\/li>\n<li class=\"\" data-start=\"2945\" data-end=\"3011\">\n<p class=\"\" data-start=\"2947\" data-end=\"3011\">Marques priv\u00e9es et marques personnalis\u00e9es disponibles pour les acheteurs en gros<\/p>\n<\/li>\n<li class=\"\" data-start=\"3012\" data-end=\"3063\">\n<p class=\"\" data-start=\"3014\" data-end=\"3063\">Con\u00e7u pour r\u00e9pondre aux normes tactiques internationales<\/p>\n<\/li>\n<li class=\"\" data-start=\"3064\" data-end=\"3175\">\n<p class=\"\" data-start=\"3066\" data-end=\"3175\">Convient pour la s\u00e9curit\u00e9 urbaine, les op\u00e9rations SWAT, le contr\u00f4le des \u00e9meutes, les missions tactiques d'infiltration et l'entra\u00eenement au tir.<\/p>\n<\/li>\n<li class=\"\" data-start=\"3176\" data-end=\"3292\">\n<p class=\"\" data-start=\"3178\" data-end=\"3292\">Gants tactiques professionnels utilis\u00e9s par les entreprises de d\u00e9fense, les fournisseurs de mat\u00e9riel de police et les prestataires de services de s\u00e9curit\u00e9<\/p>\n<\/li>\n<\/ul>\n<p class=\"\" data-start=\"3294\" data-end=\"3611\">Au <strong data-start=\"3297\" data-end=\"3306\">Ryinz<\/strong>, Notre mission est d'\u00e9quiper les guerriers modernes avec du mat\u00e9riel tactique professionnel qui r\u00e9pond aux normes les plus \u00e9lev\u00e9es de l'industrie. Notre <strong data-start=\"3427\" data-end=\"3466\">Gants professionnels pour les forces de l'ordre<\/strong> sont reconnus par les \u00e9quipes tactiques de premier plan en Europe et aux \u00c9tats-Unis pour leurs performances, leur protection et leur fiabilit\u00e9 dans les environnements les plus difficiles.<\/p>\n<p class=\"\" data-start=\"3613\" data-end=\"3747\">\u00c9quipez votre \u00e9quipe, am\u00e9liorez votre arsenal et prot\u00e9gez vos mains avec Ryinz - o\u00f9 l'excellence tactique rencontre l'artisanat professionnel.<\/p>\n<p class=\"\" data-start=\"3749\" data-end=\"3856\"><strong data-start=\"3749\" data-end=\"3769\">Contactez-nous d\u00e8s aujourd'hui<\/strong> pour les commandes en gros, les demandes de marquage priv\u00e9 et les solutions de gants tactiques personnalis\u00e9s !<\/p>","protected":false},"excerpt":{"rendered":"<p class=\"\" data-start=\"2343\" data-end=\"2362\">\u2705 <strong data-start=\"2345\" data-end=\"2362\">Caract\u00e9ristiques principales :<\/strong><\/p>\n<ul data-start=\"2363\" data-end=\"3292\">\n<li class=\"\" data-start=\"2363\" data-end=\"2448\">\n<p class=\"\" data-start=\"2365\" data-end=\"2448\">Gants tactiques con\u00e7us sp\u00e9cialement pour la police, l'arm\u00e9e et les op\u00e9rations de s\u00e9curit\u00e9<\/p>\n<\/li>\n<li class=\"\" data-start=\"2449\" data-end=\"2505\">\n<p class=\"\" data-start=\"2451\" data-end=\"2505\">Paume en cuir v\u00e9ritable pour une meilleure adh\u00e9rence et une plus grande durabilit\u00e9<\/p>\n<\/li>\n<li class=\"\" data-start=\"2506\" data-end=\"2560\">\n<p class=\"\" data-start=\"2508\" data-end=\"2560\">Manchette synth\u00e9tique extensible pour une grande souplesse de mouvement<\/p>\n<\/li>\n<li class=\"\" data-start=\"2561\" data-end=\"2608\">\n<p class=\"\" data-start=\"2563\" data-end=\"2608\">L\u00e9ger et respirant pour une utilisation tout au long de l'ann\u00e9e<\/p>\n<\/li>\n<li class=\"\" data-start=\"2609\" data-end=\"2645\">\n<p class=\"\" data-start=\"2611\" data-end=\"2645\">Zones de protection renforc\u00e9es contre les chocs<\/p>\n<\/li>\n<li class=\"\" data-start=\"2646\" data-end=\"2703\">\n<p class=\"\" data-start=\"2648\" data-end=\"2703\">Design ergonomique des doigts pr\u00e9-courb\u00e9s pour un mouvement naturel<\/p>\n<\/li>\n<\/ul>","protected":false},"featured_media":8997,"comment_status":"closed","ping_status":"closed","template":"","meta":[],"product_brand":[35],"product_cat":[99,100],"product_tag":[117,104],"class_list":{"0":"post-8959","1":"product","2":"type-product","3":"status-publish","4":"has-post-thumbnail","6":"product_brand-ryinz","7":"product_cat-gloves","8":"product_cat-police-gloves","9":"product_tag-law-enforcement-gloves","10":"product_tag-tactical-police-gloves","12":"first","13":"instock","14":"taxable","15":"shipping-taxable","16":"purchasable","17":"product-type-simple"},"_links":{"self":[{"href":"https:\/\/ryinz.cz\/velkoobchod\/fr\/wp-json\/wp\/v2\/product\/8959","targetHints":{"allow":["GET"]}}],"collection":[{"href":"https:\/\/ryinz.cz\/velkoobchod\/fr\/wp-json\/wp\/v2\/product"}],"about":[{"href":"https:\/\/ryinz.cz\/velkoobchod\/fr\/wp-json\/wp\/v2\/types\/product"}],"replies":[{"embeddable":true,"href":"https:\/\/ryinz.cz\/velkoobchod\/fr\/wp-json\/wp\/v2\/comments?post=8959"}],"wp:featuredmedia":[{"embeddable":true,"href":"https:\/\/ryinz.cz\/velkoobchod\/fr\/wp-json\/wp\/v2\/media\/8997"}],"wp:attachment":[{"href":"https:\/\/ryinz.cz\/velkoobchod\/fr\/wp-json\/wp\/v2\/media?parent=8959"}],"wp:term":[{"taxonomy":"product_brand","embeddable":true,"href":"https:\/\/ryinz.cz\/velkoobchod\/fr\/wp-json\/wp\/v2\/product_brand?post=8959"},{"taxonomy":"product_cat","embeddable":true,"href":"https:\/\/ryinz.cz\/velkoobchod\/fr\/wp-json\/wp\/v2\/product_cat?post=8959"},{"taxonomy":"product_tag","embeddable":true,"href":"https:\/\/ryinz.cz\/velkoobchod\/fr\/wp-json\/wp\/v2\/product_tag?post=8959"}],"curies":[{"name":"wp","href":"https:\/\/api.w.org\/{rel}","templated":true}]}}