{"id":8956,"date":"2025-08-26T11:48:33","date_gmt":"2025-08-26T11:48:33","guid":{"rendered":"https:\/\/ryinz.cz\/velkoobchod\/?post_type=product&#038;p=8956"},"modified":"2026-01-18T20:17:02","modified_gmt":"2026-01-18T20:17:02","slug":"gants-de-travail-en-cuir-ryinz-classic","status":"publish","type":"product","link":"https:\/\/ryinz.cz\/velkoobchod\/fr\/product\/ryinz-classic-leather-work-gloves\/","title":{"rendered":"Gants de travail en cuir Ryinz Classic"},"content":{"rendered":"<p class=\"\" data-start=\"248\" data-end=\"512\">Au <strong data-start=\"251\" data-end=\"260\">Ryinz<\/strong>, Nous sommes fiers d'\u00eatre le moteur invisible du commerce international, en mettant en relation des fabricants, des marques et des acheteurs \u00e0 fort potentiel \u00e0 travers l'Europe, les \u00c9tats-Unis et l'Asie. Notre objectif est simple : ouvrir les portes \u00e0 de nouvelles opportunit\u00e9s afin que vous puissiez conclure les meilleures affaires.<\/p>\n<p class=\"\" data-start=\"514\" data-end=\"788\">Pr\u00e9sentation de la <strong data-start=\"530\" data-end=\"567\">Gants de travail en cuir Ryinz Classic<\/strong>, Ces gants sont la combinaison parfaite d'un style intemporel, d'une durabilit\u00e9 in\u00e9gal\u00e9e et d'une protection sup\u00e9rieure. Fabriqu\u00e9s \u00e0 la main \u00e0 partir de cuir naturel de premi\u00e8re qualit\u00e9, ces gants sont indispensables aux professionnels qui privil\u00e9gient la qualit\u00e9 et la performance.<\/p>\n<p class=\"\" data-start=\"790\" data-end=\"1163\">Con\u00e7u avec un <strong data-start=\"806\" data-end=\"841\">ext\u00e9rieur en cuir lisse et souple<\/strong>, Les gants de travail Ryinz Classic offrent un confort incroyable sans sacrifier la protection. La texture naturelle assure une prise solide, tandis que la paume renforc\u00e9e offre une durabilit\u00e9 accrue pour un usage quotidien. Que vous travailliez \u00e0 l'ext\u00e9rieur, que vous rouliez en moto, que vous conduisiez ou que vous vous occupiez de travaux de construction, ces gants sont \u00e0 la hauteur.<\/p>\n<p class=\"\" data-start=\"1165\" data-end=\"1337\">Le <strong data-start=\"1169\" data-end=\"1191\">poignet \u00e9lastique<\/strong> offre un ajustement s\u00fbr et serr\u00e9 pour emp\u00eacher la poussi\u00e8re, la salet\u00e9 et les d\u00e9bris de p\u00e9n\u00e9trer dans les gants, garantissant un confort et une protection tout au long de la journ\u00e9e, quel que soit l'environnement.<\/p>\n<p class=\"\" data-start=\"1339\" data-end=\"1534\">Con\u00e7us pour \u00eatre polyvalents, ces gants sont id\u00e9aux pour un usage d\u00e9contract\u00e9 ou professionnel - de la conduite \u00e0 la moto, en passant par les travaux agricoles, les op\u00e9rations tactiques sur le terrain, la menuiserie, les projets de bricolage, etc.<\/p>\n<p class=\"\" data-start=\"1536\" data-end=\"1759\">Ryinz offre aux grossistes, aux d\u00e9taillants et aux marques de toute l'Europe et d'ailleurs une gamme compl\u00e8te de services. <strong data-start=\"1619\" data-end=\"1636\">marque priv\u00e9e<\/strong> et <strong data-start=\"1641\" data-end=\"1664\">options de logo personnalis\u00e9<\/strong> pour renforcer l'identit\u00e9 de votre marque tout en fournissant des gants de qualit\u00e9 sup\u00e9rieure auxquels vos clients feront confiance.<\/p>\n<p class=\"\" data-start=\"1761\" data-end=\"1969\">Fabriqu\u00e9 selon les normes de qualit\u00e9 \u00e0 l'exportation de l'Union europ\u00e9enne (UE), test\u00e9 pour une utilisation robuste et con\u00e7u pour les professionnels modernes. <strong data-start=\"1877\" data-end=\"1901\">Gants en cuir Ryinz<\/strong> sont votre porte d'entr\u00e9e vers l'avenir des v\u00eatements de travail et des accessoires haut de gamme.<\/p>\n<hr class=\"\" data-start=\"1971\" data-end=\"1974\" \/>\n<h1 class=\"\" data-start=\"1976\" data-end=\"2010\">???? <strong data-start=\"1981\" data-end=\"2010\">Principales caract\u00e9ristiques et avantages<\/strong><\/h1>\n<p class=\"\" data-start=\"2012\" data-end=\"2114\">???? <strong data-start=\"2015\" data-end=\"2042\">Cuir naturel de premi\u00e8re qualit\u00e9<\/strong><br data-start=\"2042\" data-end=\"2045\" \/>Doux, respirant et extr\u00eamement durable pour une performance de longue dur\u00e9e.<\/p>\n<p class=\"\" data-start=\"2116\" data-end=\"2220\">???? <strong data-start=\"2119\" data-end=\"2144\">Finition lisse classique<\/strong><br data-start=\"2144\" data-end=\"2147\" \/>L'apparence \u00e9l\u00e9gante convient \u00e0 une utilisation professionnelle, d\u00e9contract\u00e9e et industrielle.<\/p>\n<p class=\"\" data-start=\"2222\" data-end=\"2313\">???? <strong data-start=\"2225\" data-end=\"2244\">Paume renforc\u00e9e<\/strong><br data-start=\"2244\" data-end=\"2247\" \/>Zone renforc\u00e9e pour une protection et une adh\u00e9rence accrues lors de travaux difficiles.<\/p>\n<p class=\"\" data-start=\"2315\" data-end=\"2403\">???? <strong data-start=\"2318\" data-end=\"2340\">Poignet \u00e9lastique<\/strong><br data-start=\"2340\" data-end=\"2343\" \/>Emp\u00eache les d\u00e9bris de p\u00e9n\u00e9trer tout en garantissant une mise en place et un retrait faciles ainsi qu'un ajustement parfait.<\/p>\n<p class=\"\" data-start=\"2405\" data-end=\"2506\">???? <strong data-start=\"2408\" data-end=\"2436\">Un ajustement souple pour plus de confort<\/strong><br data-start=\"2436\" data-end=\"2439\" \/>S'adapte \u00e0 la forme naturelle de la main, permettant une amplitude de mouvement totale.<\/p>\n<p class=\"\" data-start=\"2508\" data-end=\"2641\">???? <strong data-start=\"2511\" data-end=\"2541\">Applications polyvalentes<\/strong><br data-start=\"2541\" data-end=\"2544\" \/>Id\u00e9al pour la conduite, l'\u00e9quitation, l'agriculture, les t\u00e2ches tactiques, la menuiserie, les services de s\u00e9curit\u00e9 et les v\u00eatements de tous les jours.<\/p>\n<p class=\"\" data-start=\"2643\" data-end=\"2759\">???? <strong data-start=\"2646\" data-end=\"2679\">Pr\u00eat pour la personnalisation en gros<\/strong><br data-start=\"2679\" data-end=\"2682\" \/>Un logo personnalis\u00e9, un \u00e9tiquetage de marque et un emballage sp\u00e9cial sont disponibles pour les acheteurs en gros.<\/p>\n<p class=\"\" data-start=\"2761\" data-end=\"2861\">???? <strong data-start=\"2764\" data-end=\"2788\">Assurance qualit\u00e9 de l'UE<\/strong><br data-start=\"2788\" data-end=\"2791\" \/>Con\u00e7u pour r\u00e9pondre aux exigences des professionnels et des industries europ\u00e9ennes.<\/p>\n<p class=\"\" data-start=\"2863\" data-end=\"2954\">???? <strong data-start=\"2866\" data-end=\"2887\">Coutures durables<\/strong><br data-start=\"2887\" data-end=\"2890\" \/>Les coutures robustes emp\u00eachent les d\u00e9chirures ou l'effilochage en cas d'utilisation intensive.<\/p>\n<p class=\"\" data-start=\"2956\" data-end=\"3040\">???? <strong data-start=\"2959\" data-end=\"2981\">Protection contre les intemp\u00e9ries<\/strong><br data-start=\"2981\" data-end=\"2984\" \/>Protection fiable des mains contre le vent, la poussi\u00e8re et la pluie l\u00e9g\u00e8re.<\/p>\n<hr class=\"\" data-start=\"3042\" data-end=\"3045\" \/>\n<h1 class=\"\" data-start=\"3047\" data-end=\"3078\">???? <strong data-start=\"3052\" data-end=\"3078\">Sp\u00e9cifications des produits<\/strong><\/h1>\n<p class=\"\" data-start=\"3080\" data-end=\"3443\">- <strong data-start=\"3082\" data-end=\"3094\">Mat\u00e9riau<\/strong>: 100% Cuir v\u00e9ritable<br data-start=\"3116\" data-end=\"3119\" \/>- <strong data-start=\"3121\" data-end=\"3130\">Couleur<\/strong>: Noir classique (personnalisable)<br data-start=\"3160\" data-end=\"3163\" \/>- <strong data-start=\"3165\" data-end=\"3174\">Tailles<\/strong>: S, M, L, XL, XXL<br data-start=\"3192\" data-end=\"3195\" \/>- <strong data-start=\"3197\" data-end=\"3213\">Type de fermeture<\/strong>: Fermeture \u00e9lastique du poignet<br data-start=\"3236\" data-end=\"3239\" \/>- <strong data-start=\"3241\" data-end=\"3257\">Applications<\/strong>: V\u00eatements de travail, \u00e9quitation, conduite, agriculture, tactique, activit\u00e9s de plein air<br data-start=\"3323\" data-end=\"3326\" \/>- <strong data-start=\"3328\" data-end=\"3349\">OEM\/marque priv\u00e9e<\/strong>: Disponible sur demande<br data-start=\"3371\" data-end=\"3374\" \/>- <strong data-start=\"3376\" data-end=\"3394\">Certifications<\/strong>: Conformit\u00e9 europ\u00e9enne des \u00e9quipements de travail et de s\u00e9curit\u00e9 personnelle<\/p>\n<hr class=\"\" data-start=\"3445\" data-end=\"3448\" \/>\n<h1 class=\"\" data-start=\"3450\" data-end=\"3486\">???? <strong data-start=\"3455\" data-end=\"3486\">Acheteurs et secteurs d'activit\u00e9 id\u00e9aux<\/strong><\/h1>\n<p class=\"\" data-start=\"3488\" data-end=\"3792\">- Fournisseurs de v\u00eatements de travail<br data-start=\"3508\" data-end=\"3511\" \/>- D\u00e9taillants de mat\u00e9riel de moto<br data-start=\"3537\" data-end=\"3540\" \/>- Distributeurs de produits de maroquinerie<br data-start=\"3568\" data-end=\"3571\" \/>- D\u00e9taillants d'\u00e9quipements de plein air<br data-start=\"3600\" data-end=\"3603\" \/>- Importateurs et exportateurs B2B<br data-start=\"3632\" data-end=\"3635\" \/>- Fournisseurs d'\u00e9quipements de s\u00e9curit\u00e9 pour la construction<br data-start=\"3676\" data-end=\"3679\" \/>- Forces tactiques et de s\u00e9curit\u00e9<br data-start=\"3709\" data-end=\"3712\" \/>- Magasins de commerce \u00e9lectronique pour les accessoires<br data-start=\"3747\" data-end=\"3750\" \/>- Fournisseurs d'uniformes pour les conducteurs et les cavaliers<\/p>","protected":false},"excerpt":{"rendered":"<p class=\"\" data-start=\"2012\" data-end=\"2114\">???? <strong data-start=\"2015\" data-end=\"2042\">Cuir naturel de premi\u00e8re qualit\u00e9<\/strong><br data-start=\"2042\" data-end=\"2045\" \/>Doux, respirant et extr\u00eamement durable pour une performance de longue dur\u00e9e.<\/p>\n<p class=\"\" data-start=\"2116\" data-end=\"2220\">???? <strong data-start=\"2119\" data-end=\"2144\">Finition lisse classique<\/strong><br data-start=\"2144\" data-end=\"2147\" \/>L'apparence \u00e9l\u00e9gante convient \u00e0 une utilisation professionnelle, d\u00e9contract\u00e9e et industrielle.<\/p>\n<p class=\"\" data-start=\"2222\" data-end=\"2313\">???? <strong data-start=\"2225\" data-end=\"2244\">Paume renforc\u00e9e<\/strong><br data-start=\"2244\" data-end=\"2247\" \/>Zone renforc\u00e9e pour une protection et une adh\u00e9rence accrues lors de travaux difficiles.<\/p>\n<p class=\"\" data-start=\"2315\" data-end=\"2403\">???? <strong data-start=\"2318\" data-end=\"2340\">Poignet \u00e9lastique<\/strong><br data-start=\"2340\" data-end=\"2343\" \/>Emp\u00eache les d\u00e9bris de p\u00e9n\u00e9trer tout en garantissant une mise en place et un retrait faciles ainsi qu'un ajustement parfait.<\/p>","protected":false},"featured_media":8987,"comment_status":"closed","ping_status":"closed","template":"","meta":[],"product_brand":[35],"product_cat":[99,100],"product_tag":[116],"class_list":{"0":"post-8956","1":"product","2":"type-product","3":"status-publish","4":"has-post-thumbnail","6":"product_brand-ryinz","7":"product_cat-gloves","8":"product_cat-police-gloves","9":"product_tag-protective-gloves-for-law-enforcement","11":"first","12":"instock","13":"taxable","14":"shipping-taxable","15":"purchasable","16":"product-type-simple"},"_links":{"self":[{"href":"https:\/\/ryinz.cz\/velkoobchod\/fr\/wp-json\/wp\/v2\/product\/8956","targetHints":{"allow":["GET"]}}],"collection":[{"href":"https:\/\/ryinz.cz\/velkoobchod\/fr\/wp-json\/wp\/v2\/product"}],"about":[{"href":"https:\/\/ryinz.cz\/velkoobchod\/fr\/wp-json\/wp\/v2\/types\/product"}],"replies":[{"embeddable":true,"href":"https:\/\/ryinz.cz\/velkoobchod\/fr\/wp-json\/wp\/v2\/comments?post=8956"}],"wp:featuredmedia":[{"embeddable":true,"href":"https:\/\/ryinz.cz\/velkoobchod\/fr\/wp-json\/wp\/v2\/media\/8987"}],"wp:attachment":[{"href":"https:\/\/ryinz.cz\/velkoobchod\/fr\/wp-json\/wp\/v2\/media?parent=8956"}],"wp:term":[{"taxonomy":"product_brand","embeddable":true,"href":"https:\/\/ryinz.cz\/velkoobchod\/fr\/wp-json\/wp\/v2\/product_brand?post=8956"},{"taxonomy":"product_cat","embeddable":true,"href":"https:\/\/ryinz.cz\/velkoobchod\/fr\/wp-json\/wp\/v2\/product_cat?post=8956"},{"taxonomy":"product_tag","embeddable":true,"href":"https:\/\/ryinz.cz\/velkoobchod\/fr\/wp-json\/wp\/v2\/product_tag?post=8956"}],"curies":[{"name":"wp","href":"https:\/\/api.w.org\/{rel}","templated":true}]}}