{"id":8943,"date":"2025-06-22T15:22:08","date_gmt":"2025-06-22T15:22:08","guid":{"rendered":"https:\/\/ryinz.cz\/velkoobchod\/?post_type=product&#038;p=8943"},"modified":"2026-01-18T20:17:01","modified_gmt":"2026-01-18T20:17:01","slug":"ryinz-police-tactical-gloves-professional-protection-for-duty-security-and-shooting","status":"publish","type":"product","link":"https:\/\/ryinz.cz\/velkoobchod\/fr\/product\/ryinz-police-tactical-gloves-professional-protection-for-duty-security-and-shooting\/","title":{"rendered":"Gants tactiques de police Ryinz - Protection professionnelle pour le travail, la s\u00e9curit\u00e9 et le tir"},"content":{"rendered":"<p>Voici les gants tactiques Ryinz Police, con\u00e7us exclusivement pour les professionnels qui exigent une qualit\u00e9 sup\u00e9rieure, un confort et des performances in\u00e9gal\u00e9es. Que vous soyez membre des forces de police, militaire, agent de s\u00e9curit\u00e9, amateur de tir ou op\u00e9rateur tactique, ces gants offrent une protection, une dext\u00e9rit\u00e9 et une adh\u00e9rence exceptionnelles, exactement quand vous en avez le plus besoin.<\/p>\n<p>Fabriqu\u00e9s avec du cuir synth\u00e9tique de premi\u00e8re qualit\u00e9 et des coutures renforc\u00e9es, les gants Ryinz sont con\u00e7us pour r\u00e9sister \u00e0 une usure intense. Con\u00e7us sp\u00e9cialement pour les forces de l'ordre, l'arm\u00e9e et les missions tactiques, ces gants sont suffisamment robustes pour survivre aux conditions les plus difficiles sans compromettre le confort et la souplesse.<\/p>\n<p>La conception ergonomique garantit que chaque gant s'adapte comme une seconde peau, offrant une dext\u00e9rit\u00e9 sup\u00e9rieure pour la manipulation d'armes, d'appareils de communication et d'\u00e9quipements tactiques. Gr\u00e2ce au renforcement antid\u00e9rapant de la paume, les utilisateurs peuvent maintenir une prise ferme et assur\u00e9e, m\u00eame dans des environnements humides, huileux ou soumis \u00e0 de fortes contraintes.<\/p>\n<p>Les mat\u00e9riaux respirants et \u00e9vacuant l'humidit\u00e9 gardent vos mains s\u00e8ches et confortables pendant de longues heures d'utilisation. Le tissu extensible et flexible du revers s'adapte \u00e0 chaque mouvement, offrant une grande agilit\u00e9 et r\u00e9duisant la fatigue des mains lors d'op\u00e9rations prolong\u00e9es.<\/p>\n<p>Les gants tactiques Ryinz Police sont dot\u00e9s d'un poignet \u00e0 fermeture auto-agrippante, garantissant un ajustement parfait et personnalis\u00e9 pour chaque utilisateur. Faciles \u00e0 porter et \u00e0 retirer, ces gants permettent un d\u00e9ploiement rapide dans les moments critiques sans vous ralentir.<\/p>\n<p>En tant que fabricant, grossiste et fournisseur de premier plan, Ryinz est sp\u00e9cialis\u00e9 dans les gants de police, les gants de l'arm\u00e9e, les gants tactiques militaires, les gants de tir, les gants de s\u00e9curit\u00e9 et les gants de service pour les forces de l'ordre. Nous soutenons le commerce international en Europe, aux \u00c9tats-Unis et en Asie, en permettant aux marques, aux importateurs, aux grossistes et aux d\u00e9taillants de d\u00e9velopper leurs activit\u00e9s \u00e0 l'\u00e9chelle mondiale.<\/p>\n<p>Que vous soyez \u00e0 la recherche d'une impression de logo personnalis\u00e9e, d'un \u00e9tiquetage priv\u00e9, d'une fabrication en vrac ou de gants tactiques conformes aux normes europ\u00e9ennes pour votre marque, Ryinz est le moteur invisible de votre r\u00e9ussite.<\/p>\n<p>Notre mission est simple : Nous ouvrons des portes pour que vous puissiez conclure des ventes. Cela signifie un approvisionnement direct aupr\u00e8s des usines, des prix comp\u00e9titifs, une qualit\u00e9 constante et une livraison rapide dans le monde entier.<\/p>\n<p>Chaque gant Ryinz est fabriqu\u00e9 selon des normes strictes de contr\u00f4le de la qualit\u00e9, ce qui garantit une satisfaction maximale des clients, qu'ils soient grossistes ou d\u00e9taillants. Des conceptions personnalis\u00e9es, des services OEM et ODM et des options de petites quantit\u00e9s sont disponibles, ce qui fait de nous le partenaire id\u00e9al pour les marques et les magasins qui ciblent le march\u00e9 en pleine croissance des \u00e9quipements tactiques et des v\u00eatements de protection.<\/p>\n<p>Parfait pour :<\/p>\n<p>Patrouilles de police<\/p>\n<p>Missions militaires sur le terrain<\/p>\n<p>Op\u00e9rations des agences de s\u00e9curit\u00e9<\/p>\n<p>Unit\u00e9s tactiques des forces de l'ordre<\/p>\n<p>Sports de tir et entra\u00eenement<\/p>\n<p>Activit\u00e9s de survie en plein air<\/p>\n<p>Forces sp\u00e9ciales et \u00e9quipes SWAT<\/p>\n<p>\u2705 Caract\u00e9ristiques principales :<\/p>\n<p>Cuir synth\u00e9tique de premi\u00e8re qualit\u00e9 avec coutures renforc\u00e9es<\/p>\n<p>Poign\u00e9e antid\u00e9rapante pour le contr\u00f4le de l'arme<\/p>\n<p>Dos flexible et extensible pour une agilit\u00e9 optimale<\/p>\n<p>Int\u00e9rieur respirant et \u00e9vacuant la transpiration pour plus de confort<\/p>\n<p>Sangle Velcro ajustable pour le maintien du poignet<\/p>\n<p>Conception l\u00e9g\u00e8re mais r\u00e9sistante aux chocs<\/p>\n<p>Mati\u00e8res \u00e0 s\u00e9chage rapide, id\u00e9ales pour toutes les conditions m\u00e9t\u00e9orologiques<\/p>\n<p>Facile \u00e0 laver et \u00e0 entretenir<\/p>\n<p>Esth\u00e9tique tactique robuste avec la marque Ryinz<\/p>\n<p>Disponible pour le commerce de gros, le commerce de d\u00e9tail et les partenariats avec des marques priv\u00e9es.<\/p>\n<p>Logos et emballages personnalis\u00e9s disponibles sur demande<\/p>\n<p>Fabrication conforme aux normes de l'UE pour une distribution europ\u00e9enne sans heurts<\/p>\n<p>Con\u00e7u pour les professionnels qui ont besoin de fiabilit\u00e9 et de protection<\/p>\n<p>Parfait pour les magasins d'uniformes, les fournisseurs d'\u00e9quipements tactiques et les distributeurs d'\u00e9quipements de s\u00e9curit\u00e9.<\/p>","protected":false},"excerpt":{"rendered":"<p>\u2705 Caract\u00e9ristiques principales :<\/p>\n<p>Cuir synth\u00e9tique de premi\u00e8re qualit\u00e9 avec coutures renforc\u00e9es<\/p>\n<p>Poign\u00e9e antid\u00e9rapante pour le contr\u00f4le de l'arme<\/p>\n<p>Dos flexible et extensible pour une agilit\u00e9 optimale<\/p>\n<p>Int\u00e9rieur respirant et \u00e9vacuant la transpiration pour plus de confort<\/p>\n<p>Sangle Velcro ajustable pour le maintien du poignet<\/p>\n<p>Conception l\u00e9g\u00e8re mais r\u00e9sistante aux chocs<\/p>","protected":false},"featured_media":8982,"comment_status":"closed","ping_status":"closed","template":"","meta":[],"product_brand":[35],"product_cat":[99,100],"product_tag":[116],"class_list":{"0":"post-8943","1":"product","2":"type-product","3":"status-publish","4":"has-post-thumbnail","6":"product_brand-ryinz","7":"product_cat-gloves","8":"product_cat-police-gloves","9":"product_tag-protective-gloves-for-law-enforcement","11":"first","12":"instock","13":"taxable","14":"shipping-taxable","15":"purchasable","16":"product-type-simple"},"_links":{"self":[{"href":"https:\/\/ryinz.cz\/velkoobchod\/fr\/wp-json\/wp\/v2\/product\/8943","targetHints":{"allow":["GET"]}}],"collection":[{"href":"https:\/\/ryinz.cz\/velkoobchod\/fr\/wp-json\/wp\/v2\/product"}],"about":[{"href":"https:\/\/ryinz.cz\/velkoobchod\/fr\/wp-json\/wp\/v2\/types\/product"}],"replies":[{"embeddable":true,"href":"https:\/\/ryinz.cz\/velkoobchod\/fr\/wp-json\/wp\/v2\/comments?post=8943"}],"wp:featuredmedia":[{"embeddable":true,"href":"https:\/\/ryinz.cz\/velkoobchod\/fr\/wp-json\/wp\/v2\/media\/8982"}],"wp:attachment":[{"href":"https:\/\/ryinz.cz\/velkoobchod\/fr\/wp-json\/wp\/v2\/media?parent=8943"}],"wp:term":[{"taxonomy":"product_brand","embeddable":true,"href":"https:\/\/ryinz.cz\/velkoobchod\/fr\/wp-json\/wp\/v2\/product_brand?post=8943"},{"taxonomy":"product_cat","embeddable":true,"href":"https:\/\/ryinz.cz\/velkoobchod\/fr\/wp-json\/wp\/v2\/product_cat?post=8943"},{"taxonomy":"product_tag","embeddable":true,"href":"https:\/\/ryinz.cz\/velkoobchod\/fr\/wp-json\/wp\/v2\/product_tag?post=8943"}],"curies":[{"name":"wp","href":"https:\/\/api.w.org\/{rel}","templated":true}]}}