{"id":8941,"date":"2025-08-26T11:48:33","date_gmt":"2025-08-26T11:48:33","guid":{"rendered":"https:\/\/ryinz.cz\/velkoobchod\/?post_type=product&#038;p=8941"},"modified":"2026-01-18T20:17:00","modified_gmt":"2026-01-18T20:17:00","slug":"ryinz-tactical-work-gloves-heavy-duty-grip-armor","status":"publish","type":"product","link":"https:\/\/ryinz.cz\/velkoobchod\/fr\/product\/ryinz-tactical-work-gloves-heavy-duty-grip-armor\/","title":{"rendered":"Gants de travail tactiques Ryinz - Grip Armor \u00e0 usage intensif"},"content":{"rendered":"<ul>\n<li>\n<p class=\"\" data-start=\"332\" data-end=\"561\">Au <strong data-start=\"335\" data-end=\"344\">Ryinz<\/strong>, En tant que membre de la Commission europ\u00e9enne, nous aidons les fabricants, les marques et les acheteurs d'Europe, des \u00c9tats-Unis et d'Asie \u00e0 \u00e9tablir des liens solides entre les produits et le commerce international. Notre mission est d'ouvrir des portes pour que vous puissiez conclure les affaires les plus importantes.<\/p>\n<p class=\"\" data-start=\"563\" data-end=\"892\">Pr\u00e9sentation de la <strong data-start=\"579\" data-end=\"609\">Gants de travail tactiques Ryinz<\/strong> - Ces gants sont con\u00e7us pour les professionnels qui ont besoin d'une protection imbattable, d'une prise en main pr\u00e9cise et d'une durabilit\u00e9 \u00e0 toute \u00e9preuve. Que vous soyez dans le service militaire, les forces de l'ordre, la construction lourde, la moto ou les op\u00e9rations tactiques, ces gants vous offrent tout ce dont vous avez besoin pour r\u00e9ussir votre mission.<\/p>\n<p class=\"\" data-start=\"894\" data-end=\"1270\">Fabriqu\u00e9 \u00e0 partir d'un <strong data-start=\"909\" data-end=\"944\">coque synth\u00e9tique \u00e0 haute r\u00e9silience<\/strong> et pr\u00e9sentant <strong data-start=\"959\" data-end=\"996\">une armure en caoutchouc strat\u00e9giquement plac\u00e9e<\/strong> sur les articulations et les doigts, ces gants sont pr\u00eats \u00e0 affronter les environnements les plus rudes. Les gants <strong data-start=\"1084\" data-end=\"1110\">poign\u00e9e en silicone avanc\u00e9e<\/strong> sur la paume assure un contr\u00f4le sup\u00e9rieur, vous permettant de manipuler des outils, des armes, des machines ou des \u00e9quipements en toute confiance dans toutes les conditions - humides, s\u00e8ches, froides ou chaudes.<\/p>\n<p class=\"\" data-start=\"1272\" data-end=\"1578\"><strong data-start=\"1272\" data-end=\"1299\">Respirant et flexible<\/strong>, Les gants de travail tactiques Ryinz offrent un \u00e9quilibre parfait entre la libert\u00e9 de mouvement et la s\u00e9curit\u00e9 des mains sans compromis. Le design ajust\u00e9 et le soutien du poignet en font des gants id\u00e9aux pour une utilisation \u00e0 long terme, r\u00e9duisant la fatigue des mains lors d'op\u00e9rations lourdes.<\/p>\n<p class=\"\" data-start=\"1580\" data-end=\"1743\">Ces gants sont con\u00e7us pour le travail industriel, les sports de plein air, les op\u00e9rations militaires, les services de s\u00e9curit\u00e9, la randonn\u00e9e, la construction, l'\u00e9quitation, l'entra\u00eenement tactique, etc.<\/p>\n<p class=\"\" data-start=\"1745\" data-end=\"1987\"><strong data-start=\"1745\" data-end=\"1797\">Acheteurs en gros, d\u00e9taillants et marques tactiques<\/strong> peuvent compter sur Ryinz pour une personnalisation sans faille : ajoutez votre marque priv\u00e9e, choisissez des couleurs sp\u00e9ciales, demandez un emballage personnalis\u00e9 et construisez votre gamme de produits en vous appuyant sur l'excellence de la fabrication de Ryinz.<\/p>\n<p class=\"\" data-start=\"1989\" data-end=\"2140\">Con\u00e7us selon les normes europ\u00e9ennes et fabriqu\u00e9s avec passion, les gants de travail tactiques Ryinz se distinguent des autres, offrant une qualit\u00e9 in\u00e9gal\u00e9e \u00e0 des prix imbattables.<\/p>\n<hr class=\"\" data-start=\"2142\" data-end=\"2145\" \/>\n<h1 class=\"\" data-start=\"2147\" data-end=\"2181\">???? <strong data-start=\"2152\" data-end=\"2181\">Principales caract\u00e9ristiques et avantages<\/strong><\/h1>\n<p class=\"\" data-start=\"2183\" data-end=\"2305\">???? <strong data-start=\"2186\" data-end=\"2214\">Armure en caoutchouc \u00e0 fort impact<\/strong><br data-start=\"2214\" data-end=\"2217\" \/>Protection des doigts et des articulations contre les coups durs, les abrasions et les chocs intenses.<\/p>\n<p class=\"\" data-start=\"2307\" data-end=\"2414\">???? <strong data-start=\"2310\" data-end=\"2337\">Technologie d'adh\u00e9rence maximale<\/strong><br data-start=\"2337\" data-end=\"2340\" \/>Conception de la paume en maille de silicone pour une meilleure manipulation des outils, des armes et des machines.<\/p>\n<p class=\"\" data-start=\"2416\" data-end=\"2528\">???? <strong data-start=\"2419\" data-end=\"2453\">Tissu souple et respirant<\/strong><br data-start=\"2453\" data-end=\"2456\" \/>Permet de bouger librement les mains tout en les gardant au sec et au frais.<\/p>\n<p class=\"\" data-start=\"2530\" data-end=\"2638\">???? <strong data-start=\"2533\" data-end=\"2561\">Manchette ajustable Snug-Fit<\/strong><br data-start=\"2561\" data-end=\"2564\" \/>La sangle de poignet en velcro assure un maintien s\u00fbr pour \u00e9viter de glisser pendant l'action.<\/p>\n<p class=\"\" data-start=\"2640\" data-end=\"2755\">???? <strong data-start=\"2643\" data-end=\"2681\">Design ergonomique des doigts pr\u00e9-courb\u00e9s<\/strong><br data-start=\"2681\" data-end=\"2684\" \/>Imite la forme naturelle de la main pour un confort sup\u00e9rieur et une fatigue minimale.<\/p>\n<p class=\"\" data-start=\"2757\" data-end=\"2886\">???? <strong data-start=\"2760\" data-end=\"2793\">Performance multi-environnementale<\/strong><br data-start=\"2793\" data-end=\"2796\" \/>Id\u00e9al pour les terrains humides, poussi\u00e9reux, boueux et rocailleux - parfait pour une utilisation tactique et industrielle.<\/p>\n<p class=\"\" data-start=\"2888\" data-end=\"3026\">???? <strong data-start=\"2891\" data-end=\"2923\">Personnalisation compl\u00e8te disponible<\/strong><br data-start=\"2923\" data-end=\"2926\" \/>Ajoutez le logo de votre marque, le style d'emballage et les sp\u00e9cifications des gants gr\u00e2ce aux services d'\u00e9tiquetage priv\u00e9 de Ryinz.<\/p>\n<p class=\"\" data-start=\"3028\" data-end=\"3164\">???? <strong data-start=\"3031\" data-end=\"3054\">B2B Pr\u00eat pour la vente en gros<\/strong><br data-start=\"3054\" data-end=\"3057\" \/>Disponible pour les distributeurs, les grossistes, les importateurs et les fournisseurs tactiques en Europe et en Am\u00e9rique du Nord.<\/p>\n<p class=\"\" data-start=\"3166\" data-end=\"3270\">???? <strong data-start=\"3169\" data-end=\"3196\">Qualit\u00e9 des exportations de l'UE et des \u00c9tats-Unis<\/strong><br data-start=\"3196\" data-end=\"3199\" \/>Conforme aux normes europ\u00e9ennes pour les gants tactiques et professionnels.<\/p>\n<p class=\"\" data-start=\"3272\" data-end=\"3410\">???? <strong data-start=\"3275\" data-end=\"3304\">Durable, robuste, fiable<\/strong><br data-start=\"3304\" data-end=\"3307\" \/>Pr\u00eat pour une utilisation intensive par les soldats, les forces de l'ordre, les motards, les ing\u00e9nieurs, les m\u00e9caniciens et les amateurs d'activit\u00e9s de plein air.<\/p>\n<hr class=\"\" data-start=\"3412\" data-end=\"3415\" \/>\n<h1 class=\"\" data-start=\"3417\" data-end=\"3448\">???? <strong data-start=\"3422\" data-end=\"3448\">Sp\u00e9cifications des produits<\/strong><\/h1>\n<p class=\"\" data-start=\"3450\" data-end=\"3866\">- <strong data-start=\"3452\" data-end=\"3464\">Mat\u00e9riau<\/strong>: Polyester haute densit\u00e9 + Armure en caoutchouc + Poign\u00e9e en silicone<br data-start=\"3524\" data-end=\"3527\" \/>- <strong data-start=\"3529\" data-end=\"3539\">Couleurs<\/strong>: Marron militaire\/Noir (Personnalis\u00e9 sur demande)<br data-start=\"3580\" data-end=\"3583\" \/>- <strong data-start=\"3585\" data-end=\"3594\">Tailles<\/strong>: S, M, L, XL, XXL<br data-start=\"3612\" data-end=\"3615\" \/>- <strong data-start=\"3617\" data-end=\"3633\">Applications<\/strong>: Travail tactique, utilisation dans l'arm\u00e9e, construction lourde, conduite de moto, forces de s\u00e9curit\u00e9, randonn\u00e9e<br data-start=\"3726\" data-end=\"3729\" \/>- <strong data-start=\"3731\" data-end=\"3747\">Type de fermeture<\/strong>: Sangle velcro ajustable<br data-start=\"3772\" data-end=\"3775\" \/>- <strong data-start=\"3777\" data-end=\"3792\">Options OEM<\/strong>: Oui (logo, couleur, emballage)<br data-start=\"3822\" data-end=\"3825\" \/>- <strong data-start=\"3827\" data-end=\"3845\">Certifications<\/strong>: Conforme aux normes de s\u00e9curit\u00e9 de l'UE<\/p>\n<hr class=\"\" data-start=\"3868\" data-end=\"3871\" \/>\n<h1 class=\"\" data-start=\"3873\" data-end=\"3909\">???? <strong data-start=\"3878\" data-end=\"3909\">Acheteurs et secteurs d'activit\u00e9 id\u00e9aux<\/strong><\/h1>\n<p class=\"\" data-start=\"3911\" data-end=\"4169\">- Magasins d'\u00e9quipement tactique<br data-start=\"3932\" data-end=\"3935\" \/>- Distributeurs de v\u00eatements de travail<br data-start=\"3958\" data-end=\"3961\" \/>- Fournisseurs d'\u00e9quipements de s\u00e9curit\u00e9<br data-start=\"3991\" data-end=\"3994\" \/>- Grossistes en outils de construction<br data-start=\"4026\" data-end=\"4029\" \/>- Revendeurs de surplus militaires et de l'arm\u00e9e<br data-start=\"4064\" data-end=\"4067\" \/>- D\u00e9taillants de produits d'aventure en plein air<br data-start=\"4096\" data-end=\"4099\" \/>- Magasins tactiques de commerce \u00e9lectronique en ligne<br data-start=\"4134\" data-end=\"4137\" \/>- Europages et les places de march\u00e9 B2B<\/p>\n<\/li>\n<\/ul>","protected":false},"excerpt":{"rendered":"<ul>\n<li>\n<p class=\"\" data-start=\"2183\" data-end=\"2305\">???? <strong data-start=\"2186\" data-end=\"2214\">Armure en caoutchouc \u00e0 fort impact<\/strong><br data-start=\"2214\" data-end=\"2217\" \/>Protection des doigts et des articulations contre les coups durs, les abrasions et les chocs intenses.<\/p>\n<p class=\"\" data-start=\"2307\" data-end=\"2414\">???? <strong data-start=\"2310\" data-end=\"2337\">Technologie d'adh\u00e9rence maximale<\/strong><br data-start=\"2337\" data-end=\"2340\" \/>Conception de la paume en maille de silicone pour une meilleure manipulation des outils, des armes et des machines.<\/p>\n<p class=\"\" data-start=\"2416\" data-end=\"2528\">???? <strong data-start=\"2419\" data-end=\"2453\">Tissu souple et respirant<\/strong><br data-start=\"2453\" data-end=\"2456\" \/>Permet de bouger librement les mains tout en les gardant au sec et au frais.<\/p>\n<p class=\"\" data-start=\"2530\" data-end=\"2638\">???? <strong data-start=\"2533\" data-end=\"2561\">Manchette ajustable Snug-Fit<\/strong><br data-start=\"2561\" data-end=\"2564\" \/>La sangle de poignet en velcro assure un maintien s\u00fbr pour \u00e9viter de glisser pendant l'action.<\/p>\n<\/li>\n<\/ul>","protected":false},"featured_media":9002,"comment_status":"closed","ping_status":"closed","template":"","meta":[],"product_brand":[35],"product_cat":[99,100],"product_tag":[116],"class_list":{"0":"post-8941","1":"product","2":"type-product","3":"status-publish","4":"has-post-thumbnail","6":"product_brand-ryinz","7":"product_cat-gloves","8":"product_cat-police-gloves","9":"product_tag-protective-gloves-for-law-enforcement","11":"first","12":"instock","13":"taxable","14":"shipping-taxable","15":"purchasable","16":"product-type-simple"},"_links":{"self":[{"href":"https:\/\/ryinz.cz\/velkoobchod\/fr\/wp-json\/wp\/v2\/product\/8941","targetHints":{"allow":["GET"]}}],"collection":[{"href":"https:\/\/ryinz.cz\/velkoobchod\/fr\/wp-json\/wp\/v2\/product"}],"about":[{"href":"https:\/\/ryinz.cz\/velkoobchod\/fr\/wp-json\/wp\/v2\/types\/product"}],"replies":[{"embeddable":true,"href":"https:\/\/ryinz.cz\/velkoobchod\/fr\/wp-json\/wp\/v2\/comments?post=8941"}],"wp:featuredmedia":[{"embeddable":true,"href":"https:\/\/ryinz.cz\/velkoobchod\/fr\/wp-json\/wp\/v2\/media\/9002"}],"wp:attachment":[{"href":"https:\/\/ryinz.cz\/velkoobchod\/fr\/wp-json\/wp\/v2\/media?parent=8941"}],"wp:term":[{"taxonomy":"product_brand","embeddable":true,"href":"https:\/\/ryinz.cz\/velkoobchod\/fr\/wp-json\/wp\/v2\/product_brand?post=8941"},{"taxonomy":"product_cat","embeddable":true,"href":"https:\/\/ryinz.cz\/velkoobchod\/fr\/wp-json\/wp\/v2\/product_cat?post=8941"},{"taxonomy":"product_tag","embeddable":true,"href":"https:\/\/ryinz.cz\/velkoobchod\/fr\/wp-json\/wp\/v2\/product_tag?post=8941"}],"curies":[{"name":"wp","href":"https:\/\/api.w.org\/{rel}","templated":true}]}}