{"id":8940,"date":"2025-08-26T11:48:32","date_gmt":"2025-08-26T11:48:32","guid":{"rendered":"https:\/\/ryinz.cz\/velkoobchod\/?post_type=product&#038;p=8940"},"modified":"2026-01-18T20:16:59","modified_gmt":"2026-01-18T20:16:59","slug":"ryinz-tactical-motorbike-gloves-premium-armored-riding-gloves-for-men","status":"publish","type":"product","link":"https:\/\/ryinz.cz\/velkoobchod\/fr\/product\/ryinz-tactical-motorbike-gloves-premium-armored-riding-gloves-for-men\/","title":{"rendered":"Ryinz Tactical Motorbike Gloves - Gants d'\u00e9quitation blind\u00e9s de premi\u00e8re qualit\u00e9 pour hommes"},"content":{"rendered":"<p class=\"\" data-start=\"384\" data-end=\"866\">Au <strong data-start=\"387\" data-end=\"396\">Ryinz<\/strong>, Nous sommes convaincus de la n\u00e9cessit\u00e9 de cr\u00e9er des produits de haute performance qui non seulement r\u00e9pondent aux attentes de la communaut\u00e9 internationale des cavaliers, mais les d\u00e9passent. Notre sp\u00e9cialit\u00e9 consiste \u00e0 favoriser le commerce international en mettant en relation des fabricants passionn\u00e9s, des marques audacieuses et des acheteurs exigeants \u00e0 travers l'Europe, les \u00c9tats-Unis et l'Asie. Que vous souhaitiez cr\u00e9er une marque de vente au d\u00e9tail, vendre en gros du mat\u00e9riel de moto ou d\u00e9velopper votre marque de distributeur, Ryinz vous ouvre les portes du succ\u00e8s, afin que vous puissiez conclure vos ventes en toute confiance.<\/p>\n<p class=\"\" data-start=\"868\" data-end=\"1275\">Pr\u00e9sentation de la <strong data-start=\"884\" data-end=\"919\">Gants tactiques Ryinz pour motos<\/strong>, Ces gants sont con\u00e7us pour le motard intr\u00e9pide qui exige une protection sup\u00e9rieure, un confort maximal et un style d'avant-garde. Fabriqu\u00e9s avec des mat\u00e9riaux de pointe, ces gants combinent la robustesse du cuir v\u00e9ritable, la respirabilit\u00e9 du tissu en maille et la r\u00e9sistance aux chocs des plaques d'armure renforc\u00e9es - pour un produit pr\u00eat \u00e0 affronter aussi bien les rues urbaines que les aventures extr\u00eames.<\/p>\n<p class=\"\" data-start=\"1277\" data-end=\"1649\">Dot\u00e9s de protections dures moul\u00e9es pour les articulations, d'un rembourrage strat\u00e9gique de la paume et de panneaux flexibles pour les doigts, ces gants sont con\u00e7us pour les conduites \u00e0 grande vitesse, les op\u00e9rations tactiques, les randonn\u00e9es en moto, le motocross et les d\u00e9fis tout-terrain. Que vous soyez un motard d'aventure, un citadin ou un passionn\u00e9 de tactique, les gants de moto tactiques Ryinz sont con\u00e7us pour am\u00e9liorer votre conduite.<\/p>\n<p class=\"\" data-start=\"1651\" data-end=\"1982\">Des a\u00e9rations sp\u00e9cialement con\u00e7ues et des couches perfor\u00e9es gardent vos mains au frais m\u00eame pendant les longs trajets. La conception ergonomique des gants garantit des mouvements naturels, une meilleure dext\u00e9rit\u00e9 et une excellente prise en main du guidon, des armes, des outils ou du mat\u00e9riel. De plus, les fermetures Velcro ajustables aux poignets garantissent un ajustement s\u00fbr et personnalis\u00e9 \u00e0 chaque fois que vous vous \u00e9quipez.<\/p>\n<p class=\"\" data-start=\"1984\" data-end=\"2206\">Ryinz est synonyme de savoir-faire, de fiabilit\u00e9 et de connectivit\u00e9 mondiale. Nous offrons des services complets OEM, ODM et Private Label, des options de faible quantit\u00e9, des possibilit\u00e9s de personnalisation haut de gamme et un soutien imbattable en mati\u00e8re d'exp\u00e9dition internationale.<\/p>\n<p class=\"\" data-start=\"2208\" data-end=\"2273\">S'\u00e9quiper avec Ryinz - la force invisible qui se cache derri\u00e8re les marques qui m\u00e8nent.<\/p>\n<hr class=\"\" data-start=\"2275\" data-end=\"2278\" \/>\n<h1 class=\"\" data-start=\"2280\" data-end=\"2314\">???? <strong data-start=\"2285\" data-end=\"2314\">Principales caract\u00e9ristiques et avantages<\/strong><\/h1>\n<p class=\"\" data-start=\"2316\" data-end=\"2483\">???? <strong data-start=\"2319\" data-end=\"2353\">Protection ultime pour les cavaliers<\/strong><br data-start=\"2353\" data-end=\"2356\" \/>Des protections moul\u00e9es pour les articulations, les doigts et les poignets prot\u00e8gent vos mains contre les chocs, les \u00e9raflures et l'abrasion.<\/p>\n<p class=\"\" data-start=\"2485\" data-end=\"2633\">???? <strong data-start=\"2488\" data-end=\"2514\">M\u00e9lange de mat\u00e9riaux de premi\u00e8re qualit\u00e9<\/strong><br data-start=\"2514\" data-end=\"2517\" \/>Fabriqu\u00e9 en cuir v\u00e9ritable de haute qualit\u00e9, en maille synth\u00e9tique respirante et en tissus renforc\u00e9s r\u00e9sistants \u00e0 l'abrasion.<\/p>\n<p class=\"\" data-start=\"2635\" data-end=\"2799\">???? <strong data-start=\"2638\" data-end=\"2667\">Am\u00e9lioration des poign\u00e9es tactiques<\/strong><br data-start=\"2667\" data-end=\"2670\" \/>Le renforcement antid\u00e9rapant de la paume offre un contr\u00f4le sup\u00e9rieur pour les motos, les armes tactiques, les outils d'aventure et les manipulations quotidiennes.<\/p>\n<p class=\"\" data-start=\"2801\" data-end=\"2945\">???? <strong data-start=\"2804\" data-end=\"2837\">Ajustement ergonomique et flexibilit\u00e9<\/strong><br data-start=\"2837\" data-end=\"2840\" \/>Les doigts pr\u00e9-courb\u00e9s et les inserts \u00e9lastiques aux zones critiques assurent confort, flexibilit\u00e9 et mouvement naturel.<\/p>\n<p class=\"\" data-start=\"2947\" data-end=\"3081\">???? <strong data-start=\"2950\" data-end=\"2976\">Polyvalence en toutes saisons<\/strong><br data-start=\"2976\" data-end=\"2979\" \/>Parfait pour les randonn\u00e9es de printemps, d'\u00e9t\u00e9 et d'automne, avec des panneaux de ventilation qui gardent vos mains fra\u00eeches et s\u00e8ches.<\/p>\n<p class=\"\" data-start=\"3083\" data-end=\"3218\">???? <strong data-start=\"3086\" data-end=\"3112\">Capacit\u00e9 de l'\u00e9cran tactile<\/strong><br data-start=\"3112\" data-end=\"3115\" \/>Les bouts des doigts sensibles \u00e0 l'\u00e9cran tactile vous permettent d'utiliser vos appareils sans enlever vos gants.<\/p>\n<p class=\"\" data-start=\"3220\" data-end=\"3363\">???? <strong data-start=\"3223\" data-end=\"3252\">Fermeture r\u00e9glable s\u00e9curis\u00e9e<\/strong><br data-start=\"3252\" data-end=\"3255\" \/>La sangle de poignet en velcro avec une couverture \u00e9tendue assure un ajustement ferme qui reste en place, m\u00eame pendant les mouvements vigoureux.<\/p>\n<p class=\"\" data-start=\"3365\" data-end=\"3533\">???? <strong data-start=\"3368\" data-end=\"3398\">Look tactique professionnel<\/strong><br data-start=\"3398\" data-end=\"3401\" \/>Design robuste noir mat avec marquage Ryinz minimaliste - id\u00e9al pour les cavaliers tactiques, les styles d'inspiration militaire ou les guerriers urbains.<\/p>\n<p class=\"\" data-start=\"3535\" data-end=\"3699\">???? <strong data-start=\"3538\" data-end=\"3569\">Pr\u00eat pour les OEM et les marques priv\u00e9es<\/strong><br data-start=\"3569\" data-end=\"3572\" \/>Ryinz propose des solutions flexibles pour une image de marque personnalis\u00e9e, des conceptions sur mesure et des solutions d'emballage afin d'am\u00e9liorer votre pr\u00e9sence sur le march\u00e9.<\/p>\n<p class=\"\" data-start=\"3701\" data-end=\"3854\">???? <strong data-start=\"3704\" data-end=\"3730\">Normes certifi\u00e9es par l'UE<\/strong><br data-start=\"3730\" data-end=\"3733\" \/>Des produits con\u00e7us pour satisfaire ou d\u00e9passer les crit\u00e8res de qualit\u00e9 europ\u00e9ens les plus stricts, auxquels les professionnels et les passionn\u00e9s font confiance.<\/p>\n<hr class=\"\" data-start=\"3856\" data-end=\"3859\" \/>\n<h1 class=\"\" data-start=\"3861\" data-end=\"3892\">???? <strong data-start=\"3866\" data-end=\"3892\">Sp\u00e9cifications des produits<\/strong><\/h1>\n<p class=\"\" data-start=\"3894\" data-end=\"4340\">- <strong data-start=\"3896\" data-end=\"3909\">Mat\u00e9riaux<\/strong>: Cuir + Mesh respirant + TPU Knuckle Armor<br data-start=\"3956\" data-end=\"3959\" \/>- <strong data-start=\"3961\" data-end=\"3970\">Couleur<\/strong>: Tactique Noir Mat<br data-start=\"3992\" data-end=\"3995\" \/>- <strong data-start=\"3997\" data-end=\"4006\">Tailles<\/strong>: S, M, L, XL, XXL (taille standard europ\u00e9enne)<br data-start=\"4051\" data-end=\"4054\" \/>- <strong data-start=\"4056\" data-end=\"4075\">Utilisation recommand\u00e9e<\/strong>: Conduite de moto, motocross, missions tactiques, v\u00e9lo d'aventure, d\u00e9placements urbains, entra\u00eenement militaire, cyclisme, chasse.<br data-start=\"4196\" data-end=\"4199\" \/>- <strong data-start=\"4201\" data-end=\"4212\">Fermeture<\/strong>: Poignet r\u00e9glable par velcro<br data-start=\"4243\" data-end=\"4246\" \/>- <strong data-start=\"4248\" data-end=\"4271\">Fonctionnalit\u00e9 de l'\u00e9cran tactile<\/strong>: Oui<br data-start=\"4276\" data-end=\"4279\" \/>- <strong data-start=\"4281\" data-end=\"4304\">Personnalisation de la marque<\/strong>: Disponible (MOQ \u00e0 partir de 50 paires)<\/p>\n<hr class=\"\" data-start=\"4342\" data-end=\"4345\" \/>\n<h1 class=\"\" data-start=\"4347\" data-end=\"4380\">???? <strong data-start=\"4352\" data-end=\"4380\">March\u00e9s et acheteurs id\u00e9aux<\/strong><\/h1>\n<p class=\"\" data-start=\"4382\" data-end=\"4642\">- Distributeurs d'\u00e9quipements pour motocycles<br data-start=\"4412\" data-end=\"4415\" \/>- D\u00e9taillants d'\u00e9quipements tactiques<br data-start=\"4445\" data-end=\"4448\" \/>- Magasins de sports d'aventure<br data-start=\"4472\" data-end=\"4475\" \/>- Marques de v\u00eatements urbains<br data-start=\"4500\" data-end=\"4503\" \/>- Marques tactiques sous label priv\u00e9<br data-start=\"4534\" data-end=\"4537\" \/>- Vendeurs sur Amazon et eBay<br data-start=\"4562\" data-end=\"4565\" \/>- Acheteurs et grossistes B2B europ\u00e9ens<br data-start=\"4602\" data-end=\"4605\" \/>- March\u00e9s des activit\u00e9s de plein air et d'aventure aux \u00c9tats-Unis<\/p>\n<hr class=\"\" data-start=\"4644\" data-end=\"4647\" \/>\n<h1 class=\"\" data-start=\"4649\" data-end=\"4675\">???? <strong data-start=\"4654\" data-end=\"4675\">Pourquoi choisir Ryinz ?<\/strong><\/h1>\n<p class=\"\" data-start=\"4677\" data-end=\"4959\">- Prix direct du fabricant - Pas d'interm\u00e9diaires<br data-start=\"4721\" data-end=\"4724\" \/>- MOQ flexible - des petits lots aux chargements de conteneurs<br data-start=\"4778\" data-end=\"4781\" \/>- Services complets de personnalisation OEM\/ODM<br data-start=\"4818\" data-end=\"4821\" \/>- Production rapide et exp\u00e9dition dans le monde entier<br data-start=\"4861\" data-end=\"4864\" \/>- \u00c9quipe d'assistance professionnelle multilingue<br data-start=\"4904\" data-end=\"4907\" \/>- Plus de 20 ans d'expertise dans l'exportation d'\u00e9quipements de qualit\u00e9<\/p>\n<p class=\"\" data-start=\"4961\" data-end=\"5121\">Ryinz est votre partenaire de confiance pour \u00e9voluer avec assurance sur les march\u00e9s internationaux, en d\u00e9veloppant votre marque avec des produits con\u00e7us pour la performance, le style et la durabilit\u00e9.<\/p>","protected":false},"excerpt":{"rendered":"<p><strong>Caract\u00e9ristiques principales :<\/strong><\/p>\n<ul>\n<li><strong>Options de mat\u00e9riaux<\/strong>: Disponible en cuir de vachette, de ch\u00e8vre ou de mouton pour une durabilit\u00e9 et un confort sup\u00e9rieurs.<\/li>\n<li><strong>Ventilation<\/strong>: Les inserts en mesh pour la ventilation permettent de garder les mains au frais pendant les op\u00e9rations prolong\u00e9es, ce qui est parfait pour les professionnels de l'application de la loi dans les situations intenses.<\/li>\n<li><strong>Protection des articulations<\/strong>: Protection des articulations dures pour une d\u00e9fense accrue contre les chocs, garantissant la s\u00e9curit\u00e9 lors des missions tactiques.<\/li>\n<li><strong>Protection des doigts<\/strong>: Les embouts de protection sur les doigts offrent une durabilit\u00e9 et un renforcement suppl\u00e9mentaires.<\/li>\n<li><strong>Doublure<\/strong>: Options de doublure en polaire, Playboy ou Tricot pour le confort et l'isolation, convenant \u00e0 un large \u00e9ventail d'environnements.<\/li>\n<\/ul>\n<p><strong>Description du produit :<\/strong><\/p>\n<p>Le <strong>Gants de police Gillani - Protection des articulations dures et ventilation en maille (JPTG-0289)<\/strong> sont con\u00e7us pour offrir une protection, une durabilit\u00e9 et un confort maximums au personnel charg\u00e9 de l'application de la loi. Fabriqu\u00e9s en cuir de vachette, de ch\u00e8vre ou de mouton de premi\u00e8re qualit\u00e9, ces gants offrent une grande durabilit\u00e9 pour une utilisation prolong\u00e9e. Les inserts de ventilation en maille assurent la respirabilit\u00e9 dans les situations intenses, tandis que la protection des articulations dures prot\u00e8ge contre les impacts. Les embouts de protection renforc\u00e9s sur les doigts am\u00e9liorent la durabilit\u00e9, et la doublure confortable en polaire, Playboy ou Tricot assure un confort optimal dans diverses conditions m\u00e9t\u00e9orologiques. Ces gants sont id\u00e9aux pour les policiers qui recherchent une protection et des performances sup\u00e9rieures.<\/p>","protected":false},"featured_media":9018,"comment_status":"closed","ping_status":"closed","template":"","meta":[],"product_brand":[35],"product_cat":[99,100],"product_tag":[116],"class_list":{"0":"post-8940","1":"product","2":"type-product","3":"status-publish","4":"has-post-thumbnail","6":"product_brand-ryinz","7":"product_cat-gloves","8":"product_cat-police-gloves","9":"product_tag-protective-gloves-for-law-enforcement","11":"first","12":"instock","13":"taxable","14":"shipping-taxable","15":"purchasable","16":"product-type-simple"},"_links":{"self":[{"href":"https:\/\/ryinz.cz\/velkoobchod\/fr\/wp-json\/wp\/v2\/product\/8940","targetHints":{"allow":["GET"]}}],"collection":[{"href":"https:\/\/ryinz.cz\/velkoobchod\/fr\/wp-json\/wp\/v2\/product"}],"about":[{"href":"https:\/\/ryinz.cz\/velkoobchod\/fr\/wp-json\/wp\/v2\/types\/product"}],"replies":[{"embeddable":true,"href":"https:\/\/ryinz.cz\/velkoobchod\/fr\/wp-json\/wp\/v2\/comments?post=8940"}],"wp:featuredmedia":[{"embeddable":true,"href":"https:\/\/ryinz.cz\/velkoobchod\/fr\/wp-json\/wp\/v2\/media\/9018"}],"wp:attachment":[{"href":"https:\/\/ryinz.cz\/velkoobchod\/fr\/wp-json\/wp\/v2\/media?parent=8940"}],"wp:term":[{"taxonomy":"product_brand","embeddable":true,"href":"https:\/\/ryinz.cz\/velkoobchod\/fr\/wp-json\/wp\/v2\/product_brand?post=8940"},{"taxonomy":"product_cat","embeddable":true,"href":"https:\/\/ryinz.cz\/velkoobchod\/fr\/wp-json\/wp\/v2\/product_cat?post=8940"},{"taxonomy":"product_tag","embeddable":true,"href":"https:\/\/ryinz.cz\/velkoobchod\/fr\/wp-json\/wp\/v2\/product_tag?post=8940"}],"curies":[{"name":"wp","href":"https:\/\/api.w.org\/{rel}","templated":true}]}}