{"id":8937,"date":"2025-08-26T11:48:32","date_gmt":"2025-08-26T11:48:32","guid":{"rendered":"https:\/\/ryinz.cz\/velkoobchod\/?post_type=product&#038;p=8937"},"modified":"2026-01-18T20:16:58","modified_gmt":"2026-01-18T20:16:58","slug":"ryinz-tactical-shooting-gloves-outdoor-military-combat-gloves-for-professionals","status":"publish","type":"product","link":"https:\/\/ryinz.cz\/velkoobchod\/fr\/product\/ryinz-tactical-shooting-gloves-outdoor-military-combat-gloves-for-professionals\/","title":{"rendered":"Gants de tir tactique Ryinz - Gants de combat militaire pour professionnels en ext\u00e9rieur"},"content":{"rendered":"<p class=\"\" data-start=\"377\" data-end=\"832\">Au <strong data-start=\"380\" data-end=\"389\">Ryinz<\/strong>, Nous sommes plus qu'une simple marque - nous sommes le moteur invisible du commerce international \u00e0 travers l'Europe, les \u00c9tats-Unis et l'Asie. Nous mettons en relation des fabricants \u00e0 fort potentiel, des marques mondiales et des acheteurs s\u00e9rieux, en ouvrant des portes pour que vous puissiez conclure des affaires. Que vous soyez un grossiste, un d\u00e9taillant, un cr\u00e9ateur de marque ou un distributeur d'\u00e9quipement tactique, <strong data-start=\"718\" data-end=\"727\">Ryinz<\/strong> est \u00e0 vos c\u00f4t\u00e9s pour vous fournir des produits de qualit\u00e9 sup\u00e9rieure, con\u00e7us pour la performance, l'endurance et le succ\u00e8s mondial.<\/p>\n<p class=\"\" data-start=\"834\" data-end=\"1189\">Pr\u00e9sentation de la <strong data-start=\"850\" data-end=\"884\">Gants de tir tactiques Ryinz<\/strong>, Ces gants sont la fusion ultime d'une protection robuste, d'une agilit\u00e9 l\u00e9g\u00e8re et d'une performance test\u00e9e sur le champ de bataille. Con\u00e7us pour les op\u00e9rateurs tactiques, le personnel militaire, les forces de l'ordre, les motocyclistes, les tireurs, les amateurs d'airsoft et les aventuriers en plein air, ces gants \u00e9tablissent une nouvelle norme en mati\u00e8re d'\u00e9quipement tactique.<\/p>\n<p class=\"\" data-start=\"1191\" data-end=\"1619\">Con\u00e7us avec une combinaison durable de tissus synth\u00e9tiques renforc\u00e9s, de mailles respirantes et d'inserts en cuir de premi\u00e8re qualit\u00e9, ces gants offrent une dext\u00e9rit\u00e9 et une r\u00e9sistance aux chocs in\u00e9gal\u00e9es. Des protections moul\u00e9es strat\u00e9giquement plac\u00e9es sur les articulations et les doigts absorbent les chocs et prot\u00e8gent vos mains lors d'op\u00e9rations \u00e0 haut risque. La conception antid\u00e9rapante de la paume assure une meilleure prise sur les armes, les outils, le guidon et l'\u00e9quipement dans toutes les conditions m\u00e9t\u00e9orologiques.<\/p>\n<p class=\"\" data-start=\"1621\" data-end=\"2042\">La flexibilit\u00e9 rencontre la force - les gants de tir tactique Ryinz sont dot\u00e9s de zones \u00e9lastiques extensibles, de motifs ergonomiques d\u00e9coup\u00e9s avec pr\u00e9cision et de coutures renforc\u00e9es pour maximiser la mobilit\u00e9 de la main sans sacrifier la protection. Con\u00e7us pour les missions tactiques intenses, les sports de plein air, les balades en moto, les parties de chasse, les comp\u00e9titions de tir, les aventures de randonn\u00e9e et m\u00eame les trajets urbains, ces gants sont votre partenaire fid\u00e8le dans toutes ces situations.<\/p>\n<p class=\"\" data-start=\"2044\" data-end=\"2269\">Gr\u00e2ce aux bouts de doigts compatibles avec les \u00e9crans tactiles, vous pouvez rester connect\u00e9 sans enlever vos gants. La sangle de poignet r\u00e9glable en velcro garantit un ajustement personnalis\u00e9, maintenant les gants en place m\u00eame en cas d'action agressive.<\/p>\n<p class=\"\" data-start=\"2271\" data-end=\"2487\">Ryinz propose \u00e9galement des services complets d'OEM\/ODM et de marques priv\u00e9es aux entreprises d'Europe et d'Am\u00e9rique. Nous travaillons avec des MOQ flexibles, des conceptions personnalis\u00e9es, des logos sur mesure, des solutions d'emballage et une exp\u00e9dition rapide dans le monde entier.<\/p>\n<p class=\"\" data-start=\"2489\" data-end=\"2603\">Lib\u00e9rez tout votre potentiel avec <strong data-start=\"2522\" data-end=\"2556\">Gants de tir tactiques Ryinz<\/strong> - La confiance des guerriers, la conception des champions.<\/p>\n<hr class=\"\" data-start=\"2605\" data-end=\"2608\" \/>\n<h1 class=\"\" data-start=\"2610\" data-end=\"2644\">???? <strong data-start=\"2615\" data-end=\"2644\">Principales caract\u00e9ristiques et avantages<\/strong><\/h1>\n<p class=\"\" data-start=\"2646\" data-end=\"2778\">???? <strong data-start=\"2649\" data-end=\"2678\">Protection de niveau militaire<\/strong><br data-start=\"2678\" data-end=\"2681\" \/>Les protections avanc\u00e9es des articulations et des doigts prot\u00e8gent contre les impacts, les abrasions et les blessures.<\/p>\n<p class=\"\" data-start=\"2780\" data-end=\"2916\">???? <strong data-start=\"2783\" data-end=\"2812\">Performance de pr\u00e9hension sup\u00e9rieure<\/strong><br data-start=\"2812\" data-end=\"2815\" \/>La paume antid\u00e9rapante renforc\u00e9e permet d'am\u00e9liorer le maniement des armes, le contr\u00f4le des outils et la prise en main des motos.<\/p>\n<p class=\"\" data-start=\"2918\" data-end=\"3058\">???? <strong data-start=\"2921\" data-end=\"2945\">Conception \u00e0 haute mobilit\u00e9<\/strong><br data-start=\"2945\" data-end=\"2948\" \/>Les doigts pr\u00e9-courb\u00e9s et les panneaux flexibles permettent une gamme compl\u00e8te de mouvements pour des r\u00e9flexes rapides et des mouvements pr\u00e9cis.<\/p>\n<p class=\"\" data-start=\"3060\" data-end=\"3200\">???? <strong data-start=\"3063\" data-end=\"3093\">Construction l\u00e9g\u00e8re tactique<\/strong><br data-start=\"3093\" data-end=\"3096\" \/>Les mat\u00e9riaux l\u00e9gers concilient r\u00e9sistance et respirabilit\u00e9 pour un confort optimal lors des missions et des randonn\u00e9es prolong\u00e9es.<\/p>\n<p class=\"\" data-start=\"3202\" data-end=\"3334\">???? <strong data-start=\"3205\" data-end=\"3226\">Pr\u00eat pour l'\u00e9cran tactile<\/strong><br data-start=\"3226\" data-end=\"3229\" \/>L'index et le pouce sont compatibles avec les \u00e9crans tactiles, ce qui permet d'utiliser des smartphones, des GPS ou des tablettes sans les retirer.<\/p>\n<p class=\"\" data-start=\"3336\" data-end=\"3465\">???? <strong data-start=\"3339\" data-end=\"3359\">Ajustement personnalisable<\/strong><br data-start=\"3359\" data-end=\"3362\" \/>La fermeture velcro r\u00e9glable assure un ajustement parfait au poignet, \u00e9liminant la poussi\u00e8re et les d\u00e9bris et am\u00e9liorant le confort.<\/p>\n<p class=\"\" data-start=\"3467\" data-end=\"3616\">???? <strong data-start=\"3470\" data-end=\"3506\">Esth\u00e9tique tactique professionnelle<\/strong><br data-start=\"3506\" data-end=\"3509\" \/>Vert arm\u00e9e mat avec des d\u00e9tails tactiques noirs et le logo Ryinz - tranchant, autoritaire et \u00e9l\u00e9gant.<\/p>\n<p class=\"\" data-start=\"3618\" data-end=\"3757\">???? <strong data-start=\"3621\" data-end=\"3651\">Services OEM\/ODM disponibles<\/strong><br data-start=\"3651\" data-end=\"3654\" \/>Impression de logos personnalis\u00e9s, \u00e9tiquetage priv\u00e9 et options d'emballage sp\u00e9cial pour les clients en gros et les marques.<\/p>\n<p class=\"\" data-start=\"3759\" data-end=\"3907\">???? <strong data-start=\"3762\" data-end=\"3802\">Respect des normes de qualit\u00e9 de l'UE<\/strong><br data-start=\"3802\" data-end=\"3805\" \/>Des produits con\u00e7us et fabriqu\u00e9s pour d\u00e9passer les strictes r\u00e9glementations europ\u00e9ennes en mati\u00e8re d'\u00e9quipements de protection individuelle.<\/p>\n<p class=\"\" data-start=\"3909\" data-end=\"4104\">???? <strong data-start=\"3912\" data-end=\"3938\">Applications polyvalentes<\/strong><br data-start=\"3938\" data-end=\"3941\" \/>Parfait pour l'entra\u00eenement militaire, les missions tactiques, l'airsoft, le paintball, les sports de tir, la chasse, la survie en plein air, l'\u00e9quitation, le v\u00e9lo, le camping et les op\u00e9rations de s\u00e9curit\u00e9.<\/p>\n<hr class=\"\" data-start=\"4106\" data-end=\"4109\" \/>\n<h1 class=\"\" data-start=\"4111\" data-end=\"4142\">???? <strong data-start=\"4116\" data-end=\"4142\">Sp\u00e9cifications des produits<\/strong><\/h1>\n<p class=\"\" data-start=\"4144\" data-end=\"4595\">- <strong data-start=\"4146\" data-end=\"4159\">Mat\u00e9riaux<\/strong>: Tissu synth\u00e9tique renforc\u00e9 + empi\u00e8cements en cuir v\u00e9ritable + armure de poing dur<br data-start=\"4235\" data-end=\"4238\" \/>- <strong data-start=\"4240\" data-end=\"4249\">Couleur<\/strong>: Vert arm\u00e9e et noir<br data-start=\"4271\" data-end=\"4274\" \/>- <strong data-start=\"4276\" data-end=\"4285\">Tailles<\/strong>: S, M, L, XL, XXL (taille europ\u00e9enne)<br data-start=\"4321\" data-end=\"4324\" \/>- <strong data-start=\"4326\" data-end=\"4345\">Utilisation recommand\u00e9e<\/strong>: Tir tactique, chasse, aventure en plein air, airsoft, paintball, moto, activit\u00e9s de survie<br data-start=\"4447\" data-end=\"4450\" \/>- <strong data-start=\"4452\" data-end=\"4468\">Type de fermeture<\/strong>: Sangle velcro ajustable<br data-start=\"4493\" data-end=\"4496\" \/>- <strong data-start=\"4498\" data-end=\"4521\">Fonctionnalit\u00e9 de l'\u00e9cran tactile<\/strong>: Oui<br data-start=\"4526\" data-end=\"4529\" \/>- <strong data-start=\"4531\" data-end=\"4554\">Personnalisation de la marque<\/strong>: Disponible (Faible MOQ et d\u00e9lai d'ex\u00e9cution rapide)<\/p>\n<hr class=\"\" data-start=\"4597\" data-end=\"4600\" \/>\n<h1 class=\"\" data-start=\"4602\" data-end=\"4635\">???? <strong data-start=\"4607\" data-end=\"4635\">March\u00e9s et acheteurs id\u00e9aux<\/strong><\/h1>\n<p class=\"\" data-start=\"4637\" data-end=\"4938\">- Grossistes en \u00e9quipements tactiques<br data-start=\"4664\" data-end=\"4667\" \/>- Magasins d'\u00e9quipement pour l'aventure en plein air<br data-start=\"4702\" data-end=\"4705\" \/>- Fournisseurs du secteur militaire et de la s\u00e9curit\u00e9<br data-start=\"4738\" data-end=\"4741\" \/>- Vendeurs de mat\u00e9riel de stand de tir<br data-start=\"4775\" data-end=\"4778\" \/>- Distributeurs de mat\u00e9riel de chasse<br data-start=\"4805\" data-end=\"4808\" \/>- Revendeurs d'Airsoft et de Paintball<br data-start=\"4841\" data-end=\"4844\" \/>- D\u00e9taillants de sports de plein air en Europe et aux \u00c9tats-Unis<br data-start=\"4888\" data-end=\"4891\" \/>- Vendeurs de commerce \u00e9lectronique sur Amazon, eBay, Alibaba<\/p>\n<hr class=\"\" data-start=\"4940\" data-end=\"4943\" \/>\n<h1 class=\"\" data-start=\"4945\" data-end=\"4964\">???? <strong data-start=\"4950\" data-end=\"4964\">Pourquoi Ryinz ?<\/strong><\/h1>\n<p class=\"\" data-start=\"4966\" data-end=\"5308\">- Avantages du fabricant direct - Prix directs d'usine<br data-start=\"5022\" data-end=\"5025\" \/>- Capacit\u00e9s OEM\/ODM compl\u00e8tes - Votre marque, votre fa\u00e7on de faire<br data-start=\"5075\" data-end=\"5078\" \/>- Quantit\u00e9s minimales de commande r\u00e9duites - D\u00e9veloppez votre activit\u00e9<br data-start=\"5130\" data-end=\"5133\" \/>- Exp\u00e9dition rapide dans le monde entier - Europe, \u00c9tats-Unis, Asie couverte<br data-start=\"5184\" data-end=\"5187\" \/>- Assistance personnalis\u00e9e - Experts multilingues sur appel<br data-start=\"5240\" data-end=\"5243\" \/>- Plus de 20 ans d'exp\u00e9rience dans le secteur - Partenaire international de confiance<\/p>\n<hr class=\"\" data-start=\"5310\" data-end=\"5313\" \/>","protected":false},"excerpt":{"rendered":"<p class=\"\" data-start=\"2646\" data-end=\"2778\">???? <strong data-start=\"2649\" data-end=\"2678\">Protection de niveau militaire<\/strong><br data-start=\"2678\" data-end=\"2681\" \/>Les protections avanc\u00e9es des articulations et des doigts prot\u00e8gent contre les impacts, les abrasions et les blessures.<\/p>\n<p class=\"\" data-start=\"2780\" data-end=\"2916\">???? <strong data-start=\"2783\" data-end=\"2812\">Performance de pr\u00e9hension sup\u00e9rieure<\/strong><br data-start=\"2812\" data-end=\"2815\" \/>La paume antid\u00e9rapante renforc\u00e9e permet d'am\u00e9liorer le maniement des armes, le contr\u00f4le des outils et la prise en main des motos.<\/p>\n<p class=\"\" data-start=\"2918\" data-end=\"3058\">???? <strong data-start=\"2921\" data-end=\"2945\">Conception \u00e0 haute mobilit\u00e9<\/strong><br data-start=\"2945\" data-end=\"2948\" \/>Les doigts pr\u00e9-courb\u00e9s et les panneaux flexibles permettent une gamme compl\u00e8te de mouvements pour des r\u00e9flexes rapides et des mouvements pr\u00e9cis.<\/p>\n<p class=\"\" data-start=\"3060\" data-end=\"3200\">???? <strong data-start=\"3063\" data-end=\"3093\">Construction l\u00e9g\u00e8re tactique<\/strong><br data-start=\"3093\" data-end=\"3096\" \/>Les mat\u00e9riaux l\u00e9gers concilient r\u00e9sistance et respirabilit\u00e9 pour un confort optimal lors des missions et des randonn\u00e9es prolong\u00e9es.<\/p>\n<p class=\"\" data-start=\"3202\" data-end=\"3334\">???? <strong data-start=\"3205\" data-end=\"3226\">Pr\u00eat pour l'\u00e9cran tactile<\/strong><br data-start=\"3226\" data-end=\"3229\" \/>L'index et le pouce sont compatibles avec les \u00e9crans tactiles, ce qui permet d'utiliser des smartphones, des GPS ou des tablettes sans les retirer.<\/p>","protected":false},"featured_media":9354,"comment_status":"closed","ping_status":"closed","template":"","meta":[],"product_brand":[35],"product_cat":[99,100],"product_tag":[116],"class_list":{"0":"post-8937","1":"product","2":"type-product","3":"status-publish","4":"has-post-thumbnail","6":"product_brand-ryinz","7":"product_cat-gloves","8":"product_cat-police-gloves","9":"product_tag-protective-gloves-for-law-enforcement","11":"first","12":"instock","13":"taxable","14":"shipping-taxable","15":"purchasable","16":"product-type-simple"},"_links":{"self":[{"href":"https:\/\/ryinz.cz\/velkoobchod\/fr\/wp-json\/wp\/v2\/product\/8937","targetHints":{"allow":["GET"]}}],"collection":[{"href":"https:\/\/ryinz.cz\/velkoobchod\/fr\/wp-json\/wp\/v2\/product"}],"about":[{"href":"https:\/\/ryinz.cz\/velkoobchod\/fr\/wp-json\/wp\/v2\/types\/product"}],"replies":[{"embeddable":true,"href":"https:\/\/ryinz.cz\/velkoobchod\/fr\/wp-json\/wp\/v2\/comments?post=8937"}],"wp:featuredmedia":[{"embeddable":true,"href":"https:\/\/ryinz.cz\/velkoobchod\/fr\/wp-json\/wp\/v2\/media\/9354"}],"wp:attachment":[{"href":"https:\/\/ryinz.cz\/velkoobchod\/fr\/wp-json\/wp\/v2\/media?parent=8937"}],"wp:term":[{"taxonomy":"product_brand","embeddable":true,"href":"https:\/\/ryinz.cz\/velkoobchod\/fr\/wp-json\/wp\/v2\/product_brand?post=8937"},{"taxonomy":"product_cat","embeddable":true,"href":"https:\/\/ryinz.cz\/velkoobchod\/fr\/wp-json\/wp\/v2\/product_cat?post=8937"},{"taxonomy":"product_tag","embeddable":true,"href":"https:\/\/ryinz.cz\/velkoobchod\/fr\/wp-json\/wp\/v2\/product_tag?post=8937"}],"curies":[{"name":"wp","href":"https:\/\/api.w.org\/{rel}","templated":true}]}}