{"id":8936,"date":"2025-08-26T11:48:32","date_gmt":"2025-08-26T11:48:32","guid":{"rendered":"https:\/\/ryinz.cz\/velkoobchod\/?post_type=product&#038;p=8936"},"modified":"2026-01-18T20:16:57","modified_gmt":"2026-01-18T20:16:57","slug":"ryinz-military-tactical-assault-gloves-extreme-duty-protection","status":"publish","type":"product","link":"https:\/\/ryinz.cz\/velkoobchod\/fr\/product\/ryinz-military-tactical-assault-gloves-extreme-duty-protection\/","title":{"rendered":"Gants militaires tactiques d'assaut Ryinz - Protection extr\u00eame"},"content":{"rendered":"<p class=\"\" data-start=\"377\" data-end=\"584\"><strong data-start=\"377\" data-end=\"386\">Ryinz<\/strong> est la force motrice du commerce mondial, mettant en relation des fabricants, des marques et des acheteurs en gros \u00e0 fort potentiel \u00e0 travers l'Europe, les \u00c9tats-Unis et l'Asie. Notre mission est simple : ouvrir des portes pour votre r\u00e9ussite.<\/p>\n<p class=\"\" data-start=\"586\" data-end=\"931\">Pr\u00e9sentation de la <strong data-start=\"602\" data-end=\"644\">Gants militaires tactiques d'assaut Ryinz<\/strong> - une solution professionnelle pour les soldats, le personnel de s\u00e9curit\u00e9, les op\u00e9rateurs tactiques, les joueurs d'airsoft et les guerriers en plein air qui exigent des performances extr\u00eames dans toutes les situations. Ces gants sont con\u00e7us pour offrir une protection compl\u00e8te des mains sans compromettre la flexibilit\u00e9, la pr\u00e9hension ou le confort.<\/p>\n<p class=\"\" data-start=\"933\" data-end=\"1271\">Fabriqu\u00e9s \u00e0 partir de tissus synth\u00e9tiques renforc\u00e9s \u00e0 haute t\u00e9nacit\u00e9 et d'une armure r\u00e9sistante aux chocs, ces gants prot\u00e8gent vos articulations, vos doigts et vos paumes des chocs violents, des br\u00fblures par frottement, des coupures et de l'usure de l'\u00e9quipement lourd. Le prot\u00e8ge-joint robuste garantit que vos mains restent prot\u00e9g\u00e9es pendant les combats, les man\u0153uvres tactiques ou les activit\u00e9s de plein air extr\u00eames.<\/p>\n<p class=\"\" data-start=\"1273\" data-end=\"1547\"><strong data-start=\"1273\" data-end=\"1316\">Surface de la paume de la main antid\u00e9rapante<\/strong>, Gr\u00e2ce \u00e0 des coutures de pr\u00e9cision et \u00e0 des zones de tissu respirant, ces gants offrent une dext\u00e9rit\u00e9 maximale et un maniement sup\u00e9rieur des armes. Qu'il s'agisse du contr\u00f4le d'un fusil, de l'escalade ou d'un travail intensif sur le terrain, vous obtiendrez des performances sur lesquelles vous pouvez compter.<\/p>\n<p class=\"\" data-start=\"1549\" data-end=\"1837\">Con\u00e7u pour s'adapter \u00e0 plusieurs environnements, <strong data-start=\"1594\" data-end=\"1619\">Gants tactiques Ryinz<\/strong> r\u00e9sistent aux temp\u00eates de sable, \u00e0 la pluie, au froid et aux conditions les plus difficiles du champ de bataille, ce qui en fait un choix id\u00e9al pour les op\u00e9rations militaires, les missions des forces de l'ordre, les survivalistes, les parties d'airsoft et les exp\u00e9ditions de chasse.<\/p>\n<p class=\"\" data-start=\"1839\" data-end=\"2074\">Propos\u00e9s dans le cadre de solutions de marque priv\u00e9e et de programmes de vente en gros, ces gants sont pr\u00eats \u00e0 \u00eatre distribu\u00e9s imm\u00e9diatement en Europe et aux \u00c9tats-Unis. Personnalisez votre logo, choisissez vos couleurs pr\u00e9f\u00e9r\u00e9es et marquez votre ligne tactique avec Ryinz.<\/p>\n<p class=\"\" data-start=\"2076\" data-end=\"2155\">Faites confiance \u00e0 Ryinz - o\u00f9 chaque produit refl\u00e8te la force, la r\u00e9silience et la pr\u00e9paration.<\/p>\n<hr class=\"\" data-start=\"2157\" data-end=\"2160\" \/>\n<h1 class=\"\" data-start=\"2162\" data-end=\"2196\"><strong data-start=\"2167\" data-end=\"2196\">Principales caract\u00e9ristiques et avantages<\/strong><\/h1>\n<p class=\"\" data-start=\"2198\" data-end=\"2336\"><strong data-start=\"2201\" data-end=\"2235\">Protection des articulations de type armure<\/strong><br data-start=\"2235\" data-end=\"2238\" \/>Les prot\u00e8ge-joints moul\u00e9s rigides offrent une protection sup\u00e9rieure contre les impacts, l'abrasion et les menaces tactiques.<\/p>\n<p class=\"\" data-start=\"2338\" data-end=\"2473\"><strong data-start=\"2341\" data-end=\"2370\">Am\u00e9lioration de la prise en main et du contr\u00f4le<\/strong><br data-start=\"2370\" data-end=\"2373\" \/>La technologie antid\u00e9rapante de la paume garantit un contr\u00f4le maximal des armes, des v\u00e9hicules et des outils dans toutes les conditions.<\/p>\n<p class=\"\" data-start=\"2475\" data-end=\"2621\"><strong data-start=\"2478\" data-end=\"2514\">Construction respirante tactique<\/strong><br data-start=\"2514\" data-end=\"2517\" \/>Tissu l\u00e9ger, respirant et \u00e9vacuant l'humidit\u00e9 pour \u00e9viter la fatigue des mains lors d'op\u00e9rations prolong\u00e9es.<\/p>\n<p class=\"\" data-start=\"2623\" data-end=\"2756\"><strong data-start=\"2626\" data-end=\"2650\">Coutures renforc\u00e9es<\/strong><br data-start=\"2650\" data-end=\"2653\" \/>Les coutures doublement renforc\u00e9es ajoutent de la force aux points de tension critiques, garantissant une durabilit\u00e9 et une longue dur\u00e9e de vie.<\/p>\n<p class=\"\" data-start=\"2758\" data-end=\"2879\"><strong data-start=\"2761\" data-end=\"2796\">Fermeture r\u00e9glable et s\u00e9curis\u00e9e du poignet<\/strong><br data-start=\"2796\" data-end=\"2799\" \/>Les bandes de poignet en velcro permettent un ajustement personnalis\u00e9 et serr\u00e9 pour que les gants restent bien en place.<\/p>\n<p class=\"\" data-start=\"2881\" data-end=\"3017\"><strong data-start=\"2884\" data-end=\"2915\">Conception ergonomique pr\u00e9-courb\u00e9e<\/strong><br data-start=\"2915\" data-end=\"2918\" \/>Optimis\u00e9 pour une position naturelle de la main, favorisant le confort et la flexibilit\u00e9 lors d'activit\u00e9s intenses.<\/p>\n<p class=\"\" data-start=\"3019\" data-end=\"3145\"><strong data-start=\"3022\" data-end=\"3053\">Mat\u00e9riaux r\u00e9sistants aux intemp\u00e9ries<\/strong><br data-start=\"3053\" data-end=\"3056\" \/>R\u00e9siste \u00e0 la pluie, \u00e0 la boue et au sable pour maintenir l'adh\u00e9rence et les performances dans les environnements difficiles.<\/p>\n<p class=\"\" data-start=\"3147\" data-end=\"3270\"><strong data-start=\"3150\" data-end=\"3186\">Logo personnalis\u00e9 et \u00e9tiquetage priv\u00e9<\/strong><br data-start=\"3186\" data-end=\"3189\" \/>Ryinz propose des solutions compl\u00e8tes de marquage - votre logo, votre \u00e9tiquette, votre ligne tactique.<\/p>\n<p class=\"\" data-start=\"3272\" data-end=\"3416\"><strong data-start=\"3275\" data-end=\"3305\">Pr\u00eat pour la cha\u00eene d'approvisionnement B2B<\/strong><br data-start=\"3305\" data-end=\"3308\" \/>Parfait pour les grossistes, les services de police, les unit\u00e9s militaires, les soci\u00e9t\u00e9s de s\u00e9curit\u00e9 et les d\u00e9taillants de mat\u00e9riel de plein air.<\/p>\n<p class=\"\" data-start=\"3418\" data-end=\"3567\"><strong data-start=\"3421\" data-end=\"3461\">Conforme aux normes tactiques de l'UE<\/strong><br data-start=\"3461\" data-end=\"3464\" \/>Id\u00e9al pour les fournisseurs militaires europ\u00e9ens, les magasins tactiques, les distributeurs d'airsoft et les d\u00e9taillants d'articles de plein air am\u00e9ricains.<\/p>\n<hr class=\"\" data-start=\"3569\" data-end=\"3572\" \/>\n<h1 class=\"\" data-start=\"3574\" data-end=\"3605\"><strong data-start=\"3579\" data-end=\"3605\">Sp\u00e9cifications des produits<\/strong><\/h1>\n<p class=\"\" data-start=\"3607\" data-end=\"4063\">- <strong data-start=\"3609\" data-end=\"3621\">Mat\u00e9riau<\/strong>: Polyester haute r\u00e9sistance + cuir synth\u00e9tique + polycarbonate arm\u00e9<br data-start=\"3688\" data-end=\"3691\" \/>- <strong data-start=\"3693\" data-end=\"3702\">Couleur<\/strong>: Noir (couleurs personnalis\u00e9es disponibles)<br data-start=\"3735\" data-end=\"3738\" \/>- <strong data-start=\"3740\" data-end=\"3749\">Tailles<\/strong>: S, M, L, XL, XXL<br data-start=\"3767\" data-end=\"3770\" \/>- <strong data-start=\"3772\" data-end=\"3788\">Applications<\/strong>: Militaire, maintien de l'ordre, Airsoft, entra\u00eenement tactique, chasse, \u00e9quipement de survie, moto<br data-start=\"3878\" data-end=\"3881\" \/>- <strong data-start=\"3883\" data-end=\"3899\">Type de fermeture<\/strong>: Sangle r\u00e9glable par velcro<br data-start=\"3924\" data-end=\"3927\" \/>- <strong data-start=\"3929\" data-end=\"3949\">Zones de protection<\/strong>: jointures, paumes, doigts, dos de la main<br data-start=\"3989\" data-end=\"3992\" \/>- <strong data-start=\"3994\" data-end=\"4009\">Options OEM<\/strong>: Oui (\u00e9tiquette priv\u00e9e, couleurs personnalis\u00e9es, emballage personnalis\u00e9)<\/p>\n<hr class=\"\" data-start=\"4065\" data-end=\"4068\" \/>\n<h1 class=\"\" data-start=\"4070\" data-end=\"4108\"><strong data-start=\"4075\" data-end=\"4108\">Des acheteurs et des secteurs d'activit\u00e9 parfaits<\/strong><\/h1>\n<p class=\"\" data-start=\"4110\" data-end=\"4412\">- Fournisseurs d'\u00e9quipements tactiques et militaires<br data-start=\"4148\" data-end=\"4151\" \/>- Fournisseurs d'uniformes de s\u00e9curit\u00e9<br data-start=\"4179\" data-end=\"4182\" \/>- Magasins d'\u00e9quipement d'airsoft et de paintball<br data-start=\"4221\" data-end=\"4224\" \/>- Grossistes en mat\u00e9riel de survie<br data-start=\"4251\" data-end=\"4254\" \/>- D\u00e9taillants de produits d'aventure en plein air<br data-start=\"4283\" data-end=\"4286\" \/>- Fournisseurs d'articles de chasse et de tir<br data-start=\"4325\" data-end=\"4328\" \/>- Magasins tactiques de commerce \u00e9lectronique (Amazon, eBay, Shopify)<br data-start=\"4380\" data-end=\"4383\" \/>- Places de march\u00e9 B2B dans l'UE et aux \u00c9tats-Unis<\/p>","protected":false},"excerpt":{"rendered":"<p class=\"\" data-start=\"2198\" data-end=\"2336\"><strong data-start=\"2201\" data-end=\"2235\">Protection des articulations de type armure<\/strong><br data-start=\"2235\" data-end=\"2238\" \/>Les prot\u00e8ge-joints moul\u00e9s rigides offrent une protection sup\u00e9rieure contre les impacts, l'abrasion et les menaces tactiques.<\/p>\n<p class=\"\" data-start=\"2338\" data-end=\"2473\"><strong data-start=\"2341\" data-end=\"2370\">Am\u00e9lioration de la prise en main et du contr\u00f4le<\/strong><br data-start=\"2370\" data-end=\"2373\" \/>La technologie antid\u00e9rapante de la paume garantit un contr\u00f4le maximal des armes, des v\u00e9hicules et des outils dans toutes les conditions.<\/p>\n<p class=\"\" data-start=\"2475\" data-end=\"2621\"><strong data-start=\"2478\" data-end=\"2514\">Construction respirante tactique<\/strong><br data-start=\"2514\" data-end=\"2517\" \/>Tissu l\u00e9ger, respirant et \u00e9vacuant l'humidit\u00e9 pour \u00e9viter la fatigue des mains lors d'op\u00e9rations prolong\u00e9es.<\/p>\n<p class=\"\" data-start=\"2623\" data-end=\"2756\"><strong data-start=\"2626\" data-end=\"2650\">Coutures renforc\u00e9es<\/strong><br data-start=\"2650\" data-end=\"2653\" \/>Les coutures doublement renforc\u00e9es ajoutent de la force aux points de tension critiques, garantissant une durabilit\u00e9 et une longue dur\u00e9e de vie.<\/p>","protected":false},"featured_media":8981,"comment_status":"closed","ping_status":"closed","template":"","meta":[],"product_brand":[35],"product_cat":[99,100],"product_tag":[116],"class_list":{"0":"post-8936","1":"product","2":"type-product","3":"status-publish","4":"has-post-thumbnail","6":"product_brand-ryinz","7":"product_cat-gloves","8":"product_cat-police-gloves","9":"product_tag-protective-gloves-for-law-enforcement","11":"first","12":"instock","13":"taxable","14":"shipping-taxable","15":"purchasable","16":"product-type-simple"},"_links":{"self":[{"href":"https:\/\/ryinz.cz\/velkoobchod\/fr\/wp-json\/wp\/v2\/product\/8936","targetHints":{"allow":["GET"]}}],"collection":[{"href":"https:\/\/ryinz.cz\/velkoobchod\/fr\/wp-json\/wp\/v2\/product"}],"about":[{"href":"https:\/\/ryinz.cz\/velkoobchod\/fr\/wp-json\/wp\/v2\/types\/product"}],"replies":[{"embeddable":true,"href":"https:\/\/ryinz.cz\/velkoobchod\/fr\/wp-json\/wp\/v2\/comments?post=8936"}],"wp:featuredmedia":[{"embeddable":true,"href":"https:\/\/ryinz.cz\/velkoobchod\/fr\/wp-json\/wp\/v2\/media\/8981"}],"wp:attachment":[{"href":"https:\/\/ryinz.cz\/velkoobchod\/fr\/wp-json\/wp\/v2\/media?parent=8936"}],"wp:term":[{"taxonomy":"product_brand","embeddable":true,"href":"https:\/\/ryinz.cz\/velkoobchod\/fr\/wp-json\/wp\/v2\/product_brand?post=8936"},{"taxonomy":"product_cat","embeddable":true,"href":"https:\/\/ryinz.cz\/velkoobchod\/fr\/wp-json\/wp\/v2\/product_cat?post=8936"},{"taxonomy":"product_tag","embeddable":true,"href":"https:\/\/ryinz.cz\/velkoobchod\/fr\/wp-json\/wp\/v2\/product_tag?post=8936"}],"curies":[{"name":"wp","href":"https:\/\/api.w.org\/{rel}","templated":true}]}}