{"id":8935,"date":"2025-06-22T15:22:03","date_gmt":"2025-06-22T15:22:03","guid":{"rendered":"https:\/\/ryinz.cz\/velkoobchod\/?post_type=product&#038;p=8935"},"modified":"2026-01-18T20:16:56","modified_gmt":"2026-01-18T20:16:56","slug":"ryinz-high-impact-tpr-mechanics-gloves-anti-cut-oil-resistant-reinforced-grip-work-gloves-for-industrial-automotive-use","status":"publish","type":"product","link":"https:\/\/ryinz.cz\/velkoobchod\/fr\/product\/ryinz-high-impact-tpr-mechanics-gloves-anti-cut-oil-resistant-reinforced-grip-work-gloves-for-industrial-automotive-use\/","title":{"rendered":"RYINZ Gants de m\u00e9canicien en TPR \u00e0 fort impact - Gants de travail anti-coupure, r\u00e9sistants \u00e0 l'huile, \u00e0 prise renforc\u00e9e pour l'industrie et l'automobile"},"content":{"rendered":"<p class=\"\" data-start=\"332\" data-end=\"700\">Le <strong data-start=\"336\" data-end=\"378\">Gants de m\u00e9canicien RYINZ en TPR \u00e0 fort impact<\/strong> sont con\u00e7us pour les professionnels qui exigent une protection des mains de haute performance dans les conditions de travail les plus difficiles. Ces gants sont con\u00e7us pour faire face \u00e0 des t\u00e2ches rigoureuses dans les secteurs de l'automobile, de l'industrie, du p\u00e9trole et du gaz, de l'exploitation mini\u00e8re et de la m\u00e9canique lourde. Ils offrent un m\u00e9lange parfait de s\u00e9curit\u00e9, de durabilit\u00e9, de flexibilit\u00e9 et de visibilit\u00e9.<\/p>\n<p class=\"\" data-start=\"702\" data-end=\"1193\">Fabriqu\u00e9s avec des tissus jaune fluo et rouge haute visibilit\u00e9, ces gants garantissent que vos mains sont toujours visibles dans des conditions de faible luminosit\u00e9 ou de danger. Le dos des gants est \u00e9quip\u00e9 de <strong data-start=\"898\" data-end=\"956\">protections antichocs en TPR (caoutchouc thermoplastique) \u00e0 couverture totale<\/strong>, qui offrent une protection robuste sur les articulations, les doigts et les m\u00e9tacarpes. Chaque segment TPR est moul\u00e9 avec pr\u00e9cision et positionn\u00e9 strat\u00e9giquement pour absorber et d\u00e9vier les chocs, r\u00e9duisant ainsi les risques d'\u00e9crasement, de pincement et d'ecchymoses.<\/p>\n<p class=\"\" data-start=\"1195\" data-end=\"1579\">La paume de la main comporte un <strong data-start=\"1215\" data-end=\"1252\">base en cuir synth\u00e9tique renforc\u00e9<\/strong> avec des coutures robustes et un rembourrage en couches pour une plus grande durabilit\u00e9. Les zones de pr\u00e9hension sont recouvertes de mat\u00e9riaux textur\u00e9s qui assurent une prise ferme sur les outils, les machines et les surfaces glissantes, m\u00eame dans des conditions huileuses ou humides. A <strong data-start=\"1475\" data-end=\"1509\">doublure en Kevlar\u00ae \u00e0 double couture<\/strong> le long des zones de forte usure am\u00e9liore la r\u00e9sistance aux coupures et prolonge la dur\u00e9e de vie des gants.<\/p>\n<p class=\"\" data-start=\"1581\" data-end=\"1999\">Con\u00e7us dans un souci d'ergonomie, les gants offrent <strong data-start=\"1632\" data-end=\"1662\">excellente dext\u00e9rit\u00e9 des doigts<\/strong>, Les manchettes sont en acier inoxydable, ce qui permet de manipuler facilement de petites pi\u00e8ces ou d'effectuer des t\u00e2ches d\u00e9taill\u00e9es sans les enlever. Les poignets bien ajust\u00e9s sont dot\u00e9s de tirettes et de fermetures r\u00e9glables pour garantir un ajustement s\u00fbr et stable tout en emp\u00eachant les d\u00e9bris de p\u00e9n\u00e9trer dans le gant. Le tissu respirant du dos du gant et les zones extensibles le long des doigts r\u00e9duisent la fatigue des mains pendant les longues heures d'utilisation.<\/p>\n<p class=\"\" data-start=\"2001\" data-end=\"2185\">Que vous entreteniez des moteurs, utilisiez des outils \u00e9lectriques, travailliez sur des chantiers de construction ou accomplissiez des t\u00e2ches industrielles exigeantes, ces gants prot\u00e8gent vos mains et vous permettent d'\u00eatre productif.<\/p>\n<p class=\"\" data-start=\"2187\" data-end=\"2204\"><strong data-start=\"2187\" data-end=\"2204\">Caract\u00e9ristiques principales :<\/strong><\/p>\n<ul data-start=\"2205\" data-end=\"2550\">\n<li class=\"\" data-start=\"2205\" data-end=\"2246\">\n<p class=\"\" data-start=\"2207\" data-end=\"2246\">Protection contre les chocs TPR conforme \u00e0 la norme ANSI\/ISEA<\/p>\n<\/li>\n<li class=\"\" data-start=\"2247\" data-end=\"2304\">\n<p class=\"\" data-start=\"2249\" data-end=\"2304\">Combinaison de couleurs \u00e0 haute visibilit\u00e9 pour la s\u00e9curit\u00e9 sur le chantier<\/p>\n<\/li>\n<li class=\"\" data-start=\"2305\" data-end=\"2341\">\n<p class=\"\" data-start=\"2307\" data-end=\"2341\">Paume r\u00e9sistante \u00e0 l'huile et \u00e0 l'abrasion<\/p>\n<\/li>\n<li class=\"\" data-start=\"2342\" data-end=\"2374\">\n<p class=\"\" data-start=\"2344\" data-end=\"2374\">Zones de pr\u00e9hension renforc\u00e9es<\/p>\n<\/li>\n<li class=\"\" data-start=\"2375\" data-end=\"2421\">\n<p class=\"\" data-start=\"2377\" data-end=\"2421\">Dext\u00e9rit\u00e9 et sensibilit\u00e9 tactile sup\u00e9rieures<\/p>\n<\/li>\n<li class=\"\" data-start=\"2422\" data-end=\"2460\">\n<p class=\"\" data-start=\"2424\" data-end=\"2460\">Fermeture s\u00e9curis\u00e9e au poignet avec languette de traction<\/p>\n<\/li>\n<li class=\"\" data-start=\"2461\" data-end=\"2505\">\n<p class=\"\" data-start=\"2463\" data-end=\"2505\">Coutures doublement cousues pour plus de solidit\u00e9<\/p>\n<\/li>\n<li class=\"\" data-start=\"2506\" data-end=\"2550\">\n<p class=\"\" data-start=\"2508\" data-end=\"2550\">Convient \u00e0 une utilisation par tous les temps et en toutes saisons<\/p>\n<\/li>\n<\/ul>\n<p class=\"\" data-start=\"2552\" data-end=\"2578\"><strong data-start=\"2552\" data-end=\"2578\">Cas d'utilisation recommand\u00e9s :<\/strong><\/p>\n<ul data-start=\"2579\" data-end=\"2783\">\n<li class=\"\" data-start=\"2579\" data-end=\"2617\">\n<p class=\"\" data-start=\"2581\" data-end=\"2617\">M\u00e9canique et maintenance automobile<\/p>\n<\/li>\n<li class=\"\" data-start=\"2618\" data-end=\"2640\">\n<p class=\"\" data-start=\"2620\" data-end=\"2640\">Industrie du p\u00e9trole et du gaz<\/p>\n<\/li>\n<li class=\"\" data-start=\"2641\" data-end=\"2669\">\n<p class=\"\" data-start=\"2643\" data-end=\"2669\">Construction et charpenterie<\/p>\n<\/li>\n<li class=\"\" data-start=\"2670\" data-end=\"2698\">\n<p class=\"\" data-start=\"2672\" data-end=\"2698\">Manutention de machines lourdes<\/p>\n<\/li>\n<li class=\"\" data-start=\"2699\" data-end=\"2723\">\n<p class=\"\" data-start=\"2701\" data-end=\"2723\">Entrep\u00f4t et exp\u00e9dition<\/p>\n<\/li>\n<li class=\"\" data-start=\"2724\" data-end=\"2759\">\n<p class=\"\" data-start=\"2726\" data-end=\"2759\">Secours d'urgence et travaux d'utilit\u00e9 publique<\/p>\n<\/li>\n<li class=\"\" data-start=\"2760\" data-end=\"2783\">\n<p class=\"\" data-start=\"2762\" data-end=\"2783\">Exploitation mini\u00e8re et d\u00e9molition<\/p>\n<\/li>\n<\/ul>\n<p class=\"\" data-start=\"2785\" data-end=\"3043\">Propos\u00e9s en plusieurs tailles pour garantir un ajustement parfait, les gants de m\u00e9canicien RYINZ sont votre compagnon de confiance pour un travail s\u00fbr, confiant et efficace. Ils r\u00e9pondent aux normes de qualit\u00e9 internationales et peuvent \u00eatre personnalis\u00e9s avec le logo de votre marque dans le cadre de partenariats OEM\/ODM.<\/p>\n<p class=\"\" data-start=\"3045\" data-end=\"3228\"><strong data-start=\"3045\" data-end=\"3067\">Instructions d'entretien :<\/strong><br data-start=\"3067\" data-end=\"3070\" \/>Nettoyer avec un chiffon humide. Ne pas laver en machine. Conserver dans un endroit frais et sec. Remplacer les gants d\u00e8s que des signes d'usure ou de d\u00e9t\u00e9rioration sont visibles pour une protection optimale.<\/p>\n<p class=\"\" data-start=\"3230\" data-end=\"3463\">S'appuyant sur des d\u00e9cennies d'expertise en mati\u00e8re de fabrication et b\u00e9n\u00e9ficiant de la confiance des professionnels du monde entier, RYINZ offre une qualit\u00e9 et des performances constantes. Contactez-nous d\u00e8s aujourd'hui pour toute demande de renseignements sur la vente en gros, le d\u00e9veloppement personnalis\u00e9 ou les options d'\u00e9tiquetage priv\u00e9.<\/p>","protected":false},"excerpt":{"rendered":"<p>Con\u00e7us pour une protection extr\u00eame et une utilisation quotidienne, les gants de m\u00e9canicien RYINZ TPR combinent une r\u00e9sistance \u00e9lev\u00e9e aux chocs, une pr\u00e9cision de pr\u00e9hension et un confort tout au long de la journ\u00e9e dans un seul et m\u00eame mod\u00e8le robuste. Que vous travailliez dans des champs p\u00e9trolif\u00e8res, que vous r\u00e9pariez des moteurs ou que vous manipuliez des \u00e9quipements lourds, ces gants vous offrent la durabilit\u00e9 et la dext\u00e9rit\u00e9 dont vous avez besoin. Les protections TPR sur tout le dos prot\u00e8gent des chocs et des blessures, tandis que les zones de pr\u00e9hension textur\u00e9es de la paume garantissent que vous ne perdrez pas le contr\u00f4le de vos outils, m\u00eame dans des conditions glissantes. Avec des coutures renforc\u00e9es, des couleurs haute visibilit\u00e9 et une coupe ajust\u00e9e, ces gants vous aident \u00e0 travailler de mani\u00e8re plus intelligente et plus s\u00fbre - \u00e0 chaque poste, \u00e0 chaque t\u00e2che.<\/p>","protected":false},"featured_media":8976,"comment_status":"closed","ping_status":"closed","template":"","meta":[],"product_brand":[35],"product_cat":[82,83],"product_tag":[97,98],"class_list":{"0":"post-8935","1":"product","2":"type-product","3":"status-publish","4":"has-post-thumbnail","6":"product_brand-ryinz","7":"product_cat-mechanic-industrial-gloves","8":"product_cat-mechanics-gloves","9":"product_tag-en388-certified-gloves","10":"product_tag-neoprene-cuff-mechanics-gloves","12":"first","13":"instock","14":"taxable","15":"shipping-taxable","16":"purchasable","17":"product-type-simple"},"_links":{"self":[{"href":"https:\/\/ryinz.cz\/velkoobchod\/fr\/wp-json\/wp\/v2\/product\/8935","targetHints":{"allow":["GET"]}}],"collection":[{"href":"https:\/\/ryinz.cz\/velkoobchod\/fr\/wp-json\/wp\/v2\/product"}],"about":[{"href":"https:\/\/ryinz.cz\/velkoobchod\/fr\/wp-json\/wp\/v2\/types\/product"}],"replies":[{"embeddable":true,"href":"https:\/\/ryinz.cz\/velkoobchod\/fr\/wp-json\/wp\/v2\/comments?post=8935"}],"wp:featuredmedia":[{"embeddable":true,"href":"https:\/\/ryinz.cz\/velkoobchod\/fr\/wp-json\/wp\/v2\/media\/8976"}],"wp:attachment":[{"href":"https:\/\/ryinz.cz\/velkoobchod\/fr\/wp-json\/wp\/v2\/media?parent=8935"}],"wp:term":[{"taxonomy":"product_brand","embeddable":true,"href":"https:\/\/ryinz.cz\/velkoobchod\/fr\/wp-json\/wp\/v2\/product_brand?post=8935"},{"taxonomy":"product_cat","embeddable":true,"href":"https:\/\/ryinz.cz\/velkoobchod\/fr\/wp-json\/wp\/v2\/product_cat?post=8935"},{"taxonomy":"product_tag","embeddable":true,"href":"https:\/\/ryinz.cz\/velkoobchod\/fr\/wp-json\/wp\/v2\/product_tag?post=8935"}],"curies":[{"name":"wp","href":"https:\/\/api.w.org\/{rel}","templated":true}]}}